{"id":121256,"date":"2025-06-24T13:08:14","date_gmt":"2025-06-24T13:08:14","guid":{"rendered":"https:\/\/p4p.test\/trixie-worst-speeltje-aan-touw-hond"},"modified":"2026-03-25T12:09:33","modified_gmt":"2026-03-25T12:09:33","slug":"trixie-worst-speeltje-aan-touw-hond","status":"publish","type":"product","link":"https:\/\/www.pharmacy4pets.nl\/be\/trixie-worst-speeltje-aan-touw-hond","title":{"rendered":"Trixie worst speeltje aan touw | Hond"},"content":{"rendered":"<h1>Trixie worst speeltje aan touw<\/h1>\n<p>Verwen uw hond met dit Trixie speeltje in de vorm van een worst aan touw. Het hondenspeeltje is geluidloos en heeft een afmeting van 11 cm.<\/p>\n","protected":false},"excerpt":{"rendered":"<p>Trixie worst speeltje aan touw Verwen uw hond met dit Trixie speeltje in de vorm van een worst aan touw. Het hondenspeeltje is geluidloos en heeft een afmeting van 11 cm.<\/p>\n","protected":false},"featured_media":121254,"comment_status":"open","ping_status":"closed","template":"","meta":{"_acf_changed":false,"_nl_post_content":"<h1>Trixie worst speeltje aan touw<\/h1>\n<p>Verwen uw hond met dit Trixie speeltje in de vorm van een worst aan touw. Het hondenspeeltje is geluidloos en heeft een afmeting van 11 cm.<\/p>","_nl_post_name":"trixie-worst-speeltje-aan-touw-hond","_nl_post_excerpt":"","_nl_post_title":"Trixie worst speeltje aan touw | Hond","_en_post_content":"<h1>Trixie sausage toy on rope<\/h1>\n<p>Treat your dog to this Trixie toy in the shape of a sausage on a rope. The dog toy is silent and has a size of 11 cm.<\/p>","_en_post_name":"trixie-sausage-toy-on-rope-dog","_en_post_excerpt":"","_en_post_title":"Trixie sausage toy on rope | Dog","_de_post_content":"<h1>Trixie Wurstspielzeug am Seil<\/h1>\n<p>Verw\u00f6hnen Sie Ihren Hund mit diesem Trixie Spielzeug in Form einer Wurst am Seil. Das Hundespielzeug ist ger\u00e4uschlos und hat eine Gr\u00f6\u00dfe von 11 cm.<\/p>","_de_post_name":"trixie-wurstspielzeug-am-seil-hund","_de_post_excerpt":"","_de_post_title":"Trixie Wurstspielzeug am Seil | Hund","_fr_post_content":"<h1>Jouet Trixie saucisse sur corde<\/h1>\n<p>Offrez \u00e0 votre chien ce jouet Trixie en forme de saucisse sur corde. Ce jouet pour chien est silencieux et mesure 11 cm.<\/p>","_fr_post_name":"trixie-jouet-saucisse-sur-corde-chien","_fr_post_excerpt":"","_fr_post_title":"Jouet Trixie saucisse sur corde | Chien","_es_post_content":"<h1>Trixie juguete de salchicha en cuerda<\/h1>\n<p>Consiente a tu perro con este juguete Trixie con forma de salchicha sujeta con una cuerda. El juguete para perros es silencioso y mide 11 cm.<\/p>","_es_post_name":"trixie-juguete-de-salchicha-en-cuerda-perro","_es_post_excerpt":"","_es_post_title":"Trixie juguete de salchicha en cuerda | Perro","edit_language":"nl"},"product_brand":[],"product_cat":[1861,1117,1865,1857,1959],"product_tag":[],"class_list":{"0":"post-121256","1":"product","2":"type-product","3":"status-publish","4":"has-post-thumbnail","6":"product_cat-benodigdheden","7":"product_cat-honden","8":"product_cat-hondenspeelgoed","9":"product_cat-merken","10":"product_cat-trixie","11":"pa_aandoening-overig","12":"pa_doeldier-hond","13":"pa_fabricatieland-duitsland","14":"pa_merkfilter-trixie","15":"pa_merkgroep-trixie","16":"pa_productsoort-overig","17":"pa_toedieningswijze-speelgoed","18":"pa_unit_pricing_base_measure-1ct","19":"pa_unit_pricing_measure-1ct","20":"pa_werkzamestof-overig","22":"first","23":"instock","24":"taxable","25":"shipping-taxable","26":"purchasable","27":"product-type-simple"},"yoast_head":"<!-- This site is optimized with the Yoast SEO plugin v27.5 - https:\/\/yoast.com\/product\/yoast-seo-wordpress\/ -->\n<title>Trixie worst speeltje aan touw | Hond - Pharmacy4pets<\/title>\n<meta name=\"robots\" content=\"index, follow, max-snippet:-1, max-image-preview:large, max-video-preview:-1\" \/>\n<link rel=\"canonical\" href=\"https:\/\/www.pharmacy4pets.nl\/trixie-worst-speeltje-aan-touw-hond\" \/>\n<meta property=\"og:locale\" content=\"nl_NL\" \/>\n<meta property=\"og:type\" content=\"article\" \/>\n<meta property=\"og:title\" content=\"Trixie worst speeltje aan touw | Hond - Pharmacy4pets\" \/>\n<meta property=\"og:description\" content=\"Trixie worst speeltje aan touw Verwen uw hond met dit Trixie speeltje in de vorm van een worst aan touw. Het hondenspeeltje is geluidloos en heeft een afmeting van 11 cm.\" \/>\n<meta property=\"og:url\" content=\"https:\/\/www.pharmacy4pets.nl\/trixie-worst-speeltje-aan-touw-hond\" \/>\n<meta property=\"og:site_name\" content=\"Pharmacy4pets\" \/>\n<meta property=\"article:publisher\" content=\"https:\/\/www.facebook.com\/people\/Pharmacy4petsnl\/100063484989896\/\" \/>\n<meta property=\"article:modified_time\" content=\"2026-03-25T12:09:33+00:00\" \/>\n<meta property=\"og:image\" content=\"https:\/\/www.pharmacy4pets.nl\/wp-content\/uploads\/2025\/06\/PHO_PRO_CLIP_3242-1_SALL_AWK_V1.jpg\" \/>\n\t<meta property=\"og:image:width\" content=\"640\" \/>\n\t<meta property=\"og:image:height\" content=\"640\" \/>\n\t<meta property=\"og:image:type\" content=\"image\/jpeg\" \/>\n<meta name=\"twitter:card\" content=\"summary_large_image\" \/>\n<script type=\"application\/ld+json\" class=\"yoast-schema-graph\">{\"@context\":\"https:\\\/\\\/schema.org\",\"@graph\":[{\"@type\":\"WebPage\",\"@id\":\"https:\\\/\\\/www.pharmacy4pets.nl\\\/trixie-worst-speeltje-aan-touw-hond\",\"url\":\"https:\\\/\\\/www.pharmacy4pets.nl\\\/trixie-worst-speeltje-aan-touw-hond\",\"name\":\"Trixie worst speeltje aan touw | Hond - Pharmacy4pets\",\"isPartOf\":{\"@id\":\"http:\\\/\\\/www.pharmacy4pets.nl\\\/#website\"},\"primaryImageOfPage\":{\"@id\":\"https:\\\/\\\/www.pharmacy4pets.nl\\\/trixie-worst-speeltje-aan-touw-hond#primaryimage\"},\"image\":{\"@id\":\"https:\\\/\\\/www.pharmacy4pets.nl\\\/trixie-worst-speeltje-aan-touw-hond#primaryimage\"},\"thumbnailUrl\":\"https:\\\/\\\/www.pharmacy4pets.nl\\\/wp-content\\\/uploads\\\/2025\\\/06\\\/PHO_PRO_CLIP_3242-1_SALL_AWK_V1.jpg\",\"datePublished\":\"2025-06-24T13:08:14+00:00\",\"dateModified\":\"2026-03-25T12:09:33+00:00\",\"breadcrumb\":{\"@id\":\"https:\\\/\\\/www.pharmacy4pets.nl\\\/trixie-worst-speeltje-aan-touw-hond#breadcrumb\"},\"inLanguage\":\"nl-NL\",\"potentialAction\":[{\"@type\":\"ReadAction\",\"target\":[\"https:\\\/\\\/www.pharmacy4pets.nl\\\/trixie-worst-speeltje-aan-touw-hond\"]}]},{\"@type\":\"ImageObject\",\"inLanguage\":\"nl-NL\",\"@id\":\"https:\\\/\\\/www.pharmacy4pets.nl\\\/trixie-worst-speeltje-aan-touw-hond#primaryimage\",\"url\":\"https:\\\/\\\/www.pharmacy4pets.nl\\\/wp-content\\\/uploads\\\/2025\\\/06\\\/PHO_PRO_CLIP_3242-1_SALL_AWK_V1.jpg\",\"contentUrl\":\"https:\\\/\\\/www.pharmacy4pets.nl\\\/wp-content\\\/uploads\\\/2025\\\/06\\\/PHO_PRO_CLIP_3242-1_SALL_AWK_V1.jpg\",\"width\":640,\"height\":640,\"caption\":\"Trixie\"},{\"@type\":\"BreadcrumbList\",\"@id\":\"https:\\\/\\\/www.pharmacy4pets.nl\\\/trixie-worst-speeltje-aan-touw-hond#breadcrumb\",\"itemListElement\":[{\"@type\":\"ListItem\",\"position\":1,\"name\":\"Home\",\"item\":\"https:\\\/\\\/p4p-nl.bootmine.com\\\/\"},{\"@type\":\"ListItem\",\"position\":2,\"name\":\"Winkel\",\"item\":\"https:\\\/\\\/p4p-nl.bootmine.com\\\/winkel\"},{\"@type\":\"ListItem\",\"position\":3,\"name\":\"Trixie worst speeltje aan touw | Hond\"}]},{\"@type\":\"WebSite\",\"@id\":\"http:\\\/\\\/www.pharmacy4pets.nl\\\/#website\",\"url\":\"http:\\\/\\\/www.pharmacy4pets.nl\\\/\",\"name\":\"Pharmacy4pets\",\"description\":\"Pharmacy4pets.nl is d\u00e9 online apotheek waar u terecht kunt voor alle diergeneesmiddelen, verzorgingsproducten en dieetvoeding voor uw huisdier.\",\"publisher\":{\"@id\":\"http:\\\/\\\/www.pharmacy4pets.nl\\\/#organization\"},\"potentialAction\":[{\"@type\":\"SearchAction\",\"target\":{\"@type\":\"EntryPoint\",\"urlTemplate\":\"http:\\\/\\\/www.pharmacy4pets.nl\\\/?s={search_term_string}\"},\"query-input\":{\"@type\":\"PropertyValueSpecification\",\"valueRequired\":true,\"valueName\":\"search_term_string\"}}],\"inLanguage\":\"nl-NL\"},{\"@type\":\"Organization\",\"@id\":\"http:\\\/\\\/www.pharmacy4pets.nl\\\/#organization\",\"name\":\"Pharmacy4pets\",\"url\":\"http:\\\/\\\/www.pharmacy4pets.nl\\\/\",\"logo\":{\"@type\":\"ImageObject\",\"inLanguage\":\"nl-NL\",\"@id\":\"http:\\\/\\\/www.pharmacy4pets.nl\\\/#\\\/schema\\\/logo\\\/image\\\/\",\"url\":\"https:\\\/\\\/p4p-nl.bootmine.com\\\/wp-content\\\/uploads\\\/2026\\\/03\\\/logo-pharmacy4pets.png\",\"contentUrl\":\"https:\\\/\\\/p4p-nl.bootmine.com\\\/wp-content\\\/uploads\\\/2026\\\/03\\\/logo-pharmacy4pets.png\",\"width\":1024,\"height\":135,\"caption\":\"Pharmacy4pets\"},\"image\":{\"@id\":\"http:\\\/\\\/www.pharmacy4pets.nl\\\/#\\\/schema\\\/logo\\\/image\\\/\"},\"sameAs\":[\"https:\\\/\\\/www.facebook.com\\\/people\\\/Pharmacy4petsnl\\\/100063484989896\\\/\",\"https:\\\/\\\/www.youtube.com\\\/channel\\\/UCGPTIgucgli03tP2_kvLkHg\\\/featured\",\"https:\\\/\\\/www.instagram.com\\\/pharmacy4pets.nl\"]}]}<\/script>\n<!-- \/ Yoast SEO plugin. -->","yoast_head_json":{"title":"Trixie worst speeltje aan touw | Hond - Pharmacy4pets","robots":{"index":"index","follow":"follow","max-snippet":"max-snippet:-1","max-image-preview":"max-image-preview:large","max-video-preview":"max-video-preview:-1"},"canonical":"https:\/\/www.pharmacy4pets.nl\/trixie-worst-speeltje-aan-touw-hond","og_locale":"nl_NL","og_type":"article","og_title":"Trixie worst speeltje aan touw | Hond - Pharmacy4pets","og_description":"Trixie worst speeltje aan touw Verwen uw hond met dit Trixie speeltje in de vorm van een worst aan touw. Het hondenspeeltje is geluidloos en heeft een afmeting van 11 cm.","og_url":"https:\/\/www.pharmacy4pets.nl\/trixie-worst-speeltje-aan-touw-hond","og_site_name":"Pharmacy4pets","article_publisher":"https:\/\/www.facebook.com\/people\/Pharmacy4petsnl\/100063484989896\/","article_modified_time":"2026-03-25T12:09:33+00:00","og_image":[{"width":640,"height":640,"url":"https:\/\/www.pharmacy4pets.nl\/wp-content\/uploads\/2025\/06\/PHO_PRO_CLIP_3242-1_SALL_AWK_V1.jpg","type":"image\/jpeg"}],"twitter_card":"summary_large_image","schema":{"@context":"https:\/\/schema.org","@graph":[{"@type":"WebPage","@id":"https:\/\/www.pharmacy4pets.nl\/trixie-worst-speeltje-aan-touw-hond","url":"https:\/\/www.pharmacy4pets.nl\/trixie-worst-speeltje-aan-touw-hond","name":"Trixie worst speeltje aan touw | Hond - Pharmacy4pets","isPartOf":{"@id":"http:\/\/www.pharmacy4pets.nl\/#website"},"primaryImageOfPage":{"@id":"https:\/\/www.pharmacy4pets.nl\/trixie-worst-speeltje-aan-touw-hond#primaryimage"},"image":{"@id":"https:\/\/www.pharmacy4pets.nl\/trixie-worst-speeltje-aan-touw-hond#primaryimage"},"thumbnailUrl":"https:\/\/www.pharmacy4pets.nl\/wp-content\/uploads\/2025\/06\/PHO_PRO_CLIP_3242-1_SALL_AWK_V1.jpg","datePublished":"2025-06-24T13:08:14+00:00","dateModified":"2026-03-25T12:09:33+00:00","breadcrumb":{"@id":"https:\/\/www.pharmacy4pets.nl\/trixie-worst-speeltje-aan-touw-hond#breadcrumb"},"inLanguage":"nl-NL","potentialAction":[{"@type":"ReadAction","target":["https:\/\/www.pharmacy4pets.nl\/trixie-worst-speeltje-aan-touw-hond"]}]},{"@type":"ImageObject","inLanguage":"nl-NL","@id":"https:\/\/www.pharmacy4pets.nl\/trixie-worst-speeltje-aan-touw-hond#primaryimage","url":"https:\/\/www.pharmacy4pets.nl\/wp-content\/uploads\/2025\/06\/PHO_PRO_CLIP_3242-1_SALL_AWK_V1.jpg","contentUrl":"https:\/\/www.pharmacy4pets.nl\/wp-content\/uploads\/2025\/06\/PHO_PRO_CLIP_3242-1_SALL_AWK_V1.jpg","width":640,"height":640,"caption":"Trixie"},{"@type":"BreadcrumbList","@id":"https:\/\/www.pharmacy4pets.nl\/trixie-worst-speeltje-aan-touw-hond#breadcrumb","itemListElement":[{"@type":"ListItem","position":1,"name":"Home","item":"https:\/\/p4p-nl.bootmine.com\/"},{"@type":"ListItem","position":2,"name":"Winkel","item":"https:\/\/p4p-nl.bootmine.com\/winkel"},{"@type":"ListItem","position":3,"name":"Trixie worst speeltje aan touw | Hond"}]},{"@type":"WebSite","@id":"http:\/\/www.pharmacy4pets.nl\/#website","url":"http:\/\/www.pharmacy4pets.nl\/","name":"Pharmacy4pets","description":"Pharmacy4pets.nl is d\u00e9 online apotheek waar u terecht kunt voor alle diergeneesmiddelen, verzorgingsproducten en dieetvoeding voor uw huisdier.","publisher":{"@id":"http:\/\/www.pharmacy4pets.nl\/#organization"},"potentialAction":[{"@type":"SearchAction","target":{"@type":"EntryPoint","urlTemplate":"http:\/\/www.pharmacy4pets.nl\/?s={search_term_string}"},"query-input":{"@type":"PropertyValueSpecification","valueRequired":true,"valueName":"search_term_string"}}],"inLanguage":"nl-NL"},{"@type":"Organization","@id":"http:\/\/www.pharmacy4pets.nl\/#organization","name":"Pharmacy4pets","url":"http:\/\/www.pharmacy4pets.nl\/","logo":{"@type":"ImageObject","inLanguage":"nl-NL","@id":"http:\/\/www.pharmacy4pets.nl\/#\/schema\/logo\/image\/","url":"https:\/\/p4p-nl.bootmine.com\/wp-content\/uploads\/2026\/03\/logo-pharmacy4pets.png","contentUrl":"https:\/\/p4p-nl.bootmine.com\/wp-content\/uploads\/2026\/03\/logo-pharmacy4pets.png","width":1024,"height":135,"caption":"Pharmacy4pets"},"image":{"@id":"http:\/\/www.pharmacy4pets.nl\/#\/schema\/logo\/image\/"},"sameAs":["https:\/\/www.facebook.com\/people\/Pharmacy4petsnl\/100063484989896\/","https:\/\/www.youtube.com\/channel\/UCGPTIgucgli03tP2_kvLkHg\/featured","https:\/\/www.instagram.com\/pharmacy4pets.nl"]}]}},"market_data":{"nl":{"price":0,"sale_price":0,"active":false,"url":null,"parent_url":"","tax_rate":0,"price_inc_tax":0,"sale_price_inc_tax":0},"de":{"price":0,"sale_price":0,"active":false,"url":null,"parent_url":"","tax_rate":0,"price_inc_tax":0,"sale_price_inc_tax":0},"be":{"price":0,"sale_price":0,"active":false,"url":null,"parent_url":"","tax_rate":0,"price_inc_tax":0,"sale_price_inc_tax":0},"fr":{"price":0,"sale_price":0,"active":false,"url":null,"parent_url":"","tax_rate":0,"price_inc_tax":0,"sale_price_inc_tax":0},"ch":{"price":0,"sale_price":0,"active":false,"url":null,"parent_url":"","tax_rate":0,"price_inc_tax":0,"sale_price_inc_tax":0},"at":{"price":0,"sale_price":0,"active":false,"url":null,"parent_url":"","tax_rate":0,"price_inc_tax":0,"sale_price_inc_tax":0},"es":{"price":0,"sale_price":0,"active":false,"url":null,"parent_url":"","tax_rate":0,"price_inc_tax":0,"sale_price_inc_tax":0},"dk":{"price":0,"sale_price":0,"active":false,"url":null,"parent_url":"","tax_rate":0,"price_inc_tax":0,"sale_price_inc_tax":0},"com":{"price":0,"sale_price":0,"active":false,"url":null,"parent_url":"","tax_rate":0,"price_inc_tax":0,"sale_price_inc_tax":0}},"market_nl_price":0,"market_nl_sale_price":0,"market_nl_active":false,"market_nl_url":null,"market_nl_parent_url":"","market_nl_tax_rate":0,"market_nl_price_inc_tax":0,"market_nl_sale_price_inc_tax":0,"market_de_price":0,"market_de_sale_price":0,"market_de_active":false,"market_de_url":null,"market_de_parent_url":"","market_de_tax_rate":0,"market_de_price_inc_tax":0,"market_de_sale_price_inc_tax":0,"market_be_price":0,"market_be_sale_price":0,"market_be_active":false,"market_be_url":null,"market_be_parent_url":"","market_be_tax_rate":0,"market_be_price_inc_tax":0,"market_be_sale_price_inc_tax":0,"market_fr_price":0,"market_fr_sale_price":0,"market_fr_active":false,"market_fr_url":null,"market_fr_parent_url":"","market_fr_tax_rate":0,"market_fr_price_inc_tax":0,"market_fr_sale_price_inc_tax":0,"market_ch_price":0,"market_ch_sale_price":0,"market_ch_active":false,"market_ch_url":null,"market_ch_parent_url":"","market_ch_tax_rate":0,"market_ch_price_inc_tax":0,"market_ch_sale_price_inc_tax":0,"market_at_price":0,"market_at_sale_price":0,"market_at_active":false,"market_at_url":null,"market_at_parent_url":"","market_at_tax_rate":0,"market_at_price_inc_tax":0,"market_at_sale_price_inc_tax":0,"market_es_price":0,"market_es_sale_price":0,"market_es_active":false,"market_es_url":null,"market_es_parent_url":"","market_es_tax_rate":0,"market_es_price_inc_tax":0,"market_es_sale_price_inc_tax":0,"market_dk_price":0,"market_dk_sale_price":0,"market_dk_active":false,"market_dk_url":null,"market_dk_parent_url":"","market_dk_tax_rate":0,"market_dk_price_inc_tax":0,"market_dk_sale_price_inc_tax":0,"market_com_price":0,"market_com_sale_price":0,"market_com_active":false,"market_com_url":null,"market_com_parent_url":"","market_com_tax_rate":0,"market_com_price_inc_tax":0,"market_com_sale_price_inc_tax":0,"acf":[],"_links":{"self":[{"href":"https:\/\/www.pharmacy4pets.nl\/be\/wp-json\/wp\/v2\/product\/121256","targetHints":{"allow":["GET"]}}],"collection":[{"href":"https:\/\/www.pharmacy4pets.nl\/be\/wp-json\/wp\/v2\/product"}],"about":[{"href":"https:\/\/www.pharmacy4pets.nl\/be\/wp-json\/wp\/v2\/types\/product"}],"replies":[{"embeddable":true,"href":"https:\/\/www.pharmacy4pets.nl\/be\/wp-json\/wp\/v2\/comments?post=121256"}],"wp:featuredmedia":[{"embeddable":true,"href":"https:\/\/www.pharmacy4pets.nl\/be\/wp-json\/wp\/v2\/media\/121254"}],"wp:attachment":[{"href":"https:\/\/www.pharmacy4pets.nl\/be\/wp-json\/wp\/v2\/media?parent=121256"}],"wp:term":[{"taxonomy":"product_brand","embeddable":true,"href":"https:\/\/www.pharmacy4pets.nl\/be\/wp-json\/wp\/v2\/product_brand?post=121256"},{"taxonomy":"product_cat","embeddable":true,"href":"https:\/\/www.pharmacy4pets.nl\/be\/wp-json\/wp\/v2\/product_cat?post=121256"},{"taxonomy":"product_tag","embeddable":true,"href":"https:\/\/www.pharmacy4pets.nl\/be\/wp-json\/wp\/v2\/product_tag?post=121256"}],"curies":[{"name":"wp","href":"https:\/\/api.w.org\/{rel}","templated":true}]}}