{"id":121251,"date":"2025-06-12T11:08:52","date_gmt":"2025-06-12T11:08:52","guid":{"rendered":"https:\/\/p4p.test\/sectolin-nervo-hond"},"modified":"2026-03-25T12:09:32","modified_gmt":"2026-03-25T12:09:32","slug":"sectolin-nervo-hond","status":"publish","type":"product","link":"https:\/\/www.pharmacy4pets.nl\/be\/sectolin-nervo-hond","title":{"rendered":"Sectolin Nervo hond | 100 tabletten"},"content":{"rendered":"<h1>Sectolin Nervo hond<\/h1>\n<p>Sectolin Nervo voor honden is een mineraalvoeder dat ondersteunt bij\u00a0stress of spanning, zonder suf te maken. Denk aan stresssituaties zoals vuurwerk, onweer, een dierenartsbezoek, verhuizing of tijdens reizen.<\/p>\n<p>Het zijn smakelijke, deelbare tabletten op basis van vitaminen, mineralen en kruiden. De tabletten bevatten:<\/p>\n<ul>\n<li>Magnesium<\/li>\n<li>Valeriaan<\/li>\n<li>L-Trytofaan<\/li>\n<li>Hop<\/li>\n<\/ul>\n<p><u>Dosering<\/u><\/p>\n<p>Dagelijks 1 tablet per 10 kg lichaamsgewicht.<br \/>Gebruik minimaal 2 weken voor het beste resultaat.<\/p>\n<p>Bij acute stresssituaties mag de dosering tijdelijk verdubbeld worden.<\/p>\n<p><u>Bewaren<\/u><\/p>\n<p>Koel en droog bewaren.<\/p>\n","protected":false},"excerpt":{"rendered":"<p>Sectolin Nervo hond Sectolin Nervo voor honden is een mineraalvoeder dat ondersteunt bij\u00a0stress of spanning, zonder suf te maken. Denk aan stresssituaties zoals vuurwerk, onweer, een dierenartsbezoek, verhuizing of tijdens reizen. Het zijn smakelijke, deelbare tabletten op basis van vitaminen, mineralen en kruiden. De tabletten bevatten: Magnesium Valeriaan L-Trytofaan Hop Dosering Dagelijks 1 tablet per [&hellip;]<\/p>\n","protected":false},"featured_media":121250,"comment_status":"open","ping_status":"closed","template":"","meta":{"_acf_changed":false,"_nl_post_content":"<h1>Sectolin Nervo hond<\/h1>\n<p>Sectolin Nervo voor honden is een mineraalvoeder dat ondersteunt bij\u00a0stress of spanning, zonder suf te maken. Denk aan stresssituaties zoals vuurwerk, onweer, een dierenartsbezoek, verhuizing of tijdens reizen.<\/p>\n<p>Het zijn smakelijke, deelbare tabletten op basis van vitaminen, mineralen en kruiden. De tabletten bevatten:<\/p>\n<ul>\n<li>Magnesium<\/li>\n<li>Valeriaan<\/li>\n<li>L-Trytofaan<\/li>\n<li>Hop<\/li>\n<\/ul>\n<p><u>Dosering<\/u><\/p>\n<p>Dagelijks 1 tablet per 10 kg lichaamsgewicht.<br \/>Gebruik minimaal 2 weken voor het beste resultaat.<\/p>\n<p>Bij acute stresssituaties mag de dosering tijdelijk verdubbeld worden.<\/p>\n<p><u>Bewaren<\/u><\/p>\n<p>Koel en droog bewaren.<\/p>","_nl_post_name":"sectolin-nervo-hond","_nl_post_excerpt":"","_nl_post_title":"Sectolin Nervo hond | 100 tabletten","_en_post_content":"<h1>Sectolin Nervo dog<\/h1>\n<p>Sectolin Nervo for dogs is a mineral feed that supports in case of stress or tension, without making them drowsy. Think of stress situations such as fireworks, thunderstorms, a vet visit, moving house or during travel.<\/p>\n<p>They are tasty, divisible tablets based on vitamins, minerals and herbs. The tablets contain:<\/p>\n<ul>\n<li>Magnesium<\/li>\n<li>Valerian<\/li>\n<li>L-Trytophan<\/li>\n<li>Hops<\/li>\n<\/ul>\n<p><u>Dosage<\/u><\/p>\n<p>Daily 1 tablet per 10 kg of body weight.<br \/>Use for a minimum of 2 weeks for best results.<\/p>\n<p>In acute stress situations, the dose may be temporarily doubled.<\/p>\n<p><u>Storage<\/u><\/p>\n<p>Store in a cool and dry place.<\/p>","_en_post_name":"sectolin-nervo-dog","_en_post_excerpt":"","_en_post_title":"Sectolin Nervo dog | 100 tablets","_de_post_content":"<h1>Sectolin Nervo Hund<\/h1>\n<p>Sectolin Nervo f\u00fcr Hunde ist ein Mineralfutter, das bei Stress und Anspannung unterst\u00fctzt, ohne schl\u00e4frig zu machen. Denken Sie an Stresssituationen wie Feuerwerk, Gewitter, einen Tierarztbesuch, einen Umzug oder auf Reisen.<\/p>\n<p>Es handelt sich um schmackhafte, teilbare Tabletten auf der Basis von Vitaminen, Mineralien und Kr\u00e4utern. Die Tabletten enthalten:<\/p>\n<ul>\n<li>Magnesium<\/li>\n<li>Baldrian<\/li>\n<li>L-Trytophan<\/li>\n<li>Hopfen<\/li>\n<\/ul>\n<p><u>Dosierung<\/u><\/p>\n<p>T\u00e4glich 1 Tablette pro 10 kg K\u00f6rpergewicht.<br \/>Verwenden Sie mindestens 2 Wochen f\u00fcr beste Ergebnisse.<\/p>\n<p>In akuten Stresssituationen darf die Dosis vor\u00fcbergehend verdoppelt werden.<\/p>\n<p><u>Lagerung<\/u><\/p>\n<p>An einem k\u00fchlen und trockenen Ort aufbewahren.<\/p>","_de_post_name":"sectolin-nervo-hund","_de_post_excerpt":"","_de_post_title":"Sectolin Nervo Hund | 100 Tabletten","_fr_post_content":"<h1>Sectolin Nervo chien<\/h1>\n<p>Sectolin Nervo pour chiens est un aliment min\u00e9ral qui soutient les chiens en cas de stress ou de tension, sans les rendre somnolents. Pensez aux situations de stress telles que les feux d'artifice, les orages, les visites chez le v\u00e9t\u00e9rinaire, les d\u00e9m\u00e9nagements ou les voyages.<\/p>\n<p>Il s'agit de comprim\u00e9s savoureux et divisibles \u00e0 base de vitamines, de min\u00e9raux et d'herbes. Les comprim\u00e9s contiennent :<\/p>\n<ul>\n<li>Magn\u00e9sium<\/li>\n<li>Val\u00e9riane<\/li>\n<li>L-Trytophane<\/li>\n<li>Houblon<\/li>\n<\/ul>\n<p><u>Dosage<\/u><\/p>\n<p>1 comprim\u00e9 par jour pour 10 kg de poids corporel.<br \/>Utiliser pendant au moins 2 semaines pour de meilleurs r\u00e9sultats.<\/p>\n<p>Dans les situations de stress aigu, la dose peut \u00eatre temporairement doubl\u00e9e.<\/p>\n<p><u>Conservation<\/u><\/p>\n<p>\u00c0 conserver dans un endroit frais et sec.<\/p>","_fr_post_name":"sectolin-nervo-chien","_fr_post_excerpt":"","_fr_post_title":"Sectolin Nervo chien | 100 comprim\u00e9s","_es_post_content":"<h1>Sectolin Nervo perro<\/h1>\n<p>Sectolin Nervo para perros es un pienso mineral que ayuda en caso de estr\u00e9s o tensi\u00f3n, sin producir somnolencia. Piense en situaciones de estr\u00e9s como fuegos artificiales, tormentas el\u00e9ctricas, una visita al veterinario, una mudanza o durante un viaje.<\/p>\n<p>Son sabrosos comprimidos divisibles a base de vitaminas, minerales y hierbas. Los comprimidos contienen<\/p>\n<ul>\n<li>Magnesio<\/li>\n<li>Valeriana<\/li>\n<li>L-Tript\u00f3fano<\/li>\n<li>L\u00fapulo<\/li>\n<\/ul>\n<p><u>Posolog\u00eda<\/u><\/p>\n<p>1 comprimido al d\u00eda por cada 10 kg de peso corporal.<br \/>Utilizar durante un m\u00ednimo de 2 semanas para obtener mejores resultados.<\/p>\n<p>En situaciones de estr\u00e9s agudo, la dosis puede duplicarse temporalmente.<\/p>\n<p><u>Conservaci\u00f3n<\/u><\/p>\n<p>Conservar en lugar fresco y seco.<\/p>","_es_post_name":"sectolin-nervo-perro","_es_post_excerpt":"","_es_post_title":"Sectolin Nervo perro | 100 pastillas","edit_language":"nl"},"product_brand":[],"product_cat":[1984,1117,1839,1857,2087,1854],"product_tag":[],"class_list":{"0":"post-121251","1":"product","2":"type-product","3":"status-publish","4":"has-post-thumbnail","6":"product_cat-angst-stress","7":"product_cat-honden","8":"product_cat-medicijnen-supplementen","9":"product_cat-merken","10":"product_cat-sectolin","11":"product_cat-zenuwstelsel","12":"pa_aandoening-overig","13":"pa_doeldier-hond","14":"pa_fabricatieland-nederland","15":"pa_merkfilter-sectolin","16":"pa_merkgroep-sectolin","17":"pa_productsoort-voedingssupplement","18":"pa_toedieningswijze-tabletten","19":"pa_unit_pricing_base_measure-1ct","20":"pa_unit_pricing_measure-100ct","21":"pa_werkzamestof-overig","23":"first","24":"instock","25":"taxable","26":"shipping-taxable","27":"purchasable","28":"product-type-simple"},"yoast_head":"<!-- This site is optimized with the Yoast SEO plugin v27.5 - https:\/\/yoast.com\/product\/yoast-seo-wordpress\/ -->\n<title>Sectolin Nervo hond | 100 tabletten - Pharmacy4pets<\/title>\n<meta name=\"robots\" content=\"index, follow, max-snippet:-1, max-image-preview:large, max-video-preview:-1\" \/>\n<link rel=\"canonical\" href=\"https:\/\/www.pharmacy4pets.nl\/sectolin-nervo-hond\" \/>\n<meta property=\"og:locale\" content=\"nl_NL\" \/>\n<meta property=\"og:type\" content=\"article\" \/>\n<meta property=\"og:title\" content=\"Sectolin Nervo hond | 100 tabletten - Pharmacy4pets\" \/>\n<meta property=\"og:description\" content=\"Sectolin Nervo hond Sectolin Nervo voor honden is een mineraalvoeder dat ondersteunt bij\u00a0stress of spanning, zonder suf te maken. Denk aan stresssituaties zoals vuurwerk, onweer, een dierenartsbezoek, verhuizing of tijdens reizen. Het zijn smakelijke, deelbare tabletten op basis van vitaminen, mineralen en kruiden. De tabletten bevatten: Magnesium Valeriaan L-Trytofaan Hop Dosering Dagelijks 1 tablet per [&hellip;]\" \/>\n<meta property=\"og:url\" content=\"https:\/\/www.pharmacy4pets.nl\/sectolin-nervo-hond\" \/>\n<meta property=\"og:site_name\" content=\"Pharmacy4pets\" \/>\n<meta property=\"article:publisher\" content=\"https:\/\/www.facebook.com\/people\/Pharmacy4petsnl\/100063484989896\/\" \/>\n<meta property=\"article:modified_time\" content=\"2026-03-25T12:09:32+00:00\" \/>\n<meta property=\"og:image\" content=\"https:\/\/www.pharmacy4pets.nl\/wp-content\/uploads\/2025\/06\/Nervo_hond.jpg\" \/>\n\t<meta property=\"og:image:width\" content=\"600\" \/>\n\t<meta property=\"og:image:height\" content=\"600\" \/>\n\t<meta property=\"og:image:type\" content=\"image\/jpeg\" \/>\n<meta name=\"twitter:card\" content=\"summary_large_image\" \/>\n<script type=\"application\/ld+json\" class=\"yoast-schema-graph\">{\"@context\":\"https:\\\/\\\/schema.org\",\"@graph\":[{\"@type\":\"WebPage\",\"@id\":\"https:\\\/\\\/www.pharmacy4pets.nl\\\/sectolin-nervo-hond\",\"url\":\"https:\\\/\\\/www.pharmacy4pets.nl\\\/sectolin-nervo-hond\",\"name\":\"Sectolin Nervo hond | 100 tabletten - Pharmacy4pets\",\"isPartOf\":{\"@id\":\"http:\\\/\\\/www.pharmacy4pets.nl\\\/#website\"},\"primaryImageOfPage\":{\"@id\":\"https:\\\/\\\/www.pharmacy4pets.nl\\\/sectolin-nervo-hond#primaryimage\"},\"image\":{\"@id\":\"https:\\\/\\\/www.pharmacy4pets.nl\\\/sectolin-nervo-hond#primaryimage\"},\"thumbnailUrl\":\"https:\\\/\\\/www.pharmacy4pets.nl\\\/wp-content\\\/uploads\\\/2025\\\/06\\\/Nervo_hond.jpg\",\"datePublished\":\"2025-06-12T11:08:52+00:00\",\"dateModified\":\"2026-03-25T12:09:32+00:00\",\"breadcrumb\":{\"@id\":\"https:\\\/\\\/www.pharmacy4pets.nl\\\/sectolin-nervo-hond#breadcrumb\"},\"inLanguage\":\"nl-NL\",\"potentialAction\":[{\"@type\":\"ReadAction\",\"target\":[\"https:\\\/\\\/www.pharmacy4pets.nl\\\/sectolin-nervo-hond\"]}]},{\"@type\":\"ImageObject\",\"inLanguage\":\"nl-NL\",\"@id\":\"https:\\\/\\\/www.pharmacy4pets.nl\\\/sectolin-nervo-hond#primaryimage\",\"url\":\"https:\\\/\\\/www.pharmacy4pets.nl\\\/wp-content\\\/uploads\\\/2025\\\/06\\\/Nervo_hond.jpg\",\"contentUrl\":\"https:\\\/\\\/www.pharmacy4pets.nl\\\/wp-content\\\/uploads\\\/2025\\\/06\\\/Nervo_hond.jpg\",\"width\":600,\"height\":600,\"caption\":\"Sectolin Nervo hond | 100 tabletten-0\"},{\"@type\":\"BreadcrumbList\",\"@id\":\"https:\\\/\\\/www.pharmacy4pets.nl\\\/sectolin-nervo-hond#breadcrumb\",\"itemListElement\":[{\"@type\":\"ListItem\",\"position\":1,\"name\":\"Home\",\"item\":\"https:\\\/\\\/p4p-nl.bootmine.com\\\/\"},{\"@type\":\"ListItem\",\"position\":2,\"name\":\"Winkel\",\"item\":\"https:\\\/\\\/p4p-nl.bootmine.com\\\/winkel\"},{\"@type\":\"ListItem\",\"position\":3,\"name\":\"Sectolin Nervo hond | 100 tabletten\"}]},{\"@type\":\"WebSite\",\"@id\":\"http:\\\/\\\/www.pharmacy4pets.nl\\\/#website\",\"url\":\"http:\\\/\\\/www.pharmacy4pets.nl\\\/\",\"name\":\"Pharmacy4pets\",\"description\":\"Pharmacy4pets.nl is d\u00e9 online apotheek waar u terecht kunt voor alle diergeneesmiddelen, verzorgingsproducten en dieetvoeding voor uw huisdier.\",\"publisher\":{\"@id\":\"http:\\\/\\\/www.pharmacy4pets.nl\\\/#organization\"},\"potentialAction\":[{\"@type\":\"SearchAction\",\"target\":{\"@type\":\"EntryPoint\",\"urlTemplate\":\"http:\\\/\\\/www.pharmacy4pets.nl\\\/?s={search_term_string}\"},\"query-input\":{\"@type\":\"PropertyValueSpecification\",\"valueRequired\":true,\"valueName\":\"search_term_string\"}}],\"inLanguage\":\"nl-NL\"},{\"@type\":\"Organization\",\"@id\":\"http:\\\/\\\/www.pharmacy4pets.nl\\\/#organization\",\"name\":\"Pharmacy4pets\",\"url\":\"http:\\\/\\\/www.pharmacy4pets.nl\\\/\",\"logo\":{\"@type\":\"ImageObject\",\"inLanguage\":\"nl-NL\",\"@id\":\"http:\\\/\\\/www.pharmacy4pets.nl\\\/#\\\/schema\\\/logo\\\/image\\\/\",\"url\":\"https:\\\/\\\/p4p-nl.bootmine.com\\\/wp-content\\\/uploads\\\/2026\\\/03\\\/logo-pharmacy4pets.png\",\"contentUrl\":\"https:\\\/\\\/p4p-nl.bootmine.com\\\/wp-content\\\/uploads\\\/2026\\\/03\\\/logo-pharmacy4pets.png\",\"width\":1024,\"height\":135,\"caption\":\"Pharmacy4pets\"},\"image\":{\"@id\":\"http:\\\/\\\/www.pharmacy4pets.nl\\\/#\\\/schema\\\/logo\\\/image\\\/\"},\"sameAs\":[\"https:\\\/\\\/www.facebook.com\\\/people\\\/Pharmacy4petsnl\\\/100063484989896\\\/\",\"https:\\\/\\\/www.youtube.com\\\/channel\\\/UCGPTIgucgli03tP2_kvLkHg\\\/featured\",\"https:\\\/\\\/www.instagram.com\\\/pharmacy4pets.nl\"]}]}<\/script>\n<!-- \/ Yoast SEO plugin. -->","yoast_head_json":{"title":"Sectolin Nervo hond | 100 tabletten - Pharmacy4pets","robots":{"index":"index","follow":"follow","max-snippet":"max-snippet:-1","max-image-preview":"max-image-preview:large","max-video-preview":"max-video-preview:-1"},"canonical":"https:\/\/www.pharmacy4pets.nl\/sectolin-nervo-hond","og_locale":"nl_NL","og_type":"article","og_title":"Sectolin Nervo hond | 100 tabletten - Pharmacy4pets","og_description":"Sectolin Nervo hond Sectolin Nervo voor honden is een mineraalvoeder dat ondersteunt bij\u00a0stress of spanning, zonder suf te maken. Denk aan stresssituaties zoals vuurwerk, onweer, een dierenartsbezoek, verhuizing of tijdens reizen. Het zijn smakelijke, deelbare tabletten op basis van vitaminen, mineralen en kruiden. De tabletten bevatten: Magnesium Valeriaan L-Trytofaan Hop Dosering Dagelijks 1 tablet per [&hellip;]","og_url":"https:\/\/www.pharmacy4pets.nl\/sectolin-nervo-hond","og_site_name":"Pharmacy4pets","article_publisher":"https:\/\/www.facebook.com\/people\/Pharmacy4petsnl\/100063484989896\/","article_modified_time":"2026-03-25T12:09:32+00:00","og_image":[{"width":600,"height":600,"url":"https:\/\/www.pharmacy4pets.nl\/wp-content\/uploads\/2025\/06\/Nervo_hond.jpg","type":"image\/jpeg"}],"twitter_card":"summary_large_image","schema":{"@context":"https:\/\/schema.org","@graph":[{"@type":"WebPage","@id":"https:\/\/www.pharmacy4pets.nl\/sectolin-nervo-hond","url":"https:\/\/www.pharmacy4pets.nl\/sectolin-nervo-hond","name":"Sectolin Nervo hond | 100 tabletten - Pharmacy4pets","isPartOf":{"@id":"http:\/\/www.pharmacy4pets.nl\/#website"},"primaryImageOfPage":{"@id":"https:\/\/www.pharmacy4pets.nl\/sectolin-nervo-hond#primaryimage"},"image":{"@id":"https:\/\/www.pharmacy4pets.nl\/sectolin-nervo-hond#primaryimage"},"thumbnailUrl":"https:\/\/www.pharmacy4pets.nl\/wp-content\/uploads\/2025\/06\/Nervo_hond.jpg","datePublished":"2025-06-12T11:08:52+00:00","dateModified":"2026-03-25T12:09:32+00:00","breadcrumb":{"@id":"https:\/\/www.pharmacy4pets.nl\/sectolin-nervo-hond#breadcrumb"},"inLanguage":"nl-NL","potentialAction":[{"@type":"ReadAction","target":["https:\/\/www.pharmacy4pets.nl\/sectolin-nervo-hond"]}]},{"@type":"ImageObject","inLanguage":"nl-NL","@id":"https:\/\/www.pharmacy4pets.nl\/sectolin-nervo-hond#primaryimage","url":"https:\/\/www.pharmacy4pets.nl\/wp-content\/uploads\/2025\/06\/Nervo_hond.jpg","contentUrl":"https:\/\/www.pharmacy4pets.nl\/wp-content\/uploads\/2025\/06\/Nervo_hond.jpg","width":600,"height":600,"caption":"Sectolin Nervo hond | 100 tabletten-0"},{"@type":"BreadcrumbList","@id":"https:\/\/www.pharmacy4pets.nl\/sectolin-nervo-hond#breadcrumb","itemListElement":[{"@type":"ListItem","position":1,"name":"Home","item":"https:\/\/p4p-nl.bootmine.com\/"},{"@type":"ListItem","position":2,"name":"Winkel","item":"https:\/\/p4p-nl.bootmine.com\/winkel"},{"@type":"ListItem","position":3,"name":"Sectolin Nervo hond | 100 tabletten"}]},{"@type":"WebSite","@id":"http:\/\/www.pharmacy4pets.nl\/#website","url":"http:\/\/www.pharmacy4pets.nl\/","name":"Pharmacy4pets","description":"Pharmacy4pets.nl is d\u00e9 online apotheek waar u terecht kunt voor alle diergeneesmiddelen, verzorgingsproducten en dieetvoeding voor uw huisdier.","publisher":{"@id":"http:\/\/www.pharmacy4pets.nl\/#organization"},"potentialAction":[{"@type":"SearchAction","target":{"@type":"EntryPoint","urlTemplate":"http:\/\/www.pharmacy4pets.nl\/?s={search_term_string}"},"query-input":{"@type":"PropertyValueSpecification","valueRequired":true,"valueName":"search_term_string"}}],"inLanguage":"nl-NL"},{"@type":"Organization","@id":"http:\/\/www.pharmacy4pets.nl\/#organization","name":"Pharmacy4pets","url":"http:\/\/www.pharmacy4pets.nl\/","logo":{"@type":"ImageObject","inLanguage":"nl-NL","@id":"http:\/\/www.pharmacy4pets.nl\/#\/schema\/logo\/image\/","url":"https:\/\/p4p-nl.bootmine.com\/wp-content\/uploads\/2026\/03\/logo-pharmacy4pets.png","contentUrl":"https:\/\/p4p-nl.bootmine.com\/wp-content\/uploads\/2026\/03\/logo-pharmacy4pets.png","width":1024,"height":135,"caption":"Pharmacy4pets"},"image":{"@id":"http:\/\/www.pharmacy4pets.nl\/#\/schema\/logo\/image\/"},"sameAs":["https:\/\/www.facebook.com\/people\/Pharmacy4petsnl\/100063484989896\/","https:\/\/www.youtube.com\/channel\/UCGPTIgucgli03tP2_kvLkHg\/featured","https:\/\/www.instagram.com\/pharmacy4pets.nl"]}]}},"market_data":{"nl":{"price":0,"sale_price":0,"active":false,"url":null,"parent_url":"","tax_rate":0,"price_inc_tax":0,"sale_price_inc_tax":0},"de":{"price":0,"sale_price":0,"active":false,"url":null,"parent_url":"","tax_rate":0,"price_inc_tax":0,"sale_price_inc_tax":0},"be":{"price":0,"sale_price":0,"active":false,"url":null,"parent_url":"","tax_rate":0,"price_inc_tax":0,"sale_price_inc_tax":0},"fr":{"price":0,"sale_price":0,"active":false,"url":null,"parent_url":"","tax_rate":0,"price_inc_tax":0,"sale_price_inc_tax":0},"ch":{"price":0,"sale_price":0,"active":false,"url":null,"parent_url":"","tax_rate":0,"price_inc_tax":0,"sale_price_inc_tax":0},"at":{"price":0,"sale_price":0,"active":false,"url":null,"parent_url":"","tax_rate":0,"price_inc_tax":0,"sale_price_inc_tax":0},"es":{"price":0,"sale_price":0,"active":false,"url":null,"parent_url":"","tax_rate":0,"price_inc_tax":0,"sale_price_inc_tax":0},"dk":{"price":0,"sale_price":0,"active":false,"url":null,"parent_url":"","tax_rate":0,"price_inc_tax":0,"sale_price_inc_tax":0},"com":{"price":0,"sale_price":0,"active":false,"url":null,"parent_url":"","tax_rate":0,"price_inc_tax":0,"sale_price_inc_tax":0}},"market_nl_price":0,"market_nl_sale_price":0,"market_nl_active":false,"market_nl_url":null,"market_nl_parent_url":"","market_nl_tax_rate":0,"market_nl_price_inc_tax":0,"market_nl_sale_price_inc_tax":0,"market_de_price":0,"market_de_sale_price":0,"market_de_active":false,"market_de_url":null,"market_de_parent_url":"","market_de_tax_rate":0,"market_de_price_inc_tax":0,"market_de_sale_price_inc_tax":0,"market_be_price":0,"market_be_sale_price":0,"market_be_active":false,"market_be_url":null,"market_be_parent_url":"","market_be_tax_rate":0,"market_be_price_inc_tax":0,"market_be_sale_price_inc_tax":0,"market_fr_price":0,"market_fr_sale_price":0,"market_fr_active":false,"market_fr_url":null,"market_fr_parent_url":"","market_fr_tax_rate":0,"market_fr_price_inc_tax":0,"market_fr_sale_price_inc_tax":0,"market_ch_price":0,"market_ch_sale_price":0,"market_ch_active":false,"market_ch_url":null,"market_ch_parent_url":"","market_ch_tax_rate":0,"market_ch_price_inc_tax":0,"market_ch_sale_price_inc_tax":0,"market_at_price":0,"market_at_sale_price":0,"market_at_active":false,"market_at_url":null,"market_at_parent_url":"","market_at_tax_rate":0,"market_at_price_inc_tax":0,"market_at_sale_price_inc_tax":0,"market_es_price":0,"market_es_sale_price":0,"market_es_active":false,"market_es_url":null,"market_es_parent_url":"","market_es_tax_rate":0,"market_es_price_inc_tax":0,"market_es_sale_price_inc_tax":0,"market_dk_price":0,"market_dk_sale_price":0,"market_dk_active":false,"market_dk_url":null,"market_dk_parent_url":"","market_dk_tax_rate":0,"market_dk_price_inc_tax":0,"market_dk_sale_price_inc_tax":0,"market_com_price":0,"market_com_sale_price":0,"market_com_active":false,"market_com_url":null,"market_com_parent_url":"","market_com_tax_rate":0,"market_com_price_inc_tax":0,"market_com_sale_price_inc_tax":0,"acf":[],"_links":{"self":[{"href":"https:\/\/www.pharmacy4pets.nl\/be\/wp-json\/wp\/v2\/product\/121251","targetHints":{"allow":["GET"]}}],"collection":[{"href":"https:\/\/www.pharmacy4pets.nl\/be\/wp-json\/wp\/v2\/product"}],"about":[{"href":"https:\/\/www.pharmacy4pets.nl\/be\/wp-json\/wp\/v2\/types\/product"}],"replies":[{"embeddable":true,"href":"https:\/\/www.pharmacy4pets.nl\/be\/wp-json\/wp\/v2\/comments?post=121251"}],"wp:featuredmedia":[{"embeddable":true,"href":"https:\/\/www.pharmacy4pets.nl\/be\/wp-json\/wp\/v2\/media\/121250"}],"wp:attachment":[{"href":"https:\/\/www.pharmacy4pets.nl\/be\/wp-json\/wp\/v2\/media?parent=121251"}],"wp:term":[{"taxonomy":"product_brand","embeddable":true,"href":"https:\/\/www.pharmacy4pets.nl\/be\/wp-json\/wp\/v2\/product_brand?post=121251"},{"taxonomy":"product_cat","embeddable":true,"href":"https:\/\/www.pharmacy4pets.nl\/be\/wp-json\/wp\/v2\/product_cat?post=121251"},{"taxonomy":"product_tag","embeddable":true,"href":"https:\/\/www.pharmacy4pets.nl\/be\/wp-json\/wp\/v2\/product_tag?post=121251"}],"curies":[{"name":"wp","href":"https:\/\/api.w.org\/{rel}","templated":true}]}}