{"id":121245,"date":"2025-06-04T11:14:41","date_gmt":"2025-06-04T11:14:41","guid":{"rendered":"https:\/\/p4p.test\/sanimed-dental-hond"},"modified":"2026-03-25T12:09:30","modified_gmt":"2026-03-25T12:09:30","slug":"sanimed-dental-hond","status":"publish","type":"product","link":"https:\/\/www.pharmacy4pets.nl\/be\/sanimed-dental-hond","title":{"rendered":"Sanimed Dental hond"},"content":{"rendered":"<h1>Sanimed Dental Hond<\/h1>\n<p>Een goed gebit is onmisbaar voor de gezondheid en het welzijn van uw hond. <strong>Sanimed Dental<\/strong> is speciaal ontwikkeld om de mondgezondheid te ondersteunen en tandproblemen te helpen voorkomen. Dankzij de unieke afmeting en vorm van de brok wordt tijdens het kauwen het volledige tandoppervlak bereikt. De speciale vezelstructuur zorgt voor een effectieve mechanische reiniging, terwijl het tandvlees wordt gestimuleerd voor een betere doorbloeding. Bovendien bevordert de voeding de speekselproductie, wat een natuurlijke bescherming biedt tegen bacteri\u00ebn.<\/p>\n<h2>Eigenschappen van Sanimed Dental Hond<\/h2>\n<ul>\n<li>Vermindert de vorming van tandplak<\/li>\n<li>Vrij van tarwegluten<\/li>\n<li>Mechanisch poetsend effect tijdens het kauwen<\/li>\n<li>Extra grote brok (22 mm)<\/li>\n<li>Laag calciumgehalte ter ondersteuning van gezonde tanden<\/li>\n<\/ul>\n<h2>Geschikt voor:<\/h2>\n<ul>\n<li>Kleine rassen: vanaf 9 maanden<\/li>\n<li>Middelgrote rassen: vanaf 11 maanden<\/li>\n<li>Grote rassen: vanaf 16 maanden<\/li>\n<\/ul>\n","protected":false},"excerpt":{"rendered":"<p>Sanimed Dental Hond Een goed gebit is onmisbaar voor de gezondheid en het welzijn van uw hond. Sanimed Dental is speciaal ontwikkeld om de mondgezondheid te ondersteunen en tandproblemen te helpen voorkomen. Dankzij de unieke afmeting en vorm van de brok wordt tijdens het kauwen het volledige tandoppervlak bereikt. De speciale vezelstructuur zorgt voor een [&hellip;]<\/p>\n","protected":false},"featured_media":121243,"comment_status":"open","ping_status":"closed","template":"","meta":{"_acf_changed":false,"_nl_post_content":"<h1>Sanimed Dental Hond<\/h1>\r\n<p>Een goed gebit is onmisbaar voor de gezondheid en het welzijn van uw hond. <strong>Sanimed Dental<\/strong> is speciaal ontwikkeld om de mondgezondheid te ondersteunen en tandproblemen te helpen voorkomen. Dankzij de unieke afmeting en vorm van de brok wordt tijdens het kauwen het volledige tandoppervlak bereikt. De speciale vezelstructuur zorgt voor een effectieve mechanische reiniging, terwijl het tandvlees wordt gestimuleerd voor een betere doorbloeding. Bovendien bevordert de voeding de speekselproductie, wat een natuurlijke bescherming biedt tegen bacteri\u00ebn.<\/p>\r\n<h2>Eigenschappen van Sanimed Dental Hond<\/h2>\r\n<ul>\r\n<li>Vermindert de vorming van tandplak<\/li>\r\n<li>Vrij van tarwegluten<\/li>\r\n<li>Mechanisch poetsend effect tijdens het kauwen<\/li>\r\n<li>Extra grote brok (22 mm)<\/li>\r\n<li>Laag calciumgehalte ter ondersteuning van gezonde tanden<\/li>\r\n<\/ul>\r\n<h2>Geschikt voor:<\/h2>\r\n<ul>\r\n<li>Kleine rassen: vanaf 9 maanden<\/li>\r\n<li>Middelgrote rassen: vanaf 11 maanden<\/li>\r\n<li>Grote rassen: vanaf 16 maanden<\/li>\r\n<\/ul>","_nl_post_name":"sanimed-dental-hond","_nl_post_excerpt":"","_nl_post_title":"Sanimed Dental hond","_en_post_content":"<h1>Sanimed Dental Dog<\/h1>\n<p>A healthy set of teeth is essential for your dog\u2019s overall health and wellbeing. <strong>Sanimed Dental<\/strong> is specially formulated to support oral health and help prevent dental problems. Thanks to the unique size and shape of the kibble, the entire tooth surface is reached during chewing. The special fibre structure provides effective mechanical cleaning, while stimulating the gums for improved blood circulation. In addition, the food promotes saliva production, offering natural protection against bacteria.<\/p>\n<h2>Key Benefits of Sanimed Dental Dog<\/h2>\n<ul>\n<li>Reduces plaque formation<\/li>\n<li>Wheat gluten-free formula<\/li>\n<li>Mechanical tooth-brushing effect during chewing<\/li>\n<li>Extra-large kibble (22 mm)<\/li>\n<li>Low calcium content for healthy teeth<\/li>\n<\/ul>\n<h2>Suitable for:<\/h2>\n<ul>\n<li>Small breeds: from 9 months<\/li>\n<li>Medium breeds: from 11 months<\/li>\n<li>Large breeds: from 16 months<\/li>\n<\/ul>","_en_post_name":"sanimed-dental-dog","_en_post_excerpt":"","_en_post_title":"Sanimed Dental dog","_de_post_content":"<h1>Sanimed Dental Hund<\/h1> <p>Ein gesundes Gebiss ist entscheidend f\u00fcr die allgemeine Gesundheit und das Wohlbefinden Ihres Hundes. <strong>Sanimed Dental<\/strong> wurde speziell entwickelt, um die Mundgesundheit zu unterst\u00fctzen und Zahnprobleme vorzubeugen. Dank der einzigartigen Gr\u00f6\u00dfe und Form des Krokettenst\u00fccks wird w\u00e4hrend des Kauens die gesamte Zahnoberfl\u00e4che erreicht. Die spezielle Faserstruktur sorgt f\u00fcr eine effektive mechanische Reinigung und stimuliert das Zahnfleisch f\u00fcr eine bessere Durchblutung. Au\u00dferdem f\u00f6rdert das Futter die Speichelproduktion, was einen nat\u00fcrlichen Schutz gegen Bakterien bietet.<\/p> <h2>Vorteile von Sanimed Dental Hund<\/h2> <ul> <li>Reduziert die Bildung von Zahnbelag<\/li> <li>Weizen\u00acglutenfreie Rezeptur<\/li> <li>Mechanischer Zahnputzeffekt beim Kauen<\/li> <li>Extra gro\u00dfe Krokette (22 mm)<\/li> <li>Niedriger Kalziumgehalt f\u00fcr gesunde Z\u00e4hne<\/li> <\/ul> <h2>Geeignet f\u00fcr:<\/h2> <ul> <li>Kleine Rassen: ab 9 Monaten<\/li> <li>Mittelgro\u00dfe Rassen: ab 11 Monaten<\/li> <li>Gro\u00dfe Rassen: ab 16 Monaten<\/li> <\/ul>","_de_post_name":"sanimed-dental-hund","_de_post_excerpt":"","_de_post_title":"Sanimed Dental hund","_fr_post_content":"<h1>Sanimed Dental Chien<\/h1>\n<p>Une dentition saine est essentielle pour la sant\u00e9 et le bien-\u00eatre g\u00e9n\u00e9ral de votre chien. <strong>Sanimed Dental<\/strong> est sp\u00e9cialement formul\u00e9 pour soutenir la sant\u00e9 bucco-dentaire et pr\u00e9venir les probl\u00e8mes dentaires. Gr\u00e2ce \u00e0 la taille et \u00e0 la forme uniques de la croquette, toute la surface de la dent est atteinte lors de la mastication. La structure fibreuse sp\u00e9ciale assure un nettoyage m\u00e9canique efficace, tout en stimulant les gencives pour une meilleure circulation sanguine. De plus, cet aliment favorise la production de salive, offrant ainsi une protection naturelle contre les bact\u00e9ries.<\/p>\n<h2>Avantages de Sanimed Dental Chien<\/h2>\n<ul>\n<li>R\u00e9duit la formation de plaque dentaire<\/li>\n<li>Recette sans gluten de bl\u00e9<\/li>\n<li>Effet de brossage m\u00e9canique pendant la mastication<\/li>\n<li>Grande croquette (22 mm)<\/li>\n<li>Teneur r\u00e9duite en calcium pour des dents saines<\/li>\n<\/ul>\n<h2>Convient pour :<\/h2>\n<ul>\n<li>Petites races : \u00e0 partir de 9 mois<\/li>\n<li>Races moyennes : \u00e0 partir de 11 mois<\/li>\n<li>Grandes races : \u00e0 partir de 16 mois<\/li>\n<\/ul>","_fr_post_name":"sanimed-dental-chien","_fr_post_excerpt":"","_fr_post_title":"Sanimed Dental chien","_es_post_content":"<h1>Sanimed Dental Hond<\/h1>\r\n<p>Een goed gebit is onmisbaar voor de gezondheid en het welzijn van uw hond. <strong>Sanimed Dental<\/strong> is speciaal ontwikkeld om de mondgezondheid te ondersteunen en tandproblemen te helpen voorkomen. Dankzij de unieke afmeting en vorm van de brok wordt tijdens het kauwen het volledige tandoppervlak bereikt. De speciale vezelstructuur zorgt voor een effectieve mechanische reiniging, terwijl het tandvlees wordt gestimuleerd voor een betere doorbloeding. Bovendien bevordert de voeding de speekselproductie, wat een natuurlijke bescherming biedt tegen bacteri\u00ebn.<\/p>\r\n<h2>Eigenschappen van Sanimed Dental Hond<\/h2>\r\n<ul>\r\n<li>Vermindert de vorming van tandplak<\/li>\r\n<li>Vrij van tarwegluten<\/li>\r\n<li>Mechanisch poetsend effect tijdens het kauwen<\/li>\r\n<li>Extra grote brok (22 mm)<\/li>\r\n<li>Laag calciumgehalte ter ondersteuning van gezonde tanden<\/li>\r\n<\/ul>\r\n<h2>Geschikt voor:<\/h2>\r\n<ul>\r\n<li>Kleine rassen: vanaf 9 maanden<\/li>\r\n<li>Middelgrote rassen: vanaf 11 maanden<\/li>\r\n<li>Grote rassen: vanaf 16 maanden<\/li>\r\n<\/ul>","_es_post_name":"sanimed-dental-hond","_es_post_excerpt":"","_es_post_title":"Sanimed Dental hond","edit_language":"nl"},"product_brand":[],"product_cat":[1858,1117,1856,1857,1951],"product_tag":[],"class_list":{"0":"post-121245","1":"product","2":"type-product","3":"status-publish","4":"has-post-thumbnail","6":"product_cat-dieetvoer","7":"product_cat-honden","8":"product_cat-hondenvoer","9":"product_cat-merken","10":"product_cat-sanimed","11":"pa_aandoening-gebit","12":"pa_doeldier-hond","13":"pa_fabricatieland-nederland","14":"pa_merkfilter-sanimed","15":"pa_merkgroep-vobra","16":"pa_product_conditions-sanimed_popup","17":"pa_productsoort-voeding","18":"pa_toedieningswijze-droogvoer","19":"pa_werkzamestof-overig","21":"first","22":"instock","23":"taxable","24":"shipping-taxable","25":"product-type-grouped"},"yoast_head":"<!-- This site is optimized with the Yoast SEO plugin v27.5 - https:\/\/yoast.com\/product\/yoast-seo-wordpress\/ -->\n<title>Sanimed Dental hond - Pharmacy4pets<\/title>\n<meta name=\"robots\" content=\"index, follow, max-snippet:-1, max-image-preview:large, max-video-preview:-1\" \/>\n<link rel=\"canonical\" href=\"https:\/\/www.pharmacy4pets.nl\/sanimed-dental-hond\" \/>\n<meta property=\"og:locale\" content=\"nl_NL\" \/>\n<meta property=\"og:type\" content=\"article\" \/>\n<meta property=\"og:title\" content=\"Sanimed Dental hond - Pharmacy4pets\" \/>\n<meta property=\"og:description\" content=\"Sanimed Dental Hond Een goed gebit is onmisbaar voor de gezondheid en het welzijn van uw hond. Sanimed Dental is speciaal ontwikkeld om de mondgezondheid te ondersteunen en tandproblemen te helpen voorkomen. Dankzij de unieke afmeting en vorm van de brok wordt tijdens het kauwen het volledige tandoppervlak bereikt. De speciale vezelstructuur zorgt voor een [&hellip;]\" \/>\n<meta property=\"og:url\" content=\"https:\/\/www.pharmacy4pets.nl\/sanimed-dental-hond\" \/>\n<meta property=\"og:site_name\" content=\"Pharmacy4pets\" \/>\n<meta property=\"article:publisher\" content=\"https:\/\/www.facebook.com\/people\/Pharmacy4petsnl\/100063484989896\/\" \/>\n<meta property=\"article:modified_time\" content=\"2026-03-25T12:09:30+00:00\" \/>\n<meta property=\"og:image\" content=\"https:\/\/www.pharmacy4pets.nl\/wp-content\/uploads\/2025\/06\/26503_1.jpg\" \/>\n\t<meta property=\"og:image:width\" content=\"600\" \/>\n\t<meta property=\"og:image:height\" content=\"600\" \/>\n\t<meta property=\"og:image:type\" content=\"image\/jpeg\" \/>\n<meta name=\"twitter:card\" content=\"summary_large_image\" \/>\n<meta name=\"twitter:label1\" content=\"Geschatte leestijd\" \/>\n\t<meta name=\"twitter:data1\" content=\"1 minuut\" \/>\n<script type=\"application\/ld+json\" class=\"yoast-schema-graph\">{\"@context\":\"https:\\\/\\\/schema.org\",\"@graph\":[{\"@type\":\"WebPage\",\"@id\":\"https:\\\/\\\/www.pharmacy4pets.nl\\\/sanimed-dental-hond\",\"url\":\"https:\\\/\\\/www.pharmacy4pets.nl\\\/sanimed-dental-hond\",\"name\":\"Sanimed Dental hond - Pharmacy4pets\",\"isPartOf\":{\"@id\":\"http:\\\/\\\/www.pharmacy4pets.nl\\\/#website\"},\"primaryImageOfPage\":{\"@id\":\"https:\\\/\\\/www.pharmacy4pets.nl\\\/sanimed-dental-hond#primaryimage\"},\"image\":{\"@id\":\"https:\\\/\\\/www.pharmacy4pets.nl\\\/sanimed-dental-hond#primaryimage\"},\"thumbnailUrl\":\"https:\\\/\\\/www.pharmacy4pets.nl\\\/wp-content\\\/uploads\\\/2025\\\/06\\\/26503_1.jpg\",\"datePublished\":\"2025-06-04T11:14:41+00:00\",\"dateModified\":\"2026-03-25T12:09:30+00:00\",\"breadcrumb\":{\"@id\":\"https:\\\/\\\/www.pharmacy4pets.nl\\\/sanimed-dental-hond#breadcrumb\"},\"inLanguage\":\"nl-NL\",\"potentialAction\":[{\"@type\":\"ReadAction\",\"target\":[\"https:\\\/\\\/www.pharmacy4pets.nl\\\/sanimed-dental-hond\"]}]},{\"@type\":\"ImageObject\",\"inLanguage\":\"nl-NL\",\"@id\":\"https:\\\/\\\/www.pharmacy4pets.nl\\\/sanimed-dental-hond#primaryimage\",\"url\":\"https:\\\/\\\/www.pharmacy4pets.nl\\\/wp-content\\\/uploads\\\/2025\\\/06\\\/26503_1.jpg\",\"contentUrl\":\"https:\\\/\\\/www.pharmacy4pets.nl\\\/wp-content\\\/uploads\\\/2025\\\/06\\\/26503_1.jpg\",\"width\":600,\"height\":600,\"caption\":\"Sanimed Dental\"},{\"@type\":\"BreadcrumbList\",\"@id\":\"https:\\\/\\\/www.pharmacy4pets.nl\\\/sanimed-dental-hond#breadcrumb\",\"itemListElement\":[{\"@type\":\"ListItem\",\"position\":1,\"name\":\"Home\",\"item\":\"https:\\\/\\\/p4p-nl.bootmine.com\\\/\"},{\"@type\":\"ListItem\",\"position\":2,\"name\":\"Winkel\",\"item\":\"https:\\\/\\\/p4p-nl.bootmine.com\\\/winkel\"},{\"@type\":\"ListItem\",\"position\":3,\"name\":\"Sanimed Dental hond\"}]},{\"@type\":\"WebSite\",\"@id\":\"http:\\\/\\\/www.pharmacy4pets.nl\\\/#website\",\"url\":\"http:\\\/\\\/www.pharmacy4pets.nl\\\/\",\"name\":\"Pharmacy4pets\",\"description\":\"Pharmacy4pets.nl is d\u00e9 online apotheek waar u terecht kunt voor alle diergeneesmiddelen, verzorgingsproducten en dieetvoeding voor uw huisdier.\",\"publisher\":{\"@id\":\"http:\\\/\\\/www.pharmacy4pets.nl\\\/#organization\"},\"potentialAction\":[{\"@type\":\"SearchAction\",\"target\":{\"@type\":\"EntryPoint\",\"urlTemplate\":\"http:\\\/\\\/www.pharmacy4pets.nl\\\/?s={search_term_string}\"},\"query-input\":{\"@type\":\"PropertyValueSpecification\",\"valueRequired\":true,\"valueName\":\"search_term_string\"}}],\"inLanguage\":\"nl-NL\"},{\"@type\":\"Organization\",\"@id\":\"http:\\\/\\\/www.pharmacy4pets.nl\\\/#organization\",\"name\":\"Pharmacy4pets\",\"url\":\"http:\\\/\\\/www.pharmacy4pets.nl\\\/\",\"logo\":{\"@type\":\"ImageObject\",\"inLanguage\":\"nl-NL\",\"@id\":\"http:\\\/\\\/www.pharmacy4pets.nl\\\/#\\\/schema\\\/logo\\\/image\\\/\",\"url\":\"https:\\\/\\\/p4p-nl.bootmine.com\\\/wp-content\\\/uploads\\\/2026\\\/03\\\/logo-pharmacy4pets.png\",\"contentUrl\":\"https:\\\/\\\/p4p-nl.bootmine.com\\\/wp-content\\\/uploads\\\/2026\\\/03\\\/logo-pharmacy4pets.png\",\"width\":1024,\"height\":135,\"caption\":\"Pharmacy4pets\"},\"image\":{\"@id\":\"http:\\\/\\\/www.pharmacy4pets.nl\\\/#\\\/schema\\\/logo\\\/image\\\/\"},\"sameAs\":[\"https:\\\/\\\/www.facebook.com\\\/people\\\/Pharmacy4petsnl\\\/100063484989896\\\/\",\"https:\\\/\\\/www.youtube.com\\\/channel\\\/UCGPTIgucgli03tP2_kvLkHg\\\/featured\",\"https:\\\/\\\/www.instagram.com\\\/pharmacy4pets.nl\"]}]}<\/script>\n<!-- \/ Yoast SEO plugin. -->","yoast_head_json":{"title":"Sanimed Dental hond - Pharmacy4pets","robots":{"index":"index","follow":"follow","max-snippet":"max-snippet:-1","max-image-preview":"max-image-preview:large","max-video-preview":"max-video-preview:-1"},"canonical":"https:\/\/www.pharmacy4pets.nl\/sanimed-dental-hond","og_locale":"nl_NL","og_type":"article","og_title":"Sanimed Dental hond - Pharmacy4pets","og_description":"Sanimed Dental Hond Een goed gebit is onmisbaar voor de gezondheid en het welzijn van uw hond. Sanimed Dental is speciaal ontwikkeld om de mondgezondheid te ondersteunen en tandproblemen te helpen voorkomen. Dankzij de unieke afmeting en vorm van de brok wordt tijdens het kauwen het volledige tandoppervlak bereikt. De speciale vezelstructuur zorgt voor een [&hellip;]","og_url":"https:\/\/www.pharmacy4pets.nl\/sanimed-dental-hond","og_site_name":"Pharmacy4pets","article_publisher":"https:\/\/www.facebook.com\/people\/Pharmacy4petsnl\/100063484989896\/","article_modified_time":"2026-03-25T12:09:30+00:00","og_image":[{"width":600,"height":600,"url":"https:\/\/www.pharmacy4pets.nl\/wp-content\/uploads\/2025\/06\/26503_1.jpg","type":"image\/jpeg"}],"twitter_card":"summary_large_image","twitter_misc":{"Geschatte leestijd":"1 minuut"},"schema":{"@context":"https:\/\/schema.org","@graph":[{"@type":"WebPage","@id":"https:\/\/www.pharmacy4pets.nl\/sanimed-dental-hond","url":"https:\/\/www.pharmacy4pets.nl\/sanimed-dental-hond","name":"Sanimed Dental hond - Pharmacy4pets","isPartOf":{"@id":"http:\/\/www.pharmacy4pets.nl\/#website"},"primaryImageOfPage":{"@id":"https:\/\/www.pharmacy4pets.nl\/sanimed-dental-hond#primaryimage"},"image":{"@id":"https:\/\/www.pharmacy4pets.nl\/sanimed-dental-hond#primaryimage"},"thumbnailUrl":"https:\/\/www.pharmacy4pets.nl\/wp-content\/uploads\/2025\/06\/26503_1.jpg","datePublished":"2025-06-04T11:14:41+00:00","dateModified":"2026-03-25T12:09:30+00:00","breadcrumb":{"@id":"https:\/\/www.pharmacy4pets.nl\/sanimed-dental-hond#breadcrumb"},"inLanguage":"nl-NL","potentialAction":[{"@type":"ReadAction","target":["https:\/\/www.pharmacy4pets.nl\/sanimed-dental-hond"]}]},{"@type":"ImageObject","inLanguage":"nl-NL","@id":"https:\/\/www.pharmacy4pets.nl\/sanimed-dental-hond#primaryimage","url":"https:\/\/www.pharmacy4pets.nl\/wp-content\/uploads\/2025\/06\/26503_1.jpg","contentUrl":"https:\/\/www.pharmacy4pets.nl\/wp-content\/uploads\/2025\/06\/26503_1.jpg","width":600,"height":600,"caption":"Sanimed Dental"},{"@type":"BreadcrumbList","@id":"https:\/\/www.pharmacy4pets.nl\/sanimed-dental-hond#breadcrumb","itemListElement":[{"@type":"ListItem","position":1,"name":"Home","item":"https:\/\/p4p-nl.bootmine.com\/"},{"@type":"ListItem","position":2,"name":"Winkel","item":"https:\/\/p4p-nl.bootmine.com\/winkel"},{"@type":"ListItem","position":3,"name":"Sanimed Dental hond"}]},{"@type":"WebSite","@id":"http:\/\/www.pharmacy4pets.nl\/#website","url":"http:\/\/www.pharmacy4pets.nl\/","name":"Pharmacy4pets","description":"Pharmacy4pets.nl is d\u00e9 online apotheek waar u terecht kunt voor alle diergeneesmiddelen, verzorgingsproducten en dieetvoeding voor uw huisdier.","publisher":{"@id":"http:\/\/www.pharmacy4pets.nl\/#organization"},"potentialAction":[{"@type":"SearchAction","target":{"@type":"EntryPoint","urlTemplate":"http:\/\/www.pharmacy4pets.nl\/?s={search_term_string}"},"query-input":{"@type":"PropertyValueSpecification","valueRequired":true,"valueName":"search_term_string"}}],"inLanguage":"nl-NL"},{"@type":"Organization","@id":"http:\/\/www.pharmacy4pets.nl\/#organization","name":"Pharmacy4pets","url":"http:\/\/www.pharmacy4pets.nl\/","logo":{"@type":"ImageObject","inLanguage":"nl-NL","@id":"http:\/\/www.pharmacy4pets.nl\/#\/schema\/logo\/image\/","url":"https:\/\/p4p-nl.bootmine.com\/wp-content\/uploads\/2026\/03\/logo-pharmacy4pets.png","contentUrl":"https:\/\/p4p-nl.bootmine.com\/wp-content\/uploads\/2026\/03\/logo-pharmacy4pets.png","width":1024,"height":135,"caption":"Pharmacy4pets"},"image":{"@id":"http:\/\/www.pharmacy4pets.nl\/#\/schema\/logo\/image\/"},"sameAs":["https:\/\/www.facebook.com\/people\/Pharmacy4petsnl\/100063484989896\/","https:\/\/www.youtube.com\/channel\/UCGPTIgucgli03tP2_kvLkHg\/featured","https:\/\/www.instagram.com\/pharmacy4pets.nl"]}]}},"market_data":{"nl":{"price":0,"sale_price":0,"active":false,"url":null,"parent_url":"","tax_rate":0,"price_inc_tax":0,"sale_price_inc_tax":0},"de":{"price":0,"sale_price":0,"active":false,"url":null,"parent_url":"","tax_rate":0,"price_inc_tax":0,"sale_price_inc_tax":0},"be":{"price":0,"sale_price":0,"active":false,"url":null,"parent_url":"","tax_rate":0,"price_inc_tax":0,"sale_price_inc_tax":0},"fr":{"price":0,"sale_price":0,"active":false,"url":null,"parent_url":"","tax_rate":0,"price_inc_tax":0,"sale_price_inc_tax":0},"ch":{"price":0,"sale_price":0,"active":false,"url":null,"parent_url":"","tax_rate":0,"price_inc_tax":0,"sale_price_inc_tax":0},"at":{"price":0,"sale_price":0,"active":false,"url":null,"parent_url":"","tax_rate":0,"price_inc_tax":0,"sale_price_inc_tax":0},"es":{"price":0,"sale_price":0,"active":false,"url":null,"parent_url":"","tax_rate":0,"price_inc_tax":0,"sale_price_inc_tax":0},"dk":{"price":0,"sale_price":0,"active":false,"url":null,"parent_url":"","tax_rate":0,"price_inc_tax":0,"sale_price_inc_tax":0},"com":{"price":0,"sale_price":0,"active":false,"url":null,"parent_url":"","tax_rate":0,"price_inc_tax":0,"sale_price_inc_tax":0}},"market_nl_price":0,"market_nl_sale_price":0,"market_nl_active":false,"market_nl_url":null,"market_nl_parent_url":"","market_nl_tax_rate":0,"market_nl_price_inc_tax":0,"market_nl_sale_price_inc_tax":0,"market_de_price":0,"market_de_sale_price":0,"market_de_active":false,"market_de_url":null,"market_de_parent_url":"","market_de_tax_rate":0,"market_de_price_inc_tax":0,"market_de_sale_price_inc_tax":0,"market_be_price":0,"market_be_sale_price":0,"market_be_active":false,"market_be_url":null,"market_be_parent_url":"","market_be_tax_rate":0,"market_be_price_inc_tax":0,"market_be_sale_price_inc_tax":0,"market_fr_price":0,"market_fr_sale_price":0,"market_fr_active":false,"market_fr_url":null,"market_fr_parent_url":"","market_fr_tax_rate":0,"market_fr_price_inc_tax":0,"market_fr_sale_price_inc_tax":0,"market_ch_price":0,"market_ch_sale_price":0,"market_ch_active":false,"market_ch_url":null,"market_ch_parent_url":"","market_ch_tax_rate":0,"market_ch_price_inc_tax":0,"market_ch_sale_price_inc_tax":0,"market_at_price":0,"market_at_sale_price":0,"market_at_active":false,"market_at_url":null,"market_at_parent_url":"","market_at_tax_rate":0,"market_at_price_inc_tax":0,"market_at_sale_price_inc_tax":0,"market_es_price":0,"market_es_sale_price":0,"market_es_active":false,"market_es_url":null,"market_es_parent_url":"","market_es_tax_rate":0,"market_es_price_inc_tax":0,"market_es_sale_price_inc_tax":0,"market_dk_price":0,"market_dk_sale_price":0,"market_dk_active":false,"market_dk_url":null,"market_dk_parent_url":"","market_dk_tax_rate":0,"market_dk_price_inc_tax":0,"market_dk_sale_price_inc_tax":0,"market_com_price":0,"market_com_sale_price":0,"market_com_active":false,"market_com_url":null,"market_com_parent_url":"","market_com_tax_rate":0,"market_com_price_inc_tax":0,"market_com_sale_price_inc_tax":0,"acf":[],"_links":{"self":[{"href":"https:\/\/www.pharmacy4pets.nl\/be\/wp-json\/wp\/v2\/product\/121245","targetHints":{"allow":["GET"]}}],"collection":[{"href":"https:\/\/www.pharmacy4pets.nl\/be\/wp-json\/wp\/v2\/product"}],"about":[{"href":"https:\/\/www.pharmacy4pets.nl\/be\/wp-json\/wp\/v2\/types\/product"}],"replies":[{"embeddable":true,"href":"https:\/\/www.pharmacy4pets.nl\/be\/wp-json\/wp\/v2\/comments?post=121245"}],"wp:featuredmedia":[{"embeddable":true,"href":"https:\/\/www.pharmacy4pets.nl\/be\/wp-json\/wp\/v2\/media\/121243"}],"wp:attachment":[{"href":"https:\/\/www.pharmacy4pets.nl\/be\/wp-json\/wp\/v2\/media?parent=121245"}],"wp:term":[{"taxonomy":"product_brand","embeddable":true,"href":"https:\/\/www.pharmacy4pets.nl\/be\/wp-json\/wp\/v2\/product_brand?post=121245"},{"taxonomy":"product_cat","embeddable":true,"href":"https:\/\/www.pharmacy4pets.nl\/be\/wp-json\/wp\/v2\/product_cat?post=121245"},{"taxonomy":"product_tag","embeddable":true,"href":"https:\/\/www.pharmacy4pets.nl\/be\/wp-json\/wp\/v2\/product_tag?post=121245"}],"curies":[{"name":"wp","href":"https:\/\/api.w.org\/{rel}","templated":true}]}}