{"id":121234,"date":"2025-06-04T09:29:00","date_gmt":"2025-06-04T09:29:00","guid":{"rendered":"https:\/\/p4p.test\/remend-10-ml"},"modified":"2026-04-14T08:06:25","modified_gmt":"2026-04-14T08:06:25","slug":"remend-10-ml","status":"publish","type":"product","link":"https:\/\/www.pharmacy4pets.nl\/be\/remend-10-ml","title":{"rendered":"Remend 0.4 | 10 ml"},"content":{"rendered":"<h1>Remend 0.4<\/h1>\n<p>Remend 0.4 is een geavanceerde oogoplossing die speciaal ontwikkeld is voor het hydrateren en beschermen van het hoornvlies bij dieren. Dit product biedt langdurige smering en comfort voor huisdieren met droge of gevoelige ogen. Dankzij de unieke formule zonder bewaarmiddelen is TVM Remend 0.4 ideaal voor langdurig gebruik, zelfs bij dieren met een gevoeligheid voor conserveringsmiddelen.<\/p>\n<p>De geconcentreerde samenstelling met BioHAnce gecrosslinkt hyaluronzuur (0,4%) zorgt voor een diepgaande hydratatie en ondersteuning van het hoornvlies. Geschikt voor een breed scala aan diersoorten, waaronder honden, katten, paarden, konijnen, vogels en reptielen zoals schildpadden.<\/p>\n<h2><strong>Eigenschappen<\/strong><\/h2>\n<ul>\n<li>Langdurige hydratatie van het hoornvlies<\/li>\n<li>Ideaal bij droge ogen<\/li>\n<li>Geschikt voor langdurige therapie<\/li>\n<li>Vrij van bewaarmiddelen \u2013 ook geschikt bij allergie\u00ebn<\/li>\n<\/ul>\n<h2><strong>Geschikt voor<\/strong><\/h2>\n<p>TVM Remend 0.4 is geschikt voor honden, katten, paarden en andere gezelschapsdieren (zoals konijnen, vogels en schildpadden) met droge of gevoelige ogen.<\/p>\n<h2><strong>Gebruik<\/strong><\/h2>\n<p>Breng 1 tot 2 druppels per oog aan, 2 tot 3 keer per dag. TVM Remend 0.4 is veilig voor langdurig gebruik. Na opening is het product 30 dagen houdbaar.<\/p>\n","protected":false},"excerpt":{"rendered":"<p>Remend 0.4 Remend 0.4 is een geavanceerde oogoplossing die speciaal ontwikkeld is voor het hydrateren en beschermen van het hoornvlies bij dieren. Dit product biedt langdurige smering en comfort voor huisdieren met droge of gevoelige ogen. Dankzij de unieke formule zonder bewaarmiddelen is TVM Remend 0.4 ideaal voor langdurig gebruik, zelfs bij dieren met een [&hellip;]<\/p>\n","protected":false},"featured_media":121233,"comment_status":"open","ping_status":"closed","template":"","meta":{"_acf_changed":false,"_nl_post_content":"<h1>Remend 0.4<\/h1>\r\n<p>Remend 0.4 is een geavanceerde oogoplossing die speciaal ontwikkeld is voor het hydrateren en beschermen van het hoornvlies bij dieren. Dit product biedt langdurige smering en comfort voor huisdieren met droge of gevoelige ogen. Dankzij de unieke formule zonder bewaarmiddelen is TVM Remend 0.4 ideaal voor langdurig gebruik, zelfs bij dieren met een gevoeligheid voor conserveringsmiddelen.<\/p>\r\n<p>De geconcentreerde samenstelling met BioHAnce gecrosslinkt hyaluronzuur (0,4%) zorgt voor een diepgaande hydratatie en ondersteuning van het hoornvlies. Geschikt voor een breed scala aan diersoorten, waaronder honden, katten, paarden, konijnen, vogels en reptielen zoals schildpadden.<\/p>\r\n<h2><strong>Eigenschappen<\/strong><\/h2>\r\n<ul>\r\n<li>Langdurige hydratatie van het hoornvlies<\/li>\r\n<li>Ideaal bij droge ogen<\/li>\r\n<li>Geschikt voor langdurige therapie<\/li>\r\n<li>Vrij van bewaarmiddelen \u2013 ook geschikt bij allergie\u00ebn<\/li>\r\n<\/ul>\r\n<h2><strong>Geschikt voor<\/strong><\/h2>\r\n<p>TVM Remend 0.4 is geschikt voor honden, katten, paarden en andere gezelschapsdieren (zoals konijnen, vogels en schildpadden) met droge of gevoelige ogen.<\/p>\r\n<h2><strong>Gebruik<\/strong><\/h2>\r\n<p>Breng 1 tot 2 druppels per oog aan, 2 tot 3 keer per dag. TVM Remend 0.4 is veilig voor langdurig gebruik. Na opening is het product 30 dagen houdbaar.<\/p>","_nl_post_name":"remend-10-ml","_nl_post_excerpt":"","_nl_post_title":"Remend 0.4 | 10 ml","_en_post_content":"<h1>Remend 0.4<\/h1>\r\n<p>Remend 0.4 is an advanced eye solution specifically developed to hydrate and protect the cornea in animals. This product provides long-lasting lubrication and comfort for pets with dry or sensitive eyes. Thanks to its unique preservative-free formula, Remend 0.4 is ideal for long-term use, even in animals sensitive to preservatives.<\/p>\r\n<p>The concentrated composition with BioHAnce cross-linked hyaluronic acid (0.4%) ensures deep hydration and support of the cornea. Suitable for a wide range of animal species, including dogs, cats, horses, rabbits, birds, and reptiles such as turtles.<\/p>\r\n<h2><strong>Features<\/strong><\/h2>\r\n<ul>\r\n<li>Long-lasting hydration of the cornea<\/li>\r\n<li>Ideal for dry eyes<\/li>\r\n<li>Suitable for long-term therapy<\/li>\r\n<li>Free from preservatives \u2013 also suitable for allergies<\/li>\r\n<\/ul>\r\n<h2><strong>Suitable for<\/strong><\/h2>\r\n<p>Remend 0.4 is suitable for dogs, cats, horses, and other companion animals (such as rabbits, birds, and turtles) with dry or sensitive eyes.<\/p>\r\n<h2><strong>Application<\/strong><\/h2>\r\n<p>Apply 1 to 2 drops per eye, 2 to 3 times a day. Remend 0.4 is safe for long-term use. Once opened, the product remains usable for 30 days.<\/p>","_en_post_name":"remend-10-ml","_en_post_excerpt":"","_en_post_title":"Remend 0.4 | 10 ml","_de_post_content":"<h1> Remend 0.4<\/h1>\r\n<p> Remend 0.4 ist eine fortschrittliche Augenl\u00f6sung, die speziell zur Befeuchtung und zum Schutz der Hornhaut bei Tieren entwickelt wurde. Dieses Produkt bietet langanhaltende Schmierung und Komfort f\u00fcr Haustiere mit trockenen oder empfindlichen Augen. Dank der einzigartigen, konservierungsmittelfreien Formel ist TVM Remend 0.4 ideal f\u00fcr die langfristige Anwendung, selbst bei Tieren mit Empfindlichkeit gegen\u00fcber Konservierungsstoffen.<\/p>\r\n<p>Die konzentrierte Zusammensetzung mit BioHAnce quervernetzter Hyalurons\u00e4ure (0,4 %) sorgt f\u00fcr eine tiefenwirksame Hydratation und Unterst\u00fctzung der Hornhaut. Geeignet f\u00fcr eine breite Palette von Tierarten, darunter Hunde, Katzen, Pferde, Kaninchen, V\u00f6gel und Reptilien wie Schildkr\u00f6ten.<\/p>\r\n<h2><strong>Eigenschaften<\/strong><\/h2>\r\n<ul>\r\n<li>Langanhaltende Hydratation der Hornhaut<\/li>\r\n<li>Ideal bei trockenen Augen<\/li>\r\n<li>Geeignet f\u00fcr eine langfristige Therapie<\/li>\r\n<li>Frei von Konservierungsmitteln \u2013 auch bei Allergien geeignet<\/li>\r\n<\/ul>\r\n<h2><strong>Geeignet f\u00fcr<\/strong><\/h2>\r\n<p>TVM Remend 0.4 ist geeignet f\u00fcr Hunde, Katzen, Pferde und andere Heimtiere (wie Kaninchen, V\u00f6gel und Schildkr\u00f6ten) mit trockenen oder empfindlichen Augen.<\/p>\r\n<h2><strong>Anwendung<\/strong><\/h2>\r\n<p>Geben Sie 1 bis 2 Tropfen pro Auge, 2- bis 3-mal t\u00e4glich. TVM Remend 0.4 ist sicher f\u00fcr die langfristige Anwendung. Nach dem \u00d6ffnen ist das Produkt 30 Tage haltbar.<\/p>\r\n","_de_post_name":"remend-10-ml","_de_post_excerpt":"","_de_post_title":"Remend 0.4 | 10 ml","_fr_post_content":"<h1>Remend 0.4<\/h1>\r\n<p>Remend 0.4 est une solution oculaire avanc\u00e9e, sp\u00e9cialement d\u00e9velopp\u00e9e pour hydrater et prot\u00e9ger la corn\u00e9e chez les animaux. Ce produit offre une lubrification durable et un confort optimal pour les animaux de compagnie ayant les yeux secs ou sensibles. Gr\u00e2ce \u00e0 sa formule unique sans conservateurs, Remend 0.4 est id\u00e9al pour une utilisation \u00e0 long terme, m\u00eame chez les animaux sensibles aux agents de conservation.<\/p>\r\n<p>Sa composition concentr\u00e9e en acide hyaluronique r\u00e9ticul\u00e9 BioHAnce (0,4 %) assure une hydratation en profondeur et un soutien efficace de la corn\u00e9e. Convient \u00e0 un large \u00e9ventail d\u2019esp\u00e8ces animales, notamment les chiens, les chats, les chevaux, les lapins, les oiseaux et les reptiles comme les tortues.<\/p>\r\n<h2><strong>Caract\u00e9ristiques<\/strong><\/h2>\r\n<ul>\r\n<li>Hydratation durable de la corn\u00e9e<\/li>\r\n<li>Id\u00e9al en cas de s\u00e9cheresse oculaire<\/li>\r\n<li>Convient pour une th\u00e9rapie \u00e0 long terme<\/li>\r\n<li>Sans conservateurs \u2013 convient \u00e9galement en cas d\u2019allergies<\/li>\r\n<\/ul>\r\n<h2><strong>Convient pour<\/strong><\/h2>\r\n<p>Remend 0.4 convient aux chiens, chats, chevaux et autres animaux de compagnie (comme les lapins, les oiseaux et les tortues) ayant les yeux secs ou sensibles.<\/p>\r\n<h2><strong>Utilisation<\/strong><\/h2>\r\n<p>Appliquer 1 \u00e0 2 gouttes par \u0153il, 2 \u00e0 3 fois par jour. Remend 0.4 peut \u00eatre utilis\u00e9 en toute s\u00e9curit\u00e9 \u00e0 long terme. Apr\u00e8s ouverture, le produit est utilisable pendant 30 jours.<\/p>","_fr_post_name":"remend-10-ml","_fr_post_excerpt":"","_fr_post_title":"Remend 0.4 | 10 ml","_es_post_content":"<h1>Remend 0.4<\/h1>\r\n<p>Remend 0.4 es una soluci\u00f3n oft\u00e1lmica avanzada, desarrollada especialmente para hidratar y proteger la c\u00f3rnea en animales. Este producto ofrece una lubricaci\u00f3n duradera y confort para mascotas con ojos secos o sensibles. Gracias a su f\u00f3rmula \u00fanica sin conservantes, Remend 0.4 es ideal para un uso prolongado, incluso en animales sensibles a los conservantes.<\/p>\r\n<p>La composici\u00f3n concentrada con \u00e1cido hialur\u00f3nico reticulado BioHAnce (0,4 %) garantiza una hidrataci\u00f3n profunda y un soporte eficaz de la c\u00f3rnea. Adecuado para una amplia variedad de especies animales, incluidos perros, gatos, caballos, conejos, aves y reptiles como las tortugas.<\/p>\r\n<h2><strong>Caracter\u00edsticas<\/strong><\/h2>\r\n<ul>\r\n<li>Hidrataci\u00f3n duradera de la c\u00f3rnea<\/li>\r\n<li>Ideal para ojos secos<\/li>\r\n<li>Adecuado para terapias a largo plazo<\/li>\r\n<li>Sin conservantes \u2013 tambi\u00e9n apto en casos de alergia<\/li>\r\n<\/ul>\r\n<h2><strong>Adecuado para<\/strong><\/h2>\r\n<p>Remend 0.4 es adecuado para perros, gatos, caballos y otros animales de compa\u00f1\u00eda (como conejos, aves y tortugas) con ojos secos o sensibles.<\/p>\r\n<h2><strong>Modo de uso<\/strong><\/h2>\r\n<p>Aplicar de 1 a 2 gotas por ojo, de 2 a 3 veces al d\u00eda. Remend 0.4 es seguro para el uso prolongado. Una vez abierto, el producto se conserva durante 30 d\u00edas.<\/p>","_es_post_name":"remend-10-ml","_es_post_excerpt":"","_es_post_title":"Remend 0.4 | 10 ml","edit_language":"nl"},"product_brand":[],"product_cat":[1891,1861,1820,1117,1118,1811,1871,1839,1816,1850,1881,1809,1822,1863,1893],"product_tag":[],"class_list":{"0":"post-121234","1":"product","2":"type-product","3":"status-publish","4":"has-post-thumbnail","6":"product_cat-benodigdheden","9":"product_cat-honden","10":"product_cat-katten","11":"product_cat-medicijnen-supplementen","14":"product_cat-ogen","17":"product_cat-paarden","18":"product_cat-verzorging","21":"pa_aandoening-ogen_oren","22":"pa_doeldier-hond","23":"pa_doeldier-kat","24":"pa_doeldier-paard","25":"pa_fabricatieland-frankrijk","26":"pa_merkfilter-remend","27":"pa_merkgroep-alivira","28":"pa_productsoort-overig","29":"pa_toedieningswijze-oogdruppels","30":"pa_unit_pricing_base_measure-1ml","31":"pa_unit_pricing_measure-10ml","32":"pa_werkzamestof-overig","34":"first","35":"instock","36":"taxable","37":"shipping-taxable","38":"purchasable","39":"product-type-simple"},"yoast_head":"<!-- This site is optimized with the Yoast SEO plugin v27.5 - https:\/\/yoast.com\/product\/yoast-seo-wordpress\/ -->\n<title>Remend 0.4 | 10 ml - Pharmacy4pets<\/title>\n<meta name=\"robots\" content=\"index, follow, max-snippet:-1, max-image-preview:large, max-video-preview:-1\" \/>\n<link rel=\"canonical\" href=\"https:\/\/www.pharmacy4pets.nl\/remend-10-ml\" \/>\n<meta property=\"og:locale\" content=\"nl_NL\" \/>\n<meta property=\"og:type\" content=\"article\" \/>\n<meta property=\"og:title\" content=\"Remend 0.4 | 10 ml - Pharmacy4pets\" \/>\n<meta property=\"og:description\" content=\"Remend 0.4 Remend 0.4 is een geavanceerde oogoplossing die speciaal ontwikkeld is voor het hydrateren en beschermen van het hoornvlies bij dieren. Dit product biedt langdurige smering en comfort voor huisdieren met droge of gevoelige ogen. Dankzij de unieke formule zonder bewaarmiddelen is TVM Remend 0.4 ideaal voor langdurig gebruik, zelfs bij dieren met een [&hellip;]\" \/>\n<meta property=\"og:url\" content=\"https:\/\/www.pharmacy4pets.nl\/remend-10-ml\" \/>\n<meta property=\"og:site_name\" content=\"Pharmacy4pets\" \/>\n<meta property=\"article:publisher\" content=\"https:\/\/www.facebook.com\/people\/Pharmacy4petsnl\/100063484989896\/\" \/>\n<meta property=\"article:modified_time\" content=\"2026-04-14T08:06:25+00:00\" \/>\n<meta property=\"og:image\" content=\"https:\/\/www.pharmacy4pets.nl\/wp-content\/uploads\/2025\/06\/26538.jpg\" \/>\n\t<meta property=\"og:image:width\" content=\"600\" \/>\n\t<meta property=\"og:image:height\" content=\"600\" \/>\n\t<meta property=\"og:image:type\" content=\"image\/jpeg\" \/>\n<meta name=\"twitter:card\" content=\"summary_large_image\" \/>\n<meta name=\"twitter:label1\" content=\"Geschatte leestijd\" \/>\n\t<meta name=\"twitter:data1\" content=\"1 minuut\" \/>\n<script type=\"application\/ld+json\" class=\"yoast-schema-graph\">{\"@context\":\"https:\\\/\\\/schema.org\",\"@graph\":[{\"@type\":\"WebPage\",\"@id\":\"https:\\\/\\\/www.pharmacy4pets.nl\\\/remend-10-ml\",\"url\":\"https:\\\/\\\/www.pharmacy4pets.nl\\\/remend-10-ml\",\"name\":\"Remend 0.4 | 10 ml - Pharmacy4pets\",\"isPartOf\":{\"@id\":\"http:\\\/\\\/www.pharmacy4pets.nl\\\/#website\"},\"primaryImageOfPage\":{\"@id\":\"https:\\\/\\\/www.pharmacy4pets.nl\\\/remend-10-ml#primaryimage\"},\"image\":{\"@id\":\"https:\\\/\\\/www.pharmacy4pets.nl\\\/remend-10-ml#primaryimage\"},\"thumbnailUrl\":\"https:\\\/\\\/www.pharmacy4pets.nl\\\/wp-content\\\/uploads\\\/2025\\\/06\\\/26538.jpg\",\"datePublished\":\"2025-06-04T09:29:00+00:00\",\"dateModified\":\"2026-04-14T08:06:25+00:00\",\"breadcrumb\":{\"@id\":\"https:\\\/\\\/www.pharmacy4pets.nl\\\/remend-10-ml#breadcrumb\"},\"inLanguage\":\"nl-NL\",\"potentialAction\":[{\"@type\":\"ReadAction\",\"target\":[\"https:\\\/\\\/www.pharmacy4pets.nl\\\/remend-10-ml\"]}]},{\"@type\":\"ImageObject\",\"inLanguage\":\"nl-NL\",\"@id\":\"https:\\\/\\\/www.pharmacy4pets.nl\\\/remend-10-ml#primaryimage\",\"url\":\"https:\\\/\\\/www.pharmacy4pets.nl\\\/wp-content\\\/uploads\\\/2025\\\/06\\\/26538.jpg\",\"contentUrl\":\"https:\\\/\\\/www.pharmacy4pets.nl\\\/wp-content\\\/uploads\\\/2025\\\/06\\\/26538.jpg\",\"width\":600,\"height\":600,\"caption\":\"Remend 0.4 10 ml\"},{\"@type\":\"BreadcrumbList\",\"@id\":\"https:\\\/\\\/www.pharmacy4pets.nl\\\/remend-10-ml#breadcrumb\",\"itemListElement\":[{\"@type\":\"ListItem\",\"position\":1,\"name\":\"Home\",\"item\":\"https:\\\/\\\/p4p-nl.bootmine.com\\\/\"},{\"@type\":\"ListItem\",\"position\":2,\"name\":\"Winkel\",\"item\":\"https:\\\/\\\/p4p-nl.bootmine.com\\\/winkel\"},{\"@type\":\"ListItem\",\"position\":3,\"name\":\"Remend 0.4 | 10 ml\"}]},{\"@type\":\"WebSite\",\"@id\":\"http:\\\/\\\/www.pharmacy4pets.nl\\\/#website\",\"url\":\"http:\\\/\\\/www.pharmacy4pets.nl\\\/\",\"name\":\"Pharmacy4pets\",\"description\":\"Pharmacy4pets.nl is d\u00e9 online apotheek waar u terecht kunt voor alle diergeneesmiddelen, verzorgingsproducten en dieetvoeding voor uw huisdier.\",\"publisher\":{\"@id\":\"http:\\\/\\\/www.pharmacy4pets.nl\\\/#organization\"},\"potentialAction\":[{\"@type\":\"SearchAction\",\"target\":{\"@type\":\"EntryPoint\",\"urlTemplate\":\"http:\\\/\\\/www.pharmacy4pets.nl\\\/?s={search_term_string}\"},\"query-input\":{\"@type\":\"PropertyValueSpecification\",\"valueRequired\":true,\"valueName\":\"search_term_string\"}}],\"inLanguage\":\"nl-NL\"},{\"@type\":\"Organization\",\"@id\":\"http:\\\/\\\/www.pharmacy4pets.nl\\\/#organization\",\"name\":\"Pharmacy4pets\",\"url\":\"http:\\\/\\\/www.pharmacy4pets.nl\\\/\",\"logo\":{\"@type\":\"ImageObject\",\"inLanguage\":\"nl-NL\",\"@id\":\"http:\\\/\\\/www.pharmacy4pets.nl\\\/#\\\/schema\\\/logo\\\/image\\\/\",\"url\":\"https:\\\/\\\/p4p-nl.bootmine.com\\\/wp-content\\\/uploads\\\/2026\\\/03\\\/logo-pharmacy4pets.png\",\"contentUrl\":\"https:\\\/\\\/p4p-nl.bootmine.com\\\/wp-content\\\/uploads\\\/2026\\\/03\\\/logo-pharmacy4pets.png\",\"width\":1024,\"height\":135,\"caption\":\"Pharmacy4pets\"},\"image\":{\"@id\":\"http:\\\/\\\/www.pharmacy4pets.nl\\\/#\\\/schema\\\/logo\\\/image\\\/\"},\"sameAs\":[\"https:\\\/\\\/www.facebook.com\\\/people\\\/Pharmacy4petsnl\\\/100063484989896\\\/\",\"https:\\\/\\\/www.youtube.com\\\/channel\\\/UCGPTIgucgli03tP2_kvLkHg\\\/featured\",\"https:\\\/\\\/www.instagram.com\\\/pharmacy4pets.nl\"]}]}<\/script>\n<!-- \/ Yoast SEO plugin. -->","yoast_head_json":{"title":"Remend 0.4 | 10 ml - Pharmacy4pets","robots":{"index":"index","follow":"follow","max-snippet":"max-snippet:-1","max-image-preview":"max-image-preview:large","max-video-preview":"max-video-preview:-1"},"canonical":"https:\/\/www.pharmacy4pets.nl\/remend-10-ml","og_locale":"nl_NL","og_type":"article","og_title":"Remend 0.4 | 10 ml - Pharmacy4pets","og_description":"Remend 0.4 Remend 0.4 is een geavanceerde oogoplossing die speciaal ontwikkeld is voor het hydrateren en beschermen van het hoornvlies bij dieren. Dit product biedt langdurige smering en comfort voor huisdieren met droge of gevoelige ogen. Dankzij de unieke formule zonder bewaarmiddelen is TVM Remend 0.4 ideaal voor langdurig gebruik, zelfs bij dieren met een [&hellip;]","og_url":"https:\/\/www.pharmacy4pets.nl\/remend-10-ml","og_site_name":"Pharmacy4pets","article_publisher":"https:\/\/www.facebook.com\/people\/Pharmacy4petsnl\/100063484989896\/","article_modified_time":"2026-04-14T08:06:25+00:00","og_image":[{"width":600,"height":600,"url":"https:\/\/www.pharmacy4pets.nl\/wp-content\/uploads\/2025\/06\/26538.jpg","type":"image\/jpeg"}],"twitter_card":"summary_large_image","twitter_misc":{"Geschatte leestijd":"1 minuut"},"schema":{"@context":"https:\/\/schema.org","@graph":[{"@type":"WebPage","@id":"https:\/\/www.pharmacy4pets.nl\/remend-10-ml","url":"https:\/\/www.pharmacy4pets.nl\/remend-10-ml","name":"Remend 0.4 | 10 ml - Pharmacy4pets","isPartOf":{"@id":"http:\/\/www.pharmacy4pets.nl\/#website"},"primaryImageOfPage":{"@id":"https:\/\/www.pharmacy4pets.nl\/remend-10-ml#primaryimage"},"image":{"@id":"https:\/\/www.pharmacy4pets.nl\/remend-10-ml#primaryimage"},"thumbnailUrl":"https:\/\/www.pharmacy4pets.nl\/wp-content\/uploads\/2025\/06\/26538.jpg","datePublished":"2025-06-04T09:29:00+00:00","dateModified":"2026-04-14T08:06:25+00:00","breadcrumb":{"@id":"https:\/\/www.pharmacy4pets.nl\/remend-10-ml#breadcrumb"},"inLanguage":"nl-NL","potentialAction":[{"@type":"ReadAction","target":["https:\/\/www.pharmacy4pets.nl\/remend-10-ml"]}]},{"@type":"ImageObject","inLanguage":"nl-NL","@id":"https:\/\/www.pharmacy4pets.nl\/remend-10-ml#primaryimage","url":"https:\/\/www.pharmacy4pets.nl\/wp-content\/uploads\/2025\/06\/26538.jpg","contentUrl":"https:\/\/www.pharmacy4pets.nl\/wp-content\/uploads\/2025\/06\/26538.jpg","width":600,"height":600,"caption":"Remend 0.4 10 ml"},{"@type":"BreadcrumbList","@id":"https:\/\/www.pharmacy4pets.nl\/remend-10-ml#breadcrumb","itemListElement":[{"@type":"ListItem","position":1,"name":"Home","item":"https:\/\/p4p-nl.bootmine.com\/"},{"@type":"ListItem","position":2,"name":"Winkel","item":"https:\/\/p4p-nl.bootmine.com\/winkel"},{"@type":"ListItem","position":3,"name":"Remend 0.4 | 10 ml"}]},{"@type":"WebSite","@id":"http:\/\/www.pharmacy4pets.nl\/#website","url":"http:\/\/www.pharmacy4pets.nl\/","name":"Pharmacy4pets","description":"Pharmacy4pets.nl is d\u00e9 online apotheek waar u terecht kunt voor alle diergeneesmiddelen, verzorgingsproducten en dieetvoeding voor uw huisdier.","publisher":{"@id":"http:\/\/www.pharmacy4pets.nl\/#organization"},"potentialAction":[{"@type":"SearchAction","target":{"@type":"EntryPoint","urlTemplate":"http:\/\/www.pharmacy4pets.nl\/?s={search_term_string}"},"query-input":{"@type":"PropertyValueSpecification","valueRequired":true,"valueName":"search_term_string"}}],"inLanguage":"nl-NL"},{"@type":"Organization","@id":"http:\/\/www.pharmacy4pets.nl\/#organization","name":"Pharmacy4pets","url":"http:\/\/www.pharmacy4pets.nl\/","logo":{"@type":"ImageObject","inLanguage":"nl-NL","@id":"http:\/\/www.pharmacy4pets.nl\/#\/schema\/logo\/image\/","url":"https:\/\/p4p-nl.bootmine.com\/wp-content\/uploads\/2026\/03\/logo-pharmacy4pets.png","contentUrl":"https:\/\/p4p-nl.bootmine.com\/wp-content\/uploads\/2026\/03\/logo-pharmacy4pets.png","width":1024,"height":135,"caption":"Pharmacy4pets"},"image":{"@id":"http:\/\/www.pharmacy4pets.nl\/#\/schema\/logo\/image\/"},"sameAs":["https:\/\/www.facebook.com\/people\/Pharmacy4petsnl\/100063484989896\/","https:\/\/www.youtube.com\/channel\/UCGPTIgucgli03tP2_kvLkHg\/featured","https:\/\/www.instagram.com\/pharmacy4pets.nl"]}]}},"market_data":{"nl":{"price":0,"sale_price":0,"active":false,"url":null,"parent_url":"","tax_rate":0,"price_inc_tax":0,"sale_price_inc_tax":0},"de":{"price":0,"sale_price":0,"active":false,"url":null,"parent_url":"","tax_rate":0,"price_inc_tax":0,"sale_price_inc_tax":0},"be":{"price":0,"sale_price":0,"active":false,"url":null,"parent_url":"","tax_rate":0,"price_inc_tax":0,"sale_price_inc_tax":0},"fr":{"price":0,"sale_price":0,"active":false,"url":null,"parent_url":"","tax_rate":0,"price_inc_tax":0,"sale_price_inc_tax":0},"ch":{"price":0,"sale_price":0,"active":false,"url":null,"parent_url":"","tax_rate":0,"price_inc_tax":0,"sale_price_inc_tax":0},"at":{"price":0,"sale_price":0,"active":false,"url":null,"parent_url":"","tax_rate":0,"price_inc_tax":0,"sale_price_inc_tax":0},"es":{"price":0,"sale_price":0,"active":false,"url":null,"parent_url":"","tax_rate":0,"price_inc_tax":0,"sale_price_inc_tax":0},"dk":{"price":0,"sale_price":0,"active":false,"url":null,"parent_url":"","tax_rate":0,"price_inc_tax":0,"sale_price_inc_tax":0},"com":{"price":0,"sale_price":0,"active":false,"url":null,"parent_url":"","tax_rate":0,"price_inc_tax":0,"sale_price_inc_tax":0}},"market_nl_price":0,"market_nl_sale_price":0,"market_nl_active":false,"market_nl_url":null,"market_nl_parent_url":"","market_nl_tax_rate":0,"market_nl_price_inc_tax":0,"market_nl_sale_price_inc_tax":0,"market_de_price":0,"market_de_sale_price":0,"market_de_active":false,"market_de_url":null,"market_de_parent_url":"","market_de_tax_rate":0,"market_de_price_inc_tax":0,"market_de_sale_price_inc_tax":0,"market_be_price":0,"market_be_sale_price":0,"market_be_active":false,"market_be_url":null,"market_be_parent_url":"","market_be_tax_rate":0,"market_be_price_inc_tax":0,"market_be_sale_price_inc_tax":0,"market_fr_price":0,"market_fr_sale_price":0,"market_fr_active":false,"market_fr_url":null,"market_fr_parent_url":"","market_fr_tax_rate":0,"market_fr_price_inc_tax":0,"market_fr_sale_price_inc_tax":0,"market_ch_price":0,"market_ch_sale_price":0,"market_ch_active":false,"market_ch_url":null,"market_ch_parent_url":"","market_ch_tax_rate":0,"market_ch_price_inc_tax":0,"market_ch_sale_price_inc_tax":0,"market_at_price":0,"market_at_sale_price":0,"market_at_active":false,"market_at_url":null,"market_at_parent_url":"","market_at_tax_rate":0,"market_at_price_inc_tax":0,"market_at_sale_price_inc_tax":0,"market_es_price":0,"market_es_sale_price":0,"market_es_active":false,"market_es_url":null,"market_es_parent_url":"","market_es_tax_rate":0,"market_es_price_inc_tax":0,"market_es_sale_price_inc_tax":0,"market_dk_price":0,"market_dk_sale_price":0,"market_dk_active":false,"market_dk_url":null,"market_dk_parent_url":"","market_dk_tax_rate":0,"market_dk_price_inc_tax":0,"market_dk_sale_price_inc_tax":0,"market_com_price":0,"market_com_sale_price":0,"market_com_active":false,"market_com_url":null,"market_com_parent_url":"","market_com_tax_rate":0,"market_com_price_inc_tax":0,"market_com_sale_price_inc_tax":0,"acf":[],"_links":{"self":[{"href":"https:\/\/www.pharmacy4pets.nl\/be\/wp-json\/wp\/v2\/product\/121234","targetHints":{"allow":["GET"]}}],"collection":[{"href":"https:\/\/www.pharmacy4pets.nl\/be\/wp-json\/wp\/v2\/product"}],"about":[{"href":"https:\/\/www.pharmacy4pets.nl\/be\/wp-json\/wp\/v2\/types\/product"}],"replies":[{"embeddable":true,"href":"https:\/\/www.pharmacy4pets.nl\/be\/wp-json\/wp\/v2\/comments?post=121234"}],"wp:featuredmedia":[{"embeddable":true,"href":"https:\/\/www.pharmacy4pets.nl\/be\/wp-json\/wp\/v2\/media\/121233"}],"wp:attachment":[{"href":"https:\/\/www.pharmacy4pets.nl\/be\/wp-json\/wp\/v2\/media?parent=121234"}],"wp:term":[{"taxonomy":"product_brand","embeddable":true,"href":"https:\/\/www.pharmacy4pets.nl\/be\/wp-json\/wp\/v2\/product_brand?post=121234"},{"taxonomy":"product_cat","embeddable":true,"href":"https:\/\/www.pharmacy4pets.nl\/be\/wp-json\/wp\/v2\/product_cat?post=121234"},{"taxonomy":"product_tag","embeddable":true,"href":"https:\/\/www.pharmacy4pets.nl\/be\/wp-json\/wp\/v2\/product_tag?post=121234"}],"curies":[{"name":"wp","href":"https:\/\/api.w.org\/{rel}","templated":true}]}}