{"id":121202,"date":"2025-05-26T16:02:22","date_gmt":"2025-05-26T16:02:22","guid":{"rendered":"https:\/\/p4p.test\/trixie-walker-care-comfort-hondenschoenen-s"},"modified":"2026-03-25T12:09:17","modified_gmt":"2026-03-25T12:09:17","slug":"trixie-walker-care-comfort-hondenschoenen-s","status":"publish","type":"product","link":"https:\/\/www.pharmacy4pets.nl\/be\/trixie-walker-care-comfort-hondenschoenen-s","title":{"rendered":"Trixie Walker Care Comfort hondenschoenen S | 2 stuks"},"content":{"rendered":"<h1>Trixie Walker Care Comfort hondenschoenen<\/h1>\n<p>Trixie Walker Care Comfort hondenschoenen ondersteunen het genezingsproces bij verwondingen. Deze pootbescherming voor honden is gemaakt van softshell en opgevuld met zacht fleece. De zwarte hondenschoen is vast te maken met klittenband wat ervoor zorgt dat hij eenvoudig te verstellen is, hierdoor zit de hondenschoen nooit te strak om het pootje.<\/p>\n","protected":false},"excerpt":{"rendered":"<p>Trixie Walker Care Comfort hondenschoenen Trixie Walker Care Comfort hondenschoenen ondersteunen het genezingsproces bij verwondingen. Deze pootbescherming voor honden is gemaakt van softshell en opgevuld met zacht fleece. De zwarte hondenschoen is vast te maken met klittenband wat ervoor zorgt dat hij eenvoudig te verstellen is, hierdoor zit de hondenschoen nooit te strak om het [&hellip;]<\/p>\n","protected":false},"featured_media":121201,"comment_status":"open","ping_status":"closed","template":"","meta":{"_acf_changed":false,"_nl_post_content":"<h1>Trixie Walker Care Comfort hondenschoenen<\/h1>\n<p>Trixie Walker Care Comfort hondenschoenen ondersteunen het genezingsproces bij verwondingen. Deze pootbescherming voor honden is gemaakt van softshell en opgevuld met zacht fleece. De zwarte hondenschoen is vast te maken met klittenband wat ervoor zorgt dat hij eenvoudig te verstellen is, hierdoor zit de hondenschoen nooit te strak om het pootje.<\/p>","_nl_post_name":"trixie-walker-care-comfort-hondenschoenen-s","_nl_post_excerpt":"","_nl_post_title":"Trixie Walker Care Comfort hondenschoenen S | 2 stuks","_en_post_content":"<h1>Trixie Walker Care Comfort dog shoes<\/h1>\n<p>Trixie Walker Care Comfort dog shoes support the healing process in case of injuries. This paw protection for dogs is made of softshell and padded with soft fleece. The black dog shoe can be fastened with Velcro which makes it easy to adjust, this way the dog shoe is never too tight around the paw.<\/p>","_en_post_name":"trixie-walker-care-comfort-dog-shoes-s","_en_post_excerpt":"","_en_post_title":"Trixie Walker Care Comfort dog shoes S | 2 pieces","_de_post_content":"<h1>Trixie Walker Care Comfort Hundeschuhe<\/h1>\n<p>Trixie Walker Care Comfort Hundeschuhe unterst\u00fctzen den Heilungsprozess im Falle von Verletzungen. Dieser Pfotenschutz f\u00fcr Hunde ist aus Softshell gefertigt und mit weichem Fleece gepolstert. Der schwarze Hundeschuh kann mit einem Klettverschluss verschlossen werden, der eine einfache Anpassung erm\u00f6glicht, so dass der Hundeschuh nie zu eng um die Pfote sitzt.<\/p>","_de_post_name":"trixie-walker-care-comfort-hundeschuhe-s","_de_post_excerpt":"","_de_post_title":"Trixie Walker Care Comfort Hundeschuhe S | 2 St\u00fcck","_fr_post_content":"<h1>Trixie Walker Care Comfort chaussures pour chien<\/h1>\n<p>Les chaussures pour chiens Trixie Walker Care Comfort favorisent le processus de gu\u00e9rison en cas de blessures. Cette protection des pattes pour chiens est fabriqu\u00e9e en softshell et rembourr\u00e9e avec du molleton doux. La chaussure noire pour chien se ferme \u00e0 l'aide d'un velcro, ce qui permet de l'ajuster facilement. Ainsi, la chaussure pour chien n'est jamais trop serr\u00e9e autour de la patte.<\/p>","_fr_post_name":"trixie-walker-care-comfort-chaussures-pour-chien-s","_fr_post_excerpt":"","_fr_post_title":"Trixie Walker Care Comfort chaussures pour chien S | 2 pi\u00e8ces","_es_post_content":"<h1>Trixie Walker Care Comfort zapatos para perros<\/h1>\n<p>El calzado para perros Trixie Walker Care Comfort favorece el proceso de curaci\u00f3n en caso de lesiones. Esta protecci\u00f3n para las patas de los perros est\u00e1 fabricada en softshell y acolchada con suave forro polar. El zapato negro para perros se puede abrochar con velcro, lo que facilita el ajuste. De este modo, el zapato para perros nunca queda demasiado apretado alrededor de la pata.<\/p>","_es_post_name":"trixie-walker-care-comfort-zapatos-para-perros-s","_es_post_excerpt":"","_es_post_title":"Trixie Walker Care Comfort zapatos para perros S | 2 piezas","edit_language":"nl"},"product_brand":[],"product_cat":[1861,1862,1117,1857,1959],"product_tag":[],"class_list":{"0":"post-121202","1":"product","2":"type-product","3":"status-publish","4":"has-post-thumbnail","6":"product_cat-benodigdheden","7":"product_cat-ehbo","8":"product_cat-honden","9":"product_cat-merken","10":"product_cat-trixie","11":"pa_aandoening-overig","12":"pa_doeldier-hond","13":"pa_fabricatieland-duitsland","14":"pa_merkfilter-trixie","15":"pa_merkgroep-trixie","16":"pa_productsoort-overig","17":"pa_seo_canonical_store_id-not_found_value","18":"pa_seo_category-not_found_value","19":"pa_seo_meta_robots-not_found_value","20":"pa_toedieningswijze-schoenen","21":"pa_unit_pricing_base_measure-1ct","22":"pa_unit_pricing_measure-2ct","23":"pa_werkzamestof-overig","25":"first","26":"instock","27":"taxable","28":"shipping-taxable","29":"purchasable","30":"product-type-simple"},"yoast_head":"<!-- This site is optimized with the Yoast SEO plugin v27.5 - https:\/\/yoast.com\/product\/yoast-seo-wordpress\/ -->\n<title>Trixie Walker Care Comfort hondenschoenen S | 2 stuks - Pharmacy4pets<\/title>\n<meta name=\"robots\" content=\"index, follow, max-snippet:-1, max-image-preview:large, max-video-preview:-1\" \/>\n<link rel=\"canonical\" href=\"https:\/\/www.pharmacy4pets.nl\/trixie-walker-care-comfort-hondenschoenen-s\" \/>\n<meta property=\"og:locale\" content=\"nl_NL\" \/>\n<meta property=\"og:type\" content=\"article\" \/>\n<meta property=\"og:title\" content=\"Trixie Walker Care Comfort hondenschoenen S | 2 stuks - Pharmacy4pets\" \/>\n<meta property=\"og:description\" content=\"Trixie Walker Care Comfort hondenschoenen Trixie Walker Care Comfort hondenschoenen ondersteunen het genezingsproces bij verwondingen. Deze pootbescherming voor honden is gemaakt van softshell en opgevuld met zacht fleece. De zwarte hondenschoen is vast te maken met klittenband wat ervoor zorgt dat hij eenvoudig te verstellen is, hierdoor zit de hondenschoen nooit te strak om het [&hellip;]\" \/>\n<meta property=\"og:url\" content=\"https:\/\/www.pharmacy4pets.nl\/trixie-walker-care-comfort-hondenschoenen-s\" \/>\n<meta property=\"og:site_name\" content=\"Pharmacy4pets\" \/>\n<meta property=\"article:publisher\" content=\"https:\/\/www.facebook.com\/people\/Pharmacy4petsnl\/100063484989896\/\" \/>\n<meta property=\"article:modified_time\" content=\"2026-03-25T12:09:17+00:00\" \/>\n<meta property=\"og:image\" content=\"https:\/\/www.pharmacy4pets.nl\/wp-content\/uploads\/2025\/05\/Trixie_Walker_Care_Comfort_3.jpg\" \/>\n\t<meta property=\"og:image:width\" content=\"400\" \/>\n\t<meta property=\"og:image:height\" content=\"400\" \/>\n\t<meta property=\"og:image:type\" content=\"image\/jpeg\" \/>\n<meta name=\"twitter:card\" content=\"summary_large_image\" \/>\n<script type=\"application\/ld+json\" class=\"yoast-schema-graph\">{\"@context\":\"https:\\\/\\\/schema.org\",\"@graph\":[{\"@type\":\"WebPage\",\"@id\":\"https:\\\/\\\/www.pharmacy4pets.nl\\\/trixie-walker-care-comfort-hondenschoenen-s\",\"url\":\"https:\\\/\\\/www.pharmacy4pets.nl\\\/trixie-walker-care-comfort-hondenschoenen-s\",\"name\":\"Trixie Walker Care Comfort hondenschoenen S | 2 stuks - Pharmacy4pets\",\"isPartOf\":{\"@id\":\"http:\\\/\\\/www.pharmacy4pets.nl\\\/#website\"},\"primaryImageOfPage\":{\"@id\":\"https:\\\/\\\/www.pharmacy4pets.nl\\\/trixie-walker-care-comfort-hondenschoenen-s#primaryimage\"},\"image\":{\"@id\":\"https:\\\/\\\/www.pharmacy4pets.nl\\\/trixie-walker-care-comfort-hondenschoenen-s#primaryimage\"},\"thumbnailUrl\":\"https:\\\/\\\/www.pharmacy4pets.nl\\\/wp-content\\\/uploads\\\/2025\\\/05\\\/Trixie_Walker_Care_Comfort_3.jpg\",\"datePublished\":\"2025-05-26T16:02:22+00:00\",\"dateModified\":\"2026-03-25T12:09:17+00:00\",\"breadcrumb\":{\"@id\":\"https:\\\/\\\/www.pharmacy4pets.nl\\\/trixie-walker-care-comfort-hondenschoenen-s#breadcrumb\"},\"inLanguage\":\"nl-NL\",\"potentialAction\":[{\"@type\":\"ReadAction\",\"target\":[\"https:\\\/\\\/www.pharmacy4pets.nl\\\/trixie-walker-care-comfort-hondenschoenen-s\"]}]},{\"@type\":\"ImageObject\",\"inLanguage\":\"nl-NL\",\"@id\":\"https:\\\/\\\/www.pharmacy4pets.nl\\\/trixie-walker-care-comfort-hondenschoenen-s#primaryimage\",\"url\":\"https:\\\/\\\/www.pharmacy4pets.nl\\\/wp-content\\\/uploads\\\/2025\\\/05\\\/Trixie_Walker_Care_Comfort_3.jpg\",\"contentUrl\":\"https:\\\/\\\/www.pharmacy4pets.nl\\\/wp-content\\\/uploads\\\/2025\\\/05\\\/Trixie_Walker_Care_Comfort_3.jpg\",\"width\":400,\"height\":400,\"caption\":\"Trixie Walker Care Comfort\"},{\"@type\":\"BreadcrumbList\",\"@id\":\"https:\\\/\\\/www.pharmacy4pets.nl\\\/trixie-walker-care-comfort-hondenschoenen-s#breadcrumb\",\"itemListElement\":[{\"@type\":\"ListItem\",\"position\":1,\"name\":\"Home\",\"item\":\"https:\\\/\\\/p4p-nl.bootmine.com\\\/\"},{\"@type\":\"ListItem\",\"position\":2,\"name\":\"Winkel\",\"item\":\"https:\\\/\\\/p4p-nl.bootmine.com\\\/winkel\"},{\"@type\":\"ListItem\",\"position\":3,\"name\":\"Trixie Walker Care Comfort hondenschoenen S | 2 stuks\"}]},{\"@type\":\"WebSite\",\"@id\":\"http:\\\/\\\/www.pharmacy4pets.nl\\\/#website\",\"url\":\"http:\\\/\\\/www.pharmacy4pets.nl\\\/\",\"name\":\"Pharmacy4pets\",\"description\":\"Pharmacy4pets.nl is d\u00e9 online apotheek waar u terecht kunt voor alle diergeneesmiddelen, verzorgingsproducten en dieetvoeding voor uw huisdier.\",\"publisher\":{\"@id\":\"http:\\\/\\\/www.pharmacy4pets.nl\\\/#organization\"},\"potentialAction\":[{\"@type\":\"SearchAction\",\"target\":{\"@type\":\"EntryPoint\",\"urlTemplate\":\"http:\\\/\\\/www.pharmacy4pets.nl\\\/?s={search_term_string}\"},\"query-input\":{\"@type\":\"PropertyValueSpecification\",\"valueRequired\":true,\"valueName\":\"search_term_string\"}}],\"inLanguage\":\"nl-NL\"},{\"@type\":\"Organization\",\"@id\":\"http:\\\/\\\/www.pharmacy4pets.nl\\\/#organization\",\"name\":\"Pharmacy4pets\",\"url\":\"http:\\\/\\\/www.pharmacy4pets.nl\\\/\",\"logo\":{\"@type\":\"ImageObject\",\"inLanguage\":\"nl-NL\",\"@id\":\"http:\\\/\\\/www.pharmacy4pets.nl\\\/#\\\/schema\\\/logo\\\/image\\\/\",\"url\":\"https:\\\/\\\/p4p-nl.bootmine.com\\\/wp-content\\\/uploads\\\/2026\\\/03\\\/logo-pharmacy4pets.png\",\"contentUrl\":\"https:\\\/\\\/p4p-nl.bootmine.com\\\/wp-content\\\/uploads\\\/2026\\\/03\\\/logo-pharmacy4pets.png\",\"width\":1024,\"height\":135,\"caption\":\"Pharmacy4pets\"},\"image\":{\"@id\":\"http:\\\/\\\/www.pharmacy4pets.nl\\\/#\\\/schema\\\/logo\\\/image\\\/\"},\"sameAs\":[\"https:\\\/\\\/www.facebook.com\\\/people\\\/Pharmacy4petsnl\\\/100063484989896\\\/\",\"https:\\\/\\\/www.youtube.com\\\/channel\\\/UCGPTIgucgli03tP2_kvLkHg\\\/featured\",\"https:\\\/\\\/www.instagram.com\\\/pharmacy4pets.nl\"]}]}<\/script>\n<!-- \/ Yoast SEO plugin. -->","yoast_head_json":{"title":"Trixie Walker Care Comfort hondenschoenen S | 2 stuks - Pharmacy4pets","robots":{"index":"index","follow":"follow","max-snippet":"max-snippet:-1","max-image-preview":"max-image-preview:large","max-video-preview":"max-video-preview:-1"},"canonical":"https:\/\/www.pharmacy4pets.nl\/trixie-walker-care-comfort-hondenschoenen-s","og_locale":"nl_NL","og_type":"article","og_title":"Trixie Walker Care Comfort hondenschoenen S | 2 stuks - Pharmacy4pets","og_description":"Trixie Walker Care Comfort hondenschoenen Trixie Walker Care Comfort hondenschoenen ondersteunen het genezingsproces bij verwondingen. Deze pootbescherming voor honden is gemaakt van softshell en opgevuld met zacht fleece. De zwarte hondenschoen is vast te maken met klittenband wat ervoor zorgt dat hij eenvoudig te verstellen is, hierdoor zit de hondenschoen nooit te strak om het [&hellip;]","og_url":"https:\/\/www.pharmacy4pets.nl\/trixie-walker-care-comfort-hondenschoenen-s","og_site_name":"Pharmacy4pets","article_publisher":"https:\/\/www.facebook.com\/people\/Pharmacy4petsnl\/100063484989896\/","article_modified_time":"2026-03-25T12:09:17+00:00","og_image":[{"width":400,"height":400,"url":"https:\/\/www.pharmacy4pets.nl\/wp-content\/uploads\/2025\/05\/Trixie_Walker_Care_Comfort_3.jpg","type":"image\/jpeg"}],"twitter_card":"summary_large_image","schema":{"@context":"https:\/\/schema.org","@graph":[{"@type":"WebPage","@id":"https:\/\/www.pharmacy4pets.nl\/trixie-walker-care-comfort-hondenschoenen-s","url":"https:\/\/www.pharmacy4pets.nl\/trixie-walker-care-comfort-hondenschoenen-s","name":"Trixie Walker Care Comfort hondenschoenen S | 2 stuks - Pharmacy4pets","isPartOf":{"@id":"http:\/\/www.pharmacy4pets.nl\/#website"},"primaryImageOfPage":{"@id":"https:\/\/www.pharmacy4pets.nl\/trixie-walker-care-comfort-hondenschoenen-s#primaryimage"},"image":{"@id":"https:\/\/www.pharmacy4pets.nl\/trixie-walker-care-comfort-hondenschoenen-s#primaryimage"},"thumbnailUrl":"https:\/\/www.pharmacy4pets.nl\/wp-content\/uploads\/2025\/05\/Trixie_Walker_Care_Comfort_3.jpg","datePublished":"2025-05-26T16:02:22+00:00","dateModified":"2026-03-25T12:09:17+00:00","breadcrumb":{"@id":"https:\/\/www.pharmacy4pets.nl\/trixie-walker-care-comfort-hondenschoenen-s#breadcrumb"},"inLanguage":"nl-NL","potentialAction":[{"@type":"ReadAction","target":["https:\/\/www.pharmacy4pets.nl\/trixie-walker-care-comfort-hondenschoenen-s"]}]},{"@type":"ImageObject","inLanguage":"nl-NL","@id":"https:\/\/www.pharmacy4pets.nl\/trixie-walker-care-comfort-hondenschoenen-s#primaryimage","url":"https:\/\/www.pharmacy4pets.nl\/wp-content\/uploads\/2025\/05\/Trixie_Walker_Care_Comfort_3.jpg","contentUrl":"https:\/\/www.pharmacy4pets.nl\/wp-content\/uploads\/2025\/05\/Trixie_Walker_Care_Comfort_3.jpg","width":400,"height":400,"caption":"Trixie Walker Care Comfort"},{"@type":"BreadcrumbList","@id":"https:\/\/www.pharmacy4pets.nl\/trixie-walker-care-comfort-hondenschoenen-s#breadcrumb","itemListElement":[{"@type":"ListItem","position":1,"name":"Home","item":"https:\/\/p4p-nl.bootmine.com\/"},{"@type":"ListItem","position":2,"name":"Winkel","item":"https:\/\/p4p-nl.bootmine.com\/winkel"},{"@type":"ListItem","position":3,"name":"Trixie Walker Care Comfort hondenschoenen S | 2 stuks"}]},{"@type":"WebSite","@id":"http:\/\/www.pharmacy4pets.nl\/#website","url":"http:\/\/www.pharmacy4pets.nl\/","name":"Pharmacy4pets","description":"Pharmacy4pets.nl is d\u00e9 online apotheek waar u terecht kunt voor alle diergeneesmiddelen, verzorgingsproducten en dieetvoeding voor uw huisdier.","publisher":{"@id":"http:\/\/www.pharmacy4pets.nl\/#organization"},"potentialAction":[{"@type":"SearchAction","target":{"@type":"EntryPoint","urlTemplate":"http:\/\/www.pharmacy4pets.nl\/?s={search_term_string}"},"query-input":{"@type":"PropertyValueSpecification","valueRequired":true,"valueName":"search_term_string"}}],"inLanguage":"nl-NL"},{"@type":"Organization","@id":"http:\/\/www.pharmacy4pets.nl\/#organization","name":"Pharmacy4pets","url":"http:\/\/www.pharmacy4pets.nl\/","logo":{"@type":"ImageObject","inLanguage":"nl-NL","@id":"http:\/\/www.pharmacy4pets.nl\/#\/schema\/logo\/image\/","url":"https:\/\/p4p-nl.bootmine.com\/wp-content\/uploads\/2026\/03\/logo-pharmacy4pets.png","contentUrl":"https:\/\/p4p-nl.bootmine.com\/wp-content\/uploads\/2026\/03\/logo-pharmacy4pets.png","width":1024,"height":135,"caption":"Pharmacy4pets"},"image":{"@id":"http:\/\/www.pharmacy4pets.nl\/#\/schema\/logo\/image\/"},"sameAs":["https:\/\/www.facebook.com\/people\/Pharmacy4petsnl\/100063484989896\/","https:\/\/www.youtube.com\/channel\/UCGPTIgucgli03tP2_kvLkHg\/featured","https:\/\/www.instagram.com\/pharmacy4pets.nl"]}]}},"market_data":{"nl":{"price":0,"sale_price":0,"active":false,"url":null,"parent_url":"","tax_rate":0,"price_inc_tax":0,"sale_price_inc_tax":0},"de":{"price":0,"sale_price":0,"active":false,"url":null,"parent_url":"","tax_rate":0,"price_inc_tax":0,"sale_price_inc_tax":0},"be":{"price":0,"sale_price":0,"active":false,"url":null,"parent_url":"","tax_rate":0,"price_inc_tax":0,"sale_price_inc_tax":0},"fr":{"price":0,"sale_price":0,"active":false,"url":null,"parent_url":"","tax_rate":0,"price_inc_tax":0,"sale_price_inc_tax":0},"ch":{"price":0,"sale_price":0,"active":false,"url":null,"parent_url":"","tax_rate":0,"price_inc_tax":0,"sale_price_inc_tax":0},"at":{"price":0,"sale_price":0,"active":false,"url":null,"parent_url":"","tax_rate":0,"price_inc_tax":0,"sale_price_inc_tax":0},"es":{"price":0,"sale_price":0,"active":false,"url":null,"parent_url":"","tax_rate":0,"price_inc_tax":0,"sale_price_inc_tax":0},"dk":{"price":0,"sale_price":0,"active":false,"url":null,"parent_url":"","tax_rate":0,"price_inc_tax":0,"sale_price_inc_tax":0},"com":{"price":0,"sale_price":0,"active":false,"url":null,"parent_url":"","tax_rate":0,"price_inc_tax":0,"sale_price_inc_tax":0}},"market_nl_price":0,"market_nl_sale_price":0,"market_nl_active":false,"market_nl_url":null,"market_nl_parent_url":"","market_nl_tax_rate":0,"market_nl_price_inc_tax":0,"market_nl_sale_price_inc_tax":0,"market_de_price":0,"market_de_sale_price":0,"market_de_active":false,"market_de_url":null,"market_de_parent_url":"","market_de_tax_rate":0,"market_de_price_inc_tax":0,"market_de_sale_price_inc_tax":0,"market_be_price":0,"market_be_sale_price":0,"market_be_active":false,"market_be_url":null,"market_be_parent_url":"","market_be_tax_rate":0,"market_be_price_inc_tax":0,"market_be_sale_price_inc_tax":0,"market_fr_price":0,"market_fr_sale_price":0,"market_fr_active":false,"market_fr_url":null,"market_fr_parent_url":"","market_fr_tax_rate":0,"market_fr_price_inc_tax":0,"market_fr_sale_price_inc_tax":0,"market_ch_price":0,"market_ch_sale_price":0,"market_ch_active":false,"market_ch_url":null,"market_ch_parent_url":"","market_ch_tax_rate":0,"market_ch_price_inc_tax":0,"market_ch_sale_price_inc_tax":0,"market_at_price":0,"market_at_sale_price":0,"market_at_active":false,"market_at_url":null,"market_at_parent_url":"","market_at_tax_rate":0,"market_at_price_inc_tax":0,"market_at_sale_price_inc_tax":0,"market_es_price":0,"market_es_sale_price":0,"market_es_active":false,"market_es_url":null,"market_es_parent_url":"","market_es_tax_rate":0,"market_es_price_inc_tax":0,"market_es_sale_price_inc_tax":0,"market_dk_price":0,"market_dk_sale_price":0,"market_dk_active":false,"market_dk_url":null,"market_dk_parent_url":"","market_dk_tax_rate":0,"market_dk_price_inc_tax":0,"market_dk_sale_price_inc_tax":0,"market_com_price":0,"market_com_sale_price":0,"market_com_active":false,"market_com_url":null,"market_com_parent_url":"","market_com_tax_rate":0,"market_com_price_inc_tax":0,"market_com_sale_price_inc_tax":0,"acf":[],"_links":{"self":[{"href":"https:\/\/www.pharmacy4pets.nl\/be\/wp-json\/wp\/v2\/product\/121202","targetHints":{"allow":["GET"]}}],"collection":[{"href":"https:\/\/www.pharmacy4pets.nl\/be\/wp-json\/wp\/v2\/product"}],"about":[{"href":"https:\/\/www.pharmacy4pets.nl\/be\/wp-json\/wp\/v2\/types\/product"}],"replies":[{"embeddable":true,"href":"https:\/\/www.pharmacy4pets.nl\/be\/wp-json\/wp\/v2\/comments?post=121202"}],"wp:featuredmedia":[{"embeddable":true,"href":"https:\/\/www.pharmacy4pets.nl\/be\/wp-json\/wp\/v2\/media\/121201"}],"wp:attachment":[{"href":"https:\/\/www.pharmacy4pets.nl\/be\/wp-json\/wp\/v2\/media?parent=121202"}],"wp:term":[{"taxonomy":"product_brand","embeddable":true,"href":"https:\/\/www.pharmacy4pets.nl\/be\/wp-json\/wp\/v2\/product_brand?post=121202"},{"taxonomy":"product_cat","embeddable":true,"href":"https:\/\/www.pharmacy4pets.nl\/be\/wp-json\/wp\/v2\/product_cat?post=121202"},{"taxonomy":"product_tag","embeddable":true,"href":"https:\/\/www.pharmacy4pets.nl\/be\/wp-json\/wp\/v2\/product_tag?post=121202"}],"curies":[{"name":"wp","href":"https:\/\/api.w.org\/{rel}","templated":true}]}}