{"id":121192,"date":"2025-05-26T14:52:26","date_gmt":"2025-05-26T14:52:26","guid":{"rendered":"https:\/\/p4p.test\/trixie-speelstaf-veren"},"modified":"2026-03-25T12:09:14","modified_gmt":"2026-03-25T12:09:14","slug":"trixie-speelstaf-veren","status":"publish","type":"product","link":"https:\/\/www.pharmacy4pets.nl\/be\/trixie-speelstaf-veren","title":{"rendered":"Trixie speelstaf met veren"},"content":{"rendered":"<h1>Trixie Speelstaf met Veren<\/h1>\n<p><strong>Trixie Speelstaf met Veren<\/strong> is een leuke en interactieve speelhengel. De hengel is gemaakt van kunststof en is voorzien van kleurrijke veren, waardoor het jachtinstinct van uw kat op een speelse manier wordt geprikkeld.<\/p>\n<ul>\n<li><strong>Kleurrijke veren:<\/strong> Stimuleert het natuurlijke jachtgedrag van katten<\/li>\n<li><strong>Interactief speelplezier:<\/strong> Ideaal om samen met uw kat te spelen en de band te versterken<\/li>\n<li><strong>Gemaakt van kunststof:<\/strong> Duurzaam en lichtgewicht materiaal<\/li>\n<li><strong>Geschikt voor elke kat:<\/strong> Zowel voor volwassen katten als voor kittens<\/li>\n<\/ul>\n","protected":false},"excerpt":{"rendered":"<p>Trixie Speelstaf met Veren Trixie Speelstaf met Veren is een leuke en interactieve speelhengel. De hengel is gemaakt van kunststof en is voorzien van kleurrijke veren, waardoor het jachtinstinct van uw kat op een speelse manier wordt geprikkeld. Kleurrijke veren: Stimuleert het natuurlijke jachtgedrag van katten Interactief speelplezier: Ideaal om samen met uw kat te [&hellip;]<\/p>\n","protected":false},"featured_media":121191,"comment_status":"open","ping_status":"closed","template":"","meta":{"_acf_changed":false,"_nl_post_content":"<h1>Trixie Speelstaf met Veren<\/h1>\r\n<p><strong>Trixie Speelstaf met Veren<\/strong> is een leuke en interactieve speelhengel. De hengel is gemaakt van kunststof en is voorzien van kleurrijke veren, waardoor het jachtinstinct van uw kat op een speelse manier wordt geprikkeld.<\/p>\r\n<ul>\r\n<li><strong>Kleurrijke veren:<\/strong> Stimuleert het natuurlijke jachtgedrag van katten<\/li>\r\n<li><strong>Interactief speelplezier:<\/strong> Ideaal om samen met uw kat te spelen en de band te versterken<\/li>\r\n<li><strong>Gemaakt van kunststof:<\/strong> Duurzaam en lichtgewicht materiaal<\/li>\r\n<li><strong>Geschikt voor elke kat:<\/strong> Zowel voor volwassen katten als voor kittens<\/li>\r\n<\/ul>","_nl_post_name":"trixie-speelstaf-veren","_nl_post_excerpt":"","_nl_post_title":"Trixie speelstaf met veren","_en_post_content":"<h1>Trixie Feather Play Wand<\/h1>\r\n<p><strong>Trixie Feather Play Wand<\/strong> is a fun and interactive play wand. Made from plastic and featuring colorful feathers, it stimulates your cat\u2019s natural hunting instincts in a playful way.<\/p>\r\n<ul>\r\n<li><strong>Colorful feathers:<\/strong> Triggers your cat\u2019s natural hunting behavior<\/li>\r\n<li><strong>Interactive fun:<\/strong> Perfect for playing together and strengthening your bond<\/li>\r\n<li><strong>Made from plastic:<\/strong> Durable and lightweight material<\/li>\r\n<li><strong>Suitable for all cats:<\/strong> Ideal for both adult cats and kittens<\/li>\r\n<\/ul>","_en_post_name":"trixie-feather-play-wand","_en_post_excerpt":"","_en_post_title":"Trixie Feather Play Wand","_de_post_content":"<h1>Trixie Spielstab mit Federn<\/h1>\r\n<p><strong>Trixie Spielstab mit Federn<\/strong> ist eine lustige und interaktive Spielangel. Der Stab besteht aus Kunststoff und ist mit bunten Federn versehen, die den Jagdinstinkt Ihrer Katze auf spielerische Weise anregen.<\/p>\r\n<ul>\r\n<li><strong>Bunte Federn:<\/strong> Regt das nat\u00fcrliche Jagdverhalten von Katzen an<\/li>\r\n<li><strong>Interaktiver Spielspa\u00df:<\/strong> Ideal zum gemeinsamen Spielen und zur St\u00e4rkung der Bindung<\/li>\r\n<li><strong>Aus Kunststoff gefertigt:<\/strong> Langlebiges und leichtes Material<\/li>\r\n<li><strong>Geeignet f\u00fcr alle Katzen:<\/strong> Sowohl f\u00fcr erwachsene Katzen als auch f\u00fcr K\u00e4tzchen<\/li>\r\n<\/ul>","_de_post_name":"trixie-spielstab-federn","_de_post_excerpt":"","_de_post_title":"Trixie Spielstab mit Federn","_fr_post_content":"<h1>Trixie B\u00e2ton de Jeu avec Plumes<\/h1>\r\n<p><strong>Trixie B\u00e2ton de Jeu avec Plumes<\/strong> est une canne de jeu amusante et interactive. Fabriqu\u00e9e en plastique et orn\u00e9e de plumes color\u00e9es, elle stimule l\u2019instinct naturel de chasse de votre chat de mani\u00e8re ludique.<\/p>\r\n<ul>\r\n<li><strong>Plumes color\u00e9es\u00a0:<\/strong> \u00c9veille l\u2019instinct naturel de chasse des chats<\/li>\r\n<li><strong>Jeu interactif\u00a0:<\/strong> Id\u00e9ale pour jouer avec votre chat et renforcer votre lien<\/li>\r\n<li><strong>Fabriqu\u00e9e en plastique\u00a0:<\/strong> Mat\u00e9riau durable et l\u00e9ger<\/li>\r\n<li><strong>Convient \u00e0 tous les chats\u00a0:<\/strong> Adapt\u00e9e aux chats adultes comme aux chatons<\/li>\r\n<\/ul>","_fr_post_name":"trixie-baton-jeu-plume","_fr_post_excerpt":"","_fr_post_title":"Trixie B\u00e2ton de Jeu avec Plume","_es_post_content":"<h1>Trixie Vara de Juego con Plumas<\/h1>\r\n<p><strong>Trixie Vara de Juego con Plumas<\/strong> es una ca\u00f1a de juego divertida e interactiva. Fabricada en pl\u00e1stico y equipada con plumas de colores, estimula de forma l\u00fadica el instinto natural de caza de tu gato.<\/p>\r\n<ul>\r\n<li><strong>Plumas de colores:<\/strong> Despierta el comportamiento natural de caza de los gatos<\/li>\r\n<li><strong>Diversi\u00f3n interactiva:<\/strong> Ideal para jugar juntos y fortalecer el v\u00ednculo con tu gato<\/li>\r\n<li><strong>Fabricada en pl\u00e1stico:<\/strong> Material duradero y ligero<\/li>\r\n<li><strong>Apta para todos los gatos:<\/strong> Perfecta para gatos adultos y gatitos<\/li>\r\n<\/ul>","_es_post_name":"trixie-vara-juego-plumas","_es_post_excerpt":"","_es_post_title":"Trixie Vara de Juego con Plumas","edit_language":"nl"},"product_brand":[],"product_cat":[2182,1891,1118,1895,2178,1857,2194,1959],"product_tag":[],"class_list":{"0":"post-121192","1":"product","2":"type-product","3":"status-publish","4":"has-post-thumbnail","6":"product_cat-kitten-benodigdheden","7":"product_cat-benodigdheden","8":"product_cat-katten","9":"product_cat-kattenspeelgoed","10":"product_cat-kitten","11":"product_cat-merken","12":"product_cat-kitten-speelgoed","13":"product_cat-trixie","14":"pa_aandoening-overig","15":"pa_doeldier-kat","16":"pa_fabricatieland-duitsland","17":"pa_merkfilter-trixie","18":"pa_merkgroep-trixie","19":"pa_productsoort-overig","20":"pa_toedieningswijze-speelgoed","21":"pa_unit_pricing_base_measure-1ct","22":"pa_unit_pricing_measure-1ct","23":"pa_werkzamestof-overig","25":"first","26":"instock","27":"taxable","28":"shipping-taxable","29":"purchasable","30":"product-type-simple"},"yoast_head":"<!-- This site is optimized with the Yoast SEO plugin v27.5 - https:\/\/yoast.com\/product\/yoast-seo-wordpress\/ -->\n<title>Trixie speelstaf met veren - Pharmacy4pets<\/title>\n<meta name=\"robots\" content=\"index, follow, max-snippet:-1, max-image-preview:large, max-video-preview:-1\" \/>\n<link rel=\"canonical\" href=\"https:\/\/www.pharmacy4pets.nl\/trixie-speelstaf-veren\" \/>\n<meta property=\"og:locale\" content=\"nl_NL\" \/>\n<meta property=\"og:type\" content=\"article\" \/>\n<meta property=\"og:title\" content=\"Trixie speelstaf met veren - Pharmacy4pets\" \/>\n<meta property=\"og:description\" content=\"Trixie Speelstaf met Veren Trixie Speelstaf met Veren is een leuke en interactieve speelhengel. De hengel is gemaakt van kunststof en is voorzien van kleurrijke veren, waardoor het jachtinstinct van uw kat op een speelse manier wordt geprikkeld. Kleurrijke veren: Stimuleert het natuurlijke jachtgedrag van katten Interactief speelplezier: Ideaal om samen met uw kat te [&hellip;]\" \/>\n<meta property=\"og:url\" content=\"https:\/\/www.pharmacy4pets.nl\/trixie-speelstaf-veren\" \/>\n<meta property=\"og:site_name\" content=\"Pharmacy4pets\" \/>\n<meta property=\"article:publisher\" content=\"https:\/\/www.facebook.com\/people\/Pharmacy4petsnl\/100063484989896\/\" \/>\n<meta property=\"article:modified_time\" content=\"2026-03-25T12:09:14+00:00\" \/>\n<meta property=\"og:image\" content=\"https:\/\/www.pharmacy4pets.nl\/wp-content\/uploads\/2025\/05\/27018.jpg\" \/>\n\t<meta property=\"og:image:width\" content=\"650\" \/>\n\t<meta property=\"og:image:height\" content=\"560\" \/>\n\t<meta property=\"og:image:type\" content=\"image\/jpeg\" \/>\n<meta name=\"twitter:card\" content=\"summary_large_image\" \/>\n<script type=\"application\/ld+json\" class=\"yoast-schema-graph\">{\"@context\":\"https:\\\/\\\/schema.org\",\"@graph\":[{\"@type\":\"WebPage\",\"@id\":\"https:\\\/\\\/www.pharmacy4pets.nl\\\/trixie-speelstaf-veren\",\"url\":\"https:\\\/\\\/www.pharmacy4pets.nl\\\/trixie-speelstaf-veren\",\"name\":\"Trixie speelstaf met veren - Pharmacy4pets\",\"isPartOf\":{\"@id\":\"http:\\\/\\\/www.pharmacy4pets.nl\\\/#website\"},\"primaryImageOfPage\":{\"@id\":\"https:\\\/\\\/www.pharmacy4pets.nl\\\/trixie-speelstaf-veren#primaryimage\"},\"image\":{\"@id\":\"https:\\\/\\\/www.pharmacy4pets.nl\\\/trixie-speelstaf-veren#primaryimage\"},\"thumbnailUrl\":\"https:\\\/\\\/www.pharmacy4pets.nl\\\/wp-content\\\/uploads\\\/2025\\\/05\\\/27018.jpg\",\"datePublished\":\"2025-05-26T14:52:26+00:00\",\"dateModified\":\"2026-03-25T12:09:14+00:00\",\"breadcrumb\":{\"@id\":\"https:\\\/\\\/www.pharmacy4pets.nl\\\/trixie-speelstaf-veren#breadcrumb\"},\"inLanguage\":\"nl-NL\",\"potentialAction\":[{\"@type\":\"ReadAction\",\"target\":[\"https:\\\/\\\/www.pharmacy4pets.nl\\\/trixie-speelstaf-veren\"]}]},{\"@type\":\"ImageObject\",\"inLanguage\":\"nl-NL\",\"@id\":\"https:\\\/\\\/www.pharmacy4pets.nl\\\/trixie-speelstaf-veren#primaryimage\",\"url\":\"https:\\\/\\\/www.pharmacy4pets.nl\\\/wp-content\\\/uploads\\\/2025\\\/05\\\/27018.jpg\",\"contentUrl\":\"https:\\\/\\\/www.pharmacy4pets.nl\\\/wp-content\\\/uploads\\\/2025\\\/05\\\/27018.jpg\",\"width\":650,\"height\":560,\"caption\":\"Trixie speelstaf met veren-0\"},{\"@type\":\"BreadcrumbList\",\"@id\":\"https:\\\/\\\/www.pharmacy4pets.nl\\\/trixie-speelstaf-veren#breadcrumb\",\"itemListElement\":[{\"@type\":\"ListItem\",\"position\":1,\"name\":\"Home\",\"item\":\"https:\\\/\\\/p4p-nl.bootmine.com\\\/\"},{\"@type\":\"ListItem\",\"position\":2,\"name\":\"Winkel\",\"item\":\"https:\\\/\\\/p4p-nl.bootmine.com\\\/winkel\"},{\"@type\":\"ListItem\",\"position\":3,\"name\":\"Trixie speelstaf met veren\"}]},{\"@type\":\"WebSite\",\"@id\":\"http:\\\/\\\/www.pharmacy4pets.nl\\\/#website\",\"url\":\"http:\\\/\\\/www.pharmacy4pets.nl\\\/\",\"name\":\"Pharmacy4pets\",\"description\":\"Pharmacy4pets.nl is d\u00e9 online apotheek waar u terecht kunt voor alle diergeneesmiddelen, verzorgingsproducten en dieetvoeding voor uw huisdier.\",\"publisher\":{\"@id\":\"http:\\\/\\\/www.pharmacy4pets.nl\\\/#organization\"},\"potentialAction\":[{\"@type\":\"SearchAction\",\"target\":{\"@type\":\"EntryPoint\",\"urlTemplate\":\"http:\\\/\\\/www.pharmacy4pets.nl\\\/?s={search_term_string}\"},\"query-input\":{\"@type\":\"PropertyValueSpecification\",\"valueRequired\":true,\"valueName\":\"search_term_string\"}}],\"inLanguage\":\"nl-NL\"},{\"@type\":\"Organization\",\"@id\":\"http:\\\/\\\/www.pharmacy4pets.nl\\\/#organization\",\"name\":\"Pharmacy4pets\",\"url\":\"http:\\\/\\\/www.pharmacy4pets.nl\\\/\",\"logo\":{\"@type\":\"ImageObject\",\"inLanguage\":\"nl-NL\",\"@id\":\"http:\\\/\\\/www.pharmacy4pets.nl\\\/#\\\/schema\\\/logo\\\/image\\\/\",\"url\":\"https:\\\/\\\/p4p-nl.bootmine.com\\\/wp-content\\\/uploads\\\/2026\\\/03\\\/logo-pharmacy4pets.png\",\"contentUrl\":\"https:\\\/\\\/p4p-nl.bootmine.com\\\/wp-content\\\/uploads\\\/2026\\\/03\\\/logo-pharmacy4pets.png\",\"width\":1024,\"height\":135,\"caption\":\"Pharmacy4pets\"},\"image\":{\"@id\":\"http:\\\/\\\/www.pharmacy4pets.nl\\\/#\\\/schema\\\/logo\\\/image\\\/\"},\"sameAs\":[\"https:\\\/\\\/www.facebook.com\\\/people\\\/Pharmacy4petsnl\\\/100063484989896\\\/\",\"https:\\\/\\\/www.youtube.com\\\/channel\\\/UCGPTIgucgli03tP2_kvLkHg\\\/featured\",\"https:\\\/\\\/www.instagram.com\\\/pharmacy4pets.nl\"]}]}<\/script>\n<!-- \/ Yoast SEO plugin. -->","yoast_head_json":{"title":"Trixie speelstaf met veren - Pharmacy4pets","robots":{"index":"index","follow":"follow","max-snippet":"max-snippet:-1","max-image-preview":"max-image-preview:large","max-video-preview":"max-video-preview:-1"},"canonical":"https:\/\/www.pharmacy4pets.nl\/trixie-speelstaf-veren","og_locale":"nl_NL","og_type":"article","og_title":"Trixie speelstaf met veren - Pharmacy4pets","og_description":"Trixie Speelstaf met Veren Trixie Speelstaf met Veren is een leuke en interactieve speelhengel. De hengel is gemaakt van kunststof en is voorzien van kleurrijke veren, waardoor het jachtinstinct van uw kat op een speelse manier wordt geprikkeld. Kleurrijke veren: Stimuleert het natuurlijke jachtgedrag van katten Interactief speelplezier: Ideaal om samen met uw kat te [&hellip;]","og_url":"https:\/\/www.pharmacy4pets.nl\/trixie-speelstaf-veren","og_site_name":"Pharmacy4pets","article_publisher":"https:\/\/www.facebook.com\/people\/Pharmacy4petsnl\/100063484989896\/","article_modified_time":"2026-03-25T12:09:14+00:00","og_image":[{"width":650,"height":560,"url":"https:\/\/www.pharmacy4pets.nl\/wp-content\/uploads\/2025\/05\/27018.jpg","type":"image\/jpeg"}],"twitter_card":"summary_large_image","schema":{"@context":"https:\/\/schema.org","@graph":[{"@type":"WebPage","@id":"https:\/\/www.pharmacy4pets.nl\/trixie-speelstaf-veren","url":"https:\/\/www.pharmacy4pets.nl\/trixie-speelstaf-veren","name":"Trixie speelstaf met veren - Pharmacy4pets","isPartOf":{"@id":"http:\/\/www.pharmacy4pets.nl\/#website"},"primaryImageOfPage":{"@id":"https:\/\/www.pharmacy4pets.nl\/trixie-speelstaf-veren#primaryimage"},"image":{"@id":"https:\/\/www.pharmacy4pets.nl\/trixie-speelstaf-veren#primaryimage"},"thumbnailUrl":"https:\/\/www.pharmacy4pets.nl\/wp-content\/uploads\/2025\/05\/27018.jpg","datePublished":"2025-05-26T14:52:26+00:00","dateModified":"2026-03-25T12:09:14+00:00","breadcrumb":{"@id":"https:\/\/www.pharmacy4pets.nl\/trixie-speelstaf-veren#breadcrumb"},"inLanguage":"nl-NL","potentialAction":[{"@type":"ReadAction","target":["https:\/\/www.pharmacy4pets.nl\/trixie-speelstaf-veren"]}]},{"@type":"ImageObject","inLanguage":"nl-NL","@id":"https:\/\/www.pharmacy4pets.nl\/trixie-speelstaf-veren#primaryimage","url":"https:\/\/www.pharmacy4pets.nl\/wp-content\/uploads\/2025\/05\/27018.jpg","contentUrl":"https:\/\/www.pharmacy4pets.nl\/wp-content\/uploads\/2025\/05\/27018.jpg","width":650,"height":560,"caption":"Trixie speelstaf met veren-0"},{"@type":"BreadcrumbList","@id":"https:\/\/www.pharmacy4pets.nl\/trixie-speelstaf-veren#breadcrumb","itemListElement":[{"@type":"ListItem","position":1,"name":"Home","item":"https:\/\/p4p-nl.bootmine.com\/"},{"@type":"ListItem","position":2,"name":"Winkel","item":"https:\/\/p4p-nl.bootmine.com\/winkel"},{"@type":"ListItem","position":3,"name":"Trixie speelstaf met veren"}]},{"@type":"WebSite","@id":"http:\/\/www.pharmacy4pets.nl\/#website","url":"http:\/\/www.pharmacy4pets.nl\/","name":"Pharmacy4pets","description":"Pharmacy4pets.nl is d\u00e9 online apotheek waar u terecht kunt voor alle diergeneesmiddelen, verzorgingsproducten en dieetvoeding voor uw huisdier.","publisher":{"@id":"http:\/\/www.pharmacy4pets.nl\/#organization"},"potentialAction":[{"@type":"SearchAction","target":{"@type":"EntryPoint","urlTemplate":"http:\/\/www.pharmacy4pets.nl\/?s={search_term_string}"},"query-input":{"@type":"PropertyValueSpecification","valueRequired":true,"valueName":"search_term_string"}}],"inLanguage":"nl-NL"},{"@type":"Organization","@id":"http:\/\/www.pharmacy4pets.nl\/#organization","name":"Pharmacy4pets","url":"http:\/\/www.pharmacy4pets.nl\/","logo":{"@type":"ImageObject","inLanguage":"nl-NL","@id":"http:\/\/www.pharmacy4pets.nl\/#\/schema\/logo\/image\/","url":"https:\/\/p4p-nl.bootmine.com\/wp-content\/uploads\/2026\/03\/logo-pharmacy4pets.png","contentUrl":"https:\/\/p4p-nl.bootmine.com\/wp-content\/uploads\/2026\/03\/logo-pharmacy4pets.png","width":1024,"height":135,"caption":"Pharmacy4pets"},"image":{"@id":"http:\/\/www.pharmacy4pets.nl\/#\/schema\/logo\/image\/"},"sameAs":["https:\/\/www.facebook.com\/people\/Pharmacy4petsnl\/100063484989896\/","https:\/\/www.youtube.com\/channel\/UCGPTIgucgli03tP2_kvLkHg\/featured","https:\/\/www.instagram.com\/pharmacy4pets.nl"]}]}},"market_data":{"nl":{"price":0,"sale_price":0,"active":false,"url":null,"parent_url":"","tax_rate":0,"price_inc_tax":0,"sale_price_inc_tax":0},"de":{"price":0,"sale_price":0,"active":false,"url":null,"parent_url":"","tax_rate":0,"price_inc_tax":0,"sale_price_inc_tax":0},"be":{"price":0,"sale_price":0,"active":false,"url":null,"parent_url":"","tax_rate":0,"price_inc_tax":0,"sale_price_inc_tax":0},"fr":{"price":0,"sale_price":0,"active":false,"url":null,"parent_url":"","tax_rate":0,"price_inc_tax":0,"sale_price_inc_tax":0},"ch":{"price":0,"sale_price":0,"active":false,"url":null,"parent_url":"","tax_rate":0,"price_inc_tax":0,"sale_price_inc_tax":0},"at":{"price":0,"sale_price":0,"active":false,"url":null,"parent_url":"","tax_rate":0,"price_inc_tax":0,"sale_price_inc_tax":0},"es":{"price":0,"sale_price":0,"active":false,"url":null,"parent_url":"","tax_rate":0,"price_inc_tax":0,"sale_price_inc_tax":0},"dk":{"price":0,"sale_price":0,"active":false,"url":null,"parent_url":"","tax_rate":0,"price_inc_tax":0,"sale_price_inc_tax":0},"com":{"price":0,"sale_price":0,"active":false,"url":null,"parent_url":"","tax_rate":0,"price_inc_tax":0,"sale_price_inc_tax":0}},"market_nl_price":0,"market_nl_sale_price":0,"market_nl_active":false,"market_nl_url":null,"market_nl_parent_url":"","market_nl_tax_rate":0,"market_nl_price_inc_tax":0,"market_nl_sale_price_inc_tax":0,"market_de_price":0,"market_de_sale_price":0,"market_de_active":false,"market_de_url":null,"market_de_parent_url":"","market_de_tax_rate":0,"market_de_price_inc_tax":0,"market_de_sale_price_inc_tax":0,"market_be_price":0,"market_be_sale_price":0,"market_be_active":false,"market_be_url":null,"market_be_parent_url":"","market_be_tax_rate":0,"market_be_price_inc_tax":0,"market_be_sale_price_inc_tax":0,"market_fr_price":0,"market_fr_sale_price":0,"market_fr_active":false,"market_fr_url":null,"market_fr_parent_url":"","market_fr_tax_rate":0,"market_fr_price_inc_tax":0,"market_fr_sale_price_inc_tax":0,"market_ch_price":0,"market_ch_sale_price":0,"market_ch_active":false,"market_ch_url":null,"market_ch_parent_url":"","market_ch_tax_rate":0,"market_ch_price_inc_tax":0,"market_ch_sale_price_inc_tax":0,"market_at_price":0,"market_at_sale_price":0,"market_at_active":false,"market_at_url":null,"market_at_parent_url":"","market_at_tax_rate":0,"market_at_price_inc_tax":0,"market_at_sale_price_inc_tax":0,"market_es_price":0,"market_es_sale_price":0,"market_es_active":false,"market_es_url":null,"market_es_parent_url":"","market_es_tax_rate":0,"market_es_price_inc_tax":0,"market_es_sale_price_inc_tax":0,"market_dk_price":0,"market_dk_sale_price":0,"market_dk_active":false,"market_dk_url":null,"market_dk_parent_url":"","market_dk_tax_rate":0,"market_dk_price_inc_tax":0,"market_dk_sale_price_inc_tax":0,"market_com_price":0,"market_com_sale_price":0,"market_com_active":false,"market_com_url":null,"market_com_parent_url":"","market_com_tax_rate":0,"market_com_price_inc_tax":0,"market_com_sale_price_inc_tax":0,"acf":[],"_links":{"self":[{"href":"https:\/\/www.pharmacy4pets.nl\/be\/wp-json\/wp\/v2\/product\/121192","targetHints":{"allow":["GET"]}}],"collection":[{"href":"https:\/\/www.pharmacy4pets.nl\/be\/wp-json\/wp\/v2\/product"}],"about":[{"href":"https:\/\/www.pharmacy4pets.nl\/be\/wp-json\/wp\/v2\/types\/product"}],"replies":[{"embeddable":true,"href":"https:\/\/www.pharmacy4pets.nl\/be\/wp-json\/wp\/v2\/comments?post=121192"}],"wp:featuredmedia":[{"embeddable":true,"href":"https:\/\/www.pharmacy4pets.nl\/be\/wp-json\/wp\/v2\/media\/121191"}],"wp:attachment":[{"href":"https:\/\/www.pharmacy4pets.nl\/be\/wp-json\/wp\/v2\/media?parent=121192"}],"wp:term":[{"taxonomy":"product_brand","embeddable":true,"href":"https:\/\/www.pharmacy4pets.nl\/be\/wp-json\/wp\/v2\/product_brand?post=121192"},{"taxonomy":"product_cat","embeddable":true,"href":"https:\/\/www.pharmacy4pets.nl\/be\/wp-json\/wp\/v2\/product_cat?post=121192"},{"taxonomy":"product_tag","embeddable":true,"href":"https:\/\/www.pharmacy4pets.nl\/be\/wp-json\/wp\/v2\/product_tag?post=121192"}],"curies":[{"name":"wp","href":"https:\/\/api.w.org\/{rel}","templated":true}]}}