{"id":121188,"date":"2025-05-26T14:33:26","date_gmt":"2025-05-26T14:33:26","guid":{"rendered":"https:\/\/p4p.test\/trixie-flip-board-kat"},"modified":"2026-03-25T12:09:13","modified_gmt":"2026-03-25T12:09:13","slug":"trixie-flip-board-kat","status":"publish","type":"product","link":"https:\/\/www.pharmacy4pets.nl\/be\/trixie-flip-board-kat","title":{"rendered":"Trixie Flip Board voerpuzzel | Kat"},"content":{"rendered":"<h1>Trixie Flip Board<\/h1>\n<p>Dit interactieve spel daagt uw kat uit om op speelse wijze snacks of droogvoer te bemachtigen door verschillende openingstechnieken te ontdekken en toe te passen. Zo wordt uw kat direct beloond en blijft hij gefocust en gemotiveerd. Dankzij de afwisseling van oefeningen, zoals inkepingen met klap- en schuifdeksels en twee bollen die met de pootjes omgestoten moeten worden, blijft het speelgoed steeds boeiend en uitdagend.<\/p>\n<h2><strong>Voordelen van het Trixie Flip Board Intelligentiespeelgoed<\/strong><\/h2>\n<ul>\n<li>Interactief speelgoed voor katten van alle rassen en maten<\/li>\n<li>Afmeting: \u00d8 23 cm x H 8 cm<\/li>\n<li>Materiaal: 100% kunststof<\/li>\n<li>Met 2 bollen, inkepingen met klap- en schuifdeksels<\/li>\n<li>Directe beloning motiveert uw kat<\/li>\n<li>Stimuleert concentratie en vaardigheid<\/li>\n<li>Antislip en stabiel door rubberen ring<\/li>\n<li>Inclusief trainingshandleiding voor optimale training<\/li>\n<\/ul>\n<h2><strong>Gebruik &amp; Veiligheid<\/strong><\/h2>\n<p>Zoals bij elk ander product is het belangrijk uw kat tijdens het spelen in de gaten te houden. Controleer het speelgoed regelmatig op beschadigingen en vervang het bij defecten of ontbrekende onderdelen om verwondingen te voorkomen..<\/p>\n","protected":false},"excerpt":{"rendered":"<p>Trixie Flip Board Dit interactieve spel daagt uw kat uit om op speelse wijze snacks of droogvoer te bemachtigen door verschillende openingstechnieken te ontdekken en toe te passen. Zo wordt uw kat direct beloond en blijft hij gefocust en gemotiveerd. Dankzij de afwisseling van oefeningen, zoals inkepingen met klap- en schuifdeksels en twee bollen die [&hellip;]<\/p>\n","protected":false},"featured_media":121185,"comment_status":"open","ping_status":"closed","template":"","meta":{"_acf_changed":false,"_nl_post_content":"<h1>Trixie Flip Board<\/h1>\n<p>Dit interactieve spel daagt uw kat uit om op speelse wijze snacks of droogvoer te bemachtigen door verschillende openingstechnieken te ontdekken en toe te passen. Zo wordt uw kat direct beloond en blijft hij gefocust en gemotiveerd. Dankzij de afwisseling van oefeningen, zoals inkepingen met klap- en schuifdeksels en twee bollen die met de pootjes omgestoten moeten worden, blijft het speelgoed steeds boeiend en uitdagend.<\/p>\n<h2><strong>Voordelen van het Trixie Flip Board Intelligentiespeelgoed<\/strong><\/h2>\n<ul>\n<li>Interactief speelgoed voor katten van alle rassen en maten<\/li>\n<li>Afmeting: \u00d8 23 cm x H 8 cm<\/li>\n<li>Materiaal: 100% kunststof<\/li>\n<li>Met 2 bollen, inkepingen met klap- en schuifdeksels<\/li>\n<li>Directe beloning motiveert uw kat<\/li>\n<li>Stimuleert concentratie en vaardigheid<\/li>\n<li>Antislip en stabiel door rubberen ring<\/li>\n<li>Inclusief trainingshandleiding voor optimale training<\/li>\n<\/ul>\n<h2><strong>Gebruik &amp; Veiligheid<\/strong><\/h2>\n<p>Zoals bij elk ander product is het belangrijk uw kat tijdens het spelen in de gaten te houden. Controleer het speelgoed regelmatig op beschadigingen en vervang het bij defecten of ontbrekende onderdelen om verwondingen te voorkomen..<\/p>","_nl_post_name":"trixie-flip-board-kat","_nl_post_excerpt":"","_nl_post_title":"Trixie Flip Board voerpuzzel | Kat","_en_post_content":"<h1>Trixie Flip Board<\/h1>\n<p>This interactive game challenges your cat to obtain snacks or dry food in a playful way by discovering and applying various opening techniques. This way, your cat is rewarded instantly and stays focused and motivated. Thanks to the variety of activities \u2013 such as indentations with flip and slide lids and two balls that must be knocked over with the paws \u2013 the toy remains exciting and challenging.<\/p>\n<h2><strong>Advantages of the Trixie Flip Board Intelligence Toy<\/strong><\/h2>\n<ul>\n<li>Interactive toy for cats of all breeds and sizes<\/li>\n<li>Dimensions: \u00d8 23 cm x H 8 cm<\/li>\n<li>Material: 100% plastic<\/li>\n<li>Includes 2 balls, indentations with flip and slide lids<\/li>\n<li>Instant reward motivates your cat<\/li>\n<li>Encourages concentration and skill<\/li>\n<li>Non-slip and stable thanks to rubber ring<\/li>\n<li>Includes training manual for optimal training<\/li>\n<\/ul>\n<h2><strong>Usage &amp; Safety<\/strong><\/h2>\n<p>As with any other product, it is important to supervise your cat while playing. Check the toy regularly for damage and replace it if defective or if parts are missing to avoid injury..<\/p>","_en_post_name":"trixie-flip-board-cat","_en_post_excerpt":"","_en_post_title":"Trixie Flip Board | Cat","_de_post_content":"<h1>Trixie Flip Board<\/h1>\n<p>Dieses interaktive Spiel fordert Ihre Katze heraus, auf spielerische Weise Snacks oder Trockenfutter zu ergattern, indem sie verschiedene \u00d6ffnungstechniken entdeckt und anwendet. So wird Ihre Katze direkt belohnt und bleibt fokussiert und motiviert. Dank der Abwechslung durch verschiedene \u00dcbungen \u2013 wie Vertiefungen mit Klapp- und Schiebedeckeln sowie zwei Kugeln, die mit den Pfoten umgesto\u00dfen werden m\u00fcssen \u2013 bleibt das Spielzeug stets spannend und herausfordernd.<\/p>\n<h2><strong>Vorteile des Trixie Flip Board Intelligenzspielzeugs<\/strong><\/h2>\n<ul>\n<li>Interaktives Spielzeug f\u00fcr Katzen aller Rassen und Gr\u00f6\u00dfen<\/li>\n<li>Ma\u00dfe: \u00d8 23 cm x H 8 cm<\/li>\n<li>Material: 100 % Kunststoff<\/li>\n<li>Mit 2 Kugeln, Vertiefungen mit Klapp- und Schiebedeckeln<\/li>\n<li>Direkte Belohnung motiviert Ihre Katze<\/li>\n<li>F\u00f6rdert Konzentration und Geschicklichkeit<\/li>\n<li>Rutschfest und stabil durch Gummiring<\/li>\n<li>Inklusive Trainingsanleitung f\u00fcr optimales Training<\/li>\n<\/ul>\n<h2><strong>Anwendung &amp; Sicherheit<\/strong><\/h2>\n<p>Wie bei jedem anderen Produkt ist es wichtig, Ihre Katze w\u00e4hrend des Spielens im Auge zu behalten. \u00dcberpr\u00fcfen Sie das Spielzeug regelm\u00e4\u00dfig auf Besch\u00e4digungen und ersetzen Sie es bei Defekten oder fehlenden Teilen, um Verletzungen zu vermeiden..<\/p>","_de_post_name":"trixie-flip-board-katze","_de_post_excerpt":"","_de_post_title":"Trixie Flip Board | Katze","_fr_post_content":"<h1>Trixie Flip Board<\/h1>\n<p>Ce jeu interactif stimule votre chat \u00e0 obtenir des friandises ou des croquettes de mani\u00e8re ludique en d\u00e9couvrant et en appliquant diff\u00e9rentes techniques d'ouverture. Votre chat est ainsi r\u00e9compens\u00e9 imm\u00e9diatement et reste concentr\u00e9 et motiv\u00e9. Gr\u00e2ce \u00e0 la diversit\u00e9 des exercices \u2013 comme des cavit\u00e9s avec des couvercles \u00e0 bascule et coulissants, ainsi que deux boules \u00e0 renverser avec les pattes \u2013 le jouet reste toujours captivant et stimulant.<\/p>\n<h2><strong>Avantages du jouet d\u2019intelligence Trixie Flip Board<\/strong><\/h2>\n<ul>\n<li>Jouet interactif pour chats de toutes races et tailles<\/li>\n<li>Dimensions : \u00d8 23 cm x H 8 cm<\/li>\n<li>Mat\u00e9riau : 100 % plastique<\/li>\n<li>Avec 2 boules, cavit\u00e9s avec couvercles \u00e0 bascule et coulissants<\/li>\n<li>R\u00e9compense imm\u00e9diate qui motive votre chat<\/li>\n<li>Stimule la concentration et l'habilet\u00e9<\/li>\n<li>Antid\u00e9rapant et stable gr\u00e2ce \u00e0 l\u2019anneau en caoutchouc<\/li>\n<li>Inclut un guide d'entra\u00eenement pour une formation optimale<\/li>\n<\/ul>\n<h2><strong>Utilisation &amp; S\u00e9curit\u00e9<\/strong><\/h2>\n<p>Comme pour tout autre produit, il est important de surveiller votre chat pendant qu\u2019il joue. V\u00e9rifiez r\u00e9guli\u00e8rement le jouet pour d\u00e9tecter d\u2019\u00e9ventuels dommages et remplacez-le en cas de d\u00e9fauts ou de pi\u00e8ces manquantes afin d\u2019\u00e9viter tout risque de blessure..<\/p>","_fr_post_name":"trixie-flip-board-chat","_fr_post_excerpt":"","_fr_post_title":"Trixie Flip Board | Chat","_es_post_content":"<h1>Trixie Flip Board<\/h1>\n<p>Este juego interactivo desaf\u00eda a tu gato a conseguir golosinas o pienso seco de forma l\u00fadica, descubriendo y aplicando diferentes t\u00e9cnicas de apertura. As\u00ed, tu gato recibe una recompensa inmediata y se mantiene concentrado y motivado. Gracias a la variedad de ejercicios \u2013 como huecos con tapas abatibles y deslizantes, y dos bolas que deben volcarse con las patas \u2013 el juguete sigue siendo interesante y desafiante.<\/p>\n<h2><strong>Ventajas del juguete de inteligencia Trixie Flip Board<\/strong><\/h2>\n<ul>\n<li>Juguete interactivo para gatos de todas las razas y tama\u00f1os<\/li>\n<li>Dimensiones: \u00d8 23 cm x H 8 cm<\/li>\n<li>Material: 100 % pl\u00e1stico<\/li>\n<li>Con 2 bolas, huecos con tapas abatibles y deslizantes<\/li>\n<li>La recompensa inmediata motiva a tu gato<\/li>\n<li>Estimula la concentraci\u00f3n y la destreza<\/li>\n<li>Antideslizante y estable gracias al anillo de goma<\/li>\n<li>Incluye manual de entrenamiento para un entrenamiento \u00f3ptimo<\/li>\n<\/ul>\n<h2><strong>Uso &amp; Seguridad<\/strong><\/h2>\n<p>Como con cualquier otro producto, es importante supervisar a tu gato mientras juega. Revisa el juguete con regularidad para detectar da\u00f1os y reempl\u00e1zalo en caso de defectos o piezas faltantes para evitar lesiones..<\/p>","_es_post_name":"trixie-flip-board-gato","_es_post_excerpt":"","_es_post_title":"Trixie Flip Board | Gato","edit_language":"nl"},"product_brand":[],"product_cat":[1891,1118,1895,1857,1959],"product_tag":[],"class_list":{"0":"post-121188","1":"product","2":"type-product","3":"status-publish","4":"has-post-thumbnail","6":"product_cat-benodigdheden","7":"product_cat-katten","8":"product_cat-kattenspeelgoed","9":"product_cat-merken","10":"product_cat-trixie","11":"pa_aandoening-overig","12":"pa_doeldier-kat","13":"pa_fabricatieland-duitsland","14":"pa_merkfilter-trixie","15":"pa_merkgroep-trixie","16":"pa_productsoort-overig","17":"pa_toedieningswijze-speelgoed","18":"pa_unit_pricing_base_measure-1ct","19":"pa_unit_pricing_measure-1ct","20":"pa_werkzamestof-overig","22":"first","23":"instock","24":"taxable","25":"shipping-taxable","26":"purchasable","27":"product-type-simple"},"yoast_head":"<!-- This site is optimized with the Yoast SEO plugin v27.5 - https:\/\/yoast.com\/product\/yoast-seo-wordpress\/ -->\n<title>Trixie Flip Board voerpuzzel | Kat - Pharmacy4pets<\/title>\n<meta name=\"robots\" content=\"index, follow, max-snippet:-1, max-image-preview:large, max-video-preview:-1\" \/>\n<link rel=\"canonical\" href=\"https:\/\/www.pharmacy4pets.nl\/be\/trixie-flip-board-kat\" \/>\n<meta property=\"og:locale\" content=\"nl_NL\" \/>\n<meta property=\"og:type\" content=\"article\" \/>\n<meta property=\"og:title\" content=\"Trixie Flip Board voerpuzzel | Kat - Pharmacy4pets\" \/>\n<meta property=\"og:description\" content=\"Trixie Flip Board Dit interactieve spel daagt uw kat uit om op speelse wijze snacks of droogvoer te bemachtigen door verschillende openingstechnieken te ontdekken en toe te passen. Zo wordt uw kat direct beloond en blijft hij gefocust en gemotiveerd. Dankzij de afwisseling van oefeningen, zoals inkepingen met klap- en schuifdeksels en twee bollen die [&hellip;]\" \/>\n<meta property=\"og:url\" content=\"https:\/\/www.pharmacy4pets.nl\/be\/trixie-flip-board-kat\" \/>\n<meta property=\"og:site_name\" content=\"Pharmacy4pets\" \/>\n<meta property=\"article:publisher\" content=\"https:\/\/www.facebook.com\/people\/Pharmacy4petsnl\/100063484989896\/\" \/>\n<meta property=\"article:modified_time\" content=\"2026-03-25T12:09:13+00:00\" \/>\n<meta property=\"og:image\" content=\"https:\/\/www.pharmacy4pets.nl\/wp-content\/uploads\/2025\/05\/27020.jpg\" \/>\n\t<meta property=\"og:image:width\" content=\"650\" \/>\n\t<meta property=\"og:image:height\" content=\"650\" \/>\n\t<meta property=\"og:image:type\" content=\"image\/jpeg\" \/>\n<meta name=\"twitter:card\" content=\"summary_large_image\" \/>\n<meta name=\"twitter:label1\" content=\"Geschatte leestijd\" \/>\n\t<meta name=\"twitter:data1\" content=\"1 minuut\" \/>\n<script type=\"application\/ld+json\" class=\"yoast-schema-graph\">{\"@context\":\"https:\\\/\\\/schema.org\",\"@graph\":[{\"@type\":\"WebPage\",\"@id\":\"https:\\\/\\\/www.pharmacy4pets.nl\\\/be\\\/trixie-flip-board-kat\",\"url\":\"https:\\\/\\\/www.pharmacy4pets.nl\\\/be\\\/trixie-flip-board-kat\",\"name\":\"Trixie Flip Board voerpuzzel | Kat - Pharmacy4pets\",\"isPartOf\":{\"@id\":\"http:\\\/\\\/www.pharmacy4pets.nl\\\/#website\"},\"primaryImageOfPage\":{\"@id\":\"https:\\\/\\\/www.pharmacy4pets.nl\\\/be\\\/trixie-flip-board-kat#primaryimage\"},\"image\":{\"@id\":\"https:\\\/\\\/www.pharmacy4pets.nl\\\/be\\\/trixie-flip-board-kat#primaryimage\"},\"thumbnailUrl\":\"https:\\\/\\\/www.pharmacy4pets.nl\\\/wp-content\\\/uploads\\\/2025\\\/05\\\/27020.jpg\",\"datePublished\":\"2025-05-26T14:33:26+00:00\",\"dateModified\":\"2026-03-25T12:09:13+00:00\",\"breadcrumb\":{\"@id\":\"https:\\\/\\\/www.pharmacy4pets.nl\\\/be\\\/trixie-flip-board-kat#breadcrumb\"},\"inLanguage\":\"nl-NL\",\"potentialAction\":[{\"@type\":\"ReadAction\",\"target\":[\"https:\\\/\\\/www.pharmacy4pets.nl\\\/be\\\/trixie-flip-board-kat\"]}]},{\"@type\":\"ImageObject\",\"inLanguage\":\"nl-NL\",\"@id\":\"https:\\\/\\\/www.pharmacy4pets.nl\\\/be\\\/trixie-flip-board-kat#primaryimage\",\"url\":\"https:\\\/\\\/www.pharmacy4pets.nl\\\/wp-content\\\/uploads\\\/2025\\\/05\\\/27020.jpg\",\"contentUrl\":\"https:\\\/\\\/www.pharmacy4pets.nl\\\/wp-content\\\/uploads\\\/2025\\\/05\\\/27020.jpg\",\"width\":650,\"height\":650,\"caption\":\"Trixie Flip Board voerpuzzel | Kat-0\"},{\"@type\":\"BreadcrumbList\",\"@id\":\"https:\\\/\\\/www.pharmacy4pets.nl\\\/be\\\/trixie-flip-board-kat#breadcrumb\",\"itemListElement\":[{\"@type\":\"ListItem\",\"position\":1,\"name\":\"Home\",\"item\":\"https:\\\/\\\/p4p-nl.bootmine.com\\\/\"},{\"@type\":\"ListItem\",\"position\":2,\"name\":\"Winkel\",\"item\":\"https:\\\/\\\/p4p-nl.bootmine.com\\\/winkel\"},{\"@type\":\"ListItem\",\"position\":3,\"name\":\"Trixie Flip Board voerpuzzel | Kat\"}]},{\"@type\":\"WebSite\",\"@id\":\"http:\\\/\\\/www.pharmacy4pets.nl\\\/#website\",\"url\":\"http:\\\/\\\/www.pharmacy4pets.nl\\\/\",\"name\":\"Pharmacy4pets\",\"description\":\"Pharmacy4pets.nl is d\u00e9 online apotheek waar u terecht kunt voor alle diergeneesmiddelen, verzorgingsproducten en dieetvoeding voor uw huisdier.\",\"publisher\":{\"@id\":\"http:\\\/\\\/www.pharmacy4pets.nl\\\/#organization\"},\"potentialAction\":[{\"@type\":\"SearchAction\",\"target\":{\"@type\":\"EntryPoint\",\"urlTemplate\":\"http:\\\/\\\/www.pharmacy4pets.nl\\\/?s={search_term_string}\"},\"query-input\":{\"@type\":\"PropertyValueSpecification\",\"valueRequired\":true,\"valueName\":\"search_term_string\"}}],\"inLanguage\":\"nl-NL\"},{\"@type\":\"Organization\",\"@id\":\"http:\\\/\\\/www.pharmacy4pets.nl\\\/#organization\",\"name\":\"Pharmacy4pets\",\"url\":\"http:\\\/\\\/www.pharmacy4pets.nl\\\/\",\"logo\":{\"@type\":\"ImageObject\",\"inLanguage\":\"nl-NL\",\"@id\":\"http:\\\/\\\/www.pharmacy4pets.nl\\\/#\\\/schema\\\/logo\\\/image\\\/\",\"url\":\"https:\\\/\\\/p4p-nl.bootmine.com\\\/wp-content\\\/uploads\\\/2026\\\/03\\\/logo-pharmacy4pets.png\",\"contentUrl\":\"https:\\\/\\\/p4p-nl.bootmine.com\\\/wp-content\\\/uploads\\\/2026\\\/03\\\/logo-pharmacy4pets.png\",\"width\":1024,\"height\":135,\"caption\":\"Pharmacy4pets\"},\"image\":{\"@id\":\"http:\\\/\\\/www.pharmacy4pets.nl\\\/#\\\/schema\\\/logo\\\/image\\\/\"},\"sameAs\":[\"https:\\\/\\\/www.facebook.com\\\/people\\\/Pharmacy4petsnl\\\/100063484989896\\\/\",\"https:\\\/\\\/www.youtube.com\\\/channel\\\/UCGPTIgucgli03tP2_kvLkHg\\\/featured\",\"https:\\\/\\\/www.instagram.com\\\/pharmacy4pets.nl\"]}]}<\/script>\n<!-- \/ Yoast SEO plugin. -->","yoast_head_json":{"title":"Trixie Flip Board voerpuzzel | Kat - Pharmacy4pets","robots":{"index":"index","follow":"follow","max-snippet":"max-snippet:-1","max-image-preview":"max-image-preview:large","max-video-preview":"max-video-preview:-1"},"canonical":"https:\/\/www.pharmacy4pets.nl\/be\/trixie-flip-board-kat","og_locale":"nl_NL","og_type":"article","og_title":"Trixie Flip Board voerpuzzel | Kat - Pharmacy4pets","og_description":"Trixie Flip Board Dit interactieve spel daagt uw kat uit om op speelse wijze snacks of droogvoer te bemachtigen door verschillende openingstechnieken te ontdekken en toe te passen. Zo wordt uw kat direct beloond en blijft hij gefocust en gemotiveerd. Dankzij de afwisseling van oefeningen, zoals inkepingen met klap- en schuifdeksels en twee bollen die [&hellip;]","og_url":"https:\/\/www.pharmacy4pets.nl\/be\/trixie-flip-board-kat","og_site_name":"Pharmacy4pets","article_publisher":"https:\/\/www.facebook.com\/people\/Pharmacy4petsnl\/100063484989896\/","article_modified_time":"2026-03-25T12:09:13+00:00","og_image":[{"width":650,"height":650,"url":"https:\/\/www.pharmacy4pets.nl\/wp-content\/uploads\/2025\/05\/27020.jpg","type":"image\/jpeg"}],"twitter_card":"summary_large_image","twitter_misc":{"Geschatte leestijd":"1 minuut"},"schema":{"@context":"https:\/\/schema.org","@graph":[{"@type":"WebPage","@id":"https:\/\/www.pharmacy4pets.nl\/be\/trixie-flip-board-kat","url":"https:\/\/www.pharmacy4pets.nl\/be\/trixie-flip-board-kat","name":"Trixie Flip Board voerpuzzel | Kat - Pharmacy4pets","isPartOf":{"@id":"http:\/\/www.pharmacy4pets.nl\/#website"},"primaryImageOfPage":{"@id":"https:\/\/www.pharmacy4pets.nl\/be\/trixie-flip-board-kat#primaryimage"},"image":{"@id":"https:\/\/www.pharmacy4pets.nl\/be\/trixie-flip-board-kat#primaryimage"},"thumbnailUrl":"https:\/\/www.pharmacy4pets.nl\/wp-content\/uploads\/2025\/05\/27020.jpg","datePublished":"2025-05-26T14:33:26+00:00","dateModified":"2026-03-25T12:09:13+00:00","breadcrumb":{"@id":"https:\/\/www.pharmacy4pets.nl\/be\/trixie-flip-board-kat#breadcrumb"},"inLanguage":"nl-NL","potentialAction":[{"@type":"ReadAction","target":["https:\/\/www.pharmacy4pets.nl\/be\/trixie-flip-board-kat"]}]},{"@type":"ImageObject","inLanguage":"nl-NL","@id":"https:\/\/www.pharmacy4pets.nl\/be\/trixie-flip-board-kat#primaryimage","url":"https:\/\/www.pharmacy4pets.nl\/wp-content\/uploads\/2025\/05\/27020.jpg","contentUrl":"https:\/\/www.pharmacy4pets.nl\/wp-content\/uploads\/2025\/05\/27020.jpg","width":650,"height":650,"caption":"Trixie Flip Board voerpuzzel | Kat-0"},{"@type":"BreadcrumbList","@id":"https:\/\/www.pharmacy4pets.nl\/be\/trixie-flip-board-kat#breadcrumb","itemListElement":[{"@type":"ListItem","position":1,"name":"Home","item":"https:\/\/p4p-nl.bootmine.com\/"},{"@type":"ListItem","position":2,"name":"Winkel","item":"https:\/\/p4p-nl.bootmine.com\/winkel"},{"@type":"ListItem","position":3,"name":"Trixie Flip Board voerpuzzel | Kat"}]},{"@type":"WebSite","@id":"http:\/\/www.pharmacy4pets.nl\/#website","url":"http:\/\/www.pharmacy4pets.nl\/","name":"Pharmacy4pets","description":"Pharmacy4pets.nl is d\u00e9 online apotheek waar u terecht kunt voor alle diergeneesmiddelen, verzorgingsproducten en dieetvoeding voor uw huisdier.","publisher":{"@id":"http:\/\/www.pharmacy4pets.nl\/#organization"},"potentialAction":[{"@type":"SearchAction","target":{"@type":"EntryPoint","urlTemplate":"http:\/\/www.pharmacy4pets.nl\/?s={search_term_string}"},"query-input":{"@type":"PropertyValueSpecification","valueRequired":true,"valueName":"search_term_string"}}],"inLanguage":"nl-NL"},{"@type":"Organization","@id":"http:\/\/www.pharmacy4pets.nl\/#organization","name":"Pharmacy4pets","url":"http:\/\/www.pharmacy4pets.nl\/","logo":{"@type":"ImageObject","inLanguage":"nl-NL","@id":"http:\/\/www.pharmacy4pets.nl\/#\/schema\/logo\/image\/","url":"https:\/\/p4p-nl.bootmine.com\/wp-content\/uploads\/2026\/03\/logo-pharmacy4pets.png","contentUrl":"https:\/\/p4p-nl.bootmine.com\/wp-content\/uploads\/2026\/03\/logo-pharmacy4pets.png","width":1024,"height":135,"caption":"Pharmacy4pets"},"image":{"@id":"http:\/\/www.pharmacy4pets.nl\/#\/schema\/logo\/image\/"},"sameAs":["https:\/\/www.facebook.com\/people\/Pharmacy4petsnl\/100063484989896\/","https:\/\/www.youtube.com\/channel\/UCGPTIgucgli03tP2_kvLkHg\/featured","https:\/\/www.instagram.com\/pharmacy4pets.nl"]}]}},"market_data":{"nl":{"price":0,"sale_price":0,"active":false,"url":null,"parent_url":"","tax_rate":0,"price_inc_tax":0,"sale_price_inc_tax":0},"de":{"price":0,"sale_price":0,"active":false,"url":null,"parent_url":"","tax_rate":0,"price_inc_tax":0,"sale_price_inc_tax":0},"be":{"price":0,"sale_price":0,"active":false,"url":null,"parent_url":"","tax_rate":0,"price_inc_tax":0,"sale_price_inc_tax":0},"fr":{"price":0,"sale_price":0,"active":false,"url":null,"parent_url":"","tax_rate":0,"price_inc_tax":0,"sale_price_inc_tax":0},"ch":{"price":0,"sale_price":0,"active":false,"url":null,"parent_url":"","tax_rate":0,"price_inc_tax":0,"sale_price_inc_tax":0},"at":{"price":0,"sale_price":0,"active":false,"url":null,"parent_url":"","tax_rate":0,"price_inc_tax":0,"sale_price_inc_tax":0},"es":{"price":0,"sale_price":0,"active":false,"url":null,"parent_url":"","tax_rate":0,"price_inc_tax":0,"sale_price_inc_tax":0},"dk":{"price":0,"sale_price":0,"active":false,"url":null,"parent_url":"","tax_rate":0,"price_inc_tax":0,"sale_price_inc_tax":0},"com":{"price":0,"sale_price":0,"active":false,"url":null,"parent_url":"","tax_rate":0,"price_inc_tax":0,"sale_price_inc_tax":0}},"market_nl_price":0,"market_nl_sale_price":0,"market_nl_active":false,"market_nl_url":null,"market_nl_parent_url":"","market_nl_tax_rate":0,"market_nl_price_inc_tax":0,"market_nl_sale_price_inc_tax":0,"market_de_price":0,"market_de_sale_price":0,"market_de_active":false,"market_de_url":null,"market_de_parent_url":"","market_de_tax_rate":0,"market_de_price_inc_tax":0,"market_de_sale_price_inc_tax":0,"market_be_price":0,"market_be_sale_price":0,"market_be_active":false,"market_be_url":null,"market_be_parent_url":"","market_be_tax_rate":0,"market_be_price_inc_tax":0,"market_be_sale_price_inc_tax":0,"market_fr_price":0,"market_fr_sale_price":0,"market_fr_active":false,"market_fr_url":null,"market_fr_parent_url":"","market_fr_tax_rate":0,"market_fr_price_inc_tax":0,"market_fr_sale_price_inc_tax":0,"market_ch_price":0,"market_ch_sale_price":0,"market_ch_active":false,"market_ch_url":null,"market_ch_parent_url":"","market_ch_tax_rate":0,"market_ch_price_inc_tax":0,"market_ch_sale_price_inc_tax":0,"market_at_price":0,"market_at_sale_price":0,"market_at_active":false,"market_at_url":null,"market_at_parent_url":"","market_at_tax_rate":0,"market_at_price_inc_tax":0,"market_at_sale_price_inc_tax":0,"market_es_price":0,"market_es_sale_price":0,"market_es_active":false,"market_es_url":null,"market_es_parent_url":"","market_es_tax_rate":0,"market_es_price_inc_tax":0,"market_es_sale_price_inc_tax":0,"market_dk_price":0,"market_dk_sale_price":0,"market_dk_active":false,"market_dk_url":null,"market_dk_parent_url":"","market_dk_tax_rate":0,"market_dk_price_inc_tax":0,"market_dk_sale_price_inc_tax":0,"market_com_price":0,"market_com_sale_price":0,"market_com_active":false,"market_com_url":null,"market_com_parent_url":"","market_com_tax_rate":0,"market_com_price_inc_tax":0,"market_com_sale_price_inc_tax":0,"acf":[],"_links":{"self":[{"href":"https:\/\/www.pharmacy4pets.nl\/be\/wp-json\/wp\/v2\/product\/121188","targetHints":{"allow":["GET"]}}],"collection":[{"href":"https:\/\/www.pharmacy4pets.nl\/be\/wp-json\/wp\/v2\/product"}],"about":[{"href":"https:\/\/www.pharmacy4pets.nl\/be\/wp-json\/wp\/v2\/types\/product"}],"replies":[{"embeddable":true,"href":"https:\/\/www.pharmacy4pets.nl\/be\/wp-json\/wp\/v2\/comments?post=121188"}],"wp:featuredmedia":[{"embeddable":true,"href":"https:\/\/www.pharmacy4pets.nl\/be\/wp-json\/wp\/v2\/media\/121185"}],"wp:attachment":[{"href":"https:\/\/www.pharmacy4pets.nl\/be\/wp-json\/wp\/v2\/media?parent=121188"}],"wp:term":[{"taxonomy":"product_brand","embeddable":true,"href":"https:\/\/www.pharmacy4pets.nl\/be\/wp-json\/wp\/v2\/product_brand?post=121188"},{"taxonomy":"product_cat","embeddable":true,"href":"https:\/\/www.pharmacy4pets.nl\/be\/wp-json\/wp\/v2\/product_cat?post=121188"},{"taxonomy":"product_tag","embeddable":true,"href":"https:\/\/www.pharmacy4pets.nl\/be\/wp-json\/wp\/v2\/product_tag?post=121188"}],"curies":[{"name":"wp","href":"https:\/\/api.w.org\/{rel}","templated":true}]}}