{"id":121168,"date":"2025-04-23T13:19:58","date_gmt":"2025-04-23T13:19:58","guid":{"rendered":"https:\/\/p4p.test\/catney-one"},"modified":"2026-04-14T08:06:20","modified_gmt":"2026-04-14T08:06:20","slug":"catney-one","status":"publish","type":"product","link":"https:\/\/www.pharmacy4pets.nl\/be\/catney-one","title":{"rendered":"Catney One 30x 520 mg"},"content":{"rendered":"<h1>Catney One<\/h1>\n<p>Catney One is een aanvullend dieetvoeder dat is ontwikkeld ter ondersteuning van de nierfunctie bij katten met chronisch nierfalen. Het helpt de opname van fosfaat te verminderen, wat essentieel is voor het behoud van een gezonde nierfunctie.<\/p>\n<p>De werkzame stof in het voedingssupplement Catney One is lanthaancarbonaat. Deze stof bindt zich aan fosfaat in het voer, waardoor de opname van fosfaat in de darmen wordt geremd. Dit voorkomt dat fosfaat in de bloedbaan terechtkomt, wat bijdraagt aan het beheersen van de fosfaatniveaus in het bloed en het ondersteunen van de nieren bij katten met nierfalen.<\/p>\n","protected":false},"excerpt":{"rendered":"<p>Catney One Catney One is een aanvullend dieetvoeder dat is ontwikkeld ter ondersteuning van de nierfunctie bij katten met chronisch nierfalen. Het helpt de opname van fosfaat te verminderen, wat essentieel is voor het behoud van een gezonde nierfunctie. De werkzame stof in het voedingssupplement Catney One is lanthaancarbonaat. Deze stof bindt zich aan fosfaat [&hellip;]<\/p>\n","protected":false},"featured_media":121167,"comment_status":"open","ping_status":"closed","template":"","meta":{"_acf_changed":false,"_nl_post_content":"<h1>Catney One<\/h1>\r\n<p>Catney One is een aanvullend dieetvoeder dat is ontwikkeld ter ondersteuning van de nierfunctie bij katten met chronisch nierfalen. Het helpt de opname van fosfaat te verminderen, wat essentieel is voor het behoud van een gezonde nierfunctie.<\/p>\r\n<p>De werkzame stof in het voedingssupplement Catney One is lanthaancarbonaat. Deze stof bindt zich aan fosfaat in het voer, waardoor de opname van fosfaat in de darmen wordt geremd. Dit voorkomt dat fosfaat in de bloedbaan terechtkomt, wat bijdraagt aan het beheersen van de fosfaatniveaus in het bloed en het ondersteunen van de nieren bij katten met nierfalen.<\/p>","_nl_post_name":"catney-one","_nl_post_excerpt":"","_nl_post_title":"Catney One 30x 520 mg","_en_post_content":"<h1>Catney One<\/h1>\n<p>Catney One is a complementary dietary feed developed to support kidney function in cats with chronic kidney failure. It helps reduce phosphate absorption, which is essential for maintaining healthy kidney function.<\/p>\n<p>The active ingredient in Catney One is lanthanum carbonate. This substance binds to phosphate in the food, reducing its absorption in the intestines. As a result, phosphate does not enter the bloodstream, which helps manage blood phosphate levels and supports the kidneys in cats with kidney failure.<\/p>","_en_post_name":"catney-one","_en_post_excerpt":"","_en_post_title":"Catney One 30x 520 mg","_de_post_content":"<h1>Catney One<\/h1>\n<p>Catney One ist ein erg\u00e4nzendes Di\u00e4tfuttermittel, das zur Unterst\u00fctzung der Nierenfunktion bei Katzezen mit chronischem Nierenversagen entwickelt wurde. Es hilft, die Aufnahme von Phosphat zu reduzieren, was f\u00fcr die Erhaltung einer gesunden Nierenfunktion entscheidend ist.<\/p>\n<p>Catney One bindet sich an Phosphat im Futter, wodurch die Phosphataufnahme im Darm gehemmt wird. Dadurch gelangt weniger Phosphat in den Blutkreislauf, was zur Kontrolle des Phosphatspiegels im Blut beitr\u00e4gt und die Nieren bei Katzezen mit Niereninsuffizienz unterst\u00fctzt.<\/p>","_de_post_name":"catney-one-dechra","_de_post_excerpt":"","_de_post_title":"Catney One 30x 520 mg","_fr_post_content":"<h1>Catney One<\/h1>\n<p>Catney One est un aliment di\u00e9t\u00e9tique compl\u00e9mentaire d\u00e9velopp\u00e9 pour soutenir la fonction r\u00e9nale chez les chats atteints d\u2019insuffisance r\u00e9nale chronique. Il aide \u00e0 r\u00e9duire l\u2019absorption du phosphate, ce qui est essentiel pour maintenir une fonction r\u00e9nale saine.<\/p>\n<p>La substance active de Catney One est le carbonate de lanthane. Cette substance se lie au phosphate contenu dans l\u2019alimentation, ce qui r\u00e9duit son absorption dans les intestins. Cela emp\u00eache le phosphate de passer dans la circulation sanguine, contribuant ainsi \u00e0 la r\u00e9gulation du taux de phosphate dans le sang et au soutien des reins chez les chats souffrant d\u2019insuffisance r\u00e9nale.<\/p>","_fr_post_name":"catney-one","_fr_post_excerpt":"","_fr_post_title":"Catney One 30x 520 mg","_es_post_content":"<h1>Catney One<\/h1>\n<p>Catney One es un alimento diet\u00e9tico complementario desarrollado para apoyar la funci\u00f3n renal en gatos con insuficiencia renal cr\u00f3nica. Ayuda a reducir la absorci\u00f3n de fosfato, lo cual es esencial para mantener una funci\u00f3n renal saludable.<\/p>\n<p>El principio activo de Catney One es el carbonato de lantano. Esta sustancia se une al fosfato presente en los alimentos, reduciendo su absorci\u00f3n en los intestinos. Como resultado, el fosfato no entra en el torrente sangu\u00edneo, lo que ayuda a controlar los niveles de fosfato en la sangre y a respaldar la funci\u00f3n renal en gatos con insuficiencia renal.<\/p>","_es_post_name":"catney-one","_es_post_excerpt":"","_es_post_title":"Catney One 30x 520 mg","edit_language":"nl"},"product_brand":[],"product_cat":[2349,1118,1871,1857,1880,1998],"product_tag":[],"class_list":{"0":"post-121168","1":"product","2":"type-product","3":"status-publish","4":"has-post-thumbnail","6":"product_cat-catney-one-dechra","7":"product_cat-katten","8":"product_cat-medicijnen-supplementen","9":"product_cat-merken","10":"product_cat-nieren-blaas-urinewegen","11":"product_cat-nierfalen","12":"pa_aandoening-overig","13":"pa_doeldier-kat","14":"pa_fabricatieland-denemarken","15":"pa_merkfilter-catneyone","16":"pa_merkgroep-dechra","17":"pa_productsoort-voedingssupplement","18":"pa_toedieningswijze-korrels","19":"pa_unit_pricing_base_measure-1ct","20":"pa_unit_pricing_measure-30ct","21":"pa_werkzamestof-overig","23":"first","24":"instock","25":"taxable","26":"shipping-taxable","27":"purchasable","28":"product-type-simple"},"yoast_head":"<!-- This site is optimized with the Yoast SEO plugin v27.5 - https:\/\/yoast.com\/product\/yoast-seo-wordpress\/ -->\n<title>Catney One<\/title>\n<meta name=\"robots\" content=\"index, follow, max-snippet:-1, max-image-preview:large, max-video-preview:-1\" \/>\n<link rel=\"canonical\" href=\"https:\/\/pharmacy4pets.nl\/catney-one\" \/>\n<meta property=\"og:locale\" content=\"nl_NL\" \/>\n<meta property=\"og:type\" content=\"article\" \/>\n<meta property=\"og:title\" content=\"Catney One\" \/>\n<meta property=\"og:description\" content=\"Catney One Catney One is een aanvullend dieetvoeder dat is ontwikkeld ter ondersteuning van de nierfunctie bij katten met chronisch nierfalen. Het helpt de opname van fosfaat te verminderen, wat essentieel is voor het behoud van een gezonde nierfunctie. De werkzame stof in het voedingssupplement Catney One is lanthaancarbonaat. Deze stof bindt zich aan fosfaat [&hellip;]\" \/>\n<meta property=\"og:url\" content=\"https:\/\/pharmacy4pets.nl\/catney-one\" \/>\n<meta property=\"og:site_name\" content=\"Pharmacy4pets\" \/>\n<meta property=\"article:publisher\" content=\"https:\/\/www.facebook.com\/people\/Pharmacy4petsnl\/100063484989896\/\" \/>\n<meta property=\"article:modified_time\" content=\"2026-04-14T08:06:20+00:00\" \/>\n<meta property=\"og:image\" content=\"https:\/\/pharmacy4pets.nl\/wp-content\/uploads\/2025\/04\/Catney_One.jpg\" \/>\n\t<meta property=\"og:image:width\" content=\"600\" \/>\n\t<meta property=\"og:image:height\" content=\"600\" \/>\n\t<meta property=\"og:image:type\" content=\"image\/jpeg\" \/>\n<meta name=\"twitter:card\" content=\"summary_large_image\" \/>\n<script type=\"application\/ld+json\" class=\"yoast-schema-graph\">{\"@context\":\"https:\\\/\\\/schema.org\",\"@graph\":[{\"@type\":\"WebPage\",\"@id\":\"https:\\\/\\\/pharmacy4pets.nl\\\/catney-one\",\"url\":\"https:\\\/\\\/pharmacy4pets.nl\\\/catney-one\",\"name\":\"Catney One\",\"isPartOf\":{\"@id\":\"http:\\\/\\\/www.pharmacy4pets.nl\\\/#website\"},\"primaryImageOfPage\":{\"@id\":\"https:\\\/\\\/pharmacy4pets.nl\\\/catney-one#primaryimage\"},\"image\":{\"@id\":\"https:\\\/\\\/pharmacy4pets.nl\\\/catney-one#primaryimage\"},\"thumbnailUrl\":\"https:\\\/\\\/www.pharmacy4pets.nl\\\/wp-content\\\/uploads\\\/2025\\\/04\\\/Catney_One.jpg\",\"datePublished\":\"2025-04-23T13:19:58+00:00\",\"dateModified\":\"2026-04-14T08:06:20+00:00\",\"breadcrumb\":{\"@id\":\"https:\\\/\\\/pharmacy4pets.nl\\\/catney-one#breadcrumb\"},\"inLanguage\":\"nl-NL\",\"potentialAction\":[{\"@type\":\"ReadAction\",\"target\":[\"https:\\\/\\\/pharmacy4pets.nl\\\/catney-one\"]}]},{\"@type\":\"ImageObject\",\"inLanguage\":\"nl-NL\",\"@id\":\"https:\\\/\\\/pharmacy4pets.nl\\\/catney-one#primaryimage\",\"url\":\"https:\\\/\\\/www.pharmacy4pets.nl\\\/wp-content\\\/uploads\\\/2025\\\/04\\\/Catney_One.jpg\",\"contentUrl\":\"https:\\\/\\\/www.pharmacy4pets.nl\\\/wp-content\\\/uploads\\\/2025\\\/04\\\/Catney_One.jpg\",\"width\":600,\"height\":600,\"caption\":\"Catney One\"},{\"@type\":\"BreadcrumbList\",\"@id\":\"https:\\\/\\\/pharmacy4pets.nl\\\/catney-one#breadcrumb\",\"itemListElement\":[{\"@type\":\"ListItem\",\"position\":1,\"name\":\"Home\",\"item\":\"https:\\\/\\\/p4p-nl.bootmine.com\\\/\"},{\"@type\":\"ListItem\",\"position\":2,\"name\":\"Winkel\",\"item\":\"https:\\\/\\\/p4p-nl.bootmine.com\\\/winkel\"},{\"@type\":\"ListItem\",\"position\":3,\"name\":\"Catney One 30x 520 mg\"}]},{\"@type\":\"WebSite\",\"@id\":\"http:\\\/\\\/www.pharmacy4pets.nl\\\/#website\",\"url\":\"http:\\\/\\\/www.pharmacy4pets.nl\\\/\",\"name\":\"Pharmacy4pets\",\"description\":\"Pharmacy4pets.nl is d\u00e9 online apotheek waar u terecht kunt voor alle diergeneesmiddelen, verzorgingsproducten en dieetvoeding voor uw huisdier.\",\"publisher\":{\"@id\":\"http:\\\/\\\/www.pharmacy4pets.nl\\\/#organization\"},\"potentialAction\":[{\"@type\":\"SearchAction\",\"target\":{\"@type\":\"EntryPoint\",\"urlTemplate\":\"http:\\\/\\\/www.pharmacy4pets.nl\\\/?s={search_term_string}\"},\"query-input\":{\"@type\":\"PropertyValueSpecification\",\"valueRequired\":true,\"valueName\":\"search_term_string\"}}],\"inLanguage\":\"nl-NL\"},{\"@type\":\"Organization\",\"@id\":\"http:\\\/\\\/www.pharmacy4pets.nl\\\/#organization\",\"name\":\"Pharmacy4pets\",\"url\":\"http:\\\/\\\/www.pharmacy4pets.nl\\\/\",\"logo\":{\"@type\":\"ImageObject\",\"inLanguage\":\"nl-NL\",\"@id\":\"http:\\\/\\\/www.pharmacy4pets.nl\\\/#\\\/schema\\\/logo\\\/image\\\/\",\"url\":\"https:\\\/\\\/p4p-nl.bootmine.com\\\/wp-content\\\/uploads\\\/2026\\\/03\\\/logo-pharmacy4pets.png\",\"contentUrl\":\"https:\\\/\\\/p4p-nl.bootmine.com\\\/wp-content\\\/uploads\\\/2026\\\/03\\\/logo-pharmacy4pets.png\",\"width\":1024,\"height\":135,\"caption\":\"Pharmacy4pets\"},\"image\":{\"@id\":\"http:\\\/\\\/www.pharmacy4pets.nl\\\/#\\\/schema\\\/logo\\\/image\\\/\"},\"sameAs\":[\"https:\\\/\\\/www.facebook.com\\\/people\\\/Pharmacy4petsnl\\\/100063484989896\\\/\",\"https:\\\/\\\/www.youtube.com\\\/channel\\\/UCGPTIgucgli03tP2_kvLkHg\\\/featured\",\"https:\\\/\\\/www.instagram.com\\\/pharmacy4pets.nl\"]}]}<\/script>\n<!-- \/ Yoast SEO plugin. -->","yoast_head_json":{"title":"Catney One","robots":{"index":"index","follow":"follow","max-snippet":"max-snippet:-1","max-image-preview":"max-image-preview:large","max-video-preview":"max-video-preview:-1"},"canonical":"https:\/\/pharmacy4pets.nl\/catney-one","og_locale":"nl_NL","og_type":"article","og_title":"Catney One","og_description":"Catney One Catney One is een aanvullend dieetvoeder dat is ontwikkeld ter ondersteuning van de nierfunctie bij katten met chronisch nierfalen. Het helpt de opname van fosfaat te verminderen, wat essentieel is voor het behoud van een gezonde nierfunctie. De werkzame stof in het voedingssupplement Catney One is lanthaancarbonaat. Deze stof bindt zich aan fosfaat [&hellip;]","og_url":"https:\/\/pharmacy4pets.nl\/catney-one","og_site_name":"Pharmacy4pets","article_publisher":"https:\/\/www.facebook.com\/people\/Pharmacy4petsnl\/100063484989896\/","article_modified_time":"2026-04-14T08:06:20+00:00","og_image":[{"width":600,"height":600,"url":"https:\/\/pharmacy4pets.nl\/wp-content\/uploads\/2025\/04\/Catney_One.jpg","type":"image\/jpeg"}],"twitter_card":"summary_large_image","schema":{"@context":"https:\/\/schema.org","@graph":[{"@type":"WebPage","@id":"https:\/\/pharmacy4pets.nl\/catney-one","url":"https:\/\/pharmacy4pets.nl\/catney-one","name":"Catney One","isPartOf":{"@id":"http:\/\/www.pharmacy4pets.nl\/#website"},"primaryImageOfPage":{"@id":"https:\/\/pharmacy4pets.nl\/catney-one#primaryimage"},"image":{"@id":"https:\/\/pharmacy4pets.nl\/catney-one#primaryimage"},"thumbnailUrl":"https:\/\/www.pharmacy4pets.nl\/wp-content\/uploads\/2025\/04\/Catney_One.jpg","datePublished":"2025-04-23T13:19:58+00:00","dateModified":"2026-04-14T08:06:20+00:00","breadcrumb":{"@id":"https:\/\/pharmacy4pets.nl\/catney-one#breadcrumb"},"inLanguage":"nl-NL","potentialAction":[{"@type":"ReadAction","target":["https:\/\/pharmacy4pets.nl\/catney-one"]}]},{"@type":"ImageObject","inLanguage":"nl-NL","@id":"https:\/\/pharmacy4pets.nl\/catney-one#primaryimage","url":"https:\/\/www.pharmacy4pets.nl\/wp-content\/uploads\/2025\/04\/Catney_One.jpg","contentUrl":"https:\/\/www.pharmacy4pets.nl\/wp-content\/uploads\/2025\/04\/Catney_One.jpg","width":600,"height":600,"caption":"Catney One"},{"@type":"BreadcrumbList","@id":"https:\/\/pharmacy4pets.nl\/catney-one#breadcrumb","itemListElement":[{"@type":"ListItem","position":1,"name":"Home","item":"https:\/\/p4p-nl.bootmine.com\/"},{"@type":"ListItem","position":2,"name":"Winkel","item":"https:\/\/p4p-nl.bootmine.com\/winkel"},{"@type":"ListItem","position":3,"name":"Catney One 30x 520 mg"}]},{"@type":"WebSite","@id":"http:\/\/www.pharmacy4pets.nl\/#website","url":"http:\/\/www.pharmacy4pets.nl\/","name":"Pharmacy4pets","description":"Pharmacy4pets.nl is d\u00e9 online apotheek waar u terecht kunt voor alle diergeneesmiddelen, verzorgingsproducten en dieetvoeding voor uw huisdier.","publisher":{"@id":"http:\/\/www.pharmacy4pets.nl\/#organization"},"potentialAction":[{"@type":"SearchAction","target":{"@type":"EntryPoint","urlTemplate":"http:\/\/www.pharmacy4pets.nl\/?s={search_term_string}"},"query-input":{"@type":"PropertyValueSpecification","valueRequired":true,"valueName":"search_term_string"}}],"inLanguage":"nl-NL"},{"@type":"Organization","@id":"http:\/\/www.pharmacy4pets.nl\/#organization","name":"Pharmacy4pets","url":"http:\/\/www.pharmacy4pets.nl\/","logo":{"@type":"ImageObject","inLanguage":"nl-NL","@id":"http:\/\/www.pharmacy4pets.nl\/#\/schema\/logo\/image\/","url":"https:\/\/p4p-nl.bootmine.com\/wp-content\/uploads\/2026\/03\/logo-pharmacy4pets.png","contentUrl":"https:\/\/p4p-nl.bootmine.com\/wp-content\/uploads\/2026\/03\/logo-pharmacy4pets.png","width":1024,"height":135,"caption":"Pharmacy4pets"},"image":{"@id":"http:\/\/www.pharmacy4pets.nl\/#\/schema\/logo\/image\/"},"sameAs":["https:\/\/www.facebook.com\/people\/Pharmacy4petsnl\/100063484989896\/","https:\/\/www.youtube.com\/channel\/UCGPTIgucgli03tP2_kvLkHg\/featured","https:\/\/www.instagram.com\/pharmacy4pets.nl"]}]}},"market_data":{"nl":{"price":0,"sale_price":0,"active":false,"url":null,"parent_url":"","tax_rate":0,"price_inc_tax":0,"sale_price_inc_tax":0},"de":{"price":0,"sale_price":0,"active":false,"url":null,"parent_url":"","tax_rate":0,"price_inc_tax":0,"sale_price_inc_tax":0},"be":{"price":0,"sale_price":0,"active":false,"url":null,"parent_url":"","tax_rate":0,"price_inc_tax":0,"sale_price_inc_tax":0},"fr":{"price":0,"sale_price":0,"active":false,"url":null,"parent_url":"","tax_rate":0,"price_inc_tax":0,"sale_price_inc_tax":0},"ch":{"price":0,"sale_price":0,"active":false,"url":null,"parent_url":"","tax_rate":0,"price_inc_tax":0,"sale_price_inc_tax":0},"at":{"price":0,"sale_price":0,"active":false,"url":null,"parent_url":"","tax_rate":0,"price_inc_tax":0,"sale_price_inc_tax":0},"es":{"price":0,"sale_price":0,"active":false,"url":null,"parent_url":"","tax_rate":0,"price_inc_tax":0,"sale_price_inc_tax":0},"dk":{"price":0,"sale_price":0,"active":false,"url":null,"parent_url":"","tax_rate":0,"price_inc_tax":0,"sale_price_inc_tax":0},"com":{"price":0,"sale_price":0,"active":false,"url":null,"parent_url":"","tax_rate":0,"price_inc_tax":0,"sale_price_inc_tax":0}},"market_nl_price":0,"market_nl_sale_price":0,"market_nl_active":false,"market_nl_url":null,"market_nl_parent_url":"","market_nl_tax_rate":0,"market_nl_price_inc_tax":0,"market_nl_sale_price_inc_tax":0,"market_de_price":0,"market_de_sale_price":0,"market_de_active":false,"market_de_url":null,"market_de_parent_url":"","market_de_tax_rate":0,"market_de_price_inc_tax":0,"market_de_sale_price_inc_tax":0,"market_be_price":0,"market_be_sale_price":0,"market_be_active":false,"market_be_url":null,"market_be_parent_url":"","market_be_tax_rate":0,"market_be_price_inc_tax":0,"market_be_sale_price_inc_tax":0,"market_fr_price":0,"market_fr_sale_price":0,"market_fr_active":false,"market_fr_url":null,"market_fr_parent_url":"","market_fr_tax_rate":0,"market_fr_price_inc_tax":0,"market_fr_sale_price_inc_tax":0,"market_ch_price":0,"market_ch_sale_price":0,"market_ch_active":false,"market_ch_url":null,"market_ch_parent_url":"","market_ch_tax_rate":0,"market_ch_price_inc_tax":0,"market_ch_sale_price_inc_tax":0,"market_at_price":0,"market_at_sale_price":0,"market_at_active":false,"market_at_url":null,"market_at_parent_url":"","market_at_tax_rate":0,"market_at_price_inc_tax":0,"market_at_sale_price_inc_tax":0,"market_es_price":0,"market_es_sale_price":0,"market_es_active":false,"market_es_url":null,"market_es_parent_url":"","market_es_tax_rate":0,"market_es_price_inc_tax":0,"market_es_sale_price_inc_tax":0,"market_dk_price":0,"market_dk_sale_price":0,"market_dk_active":false,"market_dk_url":null,"market_dk_parent_url":"","market_dk_tax_rate":0,"market_dk_price_inc_tax":0,"market_dk_sale_price_inc_tax":0,"market_com_price":0,"market_com_sale_price":0,"market_com_active":false,"market_com_url":null,"market_com_parent_url":"","market_com_tax_rate":0,"market_com_price_inc_tax":0,"market_com_sale_price_inc_tax":0,"acf":[],"_links":{"self":[{"href":"https:\/\/www.pharmacy4pets.nl\/be\/wp-json\/wp\/v2\/product\/121168","targetHints":{"allow":["GET"]}}],"collection":[{"href":"https:\/\/www.pharmacy4pets.nl\/be\/wp-json\/wp\/v2\/product"}],"about":[{"href":"https:\/\/www.pharmacy4pets.nl\/be\/wp-json\/wp\/v2\/types\/product"}],"replies":[{"embeddable":true,"href":"https:\/\/www.pharmacy4pets.nl\/be\/wp-json\/wp\/v2\/comments?post=121168"}],"wp:featuredmedia":[{"embeddable":true,"href":"https:\/\/www.pharmacy4pets.nl\/be\/wp-json\/wp\/v2\/media\/121167"}],"wp:attachment":[{"href":"https:\/\/www.pharmacy4pets.nl\/be\/wp-json\/wp\/v2\/media?parent=121168"}],"wp:term":[{"taxonomy":"product_brand","embeddable":true,"href":"https:\/\/www.pharmacy4pets.nl\/be\/wp-json\/wp\/v2\/product_brand?post=121168"},{"taxonomy":"product_cat","embeddable":true,"href":"https:\/\/www.pharmacy4pets.nl\/be\/wp-json\/wp\/v2\/product_cat?post=121168"},{"taxonomy":"product_tag","embeddable":true,"href":"https:\/\/www.pharmacy4pets.nl\/be\/wp-json\/wp\/v2\/product_tag?post=121168"}],"curies":[{"name":"wp","href":"https:\/\/api.w.org\/{rel}","templated":true}]}}