{"id":121166,"date":"2025-04-23T11:59:10","date_gmt":"2025-04-23T11:59:10","guid":{"rendered":"https:\/\/p4p.test\/frontline-spot-on-hond-m-3"},"modified":"2026-04-14T08:06:20","modified_gmt":"2026-04-14T08:06:20","slug":"frontline-spot-on-hond-m-3","status":"publish","type":"product","link":"https:\/\/www.pharmacy4pets.nl\/be\/frontline-spot-on-hond-m-3","title":{"rendered":"Frontline Spot-On hond M (10-20kg) 3&#215;1,34 ml"},"content":{"rendered":"<p style=\"text-align: justify;\">Frontline Spot On is een pipet voor honden die beschermt tegen vlooien, teken en bijtende luizen. Frontline Spot On bevat als werkzame stof fipronil. De vloeistof is door middel van een spot-on pipet eenvoudig aan te brengen op de huid tussen de schouderbladen (dit om aflikken te voorkomen), waarna de vloeistof zich zal verspreiden over de rest van het lichaam. Frontline Spot On werkt gedurende 5 weken tot zelfs 3 maanden tegen vlooien. Tegen teken en bijtende luizen werkt de Frontline Spot On gedurende 4 weken.<\/p>\n<table border=\"1\">\n<thead>\n<tr>\n<td colspan=\"2\" align=\"center\" bgcolor=\"#DEE7B8\" width=\"380\">\n<p class=\"bold\" style=\"text-align: center;\"><strong><span id=\"result_box\" class=\"short_text\" lang=\"en\"><span class=\"hps\">Dosering<\/span><\/span><\/strong><\/p>\n<\/td>\n<\/tr>\n<\/thead>\n<tbody>\n<tr>\n<td width=\"204\"><strong><em><strong>Lichaamsgewicht van de hond<br \/><\/strong><\/em><\/strong><\/td>\n<td width=\"234\"><strong><em><span id=\"result_box\" class=\"short_text\" lang=\"en\"><span class=\"hps\">Optimale dosering<br \/><\/span><\/span><\/em><\/strong><\/td>\n<\/tr>\n<tr>\n<td>Hond onder 10 kg<\/td>\n<td>Frontline Spot-On hond S<\/td>\n<\/tr>\n<tr>\n<td>Hond 10-20 kg<\/td>\n<td>Frontline Spot-On hond M<\/td>\n<\/tr>\n<tr>\n<td>Hond 20-40 kg<\/td>\n<td>Frontline Spot-On hond L<\/td>\n<\/tr>\n<\/tbody>\n<\/table>\n","protected":false},"excerpt":{"rendered":"<p>Frontline Spot On is een pipet voor honden die beschermt tegen vlooien, teken en bijtende luizen. Frontline Spot On bevat als werkzame stof fipronil. De vloeistof is door middel van een spot-on pipet eenvoudig aan te brengen op de huid tussen de schouderbladen (dit om aflikken te voorkomen), waarna de vloeistof zich zal verspreiden over [&hellip;]<\/p>\n","protected":false},"featured_media":121165,"comment_status":"open","ping_status":"closed","template":"","meta":{"_acf_changed":false,"_nl_post_content":"<p style=\"text-align: justify;\">Frontline Spot On is een pipet voor honden die beschermt tegen vlooien, teken en bijtende luizen. Frontline Spot On bevat als werkzame stof fipronil. De vloeistof is door middel van een spot-on pipet eenvoudig aan te brengen op de huid tussen de schouderbladen (dit om aflikken te voorkomen), waarna de vloeistof zich zal verspreiden over de rest van het lichaam. Frontline Spot On werkt gedurende 5 weken tot zelfs 3 maanden tegen vlooien. Tegen teken en bijtende luizen werkt de Frontline Spot On gedurende 4 weken.<\/p>\n<table border=\"1\">\n<thead>\n<tr>\n<td colspan=\"2\" align=\"center\" bgcolor=\"#DEE7B8\" width=\"380\">\n<p class=\"bold\" style=\"text-align: center;\"><strong><span id=\"result_box\" class=\"short_text\" lang=\"en\"><span class=\"hps\">Dosering<\/span><\/span><\/strong><\/p>\n<\/td>\n<\/tr>\n<\/thead>\n<tbody>\n<tr>\n<td width=\"204\"><strong><em><strong>Lichaamsgewicht van de hond<br \/><\/strong><\/em><\/strong><\/td>\n<td width=\"234\"><strong><em><span id=\"result_box\" class=\"short_text\" lang=\"en\"><span class=\"hps\">Optimale dosering<br \/><\/span><\/span><\/em><\/strong><\/td>\n<\/tr>\n<tr>\n<td>Hond onder 10 kg<\/td>\n<td>Frontline Spot-On hond S<\/td>\n<\/tr>\n<tr>\n<td>Hond 10-20 kg<\/td>\n<td>Frontline Spot-On hond M<\/td>\n<\/tr>\n<tr>\n<td>Hond 20-40 kg<\/td>\n<td>Frontline Spot-On hond L<\/td>\n<\/tr>\n<\/tbody>\n<\/table>","_nl_post_name":"frontline-spot-on-hond-m-3","_nl_post_excerpt":"","_nl_post_title":"Frontline Spot-On hond M (10-20kg) 3x1,34 ml","_en_post_content":"<p>Frontline Spot-On is a product for dogs providing protection against fleas and ticks. The product is easy to apply between the shoulder blades because of a spot-on pipette, after which the liquid will spread. The effect of Frontline is 5 weeks up to 3 months against fleas and up to 4 weeks against ticks.<\/p>\n<table border=\"1\">\n<thead>\n<tr>\n<td colspan=\"2\" align=\"center\" bgcolor=\"#DEE7B8\" width=\"380\">\n<p class=\"bold\" style=\"text-align: center;\"><strong><span id=\"result_box\" class=\"short_text\" lang=\"en\"><span class=\"hps\">Dosage<\/span><\/span><\/strong><\/p>\n<\/td>\n<\/tr>\n<\/thead>\n<tbody>\n<tr>\n<td width=\"204\"><strong><em><strong>Body weight of the dog<br \/><\/strong><\/em><\/strong><\/td>\n<td width=\"234\"><strong><em><span id=\"result_box\" class=\"short_text\" lang=\"en\"><span class=\"hps\">Optimal dosage<br \/><\/span><\/span><\/em><\/strong><\/td>\n<\/tr>\n<tr>\n<td>Dog under 10 kg<\/td>\n<td>Frontline Spot-On dog S<\/td>\n<\/tr>\n<tr>\n<td>Dog 10-20 kg<\/td>\n<td>Frontline Spot-On dog M<\/td>\n<\/tr>\n<tr>\n<td>Dog 20-40 kg<\/td>\n<td>Frontline Spot-On dog L<\/td>\n<\/tr>\n<\/tbody>\n<\/table>","_en_post_name":"frontline-spot-on-dog-m-3","_en_post_excerpt":"","_en_post_title":"Frontline Spot-On dog M (10-20kg) 3x1,34 ml","_de_post_content":"<p style=\"text-align: justify;\">Frontline Spot-On ist eine insektizide und akarizide L\u00f6sung zur \u00e4usserlichen Anwendung f\u00fcr Hunde, die einen Schutz gegen Fl\u00f6he und Zecken bietet. Therapie und Prophylaxe von Zeckenbefall und Flohbefall. Die insektizide Wirksamkeit gegen adulte Fl\u00f6he bleibt 8 Wochen lang erhalten. Die akarizide Wirksamkeit gegen Zecken h\u00e4lt bis zu 4 Wochen an. Auch abt\u00f6tung von Haarlingen.<\/p>\n<p style=\"text-align: justify;\"><em>Zu Risiken und Nebenwirkungen lesen Sie Packungsbeilage und fragen Sie den Tierarzt oder Apotheker.<\/em><\/p>\n<table style=\"height: 154px;\" border=\"1\">\n<thead>\n<tr style=\"height: 46px;\">\n<td style=\"height: 46px;\" colspan=\"2\" align=\"center\" bgcolor=\"#DEE7B8\" width=\"380\">\n<p class=\"bold\" style=\"text-align: center;\"><strong><span id=\"result_box\" class=\"short_text\" lang=\"en\"><span class=\"hps\">Dosierung<\/span><\/span><\/strong><\/p>\n<\/td>\n<\/tr>\n<\/thead>\n<tbody>\n<tr style=\"height: 36px;\">\n<td style=\"height: 36px;\" width=\"204\"><strong><em><strong>K\u00f6rpergewicht des Hundes<br \/><\/strong><\/em><\/strong><\/td>\n<td style=\"height: 36px;\" width=\"234\"><strong><em><span id=\"result_box\" class=\"short_text\" lang=\"en\"><span class=\"hps\">Optimalem dosierung<br \/><\/span><\/span><\/em><\/strong><\/td>\n<\/tr>\n<tr style=\"height: 18px;\">\n<td style=\"height: 18px;\">Hund unter 10 kg<\/td>\n<td style=\"height: 18px;\">Frontline Spot-On Hund S<\/td>\n<\/tr>\n<tr style=\"height: 18px;\">\n<td style=\"height: 18px;\">Hund 10-20 kg<\/td>\n<td style=\"height: 18px;\">Frontline Spot-On Hund M<\/td>\n<\/tr>\n<tr style=\"height: 18px;\">\n<td style=\"height: 18px;\">Hund 20-40 kg<\/td>\n<td style=\"height: 18px;\">Frontline Spot-On Hund L<\/td>\n<\/tr>\n<\/tbody>\n<\/table>","_de_post_name":"frontline-spot-on-hund-m-3","_de_post_excerpt":"","_de_post_title":"Frontline Spot-On Hund M (10-20kg) 3x1,34 ml","_fr_post_content":"<p>Frontline Spot On est une pipette pour chiens qui prot\u00e8ge contre les puces, les tiques et contre les poux mordants. Frontline Spot On a comme substance active le fipronil. Le liquide s\u2019applique facilement gr\u00e2ce \u00e0 la pipette spot-on sur la peau entre les omoplates, apr\u00e8s lequel le liquide se repend dans le reste du corps. Frontline Spot On reste actif pendant de 5 semaines voire m\u00eame jusqu\u2019\u00e0 3 mois contre les puces. Contre les tiques et les poux mordants, Frontline Spot On reste actif durant 4 semaines.<\/p>","_fr_post_name":"frontline-spot-on-chien-m-3","_fr_post_excerpt":"","_fr_post_title":"Frontline Spot-On chien M (10-20kg) 3x1,34 ml","_es_post_content":"<p style=\"text-align: justify;\">Frontline Spot-On son unas pipetas antiparasitarias que protegen a los perros contra pulgas, garrapatas y piojos masticadores. Frontline Spot On contiene la sustancia activa fipronil. El l\u00edquido se aplica f\u00e1cilmente por medio de una pipeta spot-on en la piel entre los om\u00f3platos del perro para evitar que se lama. El l\u00edquido se esparcir\u00e1 entonces por el resto del cuerpo. Frontline Spot-on durar\u00e1 de 5 semanas hasta 3 meses contra pulgas. Una pipeta funciona 4 semanas contra garrapatas y pulgas masticadores.\u00a0<\/p>\n<table border=\"1\">\n<thead>\n<tr>\n<td colspan=\"2\" align=\"center\" bgcolor=\"#DEE7B8\" width=\"380\">\n<p class=\"bold\" style=\"text-align: center;\"><strong><span id=\"result_box\" class=\"short_text\" lang=\"en\"><span class=\"hps\">Dosificaci\u00f3n<\/span><\/span><\/strong><\/p>\n<\/td>\n<\/tr>\n<\/thead>\n<tbody>\n<tr>\n<td width=\"204\"><strong><em><strong>Peso corporal del perro<br \/><\/strong><\/em><\/strong><\/td>\n<td width=\"234\"><strong><em><span id=\"result_box\" class=\"short_text\" lang=\"en\"><span class=\"hps\">Dosis \u00f3ptima<br \/><\/span><\/span><\/em><\/strong><\/td>\n<\/tr>\n<tr>\n<td>Perro de bajo de 10 kg<\/td>\n<td>Frontline Spot-On perro S<\/td>\n<\/tr>\n<tr>\n<td>Perro10-20 kg<\/td>\n<td>Frontline Spot-On perro M<\/td>\n<\/tr>\n<tr>\n<td>Perro 20-40 kg<\/td>\n<td>Frontline Spot-On perro L<\/td>\n<\/tr>\n<\/tbody>\n<\/table>","_es_post_name":"frontline-spot-on-perro-m-3","_es_post_excerpt":"","_es_post_title":"Frontline Spot-On perro  M (10-20kg) 3x1,34 ml","edit_language":"nl"},"product_brand":[],"product_cat":[1928,1117,1857,1836,1835,1834],"product_tag":[],"class_list":{"0":"post-121166","1":"product","2":"type-product","3":"status-publish","4":"has-post-thumbnail","6":"product_cat-frontline","7":"product_cat-honden","8":"product_cat-merken","9":"product_cat-teken","10":"product_cat-vlooien","11":"product_cat-vlooien-teken-insecten","12":"pa_aandoening-luizen","13":"pa_aandoening-teken","14":"pa_aandoening-vlooien","15":"pa_doeldier-hond","16":"pa_fabricatieland-frankrijk","17":"pa_merkfilter-frontline","18":"pa_merkgroep-boehringer","19":"pa_productsoort-diergeneesmiddelvrij_ura","20":"pa_seo_canonical_store_id-not_found_value","21":"pa_seo_category-not_found_value","22":"pa_seo_meta_robots-not_found_value","23":"pa_toedieningswijze-spot_on","24":"pa_unit_pricing_base_measure-1ct","25":"pa_unit_pricing_measure-3ct","26":"pa_werkzamestof-fipronil","28":"first","29":"instock","30":"taxable","31":"shipping-taxable","32":"purchasable","33":"product-type-simple"},"yoast_head":"<!-- This site is optimized with the Yoast SEO plugin v27.5 - https:\/\/yoast.com\/product\/yoast-seo-wordpress\/ -->\n<title>Frontline Spot-On hond M (10-20kg) 3x1,34 ml - Pharmacy4pets<\/title>\n<meta name=\"robots\" content=\"index, follow, max-snippet:-1, max-image-preview:large, max-video-preview:-1\" \/>\n<link rel=\"canonical\" href=\"https:\/\/www.pharmacy4pets.nl\/frontline-spot-on-hond-m-3\" \/>\n<meta property=\"og:locale\" content=\"nl_NL\" \/>\n<meta property=\"og:type\" content=\"article\" \/>\n<meta property=\"og:title\" content=\"Frontline Spot-On hond M (10-20kg) 3x1,34 ml - Pharmacy4pets\" \/>\n<meta property=\"og:description\" content=\"Frontline Spot On is een pipet voor honden die beschermt tegen vlooien, teken en bijtende luizen. Frontline Spot On bevat als werkzame stof fipronil. De vloeistof is door middel van een spot-on pipet eenvoudig aan te brengen op de huid tussen de schouderbladen (dit om aflikken te voorkomen), waarna de vloeistof zich zal verspreiden over [&hellip;]\" \/>\n<meta property=\"og:url\" content=\"https:\/\/www.pharmacy4pets.nl\/frontline-spot-on-hond-m-3\" \/>\n<meta property=\"og:site_name\" content=\"Pharmacy4pets\" \/>\n<meta property=\"article:publisher\" content=\"https:\/\/www.facebook.com\/people\/Pharmacy4petsnl\/100063484989896\/\" \/>\n<meta property=\"article:modified_time\" content=\"2026-04-14T08:06:20+00:00\" \/>\n<meta property=\"og:image\" content=\"https:\/\/www.pharmacy4pets.nl\/wp-content\/uploads\/2025\/04\/26891_2.jpg\" \/>\n\t<meta property=\"og:image:width\" content=\"600\" \/>\n\t<meta property=\"og:image:height\" content=\"600\" \/>\n\t<meta property=\"og:image:type\" content=\"image\/jpeg\" \/>\n<meta name=\"twitter:card\" content=\"summary_large_image\" \/>\n<meta name=\"twitter:label1\" content=\"Geschatte leestijd\" \/>\n\t<meta name=\"twitter:data1\" content=\"1 minuut\" \/>\n<script type=\"application\/ld+json\" class=\"yoast-schema-graph\">{\"@context\":\"https:\\\/\\\/schema.org\",\"@graph\":[{\"@type\":\"WebPage\",\"@id\":\"https:\\\/\\\/www.pharmacy4pets.nl\\\/frontline-spot-on-hond-m-3\",\"url\":\"https:\\\/\\\/www.pharmacy4pets.nl\\\/frontline-spot-on-hond-m-3\",\"name\":\"Frontline Spot-On hond M (10-20kg) 3x1,34 ml - Pharmacy4pets\",\"isPartOf\":{\"@id\":\"http:\\\/\\\/www.pharmacy4pets.nl\\\/#website\"},\"primaryImageOfPage\":{\"@id\":\"https:\\\/\\\/www.pharmacy4pets.nl\\\/frontline-spot-on-hond-m-3#primaryimage\"},\"image\":{\"@id\":\"https:\\\/\\\/www.pharmacy4pets.nl\\\/frontline-spot-on-hond-m-3#primaryimage\"},\"thumbnailUrl\":\"https:\\\/\\\/www.pharmacy4pets.nl\\\/wp-content\\\/uploads\\\/2025\\\/04\\\/26891_2.jpg\",\"datePublished\":\"2025-04-23T11:59:10+00:00\",\"dateModified\":\"2026-04-14T08:06:20+00:00\",\"breadcrumb\":{\"@id\":\"https:\\\/\\\/www.pharmacy4pets.nl\\\/frontline-spot-on-hond-m-3#breadcrumb\"},\"inLanguage\":\"nl-NL\",\"potentialAction\":[{\"@type\":\"ReadAction\",\"target\":[\"https:\\\/\\\/www.pharmacy4pets.nl\\\/frontline-spot-on-hond-m-3\"]}]},{\"@type\":\"ImageObject\",\"inLanguage\":\"nl-NL\",\"@id\":\"https:\\\/\\\/www.pharmacy4pets.nl\\\/frontline-spot-on-hond-m-3#primaryimage\",\"url\":\"https:\\\/\\\/www.pharmacy4pets.nl\\\/wp-content\\\/uploads\\\/2025\\\/04\\\/26891_2.jpg\",\"contentUrl\":\"https:\\\/\\\/www.pharmacy4pets.nl\\\/wp-content\\\/uploads\\\/2025\\\/04\\\/26891_2.jpg\",\"width\":600,\"height\":600,\"caption\":\"Frontline\"},{\"@type\":\"BreadcrumbList\",\"@id\":\"https:\\\/\\\/www.pharmacy4pets.nl\\\/frontline-spot-on-hond-m-3#breadcrumb\",\"itemListElement\":[{\"@type\":\"ListItem\",\"position\":1,\"name\":\"Home\",\"item\":\"https:\\\/\\\/p4p-nl.bootmine.com\\\/\"},{\"@type\":\"ListItem\",\"position\":2,\"name\":\"Winkel\",\"item\":\"https:\\\/\\\/p4p-nl.bootmine.com\\\/winkel\"},{\"@type\":\"ListItem\",\"position\":3,\"name\":\"Frontline Spot-On hond M (10-20kg) 3&#215;1,34 ml\"}]},{\"@type\":\"WebSite\",\"@id\":\"http:\\\/\\\/www.pharmacy4pets.nl\\\/#website\",\"url\":\"http:\\\/\\\/www.pharmacy4pets.nl\\\/\",\"name\":\"Pharmacy4pets\",\"description\":\"Pharmacy4pets.nl is d\u00e9 online apotheek waar u terecht kunt voor alle diergeneesmiddelen, verzorgingsproducten en dieetvoeding voor uw huisdier.\",\"publisher\":{\"@id\":\"http:\\\/\\\/www.pharmacy4pets.nl\\\/#organization\"},\"potentialAction\":[{\"@type\":\"SearchAction\",\"target\":{\"@type\":\"EntryPoint\",\"urlTemplate\":\"http:\\\/\\\/www.pharmacy4pets.nl\\\/?s={search_term_string}\"},\"query-input\":{\"@type\":\"PropertyValueSpecification\",\"valueRequired\":true,\"valueName\":\"search_term_string\"}}],\"inLanguage\":\"nl-NL\"},{\"@type\":\"Organization\",\"@id\":\"http:\\\/\\\/www.pharmacy4pets.nl\\\/#organization\",\"name\":\"Pharmacy4pets\",\"url\":\"http:\\\/\\\/www.pharmacy4pets.nl\\\/\",\"logo\":{\"@type\":\"ImageObject\",\"inLanguage\":\"nl-NL\",\"@id\":\"http:\\\/\\\/www.pharmacy4pets.nl\\\/#\\\/schema\\\/logo\\\/image\\\/\",\"url\":\"https:\\\/\\\/p4p-nl.bootmine.com\\\/wp-content\\\/uploads\\\/2026\\\/03\\\/logo-pharmacy4pets.png\",\"contentUrl\":\"https:\\\/\\\/p4p-nl.bootmine.com\\\/wp-content\\\/uploads\\\/2026\\\/03\\\/logo-pharmacy4pets.png\",\"width\":1024,\"height\":135,\"caption\":\"Pharmacy4pets\"},\"image\":{\"@id\":\"http:\\\/\\\/www.pharmacy4pets.nl\\\/#\\\/schema\\\/logo\\\/image\\\/\"},\"sameAs\":[\"https:\\\/\\\/www.facebook.com\\\/people\\\/Pharmacy4petsnl\\\/100063484989896\\\/\",\"https:\\\/\\\/www.youtube.com\\\/channel\\\/UCGPTIgucgli03tP2_kvLkHg\\\/featured\",\"https:\\\/\\\/www.instagram.com\\\/pharmacy4pets.nl\"]}]}<\/script>\n<!-- \/ Yoast SEO plugin. -->","yoast_head_json":{"title":"Frontline Spot-On hond M (10-20kg) 3x1,34 ml - Pharmacy4pets","robots":{"index":"index","follow":"follow","max-snippet":"max-snippet:-1","max-image-preview":"max-image-preview:large","max-video-preview":"max-video-preview:-1"},"canonical":"https:\/\/www.pharmacy4pets.nl\/frontline-spot-on-hond-m-3","og_locale":"nl_NL","og_type":"article","og_title":"Frontline Spot-On hond M (10-20kg) 3x1,34 ml - Pharmacy4pets","og_description":"Frontline Spot On is een pipet voor honden die beschermt tegen vlooien, teken en bijtende luizen. Frontline Spot On bevat als werkzame stof fipronil. De vloeistof is door middel van een spot-on pipet eenvoudig aan te brengen op de huid tussen de schouderbladen (dit om aflikken te voorkomen), waarna de vloeistof zich zal verspreiden over [&hellip;]","og_url":"https:\/\/www.pharmacy4pets.nl\/frontline-spot-on-hond-m-3","og_site_name":"Pharmacy4pets","article_publisher":"https:\/\/www.facebook.com\/people\/Pharmacy4petsnl\/100063484989896\/","article_modified_time":"2026-04-14T08:06:20+00:00","og_image":[{"width":600,"height":600,"url":"https:\/\/www.pharmacy4pets.nl\/wp-content\/uploads\/2025\/04\/26891_2.jpg","type":"image\/jpeg"}],"twitter_card":"summary_large_image","twitter_misc":{"Geschatte leestijd":"1 minuut"},"schema":{"@context":"https:\/\/schema.org","@graph":[{"@type":"WebPage","@id":"https:\/\/www.pharmacy4pets.nl\/frontline-spot-on-hond-m-3","url":"https:\/\/www.pharmacy4pets.nl\/frontline-spot-on-hond-m-3","name":"Frontline Spot-On hond M (10-20kg) 3x1,34 ml - Pharmacy4pets","isPartOf":{"@id":"http:\/\/www.pharmacy4pets.nl\/#website"},"primaryImageOfPage":{"@id":"https:\/\/www.pharmacy4pets.nl\/frontline-spot-on-hond-m-3#primaryimage"},"image":{"@id":"https:\/\/www.pharmacy4pets.nl\/frontline-spot-on-hond-m-3#primaryimage"},"thumbnailUrl":"https:\/\/www.pharmacy4pets.nl\/wp-content\/uploads\/2025\/04\/26891_2.jpg","datePublished":"2025-04-23T11:59:10+00:00","dateModified":"2026-04-14T08:06:20+00:00","breadcrumb":{"@id":"https:\/\/www.pharmacy4pets.nl\/frontline-spot-on-hond-m-3#breadcrumb"},"inLanguage":"nl-NL","potentialAction":[{"@type":"ReadAction","target":["https:\/\/www.pharmacy4pets.nl\/frontline-spot-on-hond-m-3"]}]},{"@type":"ImageObject","inLanguage":"nl-NL","@id":"https:\/\/www.pharmacy4pets.nl\/frontline-spot-on-hond-m-3#primaryimage","url":"https:\/\/www.pharmacy4pets.nl\/wp-content\/uploads\/2025\/04\/26891_2.jpg","contentUrl":"https:\/\/www.pharmacy4pets.nl\/wp-content\/uploads\/2025\/04\/26891_2.jpg","width":600,"height":600,"caption":"Frontline"},{"@type":"BreadcrumbList","@id":"https:\/\/www.pharmacy4pets.nl\/frontline-spot-on-hond-m-3#breadcrumb","itemListElement":[{"@type":"ListItem","position":1,"name":"Home","item":"https:\/\/p4p-nl.bootmine.com\/"},{"@type":"ListItem","position":2,"name":"Winkel","item":"https:\/\/p4p-nl.bootmine.com\/winkel"},{"@type":"ListItem","position":3,"name":"Frontline Spot-On hond M (10-20kg) 3&#215;1,34 ml"}]},{"@type":"WebSite","@id":"http:\/\/www.pharmacy4pets.nl\/#website","url":"http:\/\/www.pharmacy4pets.nl\/","name":"Pharmacy4pets","description":"Pharmacy4pets.nl is d\u00e9 online apotheek waar u terecht kunt voor alle diergeneesmiddelen, verzorgingsproducten en dieetvoeding voor uw huisdier.","publisher":{"@id":"http:\/\/www.pharmacy4pets.nl\/#organization"},"potentialAction":[{"@type":"SearchAction","target":{"@type":"EntryPoint","urlTemplate":"http:\/\/www.pharmacy4pets.nl\/?s={search_term_string}"},"query-input":{"@type":"PropertyValueSpecification","valueRequired":true,"valueName":"search_term_string"}}],"inLanguage":"nl-NL"},{"@type":"Organization","@id":"http:\/\/www.pharmacy4pets.nl\/#organization","name":"Pharmacy4pets","url":"http:\/\/www.pharmacy4pets.nl\/","logo":{"@type":"ImageObject","inLanguage":"nl-NL","@id":"http:\/\/www.pharmacy4pets.nl\/#\/schema\/logo\/image\/","url":"https:\/\/p4p-nl.bootmine.com\/wp-content\/uploads\/2026\/03\/logo-pharmacy4pets.png","contentUrl":"https:\/\/p4p-nl.bootmine.com\/wp-content\/uploads\/2026\/03\/logo-pharmacy4pets.png","width":1024,"height":135,"caption":"Pharmacy4pets"},"image":{"@id":"http:\/\/www.pharmacy4pets.nl\/#\/schema\/logo\/image\/"},"sameAs":["https:\/\/www.facebook.com\/people\/Pharmacy4petsnl\/100063484989896\/","https:\/\/www.youtube.com\/channel\/UCGPTIgucgli03tP2_kvLkHg\/featured","https:\/\/www.instagram.com\/pharmacy4pets.nl"]}]}},"market_data":{"nl":{"price":0,"sale_price":0,"active":false,"url":null,"parent_url":"","tax_rate":0,"price_inc_tax":0,"sale_price_inc_tax":0},"de":{"price":0,"sale_price":0,"active":false,"url":null,"parent_url":"","tax_rate":0,"price_inc_tax":0,"sale_price_inc_tax":0},"be":{"price":0,"sale_price":0,"active":false,"url":null,"parent_url":"","tax_rate":0,"price_inc_tax":0,"sale_price_inc_tax":0},"fr":{"price":0,"sale_price":0,"active":false,"url":null,"parent_url":"","tax_rate":0,"price_inc_tax":0,"sale_price_inc_tax":0},"ch":{"price":0,"sale_price":0,"active":false,"url":null,"parent_url":"","tax_rate":0,"price_inc_tax":0,"sale_price_inc_tax":0},"at":{"price":0,"sale_price":0,"active":false,"url":null,"parent_url":"","tax_rate":0,"price_inc_tax":0,"sale_price_inc_tax":0},"es":{"price":0,"sale_price":0,"active":false,"url":null,"parent_url":"","tax_rate":0,"price_inc_tax":0,"sale_price_inc_tax":0},"dk":{"price":0,"sale_price":0,"active":false,"url":null,"parent_url":"","tax_rate":0,"price_inc_tax":0,"sale_price_inc_tax":0},"com":{"price":0,"sale_price":0,"active":false,"url":null,"parent_url":"","tax_rate":0,"price_inc_tax":0,"sale_price_inc_tax":0}},"market_nl_price":0,"market_nl_sale_price":0,"market_nl_active":false,"market_nl_url":null,"market_nl_parent_url":"","market_nl_tax_rate":0,"market_nl_price_inc_tax":0,"market_nl_sale_price_inc_tax":0,"market_de_price":0,"market_de_sale_price":0,"market_de_active":false,"market_de_url":null,"market_de_parent_url":"","market_de_tax_rate":0,"market_de_price_inc_tax":0,"market_de_sale_price_inc_tax":0,"market_be_price":0,"market_be_sale_price":0,"market_be_active":false,"market_be_url":null,"market_be_parent_url":"","market_be_tax_rate":0,"market_be_price_inc_tax":0,"market_be_sale_price_inc_tax":0,"market_fr_price":0,"market_fr_sale_price":0,"market_fr_active":false,"market_fr_url":null,"market_fr_parent_url":"","market_fr_tax_rate":0,"market_fr_price_inc_tax":0,"market_fr_sale_price_inc_tax":0,"market_ch_price":0,"market_ch_sale_price":0,"market_ch_active":false,"market_ch_url":null,"market_ch_parent_url":"","market_ch_tax_rate":0,"market_ch_price_inc_tax":0,"market_ch_sale_price_inc_tax":0,"market_at_price":0,"market_at_sale_price":0,"market_at_active":false,"market_at_url":null,"market_at_parent_url":"","market_at_tax_rate":0,"market_at_price_inc_tax":0,"market_at_sale_price_inc_tax":0,"market_es_price":0,"market_es_sale_price":0,"market_es_active":false,"market_es_url":null,"market_es_parent_url":"","market_es_tax_rate":0,"market_es_price_inc_tax":0,"market_es_sale_price_inc_tax":0,"market_dk_price":0,"market_dk_sale_price":0,"market_dk_active":false,"market_dk_url":null,"market_dk_parent_url":"","market_dk_tax_rate":0,"market_dk_price_inc_tax":0,"market_dk_sale_price_inc_tax":0,"market_com_price":0,"market_com_sale_price":0,"market_com_active":false,"market_com_url":null,"market_com_parent_url":"","market_com_tax_rate":0,"market_com_price_inc_tax":0,"market_com_sale_price_inc_tax":0,"acf":[],"_links":{"self":[{"href":"https:\/\/www.pharmacy4pets.nl\/be\/wp-json\/wp\/v2\/product\/121166","targetHints":{"allow":["GET"]}}],"collection":[{"href":"https:\/\/www.pharmacy4pets.nl\/be\/wp-json\/wp\/v2\/product"}],"about":[{"href":"https:\/\/www.pharmacy4pets.nl\/be\/wp-json\/wp\/v2\/types\/product"}],"replies":[{"embeddable":true,"href":"https:\/\/www.pharmacy4pets.nl\/be\/wp-json\/wp\/v2\/comments?post=121166"}],"wp:featuredmedia":[{"embeddable":true,"href":"https:\/\/www.pharmacy4pets.nl\/be\/wp-json\/wp\/v2\/media\/121165"}],"wp:attachment":[{"href":"https:\/\/www.pharmacy4pets.nl\/be\/wp-json\/wp\/v2\/media?parent=121166"}],"wp:term":[{"taxonomy":"product_brand","embeddable":true,"href":"https:\/\/www.pharmacy4pets.nl\/be\/wp-json\/wp\/v2\/product_brand?post=121166"},{"taxonomy":"product_cat","embeddable":true,"href":"https:\/\/www.pharmacy4pets.nl\/be\/wp-json\/wp\/v2\/product_cat?post=121166"},{"taxonomy":"product_tag","embeddable":true,"href":"https:\/\/www.pharmacy4pets.nl\/be\/wp-json\/wp\/v2\/product_tag?post=121166"}],"curies":[{"name":"wp","href":"https:\/\/api.w.org\/{rel}","templated":true}]}}