{"id":121142,"date":"2025-03-18T11:19:39","date_gmt":"2025-03-18T11:19:39","guid":{"rendered":"https:\/\/p4p.test\/douxo-s3-care-oorreiniger-60-ml"},"modified":"2026-03-25T12:09:00","modified_gmt":"2026-03-25T12:09:00","slug":"douxo-s3-care-oorreiniger-60-ml","status":"publish","type":"product","link":"https:\/\/www.pharmacy4pets.nl\/be\/douxo-s3-care-oorreiniger-60-ml","title":{"rendered":"Douxo S3 Care oorreiniger | 60 ml"},"content":{"rendered":"<h1>Douxo S3 Care<\/h1>\n<p>De producten van Douxo S3 Care worden gebruikt voor de dagelijkse verzorging van de huid en vacht van uw hond of kat. Douxo S3 Care draagt bij aan de gezondheid van de huid, van binnen en van buiten. Hoe beter de conditie van de huid, hoe mooier de vacht glans en hoe beter uw huisdier zich voelt. Met Douxo S3 Care kunt u de huid en haren van zowel katten als honden verzorgen. Douxo S3 Care is geschikt voor dagelijks tot regelmatig gebruik en werkt uitstekend voor dieren met een gevoelige huid.\u00a0<\/p>\n","protected":false},"excerpt":{"rendered":"<p>Douxo S3 Care De producten van Douxo S3 Care worden gebruikt voor de dagelijkse verzorging van de huid en vacht van uw hond of kat. Douxo S3 Care draagt bij aan de gezondheid van de huid, van binnen en van buiten. Hoe beter de conditie van de huid, hoe mooier de vacht glans en hoe [&hellip;]<\/p>\n","protected":false},"featured_media":121141,"comment_status":"open","ping_status":"closed","template":"","meta":{"_acf_changed":false,"_nl_post_content":"<h1>Douxo S3 Care<\/h1>\r\n<p>De producten van Douxo S3 Care worden gebruikt voor de dagelijkse verzorging van de huid en vacht van uw hond of kat. Douxo S3 Care draagt bij aan de gezondheid van de huid, van binnen en van buiten. Hoe beter de conditie van de huid, hoe mooier de vacht glans en hoe beter uw huisdier zich voelt. Met Douxo S3 Care kunt u de huid en haren van zowel katten als honden verzorgen. Douxo S3 Care is geschikt voor dagelijks tot regelmatig gebruik en werkt uitstekend voor dieren met een gevoelige huid.\u00a0<\/p>","_nl_post_name":"douxo-s3-care-oorreiniger-60-ml","_nl_post_excerpt":"","_nl_post_title":"Douxo S3 Care oorreiniger | 60 ml","_en_post_content":"<h1>Douxo S3 Care<\/h1>\r\n<p>Douxo S3 Care products are used for the daily care of your dog's or cat's skin and coat. Douxo S3 Care contributes to the health of the skin, inside and out. The better the condition of the skin, the more the coat shines and the better your pet feels. With Douxo S3 Care you can take care of the skin and hair of both cats and dogs. Douxo S3 Care is suitable for daily to regular use and works excellently for animals with sensitive skin.<\/p>","_en_post_name":"douxo-s3-care-oorreiniger-60-ml","_en_post_excerpt":"","_en_post_title":"Douxo S3 Care ear cleaner | 60 ml","_de_post_content":"<h1>Douxo S3 Care<\/h1>\r\n<p>Douxo S3 Care Produkte werden f\u00fcr die t\u00e4gliche Pflege von Haut und Fell Ihres Hundes oder Ihrer Katze verwendet. Douxo S3 Care tr\u00e4gt zur Gesundheit der Haut bei, innen und au\u00dfen. Je besser der Zustand der Haut, desto sch\u00f6ner das Fell und desto besser f\u00fchlt sich Ihr Haustier an. Mit Douxo S3 Care k\u00f6nnen Sie die Haut und Haare von Katzen und Hunden pflegen. Douxo S3 Care ist f\u00fcr den t\u00e4glichen bis regelm\u00e4\u00dfigen Gebrauch geeignet und wirkt hervorragend bei Tieren mit empfindlicher Haut.\u00a0<\/p>","_de_post_name":"douxo-s3-care-oorreiniger-60-ml","_de_post_excerpt":"","_de_post_title":"Douxo S3 Care Ohrreiniger | 60 ml","_fr_post_content":"<p>Douxo S3 Care nettoyant oreille offre un nettoyage doux pour les oreilles de votre chien ou chat. Cela aide \u00e0 supprimer les salet\u00e9s dans l\u2019oreille externe et dans le conduit auditif externe. De plus, vous pouvez l\u2019utiliser pour nettoyer les l\u00e8vres et d\u2019autres plis de la peau. Le nettoyant pour oreilles ne pique pas et ne dess\u00e8che pas la peau. Le nettoyant \u00e0 oreilles Douxo S3 Care convient pour les chiens et les chats avec une peau sensible. Lisez bien les instructions pour utiliser le produit afin d\u2019\u00e9viter des alt\u00e9rations de l\u2019ou\u00efe.<\/p>","_fr_post_name":"douxo-s3-care-oorreiniger-60-ml","_fr_post_excerpt":"","_fr_post_title":"Douxo S3 Care nettoyage oreilles | 60 ml","_es_post_content":"<h1>Douxo S3 Care<\/h1>\r\n<p>Los productos Douxo S3 Care se utilizan para el cuidado diario de la piel y el pelaje de su perro o gato. Douxo S3 Care ayuda a mantener la piel sana, tanto por dentro como por fuera. Cuanto mejor sea la condici\u00f3n de la piel, m\u00e1s brillante ser\u00e1 el pelaje y mejor se sentir\u00e1 su mascota. Gracias a Douxo S3 Care puede cuidar la piel y el pelaje de los gatos y los perros. Douxo S3 Care sirve para el uso diario o regular funciona de maravilla en animales con piel sensible.<\/p>","_es_post_name":"douxo-s3-care-oorreiniger-60-ml","_es_post_excerpt":"","_es_post_title":"Douxo S3 Care limpiador de o\u00eddos | 60 ml","edit_language":"nl"},"product_brand":[],"product_cat":[1891,1861,1914,1117,1118,1839,1871,1857,1983,1851,1882,1863,1893],"product_tag":[],"class_list":{"0":"post-121142","1":"product","2":"type-product","3":"status-publish","4":"has-post-thumbnail","6":"product_cat-benodigdheden","8":"product_cat-douxo","9":"product_cat-honden","10":"product_cat-katten","11":"product_cat-medicijnen-supplementen","13":"product_cat-merken","14":"product_cat-oorontsteking","15":"product_cat-oren","17":"product_cat-verzorging","19":"pa_aandoening-huid_vacht","20":"pa_doeldier-hond","21":"pa_doeldier-kat","22":"pa_fabricatieland-frankrijk","23":"pa_merkfilter-douxo","24":"pa_merkgroep-ceva","25":"pa_productsoort-overig","26":"pa_seo_canonical_store_id-not_found_value","27":"pa_seo_category-not_found_value","28":"pa_seo_meta_robots-not_found_value","29":"pa_toedieningswijze-oorreiniger","30":"pa_unit_pricing_base_measure-10ml","31":"pa_unit_pricing_measure-60ml","32":"pa_werkzamestof-overig","34":"first","35":"instock","36":"taxable","37":"shipping-taxable","38":"purchasable","39":"product-type-simple"},"yoast_head":"<!-- This site is optimized with the Yoast SEO plugin v27.5 - https:\/\/yoast.com\/product\/yoast-seo-wordpress\/ -->\n<title>Douxo S3 Care oorreiniger | 60 ml - Pharmacy4pets<\/title>\n<meta name=\"robots\" content=\"index, follow, max-snippet:-1, max-image-preview:large, max-video-preview:-1\" \/>\n<link rel=\"canonical\" href=\"https:\/\/www.pharmacy4pets.nl\/douxo-s3-care-oorreiniger-60-ml\" \/>\n<meta property=\"og:locale\" content=\"nl_NL\" \/>\n<meta property=\"og:type\" content=\"article\" \/>\n<meta property=\"og:title\" content=\"Douxo S3 Care oorreiniger | 60 ml - Pharmacy4pets\" \/>\n<meta property=\"og:description\" content=\"Douxo S3 Care De producten van Douxo S3 Care worden gebruikt voor de dagelijkse verzorging van de huid en vacht van uw hond of kat. Douxo S3 Care draagt bij aan de gezondheid van de huid, van binnen en van buiten. Hoe beter de conditie van de huid, hoe mooier de vacht glans en hoe [&hellip;]\" \/>\n<meta property=\"og:url\" content=\"https:\/\/www.pharmacy4pets.nl\/douxo-s3-care-oorreiniger-60-ml\" \/>\n<meta property=\"og:site_name\" content=\"Pharmacy4pets\" \/>\n<meta property=\"article:publisher\" content=\"https:\/\/www.facebook.com\/people\/Pharmacy4petsnl\/100063484989896\/\" \/>\n<meta property=\"article:modified_time\" content=\"2026-03-25T12:09:00+00:00\" \/>\n<meta property=\"og:image\" content=\"https:\/\/www.pharmacy4pets.nl\/wp-content\/uploads\/2025\/03\/26958.jpg\" \/>\n\t<meta property=\"og:image:width\" content=\"350\" \/>\n\t<meta property=\"og:image:height\" content=\"350\" \/>\n\t<meta property=\"og:image:type\" content=\"image\/jpeg\" \/>\n<meta name=\"twitter:card\" content=\"summary_large_image\" \/>\n<script type=\"application\/ld+json\" class=\"yoast-schema-graph\">{\"@context\":\"https:\\\/\\\/schema.org\",\"@graph\":[{\"@type\":\"WebPage\",\"@id\":\"https:\\\/\\\/www.pharmacy4pets.nl\\\/douxo-s3-care-oorreiniger-60-ml\",\"url\":\"https:\\\/\\\/www.pharmacy4pets.nl\\\/douxo-s3-care-oorreiniger-60-ml\",\"name\":\"Douxo S3 Care oorreiniger | 60 ml - Pharmacy4pets\",\"isPartOf\":{\"@id\":\"http:\\\/\\\/www.pharmacy4pets.nl\\\/#website\"},\"primaryImageOfPage\":{\"@id\":\"https:\\\/\\\/www.pharmacy4pets.nl\\\/douxo-s3-care-oorreiniger-60-ml#primaryimage\"},\"image\":{\"@id\":\"https:\\\/\\\/www.pharmacy4pets.nl\\\/douxo-s3-care-oorreiniger-60-ml#primaryimage\"},\"thumbnailUrl\":\"https:\\\/\\\/www.pharmacy4pets.nl\\\/wp-content\\\/uploads\\\/2025\\\/03\\\/26958.jpg\",\"datePublished\":\"2025-03-18T11:19:39+00:00\",\"dateModified\":\"2026-03-25T12:09:00+00:00\",\"breadcrumb\":{\"@id\":\"https:\\\/\\\/www.pharmacy4pets.nl\\\/douxo-s3-care-oorreiniger-60-ml#breadcrumb\"},\"inLanguage\":\"nl-NL\",\"potentialAction\":[{\"@type\":\"ReadAction\",\"target\":[\"https:\\\/\\\/www.pharmacy4pets.nl\\\/douxo-s3-care-oorreiniger-60-ml\"]}]},{\"@type\":\"ImageObject\",\"inLanguage\":\"nl-NL\",\"@id\":\"https:\\\/\\\/www.pharmacy4pets.nl\\\/douxo-s3-care-oorreiniger-60-ml#primaryimage\",\"url\":\"https:\\\/\\\/www.pharmacy4pets.nl\\\/wp-content\\\/uploads\\\/2025\\\/03\\\/26958.jpg\",\"contentUrl\":\"https:\\\/\\\/www.pharmacy4pets.nl\\\/wp-content\\\/uploads\\\/2025\\\/03\\\/26958.jpg\",\"width\":350,\"height\":350,\"caption\":\"Douxo S3 Care oorreiniger | 60 ml-0\"},{\"@type\":\"BreadcrumbList\",\"@id\":\"https:\\\/\\\/www.pharmacy4pets.nl\\\/douxo-s3-care-oorreiniger-60-ml#breadcrumb\",\"itemListElement\":[{\"@type\":\"ListItem\",\"position\":1,\"name\":\"Home\",\"item\":\"https:\\\/\\\/p4p-nl.bootmine.com\\\/\"},{\"@type\":\"ListItem\",\"position\":2,\"name\":\"Winkel\",\"item\":\"https:\\\/\\\/p4p-nl.bootmine.com\\\/winkel\"},{\"@type\":\"ListItem\",\"position\":3,\"name\":\"Douxo S3 Care oorreiniger | 60 ml\"}]},{\"@type\":\"WebSite\",\"@id\":\"http:\\\/\\\/www.pharmacy4pets.nl\\\/#website\",\"url\":\"http:\\\/\\\/www.pharmacy4pets.nl\\\/\",\"name\":\"Pharmacy4pets\",\"description\":\"Pharmacy4pets.nl is d\u00e9 online apotheek waar u terecht kunt voor alle diergeneesmiddelen, verzorgingsproducten en dieetvoeding voor uw huisdier.\",\"publisher\":{\"@id\":\"http:\\\/\\\/www.pharmacy4pets.nl\\\/#organization\"},\"potentialAction\":[{\"@type\":\"SearchAction\",\"target\":{\"@type\":\"EntryPoint\",\"urlTemplate\":\"http:\\\/\\\/www.pharmacy4pets.nl\\\/?s={search_term_string}\"},\"query-input\":{\"@type\":\"PropertyValueSpecification\",\"valueRequired\":true,\"valueName\":\"search_term_string\"}}],\"inLanguage\":\"nl-NL\"},{\"@type\":\"Organization\",\"@id\":\"http:\\\/\\\/www.pharmacy4pets.nl\\\/#organization\",\"name\":\"Pharmacy4pets\",\"url\":\"http:\\\/\\\/www.pharmacy4pets.nl\\\/\",\"logo\":{\"@type\":\"ImageObject\",\"inLanguage\":\"nl-NL\",\"@id\":\"http:\\\/\\\/www.pharmacy4pets.nl\\\/#\\\/schema\\\/logo\\\/image\\\/\",\"url\":\"https:\\\/\\\/p4p-nl.bootmine.com\\\/wp-content\\\/uploads\\\/2026\\\/03\\\/logo-pharmacy4pets.png\",\"contentUrl\":\"https:\\\/\\\/p4p-nl.bootmine.com\\\/wp-content\\\/uploads\\\/2026\\\/03\\\/logo-pharmacy4pets.png\",\"width\":1024,\"height\":135,\"caption\":\"Pharmacy4pets\"},\"image\":{\"@id\":\"http:\\\/\\\/www.pharmacy4pets.nl\\\/#\\\/schema\\\/logo\\\/image\\\/\"},\"sameAs\":[\"https:\\\/\\\/www.facebook.com\\\/people\\\/Pharmacy4petsnl\\\/100063484989896\\\/\",\"https:\\\/\\\/www.youtube.com\\\/channel\\\/UCGPTIgucgli03tP2_kvLkHg\\\/featured\",\"https:\\\/\\\/www.instagram.com\\\/pharmacy4pets.nl\"]}]}<\/script>\n<!-- \/ Yoast SEO plugin. -->","yoast_head_json":{"title":"Douxo S3 Care oorreiniger | 60 ml - Pharmacy4pets","robots":{"index":"index","follow":"follow","max-snippet":"max-snippet:-1","max-image-preview":"max-image-preview:large","max-video-preview":"max-video-preview:-1"},"canonical":"https:\/\/www.pharmacy4pets.nl\/douxo-s3-care-oorreiniger-60-ml","og_locale":"nl_NL","og_type":"article","og_title":"Douxo S3 Care oorreiniger | 60 ml - Pharmacy4pets","og_description":"Douxo S3 Care De producten van Douxo S3 Care worden gebruikt voor de dagelijkse verzorging van de huid en vacht van uw hond of kat. Douxo S3 Care draagt bij aan de gezondheid van de huid, van binnen en van buiten. Hoe beter de conditie van de huid, hoe mooier de vacht glans en hoe [&hellip;]","og_url":"https:\/\/www.pharmacy4pets.nl\/douxo-s3-care-oorreiniger-60-ml","og_site_name":"Pharmacy4pets","article_publisher":"https:\/\/www.facebook.com\/people\/Pharmacy4petsnl\/100063484989896\/","article_modified_time":"2026-03-25T12:09:00+00:00","og_image":[{"width":350,"height":350,"url":"https:\/\/www.pharmacy4pets.nl\/wp-content\/uploads\/2025\/03\/26958.jpg","type":"image\/jpeg"}],"twitter_card":"summary_large_image","schema":{"@context":"https:\/\/schema.org","@graph":[{"@type":"WebPage","@id":"https:\/\/www.pharmacy4pets.nl\/douxo-s3-care-oorreiniger-60-ml","url":"https:\/\/www.pharmacy4pets.nl\/douxo-s3-care-oorreiniger-60-ml","name":"Douxo S3 Care oorreiniger | 60 ml - Pharmacy4pets","isPartOf":{"@id":"http:\/\/www.pharmacy4pets.nl\/#website"},"primaryImageOfPage":{"@id":"https:\/\/www.pharmacy4pets.nl\/douxo-s3-care-oorreiniger-60-ml#primaryimage"},"image":{"@id":"https:\/\/www.pharmacy4pets.nl\/douxo-s3-care-oorreiniger-60-ml#primaryimage"},"thumbnailUrl":"https:\/\/www.pharmacy4pets.nl\/wp-content\/uploads\/2025\/03\/26958.jpg","datePublished":"2025-03-18T11:19:39+00:00","dateModified":"2026-03-25T12:09:00+00:00","breadcrumb":{"@id":"https:\/\/www.pharmacy4pets.nl\/douxo-s3-care-oorreiniger-60-ml#breadcrumb"},"inLanguage":"nl-NL","potentialAction":[{"@type":"ReadAction","target":["https:\/\/www.pharmacy4pets.nl\/douxo-s3-care-oorreiniger-60-ml"]}]},{"@type":"ImageObject","inLanguage":"nl-NL","@id":"https:\/\/www.pharmacy4pets.nl\/douxo-s3-care-oorreiniger-60-ml#primaryimage","url":"https:\/\/www.pharmacy4pets.nl\/wp-content\/uploads\/2025\/03\/26958.jpg","contentUrl":"https:\/\/www.pharmacy4pets.nl\/wp-content\/uploads\/2025\/03\/26958.jpg","width":350,"height":350,"caption":"Douxo S3 Care oorreiniger | 60 ml-0"},{"@type":"BreadcrumbList","@id":"https:\/\/www.pharmacy4pets.nl\/douxo-s3-care-oorreiniger-60-ml#breadcrumb","itemListElement":[{"@type":"ListItem","position":1,"name":"Home","item":"https:\/\/p4p-nl.bootmine.com\/"},{"@type":"ListItem","position":2,"name":"Winkel","item":"https:\/\/p4p-nl.bootmine.com\/winkel"},{"@type":"ListItem","position":3,"name":"Douxo S3 Care oorreiniger | 60 ml"}]},{"@type":"WebSite","@id":"http:\/\/www.pharmacy4pets.nl\/#website","url":"http:\/\/www.pharmacy4pets.nl\/","name":"Pharmacy4pets","description":"Pharmacy4pets.nl is d\u00e9 online apotheek waar u terecht kunt voor alle diergeneesmiddelen, verzorgingsproducten en dieetvoeding voor uw huisdier.","publisher":{"@id":"http:\/\/www.pharmacy4pets.nl\/#organization"},"potentialAction":[{"@type":"SearchAction","target":{"@type":"EntryPoint","urlTemplate":"http:\/\/www.pharmacy4pets.nl\/?s={search_term_string}"},"query-input":{"@type":"PropertyValueSpecification","valueRequired":true,"valueName":"search_term_string"}}],"inLanguage":"nl-NL"},{"@type":"Organization","@id":"http:\/\/www.pharmacy4pets.nl\/#organization","name":"Pharmacy4pets","url":"http:\/\/www.pharmacy4pets.nl\/","logo":{"@type":"ImageObject","inLanguage":"nl-NL","@id":"http:\/\/www.pharmacy4pets.nl\/#\/schema\/logo\/image\/","url":"https:\/\/p4p-nl.bootmine.com\/wp-content\/uploads\/2026\/03\/logo-pharmacy4pets.png","contentUrl":"https:\/\/p4p-nl.bootmine.com\/wp-content\/uploads\/2026\/03\/logo-pharmacy4pets.png","width":1024,"height":135,"caption":"Pharmacy4pets"},"image":{"@id":"http:\/\/www.pharmacy4pets.nl\/#\/schema\/logo\/image\/"},"sameAs":["https:\/\/www.facebook.com\/people\/Pharmacy4petsnl\/100063484989896\/","https:\/\/www.youtube.com\/channel\/UCGPTIgucgli03tP2_kvLkHg\/featured","https:\/\/www.instagram.com\/pharmacy4pets.nl"]}]}},"market_data":{"nl":{"price":0,"sale_price":0,"active":false,"url":null,"parent_url":"","tax_rate":0,"price_inc_tax":0,"sale_price_inc_tax":0},"de":{"price":0,"sale_price":0,"active":false,"url":null,"parent_url":"","tax_rate":0,"price_inc_tax":0,"sale_price_inc_tax":0},"be":{"price":0,"sale_price":0,"active":false,"url":null,"parent_url":"","tax_rate":0,"price_inc_tax":0,"sale_price_inc_tax":0},"fr":{"price":0,"sale_price":0,"active":false,"url":null,"parent_url":"","tax_rate":0,"price_inc_tax":0,"sale_price_inc_tax":0},"ch":{"price":0,"sale_price":0,"active":false,"url":null,"parent_url":"","tax_rate":0,"price_inc_tax":0,"sale_price_inc_tax":0},"at":{"price":0,"sale_price":0,"active":false,"url":null,"parent_url":"","tax_rate":0,"price_inc_tax":0,"sale_price_inc_tax":0},"es":{"price":0,"sale_price":0,"active":false,"url":null,"parent_url":"","tax_rate":0,"price_inc_tax":0,"sale_price_inc_tax":0},"dk":{"price":0,"sale_price":0,"active":false,"url":null,"parent_url":"","tax_rate":0,"price_inc_tax":0,"sale_price_inc_tax":0},"com":{"price":0,"sale_price":0,"active":false,"url":null,"parent_url":"","tax_rate":0,"price_inc_tax":0,"sale_price_inc_tax":0}},"market_nl_price":0,"market_nl_sale_price":0,"market_nl_active":false,"market_nl_url":null,"market_nl_parent_url":"","market_nl_tax_rate":0,"market_nl_price_inc_tax":0,"market_nl_sale_price_inc_tax":0,"market_de_price":0,"market_de_sale_price":0,"market_de_active":false,"market_de_url":null,"market_de_parent_url":"","market_de_tax_rate":0,"market_de_price_inc_tax":0,"market_de_sale_price_inc_tax":0,"market_be_price":0,"market_be_sale_price":0,"market_be_active":false,"market_be_url":null,"market_be_parent_url":"","market_be_tax_rate":0,"market_be_price_inc_tax":0,"market_be_sale_price_inc_tax":0,"market_fr_price":0,"market_fr_sale_price":0,"market_fr_active":false,"market_fr_url":null,"market_fr_parent_url":"","market_fr_tax_rate":0,"market_fr_price_inc_tax":0,"market_fr_sale_price_inc_tax":0,"market_ch_price":0,"market_ch_sale_price":0,"market_ch_active":false,"market_ch_url":null,"market_ch_parent_url":"","market_ch_tax_rate":0,"market_ch_price_inc_tax":0,"market_ch_sale_price_inc_tax":0,"market_at_price":0,"market_at_sale_price":0,"market_at_active":false,"market_at_url":null,"market_at_parent_url":"","market_at_tax_rate":0,"market_at_price_inc_tax":0,"market_at_sale_price_inc_tax":0,"market_es_price":0,"market_es_sale_price":0,"market_es_active":false,"market_es_url":null,"market_es_parent_url":"","market_es_tax_rate":0,"market_es_price_inc_tax":0,"market_es_sale_price_inc_tax":0,"market_dk_price":0,"market_dk_sale_price":0,"market_dk_active":false,"market_dk_url":null,"market_dk_parent_url":"","market_dk_tax_rate":0,"market_dk_price_inc_tax":0,"market_dk_sale_price_inc_tax":0,"market_com_price":0,"market_com_sale_price":0,"market_com_active":false,"market_com_url":null,"market_com_parent_url":"","market_com_tax_rate":0,"market_com_price_inc_tax":0,"market_com_sale_price_inc_tax":0,"acf":[],"_links":{"self":[{"href":"https:\/\/www.pharmacy4pets.nl\/be\/wp-json\/wp\/v2\/product\/121142","targetHints":{"allow":["GET"]}}],"collection":[{"href":"https:\/\/www.pharmacy4pets.nl\/be\/wp-json\/wp\/v2\/product"}],"about":[{"href":"https:\/\/www.pharmacy4pets.nl\/be\/wp-json\/wp\/v2\/types\/product"}],"replies":[{"embeddable":true,"href":"https:\/\/www.pharmacy4pets.nl\/be\/wp-json\/wp\/v2\/comments?post=121142"}],"wp:featuredmedia":[{"embeddable":true,"href":"https:\/\/www.pharmacy4pets.nl\/be\/wp-json\/wp\/v2\/media\/121141"}],"wp:attachment":[{"href":"https:\/\/www.pharmacy4pets.nl\/be\/wp-json\/wp\/v2\/media?parent=121142"}],"wp:term":[{"taxonomy":"product_brand","embeddable":true,"href":"https:\/\/www.pharmacy4pets.nl\/be\/wp-json\/wp\/v2\/product_brand?post=121142"},{"taxonomy":"product_cat","embeddable":true,"href":"https:\/\/www.pharmacy4pets.nl\/be\/wp-json\/wp\/v2\/product_cat?post=121142"},{"taxonomy":"product_tag","embeddable":true,"href":"https:\/\/www.pharmacy4pets.nl\/be\/wp-json\/wp\/v2\/product_tag?post=121142"}],"curies":[{"name":"wp","href":"https:\/\/api.w.org\/{rel}","templated":true}]}}