{"id":121138,"date":"2025-01-16T16:30:35","date_gmt":"2025-01-16T16:30:35","guid":{"rendered":"https:\/\/p4p.test\/trovet-wrd-weight-diabetic-kat"},"modified":"2026-03-25T12:08:59","modified_gmt":"2026-03-25T12:08:59","slug":"trovet-wrd-weight-diabetic-kat","status":"publish","type":"product","link":"https:\/\/www.pharmacy4pets.nl\/be\/trovet-wrd-weight-diabetic-kat","title":{"rendered":"Trovet WRD Weight &#038; Diabetic Kat"},"content":{"rendered":"<h1>Trovet Weight &amp; Diabetic<\/h1>\n<p>Trovet Weight &amp; Diabetic is een dieetvoeding speciaal ontwikkeld voor volwassen katten met overgewicht, diabetes of spijsverteringsproblemen zoals obstipatie of colitis.\u00a0<\/p>\n<p>Deze energiearme voeding is speciaal ontwikkeld voor volwassen katten en bevat een laag vetgehalte, terwijl het toch voldoende essenti\u00eble vetzuren aanlevert. Dankzij de langzame omzetting van koolhydraten in opneembare suikers helpt deze voeding schommelingen in de bloedglucosespiegel te beperken. De samenstelling stimuleert de darmwerking en activeert de peristaltiek, terwijl de onverteerbare vezels bijdragen aan een goede vochtbinding in de darmen. Dit bevordert een stevige, goed gevormde ontlasting. <strong data-start=\"682\" data-end=\"745\">Niet geschikt voor kittens, drachtige of lacterende katten.<\/strong><\/p>\n<h2><strong>Gebruiksadvies<\/strong><\/h2>\n<p>Het is aangeraden om v\u00f3\u00f3r gebruik een dierenarts te raadplegen.<\/p>\n<p>Gebruik Weight &amp; Diabetic tot het gewenste lichaamsgewicht is bereikt.<\/p>\n<p>Deze voeding is een complete dieetvoeding en kan, na voorschrift, voor onbeperkte duur gebruikt worden bij katten met diabetes of een lage energiebehoefte.<\/p>\n<p>Bij katten met diabetes wordt geadviseerd de dagelijkse portie over 3 tot 5 maaltijden te verdelen om schommelingen in de bloedglucosespiegel te minimaliseren.<\/p>\n","protected":false},"excerpt":{"rendered":"<p>Trovet Weight &amp; Diabetic Trovet Weight &amp; Diabetic is een dieetvoeding speciaal ontwikkeld voor volwassen katten met overgewicht, diabetes of spijsverteringsproblemen zoals obstipatie of colitis.\u00a0 Deze energiearme voeding is speciaal ontwikkeld voor volwassen katten en bevat een laag vetgehalte, terwijl het toch voldoende essenti\u00eble vetzuren aanlevert. Dankzij de langzame omzetting van koolhydraten in opneembare suikers [&hellip;]<\/p>\n","protected":false},"featured_media":121137,"comment_status":"open","ping_status":"closed","template":"","meta":{"_acf_changed":false,"_nl_post_content":"<h1>Trovet Weight &amp; Diabetic<\/h1>\r\n<p>Trovet Weight &amp; Diabetic is een dieetvoeding speciaal ontwikkeld voor volwassen katten met overgewicht, diabetes of spijsverteringsproblemen zoals obstipatie of colitis.\u00a0<\/p>\r\n<p>Deze energiearme voeding is speciaal ontwikkeld voor volwassen katten en bevat een laag vetgehalte, terwijl het toch voldoende essenti\u00eble vetzuren aanlevert. Dankzij de langzame omzetting van koolhydraten in opneembare suikers helpt deze voeding schommelingen in de bloedglucosespiegel te beperken. De samenstelling stimuleert de darmwerking en activeert de peristaltiek, terwijl de onverteerbare vezels bijdragen aan een goede vochtbinding in de darmen. Dit bevordert een stevige, goed gevormde ontlasting. <strong data-start=\"682\" data-end=\"745\">Niet geschikt voor kittens, drachtige of lacterende katten.<\/strong><\/p>\r\n<h2><strong>Gebruiksadvies<\/strong><\/h2>\r\n<p>Het is aangeraden om v\u00f3\u00f3r gebruik een dierenarts te raadplegen.<\/p>\r\n<p>Gebruik Weight &amp; Diabetic tot het gewenste lichaamsgewicht is bereikt.<\/p>\r\n<p>Deze voeding is een complete dieetvoeding en kan, na voorschrift, voor onbeperkte duur gebruikt worden bij katten met diabetes of een lage energiebehoefte.<\/p>\r\n<p>Bij katten met diabetes wordt geadviseerd de dagelijkse portie over 3 tot 5 maaltijden te verdelen om schommelingen in de bloedglucosespiegel te minimaliseren.<\/p>","_nl_post_name":"trovet-wrd-weight-diabetic-kat","_nl_post_excerpt":"","_nl_post_title":"Trovet WRD Weight & Diabetic Kat","_en_post_content":"<h1>Trovet Weight &amp; Diabetic<\/h1>\r\n<p>Trovet Weight &amp; Diabetic is a dietary food specially developed for adult cats with overweight, diabetes, or digestive issues such as constipation or colitis.<\/p>\r\n<p>This low-energy food is specifically formulated for adult cats and contains a low fat content while still providing sufficient essential fatty acids. Thanks to the slow conversion of carbohydrates into absorbable sugars, this food helps to limit fluctuations in blood glucose levels. The composition stimulates intestinal function and activates peristalsis, while the indigestible fibers help retain moisture in the intestines. This promotes firm, well-formed stools. <strong data-start=\"682\" data-end=\"745\">Not suitable for kittens, pregnant or lactating cats.<\/strong><\/p>\r\n<h2><strong>Feeding Advice<\/strong><\/h2>\r\n<p>It is recommended to consult a veterinarian before use.<\/p>\r\n<p>Use Weight &amp; Diabetic until the desired body weight is reached.<\/p>\r\n<p>This food is a complete dietary product and can, following veterinary advice, be used long-term for cats with diabetes or a low energy requirement.<\/p>\r\n<p>For cats with diabetes, it is advised to divide the daily portion into 3 to 5 meals to minimize fluctuations in blood glucose levels.<\/p>","_en_post_name":"trovet-wrd-weight-diabetic-cat","_en_post_excerpt":"","_en_post_title":"Trovet WRD Weight & Diabetic Cat","_de_post_content":"<h1>Trovet Weight &amp; Diabetic<\/h1>\r\n<p>Trovet Weight &amp; Diabetic ist ein Di\u00e4tfuttermittel, das speziell f\u00fcr erwachsene Katzen mit \u00dcbergewicht, Diabetes oder Verdauungsproblemen wie Verstopfung oder Kolitis entwickelt wurde.<\/p>\r\n<p>Dieses energiearme Futter wurde speziell f\u00fcr erwachsene Katzen entwickelt und enth\u00e4lt einen geringen Fettanteil, liefert jedoch ausreichend essentielle Fetts\u00e4uren. Durch die langsame Umwandlung von Kohlenhydraten in resorbierbare Zucker hilft dieses Futter, Schwankungen des Blutzuckerspiegels zu begrenzen. Die Zusammensetzung regt die Darmfunktion an und aktiviert die Peristaltik, w\u00e4hrend unverdauliche Fasern zur guten Wasserbindung im Darm beitragen. Dies f\u00f6rdert einen festen, gut geformten Kot. <strong data-start=\"682\" data-end=\"745\">Nicht geeignet f\u00fcr K\u00e4tzchen, tr\u00e4chtige oder s\u00e4ugende Katzen.<\/strong><\/p>\r\n<h2><strong>F\u00fctterungsempfehlung<\/strong><\/h2>\r\n<p>Es wird empfohlen, vor der Verwendung einen Tierarzt zu konsultieren.<\/p>\r\n<p>Verwenden Sie Weight &amp; Diabetic, bis das gew\u00fcnschte K\u00f6rpergewicht erreicht ist.<\/p>\r\n<p>Dieses Futter ist ein vollst\u00e4ndiges Di\u00e4tfuttermittel und kann nach tier\u00e4rztlicher Verordnung dauerhaft bei Katzen mit Diabetes oder geringem Energiebedarf verwendet werden.<\/p>\r\n<p>Bei Katzen mit Diabetes wird empfohlen, die t\u00e4gliche Portion auf 3 bis 5 Mahlzeiten zu verteilen, um Blutzuckerschwankungen zu minimieren.<\/p>","_de_post_name":"trovet-wrd-weight-diabetic-katze","_de_post_excerpt":"","_de_post_title":"Trovet WRD Weight & Diabetic Katze","_fr_post_content":"<h1>Trovet Weight &amp; Diabetic<\/h1>\r\n<p>Trovet Weight &amp; Diabetic est un aliment di\u00e9t\u00e9tique sp\u00e9cialement con\u00e7u pour les chats adultes en surpoids, diab\u00e9tiques ou souffrant de troubles digestifs tels que la constipation ou la colite.<\/p>\r\n<p>Cet aliment pauvre en \u00e9nergie est sp\u00e9cialement formul\u00e9 pour les chats adultes et contient une faible teneur en mati\u00e8res grasses, tout en apportant suffisamment d\u2019acides gras essentiels. Gr\u00e2ce \u00e0 la conversion lente des glucides en sucres absorbables, cet aliment aide \u00e0 limiter les fluctuations du taux de glucose sanguin. Sa composition stimule le fonctionnement intestinal et active le p\u00e9ristaltisme, tandis que les fibres non digestibles retiennent l\u2019humidit\u00e9 dans les intestins. Cela favorise des selles fermes et bien form\u00e9es. <strong data-start=\"682\" data-end=\"745\">Non adapt\u00e9 aux chatons, ni aux chattes gestantes ou allaitantes.<\/strong><\/p>\r\n<h2><strong>Conseils d\u2019utilisation<\/strong><\/h2>\r\n<p>Il est recommand\u00e9 de consulter un v\u00e9t\u00e9rinaire avant utilisation.<\/p>\r\n<p>Utilisez Weight &amp; Diabetic jusqu\u2019\u00e0 ce que le poids corporel souhait\u00e9 soit atteint.<\/p>\r\n<p>Cet aliment est un aliment di\u00e9t\u00e9tique complet et peut, sur avis v\u00e9t\u00e9rinaire, \u00eatre utilis\u00e9 \u00e0 long terme chez les chats diab\u00e9tiques ou ayant un faible besoin \u00e9nerg\u00e9tique.<\/p>\r\n<p>Pour les chats diab\u00e9tiques, il est conseill\u00e9 de r\u00e9partir la ration quotidienne en 3 \u00e0 5 repas afin de minimiser les fluctuations de la glyc\u00e9mie.<\/p>","_fr_post_name":"trovet-wrd-weight-diabetic-chat","_fr_post_excerpt":"","_fr_post_title":"Trovet WRD Weight & Diabetic Chat","_es_post_content":"<h1>Trovet Weight &amp; Diabetic<\/h1>\r\n<p>Trovet Weight &amp; Diabetic is een dieetvoeding speciaal ontwikkeld voor volwassen katten met overgewicht, diabetes of spijsverteringsproblemen zoals obstipatie of colitis.\u00a0<\/p>\r\n<p>Deze energiearme voeding is speciaal ontwikkeld voor volwassen katten en bevat een laag vetgehalte, terwijl het toch voldoende essenti\u00eble vetzuren aanlevert. Dankzij de langzame omzetting van koolhydraten in opneembare suikers helpt deze voeding schommelingen in de bloedglucosespiegel te beperken. De samenstelling stimuleert de darmwerking en activeert de peristaltiek, terwijl de onverteerbare vezels bijdragen aan een goede vochtbinding in de darmen. Dit bevordert een stevige, goed gevormde ontlasting. <strong data-start=\"682\" data-end=\"745\">Niet geschikt voor kittens, drachtige of lacterende katten.<\/strong><\/p>\r\n<h2><strong>Gebruiksadvies<\/strong><\/h2>\r\n<p>Het is aangeraden om v\u00f3\u00f3r gebruik een dierenarts te raadplegen.<\/p>\r\n<p>Gebruik Weight &amp; Diabetic tot het gewenste lichaamsgewicht is bereikt.<\/p>\r\n<p>Deze voeding is een complete dieetvoeding en kan, na voorschrift, voor onbeperkte duur gebruikt worden bij katten met diabetes of een lage energiebehoefte.<\/p>\r\n<p>Bij katten met diabetes wordt geadviseerd de dagelijkse portie over 3 tot 5 maaltijden te verdelen om schommelingen in de bloedglucosespiegel te minimaliseren.<\/p>","_es_post_name":"trovet-wrd-weight-diabetic-kat","_es_post_excerpt":"","_es_post_title":"Trovet WRD Weight & Diabetic Kat","edit_language":"nl"},"product_brand":[],"product_cat":[1888,1118,1887,1857,2097,2353],"product_tag":[],"class_list":{"0":"post-121138","1":"product","2":"type-product","3":"status-publish","4":"has-post-thumbnail","6":"product_cat-dieetvoer","7":"product_cat-katten","8":"product_cat-kattenvoer","9":"product_cat-merken","10":"product_cat-trovet","11":"product_cat-trovet-kattenvoer","12":"pa_aandoening-overgewicht","13":"pa_doeldier-kat","14":"pa_fabricatieland-spanje","15":"pa_merkfilter-trovet","16":"pa_merkgroep-visan","17":"pa_productsoort-voeding","18":"pa_toedieningswijze-droogvoer","19":"pa_toedieningswijze-natvoer","20":"pa_werkzamestof-overig","22":"first","23":"instock","24":"taxable","25":"shipping-taxable","26":"product-type-grouped"},"yoast_head":"<!-- This site is optimized with the Yoast SEO plugin v27.5 - https:\/\/yoast.com\/product\/yoast-seo-wordpress\/ -->\n<title>Trovet WRD Weight &amp; Diabetic Kat - Pharmacy4pets<\/title>\n<meta name=\"robots\" content=\"index, follow, max-snippet:-1, max-image-preview:large, max-video-preview:-1\" \/>\n<link rel=\"canonical\" href=\"https:\/\/www.pharmacy4pets.nl\/trovet-wrd-weight-diabetic-kat\" \/>\n<meta property=\"og:locale\" content=\"nl_NL\" \/>\n<meta property=\"og:type\" content=\"article\" \/>\n<meta property=\"og:title\" content=\"Trovet WRD Weight &amp; Diabetic Kat - Pharmacy4pets\" \/>\n<meta property=\"og:description\" content=\"Trovet Weight &amp; Diabetic Trovet Weight &amp; Diabetic is een dieetvoeding speciaal ontwikkeld voor volwassen katten met overgewicht, diabetes of spijsverteringsproblemen zoals obstipatie of colitis.\u00a0 Deze energiearme voeding is speciaal ontwikkeld voor volwassen katten en bevat een laag vetgehalte, terwijl het toch voldoende essenti\u00eble vetzuren aanlevert. Dankzij de langzame omzetting van koolhydraten in opneembare suikers [&hellip;]\" \/>\n<meta property=\"og:url\" content=\"https:\/\/www.pharmacy4pets.nl\/trovet-wrd-weight-diabetic-kat\" \/>\n<meta property=\"og:site_name\" content=\"Pharmacy4pets\" \/>\n<meta property=\"article:publisher\" content=\"https:\/\/www.facebook.com\/people\/Pharmacy4petsnl\/100063484989896\/\" \/>\n<meta property=\"article:modified_time\" content=\"2026-03-25T12:08:59+00:00\" \/>\n<meta property=\"og:image\" content=\"https:\/\/www.pharmacy4pets.nl\/wp-content\/uploads\/2025\/01\/Weight_Diabetic_WRD_cat_3kg_2.jpg\" \/>\n\t<meta property=\"og:image:width\" content=\"640\" \/>\n\t<meta property=\"og:image:height\" content=\"640\" \/>\n\t<meta property=\"og:image:type\" content=\"image\/jpeg\" \/>\n<meta name=\"twitter:card\" content=\"summary_large_image\" \/>\n<meta name=\"twitter:label1\" content=\"Geschatte leestijd\" \/>\n\t<meta name=\"twitter:data1\" content=\"1 minuut\" \/>\n<script type=\"application\/ld+json\" class=\"yoast-schema-graph\">{\"@context\":\"https:\\\/\\\/schema.org\",\"@graph\":[{\"@type\":\"WebPage\",\"@id\":\"https:\\\/\\\/www.pharmacy4pets.nl\\\/trovet-wrd-weight-diabetic-kat\",\"url\":\"https:\\\/\\\/www.pharmacy4pets.nl\\\/trovet-wrd-weight-diabetic-kat\",\"name\":\"Trovet WRD Weight & Diabetic Kat - Pharmacy4pets\",\"isPartOf\":{\"@id\":\"http:\\\/\\\/www.pharmacy4pets.nl\\\/#website\"},\"primaryImageOfPage\":{\"@id\":\"https:\\\/\\\/www.pharmacy4pets.nl\\\/trovet-wrd-weight-diabetic-kat#primaryimage\"},\"image\":{\"@id\":\"https:\\\/\\\/www.pharmacy4pets.nl\\\/trovet-wrd-weight-diabetic-kat#primaryimage\"},\"thumbnailUrl\":\"https:\\\/\\\/www.pharmacy4pets.nl\\\/wp-content\\\/uploads\\\/2025\\\/01\\\/Weight_Diabetic_WRD_cat_3kg_2.jpg\",\"datePublished\":\"2025-01-16T16:30:35+00:00\",\"dateModified\":\"2026-03-25T12:08:59+00:00\",\"breadcrumb\":{\"@id\":\"https:\\\/\\\/www.pharmacy4pets.nl\\\/trovet-wrd-weight-diabetic-kat#breadcrumb\"},\"inLanguage\":\"nl-NL\",\"potentialAction\":[{\"@type\":\"ReadAction\",\"target\":[\"https:\\\/\\\/www.pharmacy4pets.nl\\\/trovet-wrd-weight-diabetic-kat\"]}]},{\"@type\":\"ImageObject\",\"inLanguage\":\"nl-NL\",\"@id\":\"https:\\\/\\\/www.pharmacy4pets.nl\\\/trovet-wrd-weight-diabetic-kat#primaryimage\",\"url\":\"https:\\\/\\\/www.pharmacy4pets.nl\\\/wp-content\\\/uploads\\\/2025\\\/01\\\/Weight_Diabetic_WRD_cat_3kg_2.jpg\",\"contentUrl\":\"https:\\\/\\\/www.pharmacy4pets.nl\\\/wp-content\\\/uploads\\\/2025\\\/01\\\/Weight_Diabetic_WRD_cat_3kg_2.jpg\",\"width\":640,\"height\":640,\"caption\":\"Trovet WRD Weight & Diabetic\"},{\"@type\":\"BreadcrumbList\",\"@id\":\"https:\\\/\\\/www.pharmacy4pets.nl\\\/trovet-wrd-weight-diabetic-kat#breadcrumb\",\"itemListElement\":[{\"@type\":\"ListItem\",\"position\":1,\"name\":\"Home\",\"item\":\"https:\\\/\\\/p4p-nl.bootmine.com\\\/\"},{\"@type\":\"ListItem\",\"position\":2,\"name\":\"Winkel\",\"item\":\"https:\\\/\\\/p4p-nl.bootmine.com\\\/winkel\"},{\"@type\":\"ListItem\",\"position\":3,\"name\":\"Trovet WRD Weight &#038; Diabetic Kat\"}]},{\"@type\":\"WebSite\",\"@id\":\"http:\\\/\\\/www.pharmacy4pets.nl\\\/#website\",\"url\":\"http:\\\/\\\/www.pharmacy4pets.nl\\\/\",\"name\":\"Pharmacy4pets\",\"description\":\"Pharmacy4pets.nl is d\u00e9 online apotheek waar u terecht kunt voor alle diergeneesmiddelen, verzorgingsproducten en dieetvoeding voor uw huisdier.\",\"publisher\":{\"@id\":\"http:\\\/\\\/www.pharmacy4pets.nl\\\/#organization\"},\"potentialAction\":[{\"@type\":\"SearchAction\",\"target\":{\"@type\":\"EntryPoint\",\"urlTemplate\":\"http:\\\/\\\/www.pharmacy4pets.nl\\\/?s={search_term_string}\"},\"query-input\":{\"@type\":\"PropertyValueSpecification\",\"valueRequired\":true,\"valueName\":\"search_term_string\"}}],\"inLanguage\":\"nl-NL\"},{\"@type\":\"Organization\",\"@id\":\"http:\\\/\\\/www.pharmacy4pets.nl\\\/#organization\",\"name\":\"Pharmacy4pets\",\"url\":\"http:\\\/\\\/www.pharmacy4pets.nl\\\/\",\"logo\":{\"@type\":\"ImageObject\",\"inLanguage\":\"nl-NL\",\"@id\":\"http:\\\/\\\/www.pharmacy4pets.nl\\\/#\\\/schema\\\/logo\\\/image\\\/\",\"url\":\"https:\\\/\\\/p4p-nl.bootmine.com\\\/wp-content\\\/uploads\\\/2026\\\/03\\\/logo-pharmacy4pets.png\",\"contentUrl\":\"https:\\\/\\\/p4p-nl.bootmine.com\\\/wp-content\\\/uploads\\\/2026\\\/03\\\/logo-pharmacy4pets.png\",\"width\":1024,\"height\":135,\"caption\":\"Pharmacy4pets\"},\"image\":{\"@id\":\"http:\\\/\\\/www.pharmacy4pets.nl\\\/#\\\/schema\\\/logo\\\/image\\\/\"},\"sameAs\":[\"https:\\\/\\\/www.facebook.com\\\/people\\\/Pharmacy4petsnl\\\/100063484989896\\\/\",\"https:\\\/\\\/www.youtube.com\\\/channel\\\/UCGPTIgucgli03tP2_kvLkHg\\\/featured\",\"https:\\\/\\\/www.instagram.com\\\/pharmacy4pets.nl\"]}]}<\/script>\n<!-- \/ Yoast SEO plugin. -->","yoast_head_json":{"title":"Trovet WRD Weight & Diabetic Kat - Pharmacy4pets","robots":{"index":"index","follow":"follow","max-snippet":"max-snippet:-1","max-image-preview":"max-image-preview:large","max-video-preview":"max-video-preview:-1"},"canonical":"https:\/\/www.pharmacy4pets.nl\/trovet-wrd-weight-diabetic-kat","og_locale":"nl_NL","og_type":"article","og_title":"Trovet WRD Weight & Diabetic Kat - Pharmacy4pets","og_description":"Trovet Weight &amp; Diabetic Trovet Weight &amp; Diabetic is een dieetvoeding speciaal ontwikkeld voor volwassen katten met overgewicht, diabetes of spijsverteringsproblemen zoals obstipatie of colitis.\u00a0 Deze energiearme voeding is speciaal ontwikkeld voor volwassen katten en bevat een laag vetgehalte, terwijl het toch voldoende essenti\u00eble vetzuren aanlevert. Dankzij de langzame omzetting van koolhydraten in opneembare suikers [&hellip;]","og_url":"https:\/\/www.pharmacy4pets.nl\/trovet-wrd-weight-diabetic-kat","og_site_name":"Pharmacy4pets","article_publisher":"https:\/\/www.facebook.com\/people\/Pharmacy4petsnl\/100063484989896\/","article_modified_time":"2026-03-25T12:08:59+00:00","og_image":[{"width":640,"height":640,"url":"https:\/\/www.pharmacy4pets.nl\/wp-content\/uploads\/2025\/01\/Weight_Diabetic_WRD_cat_3kg_2.jpg","type":"image\/jpeg"}],"twitter_card":"summary_large_image","twitter_misc":{"Geschatte leestijd":"1 minuut"},"schema":{"@context":"https:\/\/schema.org","@graph":[{"@type":"WebPage","@id":"https:\/\/www.pharmacy4pets.nl\/trovet-wrd-weight-diabetic-kat","url":"https:\/\/www.pharmacy4pets.nl\/trovet-wrd-weight-diabetic-kat","name":"Trovet WRD Weight & Diabetic Kat - Pharmacy4pets","isPartOf":{"@id":"http:\/\/www.pharmacy4pets.nl\/#website"},"primaryImageOfPage":{"@id":"https:\/\/www.pharmacy4pets.nl\/trovet-wrd-weight-diabetic-kat#primaryimage"},"image":{"@id":"https:\/\/www.pharmacy4pets.nl\/trovet-wrd-weight-diabetic-kat#primaryimage"},"thumbnailUrl":"https:\/\/www.pharmacy4pets.nl\/wp-content\/uploads\/2025\/01\/Weight_Diabetic_WRD_cat_3kg_2.jpg","datePublished":"2025-01-16T16:30:35+00:00","dateModified":"2026-03-25T12:08:59+00:00","breadcrumb":{"@id":"https:\/\/www.pharmacy4pets.nl\/trovet-wrd-weight-diabetic-kat#breadcrumb"},"inLanguage":"nl-NL","potentialAction":[{"@type":"ReadAction","target":["https:\/\/www.pharmacy4pets.nl\/trovet-wrd-weight-diabetic-kat"]}]},{"@type":"ImageObject","inLanguage":"nl-NL","@id":"https:\/\/www.pharmacy4pets.nl\/trovet-wrd-weight-diabetic-kat#primaryimage","url":"https:\/\/www.pharmacy4pets.nl\/wp-content\/uploads\/2025\/01\/Weight_Diabetic_WRD_cat_3kg_2.jpg","contentUrl":"https:\/\/www.pharmacy4pets.nl\/wp-content\/uploads\/2025\/01\/Weight_Diabetic_WRD_cat_3kg_2.jpg","width":640,"height":640,"caption":"Trovet WRD Weight & Diabetic"},{"@type":"BreadcrumbList","@id":"https:\/\/www.pharmacy4pets.nl\/trovet-wrd-weight-diabetic-kat#breadcrumb","itemListElement":[{"@type":"ListItem","position":1,"name":"Home","item":"https:\/\/p4p-nl.bootmine.com\/"},{"@type":"ListItem","position":2,"name":"Winkel","item":"https:\/\/p4p-nl.bootmine.com\/winkel"},{"@type":"ListItem","position":3,"name":"Trovet WRD Weight &#038; Diabetic Kat"}]},{"@type":"WebSite","@id":"http:\/\/www.pharmacy4pets.nl\/#website","url":"http:\/\/www.pharmacy4pets.nl\/","name":"Pharmacy4pets","description":"Pharmacy4pets.nl is d\u00e9 online apotheek waar u terecht kunt voor alle diergeneesmiddelen, verzorgingsproducten en dieetvoeding voor uw huisdier.","publisher":{"@id":"http:\/\/www.pharmacy4pets.nl\/#organization"},"potentialAction":[{"@type":"SearchAction","target":{"@type":"EntryPoint","urlTemplate":"http:\/\/www.pharmacy4pets.nl\/?s={search_term_string}"},"query-input":{"@type":"PropertyValueSpecification","valueRequired":true,"valueName":"search_term_string"}}],"inLanguage":"nl-NL"},{"@type":"Organization","@id":"http:\/\/www.pharmacy4pets.nl\/#organization","name":"Pharmacy4pets","url":"http:\/\/www.pharmacy4pets.nl\/","logo":{"@type":"ImageObject","inLanguage":"nl-NL","@id":"http:\/\/www.pharmacy4pets.nl\/#\/schema\/logo\/image\/","url":"https:\/\/p4p-nl.bootmine.com\/wp-content\/uploads\/2026\/03\/logo-pharmacy4pets.png","contentUrl":"https:\/\/p4p-nl.bootmine.com\/wp-content\/uploads\/2026\/03\/logo-pharmacy4pets.png","width":1024,"height":135,"caption":"Pharmacy4pets"},"image":{"@id":"http:\/\/www.pharmacy4pets.nl\/#\/schema\/logo\/image\/"},"sameAs":["https:\/\/www.facebook.com\/people\/Pharmacy4petsnl\/100063484989896\/","https:\/\/www.youtube.com\/channel\/UCGPTIgucgli03tP2_kvLkHg\/featured","https:\/\/www.instagram.com\/pharmacy4pets.nl"]}]}},"market_data":{"nl":{"price":0,"sale_price":0,"active":false,"url":null,"parent_url":"","tax_rate":0,"price_inc_tax":0,"sale_price_inc_tax":0},"de":{"price":0,"sale_price":0,"active":false,"url":null,"parent_url":"","tax_rate":0,"price_inc_tax":0,"sale_price_inc_tax":0},"be":{"price":0,"sale_price":0,"active":false,"url":null,"parent_url":"","tax_rate":0,"price_inc_tax":0,"sale_price_inc_tax":0},"fr":{"price":0,"sale_price":0,"active":false,"url":null,"parent_url":"","tax_rate":0,"price_inc_tax":0,"sale_price_inc_tax":0},"ch":{"price":0,"sale_price":0,"active":false,"url":null,"parent_url":"","tax_rate":0,"price_inc_tax":0,"sale_price_inc_tax":0},"at":{"price":0,"sale_price":0,"active":false,"url":null,"parent_url":"","tax_rate":0,"price_inc_tax":0,"sale_price_inc_tax":0},"es":{"price":0,"sale_price":0,"active":false,"url":null,"parent_url":"","tax_rate":0,"price_inc_tax":0,"sale_price_inc_tax":0},"dk":{"price":0,"sale_price":0,"active":false,"url":null,"parent_url":"","tax_rate":0,"price_inc_tax":0,"sale_price_inc_tax":0},"com":{"price":0,"sale_price":0,"active":false,"url":null,"parent_url":"","tax_rate":0,"price_inc_tax":0,"sale_price_inc_tax":0}},"market_nl_price":0,"market_nl_sale_price":0,"market_nl_active":false,"market_nl_url":null,"market_nl_parent_url":"","market_nl_tax_rate":0,"market_nl_price_inc_tax":0,"market_nl_sale_price_inc_tax":0,"market_de_price":0,"market_de_sale_price":0,"market_de_active":false,"market_de_url":null,"market_de_parent_url":"","market_de_tax_rate":0,"market_de_price_inc_tax":0,"market_de_sale_price_inc_tax":0,"market_be_price":0,"market_be_sale_price":0,"market_be_active":false,"market_be_url":null,"market_be_parent_url":"","market_be_tax_rate":0,"market_be_price_inc_tax":0,"market_be_sale_price_inc_tax":0,"market_fr_price":0,"market_fr_sale_price":0,"market_fr_active":false,"market_fr_url":null,"market_fr_parent_url":"","market_fr_tax_rate":0,"market_fr_price_inc_tax":0,"market_fr_sale_price_inc_tax":0,"market_ch_price":0,"market_ch_sale_price":0,"market_ch_active":false,"market_ch_url":null,"market_ch_parent_url":"","market_ch_tax_rate":0,"market_ch_price_inc_tax":0,"market_ch_sale_price_inc_tax":0,"market_at_price":0,"market_at_sale_price":0,"market_at_active":false,"market_at_url":null,"market_at_parent_url":"","market_at_tax_rate":0,"market_at_price_inc_tax":0,"market_at_sale_price_inc_tax":0,"market_es_price":0,"market_es_sale_price":0,"market_es_active":false,"market_es_url":null,"market_es_parent_url":"","market_es_tax_rate":0,"market_es_price_inc_tax":0,"market_es_sale_price_inc_tax":0,"market_dk_price":0,"market_dk_sale_price":0,"market_dk_active":false,"market_dk_url":null,"market_dk_parent_url":"","market_dk_tax_rate":0,"market_dk_price_inc_tax":0,"market_dk_sale_price_inc_tax":0,"market_com_price":0,"market_com_sale_price":0,"market_com_active":false,"market_com_url":null,"market_com_parent_url":"","market_com_tax_rate":0,"market_com_price_inc_tax":0,"market_com_sale_price_inc_tax":0,"acf":[],"_links":{"self":[{"href":"https:\/\/www.pharmacy4pets.nl\/be\/wp-json\/wp\/v2\/product\/121138","targetHints":{"allow":["GET"]}}],"collection":[{"href":"https:\/\/www.pharmacy4pets.nl\/be\/wp-json\/wp\/v2\/product"}],"about":[{"href":"https:\/\/www.pharmacy4pets.nl\/be\/wp-json\/wp\/v2\/types\/product"}],"replies":[{"embeddable":true,"href":"https:\/\/www.pharmacy4pets.nl\/be\/wp-json\/wp\/v2\/comments?post=121138"}],"wp:featuredmedia":[{"embeddable":true,"href":"https:\/\/www.pharmacy4pets.nl\/be\/wp-json\/wp\/v2\/media\/121137"}],"wp:attachment":[{"href":"https:\/\/www.pharmacy4pets.nl\/be\/wp-json\/wp\/v2\/media?parent=121138"}],"wp:term":[{"taxonomy":"product_brand","embeddable":true,"href":"https:\/\/www.pharmacy4pets.nl\/be\/wp-json\/wp\/v2\/product_brand?post=121138"},{"taxonomy":"product_cat","embeddable":true,"href":"https:\/\/www.pharmacy4pets.nl\/be\/wp-json\/wp\/v2\/product_cat?post=121138"},{"taxonomy":"product_tag","embeddable":true,"href":"https:\/\/www.pharmacy4pets.nl\/be\/wp-json\/wp\/v2\/product_tag?post=121138"}],"curies":[{"name":"wp","href":"https:\/\/api.w.org\/{rel}","templated":true}]}}