{"id":120919,"date":"2025-01-16T16:30:33","date_gmt":"2025-01-16T16:30:33","guid":{"rendered":"https:\/\/p4p.test\/trovet-lrd-hypoallergenic-lamb-hond-3-kg"},"modified":"2026-05-02T07:21:21","modified_gmt":"2026-05-02T05:21:21","slug":"trovet-lrd-hypoallergenic-lamb-hond-3-kg","status":"publish","type":"product","link":"https:\/\/www.pharmacy4pets.nl\/be\/trovet-lrd-hypoallergenic-lamb-hond-3-kg","title":{"rendered":"Trovet LRD Hypoallergenic (Rich in Lamb) Hond | 3 kg"},"content":{"rendered":"<p>Trovet LRD Hypoallergenic (Rich in Lamb) Hond | 3 kg<\/p>\n","protected":false},"excerpt":{"rendered":"<p>Trovet LRD Hypoallergenic (Rich in Lamb) Hond | 3 kg<\/p>\n","protected":false},"featured_media":120918,"comment_status":"open","ping_status":"closed","template":"","meta":{"_acf_changed":false,"_nl_post_content":"Trovet LRD Hypoallergenic (Rich in Lamb) Hond | 3 kg","_nl_post_name":"trovet-lrd-hypoallergenic-lamb-hond-3-kg","_nl_post_excerpt":"","_nl_post_title":"Trovet LRD Hypoallergenic (Rich in Lamb) Hond | 3 kg","_en_post_content":"<h1>Trovet LRD Hypoallergenic (Lamb) Dog<\/h1>\n<p><strong>Trovet LRD Hypoallergenic (Lamb) Dog<\/strong> is a highly digestible, hypoallergenic diet specially formulated for dogs with food sensitivities. This diet is based on just one animal protein source and one carbohydrate source, significantly reducing the risk of allergic reactions. It provides all essential nutrients in optimal amounts and is also suitable for puppies.<\/p>\n<h2>Features of Trovet LRD Hypoallergenic (Lamb) Dog<\/h2>\n<ul>\n<li><strong>Hypoallergenic formula:<\/strong> Contains one animal protein source (lamb) and one carbohydrate source (rice).<\/li>\n<li><strong>Helps prevent allergic reactions:<\/strong> Reduces both immunological (food allergy) and non-immunological (food intolerance) issues such as skin problems, diarrhoea, or vomiting.<\/li>\n<li><strong>Relieves itching and skin irritation:<\/strong> Switching to a hypoallergenic diet can help reduce itching and prevent secondary skin lesions caused by scratching, rubbing, or biting.<\/li>\n<li><strong>Complete nutrition:<\/strong> Provides all essential nutrients in the right proportions.<\/li>\n<li><strong>Suitable for puppies:<\/strong> Supports healthy growth and development.<\/li>\n<\/ul>\n<h2>Suitable for:<\/h2>\n<ul>\n<li>Dogs with food allergies<\/li>\n<li>Dogs with food intolerances<\/li>\n<li>Puppies<\/li>\n<\/ul>\n<h2>Not suitable for:<\/h2>\n<ul>\n<li>Dogs with a known sensitivity to lamb protein<\/li>\n<\/ul>\n<h2>Feeding advice<\/h2>\n<p>Consult your veterinarian before use. The recommended feeding period for food allergies or intolerances is initially 3 to 8 weeks. If symptoms disappear, <strong>Trovet LRD Hypoallergenic (Lamb) Dog<\/strong> can be used as a complete diet for an unlimited period. Strict adherence to the dietary guidelines is essential for best results.<\/p>","_en_post_name":"trovet-lrd-hypoallergenic-lamb-hond-3-kg","_en_post_excerpt":"","_en_post_title":"Trovet LRD Hypoallergenic (Rich in Lamb) Hond | 3 kg","_de_post_content":"<h1>Trovet LRD Hypoallergenic (Lamb) Hund<\/h1>\n<p><strong>Trovet LRD Hypoallergenic (Lamb) Hund<\/strong> ist ein leicht verdauliches, hypoallergenes Di\u00e4tfuttermittel, das speziell f\u00fcr Hunde mit Futtermittel\u00fcberempfindlichkeit entwickelt wurde. Diese Ern\u00e4hrung basiert auf nur einer tierischen Proteinquelle und einer Kohlenhydratquelle, wodurch das Risiko allergischer Reaktionen deutlich reduziert wird. Sie enth\u00e4lt alle essenziellen N\u00e4hrstoffe in optimalen Mengen und ist auch f\u00fcr Welpen geeignet.<\/p>\n<h2>Eigenschaften von Trovet LRD Hypoallergenic (Lamb) Hund<\/h2>\n<ul>\n<li><strong>Hypoallergene Formel:<\/strong> Enth\u00e4lt eine tierische Proteinquelle (Lamm) und eine Kohlenhydratquelle (Reis).<\/li>\n<li><strong>Hilft allergische Reaktionen zu verhindern:<\/strong> Verhindert sowohl immunologische (Futtermittelallergie) als auch nicht-immunologische (Futtermittelintoleranz) Beschwerden wie Hautprobleme, Durchfall oder Erbrechen.<\/li>\n<li><strong>Reduziert Juckreiz und Hautirritationen:<\/strong> Der Wechsel zu einer hypoallergenen Ern\u00e4hrung kann Juckreiz verringern und sekund\u00e4re Hautl\u00e4sionen durch Kratzen, Reiben oder Bei\u00dfen verhindern.<\/li>\n<li><strong>Vollwertige Ern\u00e4hrung:<\/strong> Enth\u00e4lt alle essenziellen N\u00e4hrstoffe in den richtigen Verh\u00e4ltnissen.<\/li>\n<li><strong>Geeignet f\u00fcr Welpen:<\/strong> Unterst\u00fctzt ein gesundes Wachstum und eine optimale Entwicklung.<\/li>\n<\/ul>\n<h2>Geeignet f\u00fcr:<\/h2>\n<ul>\n<li>Hunde mit Futtermittelallergie<\/li>\n<li>Hunde mit Futtermittelintoleranz<\/li>\n<li>Welpen<\/li>\n<\/ul>\n<h2>Nicht geeignet f\u00fcr:<\/h2>\n<ul>\n<li>Hunde mit bekannter \u00dcberempfindlichkeit gegen\u00fcber Lammprotein<\/li>\n<\/ul>\n<h2>F\u00fctterungsempfehlung<\/h2>\n<p>Vor der Verwendung sollte ein Tierarzt konsultiert werden. Die empfohlene F\u00fctterungsdauer bei Futtermittelallergie oder -intoleranz betr\u00e4gt zun\u00e4chst 3 bis 8 Wochen. Wenn die \u00dcberempfindlichkeitssymptome verschwinden, kann <strong>Trovet LRD Hypoallergenic (Lamb) Hund<\/strong> als vollst\u00e4ndiges Di\u00e4tfuttermittel f\u00fcr einen unbegrenzten Zeitraum verabreicht werden. Die strikte Einhaltung der Di\u00e4tvorgaben ist entscheidend f\u00fcr ein optimales Ergebnis.<\/p>","_de_post_name":"trovet-lrd-hypoallergenic-lamb-hond-3-kg","_de_post_excerpt":"","_de_post_title":"Trovet LRD Hypoallergenic (Rich in Lamb) Hond | 3 kg","_fr_post_content":"<h1>Trovet LRD Hypoallergenic (Lamb) Chien<\/h1>\n<p><strong>Trovet LRD Hypoallergenic (Lamb) Chien<\/strong> est un aliment di\u00e9t\u00e9tique hypoallerg\u00e9nique, hautement digestible, sp\u00e9cialement formul\u00e9 pour les chiens souffrant de sensibilit\u00e9s alimentaires. Cet aliment repose sur une seule source de prot\u00e9ines animales et une seule source de glucides, r\u00e9duisant ainsi consid\u00e9rablement le risque de r\u00e9actions allergiques. Il apporte tous les nutriments essentiels en quantit\u00e9s optimales et convient \u00e9galement aux chiots.<\/p>\n<h2>Caract\u00e9ristiques de Trovet LRD Hypoallergenic (Lamb) Chien<\/h2>\n<ul>\n<li><strong>Formule hypoallerg\u00e9nique :<\/strong> Contient une seule source de prot\u00e9ines animales (agneau) et une seule source de glucides (riz).<\/li>\n<li><strong>Pr\u00e9vient les r\u00e9actions allergiques :<\/strong> Aide \u00e0 r\u00e9duire les r\u00e9actions immunologiques (allergie alimentaire) et non-immunologiques (intol\u00e9rance alimentaire) telles que les probl\u00e8mes de peau, la diarrh\u00e9e ou les vomissements.<\/li>\n<li><strong>R\u00e9duit les d\u00e9mangeaisons et irritations cutan\u00e9es :<\/strong> Passer \u00e0 un r\u00e9gime hypoallerg\u00e9nique peut diminuer les d\u00e9mangeaisons et pr\u00e9venir les l\u00e9sions cutan\u00e9es secondaires caus\u00e9es par le grattage, le frottement ou les mordillements.<\/li>\n<li><strong>Aliment complet :<\/strong> Fournit tous les nutriments essentiels dans les bonnes proportions.<\/li>\n<li><strong>Convient aux chiots :<\/strong> Soutient une croissance et un d\u00e9veloppement sains.<\/li>\n<\/ul>\n<h2>Convient pour :<\/h2>\n<ul>\n<li>Chiens souffrant d'allergies alimentaires<\/li>\n<li>Chiens souffrant d'intol\u00e9rances alimentaires<\/li>\n<li>Chiots<\/li>\n<\/ul>\n<h2>Ne convient pas pour :<\/h2>\n<ul>\n<li>Chiens pr\u00e9sentant une sensibilit\u00e9 connue aux prot\u00e9ines d\u2019agneau<\/li>\n<\/ul>\n<h2>Conseils d\u2019utilisation<\/h2>\n<p>Consultez votre v\u00e9t\u00e9rinaire avant utilisation. La dur\u00e9e d\u2019utilisation recommand\u00e9e en cas d\u2019allergies ou d\u2019intol\u00e9rances alimentaires est initialement de 3 \u00e0 8 semaines. Si les sympt\u00f4mes disparaissent, <strong>Trovet LRD Hypoallergenic (Lamb) Chien<\/strong> peut \u00eatre utilis\u00e9 comme aliment di\u00e9t\u00e9tique complet pour une dur\u00e9e illimit\u00e9e. Le respect strict des recommandations di\u00e9t\u00e9tiques est essentiel pour obtenir les meilleurs r\u00e9sultats.<\/p>","_fr_post_name":"trovet-lrd-hypoallergenic-lamb-hond-3-kg","_fr_post_excerpt":"","_fr_post_title":"Trovet LRD Hypoallergenic (Rich in Lamb) Hond | 3 kg","_es_post_content":"Trovet LRD Hypoallergenic (Rich in Lamb) Hond | 3 kg","_es_post_name":"trovet-lrd-hypoallergenic-lamb-hond-3-kg","_es_post_excerpt":"","_es_post_title":"Trovet LRD Hypoallergenic (Rich in Lamb) Hond | 3 kg","edit_language":"nl"},"product_brand":[],"product_cat":[1858,1117,1856,1857,2097],"product_tag":[],"class_list":{"0":"post-120919","1":"product","2":"type-product","3":"status-publish","4":"has-post-thumbnail","6":"product_cat-dieetvoer","7":"product_cat-honden","8":"product_cat-hondenvoer","9":"product_cat-merken","10":"product_cat-trovet","11":"pa_aandoening-gevoeligemaag_darmen","12":"pa_doeldier-hond","13":"pa_fabricatieland-spanje","14":"pa_merkfilter-trovet","15":"pa_merkgroep-visan","16":"pa_productsoort-voeding","17":"pa_toedieningswijze-droogvoer","18":"pa_unit_pricing_base_measure-1kg","19":"pa_unit_pricing_measure-3kg","20":"pa_werkzamestof-overig","22":"first","23":"instock","24":"taxable","25":"shipping-taxable","26":"purchasable","27":"product-type-simple"},"yoast_head":"<!-- This site is optimized with the Yoast SEO plugin v27.5 - https:\/\/yoast.com\/product\/yoast-seo-wordpress\/ -->\n<title>Trovet LRD Hypoallergenic (Rich in Lamb) Hond | 3 kg - Pharmacy4pets<\/title>\n<meta name=\"robots\" content=\"index, follow, max-snippet:-1, max-image-preview:large, max-video-preview:-1\" \/>\n<link rel=\"canonical\" href=\"https:\/\/www.pharmacy4pets.nl\/trovet-lrd-hypoallergenic-lamb-hond-3-kg\" \/>\n<meta property=\"og:locale\" content=\"nl_NL\" \/>\n<meta property=\"og:type\" content=\"article\" \/>\n<meta property=\"og:title\" content=\"Trovet LRD Hypoallergenic (Rich in Lamb) Hond | 3 kg - Pharmacy4pets\" \/>\n<meta property=\"og:description\" content=\"Trovet LRD Hypoallergenic (Rich in Lamb) Hond | 3 kg\" \/>\n<meta property=\"og:url\" content=\"https:\/\/www.pharmacy4pets.nl\/trovet-lrd-hypoallergenic-lamb-hond-3-kg\" \/>\n<meta property=\"og:site_name\" content=\"Pharmacy4pets\" \/>\n<meta property=\"article:publisher\" content=\"https:\/\/www.facebook.com\/people\/Pharmacy4petsnl\/100063484989896\/\" \/>\n<meta property=\"article:modified_time\" content=\"2026-05-02T05:21:21+00:00\" \/>\n<meta property=\"og:image\" content=\"https:\/\/www.pharmacy4pets.nl\/wp-content\/uploads\/2025\/01\/TVDG53_TROVET_HYPOALLERGENIC_RICH_IN_LAMB_3_KG_LRD.jpg\" \/>\n\t<meta property=\"og:image:width\" content=\"1000\" \/>\n\t<meta property=\"og:image:height\" content=\"1000\" \/>\n\t<meta property=\"og:image:type\" content=\"image\/jpeg\" \/>\n<meta name=\"twitter:card\" content=\"summary_large_image\" \/>\n<script type=\"application\/ld+json\" class=\"yoast-schema-graph\">{\"@context\":\"https:\\\/\\\/schema.org\",\"@graph\":[{\"@type\":\"WebPage\",\"@id\":\"https:\\\/\\\/www.pharmacy4pets.nl\\\/trovet-lrd-hypoallergenic-lamb-hond-3-kg\",\"url\":\"https:\\\/\\\/www.pharmacy4pets.nl\\\/trovet-lrd-hypoallergenic-lamb-hond-3-kg\",\"name\":\"Trovet LRD Hypoallergenic (Rich in Lamb) Hond | 3 kg - Pharmacy4pets\",\"isPartOf\":{\"@id\":\"http:\\\/\\\/www.pharmacy4pets.nl\\\/#website\"},\"primaryImageOfPage\":{\"@id\":\"https:\\\/\\\/www.pharmacy4pets.nl\\\/trovet-lrd-hypoallergenic-lamb-hond-3-kg#primaryimage\"},\"image\":{\"@id\":\"https:\\\/\\\/www.pharmacy4pets.nl\\\/trovet-lrd-hypoallergenic-lamb-hond-3-kg#primaryimage\"},\"thumbnailUrl\":\"https:\\\/\\\/www.pharmacy4pets.nl\\\/wp-content\\\/uploads\\\/2025\\\/01\\\/TVDG53_TROVET_HYPOALLERGENIC_RICH_IN_LAMB_3_KG_LRD.jpg\",\"datePublished\":\"2025-01-16T16:30:33+00:00\",\"dateModified\":\"2026-05-02T05:21:21+00:00\",\"breadcrumb\":{\"@id\":\"https:\\\/\\\/www.pharmacy4pets.nl\\\/trovet-lrd-hypoallergenic-lamb-hond-3-kg#breadcrumb\"},\"inLanguage\":\"nl-NL\",\"potentialAction\":[{\"@type\":\"ReadAction\",\"target\":[\"https:\\\/\\\/www.pharmacy4pets.nl\\\/trovet-lrd-hypoallergenic-lamb-hond-3-kg\"]}]},{\"@type\":\"ImageObject\",\"inLanguage\":\"nl-NL\",\"@id\":\"https:\\\/\\\/www.pharmacy4pets.nl\\\/trovet-lrd-hypoallergenic-lamb-hond-3-kg#primaryimage\",\"url\":\"https:\\\/\\\/www.pharmacy4pets.nl\\\/wp-content\\\/uploads\\\/2025\\\/01\\\/TVDG53_TROVET_HYPOALLERGENIC_RICH_IN_LAMB_3_KG_LRD.jpg\",\"contentUrl\":\"https:\\\/\\\/www.pharmacy4pets.nl\\\/wp-content\\\/uploads\\\/2025\\\/01\\\/TVDG53_TROVET_HYPOALLERGENIC_RICH_IN_LAMB_3_KG_LRD.jpg\",\"width\":1000,\"height\":1000,\"caption\":\"Trovet LRD Hypoallergenic (Lamb)\"},{\"@type\":\"BreadcrumbList\",\"@id\":\"https:\\\/\\\/www.pharmacy4pets.nl\\\/trovet-lrd-hypoallergenic-lamb-hond-3-kg#breadcrumb\",\"itemListElement\":[{\"@type\":\"ListItem\",\"position\":1,\"name\":\"Home\",\"item\":\"https:\\\/\\\/p4p-nl.bootmine.com\\\/\"},{\"@type\":\"ListItem\",\"position\":2,\"name\":\"Winkel\",\"item\":\"https:\\\/\\\/p4p-nl.bootmine.com\\\/winkel\"},{\"@type\":\"ListItem\",\"position\":3,\"name\":\"Trovet LRD Hypoallergenic (Rich in Lamb) Hond | 3 kg\"}]},{\"@type\":\"WebSite\",\"@id\":\"http:\\\/\\\/www.pharmacy4pets.nl\\\/#website\",\"url\":\"http:\\\/\\\/www.pharmacy4pets.nl\\\/\",\"name\":\"Pharmacy4pets\",\"description\":\"Pharmacy4pets.nl is d\u00e9 online apotheek waar u terecht kunt voor alle diergeneesmiddelen, verzorgingsproducten en dieetvoeding voor uw huisdier.\",\"publisher\":{\"@id\":\"http:\\\/\\\/www.pharmacy4pets.nl\\\/#organization\"},\"potentialAction\":[{\"@type\":\"SearchAction\",\"target\":{\"@type\":\"EntryPoint\",\"urlTemplate\":\"http:\\\/\\\/www.pharmacy4pets.nl\\\/?s={search_term_string}\"},\"query-input\":{\"@type\":\"PropertyValueSpecification\",\"valueRequired\":true,\"valueName\":\"search_term_string\"}}],\"inLanguage\":\"nl-NL\"},{\"@type\":\"Organization\",\"@id\":\"http:\\\/\\\/www.pharmacy4pets.nl\\\/#organization\",\"name\":\"Pharmacy4pets\",\"url\":\"http:\\\/\\\/www.pharmacy4pets.nl\\\/\",\"logo\":{\"@type\":\"ImageObject\",\"inLanguage\":\"nl-NL\",\"@id\":\"http:\\\/\\\/www.pharmacy4pets.nl\\\/#\\\/schema\\\/logo\\\/image\\\/\",\"url\":\"https:\\\/\\\/p4p-nl.bootmine.com\\\/wp-content\\\/uploads\\\/2026\\\/03\\\/logo-pharmacy4pets.png\",\"contentUrl\":\"https:\\\/\\\/p4p-nl.bootmine.com\\\/wp-content\\\/uploads\\\/2026\\\/03\\\/logo-pharmacy4pets.png\",\"width\":1024,\"height\":135,\"caption\":\"Pharmacy4pets\"},\"image\":{\"@id\":\"http:\\\/\\\/www.pharmacy4pets.nl\\\/#\\\/schema\\\/logo\\\/image\\\/\"},\"sameAs\":[\"https:\\\/\\\/www.facebook.com\\\/people\\\/Pharmacy4petsnl\\\/100063484989896\\\/\",\"https:\\\/\\\/www.youtube.com\\\/channel\\\/UCGPTIgucgli03tP2_kvLkHg\\\/featured\",\"https:\\\/\\\/www.instagram.com\\\/pharmacy4pets.nl\"]}]}<\/script>\n<!-- \/ Yoast SEO plugin. -->","yoast_head_json":{"title":"Trovet LRD Hypoallergenic (Rich in Lamb) Hond | 3 kg - Pharmacy4pets","robots":{"index":"index","follow":"follow","max-snippet":"max-snippet:-1","max-image-preview":"max-image-preview:large","max-video-preview":"max-video-preview:-1"},"canonical":"https:\/\/www.pharmacy4pets.nl\/trovet-lrd-hypoallergenic-lamb-hond-3-kg","og_locale":"nl_NL","og_type":"article","og_title":"Trovet LRD Hypoallergenic (Rich in Lamb) Hond | 3 kg - Pharmacy4pets","og_description":"Trovet LRD Hypoallergenic (Rich in Lamb) Hond | 3 kg","og_url":"https:\/\/www.pharmacy4pets.nl\/trovet-lrd-hypoallergenic-lamb-hond-3-kg","og_site_name":"Pharmacy4pets","article_publisher":"https:\/\/www.facebook.com\/people\/Pharmacy4petsnl\/100063484989896\/","article_modified_time":"2026-05-02T05:21:21+00:00","og_image":[{"width":1000,"height":1000,"url":"https:\/\/www.pharmacy4pets.nl\/wp-content\/uploads\/2025\/01\/TVDG53_TROVET_HYPOALLERGENIC_RICH_IN_LAMB_3_KG_LRD.jpg","type":"image\/jpeg"}],"twitter_card":"summary_large_image","schema":{"@context":"https:\/\/schema.org","@graph":[{"@type":"WebPage","@id":"https:\/\/www.pharmacy4pets.nl\/trovet-lrd-hypoallergenic-lamb-hond-3-kg","url":"https:\/\/www.pharmacy4pets.nl\/trovet-lrd-hypoallergenic-lamb-hond-3-kg","name":"Trovet LRD Hypoallergenic (Rich in Lamb) Hond | 3 kg - Pharmacy4pets","isPartOf":{"@id":"http:\/\/www.pharmacy4pets.nl\/#website"},"primaryImageOfPage":{"@id":"https:\/\/www.pharmacy4pets.nl\/trovet-lrd-hypoallergenic-lamb-hond-3-kg#primaryimage"},"image":{"@id":"https:\/\/www.pharmacy4pets.nl\/trovet-lrd-hypoallergenic-lamb-hond-3-kg#primaryimage"},"thumbnailUrl":"https:\/\/www.pharmacy4pets.nl\/wp-content\/uploads\/2025\/01\/TVDG53_TROVET_HYPOALLERGENIC_RICH_IN_LAMB_3_KG_LRD.jpg","datePublished":"2025-01-16T16:30:33+00:00","dateModified":"2026-05-02T05:21:21+00:00","breadcrumb":{"@id":"https:\/\/www.pharmacy4pets.nl\/trovet-lrd-hypoallergenic-lamb-hond-3-kg#breadcrumb"},"inLanguage":"nl-NL","potentialAction":[{"@type":"ReadAction","target":["https:\/\/www.pharmacy4pets.nl\/trovet-lrd-hypoallergenic-lamb-hond-3-kg"]}]},{"@type":"ImageObject","inLanguage":"nl-NL","@id":"https:\/\/www.pharmacy4pets.nl\/trovet-lrd-hypoallergenic-lamb-hond-3-kg#primaryimage","url":"https:\/\/www.pharmacy4pets.nl\/wp-content\/uploads\/2025\/01\/TVDG53_TROVET_HYPOALLERGENIC_RICH_IN_LAMB_3_KG_LRD.jpg","contentUrl":"https:\/\/www.pharmacy4pets.nl\/wp-content\/uploads\/2025\/01\/TVDG53_TROVET_HYPOALLERGENIC_RICH_IN_LAMB_3_KG_LRD.jpg","width":1000,"height":1000,"caption":"Trovet LRD Hypoallergenic (Lamb)"},{"@type":"BreadcrumbList","@id":"https:\/\/www.pharmacy4pets.nl\/trovet-lrd-hypoallergenic-lamb-hond-3-kg#breadcrumb","itemListElement":[{"@type":"ListItem","position":1,"name":"Home","item":"https:\/\/p4p-nl.bootmine.com\/"},{"@type":"ListItem","position":2,"name":"Winkel","item":"https:\/\/p4p-nl.bootmine.com\/winkel"},{"@type":"ListItem","position":3,"name":"Trovet LRD Hypoallergenic (Rich in Lamb) Hond | 3 kg"}]},{"@type":"WebSite","@id":"http:\/\/www.pharmacy4pets.nl\/#website","url":"http:\/\/www.pharmacy4pets.nl\/","name":"Pharmacy4pets","description":"Pharmacy4pets.nl is d\u00e9 online apotheek waar u terecht kunt voor alle diergeneesmiddelen, verzorgingsproducten en dieetvoeding voor uw huisdier.","publisher":{"@id":"http:\/\/www.pharmacy4pets.nl\/#organization"},"potentialAction":[{"@type":"SearchAction","target":{"@type":"EntryPoint","urlTemplate":"http:\/\/www.pharmacy4pets.nl\/?s={search_term_string}"},"query-input":{"@type":"PropertyValueSpecification","valueRequired":true,"valueName":"search_term_string"}}],"inLanguage":"nl-NL"},{"@type":"Organization","@id":"http:\/\/www.pharmacy4pets.nl\/#organization","name":"Pharmacy4pets","url":"http:\/\/www.pharmacy4pets.nl\/","logo":{"@type":"ImageObject","inLanguage":"nl-NL","@id":"http:\/\/www.pharmacy4pets.nl\/#\/schema\/logo\/image\/","url":"https:\/\/p4p-nl.bootmine.com\/wp-content\/uploads\/2026\/03\/logo-pharmacy4pets.png","contentUrl":"https:\/\/p4p-nl.bootmine.com\/wp-content\/uploads\/2026\/03\/logo-pharmacy4pets.png","width":1024,"height":135,"caption":"Pharmacy4pets"},"image":{"@id":"http:\/\/www.pharmacy4pets.nl\/#\/schema\/logo\/image\/"},"sameAs":["https:\/\/www.facebook.com\/people\/Pharmacy4petsnl\/100063484989896\/","https:\/\/www.youtube.com\/channel\/UCGPTIgucgli03tP2_kvLkHg\/featured","https:\/\/www.instagram.com\/pharmacy4pets.nl"]}]}},"market_data":{"nl":{"price":0,"sale_price":0,"active":false,"url":null,"parent_url":"","tax_rate":0,"price_inc_tax":0,"sale_price_inc_tax":0},"de":{"price":0,"sale_price":0,"active":false,"url":null,"parent_url":"","tax_rate":0,"price_inc_tax":0,"sale_price_inc_tax":0},"be":{"price":0,"sale_price":0,"active":false,"url":null,"parent_url":"","tax_rate":0,"price_inc_tax":0,"sale_price_inc_tax":0},"fr":{"price":0,"sale_price":0,"active":false,"url":null,"parent_url":"","tax_rate":0,"price_inc_tax":0,"sale_price_inc_tax":0},"ch":{"price":0,"sale_price":0,"active":false,"url":null,"parent_url":"","tax_rate":0,"price_inc_tax":0,"sale_price_inc_tax":0},"at":{"price":0,"sale_price":0,"active":false,"url":null,"parent_url":"","tax_rate":0,"price_inc_tax":0,"sale_price_inc_tax":0},"es":{"price":0,"sale_price":0,"active":false,"url":null,"parent_url":"","tax_rate":0,"price_inc_tax":0,"sale_price_inc_tax":0},"dk":{"price":0,"sale_price":0,"active":false,"url":null,"parent_url":"","tax_rate":0,"price_inc_tax":0,"sale_price_inc_tax":0},"com":{"price":0,"sale_price":0,"active":false,"url":null,"parent_url":"","tax_rate":0,"price_inc_tax":0,"sale_price_inc_tax":0}},"market_nl_price":0,"market_nl_sale_price":0,"market_nl_active":false,"market_nl_url":null,"market_nl_parent_url":"","market_nl_tax_rate":0,"market_nl_price_inc_tax":0,"market_nl_sale_price_inc_tax":0,"market_de_price":0,"market_de_sale_price":0,"market_de_active":false,"market_de_url":null,"market_de_parent_url":"","market_de_tax_rate":0,"market_de_price_inc_tax":0,"market_de_sale_price_inc_tax":0,"market_be_price":0,"market_be_sale_price":0,"market_be_active":false,"market_be_url":null,"market_be_parent_url":"","market_be_tax_rate":0,"market_be_price_inc_tax":0,"market_be_sale_price_inc_tax":0,"market_fr_price":0,"market_fr_sale_price":0,"market_fr_active":false,"market_fr_url":null,"market_fr_parent_url":"","market_fr_tax_rate":0,"market_fr_price_inc_tax":0,"market_fr_sale_price_inc_tax":0,"market_ch_price":0,"market_ch_sale_price":0,"market_ch_active":false,"market_ch_url":null,"market_ch_parent_url":"","market_ch_tax_rate":0,"market_ch_price_inc_tax":0,"market_ch_sale_price_inc_tax":0,"market_at_price":0,"market_at_sale_price":0,"market_at_active":false,"market_at_url":null,"market_at_parent_url":"","market_at_tax_rate":0,"market_at_price_inc_tax":0,"market_at_sale_price_inc_tax":0,"market_es_price":0,"market_es_sale_price":0,"market_es_active":false,"market_es_url":null,"market_es_parent_url":"","market_es_tax_rate":0,"market_es_price_inc_tax":0,"market_es_sale_price_inc_tax":0,"market_dk_price":0,"market_dk_sale_price":0,"market_dk_active":false,"market_dk_url":null,"market_dk_parent_url":"","market_dk_tax_rate":0,"market_dk_price_inc_tax":0,"market_dk_sale_price_inc_tax":0,"market_com_price":0,"market_com_sale_price":0,"market_com_active":false,"market_com_url":null,"market_com_parent_url":"","market_com_tax_rate":0,"market_com_price_inc_tax":0,"market_com_sale_price_inc_tax":0,"acf":[],"_links":{"self":[{"href":"https:\/\/www.pharmacy4pets.nl\/be\/wp-json\/wp\/v2\/product\/120919","targetHints":{"allow":["GET"]}}],"collection":[{"href":"https:\/\/www.pharmacy4pets.nl\/be\/wp-json\/wp\/v2\/product"}],"about":[{"href":"https:\/\/www.pharmacy4pets.nl\/be\/wp-json\/wp\/v2\/types\/product"}],"replies":[{"embeddable":true,"href":"https:\/\/www.pharmacy4pets.nl\/be\/wp-json\/wp\/v2\/comments?post=120919"}],"wp:featuredmedia":[{"embeddable":true,"href":"https:\/\/www.pharmacy4pets.nl\/be\/wp-json\/wp\/v2\/media\/120918"}],"wp:attachment":[{"href":"https:\/\/www.pharmacy4pets.nl\/be\/wp-json\/wp\/v2\/media?parent=120919"}],"wp:term":[{"taxonomy":"product_brand","embeddable":true,"href":"https:\/\/www.pharmacy4pets.nl\/be\/wp-json\/wp\/v2\/product_brand?post=120919"},{"taxonomy":"product_cat","embeddable":true,"href":"https:\/\/www.pharmacy4pets.nl\/be\/wp-json\/wp\/v2\/product_cat?post=120919"},{"taxonomy":"product_tag","embeddable":true,"href":"https:\/\/www.pharmacy4pets.nl\/be\/wp-json\/wp\/v2\/product_tag?post=120919"}],"curies":[{"name":"wp","href":"https:\/\/api.w.org\/{rel}","templated":true}]}}