{"id":120909,"date":"2025-01-16T16:30:33","date_gmt":"2025-01-16T16:30:33","guid":{"rendered":"https:\/\/p4p.test\/trovet-kms-kitten-milk-400-gram"},"modified":"2026-04-14T08:06:05","modified_gmt":"2026-04-14T08:06:05","slug":"trovet-kms-kitten-milk-400-gram","status":"publish","type":"product","link":"https:\/\/www.pharmacy4pets.nl\/be\/trovet-kms-kitten-milk-400-gram","title":{"rendered":"Trovet KMS Kitten Milk | 400 gram"},"content":{"rendered":"<h1>Trovet KMS Kitten Milk<\/h1>\n<p><strong>Trovet KMS Kitten Milk<\/strong> is een volledige melkvoeding die speciaal is ontwikkeld voor jonge katten. Soms produceert het moederdier onvoldoende melk of melk van onvoldoende kwaliteit. In dergelijke gevallen is vervanging of aanvulling van de moedermelk noodzakelijk. Kittens die in de eerste vier weken worden grootgebracht met een hoogwaardige melkvervanger, ontwikkelen zich doorgaans tot gezonde katten. Natuurlijke moedermelk blijft altijd de beste keuze, maar een kunstmelkproduct kan uitkomst bieden wanneer het geven van natuurlijke moedermelk niet of onvoldoende mogelijk is. <strong>Trovet KMS Kitten Milk<\/strong> is zorgvuldig samengesteld om optimaal aan te sluiten bij de specifieke voedingsbehoeften van pasgeboren kittens. De formule benadert zo nauwkeurig mogelijk de samenstelling van natuurlijke moedermelk.<\/p>\n<h2>Eigenschappen van Trovet KMS Kitten Milk<\/h2>\n<ul>\n<li><strong>Volledige melkvervanger:<\/strong> Bevat een hoog energie- en eiwitgehalte om gezonde groei en ontwikkeling te ondersteunen.<\/li>\n<li><strong>Optimaal lactosegehalte:<\/strong> Vergelijkbaar met het lactosegehalte van natuurlijke poezenmelk.<\/li>\n<li><strong>Veelzijdig inzetbaar:<\/strong> Geschikt voor moederloze kittens, als bijvoeding bij grote nesten of bij onvoldoende melkproductie door de poes.<\/li>\n<\/ul>\n","protected":false},"excerpt":{"rendered":"<p>Trovet KMS Kitten Milk Trovet KMS Kitten Milk is een volledige melkvoeding die speciaal is ontwikkeld voor jonge katten. Soms produceert het moederdier onvoldoende melk of melk van onvoldoende kwaliteit. In dergelijke gevallen is vervanging of aanvulling van de moedermelk noodzakelijk. Kittens die in de eerste vier weken worden grootgebracht met een hoogwaardige melkvervanger, ontwikkelen [&hellip;]<\/p>\n","protected":false},"featured_media":120908,"comment_status":"open","ping_status":"closed","template":"","meta":{"_acf_changed":false,"_nl_post_content":"<h1>Trovet KMS Kitten Milk<\/h1>\r\n<strong>Trovet KMS Kitten Milk<\/strong> is een volledige melkvoeding die speciaal is ontwikkeld voor jonge katten. Soms produceert het moederdier onvoldoende melk of melk van onvoldoende kwaliteit. In dergelijke gevallen is vervanging of aanvulling van de moedermelk noodzakelijk. Kittens die in de eerste vier weken worden grootgebracht met een hoogwaardige melkvervanger, ontwikkelen zich doorgaans tot gezonde katten. Natuurlijke moedermelk blijft altijd de beste keuze, maar een kunstmelkproduct kan uitkomst bieden wanneer het geven van natuurlijke moedermelk niet of onvoldoende mogelijk is. <strong>Trovet KMS Kitten Milk<\/strong> is zorgvuldig samengesteld om optimaal aan te sluiten bij de specifieke voedingsbehoeften van pasgeboren kittens. De formule benadert zo nauwkeurig mogelijk de samenstelling van natuurlijke moedermelk.\r\n<h2>Eigenschappen van Trovet KMS Kitten Milk<\/h2>\r\n<ul>\r\n \t<li><strong>Volledige melkvervanger:<\/strong> Bevat een hoog energie- en eiwitgehalte om gezonde groei en ontwikkeling te ondersteunen.<\/li>\r\n \t<li><strong>Optimaal lactosegehalte:<\/strong> Vergelijkbaar met het lactosegehalte van natuurlijke poezenmelk.<\/li>\r\n \t<li><strong>Veelzijdig inzetbaar:<\/strong> Geschikt voor moederloze kittens, als bijvoeding bij grote nesten of bij onvoldoende melkproductie door de poes.<\/li>\r\n<\/ul>","_nl_post_name":"trovet-kms-kitten-milk-400-gram","_nl_post_excerpt":"","_nl_post_title":"Trovet KMS Kitten Milk | 400 gram","_en_post_content":"<h1>Trovet KMS Kitten Milk<\/h1>\n<p><strong>Trovet KMS Kitten Milk<\/strong> is a complete milk formula for young cats. Sometimes, a mother cat produces insufficient milk or milk of inadequate quality. In such cases, replacing or supplementing the mother\u2019s milk is essential. Kittens raised on a high-quality milk replacer during the first four weeks generally grow into healthy adult cats. Natural mother\u2019s milk is always the best option, but a milk replacer should be used when natural milk is unavailable or insufficient. <strong>Trovet KMS Kitten Milk<\/strong> is specifically formulated to meet the special needs of newborn kittens and closely matches the composition of natural queen\u2019s milk.<\/p>\n<h2>Features of Trovet KMS Kitten Milk<\/h2>\n<ul>\n<li><strong>Complete milk replacer:<\/strong> High in energy and protein to support healthy growth.<\/li>\n<li><strong>Optimal lactose content:<\/strong> Comparable to the lactose level in natural queen\u2019s milk.<\/li>\n<li><strong>Versatile use:<\/strong> Suitable for orphaned kittens, large litters, or when the mother produces insufficient milk.<\/li>\n<\/ul>","_en_post_name":"trovet-kms-kitten-milk-400-grams","_en_post_excerpt":"","_en_post_title":"Trovet KMS Kitten Milk | 400 grams","_de_post_content":"<h1>Trovet KMS Kitten Milk<\/h1>\n<p><strong>Trovet KMS Kitten Milk<\/strong> ist eine vollst\u00e4ndige Milchnahrung f\u00fcr junge Katzen. Es kann vorkommen, dass die Mutterkatze nicht gen\u00fcgend Milch oder Milch von unzureichender Qualit\u00e4t produziert. In diesem Fall ist es notwendig, die Muttermilch zu ersetzen oder zu erg\u00e4nzen. K\u00e4tzchen, die in den ersten vier Wochen mit einer hochwertigen Milchersatznahrung aufgezogen werden, entwickeln sich in der Regel zu gesunden Katzen. Nat\u00fcrliche Muttermilch ist immer die beste Wahl, jedoch sollte ein Milchersatzprodukt verwendet werden, wenn nat\u00fcrliche Muttermilch nicht oder nicht ausreichend verf\u00fcgbar ist. <strong>Trovet KMS Kitten Milk<\/strong> ist speziell auf die besonderen Bed\u00fcrfnisse neugeborener K\u00e4tzchen abgestimmt und \u00e4hnelt in der Zusammensetzung so weit wie m\u00f6glich der nat\u00fcrlichen Muttermilch.<\/p>\n<h2>Eigenschaften von Trovet KMS Kitten Milk<\/h2>\n<ul>\n<li><strong>Vollst\u00e4ndiger Milchersatz:<\/strong> Hoher Energie- und Eiwei\u00dfgehalt f\u00fcr gesundes Wachstum.<\/li>\n<li><strong>Optimaler Laktosegehalt:<\/strong> Vergleichbar mit dem Gehalt nat\u00fcrlicher Katzenmilch.<\/li>\n<li><strong>Vielseitig einsetzbar:<\/strong> F\u00fcr mutterlose K\u00e4tzchen, gro\u00dfe W\u00fcrfe oder bei unzureichender Milchproduktion der Mutterkatze.<\/li>\n<\/ul>","_de_post_name":"trovet-kms-kitten-milk-400-gramm","_de_post_excerpt":"","_de_post_title":"Trovet KMS Kitten Milk | 400 Gramm","_fr_post_content":"<h1>Trovet KMS Kitten Milk<\/h1>\n<p><strong>Trovet KMS Kitten Milk<\/strong> est un aliment lact\u00e9 complet pour jeunes chats. Il arrive que la chatte produise une quantit\u00e9 insuffisante de lait ou un lait de qualit\u00e9 m\u00e9diocre. Dans ce cas, il est n\u00e9cessaire de remplacer ou de compl\u00e9ter le lait maternel. Les chatons nourris avec un substitut lact\u00e9 de haute qualit\u00e9 pendant les quatre premi\u00e8res semaines se d\u00e9veloppent g\u00e9n\u00e9ralement en chats adultes en bonne sant\u00e9. Le lait maternel naturel reste toujours la meilleure option, mais un substitut lact\u00e9 doit \u00eatre utilis\u00e9 lorsque le lait naturel n\u2019est pas disponible ou en quantit\u00e9 insuffisante. <strong>Trovet KMS Kitten Milk<\/strong> est sp\u00e9cialement formul\u00e9 pour r\u00e9pondre aux besoins sp\u00e9cifiques des chatons nouveau-n\u00e9s et sa composition se rapproche le plus possible de celle du lait maternel naturel.<\/p>\n<h2>Caract\u00e9ristiques de Trovet KMS Kitten Milk<\/h2>\n<ul>\n<li><strong>Substitut lact\u00e9 complet :<\/strong> Riche en \u00e9nergie et en prot\u00e9ines pour soutenir une croissance saine.<\/li>\n<li><strong>Teneur optimale en lactose :<\/strong> Comparable \u00e0 celle du lait maternel naturel.<\/li>\n<li><strong>Utilisation polyvalente :<\/strong> Convient aux chatons orphelins, aux grandes port\u00e9es ou en cas de production insuffisante de lait par la m\u00e8re.<\/li>\n<\/ul>","_fr_post_name":"trovet-kms-kitten-milk-400-grammes","_fr_post_excerpt":"","_fr_post_title":"Trovet KMS Kitten Milk | 400 grammes","_es_post_content":"<h1>Trovet KMS Kitten Milk<\/h1>\n<p><strong>Trovet KMS Kitten Milk<\/strong> is een volledige melkvoeding die speciaal is ontwikkeld voor jonge katten. Soms produceert het moederdier onvoldoende melk of melk van onvoldoende kwaliteit. In dergelijke gevallen is vervanging of aanvulling van de moedermelk noodzakelijk. Kittens die in de eerste vier weken worden grootgebracht met een hoogwaardige melkvervanger, ontwikkelen zich doorgaans tot gezonde katten. Natuurlijke moedermelk blijft altijd de beste keuze, maar een kunstmelkproduct kan uitkomst bieden wanneer het geven van natuurlijke moedermelk niet of onvoldoende mogelijk is. <strong>Trovet KMS Kitten Milk<\/strong> is zorgvuldig samengesteld om optimaal aan te sluiten bij de specifieke voedingsbehoeften van pasgeboren kittens. De formule benadert zo nauwkeurig mogelijk de samenstelling van natuurlijke moedermelk.<\/p>\n<h2>Eigenschappen van Trovet KMS Kitten Milk<\/h2>\n<ul>\n<li><strong>Volledige melkvervanger:<\/strong> Bevat een hoog energie- en eiwitgehalte om gezonde groei en ontwikkeling te ondersteunen.<\/li>\n<li><strong>Optimaal lactosegehalte:<\/strong> Vergelijkbaar met het lactosegehalte van natuurlijke poezenmelk.<\/li>\n<li><strong>Veelzijdig inzetbaar:<\/strong> Geschikt voor moederloze kittens, als bijvoeding bij grote nesten of bij onvoldoende melkproductie door de poes.<\/li>\n<\/ul>","_es_post_name":"trovet-kms-kitten-milk-400-gram","_es_post_excerpt":"","_es_post_title":"Trovet KMS Kitten Milk | 400 gram","edit_language":"nl"},"product_brand":[],"product_cat":[1118,1887,2180,1890,2178,1857,2097,2353],"product_tag":[],"class_list":{"0":"post-120909","1":"product","2":"type-product","3":"status-publish","4":"has-post-thumbnail","6":"product_cat-katten","7":"product_cat-kattenvoer","8":"product_cat-kitten-voer","9":"product_cat-kittenmelk","10":"product_cat-kitten","11":"product_cat-merken","12":"product_cat-trovet","13":"product_cat-trovet-kattenvoer","14":"pa_aandoening-overig","15":"pa_doeldier-kat","16":"pa_doeldier-kitten","17":"pa_fabricatieland-nederland","18":"pa_levensfase-kitten","19":"pa_merkfilter-trovet","20":"pa_merkgroep-visan","21":"pa_productsoort-voeding","22":"pa_toedieningswijze-poeder","23":"pa_unit_pricing_base_measure-100g","24":"pa_unit_pricing_measure-400g","25":"pa_werkzamestof-overig","27":"first","28":"outofstock","29":"taxable","30":"shipping-taxable","31":"purchasable","32":"product-type-simple"},"yoast_head":"<!-- This site is optimized with the Yoast SEO plugin v27.5 - https:\/\/yoast.com\/product\/yoast-seo-wordpress\/ -->\n<title>Trovet KMS Kitten Milk | 400 gram - Pharmacy4pets<\/title>\n<meta name=\"robots\" content=\"index, follow, max-snippet:-1, max-image-preview:large, max-video-preview:-1\" \/>\n<link rel=\"canonical\" href=\"https:\/\/www.pharmacy4pets.nl\/trovet-kms-kitten-milk-400-gram\" \/>\n<meta property=\"og:locale\" content=\"nl_NL\" \/>\n<meta property=\"og:type\" content=\"article\" \/>\n<meta property=\"og:title\" content=\"Trovet KMS Kitten Milk | 400 gram - Pharmacy4pets\" \/>\n<meta property=\"og:description\" content=\"Trovet KMS Kitten Milk Trovet KMS Kitten Milk is een volledige melkvoeding die speciaal is ontwikkeld voor jonge katten. Soms produceert het moederdier onvoldoende melk of melk van onvoldoende kwaliteit. In dergelijke gevallen is vervanging of aanvulling van de moedermelk noodzakelijk. Kittens die in de eerste vier weken worden grootgebracht met een hoogwaardige melkvervanger, ontwikkelen [&hellip;]\" \/>\n<meta property=\"og:url\" content=\"https:\/\/www.pharmacy4pets.nl\/trovet-kms-kitten-milk-400-gram\" \/>\n<meta property=\"og:site_name\" content=\"Pharmacy4pets\" \/>\n<meta property=\"article:publisher\" content=\"https:\/\/www.facebook.com\/people\/Pharmacy4petsnl\/100063484989896\/\" \/>\n<meta property=\"article:modified_time\" content=\"2026-04-14T08:06:05+00:00\" \/>\n<meta property=\"og:image\" content=\"https:\/\/www.pharmacy4pets.nl\/wp-content\/uploads\/2025\/01\/Kitten_Milk_KMS_powder_cat_400g_bottle.jpg\" \/>\n\t<meta property=\"og:image:width\" content=\"640\" \/>\n\t<meta property=\"og:image:height\" content=\"640\" \/>\n\t<meta property=\"og:image:type\" content=\"image\/jpeg\" \/>\n<meta name=\"twitter:card\" content=\"summary_large_image\" \/>\n<meta name=\"twitter:label1\" content=\"Geschatte leestijd\" \/>\n\t<meta name=\"twitter:data1\" content=\"2 minuten\" \/>\n<script type=\"application\/ld+json\" class=\"yoast-schema-graph\">{\"@context\":\"https:\\\/\\\/schema.org\",\"@graph\":[{\"@type\":\"WebPage\",\"@id\":\"https:\\\/\\\/www.pharmacy4pets.nl\\\/trovet-kms-kitten-milk-400-gram\",\"url\":\"https:\\\/\\\/www.pharmacy4pets.nl\\\/trovet-kms-kitten-milk-400-gram\",\"name\":\"Trovet KMS Kitten Milk | 400 gram - Pharmacy4pets\",\"isPartOf\":{\"@id\":\"http:\\\/\\\/www.pharmacy4pets.nl\\\/#website\"},\"primaryImageOfPage\":{\"@id\":\"https:\\\/\\\/www.pharmacy4pets.nl\\\/trovet-kms-kitten-milk-400-gram#primaryimage\"},\"image\":{\"@id\":\"https:\\\/\\\/www.pharmacy4pets.nl\\\/trovet-kms-kitten-milk-400-gram#primaryimage\"},\"thumbnailUrl\":\"https:\\\/\\\/www.pharmacy4pets.nl\\\/wp-content\\\/uploads\\\/2025\\\/01\\\/Kitten_Milk_KMS_powder_cat_400g_bottle.jpg\",\"datePublished\":\"2025-01-16T16:30:33+00:00\",\"dateModified\":\"2026-04-14T08:06:05+00:00\",\"breadcrumb\":{\"@id\":\"https:\\\/\\\/www.pharmacy4pets.nl\\\/trovet-kms-kitten-milk-400-gram#breadcrumb\"},\"inLanguage\":\"nl-NL\",\"potentialAction\":[{\"@type\":\"ReadAction\",\"target\":[\"https:\\\/\\\/www.pharmacy4pets.nl\\\/trovet-kms-kitten-milk-400-gram\"]}]},{\"@type\":\"ImageObject\",\"inLanguage\":\"nl-NL\",\"@id\":\"https:\\\/\\\/www.pharmacy4pets.nl\\\/trovet-kms-kitten-milk-400-gram#primaryimage\",\"url\":\"https:\\\/\\\/www.pharmacy4pets.nl\\\/wp-content\\\/uploads\\\/2025\\\/01\\\/Kitten_Milk_KMS_powder_cat_400g_bottle.jpg\",\"contentUrl\":\"https:\\\/\\\/www.pharmacy4pets.nl\\\/wp-content\\\/uploads\\\/2025\\\/01\\\/Kitten_Milk_KMS_powder_cat_400g_bottle.jpg\",\"width\":640,\"height\":640,\"caption\":\"Trovet KMS Kitten Milk\"},{\"@type\":\"BreadcrumbList\",\"@id\":\"https:\\\/\\\/www.pharmacy4pets.nl\\\/trovet-kms-kitten-milk-400-gram#breadcrumb\",\"itemListElement\":[{\"@type\":\"ListItem\",\"position\":1,\"name\":\"Home\",\"item\":\"https:\\\/\\\/p4p-nl.bootmine.com\\\/\"},{\"@type\":\"ListItem\",\"position\":2,\"name\":\"Winkel\",\"item\":\"https:\\\/\\\/p4p-nl.bootmine.com\\\/winkel\"},{\"@type\":\"ListItem\",\"position\":3,\"name\":\"Trovet KMS Kitten Milk | 400 gram\"}]},{\"@type\":\"WebSite\",\"@id\":\"http:\\\/\\\/www.pharmacy4pets.nl\\\/#website\",\"url\":\"http:\\\/\\\/www.pharmacy4pets.nl\\\/\",\"name\":\"Pharmacy4pets\",\"description\":\"Pharmacy4pets.nl is d\u00e9 online apotheek waar u terecht kunt voor alle diergeneesmiddelen, verzorgingsproducten en dieetvoeding voor uw huisdier.\",\"publisher\":{\"@id\":\"http:\\\/\\\/www.pharmacy4pets.nl\\\/#organization\"},\"potentialAction\":[{\"@type\":\"SearchAction\",\"target\":{\"@type\":\"EntryPoint\",\"urlTemplate\":\"http:\\\/\\\/www.pharmacy4pets.nl\\\/?s={search_term_string}\"},\"query-input\":{\"@type\":\"PropertyValueSpecification\",\"valueRequired\":true,\"valueName\":\"search_term_string\"}}],\"inLanguage\":\"nl-NL\"},{\"@type\":\"Organization\",\"@id\":\"http:\\\/\\\/www.pharmacy4pets.nl\\\/#organization\",\"name\":\"Pharmacy4pets\",\"url\":\"http:\\\/\\\/www.pharmacy4pets.nl\\\/\",\"logo\":{\"@type\":\"ImageObject\",\"inLanguage\":\"nl-NL\",\"@id\":\"http:\\\/\\\/www.pharmacy4pets.nl\\\/#\\\/schema\\\/logo\\\/image\\\/\",\"url\":\"https:\\\/\\\/p4p-nl.bootmine.com\\\/wp-content\\\/uploads\\\/2026\\\/03\\\/logo-pharmacy4pets.png\",\"contentUrl\":\"https:\\\/\\\/p4p-nl.bootmine.com\\\/wp-content\\\/uploads\\\/2026\\\/03\\\/logo-pharmacy4pets.png\",\"width\":1024,\"height\":135,\"caption\":\"Pharmacy4pets\"},\"image\":{\"@id\":\"http:\\\/\\\/www.pharmacy4pets.nl\\\/#\\\/schema\\\/logo\\\/image\\\/\"},\"sameAs\":[\"https:\\\/\\\/www.facebook.com\\\/people\\\/Pharmacy4petsnl\\\/100063484989896\\\/\",\"https:\\\/\\\/www.youtube.com\\\/channel\\\/UCGPTIgucgli03tP2_kvLkHg\\\/featured\",\"https:\\\/\\\/www.instagram.com\\\/pharmacy4pets.nl\"]}]}<\/script>\n<!-- \/ Yoast SEO plugin. -->","yoast_head_json":{"title":"Trovet KMS Kitten Milk | 400 gram - Pharmacy4pets","robots":{"index":"index","follow":"follow","max-snippet":"max-snippet:-1","max-image-preview":"max-image-preview:large","max-video-preview":"max-video-preview:-1"},"canonical":"https:\/\/www.pharmacy4pets.nl\/trovet-kms-kitten-milk-400-gram","og_locale":"nl_NL","og_type":"article","og_title":"Trovet KMS Kitten Milk | 400 gram - Pharmacy4pets","og_description":"Trovet KMS Kitten Milk Trovet KMS Kitten Milk is een volledige melkvoeding die speciaal is ontwikkeld voor jonge katten. Soms produceert het moederdier onvoldoende melk of melk van onvoldoende kwaliteit. In dergelijke gevallen is vervanging of aanvulling van de moedermelk noodzakelijk. Kittens die in de eerste vier weken worden grootgebracht met een hoogwaardige melkvervanger, ontwikkelen [&hellip;]","og_url":"https:\/\/www.pharmacy4pets.nl\/trovet-kms-kitten-milk-400-gram","og_site_name":"Pharmacy4pets","article_publisher":"https:\/\/www.facebook.com\/people\/Pharmacy4petsnl\/100063484989896\/","article_modified_time":"2026-04-14T08:06:05+00:00","og_image":[{"width":640,"height":640,"url":"https:\/\/www.pharmacy4pets.nl\/wp-content\/uploads\/2025\/01\/Kitten_Milk_KMS_powder_cat_400g_bottle.jpg","type":"image\/jpeg"}],"twitter_card":"summary_large_image","twitter_misc":{"Geschatte leestijd":"2 minuten"},"schema":{"@context":"https:\/\/schema.org","@graph":[{"@type":"WebPage","@id":"https:\/\/www.pharmacy4pets.nl\/trovet-kms-kitten-milk-400-gram","url":"https:\/\/www.pharmacy4pets.nl\/trovet-kms-kitten-milk-400-gram","name":"Trovet KMS Kitten Milk | 400 gram - Pharmacy4pets","isPartOf":{"@id":"http:\/\/www.pharmacy4pets.nl\/#website"},"primaryImageOfPage":{"@id":"https:\/\/www.pharmacy4pets.nl\/trovet-kms-kitten-milk-400-gram#primaryimage"},"image":{"@id":"https:\/\/www.pharmacy4pets.nl\/trovet-kms-kitten-milk-400-gram#primaryimage"},"thumbnailUrl":"https:\/\/www.pharmacy4pets.nl\/wp-content\/uploads\/2025\/01\/Kitten_Milk_KMS_powder_cat_400g_bottle.jpg","datePublished":"2025-01-16T16:30:33+00:00","dateModified":"2026-04-14T08:06:05+00:00","breadcrumb":{"@id":"https:\/\/www.pharmacy4pets.nl\/trovet-kms-kitten-milk-400-gram#breadcrumb"},"inLanguage":"nl-NL","potentialAction":[{"@type":"ReadAction","target":["https:\/\/www.pharmacy4pets.nl\/trovet-kms-kitten-milk-400-gram"]}]},{"@type":"ImageObject","inLanguage":"nl-NL","@id":"https:\/\/www.pharmacy4pets.nl\/trovet-kms-kitten-milk-400-gram#primaryimage","url":"https:\/\/www.pharmacy4pets.nl\/wp-content\/uploads\/2025\/01\/Kitten_Milk_KMS_powder_cat_400g_bottle.jpg","contentUrl":"https:\/\/www.pharmacy4pets.nl\/wp-content\/uploads\/2025\/01\/Kitten_Milk_KMS_powder_cat_400g_bottle.jpg","width":640,"height":640,"caption":"Trovet KMS Kitten Milk"},{"@type":"BreadcrumbList","@id":"https:\/\/www.pharmacy4pets.nl\/trovet-kms-kitten-milk-400-gram#breadcrumb","itemListElement":[{"@type":"ListItem","position":1,"name":"Home","item":"https:\/\/p4p-nl.bootmine.com\/"},{"@type":"ListItem","position":2,"name":"Winkel","item":"https:\/\/p4p-nl.bootmine.com\/winkel"},{"@type":"ListItem","position":3,"name":"Trovet KMS Kitten Milk | 400 gram"}]},{"@type":"WebSite","@id":"http:\/\/www.pharmacy4pets.nl\/#website","url":"http:\/\/www.pharmacy4pets.nl\/","name":"Pharmacy4pets","description":"Pharmacy4pets.nl is d\u00e9 online apotheek waar u terecht kunt voor alle diergeneesmiddelen, verzorgingsproducten en dieetvoeding voor uw huisdier.","publisher":{"@id":"http:\/\/www.pharmacy4pets.nl\/#organization"},"potentialAction":[{"@type":"SearchAction","target":{"@type":"EntryPoint","urlTemplate":"http:\/\/www.pharmacy4pets.nl\/?s={search_term_string}"},"query-input":{"@type":"PropertyValueSpecification","valueRequired":true,"valueName":"search_term_string"}}],"inLanguage":"nl-NL"},{"@type":"Organization","@id":"http:\/\/www.pharmacy4pets.nl\/#organization","name":"Pharmacy4pets","url":"http:\/\/www.pharmacy4pets.nl\/","logo":{"@type":"ImageObject","inLanguage":"nl-NL","@id":"http:\/\/www.pharmacy4pets.nl\/#\/schema\/logo\/image\/","url":"https:\/\/p4p-nl.bootmine.com\/wp-content\/uploads\/2026\/03\/logo-pharmacy4pets.png","contentUrl":"https:\/\/p4p-nl.bootmine.com\/wp-content\/uploads\/2026\/03\/logo-pharmacy4pets.png","width":1024,"height":135,"caption":"Pharmacy4pets"},"image":{"@id":"http:\/\/www.pharmacy4pets.nl\/#\/schema\/logo\/image\/"},"sameAs":["https:\/\/www.facebook.com\/people\/Pharmacy4petsnl\/100063484989896\/","https:\/\/www.youtube.com\/channel\/UCGPTIgucgli03tP2_kvLkHg\/featured","https:\/\/www.instagram.com\/pharmacy4pets.nl"]}]}},"market_data":{"nl":{"price":0,"sale_price":0,"active":false,"url":null,"parent_url":"","tax_rate":0,"price_inc_tax":0,"sale_price_inc_tax":0},"de":{"price":0,"sale_price":0,"active":false,"url":null,"parent_url":"","tax_rate":0,"price_inc_tax":0,"sale_price_inc_tax":0},"be":{"price":0,"sale_price":0,"active":false,"url":null,"parent_url":"","tax_rate":0,"price_inc_tax":0,"sale_price_inc_tax":0},"fr":{"price":0,"sale_price":0,"active":false,"url":null,"parent_url":"","tax_rate":0,"price_inc_tax":0,"sale_price_inc_tax":0},"ch":{"price":0,"sale_price":0,"active":false,"url":null,"parent_url":"","tax_rate":0,"price_inc_tax":0,"sale_price_inc_tax":0},"at":{"price":0,"sale_price":0,"active":false,"url":null,"parent_url":"","tax_rate":0,"price_inc_tax":0,"sale_price_inc_tax":0},"es":{"price":0,"sale_price":0,"active":false,"url":null,"parent_url":"","tax_rate":0,"price_inc_tax":0,"sale_price_inc_tax":0},"dk":{"price":0,"sale_price":0,"active":false,"url":null,"parent_url":"","tax_rate":0,"price_inc_tax":0,"sale_price_inc_tax":0},"com":{"price":0,"sale_price":0,"active":false,"url":null,"parent_url":"","tax_rate":0,"price_inc_tax":0,"sale_price_inc_tax":0}},"market_nl_price":0,"market_nl_sale_price":0,"market_nl_active":false,"market_nl_url":null,"market_nl_parent_url":"","market_nl_tax_rate":0,"market_nl_price_inc_tax":0,"market_nl_sale_price_inc_tax":0,"market_de_price":0,"market_de_sale_price":0,"market_de_active":false,"market_de_url":null,"market_de_parent_url":"","market_de_tax_rate":0,"market_de_price_inc_tax":0,"market_de_sale_price_inc_tax":0,"market_be_price":0,"market_be_sale_price":0,"market_be_active":false,"market_be_url":null,"market_be_parent_url":"","market_be_tax_rate":0,"market_be_price_inc_tax":0,"market_be_sale_price_inc_tax":0,"market_fr_price":0,"market_fr_sale_price":0,"market_fr_active":false,"market_fr_url":null,"market_fr_parent_url":"","market_fr_tax_rate":0,"market_fr_price_inc_tax":0,"market_fr_sale_price_inc_tax":0,"market_ch_price":0,"market_ch_sale_price":0,"market_ch_active":false,"market_ch_url":null,"market_ch_parent_url":"","market_ch_tax_rate":0,"market_ch_price_inc_tax":0,"market_ch_sale_price_inc_tax":0,"market_at_price":0,"market_at_sale_price":0,"market_at_active":false,"market_at_url":null,"market_at_parent_url":"","market_at_tax_rate":0,"market_at_price_inc_tax":0,"market_at_sale_price_inc_tax":0,"market_es_price":0,"market_es_sale_price":0,"market_es_active":false,"market_es_url":null,"market_es_parent_url":"","market_es_tax_rate":0,"market_es_price_inc_tax":0,"market_es_sale_price_inc_tax":0,"market_dk_price":0,"market_dk_sale_price":0,"market_dk_active":false,"market_dk_url":null,"market_dk_parent_url":"","market_dk_tax_rate":0,"market_dk_price_inc_tax":0,"market_dk_sale_price_inc_tax":0,"market_com_price":0,"market_com_sale_price":0,"market_com_active":false,"market_com_url":null,"market_com_parent_url":"","market_com_tax_rate":0,"market_com_price_inc_tax":0,"market_com_sale_price_inc_tax":0,"acf":[],"_links":{"self":[{"href":"https:\/\/www.pharmacy4pets.nl\/be\/wp-json\/wp\/v2\/product\/120909","targetHints":{"allow":["GET"]}}],"collection":[{"href":"https:\/\/www.pharmacy4pets.nl\/be\/wp-json\/wp\/v2\/product"}],"about":[{"href":"https:\/\/www.pharmacy4pets.nl\/be\/wp-json\/wp\/v2\/types\/product"}],"replies":[{"embeddable":true,"href":"https:\/\/www.pharmacy4pets.nl\/be\/wp-json\/wp\/v2\/comments?post=120909"}],"wp:featuredmedia":[{"embeddable":true,"href":"https:\/\/www.pharmacy4pets.nl\/be\/wp-json\/wp\/v2\/media\/120908"}],"wp:attachment":[{"href":"https:\/\/www.pharmacy4pets.nl\/be\/wp-json\/wp\/v2\/media?parent=120909"}],"wp:term":[{"taxonomy":"product_brand","embeddable":true,"href":"https:\/\/www.pharmacy4pets.nl\/be\/wp-json\/wp\/v2\/product_brand?post=120909"},{"taxonomy":"product_cat","embeddable":true,"href":"https:\/\/www.pharmacy4pets.nl\/be\/wp-json\/wp\/v2\/product_cat?post=120909"},{"taxonomy":"product_tag","embeddable":true,"href":"https:\/\/www.pharmacy4pets.nl\/be\/wp-json\/wp\/v2\/product_tag?post=120909"}],"curies":[{"name":"wp","href":"https:\/\/api.w.org\/{rel}","templated":true}]}}