{"id":120891,"date":"2025-01-16T16:30:33","date_gmt":"2025-01-16T16:30:33","guid":{"rendered":"https:\/\/p4p.test\/trovet-ipd-hypoallergenic-insect-hond"},"modified":"2026-03-25T12:07:52","modified_gmt":"2026-03-25T12:07:52","slug":"trovet-ipd-hypoallergenic-insect-hond","status":"publish","type":"product","link":"https:\/\/www.pharmacy4pets.nl\/be\/trovet-ipd-hypoallergenic-insect-hond","title":{"rendered":"Trovet IPD Hypoallergenic (Insect) Hond"},"content":{"rendered":"<h1>Trovet IRD Hypoallergenic (Insect) Hond<\/h1>\n<p><strong>Trovet IRD Hypoallergenic (Insect) Hond<\/strong> is een hypoallergene dieetvoeding die speciaal is ontwikkeld voor honden met voedselovergevoeligheid. Door gebruik te maken van insecteneiwit als unieke eiwitbron en aardappel als enige koolhydraatbron, biedt deze voeding een veilige en effectieve oplossing bij voedselallergie\u00ebn en -intoleranties. Dankzij de zorgvuldig geselecteerde samenstelling wordt de kans op een allergische reactie geminimaliseerd, terwijl jeuk en spijsverteringsproblemen worden verminderd.<\/p>\n<h2>Waarom kiezen voor Trovet IRD Hypoallergenic (Insect) Hond?<\/h2>\n<ul>\n<li><strong>Hypoallergeen recept:<\/strong> Gebaseerd op \u00e9\u00e9n dierlijke eiwitbron (insect) en \u00e9\u00e9n koolhydraatbron (aardappel) om het risico op overgevoeligheidsreacties te minimaliseren.<\/li>\n<li><strong>Voorkomt voedselreacties:<\/strong> Ondersteunt bij zowel immunologische (voedselallergie) als niet-immunologische (voedselintolerantie) klachten, zoals huidproblemen, diarree of braken.<\/li>\n<li><strong>Verlichting bij jeukklachten:<\/strong> Vermindert jeuk, wat leidt tot minder krabben, schuren en bijten en zo het ontstaan van secundaire huidlaesies helpt voorkomen.<\/li>\n<\/ul>\n<h2>Geschikt voor:<\/h2>\n<ul>\n<li>Honden met voedselallergie<\/li>\n<li>Honden met voedselintolerantie<\/li>\n<\/ul>\n<h2>Niet geschikt voor:<\/h2>\n<ul>\n<li>Pups in de groeifase<\/li>\n<li>Honden met overgevoeligheid voor insecteneiwit<\/li>\n<li>Honden met een allergie voor schaaldieren<\/li>\n<\/ul>\n<h2>Gebruiksadvies<\/h2>\n<p>De aanbevolen gebruiksduur van <strong>Trovet IRD Hypoallergenic (Insect) Hond<\/strong> is in eerste instantie 3 tot 8 weken bij symptomen van voedselallergie of -intolerantie. Indien de overgevoeligheidsverschijnselen verdwijnen, kan deze voeding langdurig als volledige dagelijkse dieetvoeding worden ingezet. Raadpleeg bij twijfel altijd een dierenarts.<\/p>\n","protected":false},"excerpt":{"rendered":"<p>Trovet IRD Hypoallergenic (Insect) Hond Trovet IRD Hypoallergenic (Insect) Hond is een hypoallergene dieetvoeding die speciaal is ontwikkeld voor honden met voedselovergevoeligheid. Door gebruik te maken van insecteneiwit als unieke eiwitbron en aardappel als enige koolhydraatbron, biedt deze voeding een veilige en effectieve oplossing bij voedselallergie\u00ebn en -intoleranties. Dankzij de zorgvuldig geselecteerde samenstelling wordt de [&hellip;]<\/p>\n","protected":false},"featured_media":120888,"comment_status":"open","ping_status":"closed","template":"","meta":{"_acf_changed":false,"_nl_post_content":"<h1>Trovet IRD Hypoallergenic (Insect) Hond<\/h1>\n<p><strong>Trovet IRD Hypoallergenic (Insect) Hond<\/strong> is een hypoallergene dieetvoeding die speciaal is ontwikkeld voor honden met voedselovergevoeligheid. Door gebruik te maken van insecteneiwit als unieke eiwitbron en aardappel als enige koolhydraatbron, biedt deze voeding een veilige en effectieve oplossing bij voedselallergie\u00ebn en -intoleranties. Dankzij de zorgvuldig geselecteerde samenstelling wordt de kans op een allergische reactie geminimaliseerd, terwijl jeuk en spijsverteringsproblemen worden verminderd.<\/p>\n<h2>Waarom kiezen voor Trovet IRD Hypoallergenic (Insect) Hond?<\/h2>\n<ul>\n<li><strong>Hypoallergeen recept:<\/strong> Gebaseerd op \u00e9\u00e9n dierlijke eiwitbron (insect) en \u00e9\u00e9n koolhydraatbron (aardappel) om het risico op overgevoeligheidsreacties te minimaliseren.<\/li>\n<li><strong>Voorkomt voedselreacties:<\/strong> Ondersteunt bij zowel immunologische (voedselallergie) als niet-immunologische (voedselintolerantie) klachten, zoals huidproblemen, diarree of braken.<\/li>\n<li><strong>Verlichting bij jeukklachten:<\/strong> Vermindert jeuk, wat leidt tot minder krabben, schuren en bijten en zo het ontstaan van secundaire huidlaesies helpt voorkomen.<\/li>\n<\/ul>\n<h2>Geschikt voor:<\/h2>\n<ul>\n<li>Honden met voedselallergie<\/li>\n<li>Honden met voedselintolerantie<\/li>\n<\/ul>\n<h2>Niet geschikt voor:<\/h2>\n<ul>\n<li>Pups in de groeifase<\/li>\n<li>Honden met overgevoeligheid voor insecteneiwit<\/li>\n<li>Honden met een allergie voor schaaldieren<\/li>\n<\/ul>\n<h2>Gebruiksadvies<\/h2>\n<p>De aanbevolen gebruiksduur van <strong>Trovet IRD Hypoallergenic (Insect) Hond<\/strong> is in eerste instantie 3 tot 8 weken bij symptomen van voedselallergie of -intolerantie. Indien de overgevoeligheidsverschijnselen verdwijnen, kan deze voeding langdurig als volledige dagelijkse dieetvoeding worden ingezet. Raadpleeg bij twijfel altijd een dierenarts.<\/p>","_nl_post_name":"trovet-ipd-hypoallergenic-insect-hond","_nl_post_excerpt":"","_nl_post_title":"Trovet IPD Hypoallergenic (Insect) Hond","_en_post_content":"<h1>Trovet IRD Hypoallergenic (Insect) Dog<\/h1>\n<p><strong>Trovet IRD Hypoallergenic (Insect) Dog<\/strong> is a hypoallergenic dietary food specially formulated for dogs with food hypersensitivity. By using insect protein as a unique animal protein source and potato as the sole carbohydrate, this diet offers a safe and effective solution for food allergies and intolerances. Thanks to its carefully selected ingredients, the risk of allergic reactions is minimized while itching and digestive issues are reduced.<\/p>\n<h2>Why choose Trovet IRD Hypoallergenic (Insect) Dog?<\/h2>\n<ul>\n<li><strong>Hypoallergenic formula:<\/strong> Based on a single animal protein source (insect) and a single carbohydrate source (potato) to minimize the risk of hypersensitivity reactions.<\/li>\n<li><strong>Prevents food reactions:<\/strong> Supports both immunological (food allergy) and non-immunological (food intolerance) symptoms such as skin problems, diarrhea, or vomiting.<\/li>\n<li><strong>Relieves itching:<\/strong> Reduces itching, which leads to less scratching, rubbing, and biting, helping to prevent secondary skin lesions.<\/li>\n<\/ul>\n<h2>Suitable for:<\/h2>\n<ul>\n<li>Dogs with food allergies<\/li>\n<li>Dogs with food intolerances<\/li>\n<\/ul>\n<h2>Not suitable for:<\/h2>\n<ul>\n<li>Puppies in the growth phase<\/li>\n<li>Dogs with sensitivity to insect protein<\/li>\n<li>Dogs allergic to shellfish<\/li>\n<\/ul>\n<h2>Feeding advice<\/h2>\n<p>The recommended initial feeding period for <strong>Trovet IRD Hypoallergenic (Insect) Dog<\/strong> is 3 to 8 weeks for symptoms of food allergy or intolerance. If the symptoms disappear, the diet can be used long-term as a complete daily food. Always consult a veterinarian if in doubt.<\/p>","_en_post_name":"trovet-ipd-hypoallergenic-insect-dog","_en_post_excerpt":"","_en_post_title":"Trovet IPD Hypoallergenic (Insect) Dog","_de_post_content":"<h1>Trovet IRD Hypoallergenic (Insect) Hund<\/h1>\n<p><strong>Trovet IRD Hypoallergenic (Insect) Hund<\/strong> ist ein hypoallergenes Di\u00e4tfuttermittel, das speziell f\u00fcr Hunde mit Futtermittel\u00fcberempfindlichkeit entwickelt wurde. Mit Insektenprotein als einzigartige tierische Eiwei\u00dfquelle und Kartoffel als alleiniger Kohlenhydratquelle bietet dieses Futter eine sichere und wirksame L\u00f6sung bei Allergien und Intoleranzen. Die sorgf\u00e4ltige Zusammensetzung minimiert das Risiko allergischer Reaktionen und lindert Juckreiz sowie Verdauungsprobleme.<\/p>\n<h2>Warum Trovet IRD Hypoallergenic (Insect) Hund?<\/h2>\n<ul>\n<li><strong>Hypoallergene Rezeptur:<\/strong> Basierend auf einer tierischen Eiwei\u00dfquelle (Insekt) und einer Kohlenhydratquelle (Kartoffel), um \u00dcberempfindlichkeitsreaktionen zu vermeiden.<\/li>\n<li><strong>Verhindert Futterreaktionen:<\/strong> Unterst\u00fctzt sowohl immunologische (Allergien) als auch nicht-immunologische (Intoleranzen) Beschwerden wie Hautprobleme, Durchfall oder Erbrechen.<\/li>\n<li><strong>Lindert Juckreiz:<\/strong> Verringert Juckreiz, was weniger Kratzen, Bei\u00dfen und Reiben bedeutet \u2013 und hilft, sekund\u00e4re Hautl\u00e4sionen zu vermeiden.<\/li>\n<\/ul>\n<h2>Geeignet f\u00fcr:<\/h2>\n<ul>\n<li>Hunde mit Futtermittelallergien<\/li>\n<li>Hunde mit Futtermittelintoleranzen<\/li>\n<\/ul>\n<h2>Nicht geeignet f\u00fcr:<\/h2>\n<ul>\n<li>Welpen in der Wachstumsphase<\/li>\n<li>Hunde mit \u00dcberempfindlichkeit gegen\u00fcber Insektenprotein<\/li>\n<li>Hunde mit Krebstierallergie<\/li>\n<\/ul>\n<h2>F\u00fctterungsempfehlung<\/h2>\n<p>Die empfohlene F\u00fctterungsdauer f\u00fcr <strong>Trovet IRD Hypoallergenic (Insect) Hund<\/strong> betr\u00e4gt zun\u00e4chst 3 bis 8 Wochen. Wenn die Symptome verschwinden, kann das Futter langfristig als vollst\u00e4ndige Tagesration verwendet werden. Im Zweifelsfall immer den Tierarzt konsultieren.<\/p>","_de_post_name":"trovet-ipd-hypoallergenic-insect-hund","_de_post_excerpt":"","_de_post_title":"Trovet IPD Hypoallergenic (Insect) Hund","_fr_post_content":"<h1>Trovet IRD Hypoallergenic (Insect) Chien<\/h1>\n<p><strong>Trovet IRD Hypoallergenic (Insect) Chien<\/strong> est un aliment di\u00e9t\u00e9tique hypoallerg\u00e9nique sp\u00e9cialement con\u00e7u pour les chiens souffrant d\u2019hypersensibilit\u00e9 alimentaire. Gr\u00e2ce \u00e0 la prot\u00e9ine d\u2019insecte comme source unique de prot\u00e9ines animales et \u00e0 la pomme de terre comme seule source de glucides, cet aliment offre une solution s\u00fbre et efficace contre les allergies et les intol\u00e9rances. Sa composition soigneusement \u00e9labor\u00e9e r\u00e9duit le risque de r\u00e9actions allergiques tout en soulageant les d\u00e9mangeaisons et les troubles digestifs.<\/p>\n<h2>Pourquoi choisir Trovet IRD Hypoallergenic (Insect) Chien\u00a0?<\/h2>\n<ul>\n<li><strong>Formule hypoallerg\u00e9nique :<\/strong> \u00c0 base d\u2019une seule prot\u00e9ine animale (insecte) et d\u2019un seul glucide (pomme de terre), pour minimiser les r\u00e9actions d\u2019hypersensibilit\u00e9.<\/li>\n<li><strong>\u00c9vite les r\u00e9actions alimentaires :<\/strong> Pr\u00e9vient les r\u00e9actions immunologiques (allergies) et non immunologiques (intol\u00e9rances) telles que les probl\u00e8mes de peau, vomissements ou diarrh\u00e9es.<\/li>\n<li><strong>R\u00e9duction des d\u00e9mangeaisons :<\/strong> Diminue le grattage, les morsures et les frottements, ce qui aide \u00e0 pr\u00e9venir les l\u00e9sions cutan\u00e9es secondaires.<\/li>\n<\/ul>\n<h2>Convient pour\u00a0:<\/h2>\n<ul>\n<li>Chiens souffrant d\u2019allergies alimentaires<\/li>\n<li>Chiens souffrant d\u2019intol\u00e9rances alimentaires<\/li>\n<\/ul>\n<h2>Ne convient pas pour\u00a0:<\/h2>\n<ul>\n<li>Chiots en croissance<\/li>\n<li>Chiens sensibles aux prot\u00e9ines d\u2019insectes<\/li>\n<li>Chiens allergiques aux crustac\u00e9s<\/li>\n<\/ul>\n<h2>Conseils d'utilisation<\/h2>\n<p>La dur\u00e9e d\u2019utilisation recommand\u00e9e de <strong>Trovet IRD Hypoallergenic (Insect) Chien<\/strong> est de 3 \u00e0 8 semaines. Si les sympt\u00f4mes disparaissent, l\u2019aliment peut \u00eatre utilis\u00e9 comme alimentation quotidienne compl\u00e8te \u00e0 long terme. Consultez toujours un v\u00e9t\u00e9rinaire en cas de doute.<\/p>","_fr_post_name":"trovet-ipd-hypoallergenic-insect-chien","_fr_post_excerpt":"","_fr_post_title":"Trovet IPD Hypoallergenic (Insect) Chien","_es_post_content":"Trovet IPD Hypoallergenic (Insect) Hond","_es_post_name":"trovet-ipd-hypoallergenic-insect-hond","_es_post_excerpt":"","_es_post_title":"Trovet IPD Hypoallergenic (Insect) Hond","edit_language":"nl"},"product_brand":[],"product_cat":[1858,1117,1856,2350,1857,2097,2352],"product_tag":[],"class_list":{"0":"post-120891","1":"product","2":"type-product","3":"status-publish","4":"has-post-thumbnail","6":"product_cat-dieetvoer","7":"product_cat-honden","8":"product_cat-hondenvoer","9":"product_cat-hypoallergeen-hondenvoer","10":"product_cat-merken","11":"product_cat-trovet","12":"product_cat-trovet-hondenvoer","13":"pa_aandoening-gevoeligemaag_darmen","14":"pa_doeldier-hond","15":"pa_fabricatieland-oostenrijk","16":"pa_fabricatieland-spanje","17":"pa_merkfilter-trovet","18":"pa_merkgroep-visan","19":"pa_productsoort-voeding","20":"pa_toedieningswijze-droogvoer","21":"pa_toedieningswijze-natvoer","22":"pa_werkzamestof-overig","24":"first","25":"instock","26":"taxable","27":"shipping-taxable","28":"product-type-grouped"},"yoast_head":"<!-- This site is optimized with the Yoast SEO plugin v27.5 - https:\/\/yoast.com\/product\/yoast-seo-wordpress\/ -->\n<title>Trovet IPD Hypoallergenic (Insect) Hond - Pharmacy4pets<\/title>\n<meta name=\"robots\" content=\"index, follow, max-snippet:-1, max-image-preview:large, max-video-preview:-1\" \/>\n<link rel=\"canonical\" href=\"https:\/\/www.pharmacy4pets.nl\/be\/trovet-ipd-hypoallergenic-insect-hond\" \/>\n<meta property=\"og:locale\" content=\"nl_NL\" \/>\n<meta property=\"og:type\" content=\"article\" \/>\n<meta property=\"og:title\" content=\"Trovet IPD Hypoallergenic (Insect) Hond - Pharmacy4pets\" \/>\n<meta property=\"og:description\" content=\"Trovet IRD Hypoallergenic (Insect) Hond Trovet IRD Hypoallergenic (Insect) Hond is een hypoallergene dieetvoeding die speciaal is ontwikkeld voor honden met voedselovergevoeligheid. Door gebruik te maken van insecteneiwit als unieke eiwitbron en aardappel als enige koolhydraatbron, biedt deze voeding een veilige en effectieve oplossing bij voedselallergie\u00ebn en -intoleranties. Dankzij de zorgvuldig geselecteerde samenstelling wordt de [&hellip;]\" \/>\n<meta property=\"og:url\" content=\"https:\/\/www.pharmacy4pets.nl\/be\/trovet-ipd-hypoallergenic-insect-hond\" \/>\n<meta property=\"og:site_name\" content=\"Pharmacy4pets\" \/>\n<meta property=\"article:publisher\" content=\"https:\/\/www.facebook.com\/people\/Pharmacy4petsnl\/100063484989896\/\" \/>\n<meta property=\"article:modified_time\" content=\"2026-03-25T12:07:52+00:00\" \/>\n<meta property=\"og:image\" content=\"https:\/\/www.pharmacy4pets.nl\/wp-content\/uploads\/2025\/01\/TVDG58_TROVET_HYPOALLERGENIC_RICH_IN_INSECT_10_KG_IPD_1.jpg\" \/>\n\t<meta property=\"og:image:width\" content=\"1000\" \/>\n\t<meta property=\"og:image:height\" content=\"1000\" \/>\n\t<meta property=\"og:image:type\" content=\"image\/jpeg\" \/>\n<meta name=\"twitter:card\" content=\"summary_large_image\" \/>\n<meta name=\"twitter:label1\" content=\"Geschatte leestijd\" \/>\n\t<meta name=\"twitter:data1\" content=\"1 minuut\" \/>\n<script type=\"application\/ld+json\" class=\"yoast-schema-graph\">{\"@context\":\"https:\\\/\\\/schema.org\",\"@graph\":[{\"@type\":\"WebPage\",\"@id\":\"https:\\\/\\\/www.pharmacy4pets.nl\\\/be\\\/trovet-ipd-hypoallergenic-insect-hond\",\"url\":\"https:\\\/\\\/www.pharmacy4pets.nl\\\/be\\\/trovet-ipd-hypoallergenic-insect-hond\",\"name\":\"Trovet IPD Hypoallergenic (Insect) Hond - Pharmacy4pets\",\"isPartOf\":{\"@id\":\"http:\\\/\\\/www.pharmacy4pets.nl\\\/#website\"},\"primaryImageOfPage\":{\"@id\":\"https:\\\/\\\/www.pharmacy4pets.nl\\\/be\\\/trovet-ipd-hypoallergenic-insect-hond#primaryimage\"},\"image\":{\"@id\":\"https:\\\/\\\/www.pharmacy4pets.nl\\\/be\\\/trovet-ipd-hypoallergenic-insect-hond#primaryimage\"},\"thumbnailUrl\":\"https:\\\/\\\/www.pharmacy4pets.nl\\\/wp-content\\\/uploads\\\/2025\\\/01\\\/TVDG58_TROVET_HYPOALLERGENIC_RICH_IN_INSECT_10_KG_IPD_1.jpg\",\"datePublished\":\"2025-01-16T16:30:33+00:00\",\"dateModified\":\"2026-03-25T12:07:52+00:00\",\"breadcrumb\":{\"@id\":\"https:\\\/\\\/www.pharmacy4pets.nl\\\/be\\\/trovet-ipd-hypoallergenic-insect-hond#breadcrumb\"},\"inLanguage\":\"nl-NL\",\"potentialAction\":[{\"@type\":\"ReadAction\",\"target\":[\"https:\\\/\\\/www.pharmacy4pets.nl\\\/be\\\/trovet-ipd-hypoallergenic-insect-hond\"]}]},{\"@type\":\"ImageObject\",\"inLanguage\":\"nl-NL\",\"@id\":\"https:\\\/\\\/www.pharmacy4pets.nl\\\/be\\\/trovet-ipd-hypoallergenic-insect-hond#primaryimage\",\"url\":\"https:\\\/\\\/www.pharmacy4pets.nl\\\/wp-content\\\/uploads\\\/2025\\\/01\\\/TVDG58_TROVET_HYPOALLERGENIC_RICH_IN_INSECT_10_KG_IPD_1.jpg\",\"contentUrl\":\"https:\\\/\\\/www.pharmacy4pets.nl\\\/wp-content\\\/uploads\\\/2025\\\/01\\\/TVDG58_TROVET_HYPOALLERGENIC_RICH_IN_INSECT_10_KG_IPD_1.jpg\",\"width\":1000,\"height\":1000,\"caption\":\"Trovet IPD Hypoallergenic (Insect)\"},{\"@type\":\"BreadcrumbList\",\"@id\":\"https:\\\/\\\/www.pharmacy4pets.nl\\\/be\\\/trovet-ipd-hypoallergenic-insect-hond#breadcrumb\",\"itemListElement\":[{\"@type\":\"ListItem\",\"position\":1,\"name\":\"Home\",\"item\":\"https:\\\/\\\/p4p-nl.bootmine.com\\\/\"},{\"@type\":\"ListItem\",\"position\":2,\"name\":\"Winkel\",\"item\":\"https:\\\/\\\/p4p-nl.bootmine.com\\\/winkel\"},{\"@type\":\"ListItem\",\"position\":3,\"name\":\"Trovet IPD Hypoallergenic (Insect) Hond\"}]},{\"@type\":\"WebSite\",\"@id\":\"http:\\\/\\\/www.pharmacy4pets.nl\\\/#website\",\"url\":\"http:\\\/\\\/www.pharmacy4pets.nl\\\/\",\"name\":\"Pharmacy4pets\",\"description\":\"Pharmacy4pets.nl is d\u00e9 online apotheek waar u terecht kunt voor alle diergeneesmiddelen, verzorgingsproducten en dieetvoeding voor uw huisdier.\",\"publisher\":{\"@id\":\"http:\\\/\\\/www.pharmacy4pets.nl\\\/#organization\"},\"potentialAction\":[{\"@type\":\"SearchAction\",\"target\":{\"@type\":\"EntryPoint\",\"urlTemplate\":\"http:\\\/\\\/www.pharmacy4pets.nl\\\/?s={search_term_string}\"},\"query-input\":{\"@type\":\"PropertyValueSpecification\",\"valueRequired\":true,\"valueName\":\"search_term_string\"}}],\"inLanguage\":\"nl-NL\"},{\"@type\":\"Organization\",\"@id\":\"http:\\\/\\\/www.pharmacy4pets.nl\\\/#organization\",\"name\":\"Pharmacy4pets\",\"url\":\"http:\\\/\\\/www.pharmacy4pets.nl\\\/\",\"logo\":{\"@type\":\"ImageObject\",\"inLanguage\":\"nl-NL\",\"@id\":\"http:\\\/\\\/www.pharmacy4pets.nl\\\/#\\\/schema\\\/logo\\\/image\\\/\",\"url\":\"https:\\\/\\\/p4p-nl.bootmine.com\\\/wp-content\\\/uploads\\\/2026\\\/03\\\/logo-pharmacy4pets.png\",\"contentUrl\":\"https:\\\/\\\/p4p-nl.bootmine.com\\\/wp-content\\\/uploads\\\/2026\\\/03\\\/logo-pharmacy4pets.png\",\"width\":1024,\"height\":135,\"caption\":\"Pharmacy4pets\"},\"image\":{\"@id\":\"http:\\\/\\\/www.pharmacy4pets.nl\\\/#\\\/schema\\\/logo\\\/image\\\/\"},\"sameAs\":[\"https:\\\/\\\/www.facebook.com\\\/people\\\/Pharmacy4petsnl\\\/100063484989896\\\/\",\"https:\\\/\\\/www.youtube.com\\\/channel\\\/UCGPTIgucgli03tP2_kvLkHg\\\/featured\",\"https:\\\/\\\/www.instagram.com\\\/pharmacy4pets.nl\"]}]}<\/script>\n<!-- \/ Yoast SEO plugin. -->","yoast_head_json":{"title":"Trovet IPD Hypoallergenic (Insect) Hond - Pharmacy4pets","robots":{"index":"index","follow":"follow","max-snippet":"max-snippet:-1","max-image-preview":"max-image-preview:large","max-video-preview":"max-video-preview:-1"},"canonical":"https:\/\/www.pharmacy4pets.nl\/be\/trovet-ipd-hypoallergenic-insect-hond","og_locale":"nl_NL","og_type":"article","og_title":"Trovet IPD Hypoallergenic (Insect) Hond - Pharmacy4pets","og_description":"Trovet IRD Hypoallergenic (Insect) Hond Trovet IRD Hypoallergenic (Insect) Hond is een hypoallergene dieetvoeding die speciaal is ontwikkeld voor honden met voedselovergevoeligheid. Door gebruik te maken van insecteneiwit als unieke eiwitbron en aardappel als enige koolhydraatbron, biedt deze voeding een veilige en effectieve oplossing bij voedselallergie\u00ebn en -intoleranties. Dankzij de zorgvuldig geselecteerde samenstelling wordt de [&hellip;]","og_url":"https:\/\/www.pharmacy4pets.nl\/be\/trovet-ipd-hypoallergenic-insect-hond","og_site_name":"Pharmacy4pets","article_publisher":"https:\/\/www.facebook.com\/people\/Pharmacy4petsnl\/100063484989896\/","article_modified_time":"2026-03-25T12:07:52+00:00","og_image":[{"width":1000,"height":1000,"url":"https:\/\/www.pharmacy4pets.nl\/wp-content\/uploads\/2025\/01\/TVDG58_TROVET_HYPOALLERGENIC_RICH_IN_INSECT_10_KG_IPD_1.jpg","type":"image\/jpeg"}],"twitter_card":"summary_large_image","twitter_misc":{"Geschatte leestijd":"1 minuut"},"schema":{"@context":"https:\/\/schema.org","@graph":[{"@type":"WebPage","@id":"https:\/\/www.pharmacy4pets.nl\/be\/trovet-ipd-hypoallergenic-insect-hond","url":"https:\/\/www.pharmacy4pets.nl\/be\/trovet-ipd-hypoallergenic-insect-hond","name":"Trovet IPD Hypoallergenic (Insect) Hond - Pharmacy4pets","isPartOf":{"@id":"http:\/\/www.pharmacy4pets.nl\/#website"},"primaryImageOfPage":{"@id":"https:\/\/www.pharmacy4pets.nl\/be\/trovet-ipd-hypoallergenic-insect-hond#primaryimage"},"image":{"@id":"https:\/\/www.pharmacy4pets.nl\/be\/trovet-ipd-hypoallergenic-insect-hond#primaryimage"},"thumbnailUrl":"https:\/\/www.pharmacy4pets.nl\/wp-content\/uploads\/2025\/01\/TVDG58_TROVET_HYPOALLERGENIC_RICH_IN_INSECT_10_KG_IPD_1.jpg","datePublished":"2025-01-16T16:30:33+00:00","dateModified":"2026-03-25T12:07:52+00:00","breadcrumb":{"@id":"https:\/\/www.pharmacy4pets.nl\/be\/trovet-ipd-hypoallergenic-insect-hond#breadcrumb"},"inLanguage":"nl-NL","potentialAction":[{"@type":"ReadAction","target":["https:\/\/www.pharmacy4pets.nl\/be\/trovet-ipd-hypoallergenic-insect-hond"]}]},{"@type":"ImageObject","inLanguage":"nl-NL","@id":"https:\/\/www.pharmacy4pets.nl\/be\/trovet-ipd-hypoallergenic-insect-hond#primaryimage","url":"https:\/\/www.pharmacy4pets.nl\/wp-content\/uploads\/2025\/01\/TVDG58_TROVET_HYPOALLERGENIC_RICH_IN_INSECT_10_KG_IPD_1.jpg","contentUrl":"https:\/\/www.pharmacy4pets.nl\/wp-content\/uploads\/2025\/01\/TVDG58_TROVET_HYPOALLERGENIC_RICH_IN_INSECT_10_KG_IPD_1.jpg","width":1000,"height":1000,"caption":"Trovet IPD Hypoallergenic (Insect)"},{"@type":"BreadcrumbList","@id":"https:\/\/www.pharmacy4pets.nl\/be\/trovet-ipd-hypoallergenic-insect-hond#breadcrumb","itemListElement":[{"@type":"ListItem","position":1,"name":"Home","item":"https:\/\/p4p-nl.bootmine.com\/"},{"@type":"ListItem","position":2,"name":"Winkel","item":"https:\/\/p4p-nl.bootmine.com\/winkel"},{"@type":"ListItem","position":3,"name":"Trovet IPD Hypoallergenic (Insect) Hond"}]},{"@type":"WebSite","@id":"http:\/\/www.pharmacy4pets.nl\/#website","url":"http:\/\/www.pharmacy4pets.nl\/","name":"Pharmacy4pets","description":"Pharmacy4pets.nl is d\u00e9 online apotheek waar u terecht kunt voor alle diergeneesmiddelen, verzorgingsproducten en dieetvoeding voor uw huisdier.","publisher":{"@id":"http:\/\/www.pharmacy4pets.nl\/#organization"},"potentialAction":[{"@type":"SearchAction","target":{"@type":"EntryPoint","urlTemplate":"http:\/\/www.pharmacy4pets.nl\/?s={search_term_string}"},"query-input":{"@type":"PropertyValueSpecification","valueRequired":true,"valueName":"search_term_string"}}],"inLanguage":"nl-NL"},{"@type":"Organization","@id":"http:\/\/www.pharmacy4pets.nl\/#organization","name":"Pharmacy4pets","url":"http:\/\/www.pharmacy4pets.nl\/","logo":{"@type":"ImageObject","inLanguage":"nl-NL","@id":"http:\/\/www.pharmacy4pets.nl\/#\/schema\/logo\/image\/","url":"https:\/\/p4p-nl.bootmine.com\/wp-content\/uploads\/2026\/03\/logo-pharmacy4pets.png","contentUrl":"https:\/\/p4p-nl.bootmine.com\/wp-content\/uploads\/2026\/03\/logo-pharmacy4pets.png","width":1024,"height":135,"caption":"Pharmacy4pets"},"image":{"@id":"http:\/\/www.pharmacy4pets.nl\/#\/schema\/logo\/image\/"},"sameAs":["https:\/\/www.facebook.com\/people\/Pharmacy4petsnl\/100063484989896\/","https:\/\/www.youtube.com\/channel\/UCGPTIgucgli03tP2_kvLkHg\/featured","https:\/\/www.instagram.com\/pharmacy4pets.nl"]}]}},"market_data":{"nl":{"price":0,"sale_price":0,"active":false,"url":null,"parent_url":"","tax_rate":0,"price_inc_tax":0,"sale_price_inc_tax":0},"de":{"price":0,"sale_price":0,"active":false,"url":null,"parent_url":"","tax_rate":0,"price_inc_tax":0,"sale_price_inc_tax":0},"be":{"price":0,"sale_price":0,"active":false,"url":null,"parent_url":"","tax_rate":0,"price_inc_tax":0,"sale_price_inc_tax":0},"fr":{"price":0,"sale_price":0,"active":false,"url":null,"parent_url":"","tax_rate":0,"price_inc_tax":0,"sale_price_inc_tax":0},"ch":{"price":0,"sale_price":0,"active":false,"url":null,"parent_url":"","tax_rate":0,"price_inc_tax":0,"sale_price_inc_tax":0},"at":{"price":0,"sale_price":0,"active":false,"url":null,"parent_url":"","tax_rate":0,"price_inc_tax":0,"sale_price_inc_tax":0},"es":{"price":0,"sale_price":0,"active":false,"url":null,"parent_url":"","tax_rate":0,"price_inc_tax":0,"sale_price_inc_tax":0},"dk":{"price":0,"sale_price":0,"active":false,"url":null,"parent_url":"","tax_rate":0,"price_inc_tax":0,"sale_price_inc_tax":0},"com":{"price":0,"sale_price":0,"active":false,"url":null,"parent_url":"","tax_rate":0,"price_inc_tax":0,"sale_price_inc_tax":0}},"market_nl_price":0,"market_nl_sale_price":0,"market_nl_active":false,"market_nl_url":null,"market_nl_parent_url":"","market_nl_tax_rate":0,"market_nl_price_inc_tax":0,"market_nl_sale_price_inc_tax":0,"market_de_price":0,"market_de_sale_price":0,"market_de_active":false,"market_de_url":null,"market_de_parent_url":"","market_de_tax_rate":0,"market_de_price_inc_tax":0,"market_de_sale_price_inc_tax":0,"market_be_price":0,"market_be_sale_price":0,"market_be_active":false,"market_be_url":null,"market_be_parent_url":"","market_be_tax_rate":0,"market_be_price_inc_tax":0,"market_be_sale_price_inc_tax":0,"market_fr_price":0,"market_fr_sale_price":0,"market_fr_active":false,"market_fr_url":null,"market_fr_parent_url":"","market_fr_tax_rate":0,"market_fr_price_inc_tax":0,"market_fr_sale_price_inc_tax":0,"market_ch_price":0,"market_ch_sale_price":0,"market_ch_active":false,"market_ch_url":null,"market_ch_parent_url":"","market_ch_tax_rate":0,"market_ch_price_inc_tax":0,"market_ch_sale_price_inc_tax":0,"market_at_price":0,"market_at_sale_price":0,"market_at_active":false,"market_at_url":null,"market_at_parent_url":"","market_at_tax_rate":0,"market_at_price_inc_tax":0,"market_at_sale_price_inc_tax":0,"market_es_price":0,"market_es_sale_price":0,"market_es_active":false,"market_es_url":null,"market_es_parent_url":"","market_es_tax_rate":0,"market_es_price_inc_tax":0,"market_es_sale_price_inc_tax":0,"market_dk_price":0,"market_dk_sale_price":0,"market_dk_active":false,"market_dk_url":null,"market_dk_parent_url":"","market_dk_tax_rate":0,"market_dk_price_inc_tax":0,"market_dk_sale_price_inc_tax":0,"market_com_price":0,"market_com_sale_price":0,"market_com_active":false,"market_com_url":null,"market_com_parent_url":"","market_com_tax_rate":0,"market_com_price_inc_tax":0,"market_com_sale_price_inc_tax":0,"acf":[],"_links":{"self":[{"href":"https:\/\/www.pharmacy4pets.nl\/be\/wp-json\/wp\/v2\/product\/120891","targetHints":{"allow":["GET"]}}],"collection":[{"href":"https:\/\/www.pharmacy4pets.nl\/be\/wp-json\/wp\/v2\/product"}],"about":[{"href":"https:\/\/www.pharmacy4pets.nl\/be\/wp-json\/wp\/v2\/types\/product"}],"replies":[{"embeddable":true,"href":"https:\/\/www.pharmacy4pets.nl\/be\/wp-json\/wp\/v2\/comments?post=120891"}],"wp:featuredmedia":[{"embeddable":true,"href":"https:\/\/www.pharmacy4pets.nl\/be\/wp-json\/wp\/v2\/media\/120888"}],"wp:attachment":[{"href":"https:\/\/www.pharmacy4pets.nl\/be\/wp-json\/wp\/v2\/media?parent=120891"}],"wp:term":[{"taxonomy":"product_brand","embeddable":true,"href":"https:\/\/www.pharmacy4pets.nl\/be\/wp-json\/wp\/v2\/product_brand?post=120891"},{"taxonomy":"product_cat","embeddable":true,"href":"https:\/\/www.pharmacy4pets.nl\/be\/wp-json\/wp\/v2\/product_cat?post=120891"},{"taxonomy":"product_tag","embeddable":true,"href":"https:\/\/www.pharmacy4pets.nl\/be\/wp-json\/wp\/v2\/product_tag?post=120891"}],"curies":[{"name":"wp","href":"https:\/\/api.w.org\/{rel}","templated":true}]}}