{"id":120854,"date":"2025-01-16T16:30:33","date_gmt":"2025-01-16T16:30:33","guid":{"rendered":"https:\/\/p4p.test\/trovet-hld-hepatic-kat"},"modified":"2026-03-25T12:07:41","modified_gmt":"2026-03-25T12:07:41","slug":"trovet-hld-hepatic-kat","status":"publish","type":"product","link":"https:\/\/www.pharmacy4pets.nl\/be\/trovet-hld-hepatic-kat","title":{"rendered":"Trovet HLD Hepatic Kat"},"content":{"rendered":"<h1>Trovet HLD Hepatic Kat<\/h1>\n<p><strong>Trovet HLD Hepatic<\/strong> is een volledige dieetvoeding voor katten, speciaal ontwikkeld ter ondersteuning bij spijsverteringsproblemen en leveraandoeningen. Wanneer organen zoals de maag, lever, alvleesklier of darmen niet optimaal functioneren, kan dit leiden tot klachten zoals verminderde eetlust, braken, diarree en gewichtsverlies. Trovet HLD is samengesteld om de lever te ontlasten en te ondersteunen bij herstel, onder andere door toevoeging van lipotrope stoffen zoals L-carnitine, lecithine en choline, die bijdragen aan een gezonde vetstofwisseling.<\/p>\n<h2>Waarom kiezen voor Trovet HLD Hepatic?<\/h2>\n<ul>\n<li><strong>Ondersteunt de leverfunctie:<\/strong> Vermindert de belasting van de lever en bevordert de regeneratie van leverweefsel.<\/li>\n<li><strong>Rijk aan lipotrope stoffen:<\/strong> Bevat o.a. L-carnitine, lecithine en choline ter ondersteuning van de vetstofwisseling.<\/li>\n<li><strong>Geselecteerde eiwitbronnen:<\/strong> Matig eiwitgehalte van goed verteerbare kwaliteit.<\/li>\n<li><strong>Compenseert taurineverlies:<\/strong> Helpt het verhoogde verlies van taurine bij leverproblemen op te vangen.<\/li>\n<\/ul>\n<h2>Geschikt voor:<\/h2>\n<ul>\n<li>Katten met (chronische) leverinsuffici\u00ebntie<\/li>\n<li>Kittens<\/li>\n<\/ul>\n<h2>Niet geschikt voor:<\/h2>\n<ul>\n<li>Katten met leververvetting (hepatische lipidose)<\/li>\n<\/ul>\n<h2>Voedingsadvies<\/h2>\n<p>Raadpleeg v\u00f3\u00f3r gebruik altijd uw dierenarts. Zorg dat er voldoende schoon en vers drinkwater beschikbaar is.<\/p>\n<p><strong>Aanbevolen gebruiksduur:<\/strong> Aanvankelijk tot maximaal 6 maanden bij (chronische) leverinsuffici\u00ebntie. Indien verlenging wordt geadviseerd, kan <strong>Trovet HLD Hepatic<\/strong> ook langdurig als volledige dieetvoeding worden gebruikt.<\/p>\n","protected":false},"excerpt":{"rendered":"<p>Trovet HLD Hepatic Kat Trovet HLD Hepatic is een volledige dieetvoeding voor katten, speciaal ontwikkeld ter ondersteuning bij spijsverteringsproblemen en leveraandoeningen. Wanneer organen zoals de maag, lever, alvleesklier of darmen niet optimaal functioneren, kan dit leiden tot klachten zoals verminderde eetlust, braken, diarree en gewichtsverlies. Trovet HLD is samengesteld om de lever te ontlasten en [&hellip;]<\/p>\n","protected":false},"featured_media":120850,"comment_status":"open","ping_status":"closed","template":"","meta":{"_acf_changed":false,"_nl_post_content":"<h1>Trovet HLD Hepatic Kat<\/h1>\n<p><strong>Trovet HLD Hepatic<\/strong> is een volledige dieetvoeding voor katten, speciaal ontwikkeld ter ondersteuning bij spijsverteringsproblemen en leveraandoeningen. Wanneer organen zoals de maag, lever, alvleesklier of darmen niet optimaal functioneren, kan dit leiden tot klachten zoals verminderde eetlust, braken, diarree en gewichtsverlies. Trovet HLD is samengesteld om de lever te ontlasten en te ondersteunen bij herstel, onder andere door toevoeging van lipotrope stoffen zoals L-carnitine, lecithine en choline, die bijdragen aan een gezonde vetstofwisseling.<\/p>\n<h2>Waarom kiezen voor Trovet HLD Hepatic?<\/h2>\n<ul>\n<li><strong>Ondersteunt de leverfunctie:<\/strong> Vermindert de belasting van de lever en bevordert de regeneratie van leverweefsel.<\/li>\n<li><strong>Rijk aan lipotrope stoffen:<\/strong> Bevat o.a. L-carnitine, lecithine en choline ter ondersteuning van de vetstofwisseling.<\/li>\n<li><strong>Geselecteerde eiwitbronnen:<\/strong> Matig eiwitgehalte van goed verteerbare kwaliteit.<\/li>\n<li><strong>Compenseert taurineverlies:<\/strong> Helpt het verhoogde verlies van taurine bij leverproblemen op te vangen.<\/li>\n<\/ul>\n<h2>Geschikt voor:<\/h2>\n<ul>\n<li>Katten met (chronische) leverinsuffici\u00ebntie<\/li>\n<li>Kittens<\/li>\n<\/ul>\n<h2>Niet geschikt voor:<\/h2>\n<ul>\n<li>Katten met leververvetting (hepatische lipidose)<\/li>\n<\/ul>\n<h2>Voedingsadvies<\/h2>\n<p>Raadpleeg v\u00f3\u00f3r gebruik altijd uw dierenarts. Zorg dat er voldoende schoon en vers drinkwater beschikbaar is.<\/p>\n<p><strong>Aanbevolen gebruiksduur:<\/strong> Aanvankelijk tot maximaal 6 maanden bij (chronische) leverinsuffici\u00ebntie. Indien verlenging wordt geadviseerd, kan <strong>Trovet HLD Hepatic<\/strong> ook langdurig als volledige dieetvoeding worden gebruikt.<\/p>","_nl_post_name":"trovet-hld-hepatic-kat","_nl_post_excerpt":"","_nl_post_title":"Trovet HLD Hepatic Kat","_en_post_content":"<h1>Trovet HLD Hepatic Cat<\/h1>\r\n<p><strong>Trovet HLD Hepatic<\/strong> is a complete dietary food for cats, specially formulated to support digestive problems and liver disorders. When organs such as the stomach, liver, pancreas or intestines do not function properly, symptoms such as reduced appetite, vomiting, diarrhea, and weight loss may occur. Trovet HLD is designed to relieve the liver and support its recovery, thanks in part to the addition of lipotropic substances such as L-carnitine, lecithin and choline, which contribute to a healthy fat metabolism.<\/p>\r\n<h2>Why choose Trovet HLD Hepatic?<\/h2>\r\n<li><strong>Supports liver function:<\/strong> Reduces the burden on the liver and promotes liver tissue regeneration.<\/li>\r\n<li><strong>Rich in lipotropic substances:<\/strong> Contains L-carnitine, lecithin and choline to support fat metabolism.<\/li>\r\n<li><strong>Selected protein sources:<\/strong> Moderate protein content of highly digestible quality.<\/li>\r\n<li><strong>Compensates taurine loss:<\/strong> Helps offset increased taurine loss associated with liver dysfunction.<\/li>\r\n<h2>Suitable for:<\/h2>\r\n<li>Cats with (chronic) liver insufficiency<\/li>\r\n<li>Kittens<\/li>\r\n<h2>Not suitable for:<\/h2>\r\n<li>Cats with hepatic lipidosis (fatty liver disease)<\/li>\r\n<h2>Feeding advice<\/h2>\r\n<p>Always consult your veterinarian before use. Make sure fresh and clean drinking water is available at all times.<\/p>\r\n<p><strong>Recommended duration of use:<\/strong> Initially up to 6 months in cases of (chronic) liver insufficiency. If extended use is recommended, <strong>Trovet HLD Hepatic<\/strong> can be used long-term as a complete dietary food.<\/p>\r\n","_en_post_name":"trovet-hld-hepatic-cat","_en_post_excerpt":"","_en_post_title":"Trovet HLD Hepatic Cat","_de_post_content":"<h1>Trovet HLD Hepatic Katze<\/h1>\r\n<p><strong>Trovet HLD Hepatic<\/strong> ist ein vollst\u00e4ndiges Di\u00e4tfuttermittel f\u00fcr Katzen, das speziell zur Unterst\u00fctzung bei Verdauungsproblemen und Lebererkrankungen entwickelt wurde. Wenn Organe wie Magen, Leber, Bauchspeicheldr\u00fcse oder Darm nicht optimal funktionieren, kann dies zu Symptomen wie Appetitlosigkeit, Erbrechen, Durchfall und Gewichtsverlust f\u00fchren. Trovet HLD ist so zusammengesetzt, dass es die Leber entlastet und bei der Regeneration unterst\u00fctzt \u2013 unter anderem durch den Zusatz lipotroper Substanzen wie L-Carnitin, Lecithin und Cholin, die den Fettstoffwechsel f\u00f6rdern.<\/p>\r\n<h2>Warum Trovet HLD Hepatic w\u00e4hlen?<\/h2>\r\n<li><strong>Unterst\u00fctzt die Leberfunktion:<\/strong> Entlastet die Leber und f\u00f6rdert die Regeneration des Lebergewebes.<\/li>\r\n<li><strong>Reich an lipotropen Substanzen:<\/strong> Enth\u00e4lt u.a. L-Carnitin, Lecithin und Cholin zur Unterst\u00fctzung des Fettstoffwechsels.<\/li>\r\n<li><strong>Ausgew\u00e4hlte Eiwei\u00dfquellen:<\/strong> Moderater Proteingehalt mit gut verdaulichen Inhaltsstoffen.<\/li>\r\n<li><strong>Kompensiert Taurinverluste:<\/strong> Hilft, erh\u00f6hte Taurinverluste bei Leberproblemen auszugleichen.<\/li>\r\n<h2>Geeignet f\u00fcr:<\/h2>\r\n<li>Katzen mit (chronischer) Leberinsuffizienz<\/li>\r\n<li>K\u00e4tzchen<\/li>\r\n<h2>Nicht geeignet f\u00fcr:<\/h2>\r\n<li>Katzen mit Fettleber (hepatische Lipidose)<\/li>\r\n<h2>F\u00fctterungsempfehlung<\/h2>\r\n<p>Konsultieren Sie vor der Anwendung stets Ihren Tierarzt. Stellen Sie sicher, dass jederzeit frisches und sauberes Trinkwasser zur Verf\u00fcgung steht.<\/p>\r\n<p><strong>Empfohlene Anwendungsdauer:<\/strong> Zun\u00e4chst bis zu 6 Monate bei (chronischer) Leberinsuffizienz. Wenn eine l\u00e4ngere Verwendung empfohlen wird, kann <strong>Trovet HLD Hepatic<\/strong> auch langfristig als vollst\u00e4ndiges Di\u00e4tfuttermittel eingesetzt werden.<\/p>\r\n","_de_post_name":"trovet-hld-hepatic-katze","_de_post_excerpt":"","_de_post_title":"Trovet HLD Hepatic Katze","_fr_post_content":"<h1>Trovet HLD Hepatic Chat<\/h1>\r\n<p><strong>Trovet HLD Hepatic<\/strong> est un aliment di\u00e9t\u00e9tique complet pour chats, sp\u00e9cialement formul\u00e9 pour soutenir les probl\u00e8mes digestifs et les maladies h\u00e9patiques. Lorsque des organes comme l'estomac, le foie, le pancr\u00e9as ou les intestins ne fonctionnent pas correctement, cela peut entra\u00eener des sympt\u00f4mes tels que perte d'app\u00e9tit, vomissements, diarrh\u00e9e et perte de poids. Trovet HLD est con\u00e7u pour soulager le foie et favoriser sa r\u00e9cup\u00e9ration gr\u00e2ce \u00e0 l'ajout de substances lipotropes telles que la L-carnitine, la l\u00e9cithine et la choline, qui contribuent \u00e0 un m\u00e9tabolisme lipidique sain.<\/p>\r\n<h2>Pourquoi choisir Trovet HLD Hepatic ?<\/h2>\r\n<li><strong>Soutient la fonction h\u00e9patique :<\/strong> R\u00e9duit la charge sur le foie et favorise la r\u00e9g\u00e9n\u00e9ration du tissu h\u00e9patique.<\/li>\r\n<li><strong>Riche en substances lipotropes :<\/strong> Contient de la L-carnitine, de la l\u00e9cithine et de la choline pour soutenir le m\u00e9tabolisme des graisses.<\/li>\r\n<li><strong>Sources de prot\u00e9ines s\u00e9lectionn\u00e9es :<\/strong> Teneur mod\u00e9r\u00e9e en prot\u00e9ines de haute digestibilit\u00e9.<\/li>\r\n<li><strong>Compense les pertes en taurine :<\/strong> Aide \u00e0 compenser les pertes accrues de taurine dues aux troubles h\u00e9patiques.<\/li>\r\n<h2>Convient pour :<\/h2>\r\n<li>Chats souffrant d'insuffisance h\u00e9patique (chronique)<\/li>\r\n<li>Chatons<\/li>\r\n<h2>Non adapt\u00e9 pour :<\/h2>\r\n<li>Chats souffrant de lipidose h\u00e9patique (foie gras)<\/li>\r\n<h2>Conseils d'alimentation<\/h2>\r\n<p>Consultez toujours votre v\u00e9t\u00e9rinaire avant utilisation. Assurez-vous que de l'eau fra\u00eeche et propre soit disponible en permanence.<\/p>\r\n<p><strong>Dur\u00e9e d'utilisation recommand\u00e9e :<\/strong> Initialement jusqu'\u00e0 6 mois en cas d'insuffisance h\u00e9patique (chronique). Si un usage prolong\u00e9 est recommand\u00e9, <strong>Trovet HLD Hepatic<\/strong> peut \u00e9galement \u00eatre utilis\u00e9 comme aliment di\u00e9t\u00e9tique complet \u00e0 long terme.<\/p>\r\n","_fr_post_name":"trovet-hld-hepatic-chat","_fr_post_excerpt":"","_fr_post_title":"Trovet HLD Hepatic Chat","_es_post_content":"Trovet HLD Hepatic Kat","_es_post_name":"trovet-hld-hepatic-kat","_es_post_excerpt":"","_es_post_title":"Trovet HLD Hepatic Kat","edit_language":"nl"},"product_brand":[],"product_cat":[1888,1118,1887,1857,2097,2353],"product_tag":[],"class_list":{"0":"post-120854","1":"product","2":"type-product","3":"status-publish","4":"has-post-thumbnail","6":"product_cat-dieetvoer","7":"product_cat-katten","8":"product_cat-kattenvoer","9":"product_cat-merken","10":"product_cat-trovet","11":"product_cat-trovet-kattenvoer","12":"pa_aandoening-overig","13":"pa_doeldier-kat","14":"pa_fabricatieland-oostenrijk","15":"pa_fabricatieland-spanje","16":"pa_merkfilter-trovet","17":"pa_merkgroep-visan","18":"pa_productsoort-voeding","19":"pa_toedieningswijze-droogvoer","20":"pa_toedieningswijze-natvoer","21":"pa_werkzamestof-overig","23":"first","24":"instock","25":"taxable","26":"shipping-taxable","27":"product-type-grouped"},"yoast_head":"<!-- This site is optimized with the Yoast SEO plugin v27.5 - https:\/\/yoast.com\/product\/yoast-seo-wordpress\/ -->\n<title>Trovet HLD Hepatic Kat - Pharmacy4pets<\/title>\n<meta name=\"robots\" content=\"index, follow, max-snippet:-1, max-image-preview:large, max-video-preview:-1\" \/>\n<link rel=\"canonical\" href=\"https:\/\/p4p-nl.bootmine.com\/%product-slug%\/trovet-hld-hepatic-kat\" \/>\n<meta property=\"og:locale\" content=\"nl_NL\" \/>\n<meta property=\"og:type\" content=\"article\" \/>\n<meta property=\"og:title\" content=\"Trovet HLD Hepatic Kat - Pharmacy4pets\" \/>\n<meta property=\"og:description\" content=\"Trovet HLD Hepatic Kat Trovet HLD Hepatic is een volledige dieetvoeding voor katten, speciaal ontwikkeld ter ondersteuning bij spijsverteringsproblemen en leveraandoeningen. Wanneer organen zoals de maag, lever, alvleesklier of darmen niet optimaal functioneren, kan dit leiden tot klachten zoals verminderde eetlust, braken, diarree en gewichtsverlies. Trovet HLD is samengesteld om de lever te ontlasten en [&hellip;]\" \/>\n<meta property=\"og:url\" content=\"https:\/\/p4p-nl.bootmine.com\/%product-slug%\/trovet-hld-hepatic-kat\" \/>\n<meta property=\"og:site_name\" content=\"Pharmacy4pets\" \/>\n<meta property=\"article:publisher\" content=\"https:\/\/www.facebook.com\/people\/Pharmacy4petsnl\/100063484989896\/\" \/>\n<meta property=\"article:modified_time\" content=\"2026-03-25T12:07:41+00:00\" \/>\n<meta property=\"og:image\" content=\"https:\/\/p4p-nl.bootmine.com\/wp-content\/uploads\/2025\/01\/Hepatic_HLD_cat_3kg_1.jpg\" \/>\n\t<meta property=\"og:image:width\" content=\"640\" \/>\n\t<meta property=\"og:image:height\" content=\"640\" \/>\n\t<meta property=\"og:image:type\" content=\"image\/jpeg\" \/>\n<meta name=\"twitter:card\" content=\"summary_large_image\" \/>\n<meta name=\"twitter:label1\" content=\"Geschatte leestijd\" \/>\n\t<meta name=\"twitter:data1\" content=\"1 minuut\" \/>\n<script type=\"application\/ld+json\" class=\"yoast-schema-graph\">{\"@context\":\"https:\\\/\\\/schema.org\",\"@graph\":[{\"@type\":\"WebPage\",\"@id\":\"https:\\\/\\\/p4p-nl.bootmine.com\\\/%product-slug%\\\/trovet-hld-hepatic-kat\",\"url\":\"https:\\\/\\\/p4p-nl.bootmine.com\\\/%product-slug%\\\/trovet-hld-hepatic-kat\",\"name\":\"Trovet HLD Hepatic Kat - Pharmacy4pets\",\"isPartOf\":{\"@id\":\"http:\\\/\\\/www.pharmacy4pets.nl\\\/#website\"},\"primaryImageOfPage\":{\"@id\":\"https:\\\/\\\/p4p-nl.bootmine.com\\\/%product-slug%\\\/trovet-hld-hepatic-kat#primaryimage\"},\"image\":{\"@id\":\"https:\\\/\\\/p4p-nl.bootmine.com\\\/%product-slug%\\\/trovet-hld-hepatic-kat#primaryimage\"},\"thumbnailUrl\":\"https:\\\/\\\/www.pharmacy4pets.nl\\\/wp-content\\\/uploads\\\/2025\\\/01\\\/Hepatic_HLD_cat_3kg_1.jpg\",\"datePublished\":\"2025-01-16T16:30:33+00:00\",\"dateModified\":\"2026-03-25T12:07:41+00:00\",\"breadcrumb\":{\"@id\":\"https:\\\/\\\/p4p-nl.bootmine.com\\\/%product-slug%\\\/trovet-hld-hepatic-kat#breadcrumb\"},\"inLanguage\":\"nl-NL\",\"potentialAction\":[{\"@type\":\"ReadAction\",\"target\":[\"https:\\\/\\\/p4p-nl.bootmine.com\\\/%product-slug%\\\/trovet-hld-hepatic-kat\"]}]},{\"@type\":\"ImageObject\",\"inLanguage\":\"nl-NL\",\"@id\":\"https:\\\/\\\/p4p-nl.bootmine.com\\\/%product-slug%\\\/trovet-hld-hepatic-kat#primaryimage\",\"url\":\"https:\\\/\\\/www.pharmacy4pets.nl\\\/wp-content\\\/uploads\\\/2025\\\/01\\\/Hepatic_HLD_cat_3kg_1.jpg\",\"contentUrl\":\"https:\\\/\\\/www.pharmacy4pets.nl\\\/wp-content\\\/uploads\\\/2025\\\/01\\\/Hepatic_HLD_cat_3kg_1.jpg\",\"width\":640,\"height\":640,\"caption\":\"Trovet HLD Hepatic\"},{\"@type\":\"BreadcrumbList\",\"@id\":\"https:\\\/\\\/p4p-nl.bootmine.com\\\/%product-slug%\\\/trovet-hld-hepatic-kat#breadcrumb\",\"itemListElement\":[{\"@type\":\"ListItem\",\"position\":1,\"name\":\"Home\",\"item\":\"https:\\\/\\\/p4p-nl.bootmine.com\\\/\"},{\"@type\":\"ListItem\",\"position\":2,\"name\":\"Winkel\",\"item\":\"https:\\\/\\\/p4p-nl.bootmine.com\\\/winkel\"},{\"@type\":\"ListItem\",\"position\":3,\"name\":\"Trovet HLD Hepatic Kat\"}]},{\"@type\":\"WebSite\",\"@id\":\"http:\\\/\\\/www.pharmacy4pets.nl\\\/#website\",\"url\":\"http:\\\/\\\/www.pharmacy4pets.nl\\\/\",\"name\":\"Pharmacy4pets\",\"description\":\"Pharmacy4pets.nl is d\u00e9 online apotheek waar u terecht kunt voor alle diergeneesmiddelen, verzorgingsproducten en dieetvoeding voor uw huisdier.\",\"publisher\":{\"@id\":\"http:\\\/\\\/www.pharmacy4pets.nl\\\/#organization\"},\"potentialAction\":[{\"@type\":\"SearchAction\",\"target\":{\"@type\":\"EntryPoint\",\"urlTemplate\":\"http:\\\/\\\/www.pharmacy4pets.nl\\\/?s={search_term_string}\"},\"query-input\":{\"@type\":\"PropertyValueSpecification\",\"valueRequired\":true,\"valueName\":\"search_term_string\"}}],\"inLanguage\":\"nl-NL\"},{\"@type\":\"Organization\",\"@id\":\"http:\\\/\\\/www.pharmacy4pets.nl\\\/#organization\",\"name\":\"Pharmacy4pets\",\"url\":\"http:\\\/\\\/www.pharmacy4pets.nl\\\/\",\"logo\":{\"@type\":\"ImageObject\",\"inLanguage\":\"nl-NL\",\"@id\":\"http:\\\/\\\/www.pharmacy4pets.nl\\\/#\\\/schema\\\/logo\\\/image\\\/\",\"url\":\"https:\\\/\\\/p4p-nl.bootmine.com\\\/wp-content\\\/uploads\\\/2026\\\/03\\\/logo-pharmacy4pets.png\",\"contentUrl\":\"https:\\\/\\\/p4p-nl.bootmine.com\\\/wp-content\\\/uploads\\\/2026\\\/03\\\/logo-pharmacy4pets.png\",\"width\":1024,\"height\":135,\"caption\":\"Pharmacy4pets\"},\"image\":{\"@id\":\"http:\\\/\\\/www.pharmacy4pets.nl\\\/#\\\/schema\\\/logo\\\/image\\\/\"},\"sameAs\":[\"https:\\\/\\\/www.facebook.com\\\/people\\\/Pharmacy4petsnl\\\/100063484989896\\\/\",\"https:\\\/\\\/www.youtube.com\\\/channel\\\/UCGPTIgucgli03tP2_kvLkHg\\\/featured\",\"https:\\\/\\\/www.instagram.com\\\/pharmacy4pets.nl\"]}]}<\/script>\n<!-- \/ Yoast SEO plugin. -->","yoast_head_json":{"title":"Trovet HLD Hepatic Kat - Pharmacy4pets","robots":{"index":"index","follow":"follow","max-snippet":"max-snippet:-1","max-image-preview":"max-image-preview:large","max-video-preview":"max-video-preview:-1"},"canonical":"https:\/\/p4p-nl.bootmine.com\/%product-slug%\/trovet-hld-hepatic-kat","og_locale":"nl_NL","og_type":"article","og_title":"Trovet HLD Hepatic Kat - Pharmacy4pets","og_description":"Trovet HLD Hepatic Kat Trovet HLD Hepatic is een volledige dieetvoeding voor katten, speciaal ontwikkeld ter ondersteuning bij spijsverteringsproblemen en leveraandoeningen. Wanneer organen zoals de maag, lever, alvleesklier of darmen niet optimaal functioneren, kan dit leiden tot klachten zoals verminderde eetlust, braken, diarree en gewichtsverlies. Trovet HLD is samengesteld om de lever te ontlasten en [&hellip;]","og_url":"https:\/\/p4p-nl.bootmine.com\/%product-slug%\/trovet-hld-hepatic-kat","og_site_name":"Pharmacy4pets","article_publisher":"https:\/\/www.facebook.com\/people\/Pharmacy4petsnl\/100063484989896\/","article_modified_time":"2026-03-25T12:07:41+00:00","og_image":[{"width":640,"height":640,"url":"https:\/\/p4p-nl.bootmine.com\/wp-content\/uploads\/2025\/01\/Hepatic_HLD_cat_3kg_1.jpg","type":"image\/jpeg"}],"twitter_card":"summary_large_image","twitter_misc":{"Geschatte leestijd":"1 minuut"},"schema":{"@context":"https:\/\/schema.org","@graph":[{"@type":"WebPage","@id":"https:\/\/p4p-nl.bootmine.com\/%product-slug%\/trovet-hld-hepatic-kat","url":"https:\/\/p4p-nl.bootmine.com\/%product-slug%\/trovet-hld-hepatic-kat","name":"Trovet HLD Hepatic Kat - Pharmacy4pets","isPartOf":{"@id":"http:\/\/www.pharmacy4pets.nl\/#website"},"primaryImageOfPage":{"@id":"https:\/\/p4p-nl.bootmine.com\/%product-slug%\/trovet-hld-hepatic-kat#primaryimage"},"image":{"@id":"https:\/\/p4p-nl.bootmine.com\/%product-slug%\/trovet-hld-hepatic-kat#primaryimage"},"thumbnailUrl":"https:\/\/www.pharmacy4pets.nl\/wp-content\/uploads\/2025\/01\/Hepatic_HLD_cat_3kg_1.jpg","datePublished":"2025-01-16T16:30:33+00:00","dateModified":"2026-03-25T12:07:41+00:00","breadcrumb":{"@id":"https:\/\/p4p-nl.bootmine.com\/%product-slug%\/trovet-hld-hepatic-kat#breadcrumb"},"inLanguage":"nl-NL","potentialAction":[{"@type":"ReadAction","target":["https:\/\/p4p-nl.bootmine.com\/%product-slug%\/trovet-hld-hepatic-kat"]}]},{"@type":"ImageObject","inLanguage":"nl-NL","@id":"https:\/\/p4p-nl.bootmine.com\/%product-slug%\/trovet-hld-hepatic-kat#primaryimage","url":"https:\/\/www.pharmacy4pets.nl\/wp-content\/uploads\/2025\/01\/Hepatic_HLD_cat_3kg_1.jpg","contentUrl":"https:\/\/www.pharmacy4pets.nl\/wp-content\/uploads\/2025\/01\/Hepatic_HLD_cat_3kg_1.jpg","width":640,"height":640,"caption":"Trovet HLD Hepatic"},{"@type":"BreadcrumbList","@id":"https:\/\/p4p-nl.bootmine.com\/%product-slug%\/trovet-hld-hepatic-kat#breadcrumb","itemListElement":[{"@type":"ListItem","position":1,"name":"Home","item":"https:\/\/p4p-nl.bootmine.com\/"},{"@type":"ListItem","position":2,"name":"Winkel","item":"https:\/\/p4p-nl.bootmine.com\/winkel"},{"@type":"ListItem","position":3,"name":"Trovet HLD Hepatic Kat"}]},{"@type":"WebSite","@id":"http:\/\/www.pharmacy4pets.nl\/#website","url":"http:\/\/www.pharmacy4pets.nl\/","name":"Pharmacy4pets","description":"Pharmacy4pets.nl is d\u00e9 online apotheek waar u terecht kunt voor alle diergeneesmiddelen, verzorgingsproducten en dieetvoeding voor uw huisdier.","publisher":{"@id":"http:\/\/www.pharmacy4pets.nl\/#organization"},"potentialAction":[{"@type":"SearchAction","target":{"@type":"EntryPoint","urlTemplate":"http:\/\/www.pharmacy4pets.nl\/?s={search_term_string}"},"query-input":{"@type":"PropertyValueSpecification","valueRequired":true,"valueName":"search_term_string"}}],"inLanguage":"nl-NL"},{"@type":"Organization","@id":"http:\/\/www.pharmacy4pets.nl\/#organization","name":"Pharmacy4pets","url":"http:\/\/www.pharmacy4pets.nl\/","logo":{"@type":"ImageObject","inLanguage":"nl-NL","@id":"http:\/\/www.pharmacy4pets.nl\/#\/schema\/logo\/image\/","url":"https:\/\/p4p-nl.bootmine.com\/wp-content\/uploads\/2026\/03\/logo-pharmacy4pets.png","contentUrl":"https:\/\/p4p-nl.bootmine.com\/wp-content\/uploads\/2026\/03\/logo-pharmacy4pets.png","width":1024,"height":135,"caption":"Pharmacy4pets"},"image":{"@id":"http:\/\/www.pharmacy4pets.nl\/#\/schema\/logo\/image\/"},"sameAs":["https:\/\/www.facebook.com\/people\/Pharmacy4petsnl\/100063484989896\/","https:\/\/www.youtube.com\/channel\/UCGPTIgucgli03tP2_kvLkHg\/featured","https:\/\/www.instagram.com\/pharmacy4pets.nl"]}]}},"market_data":{"nl":{"price":0,"sale_price":0,"active":false,"url":null,"parent_url":"","tax_rate":0,"price_inc_tax":0,"sale_price_inc_tax":0},"de":{"price":0,"sale_price":0,"active":false,"url":null,"parent_url":"","tax_rate":0,"price_inc_tax":0,"sale_price_inc_tax":0},"be":{"price":0,"sale_price":0,"active":false,"url":null,"parent_url":"","tax_rate":0,"price_inc_tax":0,"sale_price_inc_tax":0},"fr":{"price":0,"sale_price":0,"active":false,"url":null,"parent_url":"","tax_rate":0,"price_inc_tax":0,"sale_price_inc_tax":0},"ch":{"price":0,"sale_price":0,"active":false,"url":null,"parent_url":"","tax_rate":0,"price_inc_tax":0,"sale_price_inc_tax":0},"at":{"price":0,"sale_price":0,"active":false,"url":null,"parent_url":"","tax_rate":0,"price_inc_tax":0,"sale_price_inc_tax":0},"es":{"price":0,"sale_price":0,"active":false,"url":null,"parent_url":"","tax_rate":0,"price_inc_tax":0,"sale_price_inc_tax":0},"dk":{"price":0,"sale_price":0,"active":false,"url":null,"parent_url":"","tax_rate":0,"price_inc_tax":0,"sale_price_inc_tax":0},"com":{"price":0,"sale_price":0,"active":false,"url":null,"parent_url":"","tax_rate":0,"price_inc_tax":0,"sale_price_inc_tax":0}},"market_nl_price":0,"market_nl_sale_price":0,"market_nl_active":false,"market_nl_url":null,"market_nl_parent_url":"","market_nl_tax_rate":0,"market_nl_price_inc_tax":0,"market_nl_sale_price_inc_tax":0,"market_de_price":0,"market_de_sale_price":0,"market_de_active":false,"market_de_url":null,"market_de_parent_url":"","market_de_tax_rate":0,"market_de_price_inc_tax":0,"market_de_sale_price_inc_tax":0,"market_be_price":0,"market_be_sale_price":0,"market_be_active":false,"market_be_url":null,"market_be_parent_url":"","market_be_tax_rate":0,"market_be_price_inc_tax":0,"market_be_sale_price_inc_tax":0,"market_fr_price":0,"market_fr_sale_price":0,"market_fr_active":false,"market_fr_url":null,"market_fr_parent_url":"","market_fr_tax_rate":0,"market_fr_price_inc_tax":0,"market_fr_sale_price_inc_tax":0,"market_ch_price":0,"market_ch_sale_price":0,"market_ch_active":false,"market_ch_url":null,"market_ch_parent_url":"","market_ch_tax_rate":0,"market_ch_price_inc_tax":0,"market_ch_sale_price_inc_tax":0,"market_at_price":0,"market_at_sale_price":0,"market_at_active":false,"market_at_url":null,"market_at_parent_url":"","market_at_tax_rate":0,"market_at_price_inc_tax":0,"market_at_sale_price_inc_tax":0,"market_es_price":0,"market_es_sale_price":0,"market_es_active":false,"market_es_url":null,"market_es_parent_url":"","market_es_tax_rate":0,"market_es_price_inc_tax":0,"market_es_sale_price_inc_tax":0,"market_dk_price":0,"market_dk_sale_price":0,"market_dk_active":false,"market_dk_url":null,"market_dk_parent_url":"","market_dk_tax_rate":0,"market_dk_price_inc_tax":0,"market_dk_sale_price_inc_tax":0,"market_com_price":0,"market_com_sale_price":0,"market_com_active":false,"market_com_url":null,"market_com_parent_url":"","market_com_tax_rate":0,"market_com_price_inc_tax":0,"market_com_sale_price_inc_tax":0,"acf":[],"_links":{"self":[{"href":"https:\/\/www.pharmacy4pets.nl\/be\/wp-json\/wp\/v2\/product\/120854","targetHints":{"allow":["GET"]}}],"collection":[{"href":"https:\/\/www.pharmacy4pets.nl\/be\/wp-json\/wp\/v2\/product"}],"about":[{"href":"https:\/\/www.pharmacy4pets.nl\/be\/wp-json\/wp\/v2\/types\/product"}],"replies":[{"embeddable":true,"href":"https:\/\/www.pharmacy4pets.nl\/be\/wp-json\/wp\/v2\/comments?post=120854"}],"wp:featuredmedia":[{"embeddable":true,"href":"https:\/\/www.pharmacy4pets.nl\/be\/wp-json\/wp\/v2\/media\/120850"}],"wp:attachment":[{"href":"https:\/\/www.pharmacy4pets.nl\/be\/wp-json\/wp\/v2\/media?parent=120854"}],"wp:term":[{"taxonomy":"product_brand","embeddable":true,"href":"https:\/\/www.pharmacy4pets.nl\/be\/wp-json\/wp\/v2\/product_brand?post=120854"},{"taxonomy":"product_cat","embeddable":true,"href":"https:\/\/www.pharmacy4pets.nl\/be\/wp-json\/wp\/v2\/product_cat?post=120854"},{"taxonomy":"product_tag","embeddable":true,"href":"https:\/\/www.pharmacy4pets.nl\/be\/wp-json\/wp\/v2\/product_tag?post=120854"}],"curies":[{"name":"wp","href":"https:\/\/api.w.org\/{rel}","templated":true}]}}