{"id":120748,"date":"2025-01-15T16:59:13","date_gmt":"2025-01-15T16:59:13","guid":{"rendered":"https:\/\/p4p.test\/science-selective-urinary-care"},"modified":"2026-03-25T12:07:13","modified_gmt":"2026-03-25T12:07:13","slug":"science-selective-urinary-care","status":"publish","type":"product","link":"https:\/\/www.pharmacy4pets.nl\/be\/science-selective-urinary-care","title":{"rendered":"Science Selective Urinary Care | 100 gram"},"content":{"rendered":"<h1><strong>Science Selective Urinary Care<\/strong><\/h1>\n<p>Science Selective Urinary Care zijn supplementen voor konijnen, cavia\u2019s en chinchilla\u2019s. Ze zijn samengesteld om een gezond immuunsysteem te helpen ondersteunen, met reinigende paardenbloem, veenbes, echinacea en vitamine C.<\/p>\n<p>Helpt de gezondheid van de urinewegen te bevorderen bij konijnen, cavia&#8217;s en chinchilla&#8217;s, vooral bij dieren die gevoelig zijn voor:<\/p>\n<ul>\n<li>Blaasstenen of slib (urolithiasis)<\/li>\n<li>Urineweginfecties<\/li>\n<li>Nierinfecties<\/li>\n<li>Blaasontsteking<\/li>\n<\/ul>\n","protected":false},"excerpt":{"rendered":"<p>Science Selective Urinary Care Science Selective Urinary Care zijn supplementen voor konijnen, cavia\u2019s en chinchilla\u2019s. Ze zijn samengesteld om een gezond immuunsysteem te helpen ondersteunen, met reinigende paardenbloem, veenbes, echinacea en vitamine C. Helpt de gezondheid van de urinewegen te bevorderen bij konijnen, cavia&#8217;s en chinchilla&#8217;s, vooral bij dieren die gevoelig zijn voor: Blaasstenen of [&hellip;]<\/p>\n","protected":false},"featured_media":120745,"comment_status":"open","ping_status":"closed","template":"","meta":{"_acf_changed":false,"_nl_post_content":"<h1><strong>Science Selective Urinary Care<\/strong><\/h1>\r\n<p>Science Selective Urinary Care zijn supplementen voor konijnen, cavia\u2019s en chinchilla\u2019s. Ze zijn samengesteld om een gezond immuunsysteem te helpen ondersteunen, met reinigende paardenbloem, veenbes, echinacea en vitamine C.<\/p>\r\n<p>Helpt de gezondheid van de urinewegen te bevorderen bij konijnen, cavia's en chinchilla's, vooral bij dieren die gevoelig zijn voor:<\/p>\r\n<ul>\r\n<li>Blaasstenen of slib (urolithiasis)<\/li>\r\n<li>Urineweginfecties<\/li>\r\n<li>Nierinfecties<\/li>\r\n<li>Blaasontsteking<\/li>\r\n<\/ul>","_nl_post_name":"science-selective-urinary-care","_nl_post_excerpt":"","_nl_post_title":"Science Selective Urinary Care | 100 gram","_en_post_content":"<h1><strong>Science Selective Urinary Care<\/strong><\/h1>\n<p>Science Selective Urinary Care are supplements for rabbits, guinea pigs and chinchillas. They are formulated to help support a healthy immune system, with cleansing dandelion, cranberry, echinacea and vitamin C.<\/p>\n<p>Helps promote urinary tract health in rabbits, guinea pigs and chinchillas, especially in animals prone to:<\/p>\n<ul>\n<li>Bladder stones or sludge (urolithiasis)<\/li>\n<li>Urinary tract infections<\/li>\n<li>Kidney infections<\/li>\n<li>Cystitis<\/li>\n<\/ul>","_en_post_name":"science-selective-urinary-care","_en_post_excerpt":"","_en_post_title":"Science Selective Urinary Care | 100 grams","_de_post_content":"<h1><strong>Science Selective Urinary Care<\/strong><\/h1>\n<p>Science Selective Urinary Care sind Erg\u00e4nzungsfuttermittel f\u00fcr Kaninchen, Meerschweinchen und Chinchillas. Sie unterst\u00fctzen ein gesundes Immunsystem und enthalten reinigenden L\u00f6wenzahn, Cranberry, Echinacea und Vitamin C.<\/p>\n<p>Unterst\u00fctzt die Gesundheit der Harnwege bei Kaninchen, Meerschweinchen und Chinchillas, insbesondere bei Tieren, die zu folgenden Problemen neigen<\/p>\n<ul>\n<li>Blasensteine oder Blasenschlamm (Urolithiasis)<\/li>\n<li>Harnwegsinfektionen<\/li>\n<li>Niereninfektionen<\/li>\n<li>Blasenentz\u00fcndung<\/li>\n<\/ul>","_de_post_name":"science-selective-urinary-care","_de_post_excerpt":"","_de_post_title":"Science Selective Urinary Care | 100 Gramm","_fr_post_content":"<h1><strong>Science Selective Urinary Care<\/strong><\/h1>\n<p>Science Selective Urinary Care sont des compl\u00e9ments pour lapins, cochons d'Inde et chinchillas. Ils sont formul\u00e9s pour aider \u00e0 soutenir un syst\u00e8me immunitaire sain, avec du pissenlit nettoyant, de la canneberge, de l'\u00e9chinac\u00e9e et de la vitamine C.<\/p>\n<p>Aide \u00e0 promouvoir la sant\u00e9 des voies urinaires chez les lapins, les cochons d'Inde et les chinchillas, en particulier chez les animaux pr\u00e9dispos\u00e9s \u00e0 :<\/p>\n<ul>\n<li>Calculs v\u00e9sicaux ou boues (urolithiase)<\/li>\n<li>Infections des voies urinaires<\/li>\n<li>Infections r\u00e9nales<\/li>\n<li>Cystite<\/li>\n<\/ul>","_fr_post_name":"science-selective-urinary-care","_fr_post_excerpt":"","_fr_post_title":"Science Selective Urinary Care | 100 grammes","_es_post_content":"<h1><strong>Science Selective Urinary Care<\/strong><\/h1>\n<p>Science Selective Urinary Care son suplementos para conejos, cobayas y chinchillas. Est\u00e1n formulados para ayudar a mantener un sistema inmunitario sano, con diente de le\u00f3n limpiador, ar\u00e1ndano rojo, equin\u00e1cea y vitamina C.<\/p>\n<p>Ayuda a promover la salud del tracto urinario en conejos, cobayas y chinchillas, especialmente en animales propensos a:<\/p>\n<ul>\n<li>C\u00e1lculos o sedimentos en la vejiga (urolitiasis)<\/li>\n<li>Infecciones del tracto urinario<\/li>\n<li>Infecciones renales<\/li>\n<li>Cistitis<\/li>\n<\/ul>","_es_post_name":"science-selective-urinary-care","_es_post_excerpt":"","_es_post_title":"Science Selective Urinary Care | 100 gramos","edit_language":"nl"},"product_brand":[],"product_cat":[2229,2230,1825,1826,2231,1827,1857,1824,2093],"product_tag":[],"class_list":{"0":"post-120748","1":"product","2":"type-product","3":"status-publish","4":"has-post-thumbnail","6":"product_cat-cavia","7":"product_cat-caviavoer","8":"product_cat-konijnen","9":"product_cat-konijnenvoer","10":"product_cat-medicijnen-supplementen","12":"product_cat-merken","13":"product_cat-overig","14":"product_cat-science-selective","15":"pa_aandoening-overig","16":"pa_doeldier-knaagdier","17":"pa_doeldier-konijn","18":"pa_fabricatieland-uk","19":"pa_merkfilter-scienceselective","20":"pa_merkgroep-supreme","21":"pa_productsoort-voedingssupplement","22":"pa_toedieningswijze-snack","23":"pa_unit_pricing_base_measure-10g","24":"pa_unit_pricing_measure-100g","25":"pa_werkzamestof-overig","27":"first","28":"instock","29":"taxable","30":"shipping-taxable","31":"purchasable","32":"product-type-simple"},"yoast_head":"<!-- This site is optimized with the Yoast SEO plugin v27.5 - https:\/\/yoast.com\/product\/yoast-seo-wordpress\/ -->\n<title>Science Selective Urinary Care | 100 gram - Pharmacy4pets<\/title>\n<meta name=\"robots\" content=\"index, follow, max-snippet:-1, max-image-preview:large, max-video-preview:-1\" \/>\n<link rel=\"canonical\" href=\"https:\/\/p4p-nl.bootmine.com\/%product-slug%\/science-selective-urinary-care\" \/>\n<meta property=\"og:locale\" content=\"nl_NL\" \/>\n<meta property=\"og:type\" content=\"article\" \/>\n<meta property=\"og:title\" content=\"Science Selective Urinary Care | 100 gram - Pharmacy4pets\" \/>\n<meta property=\"og:description\" content=\"Science Selective Urinary Care Science Selective Urinary Care zijn supplementen voor konijnen, cavia\u2019s en chinchilla\u2019s. Ze zijn samengesteld om een gezond immuunsysteem te helpen ondersteunen, met reinigende paardenbloem, veenbes, echinacea en vitamine C. Helpt de gezondheid van de urinewegen te bevorderen bij konijnen, cavia&#8217;s en chinchilla&#8217;s, vooral bij dieren die gevoelig zijn voor: Blaasstenen of [&hellip;]\" \/>\n<meta property=\"og:url\" content=\"https:\/\/p4p-nl.bootmine.com\/%product-slug%\/science-selective-urinary-care\" \/>\n<meta property=\"og:site_name\" content=\"Pharmacy4pets\" \/>\n<meta property=\"article:publisher\" content=\"https:\/\/www.facebook.com\/people\/Pharmacy4petsnl\/100063484989896\/\" \/>\n<meta property=\"article:modified_time\" content=\"2026-03-25T12:07:13+00:00\" \/>\n<meta property=\"og:image\" content=\"https:\/\/p4p-nl.bootmine.com\/wp-content\/uploads\/2025\/01\/Science_Selective_Urinary_Care_1.jpg\" \/>\n\t<meta property=\"og:image:width\" content=\"1000\" \/>\n\t<meta property=\"og:image:height\" content=\"1000\" \/>\n\t<meta property=\"og:image:type\" content=\"image\/jpeg\" \/>\n<meta name=\"twitter:card\" content=\"summary_large_image\" \/>\n<script type=\"application\/ld+json\" class=\"yoast-schema-graph\">{\"@context\":\"https:\\\/\\\/schema.org\",\"@graph\":[{\"@type\":\"WebPage\",\"@id\":\"https:\\\/\\\/p4p-nl.bootmine.com\\\/%product-slug%\\\/science-selective-urinary-care\",\"url\":\"https:\\\/\\\/p4p-nl.bootmine.com\\\/%product-slug%\\\/science-selective-urinary-care\",\"name\":\"Science Selective Urinary Care | 100 gram - Pharmacy4pets\",\"isPartOf\":{\"@id\":\"http:\\\/\\\/www.pharmacy4pets.nl\\\/#website\"},\"primaryImageOfPage\":{\"@id\":\"https:\\\/\\\/p4p-nl.bootmine.com\\\/%product-slug%\\\/science-selective-urinary-care#primaryimage\"},\"image\":{\"@id\":\"https:\\\/\\\/p4p-nl.bootmine.com\\\/%product-slug%\\\/science-selective-urinary-care#primaryimage\"},\"thumbnailUrl\":\"https:\\\/\\\/www.pharmacy4pets.nl\\\/wp-content\\\/uploads\\\/2025\\\/01\\\/Science_Selective_Urinary_Care_1.jpg\",\"datePublished\":\"2025-01-15T16:59:13+00:00\",\"dateModified\":\"2026-03-25T12:07:13+00:00\",\"breadcrumb\":{\"@id\":\"https:\\\/\\\/p4p-nl.bootmine.com\\\/%product-slug%\\\/science-selective-urinary-care#breadcrumb\"},\"inLanguage\":\"nl-NL\",\"potentialAction\":[{\"@type\":\"ReadAction\",\"target\":[\"https:\\\/\\\/p4p-nl.bootmine.com\\\/%product-slug%\\\/science-selective-urinary-care\"]}]},{\"@type\":\"ImageObject\",\"inLanguage\":\"nl-NL\",\"@id\":\"https:\\\/\\\/p4p-nl.bootmine.com\\\/%product-slug%\\\/science-selective-urinary-care#primaryimage\",\"url\":\"https:\\\/\\\/www.pharmacy4pets.nl\\\/wp-content\\\/uploads\\\/2025\\\/01\\\/Science_Selective_Urinary_Care_1.jpg\",\"contentUrl\":\"https:\\\/\\\/www.pharmacy4pets.nl\\\/wp-content\\\/uploads\\\/2025\\\/01\\\/Science_Selective_Urinary_Care_1.jpg\",\"width\":1000,\"height\":1000,\"caption\":\"Science Selective Urinary Care\"},{\"@type\":\"BreadcrumbList\",\"@id\":\"https:\\\/\\\/p4p-nl.bootmine.com\\\/%product-slug%\\\/science-selective-urinary-care#breadcrumb\",\"itemListElement\":[{\"@type\":\"ListItem\",\"position\":1,\"name\":\"Home\",\"item\":\"https:\\\/\\\/p4p-nl.bootmine.com\\\/\"},{\"@type\":\"ListItem\",\"position\":2,\"name\":\"Winkel\",\"item\":\"https:\\\/\\\/p4p-nl.bootmine.com\\\/winkel\"},{\"@type\":\"ListItem\",\"position\":3,\"name\":\"Science Selective Urinary Care | 100 gram\"}]},{\"@type\":\"WebSite\",\"@id\":\"http:\\\/\\\/www.pharmacy4pets.nl\\\/#website\",\"url\":\"http:\\\/\\\/www.pharmacy4pets.nl\\\/\",\"name\":\"Pharmacy4pets\",\"description\":\"Pharmacy4pets.nl is d\u00e9 online apotheek waar u terecht kunt voor alle diergeneesmiddelen, verzorgingsproducten en dieetvoeding voor uw huisdier.\",\"publisher\":{\"@id\":\"http:\\\/\\\/www.pharmacy4pets.nl\\\/#organization\"},\"potentialAction\":[{\"@type\":\"SearchAction\",\"target\":{\"@type\":\"EntryPoint\",\"urlTemplate\":\"http:\\\/\\\/www.pharmacy4pets.nl\\\/?s={search_term_string}\"},\"query-input\":{\"@type\":\"PropertyValueSpecification\",\"valueRequired\":true,\"valueName\":\"search_term_string\"}}],\"inLanguage\":\"nl-NL\"},{\"@type\":\"Organization\",\"@id\":\"http:\\\/\\\/www.pharmacy4pets.nl\\\/#organization\",\"name\":\"Pharmacy4pets\",\"url\":\"http:\\\/\\\/www.pharmacy4pets.nl\\\/\",\"logo\":{\"@type\":\"ImageObject\",\"inLanguage\":\"nl-NL\",\"@id\":\"http:\\\/\\\/www.pharmacy4pets.nl\\\/#\\\/schema\\\/logo\\\/image\\\/\",\"url\":\"https:\\\/\\\/p4p-nl.bootmine.com\\\/wp-content\\\/uploads\\\/2026\\\/03\\\/logo-pharmacy4pets.png\",\"contentUrl\":\"https:\\\/\\\/p4p-nl.bootmine.com\\\/wp-content\\\/uploads\\\/2026\\\/03\\\/logo-pharmacy4pets.png\",\"width\":1024,\"height\":135,\"caption\":\"Pharmacy4pets\"},\"image\":{\"@id\":\"http:\\\/\\\/www.pharmacy4pets.nl\\\/#\\\/schema\\\/logo\\\/image\\\/\"},\"sameAs\":[\"https:\\\/\\\/www.facebook.com\\\/people\\\/Pharmacy4petsnl\\\/100063484989896\\\/\",\"https:\\\/\\\/www.youtube.com\\\/channel\\\/UCGPTIgucgli03tP2_kvLkHg\\\/featured\",\"https:\\\/\\\/www.instagram.com\\\/pharmacy4pets.nl\"]}]}<\/script>\n<!-- \/ Yoast SEO plugin. -->","yoast_head_json":{"title":"Science Selective Urinary Care | 100 gram - Pharmacy4pets","robots":{"index":"index","follow":"follow","max-snippet":"max-snippet:-1","max-image-preview":"max-image-preview:large","max-video-preview":"max-video-preview:-1"},"canonical":"https:\/\/p4p-nl.bootmine.com\/%product-slug%\/science-selective-urinary-care","og_locale":"nl_NL","og_type":"article","og_title":"Science Selective Urinary Care | 100 gram - Pharmacy4pets","og_description":"Science Selective Urinary Care Science Selective Urinary Care zijn supplementen voor konijnen, cavia\u2019s en chinchilla\u2019s. Ze zijn samengesteld om een gezond immuunsysteem te helpen ondersteunen, met reinigende paardenbloem, veenbes, echinacea en vitamine C. Helpt de gezondheid van de urinewegen te bevorderen bij konijnen, cavia&#8217;s en chinchilla&#8217;s, vooral bij dieren die gevoelig zijn voor: Blaasstenen of [&hellip;]","og_url":"https:\/\/p4p-nl.bootmine.com\/%product-slug%\/science-selective-urinary-care","og_site_name":"Pharmacy4pets","article_publisher":"https:\/\/www.facebook.com\/people\/Pharmacy4petsnl\/100063484989896\/","article_modified_time":"2026-03-25T12:07:13+00:00","og_image":[{"width":1000,"height":1000,"url":"https:\/\/p4p-nl.bootmine.com\/wp-content\/uploads\/2025\/01\/Science_Selective_Urinary_Care_1.jpg","type":"image\/jpeg"}],"twitter_card":"summary_large_image","schema":{"@context":"https:\/\/schema.org","@graph":[{"@type":"WebPage","@id":"https:\/\/p4p-nl.bootmine.com\/%product-slug%\/science-selective-urinary-care","url":"https:\/\/p4p-nl.bootmine.com\/%product-slug%\/science-selective-urinary-care","name":"Science Selective Urinary Care | 100 gram - Pharmacy4pets","isPartOf":{"@id":"http:\/\/www.pharmacy4pets.nl\/#website"},"primaryImageOfPage":{"@id":"https:\/\/p4p-nl.bootmine.com\/%product-slug%\/science-selective-urinary-care#primaryimage"},"image":{"@id":"https:\/\/p4p-nl.bootmine.com\/%product-slug%\/science-selective-urinary-care#primaryimage"},"thumbnailUrl":"https:\/\/www.pharmacy4pets.nl\/wp-content\/uploads\/2025\/01\/Science_Selective_Urinary_Care_1.jpg","datePublished":"2025-01-15T16:59:13+00:00","dateModified":"2026-03-25T12:07:13+00:00","breadcrumb":{"@id":"https:\/\/p4p-nl.bootmine.com\/%product-slug%\/science-selective-urinary-care#breadcrumb"},"inLanguage":"nl-NL","potentialAction":[{"@type":"ReadAction","target":["https:\/\/p4p-nl.bootmine.com\/%product-slug%\/science-selective-urinary-care"]}]},{"@type":"ImageObject","inLanguage":"nl-NL","@id":"https:\/\/p4p-nl.bootmine.com\/%product-slug%\/science-selective-urinary-care#primaryimage","url":"https:\/\/www.pharmacy4pets.nl\/wp-content\/uploads\/2025\/01\/Science_Selective_Urinary_Care_1.jpg","contentUrl":"https:\/\/www.pharmacy4pets.nl\/wp-content\/uploads\/2025\/01\/Science_Selective_Urinary_Care_1.jpg","width":1000,"height":1000,"caption":"Science Selective Urinary Care"},{"@type":"BreadcrumbList","@id":"https:\/\/p4p-nl.bootmine.com\/%product-slug%\/science-selective-urinary-care#breadcrumb","itemListElement":[{"@type":"ListItem","position":1,"name":"Home","item":"https:\/\/p4p-nl.bootmine.com\/"},{"@type":"ListItem","position":2,"name":"Winkel","item":"https:\/\/p4p-nl.bootmine.com\/winkel"},{"@type":"ListItem","position":3,"name":"Science Selective Urinary Care | 100 gram"}]},{"@type":"WebSite","@id":"http:\/\/www.pharmacy4pets.nl\/#website","url":"http:\/\/www.pharmacy4pets.nl\/","name":"Pharmacy4pets","description":"Pharmacy4pets.nl is d\u00e9 online apotheek waar u terecht kunt voor alle diergeneesmiddelen, verzorgingsproducten en dieetvoeding voor uw huisdier.","publisher":{"@id":"http:\/\/www.pharmacy4pets.nl\/#organization"},"potentialAction":[{"@type":"SearchAction","target":{"@type":"EntryPoint","urlTemplate":"http:\/\/www.pharmacy4pets.nl\/?s={search_term_string}"},"query-input":{"@type":"PropertyValueSpecification","valueRequired":true,"valueName":"search_term_string"}}],"inLanguage":"nl-NL"},{"@type":"Organization","@id":"http:\/\/www.pharmacy4pets.nl\/#organization","name":"Pharmacy4pets","url":"http:\/\/www.pharmacy4pets.nl\/","logo":{"@type":"ImageObject","inLanguage":"nl-NL","@id":"http:\/\/www.pharmacy4pets.nl\/#\/schema\/logo\/image\/","url":"https:\/\/p4p-nl.bootmine.com\/wp-content\/uploads\/2026\/03\/logo-pharmacy4pets.png","contentUrl":"https:\/\/p4p-nl.bootmine.com\/wp-content\/uploads\/2026\/03\/logo-pharmacy4pets.png","width":1024,"height":135,"caption":"Pharmacy4pets"},"image":{"@id":"http:\/\/www.pharmacy4pets.nl\/#\/schema\/logo\/image\/"},"sameAs":["https:\/\/www.facebook.com\/people\/Pharmacy4petsnl\/100063484989896\/","https:\/\/www.youtube.com\/channel\/UCGPTIgucgli03tP2_kvLkHg\/featured","https:\/\/www.instagram.com\/pharmacy4pets.nl"]}]}},"market_data":{"nl":{"price":0,"sale_price":0,"active":false,"url":null,"parent_url":"","tax_rate":0,"price_inc_tax":0,"sale_price_inc_tax":0},"de":{"price":0,"sale_price":0,"active":false,"url":null,"parent_url":"","tax_rate":0,"price_inc_tax":0,"sale_price_inc_tax":0},"be":{"price":0,"sale_price":0,"active":false,"url":null,"parent_url":"","tax_rate":0,"price_inc_tax":0,"sale_price_inc_tax":0},"fr":{"price":0,"sale_price":0,"active":false,"url":null,"parent_url":"","tax_rate":0,"price_inc_tax":0,"sale_price_inc_tax":0},"ch":{"price":0,"sale_price":0,"active":false,"url":null,"parent_url":"","tax_rate":0,"price_inc_tax":0,"sale_price_inc_tax":0},"at":{"price":0,"sale_price":0,"active":false,"url":null,"parent_url":"","tax_rate":0,"price_inc_tax":0,"sale_price_inc_tax":0},"es":{"price":0,"sale_price":0,"active":false,"url":null,"parent_url":"","tax_rate":0,"price_inc_tax":0,"sale_price_inc_tax":0},"dk":{"price":0,"sale_price":0,"active":false,"url":null,"parent_url":"","tax_rate":0,"price_inc_tax":0,"sale_price_inc_tax":0},"com":{"price":0,"sale_price":0,"active":false,"url":null,"parent_url":"","tax_rate":0,"price_inc_tax":0,"sale_price_inc_tax":0}},"market_nl_price":0,"market_nl_sale_price":0,"market_nl_active":false,"market_nl_url":null,"market_nl_parent_url":"","market_nl_tax_rate":0,"market_nl_price_inc_tax":0,"market_nl_sale_price_inc_tax":0,"market_de_price":0,"market_de_sale_price":0,"market_de_active":false,"market_de_url":null,"market_de_parent_url":"","market_de_tax_rate":0,"market_de_price_inc_tax":0,"market_de_sale_price_inc_tax":0,"market_be_price":0,"market_be_sale_price":0,"market_be_active":false,"market_be_url":null,"market_be_parent_url":"","market_be_tax_rate":0,"market_be_price_inc_tax":0,"market_be_sale_price_inc_tax":0,"market_fr_price":0,"market_fr_sale_price":0,"market_fr_active":false,"market_fr_url":null,"market_fr_parent_url":"","market_fr_tax_rate":0,"market_fr_price_inc_tax":0,"market_fr_sale_price_inc_tax":0,"market_ch_price":0,"market_ch_sale_price":0,"market_ch_active":false,"market_ch_url":null,"market_ch_parent_url":"","market_ch_tax_rate":0,"market_ch_price_inc_tax":0,"market_ch_sale_price_inc_tax":0,"market_at_price":0,"market_at_sale_price":0,"market_at_active":false,"market_at_url":null,"market_at_parent_url":"","market_at_tax_rate":0,"market_at_price_inc_tax":0,"market_at_sale_price_inc_tax":0,"market_es_price":0,"market_es_sale_price":0,"market_es_active":false,"market_es_url":null,"market_es_parent_url":"","market_es_tax_rate":0,"market_es_price_inc_tax":0,"market_es_sale_price_inc_tax":0,"market_dk_price":0,"market_dk_sale_price":0,"market_dk_active":false,"market_dk_url":null,"market_dk_parent_url":"","market_dk_tax_rate":0,"market_dk_price_inc_tax":0,"market_dk_sale_price_inc_tax":0,"market_com_price":0,"market_com_sale_price":0,"market_com_active":false,"market_com_url":null,"market_com_parent_url":"","market_com_tax_rate":0,"market_com_price_inc_tax":0,"market_com_sale_price_inc_tax":0,"acf":[],"_links":{"self":[{"href":"https:\/\/www.pharmacy4pets.nl\/be\/wp-json\/wp\/v2\/product\/120748","targetHints":{"allow":["GET"]}}],"collection":[{"href":"https:\/\/www.pharmacy4pets.nl\/be\/wp-json\/wp\/v2\/product"}],"about":[{"href":"https:\/\/www.pharmacy4pets.nl\/be\/wp-json\/wp\/v2\/types\/product"}],"replies":[{"embeddable":true,"href":"https:\/\/www.pharmacy4pets.nl\/be\/wp-json\/wp\/v2\/comments?post=120748"}],"wp:featuredmedia":[{"embeddable":true,"href":"https:\/\/www.pharmacy4pets.nl\/be\/wp-json\/wp\/v2\/media\/120745"}],"wp:attachment":[{"href":"https:\/\/www.pharmacy4pets.nl\/be\/wp-json\/wp\/v2\/media?parent=120748"}],"wp:term":[{"taxonomy":"product_brand","embeddable":true,"href":"https:\/\/www.pharmacy4pets.nl\/be\/wp-json\/wp\/v2\/product_brand?post=120748"},{"taxonomy":"product_cat","embeddable":true,"href":"https:\/\/www.pharmacy4pets.nl\/be\/wp-json\/wp\/v2\/product_cat?post=120748"},{"taxonomy":"product_tag","embeddable":true,"href":"https:\/\/www.pharmacy4pets.nl\/be\/wp-json\/wp\/v2\/product_tag?post=120748"}],"curies":[{"name":"wp","href":"https:\/\/api.w.org\/{rel}","templated":true}]}}