{"id":120744,"date":"2025-01-15T16:19:24","date_gmt":"2025-01-15T16:19:24","guid":{"rendered":"https:\/\/p4p.test\/science-selective-skin-coat-care"},"modified":"2026-03-25T12:07:13","modified_gmt":"2026-03-25T12:07:13","slug":"science-selective-skin-coat-care","status":"publish","type":"product","link":"https:\/\/www.pharmacy4pets.nl\/be\/science-selective-skin-coat-care","title":{"rendered":"Science Selective Skin &#038; Coat Care | 100 gram"},"content":{"rendered":"<h1>Science Selective Skin &amp; Coat Care<\/h1>\n<p>Science Selective Skin &amp; Coat Care zijn supplementen voor konijnen, cavia\u2019s en chinchilla\u2019s. Ze zijn samengesteld ter ondersteuning van een gezonde huid en een glanzende vacht, met voedzame spinazie, vitamine C, Timothy hooi en voedend lijnzaad voor Omega 3 &amp; 6.<\/p>\n<p>Helpt de gezondheid van huid en vacht te bevorderen bij konijnen, cavia&#8217;s en chinchilla&#8217;s, vooral bij diegenen die gevoelig zijn voor:<\/p>\n<ul>\n<li>Jeukende of ge\u00efrriteerde huid<\/li>\n<li>Dunner wordende vacht<\/li>\n<li>Droge, schilferige huid<\/li>\n<li>Een glansloze vacht<\/li>\n<\/ul>\n","protected":false},"excerpt":{"rendered":"<p>Science Selective Skin &amp; Coat Care Science Selective Skin &amp; Coat Care zijn supplementen voor konijnen, cavia\u2019s en chinchilla\u2019s. Ze zijn samengesteld ter ondersteuning van een gezonde huid en een glanzende vacht, met voedzame spinazie, vitamine C, Timothy hooi en voedend lijnzaad voor Omega 3 &amp; 6. Helpt de gezondheid van huid en vacht te [&hellip;]<\/p>\n","protected":false},"featured_media":120741,"comment_status":"open","ping_status":"closed","template":"","meta":{"_acf_changed":false,"_nl_post_content":"<h1>Science Selective Skin &amp; Coat Care<\/h1>\r\n<p>Science Selective Skin &amp; Coat Care zijn supplementen voor konijnen, cavia\u2019s en chinchilla\u2019s. Ze zijn samengesteld ter ondersteuning van een gezonde huid en een glanzende vacht, met voedzame spinazie, vitamine C, Timothy hooi en voedend lijnzaad voor Omega 3 &amp; 6.<\/p>\r\n<p>Helpt de gezondheid van huid en vacht te bevorderen bij konijnen, cavia's en chinchilla's, vooral bij diegenen die gevoelig zijn voor:<\/p>\r\n<ul>\r\n<li>Jeukende of ge\u00efrriteerde huid<\/li>\r\n<li>Dunner wordende vacht<\/li>\r\n<li>Droge, schilferige huid<\/li>\r\n<li>Een glansloze vacht<\/li>\r\n<\/ul>","_nl_post_name":"science-selective-skin-coat-care","_nl_post_excerpt":"","_nl_post_title":"Science Selective Skin & Coat Care | 100 gram","_en_post_content":"<h1>Science Selective Skin &amp; Coat Care<\/h1>\n<p>Science Selective Skin &amp; Coat Care are supplements for rabbits, guinea pigs and chinchillas. They are formulated to support healthy skin and shiny coat, with nutritious spinach, vitamin C, Timothy hay and nourishing flaxseed for Omega 3 &amp; 6.<\/p>\n<p>Helps promote skin and coat health in rabbits, guinea pigs and chinchillas, especially those prone to:<\/p>\n<ul>\n<li>Itchy or irritated skin<\/li>\n<li>Thinning coat<\/li>\n<li>Dry, flaky skin<\/li>\n<li>A lacklustre coat<\/li>\n<\/ul>","_en_post_name":"science-selective-skin-coat-care","_en_post_excerpt":"","_en_post_title":"Science Selective Skin & Coat Care | 100 grams","_de_post_content":"<h1>Science Selective Skin &amp; Coat Care<\/h1>\n<p>Science Selective Skin &amp; Coat Care sind Erg\u00e4nzungsfuttermittel f\u00fcr Kaninchen, Meerschweinchen und Chinchillas. Sie wurden zur Unterst\u00fctzung einer gesunden Haut und eines gl\u00e4nzenden Fells entwickelt und enthalten nahrhaften Spinat, Vitamin C, Lieschgrasheu und nahrhafte Leinsamen f\u00fcr Omega-3- und Omega-6-Fetts\u00e4uren.<\/p>\n<p>F\u00f6rdert die Gesundheit von Haut und Fell bei Kaninchen, Meerschweinchen und Chinchillas, insbesondere bei denen, die zu folgenden Problemen neigen:<\/p>\n<ul>\n<li>Juckende oder gereizte Haut<\/li>\n<li>Ausd\u00fcnnendes Fell<\/li>\n<li>Trockene, schuppige Haut<\/li>\n<li>Glanzloses Fell<\/li>\n<\/ul>","_de_post_name":"science-selective-skin-coat-care","_de_post_excerpt":"","_de_post_title":"Science Selective Skin & Coat Care | 100 Gramm","_fr_post_content":"<h1>Science Selective Skin &amp; Coat Care<\/h1>\n<p>Science Selective Skin &amp; Coat Care sont des compl\u00e9ments alimentaires pour lapins, cochons d'Inde et chinchillas. Ils sont formul\u00e9s pour favoriser une peau saine et un pelage brillant, avec des \u00e9pinards nutritifs, de la vitamine C, du foin de fl\u00e9ole des pr\u00e9s et des graines de lin nourrissantes pour les om\u00e9ga 3 et 6.<\/p>\n<p>Aide \u00e0 promouvoir la sant\u00e9 de la peau et du pelage chez les lapins, les cochons d'Inde et les chinchillas, en particulier ceux qui sont sujets \u00e0 :<\/p>\n<ul>\n<li>D\u00e9mangeaisons ou irritation de la peau<\/li>\n<li>Poil clairsem\u00e9<\/li>\n<li>Peau s\u00e8che et squameuse<\/li>\n<li>Poil terne<\/li>\n<\/ul>","_fr_post_name":"science-selective-skin-coat-care","_fr_post_excerpt":"","_fr_post_title":"Science Selective Skin & Coat Care | 100 grammes","_es_post_content":"<h1>Science Selective Skin &amp; Coat Care<\/h1>\n<p>Science Selective Skin &amp; Coat Care son suplementos para conejos, cobayas y chinchillas. Est\u00e1n formulados para favorecer una piel sana y un pelaje brillante, con espinacas nutritivas, vitamina C, heno Timothy y linaza nutritiva para Omega 3 y 6.<\/p>\n<p>Ayuda a promover la salud de la piel y el pelaje de conejos, cobayas y chinchillas, especialmente los propensos a:<\/p>\n<ul>\n<li>Picor o irritaci\u00f3n de la piel<\/li>\n<li>Pelaje ralo<\/li>\n<li>Piel seca y escamosa<\/li>\n<li>Pelaje apagado<\/li>\n<\/ul>","_es_post_name":"science-selective-skin-coat-care","_es_post_excerpt":"","_es_post_title":"Science Selective Skin & Coat Care | 100 gramos","edit_language":"nl"},"product_brand":[],"product_cat":[2229,2230,1825,1826,2231,1827,1857,1824,2093],"product_tag":[],"class_list":{"0":"post-120744","1":"product","2":"type-product","3":"status-publish","4":"has-post-thumbnail","6":"product_cat-cavia","7":"product_cat-caviavoer","8":"product_cat-konijnen","9":"product_cat-konijnenvoer","10":"product_cat-medicijnen-supplementen","12":"product_cat-merken","13":"product_cat-overig","14":"product_cat-science-selective","15":"pa_aandoening-overig","16":"pa_doeldier-knaagdier","17":"pa_doeldier-konijn","18":"pa_fabricatieland-uk","19":"pa_merkfilter-scienceselective","20":"pa_merkgroep-supreme","21":"pa_productsoort-voedingssupplement","22":"pa_toedieningswijze-snack","23":"pa_unit_pricing_base_measure-10g","24":"pa_unit_pricing_measure-100g","25":"pa_werkzamestof-overig","27":"first","28":"instock","29":"taxable","30":"shipping-taxable","31":"purchasable","32":"product-type-simple"},"yoast_head":"<!-- This site is optimized with the Yoast SEO plugin v27.5 - https:\/\/yoast.com\/product\/yoast-seo-wordpress\/ -->\n<title>Science Selective Skin &amp; Coat Care | 100 gram - Pharmacy4pets<\/title>\n<meta name=\"robots\" content=\"index, follow, max-snippet:-1, max-image-preview:large, max-video-preview:-1\" \/>\n<link rel=\"canonical\" href=\"https:\/\/p4p-nl.bootmine.com\/%product-slug%\/science-selective-skin-coat-care\" \/>\n<meta property=\"og:locale\" content=\"nl_NL\" \/>\n<meta property=\"og:type\" content=\"article\" \/>\n<meta property=\"og:title\" content=\"Science Selective Skin &amp; Coat Care | 100 gram - Pharmacy4pets\" \/>\n<meta property=\"og:description\" content=\"Science Selective Skin &amp; Coat Care Science Selective Skin &amp; Coat Care zijn supplementen voor konijnen, cavia\u2019s en chinchilla\u2019s. Ze zijn samengesteld ter ondersteuning van een gezonde huid en een glanzende vacht, met voedzame spinazie, vitamine C, Timothy hooi en voedend lijnzaad voor Omega 3 &amp; 6. Helpt de gezondheid van huid en vacht te [&hellip;]\" \/>\n<meta property=\"og:url\" content=\"https:\/\/p4p-nl.bootmine.com\/%product-slug%\/science-selective-skin-coat-care\" \/>\n<meta property=\"og:site_name\" content=\"Pharmacy4pets\" \/>\n<meta property=\"article:publisher\" content=\"https:\/\/www.facebook.com\/people\/Pharmacy4petsnl\/100063484989896\/\" \/>\n<meta property=\"article:modified_time\" content=\"2026-03-25T12:07:13+00:00\" \/>\n<meta property=\"og:image\" content=\"https:\/\/p4p-nl.bootmine.com\/wp-content\/uploads\/2025\/01\/Science_Selective_Skin__Coat_Care_1.jpg\" \/>\n\t<meta property=\"og:image:width\" content=\"1000\" \/>\n\t<meta property=\"og:image:height\" content=\"1000\" \/>\n\t<meta property=\"og:image:type\" content=\"image\/jpeg\" \/>\n<meta name=\"twitter:card\" content=\"summary_large_image\" \/>\n<script type=\"application\/ld+json\" class=\"yoast-schema-graph\">{\"@context\":\"https:\\\/\\\/schema.org\",\"@graph\":[{\"@type\":\"WebPage\",\"@id\":\"https:\\\/\\\/p4p-nl.bootmine.com\\\/%product-slug%\\\/science-selective-skin-coat-care\",\"url\":\"https:\\\/\\\/p4p-nl.bootmine.com\\\/%product-slug%\\\/science-selective-skin-coat-care\",\"name\":\"Science Selective Skin & Coat Care | 100 gram - Pharmacy4pets\",\"isPartOf\":{\"@id\":\"http:\\\/\\\/www.pharmacy4pets.nl\\\/#website\"},\"primaryImageOfPage\":{\"@id\":\"https:\\\/\\\/p4p-nl.bootmine.com\\\/%product-slug%\\\/science-selective-skin-coat-care#primaryimage\"},\"image\":{\"@id\":\"https:\\\/\\\/p4p-nl.bootmine.com\\\/%product-slug%\\\/science-selective-skin-coat-care#primaryimage\"},\"thumbnailUrl\":\"https:\\\/\\\/www.pharmacy4pets.nl\\\/wp-content\\\/uploads\\\/2025\\\/01\\\/Science_Selective_Skin__Coat_Care_1.jpg\",\"datePublished\":\"2025-01-15T16:19:24+00:00\",\"dateModified\":\"2026-03-25T12:07:13+00:00\",\"breadcrumb\":{\"@id\":\"https:\\\/\\\/p4p-nl.bootmine.com\\\/%product-slug%\\\/science-selective-skin-coat-care#breadcrumb\"},\"inLanguage\":\"nl-NL\",\"potentialAction\":[{\"@type\":\"ReadAction\",\"target\":[\"https:\\\/\\\/p4p-nl.bootmine.com\\\/%product-slug%\\\/science-selective-skin-coat-care\"]}]},{\"@type\":\"ImageObject\",\"inLanguage\":\"nl-NL\",\"@id\":\"https:\\\/\\\/p4p-nl.bootmine.com\\\/%product-slug%\\\/science-selective-skin-coat-care#primaryimage\",\"url\":\"https:\\\/\\\/www.pharmacy4pets.nl\\\/wp-content\\\/uploads\\\/2025\\\/01\\\/Science_Selective_Skin__Coat_Care_1.jpg\",\"contentUrl\":\"https:\\\/\\\/www.pharmacy4pets.nl\\\/wp-content\\\/uploads\\\/2025\\\/01\\\/Science_Selective_Skin__Coat_Care_1.jpg\",\"width\":1000,\"height\":1000,\"caption\":\"Science Selective Skin & Coat Care\"},{\"@type\":\"BreadcrumbList\",\"@id\":\"https:\\\/\\\/p4p-nl.bootmine.com\\\/%product-slug%\\\/science-selective-skin-coat-care#breadcrumb\",\"itemListElement\":[{\"@type\":\"ListItem\",\"position\":1,\"name\":\"Home\",\"item\":\"https:\\\/\\\/p4p-nl.bootmine.com\\\/\"},{\"@type\":\"ListItem\",\"position\":2,\"name\":\"Winkel\",\"item\":\"https:\\\/\\\/p4p-nl.bootmine.com\\\/winkel\"},{\"@type\":\"ListItem\",\"position\":3,\"name\":\"Science Selective Skin &#038; Coat Care | 100 gram\"}]},{\"@type\":\"WebSite\",\"@id\":\"http:\\\/\\\/www.pharmacy4pets.nl\\\/#website\",\"url\":\"http:\\\/\\\/www.pharmacy4pets.nl\\\/\",\"name\":\"Pharmacy4pets\",\"description\":\"Pharmacy4pets.nl is d\u00e9 online apotheek waar u terecht kunt voor alle diergeneesmiddelen, verzorgingsproducten en dieetvoeding voor uw huisdier.\",\"publisher\":{\"@id\":\"http:\\\/\\\/www.pharmacy4pets.nl\\\/#organization\"},\"potentialAction\":[{\"@type\":\"SearchAction\",\"target\":{\"@type\":\"EntryPoint\",\"urlTemplate\":\"http:\\\/\\\/www.pharmacy4pets.nl\\\/?s={search_term_string}\"},\"query-input\":{\"@type\":\"PropertyValueSpecification\",\"valueRequired\":true,\"valueName\":\"search_term_string\"}}],\"inLanguage\":\"nl-NL\"},{\"@type\":\"Organization\",\"@id\":\"http:\\\/\\\/www.pharmacy4pets.nl\\\/#organization\",\"name\":\"Pharmacy4pets\",\"url\":\"http:\\\/\\\/www.pharmacy4pets.nl\\\/\",\"logo\":{\"@type\":\"ImageObject\",\"inLanguage\":\"nl-NL\",\"@id\":\"http:\\\/\\\/www.pharmacy4pets.nl\\\/#\\\/schema\\\/logo\\\/image\\\/\",\"url\":\"https:\\\/\\\/p4p-nl.bootmine.com\\\/wp-content\\\/uploads\\\/2026\\\/03\\\/logo-pharmacy4pets.png\",\"contentUrl\":\"https:\\\/\\\/p4p-nl.bootmine.com\\\/wp-content\\\/uploads\\\/2026\\\/03\\\/logo-pharmacy4pets.png\",\"width\":1024,\"height\":135,\"caption\":\"Pharmacy4pets\"},\"image\":{\"@id\":\"http:\\\/\\\/www.pharmacy4pets.nl\\\/#\\\/schema\\\/logo\\\/image\\\/\"},\"sameAs\":[\"https:\\\/\\\/www.facebook.com\\\/people\\\/Pharmacy4petsnl\\\/100063484989896\\\/\",\"https:\\\/\\\/www.youtube.com\\\/channel\\\/UCGPTIgucgli03tP2_kvLkHg\\\/featured\",\"https:\\\/\\\/www.instagram.com\\\/pharmacy4pets.nl\"]}]}<\/script>\n<!-- \/ Yoast SEO plugin. -->","yoast_head_json":{"title":"Science Selective Skin & Coat Care | 100 gram - Pharmacy4pets","robots":{"index":"index","follow":"follow","max-snippet":"max-snippet:-1","max-image-preview":"max-image-preview:large","max-video-preview":"max-video-preview:-1"},"canonical":"https:\/\/p4p-nl.bootmine.com\/%product-slug%\/science-selective-skin-coat-care","og_locale":"nl_NL","og_type":"article","og_title":"Science Selective Skin & Coat Care | 100 gram - Pharmacy4pets","og_description":"Science Selective Skin &amp; Coat Care Science Selective Skin &amp; Coat Care zijn supplementen voor konijnen, cavia\u2019s en chinchilla\u2019s. Ze zijn samengesteld ter ondersteuning van een gezonde huid en een glanzende vacht, met voedzame spinazie, vitamine C, Timothy hooi en voedend lijnzaad voor Omega 3 &amp; 6. Helpt de gezondheid van huid en vacht te [&hellip;]","og_url":"https:\/\/p4p-nl.bootmine.com\/%product-slug%\/science-selective-skin-coat-care","og_site_name":"Pharmacy4pets","article_publisher":"https:\/\/www.facebook.com\/people\/Pharmacy4petsnl\/100063484989896\/","article_modified_time":"2026-03-25T12:07:13+00:00","og_image":[{"width":1000,"height":1000,"url":"https:\/\/p4p-nl.bootmine.com\/wp-content\/uploads\/2025\/01\/Science_Selective_Skin__Coat_Care_1.jpg","type":"image\/jpeg"}],"twitter_card":"summary_large_image","schema":{"@context":"https:\/\/schema.org","@graph":[{"@type":"WebPage","@id":"https:\/\/p4p-nl.bootmine.com\/%product-slug%\/science-selective-skin-coat-care","url":"https:\/\/p4p-nl.bootmine.com\/%product-slug%\/science-selective-skin-coat-care","name":"Science Selective Skin & Coat Care | 100 gram - Pharmacy4pets","isPartOf":{"@id":"http:\/\/www.pharmacy4pets.nl\/#website"},"primaryImageOfPage":{"@id":"https:\/\/p4p-nl.bootmine.com\/%product-slug%\/science-selective-skin-coat-care#primaryimage"},"image":{"@id":"https:\/\/p4p-nl.bootmine.com\/%product-slug%\/science-selective-skin-coat-care#primaryimage"},"thumbnailUrl":"https:\/\/www.pharmacy4pets.nl\/wp-content\/uploads\/2025\/01\/Science_Selective_Skin__Coat_Care_1.jpg","datePublished":"2025-01-15T16:19:24+00:00","dateModified":"2026-03-25T12:07:13+00:00","breadcrumb":{"@id":"https:\/\/p4p-nl.bootmine.com\/%product-slug%\/science-selective-skin-coat-care#breadcrumb"},"inLanguage":"nl-NL","potentialAction":[{"@type":"ReadAction","target":["https:\/\/p4p-nl.bootmine.com\/%product-slug%\/science-selective-skin-coat-care"]}]},{"@type":"ImageObject","inLanguage":"nl-NL","@id":"https:\/\/p4p-nl.bootmine.com\/%product-slug%\/science-selective-skin-coat-care#primaryimage","url":"https:\/\/www.pharmacy4pets.nl\/wp-content\/uploads\/2025\/01\/Science_Selective_Skin__Coat_Care_1.jpg","contentUrl":"https:\/\/www.pharmacy4pets.nl\/wp-content\/uploads\/2025\/01\/Science_Selective_Skin__Coat_Care_1.jpg","width":1000,"height":1000,"caption":"Science Selective Skin & Coat Care"},{"@type":"BreadcrumbList","@id":"https:\/\/p4p-nl.bootmine.com\/%product-slug%\/science-selective-skin-coat-care#breadcrumb","itemListElement":[{"@type":"ListItem","position":1,"name":"Home","item":"https:\/\/p4p-nl.bootmine.com\/"},{"@type":"ListItem","position":2,"name":"Winkel","item":"https:\/\/p4p-nl.bootmine.com\/winkel"},{"@type":"ListItem","position":3,"name":"Science Selective Skin &#038; Coat Care | 100 gram"}]},{"@type":"WebSite","@id":"http:\/\/www.pharmacy4pets.nl\/#website","url":"http:\/\/www.pharmacy4pets.nl\/","name":"Pharmacy4pets","description":"Pharmacy4pets.nl is d\u00e9 online apotheek waar u terecht kunt voor alle diergeneesmiddelen, verzorgingsproducten en dieetvoeding voor uw huisdier.","publisher":{"@id":"http:\/\/www.pharmacy4pets.nl\/#organization"},"potentialAction":[{"@type":"SearchAction","target":{"@type":"EntryPoint","urlTemplate":"http:\/\/www.pharmacy4pets.nl\/?s={search_term_string}"},"query-input":{"@type":"PropertyValueSpecification","valueRequired":true,"valueName":"search_term_string"}}],"inLanguage":"nl-NL"},{"@type":"Organization","@id":"http:\/\/www.pharmacy4pets.nl\/#organization","name":"Pharmacy4pets","url":"http:\/\/www.pharmacy4pets.nl\/","logo":{"@type":"ImageObject","inLanguage":"nl-NL","@id":"http:\/\/www.pharmacy4pets.nl\/#\/schema\/logo\/image\/","url":"https:\/\/p4p-nl.bootmine.com\/wp-content\/uploads\/2026\/03\/logo-pharmacy4pets.png","contentUrl":"https:\/\/p4p-nl.bootmine.com\/wp-content\/uploads\/2026\/03\/logo-pharmacy4pets.png","width":1024,"height":135,"caption":"Pharmacy4pets"},"image":{"@id":"http:\/\/www.pharmacy4pets.nl\/#\/schema\/logo\/image\/"},"sameAs":["https:\/\/www.facebook.com\/people\/Pharmacy4petsnl\/100063484989896\/","https:\/\/www.youtube.com\/channel\/UCGPTIgucgli03tP2_kvLkHg\/featured","https:\/\/www.instagram.com\/pharmacy4pets.nl"]}]}},"market_data":{"nl":{"price":0,"sale_price":0,"active":false,"url":null,"parent_url":"","tax_rate":0,"price_inc_tax":0,"sale_price_inc_tax":0},"de":{"price":0,"sale_price":0,"active":false,"url":null,"parent_url":"","tax_rate":0,"price_inc_tax":0,"sale_price_inc_tax":0},"be":{"price":0,"sale_price":0,"active":false,"url":null,"parent_url":"","tax_rate":0,"price_inc_tax":0,"sale_price_inc_tax":0},"fr":{"price":0,"sale_price":0,"active":false,"url":null,"parent_url":"","tax_rate":0,"price_inc_tax":0,"sale_price_inc_tax":0},"ch":{"price":0,"sale_price":0,"active":false,"url":null,"parent_url":"","tax_rate":0,"price_inc_tax":0,"sale_price_inc_tax":0},"at":{"price":0,"sale_price":0,"active":false,"url":null,"parent_url":"","tax_rate":0,"price_inc_tax":0,"sale_price_inc_tax":0},"es":{"price":0,"sale_price":0,"active":false,"url":null,"parent_url":"","tax_rate":0,"price_inc_tax":0,"sale_price_inc_tax":0},"dk":{"price":0,"sale_price":0,"active":false,"url":null,"parent_url":"","tax_rate":0,"price_inc_tax":0,"sale_price_inc_tax":0},"com":{"price":0,"sale_price":0,"active":false,"url":null,"parent_url":"","tax_rate":0,"price_inc_tax":0,"sale_price_inc_tax":0}},"market_nl_price":0,"market_nl_sale_price":0,"market_nl_active":false,"market_nl_url":null,"market_nl_parent_url":"","market_nl_tax_rate":0,"market_nl_price_inc_tax":0,"market_nl_sale_price_inc_tax":0,"market_de_price":0,"market_de_sale_price":0,"market_de_active":false,"market_de_url":null,"market_de_parent_url":"","market_de_tax_rate":0,"market_de_price_inc_tax":0,"market_de_sale_price_inc_tax":0,"market_be_price":0,"market_be_sale_price":0,"market_be_active":false,"market_be_url":null,"market_be_parent_url":"","market_be_tax_rate":0,"market_be_price_inc_tax":0,"market_be_sale_price_inc_tax":0,"market_fr_price":0,"market_fr_sale_price":0,"market_fr_active":false,"market_fr_url":null,"market_fr_parent_url":"","market_fr_tax_rate":0,"market_fr_price_inc_tax":0,"market_fr_sale_price_inc_tax":0,"market_ch_price":0,"market_ch_sale_price":0,"market_ch_active":false,"market_ch_url":null,"market_ch_parent_url":"","market_ch_tax_rate":0,"market_ch_price_inc_tax":0,"market_ch_sale_price_inc_tax":0,"market_at_price":0,"market_at_sale_price":0,"market_at_active":false,"market_at_url":null,"market_at_parent_url":"","market_at_tax_rate":0,"market_at_price_inc_tax":0,"market_at_sale_price_inc_tax":0,"market_es_price":0,"market_es_sale_price":0,"market_es_active":false,"market_es_url":null,"market_es_parent_url":"","market_es_tax_rate":0,"market_es_price_inc_tax":0,"market_es_sale_price_inc_tax":0,"market_dk_price":0,"market_dk_sale_price":0,"market_dk_active":false,"market_dk_url":null,"market_dk_parent_url":"","market_dk_tax_rate":0,"market_dk_price_inc_tax":0,"market_dk_sale_price_inc_tax":0,"market_com_price":0,"market_com_sale_price":0,"market_com_active":false,"market_com_url":null,"market_com_parent_url":"","market_com_tax_rate":0,"market_com_price_inc_tax":0,"market_com_sale_price_inc_tax":0,"acf":[],"_links":{"self":[{"href":"https:\/\/www.pharmacy4pets.nl\/be\/wp-json\/wp\/v2\/product\/120744","targetHints":{"allow":["GET"]}}],"collection":[{"href":"https:\/\/www.pharmacy4pets.nl\/be\/wp-json\/wp\/v2\/product"}],"about":[{"href":"https:\/\/www.pharmacy4pets.nl\/be\/wp-json\/wp\/v2\/types\/product"}],"replies":[{"embeddable":true,"href":"https:\/\/www.pharmacy4pets.nl\/be\/wp-json\/wp\/v2\/comments?post=120744"}],"wp:featuredmedia":[{"embeddable":true,"href":"https:\/\/www.pharmacy4pets.nl\/be\/wp-json\/wp\/v2\/media\/120741"}],"wp:attachment":[{"href":"https:\/\/www.pharmacy4pets.nl\/be\/wp-json\/wp\/v2\/media?parent=120744"}],"wp:term":[{"taxonomy":"product_brand","embeddable":true,"href":"https:\/\/www.pharmacy4pets.nl\/be\/wp-json\/wp\/v2\/product_brand?post=120744"},{"taxonomy":"product_cat","embeddable":true,"href":"https:\/\/www.pharmacy4pets.nl\/be\/wp-json\/wp\/v2\/product_cat?post=120744"},{"taxonomy":"product_tag","embeddable":true,"href":"https:\/\/www.pharmacy4pets.nl\/be\/wp-json\/wp\/v2\/product_tag?post=120744"}],"curies":[{"name":"wp","href":"https:\/\/api.w.org\/{rel}","templated":true}]}}