{"id":120734,"date":"2025-01-15T14:45:54","date_gmt":"2025-01-15T14:45:54","guid":{"rendered":"https:\/\/p4p.test\/vetericyn-senior-support"},"modified":"2026-03-25T12:07:11","modified_gmt":"2026-03-25T12:07:11","slug":"vetericyn-senior-support","status":"publish","type":"product","link":"https:\/\/www.pharmacy4pets.nl\/be\/vetericyn-senior-support","title":{"rendered":"Vetericyn All-IN 1 Senior Support | 90 tabletten"},"content":{"rendered":"<h1>Vetericyn All-IN 1 Senior Support<\/h1>\n<p>Vetericyn All-IN 1 Senior Support hondensupplementen vullen het vitale system van uw oudere hond aan met de perfecte hoeveelheid voeding. De supplementen bevatten de belangrijkste voedingsstoffen die uw hond nodig heeft in deze specifieke levensfase om de spijsvertering, cellen, botten, de mentale gezondheid en het immuunsysteem te bevorderen. De unieke formule, met maar liefst 8 patenten, zorgt ervoor dat alle ingredi\u00ebnten worden opgenomen, hierdoor wordt het welzijn van uw hond geoptimaliseerd.<\/p>\n<p><strong>Aanbevolen hoeveelheid:<\/strong><\/p>\n<p>Kleine rassen: 1 tablet per dag &#8211; 90 dagen<br \/>Middelgrote rassen: 2 tabletten per dag &#8211; 60 dagen<br \/>Grote rassen: 3 tabletten per dag &#8211; 30 dagen<\/p>\n","protected":false},"excerpt":{"rendered":"<p>Vetericyn All-IN 1 Senior Support Vetericyn All-IN 1 Senior Support hondensupplementen vullen het vitale system van uw oudere hond aan met de perfecte hoeveelheid voeding. De supplementen bevatten de belangrijkste voedingsstoffen die uw hond nodig heeft in deze specifieke levensfase om de spijsvertering, cellen, botten, de mentale gezondheid en het immuunsysteem te bevorderen. De unieke [&hellip;]<\/p>\n","protected":false},"featured_media":120731,"comment_status":"open","ping_status":"closed","template":"","meta":{"_acf_changed":false,"_nl_post_content":"<h1>Vetericyn All-IN 1 Senior Support<\/h1>\r\n<p>Vetericyn All-IN 1 Senior Support hondensupplementen vullen het vitale system van uw oudere hond aan met de perfecte hoeveelheid voeding. De supplementen bevatten de belangrijkste voedingsstoffen die uw hond nodig heeft in deze specifieke levensfase om de spijsvertering, cellen, botten, de mentale gezondheid en het immuunsysteem te bevorderen. De unieke formule, met maar liefst 8 patenten, zorgt ervoor dat alle ingredi\u00ebnten worden opgenomen, hierdoor wordt het welzijn van uw hond geoptimaliseerd.<\/p>\r\n<p><strong>Aanbevolen hoeveelheid:<\/strong><\/p>\r\n<p>Kleine rassen: 1 tablet per dag - 90 dagen<br \/>Middelgrote rassen: 2 tabletten per dag - 60 dagen<br \/>Grote rassen: 3 tabletten per dag - 30 dagen<\/p>","_nl_post_name":"vetericyn-senior-support","_nl_post_excerpt":"","_nl_post_title":"Vetericyn All-IN 1 Senior Support | 90 tabletten","_en_post_content":"<h1>Vetericyn All-IN 1 Senior Support<\/h1>\n<p>Vetericyn All-IN 1 Senior Support dog supplements supplement your older dog's vital system with the perfect amount of nutrition. The supplements contain the key nutrients your dog needs at this specific stage of life to promote digestion, cells, bones, mental health and the immune system. The unique formula, with as many as 8 patents, ensures that all ingredients are absorbed, thereby optimising your dog's well-being.<\/p>\n<p><b>Recommended amount:<\/b><\/p>\n<p>Small breeds: 1 tablet per day - 90 days<br \/>Medium breeds: 2 tablets per day - 60 days<br \/>Large breeds: 3 tablets per day - 30 days<\/p>","_en_post_name":"vetericyn-senior-support","_en_post_excerpt":"","_en_post_title":"Vetericyn All-IN 1 Senior Support | 90 tablets","_de_post_content":"<h1>Vetericyn All-IN 1 Senior Support<\/h1>\n<p>Vetericyn All-IN 1 Senior Support Nahrungserg\u00e4nzungsmittel f\u00fcr Hunde erg\u00e4nzt das lebenswichtige System Ihres \u00e4lteren Hundes mit der perfekten Menge an N\u00e4hrstoffen. Die Nahrungserg\u00e4nzungsmittel enthalten die wichtigsten N\u00e4hrstoffe, die Ihr Hund in diesem speziellen Lebensabschnitt ben\u00f6tigt, um die Verdauung, die Zellen, die Knochen, die geistige Gesundheit und das Immunsystem zu f\u00f6rdern. Die einzigartige Formel mit nicht weniger als 8 Patenten sorgt daf\u00fcr, dass alle Inhaltsstoffe absorbiert werden und so das Wohlbefinden Ihres Hundes optimiert wird.<\/p>\n<p><b>Empfohlene Menge:<\/b><\/p>\n<p>Kleine Rassen: 1 Tablette pro Tag - 90 Tage<br \/>Mittelgro\u00dfe Rassen: 2 Tabletten pro Tag - 60 Tage<br \/>Gro\u00dfe Rassen: 3 Tabletten pro Tag - 30 Tage<\/p>","_de_post_name":"vetericyn-senior-support","_de_post_excerpt":"","_de_post_title":"Vetericyn All-IN 1 Senior Support | 90 Tabletten","_fr_post_content":"<h1>Vetericyn All-IN 1 Senior Support<\/h1>\r\n<p>Vetericyn All-IN 1 Senior Support hondensupplementen vullen het vitale system van uw oudere hond aan met de perfecte hoeveelheid voeding. De supplementen bevatten de belangrijkste voedingsstoffen die uw hond nodig heeft in deze specifieke levensfase om de spijsvertering, cellen, botten, de mentale gezondheid en het immuunsysteem te bevorderen. De unieke formule, met maar liefst 8 patenten, zorgt ervoor dat alle ingredi\u00ebnten worden opgenomen, hierdoor wordt het welzijn van uw hond geoptimaliseerd.<\/p>\r\n<p><strong>Aanbevolen hoeveelheid:<\/strong><\/p>\r\n<p>Kleine rassen: 1 tablet per dag - 90 dagen<br \/>Middelgrote rassen: 2 tabletten per dag - 60 dagen<br \/>Grote rassen: 3 tabletten per dag - 30 dagen<\/p>","_fr_post_name":"vetericyn-senior-support","_fr_post_excerpt":"","_fr_post_title":"Vetericyn All-IN 1 Senior Support | 90 comprim\u00e9s","_es_post_content":"<h1>Vetericyn All-IN 1 Senior Support<\/h1>\n<p>Los suplementos para perros Vetericyn All-IN 1 Senior Support complementan el sistema vital de su perro mayor con la cantidad perfecta de nutrici\u00f3n. Los suplementos contienen los nutrientes clave que su perro necesita en esta etapa espec\u00edfica de la vida para favorecer la digesti\u00f3n, las c\u00e9lulas, los huesos, la salud mental y el sistema inmunitario. Su f\u00f3rmula \u00fanica, con nada menos que 8 patentes, garantiza la absorci\u00f3n de todos los ingredientes, optimizando as\u00ed el bienestar de su perro.<\/p>\n<p><b>Cantidad recomendada:<\/b><\/p>\n<p>Razas peque\u00f1as: 1 comprimido al d\u00eda - 90 d\u00edas<br \/>Razas medianas: 2 comprimidos al d\u00eda - 60 d\u00edas<br \/>Razas grandes: 3 comprimidos al d\u00eda - 30 d\u00edas<\/p>","_es_post_name":"vetericyn-senior-support","_es_post_excerpt":"","_es_post_title":"Vetericyn All-IN 1 Senior Support | 90 pastillas","edit_language":"nl"},"product_brand":[],"product_cat":[1117,2013,1839,1857,1962],"product_tag":[],"class_list":{"0":"post-120734","1":"product","2":"type-product","3":"status-publish","4":"has-post-thumbnail","6":"product_cat-honden","7":"product_cat-immuunsysteem-weerstand","8":"product_cat-medicijnen-supplementen","9":"product_cat-merken","10":"product_cat-vetericyn","11":"pa_aandoening-overig","12":"pa_doeldier-hond","13":"pa_fabricatieland-griekenland","14":"pa_merkfilter-vetericyn","15":"pa_merkgroep-vetericyn","16":"pa_productsoort-voedingssupplement","17":"pa_toedieningswijze-tabletten","18":"pa_unit_pricing_base_measure-1ct","19":"pa_unit_pricing_measure-90ct","20":"pa_werkzamestof-overig","22":"first","23":"instock","24":"taxable","25":"shipping-taxable","26":"purchasable","27":"product-type-simple"},"yoast_head":"<!-- This site is optimized with the Yoast SEO plugin v27.5 - https:\/\/yoast.com\/product\/yoast-seo-wordpress\/ -->\n<title>Vetericyn All-IN 1 Senior Support | 90 tabletten - Pharmacy4pets<\/title>\n<meta name=\"robots\" content=\"index, follow, max-snippet:-1, max-image-preview:large, max-video-preview:-1\" \/>\n<link rel=\"canonical\" href=\"https:\/\/p4p-nl.bootmine.com\/%product-slug%\/vetericyn-senior-support\" \/>\n<meta property=\"og:locale\" content=\"nl_NL\" \/>\n<meta property=\"og:type\" content=\"article\" \/>\n<meta property=\"og:title\" content=\"Vetericyn All-IN 1 Senior Support | 90 tabletten - Pharmacy4pets\" \/>\n<meta property=\"og:description\" content=\"Vetericyn All-IN 1 Senior Support Vetericyn All-IN 1 Senior Support hondensupplementen vullen het vitale system van uw oudere hond aan met de perfecte hoeveelheid voeding. De supplementen bevatten de belangrijkste voedingsstoffen die uw hond nodig heeft in deze specifieke levensfase om de spijsvertering, cellen, botten, de mentale gezondheid en het immuunsysteem te bevorderen. De unieke [&hellip;]\" \/>\n<meta property=\"og:url\" content=\"https:\/\/p4p-nl.bootmine.com\/%product-slug%\/vetericyn-senior-support\" \/>\n<meta property=\"og:site_name\" content=\"Pharmacy4pets\" \/>\n<meta property=\"article:publisher\" content=\"https:\/\/www.facebook.com\/people\/Pharmacy4petsnl\/100063484989896\/\" \/>\n<meta property=\"article:modified_time\" content=\"2026-03-25T12:07:11+00:00\" \/>\n<meta property=\"og:image\" content=\"https:\/\/p4p-nl.bootmine.com\/wp-content\/uploads\/2025\/01\/Vetericyn_All-IN_1_Senior_Support_1.jpg\" \/>\n\t<meta property=\"og:image:width\" content=\"1000\" \/>\n\t<meta property=\"og:image:height\" content=\"1000\" \/>\n\t<meta property=\"og:image:type\" content=\"image\/jpeg\" \/>\n<meta name=\"twitter:card\" content=\"summary_large_image\" \/>\n<script type=\"application\/ld+json\" class=\"yoast-schema-graph\">{\"@context\":\"https:\\\/\\\/schema.org\",\"@graph\":[{\"@type\":\"WebPage\",\"@id\":\"https:\\\/\\\/p4p-nl.bootmine.com\\\/%product-slug%\\\/vetericyn-senior-support\",\"url\":\"https:\\\/\\\/p4p-nl.bootmine.com\\\/%product-slug%\\\/vetericyn-senior-support\",\"name\":\"Vetericyn All-IN 1 Senior Support | 90 tabletten - Pharmacy4pets\",\"isPartOf\":{\"@id\":\"http:\\\/\\\/www.pharmacy4pets.nl\\\/#website\"},\"primaryImageOfPage\":{\"@id\":\"https:\\\/\\\/p4p-nl.bootmine.com\\\/%product-slug%\\\/vetericyn-senior-support#primaryimage\"},\"image\":{\"@id\":\"https:\\\/\\\/p4p-nl.bootmine.com\\\/%product-slug%\\\/vetericyn-senior-support#primaryimage\"},\"thumbnailUrl\":\"https:\\\/\\\/www.pharmacy4pets.nl\\\/wp-content\\\/uploads\\\/2025\\\/01\\\/Vetericyn_All-IN_1_Senior_Support_1.jpg\",\"datePublished\":\"2025-01-15T14:45:54+00:00\",\"dateModified\":\"2026-03-25T12:07:11+00:00\",\"breadcrumb\":{\"@id\":\"https:\\\/\\\/p4p-nl.bootmine.com\\\/%product-slug%\\\/vetericyn-senior-support#breadcrumb\"},\"inLanguage\":\"nl-NL\",\"potentialAction\":[{\"@type\":\"ReadAction\",\"target\":[\"https:\\\/\\\/p4p-nl.bootmine.com\\\/%product-slug%\\\/vetericyn-senior-support\"]}]},{\"@type\":\"ImageObject\",\"inLanguage\":\"nl-NL\",\"@id\":\"https:\\\/\\\/p4p-nl.bootmine.com\\\/%product-slug%\\\/vetericyn-senior-support#primaryimage\",\"url\":\"https:\\\/\\\/www.pharmacy4pets.nl\\\/wp-content\\\/uploads\\\/2025\\\/01\\\/Vetericyn_All-IN_1_Senior_Support_1.jpg\",\"contentUrl\":\"https:\\\/\\\/www.pharmacy4pets.nl\\\/wp-content\\\/uploads\\\/2025\\\/01\\\/Vetericyn_All-IN_1_Senior_Support_1.jpg\",\"width\":1000,\"height\":1000,\"caption\":\"Vetericyn All-IN 1 Senior Support\"},{\"@type\":\"BreadcrumbList\",\"@id\":\"https:\\\/\\\/p4p-nl.bootmine.com\\\/%product-slug%\\\/vetericyn-senior-support#breadcrumb\",\"itemListElement\":[{\"@type\":\"ListItem\",\"position\":1,\"name\":\"Home\",\"item\":\"https:\\\/\\\/p4p-nl.bootmine.com\\\/\"},{\"@type\":\"ListItem\",\"position\":2,\"name\":\"Winkel\",\"item\":\"https:\\\/\\\/p4p-nl.bootmine.com\\\/winkel\"},{\"@type\":\"ListItem\",\"position\":3,\"name\":\"Vetericyn All-IN 1 Senior Support | 90 tabletten\"}]},{\"@type\":\"WebSite\",\"@id\":\"http:\\\/\\\/www.pharmacy4pets.nl\\\/#website\",\"url\":\"http:\\\/\\\/www.pharmacy4pets.nl\\\/\",\"name\":\"Pharmacy4pets\",\"description\":\"Pharmacy4pets.nl is d\u00e9 online apotheek waar u terecht kunt voor alle diergeneesmiddelen, verzorgingsproducten en dieetvoeding voor uw huisdier.\",\"publisher\":{\"@id\":\"http:\\\/\\\/www.pharmacy4pets.nl\\\/#organization\"},\"potentialAction\":[{\"@type\":\"SearchAction\",\"target\":{\"@type\":\"EntryPoint\",\"urlTemplate\":\"http:\\\/\\\/www.pharmacy4pets.nl\\\/?s={search_term_string}\"},\"query-input\":{\"@type\":\"PropertyValueSpecification\",\"valueRequired\":true,\"valueName\":\"search_term_string\"}}],\"inLanguage\":\"nl-NL\"},{\"@type\":\"Organization\",\"@id\":\"http:\\\/\\\/www.pharmacy4pets.nl\\\/#organization\",\"name\":\"Pharmacy4pets\",\"url\":\"http:\\\/\\\/www.pharmacy4pets.nl\\\/\",\"logo\":{\"@type\":\"ImageObject\",\"inLanguage\":\"nl-NL\",\"@id\":\"http:\\\/\\\/www.pharmacy4pets.nl\\\/#\\\/schema\\\/logo\\\/image\\\/\",\"url\":\"https:\\\/\\\/p4p-nl.bootmine.com\\\/wp-content\\\/uploads\\\/2026\\\/03\\\/logo-pharmacy4pets.png\",\"contentUrl\":\"https:\\\/\\\/p4p-nl.bootmine.com\\\/wp-content\\\/uploads\\\/2026\\\/03\\\/logo-pharmacy4pets.png\",\"width\":1024,\"height\":135,\"caption\":\"Pharmacy4pets\"},\"image\":{\"@id\":\"http:\\\/\\\/www.pharmacy4pets.nl\\\/#\\\/schema\\\/logo\\\/image\\\/\"},\"sameAs\":[\"https:\\\/\\\/www.facebook.com\\\/people\\\/Pharmacy4petsnl\\\/100063484989896\\\/\",\"https:\\\/\\\/www.youtube.com\\\/channel\\\/UCGPTIgucgli03tP2_kvLkHg\\\/featured\",\"https:\\\/\\\/www.instagram.com\\\/pharmacy4pets.nl\"]}]}<\/script>\n<!-- \/ Yoast SEO plugin. -->","yoast_head_json":{"title":"Vetericyn All-IN 1 Senior Support | 90 tabletten - Pharmacy4pets","robots":{"index":"index","follow":"follow","max-snippet":"max-snippet:-1","max-image-preview":"max-image-preview:large","max-video-preview":"max-video-preview:-1"},"canonical":"https:\/\/p4p-nl.bootmine.com\/%product-slug%\/vetericyn-senior-support","og_locale":"nl_NL","og_type":"article","og_title":"Vetericyn All-IN 1 Senior Support | 90 tabletten - Pharmacy4pets","og_description":"Vetericyn All-IN 1 Senior Support Vetericyn All-IN 1 Senior Support hondensupplementen vullen het vitale system van uw oudere hond aan met de perfecte hoeveelheid voeding. De supplementen bevatten de belangrijkste voedingsstoffen die uw hond nodig heeft in deze specifieke levensfase om de spijsvertering, cellen, botten, de mentale gezondheid en het immuunsysteem te bevorderen. De unieke [&hellip;]","og_url":"https:\/\/p4p-nl.bootmine.com\/%product-slug%\/vetericyn-senior-support","og_site_name":"Pharmacy4pets","article_publisher":"https:\/\/www.facebook.com\/people\/Pharmacy4petsnl\/100063484989896\/","article_modified_time":"2026-03-25T12:07:11+00:00","og_image":[{"width":1000,"height":1000,"url":"https:\/\/p4p-nl.bootmine.com\/wp-content\/uploads\/2025\/01\/Vetericyn_All-IN_1_Senior_Support_1.jpg","type":"image\/jpeg"}],"twitter_card":"summary_large_image","schema":{"@context":"https:\/\/schema.org","@graph":[{"@type":"WebPage","@id":"https:\/\/p4p-nl.bootmine.com\/%product-slug%\/vetericyn-senior-support","url":"https:\/\/p4p-nl.bootmine.com\/%product-slug%\/vetericyn-senior-support","name":"Vetericyn All-IN 1 Senior Support | 90 tabletten - Pharmacy4pets","isPartOf":{"@id":"http:\/\/www.pharmacy4pets.nl\/#website"},"primaryImageOfPage":{"@id":"https:\/\/p4p-nl.bootmine.com\/%product-slug%\/vetericyn-senior-support#primaryimage"},"image":{"@id":"https:\/\/p4p-nl.bootmine.com\/%product-slug%\/vetericyn-senior-support#primaryimage"},"thumbnailUrl":"https:\/\/www.pharmacy4pets.nl\/wp-content\/uploads\/2025\/01\/Vetericyn_All-IN_1_Senior_Support_1.jpg","datePublished":"2025-01-15T14:45:54+00:00","dateModified":"2026-03-25T12:07:11+00:00","breadcrumb":{"@id":"https:\/\/p4p-nl.bootmine.com\/%product-slug%\/vetericyn-senior-support#breadcrumb"},"inLanguage":"nl-NL","potentialAction":[{"@type":"ReadAction","target":["https:\/\/p4p-nl.bootmine.com\/%product-slug%\/vetericyn-senior-support"]}]},{"@type":"ImageObject","inLanguage":"nl-NL","@id":"https:\/\/p4p-nl.bootmine.com\/%product-slug%\/vetericyn-senior-support#primaryimage","url":"https:\/\/www.pharmacy4pets.nl\/wp-content\/uploads\/2025\/01\/Vetericyn_All-IN_1_Senior_Support_1.jpg","contentUrl":"https:\/\/www.pharmacy4pets.nl\/wp-content\/uploads\/2025\/01\/Vetericyn_All-IN_1_Senior_Support_1.jpg","width":1000,"height":1000,"caption":"Vetericyn All-IN 1 Senior Support"},{"@type":"BreadcrumbList","@id":"https:\/\/p4p-nl.bootmine.com\/%product-slug%\/vetericyn-senior-support#breadcrumb","itemListElement":[{"@type":"ListItem","position":1,"name":"Home","item":"https:\/\/p4p-nl.bootmine.com\/"},{"@type":"ListItem","position":2,"name":"Winkel","item":"https:\/\/p4p-nl.bootmine.com\/winkel"},{"@type":"ListItem","position":3,"name":"Vetericyn All-IN 1 Senior Support | 90 tabletten"}]},{"@type":"WebSite","@id":"http:\/\/www.pharmacy4pets.nl\/#website","url":"http:\/\/www.pharmacy4pets.nl\/","name":"Pharmacy4pets","description":"Pharmacy4pets.nl is d\u00e9 online apotheek waar u terecht kunt voor alle diergeneesmiddelen, verzorgingsproducten en dieetvoeding voor uw huisdier.","publisher":{"@id":"http:\/\/www.pharmacy4pets.nl\/#organization"},"potentialAction":[{"@type":"SearchAction","target":{"@type":"EntryPoint","urlTemplate":"http:\/\/www.pharmacy4pets.nl\/?s={search_term_string}"},"query-input":{"@type":"PropertyValueSpecification","valueRequired":true,"valueName":"search_term_string"}}],"inLanguage":"nl-NL"},{"@type":"Organization","@id":"http:\/\/www.pharmacy4pets.nl\/#organization","name":"Pharmacy4pets","url":"http:\/\/www.pharmacy4pets.nl\/","logo":{"@type":"ImageObject","inLanguage":"nl-NL","@id":"http:\/\/www.pharmacy4pets.nl\/#\/schema\/logo\/image\/","url":"https:\/\/p4p-nl.bootmine.com\/wp-content\/uploads\/2026\/03\/logo-pharmacy4pets.png","contentUrl":"https:\/\/p4p-nl.bootmine.com\/wp-content\/uploads\/2026\/03\/logo-pharmacy4pets.png","width":1024,"height":135,"caption":"Pharmacy4pets"},"image":{"@id":"http:\/\/www.pharmacy4pets.nl\/#\/schema\/logo\/image\/"},"sameAs":["https:\/\/www.facebook.com\/people\/Pharmacy4petsnl\/100063484989896\/","https:\/\/www.youtube.com\/channel\/UCGPTIgucgli03tP2_kvLkHg\/featured","https:\/\/www.instagram.com\/pharmacy4pets.nl"]}]}},"market_data":{"nl":{"price":0,"sale_price":0,"active":false,"url":null,"parent_url":"","tax_rate":0,"price_inc_tax":0,"sale_price_inc_tax":0},"de":{"price":0,"sale_price":0,"active":false,"url":null,"parent_url":"","tax_rate":0,"price_inc_tax":0,"sale_price_inc_tax":0},"be":{"price":0,"sale_price":0,"active":false,"url":null,"parent_url":"","tax_rate":0,"price_inc_tax":0,"sale_price_inc_tax":0},"fr":{"price":0,"sale_price":0,"active":false,"url":null,"parent_url":"","tax_rate":0,"price_inc_tax":0,"sale_price_inc_tax":0},"ch":{"price":0,"sale_price":0,"active":false,"url":null,"parent_url":"","tax_rate":0,"price_inc_tax":0,"sale_price_inc_tax":0},"at":{"price":0,"sale_price":0,"active":false,"url":null,"parent_url":"","tax_rate":0,"price_inc_tax":0,"sale_price_inc_tax":0},"es":{"price":0,"sale_price":0,"active":false,"url":null,"parent_url":"","tax_rate":0,"price_inc_tax":0,"sale_price_inc_tax":0},"dk":{"price":0,"sale_price":0,"active":false,"url":null,"parent_url":"","tax_rate":0,"price_inc_tax":0,"sale_price_inc_tax":0},"com":{"price":0,"sale_price":0,"active":false,"url":null,"parent_url":"","tax_rate":0,"price_inc_tax":0,"sale_price_inc_tax":0}},"market_nl_price":0,"market_nl_sale_price":0,"market_nl_active":false,"market_nl_url":null,"market_nl_parent_url":"","market_nl_tax_rate":0,"market_nl_price_inc_tax":0,"market_nl_sale_price_inc_tax":0,"market_de_price":0,"market_de_sale_price":0,"market_de_active":false,"market_de_url":null,"market_de_parent_url":"","market_de_tax_rate":0,"market_de_price_inc_tax":0,"market_de_sale_price_inc_tax":0,"market_be_price":0,"market_be_sale_price":0,"market_be_active":false,"market_be_url":null,"market_be_parent_url":"","market_be_tax_rate":0,"market_be_price_inc_tax":0,"market_be_sale_price_inc_tax":0,"market_fr_price":0,"market_fr_sale_price":0,"market_fr_active":false,"market_fr_url":null,"market_fr_parent_url":"","market_fr_tax_rate":0,"market_fr_price_inc_tax":0,"market_fr_sale_price_inc_tax":0,"market_ch_price":0,"market_ch_sale_price":0,"market_ch_active":false,"market_ch_url":null,"market_ch_parent_url":"","market_ch_tax_rate":0,"market_ch_price_inc_tax":0,"market_ch_sale_price_inc_tax":0,"market_at_price":0,"market_at_sale_price":0,"market_at_active":false,"market_at_url":null,"market_at_parent_url":"","market_at_tax_rate":0,"market_at_price_inc_tax":0,"market_at_sale_price_inc_tax":0,"market_es_price":0,"market_es_sale_price":0,"market_es_active":false,"market_es_url":null,"market_es_parent_url":"","market_es_tax_rate":0,"market_es_price_inc_tax":0,"market_es_sale_price_inc_tax":0,"market_dk_price":0,"market_dk_sale_price":0,"market_dk_active":false,"market_dk_url":null,"market_dk_parent_url":"","market_dk_tax_rate":0,"market_dk_price_inc_tax":0,"market_dk_sale_price_inc_tax":0,"market_com_price":0,"market_com_sale_price":0,"market_com_active":false,"market_com_url":null,"market_com_parent_url":"","market_com_tax_rate":0,"market_com_price_inc_tax":0,"market_com_sale_price_inc_tax":0,"acf":[],"_links":{"self":[{"href":"https:\/\/www.pharmacy4pets.nl\/be\/wp-json\/wp\/v2\/product\/120734","targetHints":{"allow":["GET"]}}],"collection":[{"href":"https:\/\/www.pharmacy4pets.nl\/be\/wp-json\/wp\/v2\/product"}],"about":[{"href":"https:\/\/www.pharmacy4pets.nl\/be\/wp-json\/wp\/v2\/types\/product"}],"replies":[{"embeddable":true,"href":"https:\/\/www.pharmacy4pets.nl\/be\/wp-json\/wp\/v2\/comments?post=120734"}],"wp:featuredmedia":[{"embeddable":true,"href":"https:\/\/www.pharmacy4pets.nl\/be\/wp-json\/wp\/v2\/media\/120731"}],"wp:attachment":[{"href":"https:\/\/www.pharmacy4pets.nl\/be\/wp-json\/wp\/v2\/media?parent=120734"}],"wp:term":[{"taxonomy":"product_brand","embeddable":true,"href":"https:\/\/www.pharmacy4pets.nl\/be\/wp-json\/wp\/v2\/product_brand?post=120734"},{"taxonomy":"product_cat","embeddable":true,"href":"https:\/\/www.pharmacy4pets.nl\/be\/wp-json\/wp\/v2\/product_cat?post=120734"},{"taxonomy":"product_tag","embeddable":true,"href":"https:\/\/www.pharmacy4pets.nl\/be\/wp-json\/wp\/v2\/product_tag?post=120734"}],"curies":[{"name":"wp","href":"https:\/\/api.w.org\/{rel}","templated":true}]}}