{"id":120721,"date":"2025-01-14T16:45:45","date_gmt":"2025-01-14T16:45:45","guid":{"rendered":"https:\/\/p4p.test\/trixie-hart-kattenspeeltje-valeriaan"},"modified":"2026-03-25T12:07:08","modified_gmt":"2026-03-25T12:07:08","slug":"trixie-hart-kattenspeeltje-valeriaan","status":"publish","type":"product","link":"https:\/\/www.pharmacy4pets.nl\/be\/trixie-hart-kattenspeeltje-valeriaan","title":{"rendered":"Trixie hart speeltje met valeriaan | Kat | 1 stuk"},"content":{"rendered":"<h1>Trixie hart speeltje met valeriaan<\/h1>\n<p>Verwen uw kat met dit Trixie hart speeltje met belletje. Het hartje werkt aansporend en spel-stimulerend door middel van valeriaan. Het kattenspeeltje is gemaakt van vilt\/stof en heeft een afmeting van 11 cm.<\/p>\n<p>Helaas is keuze in kleur niet mogelijk, er zal willekeurig een kleur aan uw bestelling worden toegevoegd.<\/p>\n","protected":false},"excerpt":{"rendered":"<p>Trixie hart speeltje met valeriaan Verwen uw kat met dit Trixie hart speeltje met belletje. Het hartje werkt aansporend en spel-stimulerend door middel van valeriaan. Het kattenspeeltje is gemaakt van vilt\/stof en heeft een afmeting van 11 cm. Helaas is keuze in kleur niet mogelijk, er zal willekeurig een kleur aan uw bestelling worden toegevoegd.<\/p>\n","protected":false},"featured_media":120716,"comment_status":"open","ping_status":"closed","template":"","meta":{"_acf_changed":false,"_nl_post_content":"<h1>Trixie hart speeltje met valeriaan<\/h1>\n<p>Verwen uw kat met dit Trixie hart speeltje met belletje. Het hartje werkt aansporend en spel-stimulerend door middel van valeriaan. Het kattenspeeltje is gemaakt van vilt\/stof en heeft een afmeting van 11 cm.<\/p>\n<p>Helaas is keuze in kleur niet mogelijk, er zal willekeurig een kleur aan uw bestelling worden toegevoegd.<\/p>","_nl_post_name":"trixie-hart-kattenspeeltje-valeriaan","_nl_post_excerpt":"","_nl_post_title":"Trixie hart speeltje met valeriaan | Kat | 1 stuk","_en_post_content":"<h1>Trixie heart toy with valerian<\/h1>\n<p>Pamper your cat with this Trixie heart toy with bell. The heart has a stimulating and play-stimulating effect thanks to valerian. The cat toy is made of felt\/fabric and measures 11 cm.<\/p>\n<p>Unfortunately choice of colour is not possible, a colour will be randomly added to your order.<\/p>","_en_post_name":"trixie-heart-cat-toy-valerian","_en_post_excerpt":"","_en_post_title":"Trixie heart toy with valerian | Cat | 1 piece","_de_post_content":"<h1>Trixie Herzspielzeug mit Baldrian<\/h1>\n<p>Verw\u00f6hnen Sie Ihre Katze mit diesem Trixie Herzspielzeug mit Glocke. Das Herz hat dank Baldrian eine stimulierende und spielanregende Wirkung. Das Katzenspielzeug ist aus Filz\/Stoff gefertigt und misst 11 cm.<\/p>\n<p>Eine Farbwahl ist leider nicht m\u00f6glich, eine Farbe wird Ihrer Bestellung nach dem Zufallsprinzip hinzugef\u00fcgt.<\/p>","_de_post_name":"trixie-herz-katzenspielzeug-baldrian","_de_post_excerpt":"","_de_post_title":"Trixie Herzspielzeug mit Baldrian | Katze | 1 St\u00fcck","_fr_post_content":"<h1>Trixie jouet en forme de coeur avec val\u00e9riane<\/h1>\n<p>Chouchoutez votre chat avec ce jouet Trixie en forme de c\u0153ur avec clochette. Le c\u0153ur a un effet stimulant et ludique gr\u00e2ce \u00e0 la val\u00e9riane. Le jouet pour chat est en feutre\/tissu et mesure 11 cm.<\/p>\n<p>Le choix de la couleur n'est malheureusement pas possible, une couleur sera ajout\u00e9e au hasard \u00e0 votre commande.<\/p>","_fr_post_name":"trixie-coeur-jouet-chat-valeriane","_fr_post_excerpt":"","_fr_post_title":"Trixie jouet en forme de coeur avec val\u00e9riane | Chat | 1 pi\u00e8ce","_es_post_content":"<h1>Trixie juguete coraz\u00f3n con valeriana<\/h1>\n<p>Mime a su gato con este juguete Trixie de coraz\u00f3n con cascabel. El coraz\u00f3n tiene un efecto estimulante y de juego gracias a la valeriana. El juguete para gatos est\u00e1 hecho de fieltro\/tela y mide 11 cm.<\/p>\n<p>Lamentablemente no es posible elegir el color, se a\u00f1adir\u00e1 un color al azar a su pedido.<\/p>","_es_post_name":"trixie-corazon-juguete-gatos-valeriana","_es_post_excerpt":"","_es_post_title":"Trixie juguete coraz\u00f3n con valeriana | Gato | 1 pieza","edit_language":"nl"},"product_brand":[],"product_cat":[1891,1118,1895,1857,1959],"product_tag":[],"class_list":{"0":"post-120721","1":"product","2":"type-product","3":"status-publish","4":"has-post-thumbnail","6":"product_cat-benodigdheden","7":"product_cat-katten","8":"product_cat-kattenspeelgoed","9":"product_cat-merken","10":"product_cat-trixie","11":"pa_aandoening-overig","12":"pa_doeldier-kat","13":"pa_fabricatieland-duitsland","14":"pa_merkfilter-trixie","15":"pa_merkgroep-trixie","16":"pa_productsoort-overig","17":"pa_toedieningswijze-speelgoed","18":"pa_unit_pricing_base_measure-1ct","19":"pa_unit_pricing_measure-1ct","20":"pa_werkzamestof-overig","22":"first","23":"instock","24":"taxable","25":"shipping-taxable","26":"purchasable","27":"product-type-simple"},"yoast_head":"<!-- This site is optimized with the Yoast SEO plugin v27.5 - https:\/\/yoast.com\/product\/yoast-seo-wordpress\/ -->\n<title>Trixie hart speeltje met valeriaan | Kat | 1 stuk - Pharmacy4pets<\/title>\n<meta name=\"robots\" content=\"index, follow, max-snippet:-1, max-image-preview:large, max-video-preview:-1\" \/>\n<link rel=\"canonical\" href=\"https:\/\/www.pharmacy4pets.nl\/be\/trixie-hart-kattenspeeltje-valeriaan\" \/>\n<meta property=\"og:locale\" content=\"nl_NL\" \/>\n<meta property=\"og:type\" content=\"article\" \/>\n<meta property=\"og:title\" content=\"Trixie hart speeltje met valeriaan | Kat | 1 stuk - Pharmacy4pets\" \/>\n<meta property=\"og:description\" content=\"Trixie hart speeltje met valeriaan Verwen uw kat met dit Trixie hart speeltje met belletje. Het hartje werkt aansporend en spel-stimulerend door middel van valeriaan. Het kattenspeeltje is gemaakt van vilt\/stof en heeft een afmeting van 11 cm. Helaas is keuze in kleur niet mogelijk, er zal willekeurig een kleur aan uw bestelling worden toegevoegd.\" \/>\n<meta property=\"og:url\" content=\"https:\/\/www.pharmacy4pets.nl\/be\/trixie-hart-kattenspeeltje-valeriaan\" \/>\n<meta property=\"og:site_name\" content=\"Pharmacy4pets\" \/>\n<meta property=\"article:publisher\" content=\"https:\/\/www.facebook.com\/people\/Pharmacy4petsnl\/100063484989896\/\" \/>\n<meta property=\"article:modified_time\" content=\"2026-03-25T12:07:08+00:00\" \/>\n<meta property=\"og:image\" content=\"https:\/\/www.pharmacy4pets.nl\/wp-content\/uploads\/2025\/01\/Trixie_hart_1.jpg\" \/>\n\t<meta property=\"og:image:width\" content=\"640\" \/>\n\t<meta property=\"og:image:height\" content=\"640\" \/>\n\t<meta property=\"og:image:type\" content=\"image\/jpeg\" \/>\n<meta name=\"twitter:card\" content=\"summary_large_image\" \/>\n<script type=\"application\/ld+json\" class=\"yoast-schema-graph\">{\"@context\":\"https:\\\/\\\/schema.org\",\"@graph\":[{\"@type\":\"WebPage\",\"@id\":\"https:\\\/\\\/www.pharmacy4pets.nl\\\/be\\\/trixie-hart-kattenspeeltje-valeriaan\",\"url\":\"https:\\\/\\\/www.pharmacy4pets.nl\\\/be\\\/trixie-hart-kattenspeeltje-valeriaan\",\"name\":\"Trixie hart speeltje met valeriaan | Kat | 1 stuk - Pharmacy4pets\",\"isPartOf\":{\"@id\":\"http:\\\/\\\/www.pharmacy4pets.nl\\\/#website\"},\"primaryImageOfPage\":{\"@id\":\"https:\\\/\\\/www.pharmacy4pets.nl\\\/be\\\/trixie-hart-kattenspeeltje-valeriaan#primaryimage\"},\"image\":{\"@id\":\"https:\\\/\\\/www.pharmacy4pets.nl\\\/be\\\/trixie-hart-kattenspeeltje-valeriaan#primaryimage\"},\"thumbnailUrl\":\"https:\\\/\\\/www.pharmacy4pets.nl\\\/wp-content\\\/uploads\\\/2025\\\/01\\\/Trixie_hart_1.jpg\",\"datePublished\":\"2025-01-14T16:45:45+00:00\",\"dateModified\":\"2026-03-25T12:07:08+00:00\",\"breadcrumb\":{\"@id\":\"https:\\\/\\\/www.pharmacy4pets.nl\\\/be\\\/trixie-hart-kattenspeeltje-valeriaan#breadcrumb\"},\"inLanguage\":\"nl-NL\",\"potentialAction\":[{\"@type\":\"ReadAction\",\"target\":[\"https:\\\/\\\/www.pharmacy4pets.nl\\\/be\\\/trixie-hart-kattenspeeltje-valeriaan\"]}]},{\"@type\":\"ImageObject\",\"inLanguage\":\"nl-NL\",\"@id\":\"https:\\\/\\\/www.pharmacy4pets.nl\\\/be\\\/trixie-hart-kattenspeeltje-valeriaan#primaryimage\",\"url\":\"https:\\\/\\\/www.pharmacy4pets.nl\\\/wp-content\\\/uploads\\\/2025\\\/01\\\/Trixie_hart_1.jpg\",\"contentUrl\":\"https:\\\/\\\/www.pharmacy4pets.nl\\\/wp-content\\\/uploads\\\/2025\\\/01\\\/Trixie_hart_1.jpg\",\"width\":640,\"height\":640,\"caption\":\"Trixie\"},{\"@type\":\"BreadcrumbList\",\"@id\":\"https:\\\/\\\/www.pharmacy4pets.nl\\\/be\\\/trixie-hart-kattenspeeltje-valeriaan#breadcrumb\",\"itemListElement\":[{\"@type\":\"ListItem\",\"position\":1,\"name\":\"Home\",\"item\":\"https:\\\/\\\/p4p-nl.bootmine.com\\\/\"},{\"@type\":\"ListItem\",\"position\":2,\"name\":\"Winkel\",\"item\":\"https:\\\/\\\/p4p-nl.bootmine.com\\\/winkel\"},{\"@type\":\"ListItem\",\"position\":3,\"name\":\"Trixie hart speeltje met valeriaan | Kat | 1 stuk\"}]},{\"@type\":\"WebSite\",\"@id\":\"http:\\\/\\\/www.pharmacy4pets.nl\\\/#website\",\"url\":\"http:\\\/\\\/www.pharmacy4pets.nl\\\/\",\"name\":\"Pharmacy4pets\",\"description\":\"Pharmacy4pets.nl is d\u00e9 online apotheek waar u terecht kunt voor alle diergeneesmiddelen, verzorgingsproducten en dieetvoeding voor uw huisdier.\",\"publisher\":{\"@id\":\"http:\\\/\\\/www.pharmacy4pets.nl\\\/#organization\"},\"potentialAction\":[{\"@type\":\"SearchAction\",\"target\":{\"@type\":\"EntryPoint\",\"urlTemplate\":\"http:\\\/\\\/www.pharmacy4pets.nl\\\/?s={search_term_string}\"},\"query-input\":{\"@type\":\"PropertyValueSpecification\",\"valueRequired\":true,\"valueName\":\"search_term_string\"}}],\"inLanguage\":\"nl-NL\"},{\"@type\":\"Organization\",\"@id\":\"http:\\\/\\\/www.pharmacy4pets.nl\\\/#organization\",\"name\":\"Pharmacy4pets\",\"url\":\"http:\\\/\\\/www.pharmacy4pets.nl\\\/\",\"logo\":{\"@type\":\"ImageObject\",\"inLanguage\":\"nl-NL\",\"@id\":\"http:\\\/\\\/www.pharmacy4pets.nl\\\/#\\\/schema\\\/logo\\\/image\\\/\",\"url\":\"https:\\\/\\\/p4p-nl.bootmine.com\\\/wp-content\\\/uploads\\\/2026\\\/03\\\/logo-pharmacy4pets.png\",\"contentUrl\":\"https:\\\/\\\/p4p-nl.bootmine.com\\\/wp-content\\\/uploads\\\/2026\\\/03\\\/logo-pharmacy4pets.png\",\"width\":1024,\"height\":135,\"caption\":\"Pharmacy4pets\"},\"image\":{\"@id\":\"http:\\\/\\\/www.pharmacy4pets.nl\\\/#\\\/schema\\\/logo\\\/image\\\/\"},\"sameAs\":[\"https:\\\/\\\/www.facebook.com\\\/people\\\/Pharmacy4petsnl\\\/100063484989896\\\/\",\"https:\\\/\\\/www.youtube.com\\\/channel\\\/UCGPTIgucgli03tP2_kvLkHg\\\/featured\",\"https:\\\/\\\/www.instagram.com\\\/pharmacy4pets.nl\"]}]}<\/script>\n<!-- \/ Yoast SEO plugin. -->","yoast_head_json":{"title":"Trixie hart speeltje met valeriaan | Kat | 1 stuk - Pharmacy4pets","robots":{"index":"index","follow":"follow","max-snippet":"max-snippet:-1","max-image-preview":"max-image-preview:large","max-video-preview":"max-video-preview:-1"},"canonical":"https:\/\/www.pharmacy4pets.nl\/be\/trixie-hart-kattenspeeltje-valeriaan","og_locale":"nl_NL","og_type":"article","og_title":"Trixie hart speeltje met valeriaan | Kat | 1 stuk - Pharmacy4pets","og_description":"Trixie hart speeltje met valeriaan Verwen uw kat met dit Trixie hart speeltje met belletje. Het hartje werkt aansporend en spel-stimulerend door middel van valeriaan. Het kattenspeeltje is gemaakt van vilt\/stof en heeft een afmeting van 11 cm. Helaas is keuze in kleur niet mogelijk, er zal willekeurig een kleur aan uw bestelling worden toegevoegd.","og_url":"https:\/\/www.pharmacy4pets.nl\/be\/trixie-hart-kattenspeeltje-valeriaan","og_site_name":"Pharmacy4pets","article_publisher":"https:\/\/www.facebook.com\/people\/Pharmacy4petsnl\/100063484989896\/","article_modified_time":"2026-03-25T12:07:08+00:00","og_image":[{"width":640,"height":640,"url":"https:\/\/www.pharmacy4pets.nl\/wp-content\/uploads\/2025\/01\/Trixie_hart_1.jpg","type":"image\/jpeg"}],"twitter_card":"summary_large_image","schema":{"@context":"https:\/\/schema.org","@graph":[{"@type":"WebPage","@id":"https:\/\/www.pharmacy4pets.nl\/be\/trixie-hart-kattenspeeltje-valeriaan","url":"https:\/\/www.pharmacy4pets.nl\/be\/trixie-hart-kattenspeeltje-valeriaan","name":"Trixie hart speeltje met valeriaan | Kat | 1 stuk - Pharmacy4pets","isPartOf":{"@id":"http:\/\/www.pharmacy4pets.nl\/#website"},"primaryImageOfPage":{"@id":"https:\/\/www.pharmacy4pets.nl\/be\/trixie-hart-kattenspeeltje-valeriaan#primaryimage"},"image":{"@id":"https:\/\/www.pharmacy4pets.nl\/be\/trixie-hart-kattenspeeltje-valeriaan#primaryimage"},"thumbnailUrl":"https:\/\/www.pharmacy4pets.nl\/wp-content\/uploads\/2025\/01\/Trixie_hart_1.jpg","datePublished":"2025-01-14T16:45:45+00:00","dateModified":"2026-03-25T12:07:08+00:00","breadcrumb":{"@id":"https:\/\/www.pharmacy4pets.nl\/be\/trixie-hart-kattenspeeltje-valeriaan#breadcrumb"},"inLanguage":"nl-NL","potentialAction":[{"@type":"ReadAction","target":["https:\/\/www.pharmacy4pets.nl\/be\/trixie-hart-kattenspeeltje-valeriaan"]}]},{"@type":"ImageObject","inLanguage":"nl-NL","@id":"https:\/\/www.pharmacy4pets.nl\/be\/trixie-hart-kattenspeeltje-valeriaan#primaryimage","url":"https:\/\/www.pharmacy4pets.nl\/wp-content\/uploads\/2025\/01\/Trixie_hart_1.jpg","contentUrl":"https:\/\/www.pharmacy4pets.nl\/wp-content\/uploads\/2025\/01\/Trixie_hart_1.jpg","width":640,"height":640,"caption":"Trixie"},{"@type":"BreadcrumbList","@id":"https:\/\/www.pharmacy4pets.nl\/be\/trixie-hart-kattenspeeltje-valeriaan#breadcrumb","itemListElement":[{"@type":"ListItem","position":1,"name":"Home","item":"https:\/\/p4p-nl.bootmine.com\/"},{"@type":"ListItem","position":2,"name":"Winkel","item":"https:\/\/p4p-nl.bootmine.com\/winkel"},{"@type":"ListItem","position":3,"name":"Trixie hart speeltje met valeriaan | Kat | 1 stuk"}]},{"@type":"WebSite","@id":"http:\/\/www.pharmacy4pets.nl\/#website","url":"http:\/\/www.pharmacy4pets.nl\/","name":"Pharmacy4pets","description":"Pharmacy4pets.nl is d\u00e9 online apotheek waar u terecht kunt voor alle diergeneesmiddelen, verzorgingsproducten en dieetvoeding voor uw huisdier.","publisher":{"@id":"http:\/\/www.pharmacy4pets.nl\/#organization"},"potentialAction":[{"@type":"SearchAction","target":{"@type":"EntryPoint","urlTemplate":"http:\/\/www.pharmacy4pets.nl\/?s={search_term_string}"},"query-input":{"@type":"PropertyValueSpecification","valueRequired":true,"valueName":"search_term_string"}}],"inLanguage":"nl-NL"},{"@type":"Organization","@id":"http:\/\/www.pharmacy4pets.nl\/#organization","name":"Pharmacy4pets","url":"http:\/\/www.pharmacy4pets.nl\/","logo":{"@type":"ImageObject","inLanguage":"nl-NL","@id":"http:\/\/www.pharmacy4pets.nl\/#\/schema\/logo\/image\/","url":"https:\/\/p4p-nl.bootmine.com\/wp-content\/uploads\/2026\/03\/logo-pharmacy4pets.png","contentUrl":"https:\/\/p4p-nl.bootmine.com\/wp-content\/uploads\/2026\/03\/logo-pharmacy4pets.png","width":1024,"height":135,"caption":"Pharmacy4pets"},"image":{"@id":"http:\/\/www.pharmacy4pets.nl\/#\/schema\/logo\/image\/"},"sameAs":["https:\/\/www.facebook.com\/people\/Pharmacy4petsnl\/100063484989896\/","https:\/\/www.youtube.com\/channel\/UCGPTIgucgli03tP2_kvLkHg\/featured","https:\/\/www.instagram.com\/pharmacy4pets.nl"]}]}},"market_data":{"nl":{"price":0,"sale_price":0,"active":false,"url":null,"parent_url":"","tax_rate":0,"price_inc_tax":0,"sale_price_inc_tax":0},"de":{"price":0,"sale_price":0,"active":false,"url":null,"parent_url":"","tax_rate":0,"price_inc_tax":0,"sale_price_inc_tax":0},"be":{"price":0,"sale_price":0,"active":false,"url":null,"parent_url":"","tax_rate":0,"price_inc_tax":0,"sale_price_inc_tax":0},"fr":{"price":0,"sale_price":0,"active":false,"url":null,"parent_url":"","tax_rate":0,"price_inc_tax":0,"sale_price_inc_tax":0},"ch":{"price":0,"sale_price":0,"active":false,"url":null,"parent_url":"","tax_rate":0,"price_inc_tax":0,"sale_price_inc_tax":0},"at":{"price":0,"sale_price":0,"active":false,"url":null,"parent_url":"","tax_rate":0,"price_inc_tax":0,"sale_price_inc_tax":0},"es":{"price":0,"sale_price":0,"active":false,"url":null,"parent_url":"","tax_rate":0,"price_inc_tax":0,"sale_price_inc_tax":0},"dk":{"price":0,"sale_price":0,"active":false,"url":null,"parent_url":"","tax_rate":0,"price_inc_tax":0,"sale_price_inc_tax":0},"com":{"price":0,"sale_price":0,"active":false,"url":null,"parent_url":"","tax_rate":0,"price_inc_tax":0,"sale_price_inc_tax":0}},"market_nl_price":0,"market_nl_sale_price":0,"market_nl_active":false,"market_nl_url":null,"market_nl_parent_url":"","market_nl_tax_rate":0,"market_nl_price_inc_tax":0,"market_nl_sale_price_inc_tax":0,"market_de_price":0,"market_de_sale_price":0,"market_de_active":false,"market_de_url":null,"market_de_parent_url":"","market_de_tax_rate":0,"market_de_price_inc_tax":0,"market_de_sale_price_inc_tax":0,"market_be_price":0,"market_be_sale_price":0,"market_be_active":false,"market_be_url":null,"market_be_parent_url":"","market_be_tax_rate":0,"market_be_price_inc_tax":0,"market_be_sale_price_inc_tax":0,"market_fr_price":0,"market_fr_sale_price":0,"market_fr_active":false,"market_fr_url":null,"market_fr_parent_url":"","market_fr_tax_rate":0,"market_fr_price_inc_tax":0,"market_fr_sale_price_inc_tax":0,"market_ch_price":0,"market_ch_sale_price":0,"market_ch_active":false,"market_ch_url":null,"market_ch_parent_url":"","market_ch_tax_rate":0,"market_ch_price_inc_tax":0,"market_ch_sale_price_inc_tax":0,"market_at_price":0,"market_at_sale_price":0,"market_at_active":false,"market_at_url":null,"market_at_parent_url":"","market_at_tax_rate":0,"market_at_price_inc_tax":0,"market_at_sale_price_inc_tax":0,"market_es_price":0,"market_es_sale_price":0,"market_es_active":false,"market_es_url":null,"market_es_parent_url":"","market_es_tax_rate":0,"market_es_price_inc_tax":0,"market_es_sale_price_inc_tax":0,"market_dk_price":0,"market_dk_sale_price":0,"market_dk_active":false,"market_dk_url":null,"market_dk_parent_url":"","market_dk_tax_rate":0,"market_dk_price_inc_tax":0,"market_dk_sale_price_inc_tax":0,"market_com_price":0,"market_com_sale_price":0,"market_com_active":false,"market_com_url":null,"market_com_parent_url":"","market_com_tax_rate":0,"market_com_price_inc_tax":0,"market_com_sale_price_inc_tax":0,"acf":[],"_links":{"self":[{"href":"https:\/\/www.pharmacy4pets.nl\/be\/wp-json\/wp\/v2\/product\/120721","targetHints":{"allow":["GET"]}}],"collection":[{"href":"https:\/\/www.pharmacy4pets.nl\/be\/wp-json\/wp\/v2\/product"}],"about":[{"href":"https:\/\/www.pharmacy4pets.nl\/be\/wp-json\/wp\/v2\/types\/product"}],"replies":[{"embeddable":true,"href":"https:\/\/www.pharmacy4pets.nl\/be\/wp-json\/wp\/v2\/comments?post=120721"}],"wp:featuredmedia":[{"embeddable":true,"href":"https:\/\/www.pharmacy4pets.nl\/be\/wp-json\/wp\/v2\/media\/120716"}],"wp:attachment":[{"href":"https:\/\/www.pharmacy4pets.nl\/be\/wp-json\/wp\/v2\/media?parent=120721"}],"wp:term":[{"taxonomy":"product_brand","embeddable":true,"href":"https:\/\/www.pharmacy4pets.nl\/be\/wp-json\/wp\/v2\/product_brand?post=120721"},{"taxonomy":"product_cat","embeddable":true,"href":"https:\/\/www.pharmacy4pets.nl\/be\/wp-json\/wp\/v2\/product_cat?post=120721"},{"taxonomy":"product_tag","embeddable":true,"href":"https:\/\/www.pharmacy4pets.nl\/be\/wp-json\/wp\/v2\/product_tag?post=120721"}],"curies":[{"name":"wp","href":"https:\/\/api.w.org\/{rel}","templated":true}]}}