{"id":120711,"date":"2024-12-19T10:06:22","date_gmt":"2024-12-19T10:06:22","guid":{"rendered":"https:\/\/p4p.test\/ermidra-shampoo-250-ml"},"modified":"2026-03-25T12:07:06","modified_gmt":"2026-03-25T12:07:06","slug":"ermidra-shampoo-250-ml","status":"publish","type":"product","link":"https:\/\/www.pharmacy4pets.nl\/be\/ermidra-shampoo-250-ml","title":{"rendered":"Ermidra Shampoo 250 ml"},"content":{"rendered":"<h1><strong>Ermidra Shampoo<\/strong><\/h1>\n<p>Ermidra Shampoo reinigt huid en vacht en kan gebruikt worden voor het wassen van een gevoelige, ge\u00efrriteerde of rode huid bij honden, katten en paarden. Het product bevat salie, een verzachtende stof die de huidbarri\u00e8re beschermt, en verder melkzuur en zinkgluconaat om de talgproductie te reguleren en de huid te kalmeren en te verkoelen. De shampoo kan ook bij puppy&#8217;s en kittens worden gebruikt.<\/p>\n<p><strong>Gebruiksaanwijzing<\/strong><\/p>\n<ol>\n<li>De flacon schudden voor gebruik.<\/li>\n<li>De vacht natmaken met lauw water en de shampoo aanbrengen.<\/li>\n<li>In de vacht masseren en 5\u20136 minuten laten intrekken.<\/li>\n<li>Uitspoelen met lauw water en goed drogen.<\/li>\n<li>1 of 2 maal per week herhalen (of zo vaak als nodig is).<\/li>\n<\/ol>\n","protected":false},"excerpt":{"rendered":"<p>Ermidra Shampoo Ermidra Shampoo reinigt huid en vacht en kan gebruikt worden voor het wassen van een gevoelige, ge\u00efrriteerde of rode huid bij honden, katten en paarden. Het product bevat salie, een verzachtende stof die de huidbarri\u00e8re beschermt, en verder melkzuur en zinkgluconaat om de talgproductie te reguleren en de huid te kalmeren en te [&hellip;]<\/p>\n","protected":false},"featured_media":120710,"comment_status":"open","ping_status":"closed","template":"","meta":{"_acf_changed":false,"_nl_post_content":"<h1><strong>Ermidra Shampoo<\/strong><\/h1>\r\n<p>Ermidra Shampoo reinigt huid en vacht en kan gebruikt worden voor het wassen van een gevoelige, ge\u00efrriteerde of rode huid bij honden, katten en paarden. Het product bevat salie, een verzachtende stof die de huidbarri\u00e8re beschermt, en verder melkzuur en zinkgluconaat om de talgproductie te reguleren en de huid te kalmeren en te verkoelen. De shampoo kan ook bij puppy's en kittens worden gebruikt.<\/p>\r\n<p><strong>Gebruiksaanwijzing<\/strong><\/p>\r\n<ol>\r\n<li>De flacon schudden voor gebruik.<\/li>\r\n<li>De vacht natmaken met lauw water en de shampoo aanbrengen.<\/li>\r\n<li>In de vacht masseren en 5\u20136 minuten laten intrekken.<\/li>\r\n<li>Uitspoelen met lauw water en goed drogen.<\/li>\r\n<li>1 of 2 maal per week herhalen (of zo vaak als nodig is).<\/li>\r\n<\/ol>","_nl_post_name":"ermidra-shampoo-250-ml","_nl_post_excerpt":"","_nl_post_title":"Ermidra Shampoo 250 ml","_en_post_content":"<h1><strong>Ermidra Shampoo<\/strong><\/h1>\n<p>Ermidra Shampoo cleanses skin and coat and can be used to wash sensitive, irritated or red skin in dogs, cats and horses. The product contains sage, an emollient that protects the skin barrier, as well as lactic acid and zinc gluconate to regulate sebum production and soothe and cool the skin. The shampoo can also be used on puppies and kittens.<\/p>\n<p><b>Instructions for use<\/b><\/p>\n<ol>\n<li>Shake the bottle before use.<\/li>\n<li>Wet the coat with lukewarm water and apply the shampoo.<\/li>\n<li>Massage into the coat and leave for 5-6 minutes.<\/li>\n<li>Rinse with lukewarm water and dry well.<\/li>\n<li>Repeat once or twice a week (or as often as necessary).<\/li>\n<\/ol>","_en_post_name":"ermidra-shampoo-250-ml","_en_post_excerpt":"","_en_post_title":"Ermidra Shampoo 250 ml","_de_post_content":"<h1><strong>Ermidra Shampoo<\/strong><\/h1>\n<p>Ermidra Shampoo reinigt Haut und Fell und kann zum Waschen empfindlicher, gereizter oder ger\u00f6teter Haut bei Hunden, Katzen und Pferden verwendet werden. Das Produkt enth\u00e4lt Salbei, ein Weichmacher, der die Hautbarriere sch\u00fctzt, sowie Milchs\u00e4ure und Zinkgluconat, die die Talgproduktion regulieren und die Haut beruhigen und k\u00fchlen. Das Shampoo kann auch bei Welpen und K\u00e4tzchen verwendet werden.<\/p>\n<p><b>Hinweise zur Anwendung<\/b><\/p>\n<ol>\n<li>Sch\u00fctteln Sie die Flasche vor dem Gebrauch.<\/li>\n<li>Das Fell mit lauwarmem Wasser anfeuchten und das Shampoo auftragen.<\/li>\n<li>In das Fell einmassieren und 5-6 Minuten einwirken lassen.<\/li>\n<li>Mit lauwarmem Wasser aussp\u00fclen und gut abtrocknen.<\/li>\n<li>Die Anwendung ein- bis zweimal pro Woche (oder so oft wie n\u00f6tig) wiederholen.<\/li>\n<\/ol>","_de_post_name":"ermidra-shampoo-250-ml","_de_post_excerpt":"","_de_post_title":"Ermidra Shampoo 250 ml","_fr_post_content":"<h1><strong>Ermidra shampooing<\/strong><\/h1>\n<p>Le shampooing Ermidra nettoie la peau et le pelage et peut \u00eatre utilis\u00e9 pour laver les peaux sensibles, irrit\u00e9es ou rouges des chiens, des chats et des chevaux. Le produit contient de la sauge, un \u00e9mollient qui prot\u00e8ge la barri\u00e8re cutan\u00e9e, ainsi que de l'acide lactique et du gluconate de zinc qui r\u00e9gulent la production de s\u00e9bum et apaisent et rafra\u00eechissent la peau. Le shampooing peut \u00e9galement \u00eatre utilis\u00e9 pour les chiots et les chatons.<\/p>\n<p><b>Mode d'emploi<\/b><\/p>\n<ol>\n<li>Agiter le flacon avant utilisation.<\/li>\n<li>Mouiller le pelage avec de l'eau ti\u00e8de et appliquer le shampooing.<\/li>\n<li>Masser le pelage et laisser agir pendant 5 \u00e0 6 minutes.<\/li>\n<li>Rincer \u00e0 l'eau ti\u00e8de et bien s\u00e9cher.<\/li>\n<li>R\u00e9p\u00e9ter l'op\u00e9ration une ou deux fois par semaine (ou aussi souvent que n\u00e9cessaire).<\/li>\n<\/ol>","_fr_post_name":"ermidra-shampooing-250-ml","_fr_post_excerpt":"","_fr_post_title":"Ermidra shampooing 250 ml","_es_post_content":"<h1><strong>Ermidra Champ\u00fa<\/strong><\/h1>\n<p>El champ\u00fa Ermidra limpia la piel y el pelaje y puede utilizarse para lavar la piel sensible, irritada o enrojecida de perros, gatos y caballos. El producto contiene salvia, un emoliente que protege la barrera cut\u00e1nea, as\u00ed como \u00e1cido l\u00e1ctico y gluconato de zinc para regular la producci\u00f3n de sebo y calmar y refrescar la piel. El champ\u00fa tambi\u00e9n puede utilizarse en cachorros y gatitos.<\/p>\n<p><b>Modo de empleo<\/b><\/p>\n<ol>\n<li>Agitar el frasco antes de usar.<\/li>\n<li>Mojar el pelo con agua tibia y aplicar el champ\u00fa.<\/li>\n<li>Masajear y dejar actuar durante 5-6 minutos.<\/li>\n<li>Aclarar con agua tibia y secar bien.<\/li>\n<li>Repetir una o dos veces por semana (o tantas veces como sea necesario).<\/li>\n<\/ol>","_es_post_name":"ermidra-champu-250-ml","_es_post_excerpt":"","_es_post_title":"Ermidra Champ\u00fa 250 ml","edit_language":"nl"},"product_brand":[],"product_cat":[2344,2209,2182,1891,1861,1820,2342,1117,1876,2196,1845,1813,1118,2178,1825,1839,1811,2185,1871,1857,1824,1809,2177,2135,2131,2125,2193,1893,1863,2211,1822],"product_tag":[],"class_list":{"0":"post-120711","1":"product","2":"type-product","3":"status-publish","4":"has-post-thumbnail","6":"product_cat-benodigdheden","7":"product_cat-puppy-benodigdheden","8":"product_cat-kitten-benodigdheden","12":"product_cat-ermidra","13":"product_cat-honden","14":"product_cat-huid-vacht","18":"product_cat-katten","19":"product_cat-kitten","20":"product_cat-konijnen","21":"product_cat-medicijnen-supplementen","25":"product_cat-merken","26":"product_cat-overig","27":"product_cat-paarden","28":"product_cat-puppy","29":"product_cat-shampoos-en-conditioners","32":"product_cat-verzorging","37":"pa_aandoening-huid_vacht","38":"pa_doeldier-hond","39":"pa_doeldier-kat","40":"pa_doeldier-kitten","41":"pa_doeldier-paard","42":"pa_doeldier-puppy","43":"pa_fabricatieland-italie","44":"pa_merkfilter-ermidra","45":"pa_merkgroep-nextmune","46":"pa_productsoort-overig","47":"pa_toedieningswijze-shampoo","48":"pa_unit_pricing_base_measure-100ml","49":"pa_unit_pricing_measure-250ml","50":"pa_werkzamestof-overig","52":"first","53":"instock","54":"taxable","55":"shipping-taxable","56":"purchasable","57":"product-type-simple"},"yoast_head":"<!-- This site is optimized with the Yoast SEO plugin v27.5 - https:\/\/yoast.com\/product\/yoast-seo-wordpress\/ -->\n<title>Ermidra Shampoo 250 ml<\/title>\n<meta name=\"robots\" content=\"index, follow, max-snippet:-1, max-image-preview:large, max-video-preview:-1\" \/>\n<link rel=\"canonical\" href=\"https:\/\/p4p-nl.bootmine.com\/ermidra-shampoo-250-ml\" \/>\n<meta property=\"og:locale\" content=\"nl_NL\" \/>\n<meta property=\"og:type\" content=\"article\" \/>\n<meta property=\"og:title\" content=\"Ermidra Shampoo 250 ml\" \/>\n<meta property=\"og:description\" content=\"Ermidra Shampoo Ermidra Shampoo reinigt huid en vacht en kan gebruikt worden voor het wassen van een gevoelige, ge\u00efrriteerde of rode huid bij honden, katten en paarden. Het product bevat salie, een verzachtende stof die de huidbarri\u00e8re beschermt, en verder melkzuur en zinkgluconaat om de talgproductie te reguleren en de huid te kalmeren en te [&hellip;]\" \/>\n<meta property=\"og:url\" content=\"https:\/\/p4p-nl.bootmine.com\/ermidra-shampoo-250-ml\" \/>\n<meta property=\"og:site_name\" content=\"Pharmacy4pets\" \/>\n<meta property=\"article:publisher\" content=\"https:\/\/www.facebook.com\/people\/Pharmacy4petsnl\/100063484989896\/\" \/>\n<meta property=\"article:modified_time\" content=\"2026-03-25T12:07:06+00:00\" \/>\n<meta property=\"og:image\" content=\"https:\/\/p4p-nl.bootmine.com\/wp-content\/uploads\/2024\/12\/Ermidra_Shampoo.jpg\" \/>\n\t<meta property=\"og:image:width\" content=\"1000\" \/>\n\t<meta property=\"og:image:height\" content=\"1000\" \/>\n\t<meta property=\"og:image:type\" content=\"image\/jpeg\" \/>\n<meta name=\"twitter:card\" content=\"summary_large_image\" \/>\n<meta name=\"twitter:label1\" content=\"Geschatte leestijd\" \/>\n\t<meta name=\"twitter:data1\" content=\"1 minuut\" \/>\n<script type=\"application\/ld+json\" class=\"yoast-schema-graph\">{\"@context\":\"https:\\\/\\\/schema.org\",\"@graph\":[{\"@type\":\"WebPage\",\"@id\":\"https:\\\/\\\/p4p-nl.bootmine.com\\\/ermidra-shampoo-250-ml\",\"url\":\"https:\\\/\\\/p4p-nl.bootmine.com\\\/ermidra-shampoo-250-ml\",\"name\":\"Ermidra Shampoo 250 ml\",\"isPartOf\":{\"@id\":\"http:\\\/\\\/www.pharmacy4pets.nl\\\/#website\"},\"primaryImageOfPage\":{\"@id\":\"https:\\\/\\\/p4p-nl.bootmine.com\\\/ermidra-shampoo-250-ml#primaryimage\"},\"image\":{\"@id\":\"https:\\\/\\\/p4p-nl.bootmine.com\\\/ermidra-shampoo-250-ml#primaryimage\"},\"thumbnailUrl\":\"https:\\\/\\\/www.pharmacy4pets.nl\\\/wp-content\\\/uploads\\\/2024\\\/12\\\/Ermidra_Shampoo.jpg\",\"datePublished\":\"2024-12-19T10:06:22+00:00\",\"dateModified\":\"2026-03-25T12:07:06+00:00\",\"breadcrumb\":{\"@id\":\"https:\\\/\\\/p4p-nl.bootmine.com\\\/ermidra-shampoo-250-ml#breadcrumb\"},\"inLanguage\":\"nl-NL\",\"potentialAction\":[{\"@type\":\"ReadAction\",\"target\":[\"https:\\\/\\\/p4p-nl.bootmine.com\\\/ermidra-shampoo-250-ml\"]}]},{\"@type\":\"ImageObject\",\"inLanguage\":\"nl-NL\",\"@id\":\"https:\\\/\\\/p4p-nl.bootmine.com\\\/ermidra-shampoo-250-ml#primaryimage\",\"url\":\"https:\\\/\\\/www.pharmacy4pets.nl\\\/wp-content\\\/uploads\\\/2024\\\/12\\\/Ermidra_Shampoo.jpg\",\"contentUrl\":\"https:\\\/\\\/www.pharmacy4pets.nl\\\/wp-content\\\/uploads\\\/2024\\\/12\\\/Ermidra_Shampoo.jpg\",\"width\":1000,\"height\":1000,\"caption\":\"Ermidra shampooing\"},{\"@type\":\"BreadcrumbList\",\"@id\":\"https:\\\/\\\/p4p-nl.bootmine.com\\\/ermidra-shampoo-250-ml#breadcrumb\",\"itemListElement\":[{\"@type\":\"ListItem\",\"position\":1,\"name\":\"Home\",\"item\":\"https:\\\/\\\/p4p-nl.bootmine.com\\\/\"},{\"@type\":\"ListItem\",\"position\":2,\"name\":\"Winkel\",\"item\":\"https:\\\/\\\/p4p-nl.bootmine.com\\\/winkel\"},{\"@type\":\"ListItem\",\"position\":3,\"name\":\"Ermidra Shampoo 250 ml\"}]},{\"@type\":\"WebSite\",\"@id\":\"http:\\\/\\\/www.pharmacy4pets.nl\\\/#website\",\"url\":\"http:\\\/\\\/www.pharmacy4pets.nl\\\/\",\"name\":\"Pharmacy4pets\",\"description\":\"Pharmacy4pets.nl is d\u00e9 online apotheek waar u terecht kunt voor alle diergeneesmiddelen, verzorgingsproducten en dieetvoeding voor uw huisdier.\",\"publisher\":{\"@id\":\"http:\\\/\\\/www.pharmacy4pets.nl\\\/#organization\"},\"potentialAction\":[{\"@type\":\"SearchAction\",\"target\":{\"@type\":\"EntryPoint\",\"urlTemplate\":\"http:\\\/\\\/www.pharmacy4pets.nl\\\/?s={search_term_string}\"},\"query-input\":{\"@type\":\"PropertyValueSpecification\",\"valueRequired\":true,\"valueName\":\"search_term_string\"}}],\"inLanguage\":\"nl-NL\"},{\"@type\":\"Organization\",\"@id\":\"http:\\\/\\\/www.pharmacy4pets.nl\\\/#organization\",\"name\":\"Pharmacy4pets\",\"url\":\"http:\\\/\\\/www.pharmacy4pets.nl\\\/\",\"logo\":{\"@type\":\"ImageObject\",\"inLanguage\":\"nl-NL\",\"@id\":\"http:\\\/\\\/www.pharmacy4pets.nl\\\/#\\\/schema\\\/logo\\\/image\\\/\",\"url\":\"https:\\\/\\\/p4p-nl.bootmine.com\\\/wp-content\\\/uploads\\\/2026\\\/03\\\/logo-pharmacy4pets.png\",\"contentUrl\":\"https:\\\/\\\/p4p-nl.bootmine.com\\\/wp-content\\\/uploads\\\/2026\\\/03\\\/logo-pharmacy4pets.png\",\"width\":1024,\"height\":135,\"caption\":\"Pharmacy4pets\"},\"image\":{\"@id\":\"http:\\\/\\\/www.pharmacy4pets.nl\\\/#\\\/schema\\\/logo\\\/image\\\/\"},\"sameAs\":[\"https:\\\/\\\/www.facebook.com\\\/people\\\/Pharmacy4petsnl\\\/100063484989896\\\/\",\"https:\\\/\\\/www.youtube.com\\\/channel\\\/UCGPTIgucgli03tP2_kvLkHg\\\/featured\",\"https:\\\/\\\/www.instagram.com\\\/pharmacy4pets.nl\"]}]}<\/script>\n<!-- \/ Yoast SEO plugin. -->","yoast_head_json":{"title":"Ermidra Shampoo 250 ml","robots":{"index":"index","follow":"follow","max-snippet":"max-snippet:-1","max-image-preview":"max-image-preview:large","max-video-preview":"max-video-preview:-1"},"canonical":"https:\/\/p4p-nl.bootmine.com\/ermidra-shampoo-250-ml","og_locale":"nl_NL","og_type":"article","og_title":"Ermidra Shampoo 250 ml","og_description":"Ermidra Shampoo Ermidra Shampoo reinigt huid en vacht en kan gebruikt worden voor het wassen van een gevoelige, ge\u00efrriteerde of rode huid bij honden, katten en paarden. Het product bevat salie, een verzachtende stof die de huidbarri\u00e8re beschermt, en verder melkzuur en zinkgluconaat om de talgproductie te reguleren en de huid te kalmeren en te [&hellip;]","og_url":"https:\/\/p4p-nl.bootmine.com\/ermidra-shampoo-250-ml","og_site_name":"Pharmacy4pets","article_publisher":"https:\/\/www.facebook.com\/people\/Pharmacy4petsnl\/100063484989896\/","article_modified_time":"2026-03-25T12:07:06+00:00","og_image":[{"width":1000,"height":1000,"url":"https:\/\/p4p-nl.bootmine.com\/wp-content\/uploads\/2024\/12\/Ermidra_Shampoo.jpg","type":"image\/jpeg"}],"twitter_card":"summary_large_image","twitter_misc":{"Geschatte leestijd":"1 minuut"},"schema":{"@context":"https:\/\/schema.org","@graph":[{"@type":"WebPage","@id":"https:\/\/p4p-nl.bootmine.com\/ermidra-shampoo-250-ml","url":"https:\/\/p4p-nl.bootmine.com\/ermidra-shampoo-250-ml","name":"Ermidra Shampoo 250 ml","isPartOf":{"@id":"http:\/\/www.pharmacy4pets.nl\/#website"},"primaryImageOfPage":{"@id":"https:\/\/p4p-nl.bootmine.com\/ermidra-shampoo-250-ml#primaryimage"},"image":{"@id":"https:\/\/p4p-nl.bootmine.com\/ermidra-shampoo-250-ml#primaryimage"},"thumbnailUrl":"https:\/\/www.pharmacy4pets.nl\/wp-content\/uploads\/2024\/12\/Ermidra_Shampoo.jpg","datePublished":"2024-12-19T10:06:22+00:00","dateModified":"2026-03-25T12:07:06+00:00","breadcrumb":{"@id":"https:\/\/p4p-nl.bootmine.com\/ermidra-shampoo-250-ml#breadcrumb"},"inLanguage":"nl-NL","potentialAction":[{"@type":"ReadAction","target":["https:\/\/p4p-nl.bootmine.com\/ermidra-shampoo-250-ml"]}]},{"@type":"ImageObject","inLanguage":"nl-NL","@id":"https:\/\/p4p-nl.bootmine.com\/ermidra-shampoo-250-ml#primaryimage","url":"https:\/\/www.pharmacy4pets.nl\/wp-content\/uploads\/2024\/12\/Ermidra_Shampoo.jpg","contentUrl":"https:\/\/www.pharmacy4pets.nl\/wp-content\/uploads\/2024\/12\/Ermidra_Shampoo.jpg","width":1000,"height":1000,"caption":"Ermidra shampooing"},{"@type":"BreadcrumbList","@id":"https:\/\/p4p-nl.bootmine.com\/ermidra-shampoo-250-ml#breadcrumb","itemListElement":[{"@type":"ListItem","position":1,"name":"Home","item":"https:\/\/p4p-nl.bootmine.com\/"},{"@type":"ListItem","position":2,"name":"Winkel","item":"https:\/\/p4p-nl.bootmine.com\/winkel"},{"@type":"ListItem","position":3,"name":"Ermidra Shampoo 250 ml"}]},{"@type":"WebSite","@id":"http:\/\/www.pharmacy4pets.nl\/#website","url":"http:\/\/www.pharmacy4pets.nl\/","name":"Pharmacy4pets","description":"Pharmacy4pets.nl is d\u00e9 online apotheek waar u terecht kunt voor alle diergeneesmiddelen, verzorgingsproducten en dieetvoeding voor uw huisdier.","publisher":{"@id":"http:\/\/www.pharmacy4pets.nl\/#organization"},"potentialAction":[{"@type":"SearchAction","target":{"@type":"EntryPoint","urlTemplate":"http:\/\/www.pharmacy4pets.nl\/?s={search_term_string}"},"query-input":{"@type":"PropertyValueSpecification","valueRequired":true,"valueName":"search_term_string"}}],"inLanguage":"nl-NL"},{"@type":"Organization","@id":"http:\/\/www.pharmacy4pets.nl\/#organization","name":"Pharmacy4pets","url":"http:\/\/www.pharmacy4pets.nl\/","logo":{"@type":"ImageObject","inLanguage":"nl-NL","@id":"http:\/\/www.pharmacy4pets.nl\/#\/schema\/logo\/image\/","url":"https:\/\/p4p-nl.bootmine.com\/wp-content\/uploads\/2026\/03\/logo-pharmacy4pets.png","contentUrl":"https:\/\/p4p-nl.bootmine.com\/wp-content\/uploads\/2026\/03\/logo-pharmacy4pets.png","width":1024,"height":135,"caption":"Pharmacy4pets"},"image":{"@id":"http:\/\/www.pharmacy4pets.nl\/#\/schema\/logo\/image\/"},"sameAs":["https:\/\/www.facebook.com\/people\/Pharmacy4petsnl\/100063484989896\/","https:\/\/www.youtube.com\/channel\/UCGPTIgucgli03tP2_kvLkHg\/featured","https:\/\/www.instagram.com\/pharmacy4pets.nl"]}]}},"market_data":{"nl":{"price":0,"sale_price":0,"active":false,"url":null,"parent_url":"","tax_rate":0,"price_inc_tax":0,"sale_price_inc_tax":0},"de":{"price":0,"sale_price":0,"active":false,"url":null,"parent_url":"","tax_rate":0,"price_inc_tax":0,"sale_price_inc_tax":0},"be":{"price":0,"sale_price":0,"active":false,"url":null,"parent_url":"","tax_rate":0,"price_inc_tax":0,"sale_price_inc_tax":0},"fr":{"price":0,"sale_price":0,"active":false,"url":null,"parent_url":"","tax_rate":0,"price_inc_tax":0,"sale_price_inc_tax":0},"ch":{"price":0,"sale_price":0,"active":false,"url":null,"parent_url":"","tax_rate":0,"price_inc_tax":0,"sale_price_inc_tax":0},"at":{"price":0,"sale_price":0,"active":false,"url":null,"parent_url":"","tax_rate":0,"price_inc_tax":0,"sale_price_inc_tax":0},"es":{"price":0,"sale_price":0,"active":false,"url":null,"parent_url":"","tax_rate":0,"price_inc_tax":0,"sale_price_inc_tax":0},"dk":{"price":0,"sale_price":0,"active":false,"url":null,"parent_url":"","tax_rate":0,"price_inc_tax":0,"sale_price_inc_tax":0},"com":{"price":0,"sale_price":0,"active":false,"url":null,"parent_url":"","tax_rate":0,"price_inc_tax":0,"sale_price_inc_tax":0}},"market_nl_price":0,"market_nl_sale_price":0,"market_nl_active":false,"market_nl_url":null,"market_nl_parent_url":"","market_nl_tax_rate":0,"market_nl_price_inc_tax":0,"market_nl_sale_price_inc_tax":0,"market_de_price":0,"market_de_sale_price":0,"market_de_active":false,"market_de_url":null,"market_de_parent_url":"","market_de_tax_rate":0,"market_de_price_inc_tax":0,"market_de_sale_price_inc_tax":0,"market_be_price":0,"market_be_sale_price":0,"market_be_active":false,"market_be_url":null,"market_be_parent_url":"","market_be_tax_rate":0,"market_be_price_inc_tax":0,"market_be_sale_price_inc_tax":0,"market_fr_price":0,"market_fr_sale_price":0,"market_fr_active":false,"market_fr_url":null,"market_fr_parent_url":"","market_fr_tax_rate":0,"market_fr_price_inc_tax":0,"market_fr_sale_price_inc_tax":0,"market_ch_price":0,"market_ch_sale_price":0,"market_ch_active":false,"market_ch_url":null,"market_ch_parent_url":"","market_ch_tax_rate":0,"market_ch_price_inc_tax":0,"market_ch_sale_price_inc_tax":0,"market_at_price":0,"market_at_sale_price":0,"market_at_active":false,"market_at_url":null,"market_at_parent_url":"","market_at_tax_rate":0,"market_at_price_inc_tax":0,"market_at_sale_price_inc_tax":0,"market_es_price":0,"market_es_sale_price":0,"market_es_active":false,"market_es_url":null,"market_es_parent_url":"","market_es_tax_rate":0,"market_es_price_inc_tax":0,"market_es_sale_price_inc_tax":0,"market_dk_price":0,"market_dk_sale_price":0,"market_dk_active":false,"market_dk_url":null,"market_dk_parent_url":"","market_dk_tax_rate":0,"market_dk_price_inc_tax":0,"market_dk_sale_price_inc_tax":0,"market_com_price":0,"market_com_sale_price":0,"market_com_active":false,"market_com_url":null,"market_com_parent_url":"","market_com_tax_rate":0,"market_com_price_inc_tax":0,"market_com_sale_price_inc_tax":0,"acf":[],"_links":{"self":[{"href":"https:\/\/www.pharmacy4pets.nl\/be\/wp-json\/wp\/v2\/product\/120711","targetHints":{"allow":["GET"]}}],"collection":[{"href":"https:\/\/www.pharmacy4pets.nl\/be\/wp-json\/wp\/v2\/product"}],"about":[{"href":"https:\/\/www.pharmacy4pets.nl\/be\/wp-json\/wp\/v2\/types\/product"}],"replies":[{"embeddable":true,"href":"https:\/\/www.pharmacy4pets.nl\/be\/wp-json\/wp\/v2\/comments?post=120711"}],"wp:featuredmedia":[{"embeddable":true,"href":"https:\/\/www.pharmacy4pets.nl\/be\/wp-json\/wp\/v2\/media\/120710"}],"wp:attachment":[{"href":"https:\/\/www.pharmacy4pets.nl\/be\/wp-json\/wp\/v2\/media?parent=120711"}],"wp:term":[{"taxonomy":"product_brand","embeddable":true,"href":"https:\/\/www.pharmacy4pets.nl\/be\/wp-json\/wp\/v2\/product_brand?post=120711"},{"taxonomy":"product_cat","embeddable":true,"href":"https:\/\/www.pharmacy4pets.nl\/be\/wp-json\/wp\/v2\/product_cat?post=120711"},{"taxonomy":"product_tag","embeddable":true,"href":"https:\/\/www.pharmacy4pets.nl\/be\/wp-json\/wp\/v2\/product_tag?post=120711"}],"curies":[{"name":"wp","href":"https:\/\/api.w.org\/{rel}","templated":true}]}}