{"id":120709,"date":"2024-12-19T09:51:19","date_gmt":"2024-12-19T09:51:19","guid":{"rendered":"https:\/\/p4p.test\/ermidra-foam-200-ml"},"modified":"2026-03-25T12:07:06","modified_gmt":"2026-03-25T12:07:06","slug":"ermidra-foam-200-ml","status":"publish","type":"product","link":"https:\/\/www.pharmacy4pets.nl\/be\/ermidra-foam-200-ml","title":{"rendered":"Ermidra Foam 200 ml"},"content":{"rendered":"<h1>Ermidra Foam<\/h1>\n<p align=\"left\">Ermidra Foam is een reinigende en rehydraterende droogshampoo voor honden, katten, paarden, fretten, knaagdieren en konijnen. De liposomen (microcapsules) vervoeren de werkzame bestanddelen naar diepere lagen van de huid voor een langdurig effect. Toegepast tussen twee wasbeurten met Ermidra Shampoo verlengt het de kalmerende huideffecten. Het kan ook gebruikt worden als droogshampoo voor fretten, ratten en konijnen. Ideaal voor het reinigen en hydrateren van de vacht wanneer geen water beschikbaar is of wassen geen optie is (bijv. in de winter of postoperatief). Het schuim kalmeert de jeukende huid, het werkt snel en doeltreffend en zorgt voor een zijdezachte en glanzende vacht.<\/p>\n<p><strong>Gebruiksaanwijzing<\/strong><\/p>\n<ol>\n<li>De flacon schudden en het reinigingsschuim gelijkmatig over de vacht sprayen.<\/li>\n<li>Voorzichtig inwrijven tegen de richting van de haargroei in zodat het product in de huid kan doordringen.<\/li>\n<li>Een paar minuten laten intrekken en daarna doorkammen.<\/li>\n<li>Niet uitspoelen.<\/li>\n<li>Dagelijks gebruiken (of zoals voorgeschreven door de dierenarts).<\/li>\n<\/ol>\n","protected":false},"excerpt":{"rendered":"<p>Ermidra Foam Ermidra Foam is een reinigende en rehydraterende droogshampoo voor honden, katten, paarden, fretten, knaagdieren en konijnen. De liposomen (microcapsules) vervoeren de werkzame bestanddelen naar diepere lagen van de huid voor een langdurig effect. Toegepast tussen twee wasbeurten met Ermidra Shampoo verlengt het de kalmerende huideffecten. Het kan ook gebruikt worden als droogshampoo voor [&hellip;]<\/p>\n","protected":false},"featured_media":120708,"comment_status":"open","ping_status":"closed","template":"","meta":{"_acf_changed":false,"_nl_post_content":"<h1>Ermidra Foam<\/h1>\r\n<p align=\"left\">Ermidra Foam is een reinigende en rehydraterende droogshampoo voor honden, katten, paarden, fretten, knaagdieren en konijnen. De liposomen (microcapsules) vervoeren de werkzame bestanddelen naar diepere lagen van de huid voor een langdurig effect. Toegepast tussen twee wasbeurten met Ermidra Shampoo verlengt het de kalmerende huideffecten. Het kan ook gebruikt worden als droogshampoo voor fretten, ratten en konijnen. Ideaal voor het reinigen en hydrateren van de vacht wanneer geen water beschikbaar is of wassen geen optie is (bijv. in de winter of postoperatief). Het schuim kalmeert de jeukende huid, het werkt snel en doeltreffend en zorgt voor een zijdezachte en glanzende vacht.<\/p>\r\n<p><strong>Gebruiksaanwijzing<\/strong><\/p>\r\n<ol>\r\n<li>De flacon schudden en het reinigingsschuim gelijkmatig over de vacht sprayen.<\/li>\r\n<li>Voorzichtig inwrijven tegen de richting van de haargroei in zodat het product in de huid kan doordringen.<\/li>\r\n<li>Een paar minuten laten intrekken en daarna doorkammen.<\/li>\r\n<li>Niet uitspoelen.<\/li>\r\n<li>Dagelijks gebruiken (of zoals voorgeschreven door de dierenarts).<\/li>\r\n<\/ol>","_nl_post_name":"ermidra-foam-200-ml","_nl_post_excerpt":"","_nl_post_title":"Ermidra Foam 200 ml","_en_post_content":"<h1>Ermidra Foam<\/h1>\n<p>Ermidra Foam is a cleansing and rehydrating dry shampoo for dogs, cats, horses, ferrets, rodents and rabbits. The liposomes (microcapsules) transport the active ingredients to deeper layers of the skin for a long-lasting effect. Applied between washes with Ermidra Shampoo, it prolongs the soothing skin effects. It can also be used as a dry shampoo for ferrets, rats and rabbits. Ideal for cleaning and moisturising the coat when water is not available or washing is not an option (e.g. in winter or post-surgery). The foam soothes itchy skin, it works quickly and effectively and leaves the coat silky and shiny.<\/p>\n<p><b>Instructions for use<\/b><\/p>\n<ol>\n<li>Shake the bottle and spray the cleansing foam evenly over the coat.<\/li>\n<li>Gently rub in against the direction of hair growth to allow the product to penetrate the skin.<\/li>\n<li>Leave for a few minutes and then comb through.<\/li>\n<li>Do not rinse.<\/li>\n<li>Use daily (or as directed by the veterinarian).<\/li>\n<\/ol>","_en_post_name":"ermidra-foam-200-ml","_en_post_excerpt":"","_en_post_title":"Ermidra Foam 200 ml","_de_post_content":"<h1>Ermidra Foam<\/h1>\n<p>Ermidra Foam ist ein reinigendes und befeuchtendes Trockenshampoo f\u00fcr Hunde, Katzen, Pferde, Frettchen, Nagetiere und Kaninchen. Die Liposomen (Mikrokapseln) transportieren die Wirkstoffe in tiefere Hautschichten und sorgen f\u00fcr eine lang anhaltende Wirkung. Zwischen den Waschungen mit Ermidra Shampoo angewendet, verl\u00e4ngert es die hautberuhigende Wirkung. Es kann auch als Trockenshampoo f\u00fcr Frettchen, Ratten und Kaninchen verwendet werden. Ideal zur Reinigung und Befeuchtung des Fells, wenn kein Wasser zur Verf\u00fcgung steht oder das Waschen nicht m\u00f6glich ist (z. B. im Winter oder nach einer Operation). Der Schaum beruhigt juckende Haut, wirkt schnell und effektiv und hinterl\u00e4sst das Fell seidig und gl\u00e4nzend.<\/p>\n<p><b>Anleitung zur Anwendung<\/b><\/p>\n<ol>\n<li>Sch\u00fctteln Sie die Flasche und spr\u00fchen Sie den Reinigungsschaum gleichm\u00e4\u00dfig auf das Fell.<\/li>\n<li>Sanft gegen die Haarwuchsrichtung einreiben, damit das Produkt in die Haut eindringen kann.<\/li>\n<li>Ein paar Minuten einwirken lassen und dann durchk\u00e4mmen.<\/li>\n<li>Nicht aussp\u00fclen.<\/li>\n<li>T\u00e4glich anwenden (oder nach Anweisung des Tierarztes).<\/li>\n<\/ol>","_de_post_name":"ermidra-foam-200-ml","_de_post_excerpt":"","_de_post_title":"Ermidra Foam 200 ml","_fr_post_content":"<h1>Ermidra Foam<\/h1>\n<p>Ermidra Foam est un shampooing sec nettoyant et r\u00e9hydratant pour chiens, chats, chevaux, furets, rongeurs et lapins. Les liposomes (microcapsules) transportent les principes actifs vers les couches profondes de la peau pour un effet durable. Appliqu\u00e9 entre les lavages avec le shampooing Ermidra, il prolonge les effets apaisants sur la peau. Il peut \u00e9galement \u00eatre utilis\u00e9 comme shampooing sec pour les furets, les rats et les lapins. Id\u00e9al pour nettoyer et hydrater le pelage lorsque l'eau n'est pas disponible ou que le lavage n'est pas possible (par exemple en hiver ou apr\u00e8s une intervention chirurgicale). La mousse apaise les d\u00e9mangeaisons, agit rapidement et efficacement et laisse le pelage soyeux et brillant.<\/p>\n<p><b>Mode d'emploi<\/b><\/p>\n<ol>\n<li>Agiter le flacon et vaporiser uniform\u00e9ment la mousse nettoyante sur le pelage.<\/li>\n<li>Frotter doucement dans le sens de la pousse du poil pour faire p\u00e9n\u00e9trer le produit dans la peau.<\/li>\n<li>Laisser agir quelques minutes puis peigner.<\/li>\n<li>Ne pas rincer.<\/li>\n<li>Utiliser quotidiennement (ou selon les instructions du v\u00e9t\u00e9rinaire).<\/li>\n<\/ol>","_fr_post_name":"ermidra-foam-200-ml","_fr_post_excerpt":"","_fr_post_title":"Ermidra Foam 200 ml","_es_post_content":"<h1>Ermidra Foam<\/h1>\n<p>Ermidra Foam es un champ\u00fa seco limpiador y rehidratante para perros, gatos, caballos, hurones, roedores y conejos. Los liposomas (microc\u00e1psulas) transportan los ingredientes activos a las capas m\u00e1s profundas de la piel para conseguir un efecto duradero. Aplicado entre lavados con el Champ\u00fa Ermidra, prolonga los efectos calmantes sobre la piel. Tambi\u00e9n puede utilizarse como champ\u00fa en seco para hurones, ratas y conejos. Ideal para limpiar e hidratar el pelaje cuando no se dispone de agua o el lavado no es una opci\u00f3n (por ejemplo, en invierno o despu\u00e9s de una operaci\u00f3n). La espuma alivia el picor de la piel, act\u00faa r\u00e1pida y eficazmente y deja el pelaje sedoso y brillante.<\/p>\n<p><b>Modo de empleo<\/b><\/p>\n<ol>\n<li>Agitar el frasco y pulverizar uniformemente la espuma limpiadora sobre el pelaje.<\/li>\n<li>Frotar suavemente en sentido contrario al crecimiento del pelo para que el producto penetre en la piel.<\/li>\n<li>Dejar actuar unos minutos y peinar.<\/li>\n<li>No aclarar.<\/li>\n<li>Utilizar a diario (o seg\u00fan las indicaciones del veterinario).<\/li>\n<\/ol>","_es_post_name":"ermidra-foam-200-ml","_es_post_excerpt":"","_es_post_title":"Ermidra Foam 200 ml","edit_language":"nl"},"product_brand":[],"product_cat":[2344,1891,1861,1820,2229,2342,1117,1118,1825,1857,1824,1809,2125,2131,2135,1822,1863,1893],"product_tag":[],"class_list":{"0":"post-120709","1":"product","2":"type-product","3":"status-publish","4":"has-post-thumbnail","6":"product_cat-benodigdheden","10":"product_cat-cavia","11":"product_cat-ermidra","12":"product_cat-honden","13":"product_cat-katten","14":"product_cat-konijnen","15":"product_cat-merken","16":"product_cat-overig","17":"product_cat-paarden","18":"product_cat-shampoos-en-conditioners","21":"product_cat-verzorging","24":"pa_aandoening-huid_vacht","25":"pa_doeldier-fret","26":"pa_doeldier-hond","27":"pa_doeldier-kat","28":"pa_doeldier-knaagdier","29":"pa_doeldier-konijn","30":"pa_doeldier-paard","31":"pa_fabricatieland-italie","32":"pa_merkfilter-ermidra","33":"pa_merkgroep-nextmune","34":"pa_productsoort-overig","35":"pa_toedieningswijze-overig","36":"pa_toedieningswijze-shampoo","37":"pa_unit_pricing_base_measure-100ml","38":"pa_unit_pricing_measure-200ml","39":"pa_werkzamestof-overig","41":"first","42":"instock","43":"taxable","44":"shipping-taxable","45":"purchasable","46":"product-type-simple"},"yoast_head":"<!-- This site is optimized with the Yoast SEO plugin v27.5 - https:\/\/yoast.com\/product\/yoast-seo-wordpress\/ -->\n<title>Ermidra Foam 200 ml<\/title>\n<meta name=\"robots\" content=\"index, follow, max-snippet:-1, max-image-preview:large, max-video-preview:-1\" \/>\n<link rel=\"canonical\" href=\"https:\/\/www.pharmacy4pets.nl\/be\/ermidra-foam-200-ml\" \/>\n<meta property=\"og:locale\" content=\"nl_NL\" \/>\n<meta property=\"og:type\" content=\"article\" \/>\n<meta property=\"og:title\" content=\"Ermidra Foam 200 ml\" \/>\n<meta property=\"og:description\" content=\"Ermidra Foam Ermidra Foam is een reinigende en rehydraterende droogshampoo voor honden, katten, paarden, fretten, knaagdieren en konijnen. De liposomen (microcapsules) vervoeren de werkzame bestanddelen naar diepere lagen van de huid voor een langdurig effect. Toegepast tussen twee wasbeurten met Ermidra Shampoo verlengt het de kalmerende huideffecten. Het kan ook gebruikt worden als droogshampoo voor [&hellip;]\" \/>\n<meta property=\"og:url\" content=\"https:\/\/www.pharmacy4pets.nl\/be\/ermidra-foam-200-ml\" \/>\n<meta property=\"og:site_name\" content=\"Pharmacy4pets\" \/>\n<meta property=\"article:publisher\" content=\"https:\/\/www.facebook.com\/people\/Pharmacy4petsnl\/100063484989896\/\" \/>\n<meta property=\"article:modified_time\" content=\"2026-03-25T12:07:06+00:00\" \/>\n<meta property=\"og:image\" content=\"https:\/\/www.pharmacy4pets.nl\/wp-content\/uploads\/2024\/12\/Ermidra_Foam.jpg\" \/>\n\t<meta property=\"og:image:width\" content=\"1000\" \/>\n\t<meta property=\"og:image:height\" content=\"1000\" \/>\n\t<meta property=\"og:image:type\" content=\"image\/jpeg\" \/>\n<meta name=\"twitter:card\" content=\"summary_large_image\" \/>\n<meta name=\"twitter:label1\" content=\"Geschatte leestijd\" \/>\n\t<meta name=\"twitter:data1\" content=\"1 minuut\" \/>\n<script type=\"application\/ld+json\" class=\"yoast-schema-graph\">{\"@context\":\"https:\\\/\\\/schema.org\",\"@graph\":[{\"@type\":\"WebPage\",\"@id\":\"https:\\\/\\\/www.pharmacy4pets.nl\\\/be\\\/ermidra-foam-200-ml\",\"url\":\"https:\\\/\\\/www.pharmacy4pets.nl\\\/be\\\/ermidra-foam-200-ml\",\"name\":\"Ermidra Foam 200 ml\",\"isPartOf\":{\"@id\":\"http:\\\/\\\/www.pharmacy4pets.nl\\\/#website\"},\"primaryImageOfPage\":{\"@id\":\"https:\\\/\\\/www.pharmacy4pets.nl\\\/be\\\/ermidra-foam-200-ml#primaryimage\"},\"image\":{\"@id\":\"https:\\\/\\\/www.pharmacy4pets.nl\\\/be\\\/ermidra-foam-200-ml#primaryimage\"},\"thumbnailUrl\":\"https:\\\/\\\/www.pharmacy4pets.nl\\\/wp-content\\\/uploads\\\/2024\\\/12\\\/Ermidra_Foam.jpg\",\"datePublished\":\"2024-12-19T09:51:19+00:00\",\"dateModified\":\"2026-03-25T12:07:06+00:00\",\"breadcrumb\":{\"@id\":\"https:\\\/\\\/www.pharmacy4pets.nl\\\/be\\\/ermidra-foam-200-ml#breadcrumb\"},\"inLanguage\":\"nl-NL\",\"potentialAction\":[{\"@type\":\"ReadAction\",\"target\":[\"https:\\\/\\\/www.pharmacy4pets.nl\\\/be\\\/ermidra-foam-200-ml\"]}]},{\"@type\":\"ImageObject\",\"inLanguage\":\"nl-NL\",\"@id\":\"https:\\\/\\\/www.pharmacy4pets.nl\\\/be\\\/ermidra-foam-200-ml#primaryimage\",\"url\":\"https:\\\/\\\/www.pharmacy4pets.nl\\\/wp-content\\\/uploads\\\/2024\\\/12\\\/Ermidra_Foam.jpg\",\"contentUrl\":\"https:\\\/\\\/www.pharmacy4pets.nl\\\/wp-content\\\/uploads\\\/2024\\\/12\\\/Ermidra_Foam.jpg\",\"width\":1000,\"height\":1000,\"caption\":\"Ermidra Foam\"},{\"@type\":\"BreadcrumbList\",\"@id\":\"https:\\\/\\\/www.pharmacy4pets.nl\\\/be\\\/ermidra-foam-200-ml#breadcrumb\",\"itemListElement\":[{\"@type\":\"ListItem\",\"position\":1,\"name\":\"Home\",\"item\":\"https:\\\/\\\/p4p-nl.bootmine.com\\\/\"},{\"@type\":\"ListItem\",\"position\":2,\"name\":\"Winkel\",\"item\":\"https:\\\/\\\/p4p-nl.bootmine.com\\\/winkel\"},{\"@type\":\"ListItem\",\"position\":3,\"name\":\"Ermidra Foam 200 ml\"}]},{\"@type\":\"WebSite\",\"@id\":\"http:\\\/\\\/www.pharmacy4pets.nl\\\/#website\",\"url\":\"http:\\\/\\\/www.pharmacy4pets.nl\\\/\",\"name\":\"Pharmacy4pets\",\"description\":\"Pharmacy4pets.nl is d\u00e9 online apotheek waar u terecht kunt voor alle diergeneesmiddelen, verzorgingsproducten en dieetvoeding voor uw huisdier.\",\"publisher\":{\"@id\":\"http:\\\/\\\/www.pharmacy4pets.nl\\\/#organization\"},\"potentialAction\":[{\"@type\":\"SearchAction\",\"target\":{\"@type\":\"EntryPoint\",\"urlTemplate\":\"http:\\\/\\\/www.pharmacy4pets.nl\\\/?s={search_term_string}\"},\"query-input\":{\"@type\":\"PropertyValueSpecification\",\"valueRequired\":true,\"valueName\":\"search_term_string\"}}],\"inLanguage\":\"nl-NL\"},{\"@type\":\"Organization\",\"@id\":\"http:\\\/\\\/www.pharmacy4pets.nl\\\/#organization\",\"name\":\"Pharmacy4pets\",\"url\":\"http:\\\/\\\/www.pharmacy4pets.nl\\\/\",\"logo\":{\"@type\":\"ImageObject\",\"inLanguage\":\"nl-NL\",\"@id\":\"http:\\\/\\\/www.pharmacy4pets.nl\\\/#\\\/schema\\\/logo\\\/image\\\/\",\"url\":\"https:\\\/\\\/p4p-nl.bootmine.com\\\/wp-content\\\/uploads\\\/2026\\\/03\\\/logo-pharmacy4pets.png\",\"contentUrl\":\"https:\\\/\\\/p4p-nl.bootmine.com\\\/wp-content\\\/uploads\\\/2026\\\/03\\\/logo-pharmacy4pets.png\",\"width\":1024,\"height\":135,\"caption\":\"Pharmacy4pets\"},\"image\":{\"@id\":\"http:\\\/\\\/www.pharmacy4pets.nl\\\/#\\\/schema\\\/logo\\\/image\\\/\"},\"sameAs\":[\"https:\\\/\\\/www.facebook.com\\\/people\\\/Pharmacy4petsnl\\\/100063484989896\\\/\",\"https:\\\/\\\/www.youtube.com\\\/channel\\\/UCGPTIgucgli03tP2_kvLkHg\\\/featured\",\"https:\\\/\\\/www.instagram.com\\\/pharmacy4pets.nl\"]}]}<\/script>\n<!-- \/ Yoast SEO plugin. -->","yoast_head_json":{"title":"Ermidra Foam 200 ml","robots":{"index":"index","follow":"follow","max-snippet":"max-snippet:-1","max-image-preview":"max-image-preview:large","max-video-preview":"max-video-preview:-1"},"canonical":"https:\/\/www.pharmacy4pets.nl\/be\/ermidra-foam-200-ml","og_locale":"nl_NL","og_type":"article","og_title":"Ermidra Foam 200 ml","og_description":"Ermidra Foam Ermidra Foam is een reinigende en rehydraterende droogshampoo voor honden, katten, paarden, fretten, knaagdieren en konijnen. De liposomen (microcapsules) vervoeren de werkzame bestanddelen naar diepere lagen van de huid voor een langdurig effect. Toegepast tussen twee wasbeurten met Ermidra Shampoo verlengt het de kalmerende huideffecten. Het kan ook gebruikt worden als droogshampoo voor [&hellip;]","og_url":"https:\/\/www.pharmacy4pets.nl\/be\/ermidra-foam-200-ml","og_site_name":"Pharmacy4pets","article_publisher":"https:\/\/www.facebook.com\/people\/Pharmacy4petsnl\/100063484989896\/","article_modified_time":"2026-03-25T12:07:06+00:00","og_image":[{"width":1000,"height":1000,"url":"https:\/\/www.pharmacy4pets.nl\/wp-content\/uploads\/2024\/12\/Ermidra_Foam.jpg","type":"image\/jpeg"}],"twitter_card":"summary_large_image","twitter_misc":{"Geschatte leestijd":"1 minuut"},"schema":{"@context":"https:\/\/schema.org","@graph":[{"@type":"WebPage","@id":"https:\/\/www.pharmacy4pets.nl\/be\/ermidra-foam-200-ml","url":"https:\/\/www.pharmacy4pets.nl\/be\/ermidra-foam-200-ml","name":"Ermidra Foam 200 ml","isPartOf":{"@id":"http:\/\/www.pharmacy4pets.nl\/#website"},"primaryImageOfPage":{"@id":"https:\/\/www.pharmacy4pets.nl\/be\/ermidra-foam-200-ml#primaryimage"},"image":{"@id":"https:\/\/www.pharmacy4pets.nl\/be\/ermidra-foam-200-ml#primaryimage"},"thumbnailUrl":"https:\/\/www.pharmacy4pets.nl\/wp-content\/uploads\/2024\/12\/Ermidra_Foam.jpg","datePublished":"2024-12-19T09:51:19+00:00","dateModified":"2026-03-25T12:07:06+00:00","breadcrumb":{"@id":"https:\/\/www.pharmacy4pets.nl\/be\/ermidra-foam-200-ml#breadcrumb"},"inLanguage":"nl-NL","potentialAction":[{"@type":"ReadAction","target":["https:\/\/www.pharmacy4pets.nl\/be\/ermidra-foam-200-ml"]}]},{"@type":"ImageObject","inLanguage":"nl-NL","@id":"https:\/\/www.pharmacy4pets.nl\/be\/ermidra-foam-200-ml#primaryimage","url":"https:\/\/www.pharmacy4pets.nl\/wp-content\/uploads\/2024\/12\/Ermidra_Foam.jpg","contentUrl":"https:\/\/www.pharmacy4pets.nl\/wp-content\/uploads\/2024\/12\/Ermidra_Foam.jpg","width":1000,"height":1000,"caption":"Ermidra Foam"},{"@type":"BreadcrumbList","@id":"https:\/\/www.pharmacy4pets.nl\/be\/ermidra-foam-200-ml#breadcrumb","itemListElement":[{"@type":"ListItem","position":1,"name":"Home","item":"https:\/\/p4p-nl.bootmine.com\/"},{"@type":"ListItem","position":2,"name":"Winkel","item":"https:\/\/p4p-nl.bootmine.com\/winkel"},{"@type":"ListItem","position":3,"name":"Ermidra Foam 200 ml"}]},{"@type":"WebSite","@id":"http:\/\/www.pharmacy4pets.nl\/#website","url":"http:\/\/www.pharmacy4pets.nl\/","name":"Pharmacy4pets","description":"Pharmacy4pets.nl is d\u00e9 online apotheek waar u terecht kunt voor alle diergeneesmiddelen, verzorgingsproducten en dieetvoeding voor uw huisdier.","publisher":{"@id":"http:\/\/www.pharmacy4pets.nl\/#organization"},"potentialAction":[{"@type":"SearchAction","target":{"@type":"EntryPoint","urlTemplate":"http:\/\/www.pharmacy4pets.nl\/?s={search_term_string}"},"query-input":{"@type":"PropertyValueSpecification","valueRequired":true,"valueName":"search_term_string"}}],"inLanguage":"nl-NL"},{"@type":"Organization","@id":"http:\/\/www.pharmacy4pets.nl\/#organization","name":"Pharmacy4pets","url":"http:\/\/www.pharmacy4pets.nl\/","logo":{"@type":"ImageObject","inLanguage":"nl-NL","@id":"http:\/\/www.pharmacy4pets.nl\/#\/schema\/logo\/image\/","url":"https:\/\/p4p-nl.bootmine.com\/wp-content\/uploads\/2026\/03\/logo-pharmacy4pets.png","contentUrl":"https:\/\/p4p-nl.bootmine.com\/wp-content\/uploads\/2026\/03\/logo-pharmacy4pets.png","width":1024,"height":135,"caption":"Pharmacy4pets"},"image":{"@id":"http:\/\/www.pharmacy4pets.nl\/#\/schema\/logo\/image\/"},"sameAs":["https:\/\/www.facebook.com\/people\/Pharmacy4petsnl\/100063484989896\/","https:\/\/www.youtube.com\/channel\/UCGPTIgucgli03tP2_kvLkHg\/featured","https:\/\/www.instagram.com\/pharmacy4pets.nl"]}]}},"market_data":{"nl":{"price":0,"sale_price":0,"active":false,"url":null,"parent_url":"","tax_rate":0,"price_inc_tax":0,"sale_price_inc_tax":0},"de":{"price":0,"sale_price":0,"active":false,"url":null,"parent_url":"","tax_rate":0,"price_inc_tax":0,"sale_price_inc_tax":0},"be":{"price":0,"sale_price":0,"active":false,"url":null,"parent_url":"","tax_rate":0,"price_inc_tax":0,"sale_price_inc_tax":0},"fr":{"price":0,"sale_price":0,"active":false,"url":null,"parent_url":"","tax_rate":0,"price_inc_tax":0,"sale_price_inc_tax":0},"ch":{"price":0,"sale_price":0,"active":false,"url":null,"parent_url":"","tax_rate":0,"price_inc_tax":0,"sale_price_inc_tax":0},"at":{"price":0,"sale_price":0,"active":false,"url":null,"parent_url":"","tax_rate":0,"price_inc_tax":0,"sale_price_inc_tax":0},"es":{"price":0,"sale_price":0,"active":false,"url":null,"parent_url":"","tax_rate":0,"price_inc_tax":0,"sale_price_inc_tax":0},"dk":{"price":0,"sale_price":0,"active":false,"url":null,"parent_url":"","tax_rate":0,"price_inc_tax":0,"sale_price_inc_tax":0},"com":{"price":0,"sale_price":0,"active":false,"url":null,"parent_url":"","tax_rate":0,"price_inc_tax":0,"sale_price_inc_tax":0}},"market_nl_price":0,"market_nl_sale_price":0,"market_nl_active":false,"market_nl_url":null,"market_nl_parent_url":"","market_nl_tax_rate":0,"market_nl_price_inc_tax":0,"market_nl_sale_price_inc_tax":0,"market_de_price":0,"market_de_sale_price":0,"market_de_active":false,"market_de_url":null,"market_de_parent_url":"","market_de_tax_rate":0,"market_de_price_inc_tax":0,"market_de_sale_price_inc_tax":0,"market_be_price":0,"market_be_sale_price":0,"market_be_active":false,"market_be_url":null,"market_be_parent_url":"","market_be_tax_rate":0,"market_be_price_inc_tax":0,"market_be_sale_price_inc_tax":0,"market_fr_price":0,"market_fr_sale_price":0,"market_fr_active":false,"market_fr_url":null,"market_fr_parent_url":"","market_fr_tax_rate":0,"market_fr_price_inc_tax":0,"market_fr_sale_price_inc_tax":0,"market_ch_price":0,"market_ch_sale_price":0,"market_ch_active":false,"market_ch_url":null,"market_ch_parent_url":"","market_ch_tax_rate":0,"market_ch_price_inc_tax":0,"market_ch_sale_price_inc_tax":0,"market_at_price":0,"market_at_sale_price":0,"market_at_active":false,"market_at_url":null,"market_at_parent_url":"","market_at_tax_rate":0,"market_at_price_inc_tax":0,"market_at_sale_price_inc_tax":0,"market_es_price":0,"market_es_sale_price":0,"market_es_active":false,"market_es_url":null,"market_es_parent_url":"","market_es_tax_rate":0,"market_es_price_inc_tax":0,"market_es_sale_price_inc_tax":0,"market_dk_price":0,"market_dk_sale_price":0,"market_dk_active":false,"market_dk_url":null,"market_dk_parent_url":"","market_dk_tax_rate":0,"market_dk_price_inc_tax":0,"market_dk_sale_price_inc_tax":0,"market_com_price":0,"market_com_sale_price":0,"market_com_active":false,"market_com_url":null,"market_com_parent_url":"","market_com_tax_rate":0,"market_com_price_inc_tax":0,"market_com_sale_price_inc_tax":0,"acf":[],"_links":{"self":[{"href":"https:\/\/www.pharmacy4pets.nl\/be\/wp-json\/wp\/v2\/product\/120709","targetHints":{"allow":["GET"]}}],"collection":[{"href":"https:\/\/www.pharmacy4pets.nl\/be\/wp-json\/wp\/v2\/product"}],"about":[{"href":"https:\/\/www.pharmacy4pets.nl\/be\/wp-json\/wp\/v2\/types\/product"}],"replies":[{"embeddable":true,"href":"https:\/\/www.pharmacy4pets.nl\/be\/wp-json\/wp\/v2\/comments?post=120709"}],"wp:featuredmedia":[{"embeddable":true,"href":"https:\/\/www.pharmacy4pets.nl\/be\/wp-json\/wp\/v2\/media\/120708"}],"wp:attachment":[{"href":"https:\/\/www.pharmacy4pets.nl\/be\/wp-json\/wp\/v2\/media?parent=120709"}],"wp:term":[{"taxonomy":"product_brand","embeddable":true,"href":"https:\/\/www.pharmacy4pets.nl\/be\/wp-json\/wp\/v2\/product_brand?post=120709"},{"taxonomy":"product_cat","embeddable":true,"href":"https:\/\/www.pharmacy4pets.nl\/be\/wp-json\/wp\/v2\/product_cat?post=120709"},{"taxonomy":"product_tag","embeddable":true,"href":"https:\/\/www.pharmacy4pets.nl\/be\/wp-json\/wp\/v2\/product_tag?post=120709"}],"curies":[{"name":"wp","href":"https:\/\/api.w.org\/{rel}","templated":true}]}}