{"id":120707,"date":"2024-10-23T09:19:07","date_gmt":"2024-10-23T09:19:07","guid":{"rendered":"https:\/\/p4p.test\/trixie-xmas-lollipop"},"modified":"2026-03-25T12:07:05","modified_gmt":"2026-03-25T12:07:05","slug":"trixie-xmas-lollipop","status":"publish","type":"product","link":"https:\/\/www.pharmacy4pets.nl\/be\/trixie-xmas-lollipop","title":{"rendered":"Trixie Xmas Lollipop | Hond"},"content":{"rendered":"<p>Verwen uw hond deze kerst met deze leuke lekkernij! Deze lekkernij bevat kip en de staaf is gemaakt van runderhuid. Het is glutenvrij, er is geen suiker toegevoegd en heeft een afmeting van 12 cm.<\/p>\n<p>Droog en koel bewaren.<\/p>\n","protected":false},"excerpt":{"rendered":"<p>Verwen uw hond deze kerst met deze leuke lekkernij! Deze lekkernij bevat kip en de staaf is gemaakt van runderhuid. Het is glutenvrij, er is geen suiker toegevoegd en heeft een afmeting van 12 cm. Droog en koel bewaren.<\/p>\n","protected":false},"featured_media":120706,"comment_status":"open","ping_status":"closed","template":"","meta":{"_acf_changed":false,"_nl_post_content":"<p>Verwen uw hond deze kerst met deze leuke lekkernij! Deze lekkernij bevat kip en de staaf is gemaakt van runderhuid. Het is glutenvrij, er is geen suiker toegevoegd en heeft een afmeting van 12 cm.<\/p>\r\n<p>Droog en koel bewaren.<\/p>","_nl_post_name":"trixie-xmas-lollipop","_nl_post_excerpt":"","_nl_post_title":"Trixie Xmas Lollipop | Hond","_en_post_content":"<p>Treat your dog this Christmas with this fun treat! This treat contains chicken and the stick is made of beef hide. It is gluten-free, no sugar has been added and has a size of 12 cm.<\/p>\n<p>Store dry and cool.<\/p>","_en_post_name":"trixie-xmas-lollipop","_en_post_excerpt":"","_en_post_title":"Trixie Xmas Lollipop | Dog","_de_post_content":"<p>Verw\u00f6hnen Sie Ihren Hund zu Weihnachten mit diesem lustigen Leckerli! Dieser Leckerbissen enth\u00e4lt Huhn und die Stange besteht aus Rohhaut. Er ist glutenfrei, ohne Zuckerzusatz und hat eine Gr\u00f6\u00dfe von 12 cm.<\/p>\r\n<p>Trocken und k\u00fchl lagern.<\/p>","_de_post_name":"trixie-xmas-lollipop","_de_post_excerpt":"","_de_post_title":"Trixie Xmas Lollipop | Hund","_fr_post_content":"<p>G\u00e2tez votre chien pour No\u00ebl avec cette friandise amusante ! Cette friandise contient du poulet et la barre est en cuir brut. Elle est sans gluten, sans sucre ajout\u00e9 et a une taille de 12 cm.<\/p>\n<p>A conserver dans un endroit sec et frais.<\/p>","_fr_post_name":"trixie-xmas-lollipop","_fr_post_excerpt":"","_fr_post_title":"Trixie Xmas Lollipop | Chien","_es_post_content":"<p>Mima a tu perro esta Navidad con esta divertida golosina. Esta golosina contiene pollo y la barra est\u00e1 hecha de cuero crudo. No contiene gluten ni az\u00facar y tiene un tama\u00f1o de 12 cm.<\/p>\n<p>Conservar en un lugar seco y fresco.<\/p>","_es_post_name":"trixie-xmas-lollipop","_es_post_excerpt":"","_es_post_title":"Trixie Xmas Lollipop | Perro","edit_language":"nl"},"product_brand":[],"product_cat":[1117,1859,1856,1857,1959],"product_tag":[],"class_list":{"0":"post-120707","1":"product","2":"type-product","3":"status-publish","4":"has-post-thumbnail","6":"product_cat-honden","7":"product_cat-snacks","8":"product_cat-hondenvoer","9":"product_cat-merken","10":"product_cat-trixie","11":"pa_aandoening-overig","12":"pa_doeldier-hond","13":"pa_fabricatieland-duitsland","14":"pa_merkfilter-trixie","15":"pa_merkgroep-trixie","16":"pa_productsoort-voeding","17":"pa_toedieningswijze-snack","18":"pa_unit_pricing_base_measure-1ct","19":"pa_unit_pricing_measure-1ct","20":"pa_werkzamestof-overig","22":"first","23":"instock","24":"taxable","25":"shipping-taxable","26":"purchasable","27":"product-type-simple"},"yoast_head":"<!-- This site is optimized with the Yoast SEO plugin v27.5 - https:\/\/yoast.com\/product\/yoast-seo-wordpress\/ -->\n<title>Trixie Xmas Lollipop | Hond - Pharmacy4pets<\/title>\n<meta name=\"robots\" content=\"index, follow, max-snippet:-1, max-image-preview:large, max-video-preview:-1\" \/>\n<link rel=\"canonical\" href=\"https:\/\/www.pharmacy4pets.nl\/be\/trixie-xmas-lollipop\" \/>\n<meta property=\"og:locale\" content=\"nl_NL\" \/>\n<meta property=\"og:type\" content=\"article\" \/>\n<meta property=\"og:title\" content=\"Trixie Xmas Lollipop | Hond - Pharmacy4pets\" \/>\n<meta property=\"og:description\" content=\"Verwen uw hond deze kerst met deze leuke lekkernij! Deze lekkernij bevat kip en de staaf is gemaakt van runderhuid. Het is glutenvrij, er is geen suiker toegevoegd en heeft een afmeting van 12 cm. Droog en koel bewaren.\" \/>\n<meta property=\"og:url\" content=\"https:\/\/www.pharmacy4pets.nl\/be\/trixie-xmas-lollipop\" \/>\n<meta property=\"og:site_name\" content=\"Pharmacy4pets\" \/>\n<meta property=\"article:publisher\" content=\"https:\/\/www.facebook.com\/people\/Pharmacy4petsnl\/100063484989896\/\" \/>\n<meta property=\"article:modified_time\" content=\"2026-03-25T12:07:05+00:00\" \/>\n<meta property=\"og:image\" content=\"https:\/\/www.pharmacy4pets.nl\/wp-content\/uploads\/2024\/10\/trixie_lollipop_1.jpg\" \/>\n\t<meta property=\"og:image:width\" content=\"700\" \/>\n\t<meta property=\"og:image:height\" content=\"700\" \/>\n\t<meta property=\"og:image:type\" content=\"image\/jpeg\" \/>\n<meta name=\"twitter:card\" content=\"summary_large_image\" \/>\n<script type=\"application\/ld+json\" class=\"yoast-schema-graph\">{\"@context\":\"https:\\\/\\\/schema.org\",\"@graph\":[{\"@type\":\"WebPage\",\"@id\":\"https:\\\/\\\/www.pharmacy4pets.nl\\\/be\\\/trixie-xmas-lollipop\",\"url\":\"https:\\\/\\\/www.pharmacy4pets.nl\\\/be\\\/trixie-xmas-lollipop\",\"name\":\"Trixie Xmas Lollipop | Hond - Pharmacy4pets\",\"isPartOf\":{\"@id\":\"http:\\\/\\\/www.pharmacy4pets.nl\\\/#website\"},\"primaryImageOfPage\":{\"@id\":\"https:\\\/\\\/www.pharmacy4pets.nl\\\/be\\\/trixie-xmas-lollipop#primaryimage\"},\"image\":{\"@id\":\"https:\\\/\\\/www.pharmacy4pets.nl\\\/be\\\/trixie-xmas-lollipop#primaryimage\"},\"thumbnailUrl\":\"https:\\\/\\\/www.pharmacy4pets.nl\\\/wp-content\\\/uploads\\\/2024\\\/10\\\/trixie_lollipop_1.jpg\",\"datePublished\":\"2024-10-23T09:19:07+00:00\",\"dateModified\":\"2026-03-25T12:07:05+00:00\",\"breadcrumb\":{\"@id\":\"https:\\\/\\\/www.pharmacy4pets.nl\\\/be\\\/trixie-xmas-lollipop#breadcrumb\"},\"inLanguage\":\"nl-NL\",\"potentialAction\":[{\"@type\":\"ReadAction\",\"target\":[\"https:\\\/\\\/www.pharmacy4pets.nl\\\/be\\\/trixie-xmas-lollipop\"]}]},{\"@type\":\"ImageObject\",\"inLanguage\":\"nl-NL\",\"@id\":\"https:\\\/\\\/www.pharmacy4pets.nl\\\/be\\\/trixie-xmas-lollipop#primaryimage\",\"url\":\"https:\\\/\\\/www.pharmacy4pets.nl\\\/wp-content\\\/uploads\\\/2024\\\/10\\\/trixie_lollipop_1.jpg\",\"contentUrl\":\"https:\\\/\\\/www.pharmacy4pets.nl\\\/wp-content\\\/uploads\\\/2024\\\/10\\\/trixie_lollipop_1.jpg\",\"width\":700,\"height\":700,\"caption\":\"Trixie\"},{\"@type\":\"BreadcrumbList\",\"@id\":\"https:\\\/\\\/www.pharmacy4pets.nl\\\/be\\\/trixie-xmas-lollipop#breadcrumb\",\"itemListElement\":[{\"@type\":\"ListItem\",\"position\":1,\"name\":\"Home\",\"item\":\"https:\\\/\\\/p4p-nl.bootmine.com\\\/\"},{\"@type\":\"ListItem\",\"position\":2,\"name\":\"Winkel\",\"item\":\"https:\\\/\\\/p4p-nl.bootmine.com\\\/winkel\"},{\"@type\":\"ListItem\",\"position\":3,\"name\":\"Trixie Xmas Lollipop | Hond\"}]},{\"@type\":\"WebSite\",\"@id\":\"http:\\\/\\\/www.pharmacy4pets.nl\\\/#website\",\"url\":\"http:\\\/\\\/www.pharmacy4pets.nl\\\/\",\"name\":\"Pharmacy4pets\",\"description\":\"Pharmacy4pets.nl is d\u00e9 online apotheek waar u terecht kunt voor alle diergeneesmiddelen, verzorgingsproducten en dieetvoeding voor uw huisdier.\",\"publisher\":{\"@id\":\"http:\\\/\\\/www.pharmacy4pets.nl\\\/#organization\"},\"potentialAction\":[{\"@type\":\"SearchAction\",\"target\":{\"@type\":\"EntryPoint\",\"urlTemplate\":\"http:\\\/\\\/www.pharmacy4pets.nl\\\/?s={search_term_string}\"},\"query-input\":{\"@type\":\"PropertyValueSpecification\",\"valueRequired\":true,\"valueName\":\"search_term_string\"}}],\"inLanguage\":\"nl-NL\"},{\"@type\":\"Organization\",\"@id\":\"http:\\\/\\\/www.pharmacy4pets.nl\\\/#organization\",\"name\":\"Pharmacy4pets\",\"url\":\"http:\\\/\\\/www.pharmacy4pets.nl\\\/\",\"logo\":{\"@type\":\"ImageObject\",\"inLanguage\":\"nl-NL\",\"@id\":\"http:\\\/\\\/www.pharmacy4pets.nl\\\/#\\\/schema\\\/logo\\\/image\\\/\",\"url\":\"https:\\\/\\\/p4p-nl.bootmine.com\\\/wp-content\\\/uploads\\\/2026\\\/03\\\/logo-pharmacy4pets.png\",\"contentUrl\":\"https:\\\/\\\/p4p-nl.bootmine.com\\\/wp-content\\\/uploads\\\/2026\\\/03\\\/logo-pharmacy4pets.png\",\"width\":1024,\"height\":135,\"caption\":\"Pharmacy4pets\"},\"image\":{\"@id\":\"http:\\\/\\\/www.pharmacy4pets.nl\\\/#\\\/schema\\\/logo\\\/image\\\/\"},\"sameAs\":[\"https:\\\/\\\/www.facebook.com\\\/people\\\/Pharmacy4petsnl\\\/100063484989896\\\/\",\"https:\\\/\\\/www.youtube.com\\\/channel\\\/UCGPTIgucgli03tP2_kvLkHg\\\/featured\",\"https:\\\/\\\/www.instagram.com\\\/pharmacy4pets.nl\"]}]}<\/script>\n<!-- \/ Yoast SEO plugin. -->","yoast_head_json":{"title":"Trixie Xmas Lollipop | Hond - Pharmacy4pets","robots":{"index":"index","follow":"follow","max-snippet":"max-snippet:-1","max-image-preview":"max-image-preview:large","max-video-preview":"max-video-preview:-1"},"canonical":"https:\/\/www.pharmacy4pets.nl\/be\/trixie-xmas-lollipop","og_locale":"nl_NL","og_type":"article","og_title":"Trixie Xmas Lollipop | Hond - Pharmacy4pets","og_description":"Verwen uw hond deze kerst met deze leuke lekkernij! Deze lekkernij bevat kip en de staaf is gemaakt van runderhuid. Het is glutenvrij, er is geen suiker toegevoegd en heeft een afmeting van 12 cm. Droog en koel bewaren.","og_url":"https:\/\/www.pharmacy4pets.nl\/be\/trixie-xmas-lollipop","og_site_name":"Pharmacy4pets","article_publisher":"https:\/\/www.facebook.com\/people\/Pharmacy4petsnl\/100063484989896\/","article_modified_time":"2026-03-25T12:07:05+00:00","og_image":[{"width":700,"height":700,"url":"https:\/\/www.pharmacy4pets.nl\/wp-content\/uploads\/2024\/10\/trixie_lollipop_1.jpg","type":"image\/jpeg"}],"twitter_card":"summary_large_image","schema":{"@context":"https:\/\/schema.org","@graph":[{"@type":"WebPage","@id":"https:\/\/www.pharmacy4pets.nl\/be\/trixie-xmas-lollipop","url":"https:\/\/www.pharmacy4pets.nl\/be\/trixie-xmas-lollipop","name":"Trixie Xmas Lollipop | Hond - Pharmacy4pets","isPartOf":{"@id":"http:\/\/www.pharmacy4pets.nl\/#website"},"primaryImageOfPage":{"@id":"https:\/\/www.pharmacy4pets.nl\/be\/trixie-xmas-lollipop#primaryimage"},"image":{"@id":"https:\/\/www.pharmacy4pets.nl\/be\/trixie-xmas-lollipop#primaryimage"},"thumbnailUrl":"https:\/\/www.pharmacy4pets.nl\/wp-content\/uploads\/2024\/10\/trixie_lollipop_1.jpg","datePublished":"2024-10-23T09:19:07+00:00","dateModified":"2026-03-25T12:07:05+00:00","breadcrumb":{"@id":"https:\/\/www.pharmacy4pets.nl\/be\/trixie-xmas-lollipop#breadcrumb"},"inLanguage":"nl-NL","potentialAction":[{"@type":"ReadAction","target":["https:\/\/www.pharmacy4pets.nl\/be\/trixie-xmas-lollipop"]}]},{"@type":"ImageObject","inLanguage":"nl-NL","@id":"https:\/\/www.pharmacy4pets.nl\/be\/trixie-xmas-lollipop#primaryimage","url":"https:\/\/www.pharmacy4pets.nl\/wp-content\/uploads\/2024\/10\/trixie_lollipop_1.jpg","contentUrl":"https:\/\/www.pharmacy4pets.nl\/wp-content\/uploads\/2024\/10\/trixie_lollipop_1.jpg","width":700,"height":700,"caption":"Trixie"},{"@type":"BreadcrumbList","@id":"https:\/\/www.pharmacy4pets.nl\/be\/trixie-xmas-lollipop#breadcrumb","itemListElement":[{"@type":"ListItem","position":1,"name":"Home","item":"https:\/\/p4p-nl.bootmine.com\/"},{"@type":"ListItem","position":2,"name":"Winkel","item":"https:\/\/p4p-nl.bootmine.com\/winkel"},{"@type":"ListItem","position":3,"name":"Trixie Xmas Lollipop | Hond"}]},{"@type":"WebSite","@id":"http:\/\/www.pharmacy4pets.nl\/#website","url":"http:\/\/www.pharmacy4pets.nl\/","name":"Pharmacy4pets","description":"Pharmacy4pets.nl is d\u00e9 online apotheek waar u terecht kunt voor alle diergeneesmiddelen, verzorgingsproducten en dieetvoeding voor uw huisdier.","publisher":{"@id":"http:\/\/www.pharmacy4pets.nl\/#organization"},"potentialAction":[{"@type":"SearchAction","target":{"@type":"EntryPoint","urlTemplate":"http:\/\/www.pharmacy4pets.nl\/?s={search_term_string}"},"query-input":{"@type":"PropertyValueSpecification","valueRequired":true,"valueName":"search_term_string"}}],"inLanguage":"nl-NL"},{"@type":"Organization","@id":"http:\/\/www.pharmacy4pets.nl\/#organization","name":"Pharmacy4pets","url":"http:\/\/www.pharmacy4pets.nl\/","logo":{"@type":"ImageObject","inLanguage":"nl-NL","@id":"http:\/\/www.pharmacy4pets.nl\/#\/schema\/logo\/image\/","url":"https:\/\/p4p-nl.bootmine.com\/wp-content\/uploads\/2026\/03\/logo-pharmacy4pets.png","contentUrl":"https:\/\/p4p-nl.bootmine.com\/wp-content\/uploads\/2026\/03\/logo-pharmacy4pets.png","width":1024,"height":135,"caption":"Pharmacy4pets"},"image":{"@id":"http:\/\/www.pharmacy4pets.nl\/#\/schema\/logo\/image\/"},"sameAs":["https:\/\/www.facebook.com\/people\/Pharmacy4petsnl\/100063484989896\/","https:\/\/www.youtube.com\/channel\/UCGPTIgucgli03tP2_kvLkHg\/featured","https:\/\/www.instagram.com\/pharmacy4pets.nl"]}]}},"market_data":{"nl":{"price":0,"sale_price":0,"active":false,"url":null,"parent_url":"","tax_rate":0,"price_inc_tax":0,"sale_price_inc_tax":0},"de":{"price":0,"sale_price":0,"active":false,"url":null,"parent_url":"","tax_rate":0,"price_inc_tax":0,"sale_price_inc_tax":0},"be":{"price":0,"sale_price":0,"active":false,"url":null,"parent_url":"","tax_rate":0,"price_inc_tax":0,"sale_price_inc_tax":0},"fr":{"price":0,"sale_price":0,"active":false,"url":null,"parent_url":"","tax_rate":0,"price_inc_tax":0,"sale_price_inc_tax":0},"ch":{"price":0,"sale_price":0,"active":false,"url":null,"parent_url":"","tax_rate":0,"price_inc_tax":0,"sale_price_inc_tax":0},"at":{"price":0,"sale_price":0,"active":false,"url":null,"parent_url":"","tax_rate":0,"price_inc_tax":0,"sale_price_inc_tax":0},"es":{"price":0,"sale_price":0,"active":false,"url":null,"parent_url":"","tax_rate":0,"price_inc_tax":0,"sale_price_inc_tax":0},"dk":{"price":0,"sale_price":0,"active":false,"url":null,"parent_url":"","tax_rate":0,"price_inc_tax":0,"sale_price_inc_tax":0},"com":{"price":0,"sale_price":0,"active":false,"url":null,"parent_url":"","tax_rate":0,"price_inc_tax":0,"sale_price_inc_tax":0}},"market_nl_price":0,"market_nl_sale_price":0,"market_nl_active":false,"market_nl_url":null,"market_nl_parent_url":"","market_nl_tax_rate":0,"market_nl_price_inc_tax":0,"market_nl_sale_price_inc_tax":0,"market_de_price":0,"market_de_sale_price":0,"market_de_active":false,"market_de_url":null,"market_de_parent_url":"","market_de_tax_rate":0,"market_de_price_inc_tax":0,"market_de_sale_price_inc_tax":0,"market_be_price":0,"market_be_sale_price":0,"market_be_active":false,"market_be_url":null,"market_be_parent_url":"","market_be_tax_rate":0,"market_be_price_inc_tax":0,"market_be_sale_price_inc_tax":0,"market_fr_price":0,"market_fr_sale_price":0,"market_fr_active":false,"market_fr_url":null,"market_fr_parent_url":"","market_fr_tax_rate":0,"market_fr_price_inc_tax":0,"market_fr_sale_price_inc_tax":0,"market_ch_price":0,"market_ch_sale_price":0,"market_ch_active":false,"market_ch_url":null,"market_ch_parent_url":"","market_ch_tax_rate":0,"market_ch_price_inc_tax":0,"market_ch_sale_price_inc_tax":0,"market_at_price":0,"market_at_sale_price":0,"market_at_active":false,"market_at_url":null,"market_at_parent_url":"","market_at_tax_rate":0,"market_at_price_inc_tax":0,"market_at_sale_price_inc_tax":0,"market_es_price":0,"market_es_sale_price":0,"market_es_active":false,"market_es_url":null,"market_es_parent_url":"","market_es_tax_rate":0,"market_es_price_inc_tax":0,"market_es_sale_price_inc_tax":0,"market_dk_price":0,"market_dk_sale_price":0,"market_dk_active":false,"market_dk_url":null,"market_dk_parent_url":"","market_dk_tax_rate":0,"market_dk_price_inc_tax":0,"market_dk_sale_price_inc_tax":0,"market_com_price":0,"market_com_sale_price":0,"market_com_active":false,"market_com_url":null,"market_com_parent_url":"","market_com_tax_rate":0,"market_com_price_inc_tax":0,"market_com_sale_price_inc_tax":0,"acf":[],"_links":{"self":[{"href":"https:\/\/www.pharmacy4pets.nl\/be\/wp-json\/wp\/v2\/product\/120707","targetHints":{"allow":["GET"]}}],"collection":[{"href":"https:\/\/www.pharmacy4pets.nl\/be\/wp-json\/wp\/v2\/product"}],"about":[{"href":"https:\/\/www.pharmacy4pets.nl\/be\/wp-json\/wp\/v2\/types\/product"}],"replies":[{"embeddable":true,"href":"https:\/\/www.pharmacy4pets.nl\/be\/wp-json\/wp\/v2\/comments?post=120707"}],"wp:featuredmedia":[{"embeddable":true,"href":"https:\/\/www.pharmacy4pets.nl\/be\/wp-json\/wp\/v2\/media\/120706"}],"wp:attachment":[{"href":"https:\/\/www.pharmacy4pets.nl\/be\/wp-json\/wp\/v2\/media?parent=120707"}],"wp:term":[{"taxonomy":"product_brand","embeddable":true,"href":"https:\/\/www.pharmacy4pets.nl\/be\/wp-json\/wp\/v2\/product_brand?post=120707"},{"taxonomy":"product_cat","embeddable":true,"href":"https:\/\/www.pharmacy4pets.nl\/be\/wp-json\/wp\/v2\/product_cat?post=120707"},{"taxonomy":"product_tag","embeddable":true,"href":"https:\/\/www.pharmacy4pets.nl\/be\/wp-json\/wp\/v2\/product_tag?post=120707"}],"curies":[{"name":"wp","href":"https:\/\/api.w.org\/{rel}","templated":true}]}}