{"id":120702,"date":"2024-08-29T14:16:03","date_gmt":"2024-08-29T14:16:03","guid":{"rendered":"https:\/\/p4p.test\/movoflex-kat-30-stuks"},"modified":"2026-04-14T08:05:51","modified_gmt":"2026-04-14T08:05:51","slug":"movoflex-kat-30-stuks","status":"publish","type":"product","link":"https:\/\/www.pharmacy4pets.nl\/be\/movoflex-kat-30-stuks","title":{"rendered":"Movoflex Kat | 30 soft chews"},"content":{"rendered":"<h1>Movoflex Kat<\/h1>\n<p>Movoflex voor katten is een voedingssupplement in de vorm van kauwtabletten dat speciaal ontwikkeld is ter ondersteuning van gewrichten en mobiliteit. Het belangrijkste actieve bestanddeel van Movoflex Kat is eischaalmembraan, een stof die rijk is aan collageen, elastine en peptiden, welke essentieel zijn voor verbeterde mobiliteit en elasticiteit.<\/p>\n<p>Door het eischaalmembraan te combineren met vier andere ingredi\u00ebnten die bekend staan om hun positieve effecten op de gewrichten, zoals hyaluronzuur, algenmeel en krillmeel, draagt Movoflex bij aan het behoud van gezonde gewrichten. De eerste effecten zijn al na een week merkbaar.<\/p>\n<p>Dosering:<br \/>1x per dag 1 soft chew.<\/p>\n","protected":false},"excerpt":{"rendered":"<p>Movoflex Kat Movoflex voor katten is een voedingssupplement in de vorm van kauwtabletten dat speciaal ontwikkeld is ter ondersteuning van gewrichten en mobiliteit. Het belangrijkste actieve bestanddeel van Movoflex Kat is eischaalmembraan, een stof die rijk is aan collageen, elastine en peptiden, welke essentieel zijn voor verbeterde mobiliteit en elasticiteit. Door het eischaalmembraan te combineren [&hellip;]<\/p>\n","protected":false},"featured_media":120701,"comment_status":"open","ping_status":"closed","template":"","meta":{"_acf_changed":false,"_nl_post_content":"<h1>Movoflex Kat<\/h1>\r\n<p>Movoflex voor katten is een voedingssupplement in de vorm van kauwtabletten dat speciaal ontwikkeld is ter ondersteuning van gewrichten en mobiliteit. Het belangrijkste actieve bestanddeel van Movoflex Kat is eischaalmembraan, een stof die rijk is aan collageen, elastine en peptiden, welke essentieel zijn voor verbeterde mobiliteit en elasticiteit.<\/p>\r\n<p>Door het eischaalmembraan te combineren met vier andere ingredi\u00ebnten die bekend staan om hun positieve effecten op de gewrichten, zoals hyaluronzuur, algenmeel en krillmeel, draagt Movoflex bij aan het behoud van gezonde gewrichten. De eerste effecten zijn al na een week merkbaar.<\/p>\r\n<p>Dosering:<br \/>1x per dag 1 soft chew.<\/p>","_nl_post_name":"movoflex-kat-30-stuks","_nl_post_excerpt":"","_nl_post_title":"Movoflex Kat | 30 soft chews","_en_post_content":"<h1>Movoflex Cat<\/h1>\n<p>Movoflex for cats is a dietary supplement in the form of chewable tablets specially developed to support joints and mobility. The main active ingredient of Movoflex Cat is eggshell membrane, a substance rich in collagen, elastin and peptides, which are essential for improved mobility and elasticity.<\/p>\n<p>By combining eggshell membrane with four other ingredients known for their positive effects on joints, such as hyaluronic acid, algae meal and krill meal, Movoflex contributes to maintaining healthy joints. The first effects are noticeable after just one week.<\/p>\n<p>Dosage: 1 soft chew once a day.<\/p>","_en_post_name":"movoflex-cat-30-pieces","_en_post_excerpt":"","_en_post_title":"Movoflex Cat | 30 soft chews","_de_post_content":"<h1>Movoflex Katze<\/h1>\n<p>Movoflex f\u00fcr Katzen ist ein Nahrungserg\u00e4nzungsmittel in Form von Kautabletten, das speziell zur Unterst\u00fctzung der Gelenke und der Mobilit\u00e4t entwickelt wurde. Der Hauptwirkstoff von Movoflex Cat ist Eierschalenmembran, eine Substanz, die reich an Kollagen, Elastin und Peptiden ist, die f\u00fcr eine verbesserte Mobilit\u00e4t und Elastizit\u00e4t unerl\u00e4sslich sind.<\/p>\n<p>Durch die Kombination von Eierschalenmembran mit vier weiteren Inhaltsstoffen, die f\u00fcr ihre positive Wirkung auf die Gelenke bekannt sind, wie Hyalurons\u00e4ure, Algenmehl und Krillmehl, tr\u00e4gt Movoflex zur Erhaltung gesunder Gelenke bei. Die ersten Effekte sind bereits nach einer Woche sp\u00fcrbar.<\/p>\n<p>Dosierung:<br \/>1 Mal t\u00e4glich einen soft chew.<\/p>","_de_post_name":"movoflex-katze-30-stuck","_de_post_excerpt":"","_de_post_title":"Movoflex Katze | 30 soft chews","_fr_post_content":"<h1>Movoflex Chat<\/h1>\n<p>Movoflex pour chats est un compl\u00e9ment alimentaire sous forme de comprim\u00e9s \u00e0 croquer sp\u00e9cialement d\u00e9velopp\u00e9 pour soutenir les articulations et la mobilit\u00e9. Le principal ingr\u00e9dient actif de Movoflex Cat est la membrane de coquille d'\u0153uf, une substance riche en collag\u00e8ne, en \u00e9lastine et en peptides, qui sont essentiels pour am\u00e9liorer la mobilit\u00e9 et l'\u00e9lasticit\u00e9.<\/p>\n<p>En associant la membrane de coquille d'\u0153uf \u00e0 quatre autres ingr\u00e9dients connus pour leurs effets positifs sur les articulations, tels que l'acide hyaluronique, la farine d'algues et la farine de krill, Movoflex contribue au maintien de la sant\u00e9 des articulations. Les premiers effets sont perceptibles d\u00e8s une semaine.<\/p>\n<p>Dosage : 1 comprim\u00e9 \u00e0 m\u00e2cher une fois par jour.<\/p>","_fr_post_name":"movoflex-chat-30-pieces","_fr_post_excerpt":"","_fr_post_title":"Movoflex Chat | 30 pi\u00e8ces","_es_post_content":"<h1>Movoflex Gato<\/h1>\n<p>Movoflex para gatos es un suplemento diet\u00e9tico en forma de comprimidos masticables especialmente desarrollado para favorecer las articulaciones y la movilidad. El principal ingrediente activo de Movoflex Cat es la membrana de c\u00e1scara de huevo, una sustancia rica en col\u00e1geno, elastina y p\u00e9ptidos, que son esenciales para mejorar la movilidad y la elasticidad.<\/p>\n<p>Al combinar la membrana de c\u00e1scara de huevo con otros cuatro ingredientes conocidos por sus efectos positivos sobre las articulaciones, como el \u00e1cido hialur\u00f3nico, la harina de algas y la harina de krill, Movoflex contribuye a mantener unas articulaciones sanas. Los primeros efectos son perceptibles al cabo de una semana.<\/p>\n<p>Dosis: 1 masticaci\u00f3n suave una vez al d\u00eda.<\/p>","_es_post_name":"movoflex-gato-30-piezas","_es_post_excerpt":"","_es_post_title":"Movoflex Gato | 30 soft chews","edit_language":"nl"},"product_brand":[],"product_cat":[1874,1118,1871,1857,2136],"product_tag":[],"class_list":{"0":"post-120702","1":"product","2":"type-product","3":"status-publish","4":"has-post-thumbnail","6":"product_cat-gewrichten","7":"product_cat-katten","8":"product_cat-medicijnen-supplementen","9":"product_cat-merken","10":"product_cat-movoflex","11":"pa_aandoening-gewrichten","12":"pa_doeldier-kat","13":"pa_fabricatieland-frankrijk","14":"pa_merkfilter-movoflex","15":"pa_merkgroep-virbac","16":"pa_productsoort-voedingssupplement","17":"pa_toedieningswijze-kauwbrokjes","18":"pa_unit_pricing_base_measure-1ct","19":"pa_unit_pricing_measure-30ct","20":"pa_werkzamestof-overig","22":"first","23":"instock","24":"taxable","25":"shipping-taxable","26":"purchasable","27":"product-type-simple"},"yoast_head":"<!-- This site is optimized with the Yoast SEO plugin v27.5 - https:\/\/yoast.com\/product\/yoast-seo-wordpress\/ -->\n<title>Movoflex Kat<\/title>\n<meta name=\"robots\" content=\"index, follow, max-snippet:-1, max-image-preview:large, max-video-preview:-1\" \/>\n<link rel=\"canonical\" href=\"https:\/\/www.pharmacy4pets.nl\/movoflex-kat-30-stuks\" \/>\n<meta property=\"og:locale\" content=\"nl_NL\" \/>\n<meta property=\"og:type\" content=\"article\" \/>\n<meta property=\"og:title\" content=\"Movoflex Kat\" \/>\n<meta property=\"og:description\" content=\"Movoflex Kat Movoflex voor katten is een voedingssupplement in de vorm van kauwtabletten dat speciaal ontwikkeld is ter ondersteuning van gewrichten en mobiliteit. Het belangrijkste actieve bestanddeel van Movoflex Kat is eischaalmembraan, een stof die rijk is aan collageen, elastine en peptiden, welke essentieel zijn voor verbeterde mobiliteit en elasticiteit. Door het eischaalmembraan te combineren [&hellip;]\" \/>\n<meta property=\"og:url\" content=\"https:\/\/www.pharmacy4pets.nl\/movoflex-kat-30-stuks\" \/>\n<meta property=\"og:site_name\" content=\"Pharmacy4pets\" \/>\n<meta property=\"article:publisher\" content=\"https:\/\/www.facebook.com\/people\/Pharmacy4petsnl\/100063484989896\/\" \/>\n<meta property=\"article:modified_time\" content=\"2026-04-14T08:05:51+00:00\" \/>\n<meta property=\"og:image\" content=\"https:\/\/www.pharmacy4pets.nl\/wp-content\/uploads\/2024\/08\/movoflex_kat.png\" \/>\n\t<meta property=\"og:image:width\" content=\"503\" \/>\n\t<meta property=\"og:image:height\" content=\"503\" \/>\n\t<meta property=\"og:image:type\" content=\"image\/png\" \/>\n<meta name=\"twitter:card\" content=\"summary_large_image\" \/>\n<script type=\"application\/ld+json\" class=\"yoast-schema-graph\">{\"@context\":\"https:\\\/\\\/schema.org\",\"@graph\":[{\"@type\":\"WebPage\",\"@id\":\"https:\\\/\\\/www.pharmacy4pets.nl\\\/movoflex-kat-30-stuks\",\"url\":\"https:\\\/\\\/www.pharmacy4pets.nl\\\/movoflex-kat-30-stuks\",\"name\":\"Movoflex Kat\",\"isPartOf\":{\"@id\":\"http:\\\/\\\/www.pharmacy4pets.nl\\\/#website\"},\"primaryImageOfPage\":{\"@id\":\"https:\\\/\\\/www.pharmacy4pets.nl\\\/movoflex-kat-30-stuks#primaryimage\"},\"image\":{\"@id\":\"https:\\\/\\\/www.pharmacy4pets.nl\\\/movoflex-kat-30-stuks#primaryimage\"},\"thumbnailUrl\":\"https:\\\/\\\/www.pharmacy4pets.nl\\\/wp-content\\\/uploads\\\/2024\\\/08\\\/movoflex_kat.png\",\"datePublished\":\"2024-08-29T14:16:03+00:00\",\"dateModified\":\"2026-04-14T08:05:51+00:00\",\"breadcrumb\":{\"@id\":\"https:\\\/\\\/www.pharmacy4pets.nl\\\/movoflex-kat-30-stuks#breadcrumb\"},\"inLanguage\":\"nl-NL\",\"potentialAction\":[{\"@type\":\"ReadAction\",\"target\":[\"https:\\\/\\\/www.pharmacy4pets.nl\\\/movoflex-kat-30-stuks\"]}]},{\"@type\":\"ImageObject\",\"inLanguage\":\"nl-NL\",\"@id\":\"https:\\\/\\\/www.pharmacy4pets.nl\\\/movoflex-kat-30-stuks#primaryimage\",\"url\":\"https:\\\/\\\/www.pharmacy4pets.nl\\\/wp-content\\\/uploads\\\/2024\\\/08\\\/movoflex_kat.png\",\"contentUrl\":\"https:\\\/\\\/www.pharmacy4pets.nl\\\/wp-content\\\/uploads\\\/2024\\\/08\\\/movoflex_kat.png\",\"width\":503,\"height\":503,\"caption\":\"Movoflex kat\"},{\"@type\":\"BreadcrumbList\",\"@id\":\"https:\\\/\\\/www.pharmacy4pets.nl\\\/movoflex-kat-30-stuks#breadcrumb\",\"itemListElement\":[{\"@type\":\"ListItem\",\"position\":1,\"name\":\"Home\",\"item\":\"https:\\\/\\\/p4p-nl.bootmine.com\\\/\"},{\"@type\":\"ListItem\",\"position\":2,\"name\":\"Winkel\",\"item\":\"https:\\\/\\\/p4p-nl.bootmine.com\\\/winkel\"},{\"@type\":\"ListItem\",\"position\":3,\"name\":\"Movoflex Kat | 30 soft chews\"}]},{\"@type\":\"WebSite\",\"@id\":\"http:\\\/\\\/www.pharmacy4pets.nl\\\/#website\",\"url\":\"http:\\\/\\\/www.pharmacy4pets.nl\\\/\",\"name\":\"Pharmacy4pets\",\"description\":\"Pharmacy4pets.nl is d\u00e9 online apotheek waar u terecht kunt voor alle diergeneesmiddelen, verzorgingsproducten en dieetvoeding voor uw huisdier.\",\"publisher\":{\"@id\":\"http:\\\/\\\/www.pharmacy4pets.nl\\\/#organization\"},\"potentialAction\":[{\"@type\":\"SearchAction\",\"target\":{\"@type\":\"EntryPoint\",\"urlTemplate\":\"http:\\\/\\\/www.pharmacy4pets.nl\\\/?s={search_term_string}\"},\"query-input\":{\"@type\":\"PropertyValueSpecification\",\"valueRequired\":true,\"valueName\":\"search_term_string\"}}],\"inLanguage\":\"nl-NL\"},{\"@type\":\"Organization\",\"@id\":\"http:\\\/\\\/www.pharmacy4pets.nl\\\/#organization\",\"name\":\"Pharmacy4pets\",\"url\":\"http:\\\/\\\/www.pharmacy4pets.nl\\\/\",\"logo\":{\"@type\":\"ImageObject\",\"inLanguage\":\"nl-NL\",\"@id\":\"http:\\\/\\\/www.pharmacy4pets.nl\\\/#\\\/schema\\\/logo\\\/image\\\/\",\"url\":\"https:\\\/\\\/p4p-nl.bootmine.com\\\/wp-content\\\/uploads\\\/2026\\\/03\\\/logo-pharmacy4pets.png\",\"contentUrl\":\"https:\\\/\\\/p4p-nl.bootmine.com\\\/wp-content\\\/uploads\\\/2026\\\/03\\\/logo-pharmacy4pets.png\",\"width\":1024,\"height\":135,\"caption\":\"Pharmacy4pets\"},\"image\":{\"@id\":\"http:\\\/\\\/www.pharmacy4pets.nl\\\/#\\\/schema\\\/logo\\\/image\\\/\"},\"sameAs\":[\"https:\\\/\\\/www.facebook.com\\\/people\\\/Pharmacy4petsnl\\\/100063484989896\\\/\",\"https:\\\/\\\/www.youtube.com\\\/channel\\\/UCGPTIgucgli03tP2_kvLkHg\\\/featured\",\"https:\\\/\\\/www.instagram.com\\\/pharmacy4pets.nl\"]}]}<\/script>\n<!-- \/ Yoast SEO plugin. -->","yoast_head_json":{"title":"Movoflex Kat","robots":{"index":"index","follow":"follow","max-snippet":"max-snippet:-1","max-image-preview":"max-image-preview:large","max-video-preview":"max-video-preview:-1"},"canonical":"https:\/\/www.pharmacy4pets.nl\/movoflex-kat-30-stuks","og_locale":"nl_NL","og_type":"article","og_title":"Movoflex Kat","og_description":"Movoflex Kat Movoflex voor katten is een voedingssupplement in de vorm van kauwtabletten dat speciaal ontwikkeld is ter ondersteuning van gewrichten en mobiliteit. Het belangrijkste actieve bestanddeel van Movoflex Kat is eischaalmembraan, een stof die rijk is aan collageen, elastine en peptiden, welke essentieel zijn voor verbeterde mobiliteit en elasticiteit. Door het eischaalmembraan te combineren [&hellip;]","og_url":"https:\/\/www.pharmacy4pets.nl\/movoflex-kat-30-stuks","og_site_name":"Pharmacy4pets","article_publisher":"https:\/\/www.facebook.com\/people\/Pharmacy4petsnl\/100063484989896\/","article_modified_time":"2026-04-14T08:05:51+00:00","og_image":[{"width":503,"height":503,"url":"https:\/\/www.pharmacy4pets.nl\/wp-content\/uploads\/2024\/08\/movoflex_kat.png","type":"image\/png"}],"twitter_card":"summary_large_image","schema":{"@context":"https:\/\/schema.org","@graph":[{"@type":"WebPage","@id":"https:\/\/www.pharmacy4pets.nl\/movoflex-kat-30-stuks","url":"https:\/\/www.pharmacy4pets.nl\/movoflex-kat-30-stuks","name":"Movoflex Kat","isPartOf":{"@id":"http:\/\/www.pharmacy4pets.nl\/#website"},"primaryImageOfPage":{"@id":"https:\/\/www.pharmacy4pets.nl\/movoflex-kat-30-stuks#primaryimage"},"image":{"@id":"https:\/\/www.pharmacy4pets.nl\/movoflex-kat-30-stuks#primaryimage"},"thumbnailUrl":"https:\/\/www.pharmacy4pets.nl\/wp-content\/uploads\/2024\/08\/movoflex_kat.png","datePublished":"2024-08-29T14:16:03+00:00","dateModified":"2026-04-14T08:05:51+00:00","breadcrumb":{"@id":"https:\/\/www.pharmacy4pets.nl\/movoflex-kat-30-stuks#breadcrumb"},"inLanguage":"nl-NL","potentialAction":[{"@type":"ReadAction","target":["https:\/\/www.pharmacy4pets.nl\/movoflex-kat-30-stuks"]}]},{"@type":"ImageObject","inLanguage":"nl-NL","@id":"https:\/\/www.pharmacy4pets.nl\/movoflex-kat-30-stuks#primaryimage","url":"https:\/\/www.pharmacy4pets.nl\/wp-content\/uploads\/2024\/08\/movoflex_kat.png","contentUrl":"https:\/\/www.pharmacy4pets.nl\/wp-content\/uploads\/2024\/08\/movoflex_kat.png","width":503,"height":503,"caption":"Movoflex kat"},{"@type":"BreadcrumbList","@id":"https:\/\/www.pharmacy4pets.nl\/movoflex-kat-30-stuks#breadcrumb","itemListElement":[{"@type":"ListItem","position":1,"name":"Home","item":"https:\/\/p4p-nl.bootmine.com\/"},{"@type":"ListItem","position":2,"name":"Winkel","item":"https:\/\/p4p-nl.bootmine.com\/winkel"},{"@type":"ListItem","position":3,"name":"Movoflex Kat | 30 soft chews"}]},{"@type":"WebSite","@id":"http:\/\/www.pharmacy4pets.nl\/#website","url":"http:\/\/www.pharmacy4pets.nl\/","name":"Pharmacy4pets","description":"Pharmacy4pets.nl is d\u00e9 online apotheek waar u terecht kunt voor alle diergeneesmiddelen, verzorgingsproducten en dieetvoeding voor uw huisdier.","publisher":{"@id":"http:\/\/www.pharmacy4pets.nl\/#organization"},"potentialAction":[{"@type":"SearchAction","target":{"@type":"EntryPoint","urlTemplate":"http:\/\/www.pharmacy4pets.nl\/?s={search_term_string}"},"query-input":{"@type":"PropertyValueSpecification","valueRequired":true,"valueName":"search_term_string"}}],"inLanguage":"nl-NL"},{"@type":"Organization","@id":"http:\/\/www.pharmacy4pets.nl\/#organization","name":"Pharmacy4pets","url":"http:\/\/www.pharmacy4pets.nl\/","logo":{"@type":"ImageObject","inLanguage":"nl-NL","@id":"http:\/\/www.pharmacy4pets.nl\/#\/schema\/logo\/image\/","url":"https:\/\/p4p-nl.bootmine.com\/wp-content\/uploads\/2026\/03\/logo-pharmacy4pets.png","contentUrl":"https:\/\/p4p-nl.bootmine.com\/wp-content\/uploads\/2026\/03\/logo-pharmacy4pets.png","width":1024,"height":135,"caption":"Pharmacy4pets"},"image":{"@id":"http:\/\/www.pharmacy4pets.nl\/#\/schema\/logo\/image\/"},"sameAs":["https:\/\/www.facebook.com\/people\/Pharmacy4petsnl\/100063484989896\/","https:\/\/www.youtube.com\/channel\/UCGPTIgucgli03tP2_kvLkHg\/featured","https:\/\/www.instagram.com\/pharmacy4pets.nl"]}]}},"market_data":{"nl":{"price":0,"sale_price":0,"active":false,"url":null,"parent_url":"","tax_rate":0,"price_inc_tax":0,"sale_price_inc_tax":0},"de":{"price":0,"sale_price":0,"active":false,"url":null,"parent_url":"","tax_rate":0,"price_inc_tax":0,"sale_price_inc_tax":0},"be":{"price":0,"sale_price":0,"active":false,"url":null,"parent_url":"","tax_rate":0,"price_inc_tax":0,"sale_price_inc_tax":0},"fr":{"price":0,"sale_price":0,"active":false,"url":null,"parent_url":"","tax_rate":0,"price_inc_tax":0,"sale_price_inc_tax":0},"ch":{"price":0,"sale_price":0,"active":false,"url":null,"parent_url":"","tax_rate":0,"price_inc_tax":0,"sale_price_inc_tax":0},"at":{"price":0,"sale_price":0,"active":false,"url":null,"parent_url":"","tax_rate":0,"price_inc_tax":0,"sale_price_inc_tax":0},"es":{"price":0,"sale_price":0,"active":false,"url":null,"parent_url":"","tax_rate":0,"price_inc_tax":0,"sale_price_inc_tax":0},"dk":{"price":0,"sale_price":0,"active":false,"url":null,"parent_url":"","tax_rate":0,"price_inc_tax":0,"sale_price_inc_tax":0},"com":{"price":0,"sale_price":0,"active":false,"url":null,"parent_url":"","tax_rate":0,"price_inc_tax":0,"sale_price_inc_tax":0}},"market_nl_price":0,"market_nl_sale_price":0,"market_nl_active":false,"market_nl_url":null,"market_nl_parent_url":"","market_nl_tax_rate":0,"market_nl_price_inc_tax":0,"market_nl_sale_price_inc_tax":0,"market_de_price":0,"market_de_sale_price":0,"market_de_active":false,"market_de_url":null,"market_de_parent_url":"","market_de_tax_rate":0,"market_de_price_inc_tax":0,"market_de_sale_price_inc_tax":0,"market_be_price":0,"market_be_sale_price":0,"market_be_active":false,"market_be_url":null,"market_be_parent_url":"","market_be_tax_rate":0,"market_be_price_inc_tax":0,"market_be_sale_price_inc_tax":0,"market_fr_price":0,"market_fr_sale_price":0,"market_fr_active":false,"market_fr_url":null,"market_fr_parent_url":"","market_fr_tax_rate":0,"market_fr_price_inc_tax":0,"market_fr_sale_price_inc_tax":0,"market_ch_price":0,"market_ch_sale_price":0,"market_ch_active":false,"market_ch_url":null,"market_ch_parent_url":"","market_ch_tax_rate":0,"market_ch_price_inc_tax":0,"market_ch_sale_price_inc_tax":0,"market_at_price":0,"market_at_sale_price":0,"market_at_active":false,"market_at_url":null,"market_at_parent_url":"","market_at_tax_rate":0,"market_at_price_inc_tax":0,"market_at_sale_price_inc_tax":0,"market_es_price":0,"market_es_sale_price":0,"market_es_active":false,"market_es_url":null,"market_es_parent_url":"","market_es_tax_rate":0,"market_es_price_inc_tax":0,"market_es_sale_price_inc_tax":0,"market_dk_price":0,"market_dk_sale_price":0,"market_dk_active":false,"market_dk_url":null,"market_dk_parent_url":"","market_dk_tax_rate":0,"market_dk_price_inc_tax":0,"market_dk_sale_price_inc_tax":0,"market_com_price":0,"market_com_sale_price":0,"market_com_active":false,"market_com_url":null,"market_com_parent_url":"","market_com_tax_rate":0,"market_com_price_inc_tax":0,"market_com_sale_price_inc_tax":0,"acf":[],"_links":{"self":[{"href":"https:\/\/www.pharmacy4pets.nl\/be\/wp-json\/wp\/v2\/product\/120702","targetHints":{"allow":["GET"]}}],"collection":[{"href":"https:\/\/www.pharmacy4pets.nl\/be\/wp-json\/wp\/v2\/product"}],"about":[{"href":"https:\/\/www.pharmacy4pets.nl\/be\/wp-json\/wp\/v2\/types\/product"}],"replies":[{"embeddable":true,"href":"https:\/\/www.pharmacy4pets.nl\/be\/wp-json\/wp\/v2\/comments?post=120702"}],"wp:featuredmedia":[{"embeddable":true,"href":"https:\/\/www.pharmacy4pets.nl\/be\/wp-json\/wp\/v2\/media\/120701"}],"wp:attachment":[{"href":"https:\/\/www.pharmacy4pets.nl\/be\/wp-json\/wp\/v2\/media?parent=120702"}],"wp:term":[{"taxonomy":"product_brand","embeddable":true,"href":"https:\/\/www.pharmacy4pets.nl\/be\/wp-json\/wp\/v2\/product_brand?post=120702"},{"taxonomy":"product_cat","embeddable":true,"href":"https:\/\/www.pharmacy4pets.nl\/be\/wp-json\/wp\/v2\/product_cat?post=120702"},{"taxonomy":"product_tag","embeddable":true,"href":"https:\/\/www.pharmacy4pets.nl\/be\/wp-json\/wp\/v2\/product_tag?post=120702"}],"curies":[{"name":"wp","href":"https:\/\/api.w.org\/{rel}","templated":true}]}}