{"id":120692,"date":"2024-06-04T10:57:43","date_gmt":"2024-06-04T10:57:43","guid":{"rendered":"https:\/\/p4p.test\/allerderm-gevoelige-huid-shampoo-250-ml"},"modified":"2026-04-14T08:05:51","modified_gmt":"2026-04-14T08:05:51","slug":"allerderm-gevoelige-huid-shampoo-250-ml","status":"publish","type":"product","link":"https:\/\/www.pharmacy4pets.nl\/be\/allerderm-gevoelige-huid-shampoo-250-ml","title":{"rendered":"Allerderm gevoelige huid shampoo 250 ml"},"content":{"rendered":"<h1>Allerderm gevoelige huid shampoo 250 ml<\/h1>\n<p>Allerderm gevoelige huid shampoo is speciaal ontwikkeld voor het reinigen van de droge en gevoelige huid van honden, katten, pups en kittens. Het is een natuurlijk product op basis van havermeel, een zeepvrije, verzachtende shampoo.<\/p>\n<p>Mooie vacht:<br \/>&#8211; glanzend, klitvrij, aangenaam ruikend<\/p>\n<p>Verbeterde huidvitaliteit met SIS (Skin Innovative Science technology):<br \/>&#8211; preventie van aanhechting van micro-organismen (Glycotechnologie) <br \/>&#8211;\u00a0stimulatie van de natuurlijke afweer van de huid (Defensine technologie)<\/p>\n<p><span style=\"text-decoration: underline;\">Toediening:<\/span><br \/>Maak de vacht goed nat met lauwwarm water. Masseer de shampoo goed in de natte vacht en op de huid. Spoel uit en herhaal de behandeling. Laat bij de tweede wassing de shampoo 3-10 minuten inwerken en spoel daarna goed uit.<\/p>\n<p><span style=\"text-decoration: underline;\">Dosering:<\/span><br \/>Kan wekelijks toegepast worden of volgens advies van de dierenarts.<\/p>\n<p><span style=\"text-decoration: underline;\">Verpakking:<\/span><br \/>De verpakking bevat 250 ml.<\/p>\n","protected":false},"excerpt":{"rendered":"<p>Allerderm gevoelige huid shampoo 250 ml Allerderm gevoelige huid shampoo is speciaal ontwikkeld voor het reinigen van de droge en gevoelige huid van honden, katten, pups en kittens. Het is een natuurlijk product op basis van havermeel, een zeepvrije, verzachtende shampoo. Mooie vacht:&#8211; glanzend, klitvrij, aangenaam ruikend Verbeterde huidvitaliteit met SIS (Skin Innovative Science technology):&#8211; [&hellip;]<\/p>\n","protected":false},"featured_media":120691,"comment_status":"open","ping_status":"closed","template":"","meta":{"_acf_changed":false,"_nl_post_content":"<h1>Allerderm gevoelige huid shampoo 250 ml<\/h1>\r\n<p>Allerderm gevoelige huid shampoo is speciaal ontwikkeld voor het reinigen van de droge en gevoelige huid van honden, katten, pups en kittens. Het is een natuurlijk product op basis van havermeel, een zeepvrije, verzachtende shampoo.<\/p>\r\n<p>Mooie vacht:<br \/>- glanzend, klitvrij, aangenaam ruikend<\/p>\r\n<p>Verbeterde huidvitaliteit met SIS (Skin Innovative Science technology):<br \/>- preventie van aanhechting van micro-organismen (Glycotechnologie) <br \/>-\u00a0stimulatie van de natuurlijke afweer van de huid (Defensine technologie)<\/p>\r\n<p><span style=\"text-decoration: underline;\">Toediening:<\/span><br \/>Maak de vacht goed nat met lauwwarm water. Masseer de shampoo goed in de natte vacht en op de huid. Spoel uit en herhaal de behandeling. Laat bij de tweede wassing de shampoo 3-10 minuten inwerken en spoel daarna goed uit.<\/p>\r\n<p><span style=\"text-decoration: underline;\">Dosering:<\/span><br \/>Kan wekelijks toegepast worden of volgens advies van de dierenarts.<br \/><br \/><span style=\"text-decoration: underline;\">Verpakking:<\/span><br \/>De verpakking bevat 250 ml.<\/p>","_nl_post_name":"allerderm-gevoelige-huid-shampoo-250-ml","_nl_post_excerpt":"","_nl_post_title":"Allerderm gevoelige huid shampoo 250 ml","_en_post_content":"<h1>Allerderm sensitive skin shampoo 250 ml<\/h1>\r\n<p>Allerderm sensitive skin shampoo is specially designed to clean the dry and sensitive skin of dogs, cats, puppies and kittens. It is a natural oatmeal product, a soap-free, softening shampoo.<br \/><br \/><span style=\"text-decoration: underline;\"> Administration:<\/span><br \/>Wet the fur well with lukewarm water. Massage the shampoo well in the wet fur and on the skin. Rinse out and repeat the treatment. At the second wash, let the shampoo work for 3-10 minutes and then rinse well.<br \/><br \/><span style=\"text-decoration: underline;\"> Dosage:<\/span><br \/>Can be applied weekly or as recommended by the vet.<br \/><br \/><span style=\"text-decoration: underline;\"> Package:<\/span><br \/>The package contains 250 ml.<\/p>","_en_post_name":"allerderm-sensitive-skin-shampoo-250-ml","_en_post_excerpt":"","_en_post_title":"Allerderm sensitive skin shampoo 250 ml","_de_post_content":"<h1>Allerderm Shampoo f\u00fcr sensible Haut 250 ml<\/h1>\r\n<p>Allerderm Shampoo f\u00fcr sensible Haut ist speziell entwickelt um die trockene und empfindliche Haut von Hunden, Katzen, Welpen und K\u00e4tzchen zu reinigen. Es ist ein nat\u00fcrliches Produkt, ein seifenfreies, erweichendes Shampoo.<br \/><br \/>Ein sch\u00f6nes Fell:<br \/>- gl\u00e4nzend, ohne Kletten, angenehm riechend<br \/><br \/>Verbesserte Vitalit\u00e4t der Haut mit SIS (Skin Innovative Science Technologie):<br \/>- verhinderung der Anlagerung von Mikroorganismen (Glycotechnology)<br \/>- stimulation der nat\u00fcrlichen Hautbildung der Haut (Defensin-Technologie)<\/p>\r\n<p><span style=\"text-decoration: underline;\">Anwendung:<\/span><br \/>1. Haut und Fell mit warmem Wasser nass machen<br \/>2. Shampoo auftragen<br \/>3. Einmassieren und aussp\u00fclen, wiederholen, dabei 3 bis 10 Minuten einwirken lassen<br \/>4. Gr\u00fcndlich mit klarem Wasser sp\u00fclen<\/p>\r\n<p><span style=\"text-decoration: underline;\">Dosierung:<\/span><br \/>Kann w\u00f6chentlich oder wie vom Tierarzt empfohlen angewendet werden.<br \/><br \/><span style=\"text-decoration: underline;\">Verpackung:<\/span><br \/>Die Verpackung enth\u00e4lt 250 ml.<\/p>","_de_post_name":"allerderm-shampoo-fur-sensible-haut-250-ml","_de_post_excerpt":"","_de_post_title":"Allerderm Shampoo f\u00fcr sensible Haut 250 ml","_fr_post_content":"<h1>Allerderm shampooing peau sensible 250 ml<\/h1>\r\n<p>Allerderm shampooing peau sensible est con\u00e7u sp\u00e9cialement pour le nettoyage des peaux s\u00e8ches et sensibles des chiens, chats, chiots et chatons. C\u2019est un shampoing apaisant, sans savon naturel, \u00e0 la base de farine d\u2019avoine.<\/p>\r\n<p><br \/>Beau pelage<\/p>\r\n<ul>\r\n<li>Brillant, sans n\u0153uds avec une odeur agr\u00e9able<\/li>\r\n<\/ul>\r\n<p>Am\u00e9liore la vitalit\u00e9 de la peau avec SIS (Skin Innovative Science technology) :<\/p>\r\n<ul>\r\n<li>Pr\u00e9vention de fixation des micros-organismes (Technologie Glyco)<\/li>\r\n<li>Stimulation des d\u00e9fenses naturelles de la peau (Technologie Defensive)<\/li>\r\n<\/ul>\r\n<p><br \/><span style=\"text-decoration: underline;\">Administration<\/span> <br \/>Humidifiez les poils avec de l\u2019eau ti\u00e8de. Massez bien le shampoing dans les poils et la peau. Rincez et r\u00e9p\u00e9tez le traitement. Laissez impr\u00e9gner le shampoing pendant 3 \u00e0 10 minutes la deuxi\u00e8me fois et rincez bien.<\/p>\r\n<p><span style=\"text-decoration: underline;\">Dosage<\/span> <br \/>Utilisation hebdomadaire possible ou suivez les conseils de votre v\u00e9t\u00e9rinaire.<\/p>\r\n<p><span style=\"text-decoration: underline;\">Emballage<\/span> <br \/>L\u2019emballage contient 250ml<br \/><br \/><\/p>","_fr_post_name":"allerderm-shampooing-peau-sensible-250-ml","_fr_post_excerpt":"","_fr_post_title":"Allerderm shampooing peau sensible 250 ml ","_es_post_content":"<h1>Allerderm champ\u00fa piel sensible 250 ml<\/h1>\r\n<p>Allerderm champ\u00fa piel sensible ha sido especialmente desarrollado para la limpieza de la piel seca y sensible de perros, gatos, cachorros y gatitos. Es un producto natural a base de avena, un champ\u00fa calmante sin jab\u00f3n.<\/p>\r\n<p>Hermoso abrigo:<br \/>- brillante, sin enredos, olor agradable<\/p>\r\n<p>Mejora de la vitalidad de la piel con SIS (tecnolog\u00eda Skin Innovative Science):<br \/>- prevenci\u00f3n de la fijaci\u00f3n de microorganismos (Glicotecnolog\u00eda)<br \/>-\u00a0estimulaci\u00f3n de las defensas naturales de la piel (tecnolog\u00eda defensina)<\/p>\r\n<p><span style=\"text-decoration: underline;\">Administraci\u00f3n:<\/span><br \/>Humedece bien el pelaje con agua tibia. Masajee bien el champ\u00fa sobre el pelaje mojado y sobre la piel. Enjuague y repita el tratamiento. Con el segundo lavado, deja actuar el champ\u00fa durante 3-10 minutos y luego enjuaga bien.<\/p>\r\n<p><span style=\"text-decoration: underline;\">Dosis:<\/span><br \/>Se puede aplicar semanalmente o seg\u00fan consejo veterinario.<\/p>\r\n<p><span style=\"text-decoration: underline;\">Embalaje:<\/span><br \/>El envase contiene 250 ml.<\/p>","_es_post_name":"allerderm-champu-piel-sensible-250-ml","_es_post_excerpt":"","_es_post_title":"Allerderm champ\u00fa piel sensible 250 ml","edit_language":"nl"},"product_brand":[],"product_cat":[1891,1861,1117,1118,1839,1855,2125,2131,1863,1893],"product_tag":[],"class_list":{"0":"post-120692","1":"product","2":"type-product","3":"status-publish","4":"has-post-thumbnail","6":"product_cat-benodigdheden","8":"product_cat-honden","9":"product_cat-katten","10":"product_cat-medicijnen-supplementen","11":"product_cat-pijn-ontsteking","12":"product_cat-shampoos-en-conditioners","14":"product_cat-verzorging","16":"pa_aandoening-huid_vacht","17":"pa_doeldier-hond","18":"pa_doeldier-kat","19":"pa_fabricatieland-frankrijk","20":"pa_merkfilter-allercalm","21":"pa_merkgroep-virbac","22":"pa_productsoort-overig","23":"pa_seo_canonical_store_id-not_found_value","24":"pa_seo_category-not_found_value","25":"pa_seo_meta_robots-not_found_value","26":"pa_toedieningswijze-shampoo","27":"pa_unit_pricing_base_measure-100ml","28":"pa_unit_pricing_measure-250ml","29":"pa_werkzamestof-overig","31":"first","32":"instock","33":"taxable","34":"shipping-taxable","35":"purchasable","36":"product-type-simple"},"yoast_head":"<!-- This site is optimized with the Yoast SEO plugin v27.5 - https:\/\/yoast.com\/product\/yoast-seo-wordpress\/ -->\n<title>Allerderm gevoelige huid shampoo 250 ml - Pharmacy4pets<\/title>\n<meta name=\"robots\" content=\"index, follow, max-snippet:-1, max-image-preview:large, max-video-preview:-1\" \/>\n<link rel=\"canonical\" href=\"https:\/\/www.pharmacy4pets.nl\/be\/allerderm-gevoelige-huid-shampoo-250-ml\" \/>\n<meta property=\"og:locale\" content=\"nl_NL\" \/>\n<meta property=\"og:type\" content=\"article\" \/>\n<meta property=\"og:title\" content=\"Allerderm gevoelige huid shampoo 250 ml - Pharmacy4pets\" \/>\n<meta property=\"og:description\" content=\"Allerderm gevoelige huid shampoo 250 ml Allerderm gevoelige huid shampoo is speciaal ontwikkeld voor het reinigen van de droge en gevoelige huid van honden, katten, pups en kittens. Het is een natuurlijk product op basis van havermeel, een zeepvrije, verzachtende shampoo. Mooie vacht:&#8211; glanzend, klitvrij, aangenaam ruikend Verbeterde huidvitaliteit met SIS (Skin Innovative Science technology):&#8211; [&hellip;]\" \/>\n<meta property=\"og:url\" content=\"https:\/\/www.pharmacy4pets.nl\/be\/allerderm-gevoelige-huid-shampoo-250-ml\" \/>\n<meta property=\"og:site_name\" content=\"Pharmacy4pets\" \/>\n<meta property=\"article:publisher\" content=\"https:\/\/www.facebook.com\/people\/Pharmacy4petsnl\/100063484989896\/\" \/>\n<meta property=\"article:modified_time\" content=\"2026-04-14T08:05:51+00:00\" \/>\n<meta property=\"og:image\" content=\"https:\/\/www.pharmacy4pets.nl\/wp-content\/uploads\/2024\/06\/allerderm_gevoelige_huid_1.png\" \/>\n\t<meta property=\"og:image:width\" content=\"594\" \/>\n\t<meta property=\"og:image:height\" content=\"594\" \/>\n\t<meta property=\"og:image:type\" content=\"image\/png\" \/>\n<meta name=\"twitter:card\" content=\"summary_large_image\" \/>\n<meta name=\"twitter:label1\" content=\"Geschatte leestijd\" \/>\n\t<meta name=\"twitter:data1\" content=\"1 minuut\" \/>\n<script type=\"application\/ld+json\" class=\"yoast-schema-graph\">{\"@context\":\"https:\\\/\\\/schema.org\",\"@graph\":[{\"@type\":\"WebPage\",\"@id\":\"https:\\\/\\\/www.pharmacy4pets.nl\\\/be\\\/allerderm-gevoelige-huid-shampoo-250-ml\",\"url\":\"https:\\\/\\\/www.pharmacy4pets.nl\\\/be\\\/allerderm-gevoelige-huid-shampoo-250-ml\",\"name\":\"Allerderm gevoelige huid shampoo 250 ml - Pharmacy4pets\",\"isPartOf\":{\"@id\":\"http:\\\/\\\/www.pharmacy4pets.nl\\\/#website\"},\"primaryImageOfPage\":{\"@id\":\"https:\\\/\\\/www.pharmacy4pets.nl\\\/be\\\/allerderm-gevoelige-huid-shampoo-250-ml#primaryimage\"},\"image\":{\"@id\":\"https:\\\/\\\/www.pharmacy4pets.nl\\\/be\\\/allerderm-gevoelige-huid-shampoo-250-ml#primaryimage\"},\"thumbnailUrl\":\"https:\\\/\\\/www.pharmacy4pets.nl\\\/wp-content\\\/uploads\\\/2024\\\/06\\\/allerderm_gevoelige_huid_1.png\",\"datePublished\":\"2024-06-04T10:57:43+00:00\",\"dateModified\":\"2026-04-14T08:05:51+00:00\",\"breadcrumb\":{\"@id\":\"https:\\\/\\\/www.pharmacy4pets.nl\\\/be\\\/allerderm-gevoelige-huid-shampoo-250-ml#breadcrumb\"},\"inLanguage\":\"nl-NL\",\"potentialAction\":[{\"@type\":\"ReadAction\",\"target\":[\"https:\\\/\\\/www.pharmacy4pets.nl\\\/be\\\/allerderm-gevoelige-huid-shampoo-250-ml\"]}]},{\"@type\":\"ImageObject\",\"inLanguage\":\"nl-NL\",\"@id\":\"https:\\\/\\\/www.pharmacy4pets.nl\\\/be\\\/allerderm-gevoelige-huid-shampoo-250-ml#primaryimage\",\"url\":\"https:\\\/\\\/www.pharmacy4pets.nl\\\/wp-content\\\/uploads\\\/2024\\\/06\\\/allerderm_gevoelige_huid_1.png\",\"contentUrl\":\"https:\\\/\\\/www.pharmacy4pets.nl\\\/wp-content\\\/uploads\\\/2024\\\/06\\\/allerderm_gevoelige_huid_1.png\",\"width\":594,\"height\":594,\"caption\":\"Allerderm gevoelige huid\"},{\"@type\":\"BreadcrumbList\",\"@id\":\"https:\\\/\\\/www.pharmacy4pets.nl\\\/be\\\/allerderm-gevoelige-huid-shampoo-250-ml#breadcrumb\",\"itemListElement\":[{\"@type\":\"ListItem\",\"position\":1,\"name\":\"Home\",\"item\":\"https:\\\/\\\/p4p-nl.bootmine.com\\\/\"},{\"@type\":\"ListItem\",\"position\":2,\"name\":\"Winkel\",\"item\":\"https:\\\/\\\/p4p-nl.bootmine.com\\\/winkel\"},{\"@type\":\"ListItem\",\"position\":3,\"name\":\"Allerderm gevoelige huid shampoo 250 ml\"}]},{\"@type\":\"WebSite\",\"@id\":\"http:\\\/\\\/www.pharmacy4pets.nl\\\/#website\",\"url\":\"http:\\\/\\\/www.pharmacy4pets.nl\\\/\",\"name\":\"Pharmacy4pets\",\"description\":\"Pharmacy4pets.nl is d\u00e9 online apotheek waar u terecht kunt voor alle diergeneesmiddelen, verzorgingsproducten en dieetvoeding voor uw huisdier.\",\"publisher\":{\"@id\":\"http:\\\/\\\/www.pharmacy4pets.nl\\\/#organization\"},\"potentialAction\":[{\"@type\":\"SearchAction\",\"target\":{\"@type\":\"EntryPoint\",\"urlTemplate\":\"http:\\\/\\\/www.pharmacy4pets.nl\\\/?s={search_term_string}\"},\"query-input\":{\"@type\":\"PropertyValueSpecification\",\"valueRequired\":true,\"valueName\":\"search_term_string\"}}],\"inLanguage\":\"nl-NL\"},{\"@type\":\"Organization\",\"@id\":\"http:\\\/\\\/www.pharmacy4pets.nl\\\/#organization\",\"name\":\"Pharmacy4pets\",\"url\":\"http:\\\/\\\/www.pharmacy4pets.nl\\\/\",\"logo\":{\"@type\":\"ImageObject\",\"inLanguage\":\"nl-NL\",\"@id\":\"http:\\\/\\\/www.pharmacy4pets.nl\\\/#\\\/schema\\\/logo\\\/image\\\/\",\"url\":\"https:\\\/\\\/p4p-nl.bootmine.com\\\/wp-content\\\/uploads\\\/2026\\\/03\\\/logo-pharmacy4pets.png\",\"contentUrl\":\"https:\\\/\\\/p4p-nl.bootmine.com\\\/wp-content\\\/uploads\\\/2026\\\/03\\\/logo-pharmacy4pets.png\",\"width\":1024,\"height\":135,\"caption\":\"Pharmacy4pets\"},\"image\":{\"@id\":\"http:\\\/\\\/www.pharmacy4pets.nl\\\/#\\\/schema\\\/logo\\\/image\\\/\"},\"sameAs\":[\"https:\\\/\\\/www.facebook.com\\\/people\\\/Pharmacy4petsnl\\\/100063484989896\\\/\",\"https:\\\/\\\/www.youtube.com\\\/channel\\\/UCGPTIgucgli03tP2_kvLkHg\\\/featured\",\"https:\\\/\\\/www.instagram.com\\\/pharmacy4pets.nl\"]}]}<\/script>\n<!-- \/ Yoast SEO plugin. -->","yoast_head_json":{"title":"Allerderm gevoelige huid shampoo 250 ml - Pharmacy4pets","robots":{"index":"index","follow":"follow","max-snippet":"max-snippet:-1","max-image-preview":"max-image-preview:large","max-video-preview":"max-video-preview:-1"},"canonical":"https:\/\/www.pharmacy4pets.nl\/be\/allerderm-gevoelige-huid-shampoo-250-ml","og_locale":"nl_NL","og_type":"article","og_title":"Allerderm gevoelige huid shampoo 250 ml - Pharmacy4pets","og_description":"Allerderm gevoelige huid shampoo 250 ml Allerderm gevoelige huid shampoo is speciaal ontwikkeld voor het reinigen van de droge en gevoelige huid van honden, katten, pups en kittens. Het is een natuurlijk product op basis van havermeel, een zeepvrije, verzachtende shampoo. Mooie vacht:&#8211; glanzend, klitvrij, aangenaam ruikend Verbeterde huidvitaliteit met SIS (Skin Innovative Science technology):&#8211; [&hellip;]","og_url":"https:\/\/www.pharmacy4pets.nl\/be\/allerderm-gevoelige-huid-shampoo-250-ml","og_site_name":"Pharmacy4pets","article_publisher":"https:\/\/www.facebook.com\/people\/Pharmacy4petsnl\/100063484989896\/","article_modified_time":"2026-04-14T08:05:51+00:00","og_image":[{"width":594,"height":594,"url":"https:\/\/www.pharmacy4pets.nl\/wp-content\/uploads\/2024\/06\/allerderm_gevoelige_huid_1.png","type":"image\/png"}],"twitter_card":"summary_large_image","twitter_misc":{"Geschatte leestijd":"1 minuut"},"schema":{"@context":"https:\/\/schema.org","@graph":[{"@type":"WebPage","@id":"https:\/\/www.pharmacy4pets.nl\/be\/allerderm-gevoelige-huid-shampoo-250-ml","url":"https:\/\/www.pharmacy4pets.nl\/be\/allerderm-gevoelige-huid-shampoo-250-ml","name":"Allerderm gevoelige huid shampoo 250 ml - Pharmacy4pets","isPartOf":{"@id":"http:\/\/www.pharmacy4pets.nl\/#website"},"primaryImageOfPage":{"@id":"https:\/\/www.pharmacy4pets.nl\/be\/allerderm-gevoelige-huid-shampoo-250-ml#primaryimage"},"image":{"@id":"https:\/\/www.pharmacy4pets.nl\/be\/allerderm-gevoelige-huid-shampoo-250-ml#primaryimage"},"thumbnailUrl":"https:\/\/www.pharmacy4pets.nl\/wp-content\/uploads\/2024\/06\/allerderm_gevoelige_huid_1.png","datePublished":"2024-06-04T10:57:43+00:00","dateModified":"2026-04-14T08:05:51+00:00","breadcrumb":{"@id":"https:\/\/www.pharmacy4pets.nl\/be\/allerderm-gevoelige-huid-shampoo-250-ml#breadcrumb"},"inLanguage":"nl-NL","potentialAction":[{"@type":"ReadAction","target":["https:\/\/www.pharmacy4pets.nl\/be\/allerderm-gevoelige-huid-shampoo-250-ml"]}]},{"@type":"ImageObject","inLanguage":"nl-NL","@id":"https:\/\/www.pharmacy4pets.nl\/be\/allerderm-gevoelige-huid-shampoo-250-ml#primaryimage","url":"https:\/\/www.pharmacy4pets.nl\/wp-content\/uploads\/2024\/06\/allerderm_gevoelige_huid_1.png","contentUrl":"https:\/\/www.pharmacy4pets.nl\/wp-content\/uploads\/2024\/06\/allerderm_gevoelige_huid_1.png","width":594,"height":594,"caption":"Allerderm gevoelige huid"},{"@type":"BreadcrumbList","@id":"https:\/\/www.pharmacy4pets.nl\/be\/allerderm-gevoelige-huid-shampoo-250-ml#breadcrumb","itemListElement":[{"@type":"ListItem","position":1,"name":"Home","item":"https:\/\/p4p-nl.bootmine.com\/"},{"@type":"ListItem","position":2,"name":"Winkel","item":"https:\/\/p4p-nl.bootmine.com\/winkel"},{"@type":"ListItem","position":3,"name":"Allerderm gevoelige huid shampoo 250 ml"}]},{"@type":"WebSite","@id":"http:\/\/www.pharmacy4pets.nl\/#website","url":"http:\/\/www.pharmacy4pets.nl\/","name":"Pharmacy4pets","description":"Pharmacy4pets.nl is d\u00e9 online apotheek waar u terecht kunt voor alle diergeneesmiddelen, verzorgingsproducten en dieetvoeding voor uw huisdier.","publisher":{"@id":"http:\/\/www.pharmacy4pets.nl\/#organization"},"potentialAction":[{"@type":"SearchAction","target":{"@type":"EntryPoint","urlTemplate":"http:\/\/www.pharmacy4pets.nl\/?s={search_term_string}"},"query-input":{"@type":"PropertyValueSpecification","valueRequired":true,"valueName":"search_term_string"}}],"inLanguage":"nl-NL"},{"@type":"Organization","@id":"http:\/\/www.pharmacy4pets.nl\/#organization","name":"Pharmacy4pets","url":"http:\/\/www.pharmacy4pets.nl\/","logo":{"@type":"ImageObject","inLanguage":"nl-NL","@id":"http:\/\/www.pharmacy4pets.nl\/#\/schema\/logo\/image\/","url":"https:\/\/p4p-nl.bootmine.com\/wp-content\/uploads\/2026\/03\/logo-pharmacy4pets.png","contentUrl":"https:\/\/p4p-nl.bootmine.com\/wp-content\/uploads\/2026\/03\/logo-pharmacy4pets.png","width":1024,"height":135,"caption":"Pharmacy4pets"},"image":{"@id":"http:\/\/www.pharmacy4pets.nl\/#\/schema\/logo\/image\/"},"sameAs":["https:\/\/www.facebook.com\/people\/Pharmacy4petsnl\/100063484989896\/","https:\/\/www.youtube.com\/channel\/UCGPTIgucgli03tP2_kvLkHg\/featured","https:\/\/www.instagram.com\/pharmacy4pets.nl"]}]}},"market_data":{"nl":{"price":0,"sale_price":0,"active":false,"url":null,"parent_url":"","tax_rate":0,"price_inc_tax":0,"sale_price_inc_tax":0},"de":{"price":0,"sale_price":0,"active":false,"url":null,"parent_url":"","tax_rate":0,"price_inc_tax":0,"sale_price_inc_tax":0},"be":{"price":0,"sale_price":0,"active":false,"url":null,"parent_url":"","tax_rate":0,"price_inc_tax":0,"sale_price_inc_tax":0},"fr":{"price":0,"sale_price":0,"active":false,"url":null,"parent_url":"","tax_rate":0,"price_inc_tax":0,"sale_price_inc_tax":0},"ch":{"price":0,"sale_price":0,"active":false,"url":null,"parent_url":"","tax_rate":0,"price_inc_tax":0,"sale_price_inc_tax":0},"at":{"price":0,"sale_price":0,"active":false,"url":null,"parent_url":"","tax_rate":0,"price_inc_tax":0,"sale_price_inc_tax":0},"es":{"price":0,"sale_price":0,"active":false,"url":null,"parent_url":"","tax_rate":0,"price_inc_tax":0,"sale_price_inc_tax":0},"dk":{"price":0,"sale_price":0,"active":false,"url":null,"parent_url":"","tax_rate":0,"price_inc_tax":0,"sale_price_inc_tax":0},"com":{"price":0,"sale_price":0,"active":false,"url":null,"parent_url":"","tax_rate":0,"price_inc_tax":0,"sale_price_inc_tax":0}},"market_nl_price":0,"market_nl_sale_price":0,"market_nl_active":false,"market_nl_url":null,"market_nl_parent_url":"","market_nl_tax_rate":0,"market_nl_price_inc_tax":0,"market_nl_sale_price_inc_tax":0,"market_de_price":0,"market_de_sale_price":0,"market_de_active":false,"market_de_url":null,"market_de_parent_url":"","market_de_tax_rate":0,"market_de_price_inc_tax":0,"market_de_sale_price_inc_tax":0,"market_be_price":0,"market_be_sale_price":0,"market_be_active":false,"market_be_url":null,"market_be_parent_url":"","market_be_tax_rate":0,"market_be_price_inc_tax":0,"market_be_sale_price_inc_tax":0,"market_fr_price":0,"market_fr_sale_price":0,"market_fr_active":false,"market_fr_url":null,"market_fr_parent_url":"","market_fr_tax_rate":0,"market_fr_price_inc_tax":0,"market_fr_sale_price_inc_tax":0,"market_ch_price":0,"market_ch_sale_price":0,"market_ch_active":false,"market_ch_url":null,"market_ch_parent_url":"","market_ch_tax_rate":0,"market_ch_price_inc_tax":0,"market_ch_sale_price_inc_tax":0,"market_at_price":0,"market_at_sale_price":0,"market_at_active":false,"market_at_url":null,"market_at_parent_url":"","market_at_tax_rate":0,"market_at_price_inc_tax":0,"market_at_sale_price_inc_tax":0,"market_es_price":0,"market_es_sale_price":0,"market_es_active":false,"market_es_url":null,"market_es_parent_url":"","market_es_tax_rate":0,"market_es_price_inc_tax":0,"market_es_sale_price_inc_tax":0,"market_dk_price":0,"market_dk_sale_price":0,"market_dk_active":false,"market_dk_url":null,"market_dk_parent_url":"","market_dk_tax_rate":0,"market_dk_price_inc_tax":0,"market_dk_sale_price_inc_tax":0,"market_com_price":0,"market_com_sale_price":0,"market_com_active":false,"market_com_url":null,"market_com_parent_url":"","market_com_tax_rate":0,"market_com_price_inc_tax":0,"market_com_sale_price_inc_tax":0,"acf":[],"_links":{"self":[{"href":"https:\/\/www.pharmacy4pets.nl\/be\/wp-json\/wp\/v2\/product\/120692","targetHints":{"allow":["GET"]}}],"collection":[{"href":"https:\/\/www.pharmacy4pets.nl\/be\/wp-json\/wp\/v2\/product"}],"about":[{"href":"https:\/\/www.pharmacy4pets.nl\/be\/wp-json\/wp\/v2\/types\/product"}],"replies":[{"embeddable":true,"href":"https:\/\/www.pharmacy4pets.nl\/be\/wp-json\/wp\/v2\/comments?post=120692"}],"wp:featuredmedia":[{"embeddable":true,"href":"https:\/\/www.pharmacy4pets.nl\/be\/wp-json\/wp\/v2\/media\/120691"}],"wp:attachment":[{"href":"https:\/\/www.pharmacy4pets.nl\/be\/wp-json\/wp\/v2\/media?parent=120692"}],"wp:term":[{"taxonomy":"product_brand","embeddable":true,"href":"https:\/\/www.pharmacy4pets.nl\/be\/wp-json\/wp\/v2\/product_brand?post=120692"},{"taxonomy":"product_cat","embeddable":true,"href":"https:\/\/www.pharmacy4pets.nl\/be\/wp-json\/wp\/v2\/product_cat?post=120692"},{"taxonomy":"product_tag","embeddable":true,"href":"https:\/\/www.pharmacy4pets.nl\/be\/wp-json\/wp\/v2\/product_tag?post=120692"}],"curies":[{"name":"wp","href":"https:\/\/api.w.org\/{rel}","templated":true}]}}