{"id":120662,"date":"2024-04-23T12:39:27","date_gmt":"2024-04-23T12:39:27","guid":{"rendered":"https:\/\/p4p.test\/pyoderm-shampoo-250-ml"},"modified":"2026-04-14T08:05:50","modified_gmt":"2026-04-14T08:05:50","slug":"pyoderm-shampoo-250-ml","status":"publish","type":"product","link":"https:\/\/www.pharmacy4pets.nl\/be\/pyoderm-shampoo-250-ml","title":{"rendered":"Pyoderm shampoo 250 ml"},"content":{"rendered":"<h1>Pyoderm shampoo 250 ml<\/h1>\n<p>Pyoderm is een shampoo op basis van chloorhexidine en wordt geadviseerd als hygi\u00ebneproduct ter ondersteuning van de behandeling van huidinfecties bij hond en kat.<\/p>\n<p>De werkzame stoffen in Pyoderm zijn in ingekapselde Spherulieten en in vrije vorm aanwezig. Spherulieten zijn microscopisch kleine bolletjes, die de werkzame stoffen geleidelijk afgeven en daarmee voor een langdurige werkzaamheid zorgen. Het ingredi\u00ebnt Chitosanide is een afbreekbare biopolymeer die zich met de Spherulieten aan de huid en haren hecht en heeft een vochtregulerend effect.<\/p>\n","protected":false},"excerpt":{"rendered":"<p>Pyoderm shampoo 250 ml Pyoderm is een shampoo op basis van chloorhexidine en wordt geadviseerd als hygi\u00ebneproduct ter ondersteuning van de behandeling van huidinfecties bij hond en kat. De werkzame stoffen in Pyoderm zijn in ingekapselde Spherulieten en in vrije vorm aanwezig. Spherulieten zijn microscopisch kleine bolletjes, die de werkzame stoffen geleidelijk afgeven en daarmee [&hellip;]<\/p>\n","protected":false},"featured_media":120661,"comment_status":"open","ping_status":"closed","template":"","meta":{"_acf_changed":false,"_nl_post_content":"<h1>Pyoderm shampoo 250 ml<\/h1>\n<p>Pyoderm is een shampoo op basis van chloorhexidine en wordt geadviseerd als hygi\u00ebneproduct ter ondersteuning van de behandeling van huidinfecties bij hond en kat.<\/p>\n<p>De werkzame stoffen in Pyoderm zijn in ingekapselde Spherulieten en in vrije vorm aanwezig. Spherulieten zijn microscopisch kleine bolletjes, die de werkzame stoffen geleidelijk afgeven en daarmee voor een langdurige werkzaamheid zorgen. Het ingredi\u00ebnt Chitosanide is een afbreekbare biopolymeer die zich met de Spherulieten aan de huid en haren hecht en heeft een vochtregulerend effect.<\/p>","_nl_post_name":"pyoderm-shampoo-250-ml","_nl_post_excerpt":"","_nl_post_title":"Pyoderm shampoo 250 ml","_en_post_content":"<h1>Pyoderm shampoo 250 ml<\/h1>\n<p>Pyoderm is a shampoo based on chlorhexidine and is recommended as a hygiene product to support the treatment of skin infections in dogs and cats.<\/p>\n<p>The active substances in Pyoderm are present in encapsulated spherulites and in free form. Spherulites are microscopic spheres that release the active ingredients gradually and thus ensure a long-lasting effect. The ingredient Chitosanide is a biodegradable biopolymer that adheres to the skin and hair with the Spherulites and has a moisture-regulating effect.<\/p>","_en_post_name":"pyoderm-shampoo-250-ml","_en_post_excerpt":"","_en_post_title":"Pyoderm shampoo 250 ml","_de_post_content":"<h1>Pyoderm Shampoo 250 ml<\/h1>\n<p>Pyoderm ist ein Shampoo mit Chlorhexidin und wird als Hygieneprodukt zur Unterst\u00fctzung der Behandlung von Hautinfektionen bei Hunden und Katzen empfohlen.<\/p>\n<p>Die Wirkstoffe in Pyoderm liegen in verkapselten Spheruliten und in freier Form vor. Spherulites sind mikroskopisch kleine K\u00fcgelchen, die die Wirkstoffe nach und nach freisetzen und so f\u00fcr eine Langzeitwirkung sorgen. Der Bestandteil Chitosanid ist ein biologisch abbaubares Biopolymer, das mit den Spherulites an Haut und Haaren haftet und eine feuchtigkeitsspendende Wirkung hat.<\/p>","_de_post_name":"pyoderm-shampoo-250-ml","_de_post_excerpt":"","_de_post_title":"Pyoderm Shampoo 250 ml","_fr_post_content":"<h1>Pyoderm shampoing 250 ml<\/h1>\n<p>Pyoderm est un shampoing \u00e0 base de chlorhexidine et est recommand\u00e9 comme produit d'hygi\u00e8ne pour soutenir le traitement des infections cutan\u00e9es chez les chiens et les chats.<\/p>\n<p>Les substances actives du Pyoderm sont pr\u00e9sentes dans des sph\u00e9rulites encapsul\u00e9es et sous forme libre. Les sph\u00e9rulites sont des sph\u00e8res microscopiques qui lib\u00e8rent progressivement les substances actives et assurent ainsi une efficacit\u00e9 \u00e0 long terme. L'ingr\u00e9dient chitosanide est un biopolym\u00e8re biod\u00e9gradable qui adh\u00e8re \u00e0 la peau et aux poils avec les sph\u00e9rulites et a un effet hydratant.\u00a0<\/p>","_fr_post_name":"pyoderm-shampoing-250-ml","_fr_post_excerpt":"","_fr_post_title":"Pyoderm shampoing 250 ml","_es_post_content":"<h1>Pyoderm champ\u00fa 250 ml<\/h1>\n<p>Pyoderm es un champ\u00fa a base de clorhexidina y se recomienda como producto de higiene para apoyar el tratamiento de las infecciones cut\u00e1neas en perros y gatos.<\/p>\n<p>Las sustancias activas de Pyoderm est\u00e1n presentes en Spherulites encapsuladas y en forma libre. Las Spherulites son esferas microsc\u00f3picas que liberan gradualmente las sustancias activas y, por lo tanto, aseguran una eficacia a largo plazo. El ingrediente quitosanida es un biopol\u00edmero biodegradable que se adhiere a la piel y al pelo con las Spherulites y tiene un efecto hidratante.<\/p>","_es_post_name":"pyoderm-champu-250-ml","_es_post_excerpt":"","_es_post_title":"Pyoderm champ\u00fa 250 ml","edit_language":"nl"},"product_brand":[],"product_cat":[1861,1117,1857,2082,2125,1863],"product_tag":[],"class_list":{"0":"post-120662","1":"product","2":"type-product","3":"status-publish","4":"has-post-thumbnail","6":"product_cat-benodigdheden","7":"product_cat-honden","8":"product_cat-merken","9":"product_cat-pyoderm","10":"product_cat-shampoos-en-conditioners","11":"product_cat-verzorging","12":"pa_aandoening-huid_vacht","13":"pa_doeldier-hond","14":"pa_doeldier-kat","15":"pa_fabricatieland-frankrijk","16":"pa_merkfilter-pyoderm","17":"pa_merkgroep-virbac","18":"pa_productsoort-overig","19":"pa_seo_canonical_store_id-not_found_value","20":"pa_seo_category-not_found_value","21":"pa_seo_meta_robots-not_found_value","22":"pa_toedieningswijze-shampoo","23":"pa_unit_pricing_base_measure-100ml","24":"pa_unit_pricing_measure-250ml","25":"pa_werkzamestof-overig","27":"first","28":"instock","29":"taxable","30":"shipping-taxable","31":"purchasable","32":"product-type-simple"},"yoast_head":"<!-- This site is optimized with the Yoast SEO plugin v27.5 - https:\/\/yoast.com\/product\/yoast-seo-wordpress\/ -->\n<title>Pyoderm shampoo 250 ml - Pharmacy4pets<\/title>\n<meta name=\"robots\" content=\"index, follow, max-snippet:-1, max-image-preview:large, max-video-preview:-1\" \/>\n<link rel=\"canonical\" href=\"https:\/\/www.pharmacy4pets.nl\/be\/pyoderm-shampoo-250-ml\" \/>\n<meta property=\"og:locale\" content=\"nl_NL\" \/>\n<meta property=\"og:type\" content=\"article\" \/>\n<meta property=\"og:title\" content=\"Pyoderm shampoo 250 ml - Pharmacy4pets\" \/>\n<meta property=\"og:description\" content=\"Pyoderm shampoo 250 ml Pyoderm is een shampoo op basis van chloorhexidine en wordt geadviseerd als hygi\u00ebneproduct ter ondersteuning van de behandeling van huidinfecties bij hond en kat. De werkzame stoffen in Pyoderm zijn in ingekapselde Spherulieten en in vrije vorm aanwezig. Spherulieten zijn microscopisch kleine bolletjes, die de werkzame stoffen geleidelijk afgeven en daarmee [&hellip;]\" \/>\n<meta property=\"og:url\" content=\"https:\/\/www.pharmacy4pets.nl\/be\/pyoderm-shampoo-250-ml\" \/>\n<meta property=\"og:site_name\" content=\"Pharmacy4pets\" \/>\n<meta property=\"article:publisher\" content=\"https:\/\/www.facebook.com\/people\/Pharmacy4petsnl\/100063484989896\/\" \/>\n<meta property=\"article:modified_time\" content=\"2026-04-14T08:05:50+00:00\" \/>\n<meta property=\"og:image\" content=\"https:\/\/www.pharmacy4pets.nl\/wp-content\/uploads\/2024\/04\/Pyoderm_250ml.jpg\" \/>\n\t<meta property=\"og:image:width\" content=\"800\" \/>\n\t<meta property=\"og:image:height\" content=\"800\" \/>\n\t<meta property=\"og:image:type\" content=\"image\/jpeg\" \/>\n<meta name=\"twitter:card\" content=\"summary_large_image\" \/>\n<script type=\"application\/ld+json\" class=\"yoast-schema-graph\">{\"@context\":\"https:\\\/\\\/schema.org\",\"@graph\":[{\"@type\":\"WebPage\",\"@id\":\"https:\\\/\\\/www.pharmacy4pets.nl\\\/be\\\/pyoderm-shampoo-250-ml\",\"url\":\"https:\\\/\\\/www.pharmacy4pets.nl\\\/be\\\/pyoderm-shampoo-250-ml\",\"name\":\"Pyoderm shampoo 250 ml - Pharmacy4pets\",\"isPartOf\":{\"@id\":\"http:\\\/\\\/www.pharmacy4pets.nl\\\/#website\"},\"primaryImageOfPage\":{\"@id\":\"https:\\\/\\\/www.pharmacy4pets.nl\\\/be\\\/pyoderm-shampoo-250-ml#primaryimage\"},\"image\":{\"@id\":\"https:\\\/\\\/www.pharmacy4pets.nl\\\/be\\\/pyoderm-shampoo-250-ml#primaryimage\"},\"thumbnailUrl\":\"https:\\\/\\\/www.pharmacy4pets.nl\\\/wp-content\\\/uploads\\\/2024\\\/04\\\/Pyoderm_250ml.jpg\",\"datePublished\":\"2024-04-23T12:39:27+00:00\",\"dateModified\":\"2026-04-14T08:05:50+00:00\",\"breadcrumb\":{\"@id\":\"https:\\\/\\\/www.pharmacy4pets.nl\\\/be\\\/pyoderm-shampoo-250-ml#breadcrumb\"},\"inLanguage\":\"nl-NL\",\"potentialAction\":[{\"@type\":\"ReadAction\",\"target\":[\"https:\\\/\\\/www.pharmacy4pets.nl\\\/be\\\/pyoderm-shampoo-250-ml\"]}]},{\"@type\":\"ImageObject\",\"inLanguage\":\"nl-NL\",\"@id\":\"https:\\\/\\\/www.pharmacy4pets.nl\\\/be\\\/pyoderm-shampoo-250-ml#primaryimage\",\"url\":\"https:\\\/\\\/www.pharmacy4pets.nl\\\/wp-content\\\/uploads\\\/2024\\\/04\\\/Pyoderm_250ml.jpg\",\"contentUrl\":\"https:\\\/\\\/www.pharmacy4pets.nl\\\/wp-content\\\/uploads\\\/2024\\\/04\\\/Pyoderm_250ml.jpg\",\"width\":800,\"height\":800,\"caption\":\"Pyoderm\"},{\"@type\":\"BreadcrumbList\",\"@id\":\"https:\\\/\\\/www.pharmacy4pets.nl\\\/be\\\/pyoderm-shampoo-250-ml#breadcrumb\",\"itemListElement\":[{\"@type\":\"ListItem\",\"position\":1,\"name\":\"Home\",\"item\":\"https:\\\/\\\/p4p-nl.bootmine.com\\\/\"},{\"@type\":\"ListItem\",\"position\":2,\"name\":\"Winkel\",\"item\":\"https:\\\/\\\/p4p-nl.bootmine.com\\\/winkel\"},{\"@type\":\"ListItem\",\"position\":3,\"name\":\"Pyoderm shampoo 250 ml\"}]},{\"@type\":\"WebSite\",\"@id\":\"http:\\\/\\\/www.pharmacy4pets.nl\\\/#website\",\"url\":\"http:\\\/\\\/www.pharmacy4pets.nl\\\/\",\"name\":\"Pharmacy4pets\",\"description\":\"Pharmacy4pets.nl is d\u00e9 online apotheek waar u terecht kunt voor alle diergeneesmiddelen, verzorgingsproducten en dieetvoeding voor uw huisdier.\",\"publisher\":{\"@id\":\"http:\\\/\\\/www.pharmacy4pets.nl\\\/#organization\"},\"potentialAction\":[{\"@type\":\"SearchAction\",\"target\":{\"@type\":\"EntryPoint\",\"urlTemplate\":\"http:\\\/\\\/www.pharmacy4pets.nl\\\/?s={search_term_string}\"},\"query-input\":{\"@type\":\"PropertyValueSpecification\",\"valueRequired\":true,\"valueName\":\"search_term_string\"}}],\"inLanguage\":\"nl-NL\"},{\"@type\":\"Organization\",\"@id\":\"http:\\\/\\\/www.pharmacy4pets.nl\\\/#organization\",\"name\":\"Pharmacy4pets\",\"url\":\"http:\\\/\\\/www.pharmacy4pets.nl\\\/\",\"logo\":{\"@type\":\"ImageObject\",\"inLanguage\":\"nl-NL\",\"@id\":\"http:\\\/\\\/www.pharmacy4pets.nl\\\/#\\\/schema\\\/logo\\\/image\\\/\",\"url\":\"https:\\\/\\\/p4p-nl.bootmine.com\\\/wp-content\\\/uploads\\\/2026\\\/03\\\/logo-pharmacy4pets.png\",\"contentUrl\":\"https:\\\/\\\/p4p-nl.bootmine.com\\\/wp-content\\\/uploads\\\/2026\\\/03\\\/logo-pharmacy4pets.png\",\"width\":1024,\"height\":135,\"caption\":\"Pharmacy4pets\"},\"image\":{\"@id\":\"http:\\\/\\\/www.pharmacy4pets.nl\\\/#\\\/schema\\\/logo\\\/image\\\/\"},\"sameAs\":[\"https:\\\/\\\/www.facebook.com\\\/people\\\/Pharmacy4petsnl\\\/100063484989896\\\/\",\"https:\\\/\\\/www.youtube.com\\\/channel\\\/UCGPTIgucgli03tP2_kvLkHg\\\/featured\",\"https:\\\/\\\/www.instagram.com\\\/pharmacy4pets.nl\"]}]}<\/script>\n<!-- \/ Yoast SEO plugin. -->","yoast_head_json":{"title":"Pyoderm shampoo 250 ml - Pharmacy4pets","robots":{"index":"index","follow":"follow","max-snippet":"max-snippet:-1","max-image-preview":"max-image-preview:large","max-video-preview":"max-video-preview:-1"},"canonical":"https:\/\/www.pharmacy4pets.nl\/be\/pyoderm-shampoo-250-ml","og_locale":"nl_NL","og_type":"article","og_title":"Pyoderm shampoo 250 ml - Pharmacy4pets","og_description":"Pyoderm shampoo 250 ml Pyoderm is een shampoo op basis van chloorhexidine en wordt geadviseerd als hygi\u00ebneproduct ter ondersteuning van de behandeling van huidinfecties bij hond en kat. De werkzame stoffen in Pyoderm zijn in ingekapselde Spherulieten en in vrije vorm aanwezig. Spherulieten zijn microscopisch kleine bolletjes, die de werkzame stoffen geleidelijk afgeven en daarmee [&hellip;]","og_url":"https:\/\/www.pharmacy4pets.nl\/be\/pyoderm-shampoo-250-ml","og_site_name":"Pharmacy4pets","article_publisher":"https:\/\/www.facebook.com\/people\/Pharmacy4petsnl\/100063484989896\/","article_modified_time":"2026-04-14T08:05:50+00:00","og_image":[{"width":800,"height":800,"url":"https:\/\/www.pharmacy4pets.nl\/wp-content\/uploads\/2024\/04\/Pyoderm_250ml.jpg","type":"image\/jpeg"}],"twitter_card":"summary_large_image","schema":{"@context":"https:\/\/schema.org","@graph":[{"@type":"WebPage","@id":"https:\/\/www.pharmacy4pets.nl\/be\/pyoderm-shampoo-250-ml","url":"https:\/\/www.pharmacy4pets.nl\/be\/pyoderm-shampoo-250-ml","name":"Pyoderm shampoo 250 ml - Pharmacy4pets","isPartOf":{"@id":"http:\/\/www.pharmacy4pets.nl\/#website"},"primaryImageOfPage":{"@id":"https:\/\/www.pharmacy4pets.nl\/be\/pyoderm-shampoo-250-ml#primaryimage"},"image":{"@id":"https:\/\/www.pharmacy4pets.nl\/be\/pyoderm-shampoo-250-ml#primaryimage"},"thumbnailUrl":"https:\/\/www.pharmacy4pets.nl\/wp-content\/uploads\/2024\/04\/Pyoderm_250ml.jpg","datePublished":"2024-04-23T12:39:27+00:00","dateModified":"2026-04-14T08:05:50+00:00","breadcrumb":{"@id":"https:\/\/www.pharmacy4pets.nl\/be\/pyoderm-shampoo-250-ml#breadcrumb"},"inLanguage":"nl-NL","potentialAction":[{"@type":"ReadAction","target":["https:\/\/www.pharmacy4pets.nl\/be\/pyoderm-shampoo-250-ml"]}]},{"@type":"ImageObject","inLanguage":"nl-NL","@id":"https:\/\/www.pharmacy4pets.nl\/be\/pyoderm-shampoo-250-ml#primaryimage","url":"https:\/\/www.pharmacy4pets.nl\/wp-content\/uploads\/2024\/04\/Pyoderm_250ml.jpg","contentUrl":"https:\/\/www.pharmacy4pets.nl\/wp-content\/uploads\/2024\/04\/Pyoderm_250ml.jpg","width":800,"height":800,"caption":"Pyoderm"},{"@type":"BreadcrumbList","@id":"https:\/\/www.pharmacy4pets.nl\/be\/pyoderm-shampoo-250-ml#breadcrumb","itemListElement":[{"@type":"ListItem","position":1,"name":"Home","item":"https:\/\/p4p-nl.bootmine.com\/"},{"@type":"ListItem","position":2,"name":"Winkel","item":"https:\/\/p4p-nl.bootmine.com\/winkel"},{"@type":"ListItem","position":3,"name":"Pyoderm shampoo 250 ml"}]},{"@type":"WebSite","@id":"http:\/\/www.pharmacy4pets.nl\/#website","url":"http:\/\/www.pharmacy4pets.nl\/","name":"Pharmacy4pets","description":"Pharmacy4pets.nl is d\u00e9 online apotheek waar u terecht kunt voor alle diergeneesmiddelen, verzorgingsproducten en dieetvoeding voor uw huisdier.","publisher":{"@id":"http:\/\/www.pharmacy4pets.nl\/#organization"},"potentialAction":[{"@type":"SearchAction","target":{"@type":"EntryPoint","urlTemplate":"http:\/\/www.pharmacy4pets.nl\/?s={search_term_string}"},"query-input":{"@type":"PropertyValueSpecification","valueRequired":true,"valueName":"search_term_string"}}],"inLanguage":"nl-NL"},{"@type":"Organization","@id":"http:\/\/www.pharmacy4pets.nl\/#organization","name":"Pharmacy4pets","url":"http:\/\/www.pharmacy4pets.nl\/","logo":{"@type":"ImageObject","inLanguage":"nl-NL","@id":"http:\/\/www.pharmacy4pets.nl\/#\/schema\/logo\/image\/","url":"https:\/\/p4p-nl.bootmine.com\/wp-content\/uploads\/2026\/03\/logo-pharmacy4pets.png","contentUrl":"https:\/\/p4p-nl.bootmine.com\/wp-content\/uploads\/2026\/03\/logo-pharmacy4pets.png","width":1024,"height":135,"caption":"Pharmacy4pets"},"image":{"@id":"http:\/\/www.pharmacy4pets.nl\/#\/schema\/logo\/image\/"},"sameAs":["https:\/\/www.facebook.com\/people\/Pharmacy4petsnl\/100063484989896\/","https:\/\/www.youtube.com\/channel\/UCGPTIgucgli03tP2_kvLkHg\/featured","https:\/\/www.instagram.com\/pharmacy4pets.nl"]}]}},"market_data":{"nl":{"price":0,"sale_price":0,"active":false,"url":null,"parent_url":"","tax_rate":0,"price_inc_tax":0,"sale_price_inc_tax":0},"de":{"price":0,"sale_price":0,"active":false,"url":null,"parent_url":"","tax_rate":0,"price_inc_tax":0,"sale_price_inc_tax":0},"be":{"price":0,"sale_price":0,"active":false,"url":null,"parent_url":"","tax_rate":0,"price_inc_tax":0,"sale_price_inc_tax":0},"fr":{"price":0,"sale_price":0,"active":false,"url":null,"parent_url":"","tax_rate":0,"price_inc_tax":0,"sale_price_inc_tax":0},"ch":{"price":0,"sale_price":0,"active":false,"url":null,"parent_url":"","tax_rate":0,"price_inc_tax":0,"sale_price_inc_tax":0},"at":{"price":0,"sale_price":0,"active":false,"url":null,"parent_url":"","tax_rate":0,"price_inc_tax":0,"sale_price_inc_tax":0},"es":{"price":0,"sale_price":0,"active":false,"url":null,"parent_url":"","tax_rate":0,"price_inc_tax":0,"sale_price_inc_tax":0},"dk":{"price":0,"sale_price":0,"active":false,"url":null,"parent_url":"","tax_rate":0,"price_inc_tax":0,"sale_price_inc_tax":0},"com":{"price":0,"sale_price":0,"active":false,"url":null,"parent_url":"","tax_rate":0,"price_inc_tax":0,"sale_price_inc_tax":0}},"market_nl_price":0,"market_nl_sale_price":0,"market_nl_active":false,"market_nl_url":null,"market_nl_parent_url":"","market_nl_tax_rate":0,"market_nl_price_inc_tax":0,"market_nl_sale_price_inc_tax":0,"market_de_price":0,"market_de_sale_price":0,"market_de_active":false,"market_de_url":null,"market_de_parent_url":"","market_de_tax_rate":0,"market_de_price_inc_tax":0,"market_de_sale_price_inc_tax":0,"market_be_price":0,"market_be_sale_price":0,"market_be_active":false,"market_be_url":null,"market_be_parent_url":"","market_be_tax_rate":0,"market_be_price_inc_tax":0,"market_be_sale_price_inc_tax":0,"market_fr_price":0,"market_fr_sale_price":0,"market_fr_active":false,"market_fr_url":null,"market_fr_parent_url":"","market_fr_tax_rate":0,"market_fr_price_inc_tax":0,"market_fr_sale_price_inc_tax":0,"market_ch_price":0,"market_ch_sale_price":0,"market_ch_active":false,"market_ch_url":null,"market_ch_parent_url":"","market_ch_tax_rate":0,"market_ch_price_inc_tax":0,"market_ch_sale_price_inc_tax":0,"market_at_price":0,"market_at_sale_price":0,"market_at_active":false,"market_at_url":null,"market_at_parent_url":"","market_at_tax_rate":0,"market_at_price_inc_tax":0,"market_at_sale_price_inc_tax":0,"market_es_price":0,"market_es_sale_price":0,"market_es_active":false,"market_es_url":null,"market_es_parent_url":"","market_es_tax_rate":0,"market_es_price_inc_tax":0,"market_es_sale_price_inc_tax":0,"market_dk_price":0,"market_dk_sale_price":0,"market_dk_active":false,"market_dk_url":null,"market_dk_parent_url":"","market_dk_tax_rate":0,"market_dk_price_inc_tax":0,"market_dk_sale_price_inc_tax":0,"market_com_price":0,"market_com_sale_price":0,"market_com_active":false,"market_com_url":null,"market_com_parent_url":"","market_com_tax_rate":0,"market_com_price_inc_tax":0,"market_com_sale_price_inc_tax":0,"acf":[],"_links":{"self":[{"href":"https:\/\/www.pharmacy4pets.nl\/be\/wp-json\/wp\/v2\/product\/120662","targetHints":{"allow":["GET"]}}],"collection":[{"href":"https:\/\/www.pharmacy4pets.nl\/be\/wp-json\/wp\/v2\/product"}],"about":[{"href":"https:\/\/www.pharmacy4pets.nl\/be\/wp-json\/wp\/v2\/types\/product"}],"replies":[{"embeddable":true,"href":"https:\/\/www.pharmacy4pets.nl\/be\/wp-json\/wp\/v2\/comments?post=120662"}],"wp:featuredmedia":[{"embeddable":true,"href":"https:\/\/www.pharmacy4pets.nl\/be\/wp-json\/wp\/v2\/media\/120661"}],"wp:attachment":[{"href":"https:\/\/www.pharmacy4pets.nl\/be\/wp-json\/wp\/v2\/media?parent=120662"}],"wp:term":[{"taxonomy":"product_brand","embeddable":true,"href":"https:\/\/www.pharmacy4pets.nl\/be\/wp-json\/wp\/v2\/product_brand?post=120662"},{"taxonomy":"product_cat","embeddable":true,"href":"https:\/\/www.pharmacy4pets.nl\/be\/wp-json\/wp\/v2\/product_cat?post=120662"},{"taxonomy":"product_tag","embeddable":true,"href":"https:\/\/www.pharmacy4pets.nl\/be\/wp-json\/wp\/v2\/product_tag?post=120662"}],"curies":[{"name":"wp","href":"https:\/\/api.w.org\/{rel}","templated":true}]}}