{"id":120649,"date":"2024-04-16T17:11:11","date_gmt":"2024-04-16T17:11:11","guid":{"rendered":"https:\/\/p4p.test\/happy-snack-by-feliway"},"modified":"2026-05-02T02:49:24","modified_gmt":"2026-05-02T00:49:24","slug":"happy-snack-by-feliway","status":"publish","type":"product","link":"https:\/\/www.pharmacy4pets.nl\/be\/happy-snack-by-feliway","title":{"rendered":"Happy Snack by Feliway | 6x 15 gram"},"content":{"rendered":"<h1>Happy Snack by Feliway<\/h1>\n<p>Happy Snack by Feliway is een heerlijke romige vloeibare snack, met ontspannend effect voor alle katten.<\/p>\n<p>Deze snack bevat alfa-casozepine, dit is een natuurlijk melkeiwit gekend om zijn ontspannend effect. Bovendien bevat het geen toegevoegde suikers, bewaarmiddelen of kleurstoffen.<\/p>\n<p>Deze heerlijke traktatie bevat een kippensmaak en kan eenvoudig gegeven worden, in het voerboekje, op een lepel, direct op het eten of direct uit het zakje. Geef tot 2 snacks per dag, als deel van jullie dagelijkse routine.<\/p>\n<p>E\u00e9n verpakking bevat 6 sticks \u00e0 15 gram.<\/p>\n","protected":false},"excerpt":{"rendered":"<p>Happy Snack by Feliway Happy Snack by Feliway is een heerlijke romige vloeibare snack, met ontspannend effect voor alle katten. Deze snack bevat alfa-casozepine, dit is een natuurlijk melkeiwit gekend om zijn ontspannend effect. Bovendien bevat het geen toegevoegde suikers, bewaarmiddelen of kleurstoffen. Deze heerlijke traktatie bevat een kippensmaak en kan eenvoudig gegeven worden, in [&hellip;]<\/p>\n","protected":false},"featured_media":120648,"comment_status":"open","ping_status":"closed","template":"","meta":{"_acf_changed":false,"_nl_post_content":"<h1>Happy Snack by Feliway<\/h1>\r\n<p>Happy Snack by Feliway is een heerlijke romige vloeibare snack, met ontspannend effect voor alle katten.<\/p>\r\n<p>Deze snack bevat alfa-casozepine, dit is een natuurlijk melkeiwit gekend om zijn ontspannend effect. Bovendien bevat het geen toegevoegde suikers, bewaarmiddelen of kleurstoffen.<\/p>\r\n<p>Deze heerlijke traktatie bevat een kippensmaak en kan eenvoudig gegeven worden, in het voerboekje, op een lepel, direct op het eten of direct uit het zakje. Geef tot 2 snacks per dag, als deel van jullie dagelijkse routine.<\/p>\r\n<p>E\u00e9n verpakking bevat 6 sticks \u00e0 15 gram.<\/p>","_nl_post_name":"happy-snack-by-feliway","_nl_post_excerpt":"","_nl_post_title":"Happy Snack by Feliway | 6x 15 gram","_en_post_content":"<h1>Happy Snack by Feliway<\/h1>\n<p>Happy Snack by Feliway is a delicious creamy liquid snack, with relaxing effect for all cats.<\/p>\n<p>This snack contains alpha-casozepine, which is a natural milk protein known for its relaxing effect. Moreover, it contains no added sugars, preservatives or colourings.<\/p>\n<p>This delicious treat contains a chicken flavour and can easily be given, in the food booklet, on a spoon, directly on the food or directly from the bag. Give up to 2 snacks a day, as part of your daily routine.<\/p>\n<p>One pack contains 6 sticks of 15 grams.<\/p>","_en_post_name":"happy-snack-by-feliway","_en_post_excerpt":"","_en_post_title":"Happy Snack by Feliway | 6x 15 grams","_de_post_content":"<h1>Happy Snack by Feliway<\/h1>\n<p>Happy Snack von Feliway ist ein leckerer, cremiger Fl\u00fcssigsnack mit entspannender Wirkung f\u00fcr alle Katzen.<\/p>\n<p>Dieser Snack enth\u00e4lt Alpha-Casozepin, ein nat\u00fcrliches Milchprotein, das f\u00fcr seine entspannende Wirkung bekannt ist. Au\u00dferdem enth\u00e4lt er keinen Zuckerzusatz, keine Konservierungsmittel und keine Farbstoffe.<\/p>\n<p>Dieser k\u00f6stliche Leckerbissen mit H\u00fchnergeschmack kann einfach im Futterheft, auf einem L\u00f6ffel, direkt auf das Futter oder direkt aus dem Beutel gegeben werden. Geben Sie bis zu 2 Snacks pro Tag, als Teil Ihrer t\u00e4glichen Routine.<\/p>\n<p>Eine Packung enth\u00e4lt 6 Sticks \u00e0 15 Gramm.<\/p>","_de_post_name":"happy-snack-by-feliway","_de_post_excerpt":"","_de_post_title":"Happy Snack by Feliway | 6x 15 Gramm","_fr_post_content":"<h1>Happy Snack by Feliway<\/h1>\n<p>Happy Snack by Feliway est un d\u00e9licieux snack liquide cr\u00e9meux, avec un effet relaxant pour tous les chats.<\/p>\n<p>Ce snack contient de l'alpha-casoz\u00e9pine, une prot\u00e9ine naturelle du lait connue pour son effet relaxant. De plus, il ne contient pas de sucres ajout\u00e9s, de conservateurs ou de colorants.<\/p>\n<p>Cette d\u00e9licieuse friandise au go\u00fbt de poulet peut \u00eatre donn\u00e9e facilement, dans le livret alimentaire, \u00e0 la cuill\u00e8re, directement sur la nourriture ou directement dans le sachet. Donnez-lui jusqu'\u00e0 2 en-cas par jour, dans le cadre de votre routine quotidienne.<\/p>\n<p>Un paquet contient 6 b\u00e2tonnets de 15 grammes.<\/p>","_fr_post_name":"happy-snack-by-feliway","_fr_post_excerpt":"","_fr_post_title":"Happy Snack by Feliway | 6x 15 grammes","_es_post_content":"<h1>Happy Snack by Feliway<\/h1>\n<p>Happy Snack by Feliway es un delicioso snack l\u00edquido cremoso, con efecto relajante para todos los gatos.<\/p>\n<p>Este snack contiene alfa-casozepina, que es una prote\u00edna natural de la leche conocida por su efecto relajante. Adem\u00e1s, no contiene az\u00facares a\u00f1adidos, conservantes ni colorantes.<\/p>\n<p>Esta deliciosa golosina contiene sabor a pollo y puede administrarse f\u00e1cilmente, en el cuadernillo de comida, en una cuchara, directamente sobre la comida o directamente de la bolsa. D\u00e9le hasta 2 golosinas al d\u00eda, como parte de su rutina diaria.<\/p>\n<p>Un paquete contiene 6 barritas de 15 gramos.<\/p>","_es_post_name":"happy-snack-by-feliway","_es_post_excerpt":"","_es_post_title":"Happy Snack by Feliway | 6x 15 gramos","edit_language":"nl"},"product_brand":[],"product_cat":[1924,1118,1889,1887,1857],"product_tag":[],"class_list":{"0":"post-120649","1":"product","2":"type-product","3":"status-publish","4":"has-post-thumbnail","6":"product_cat-feliway","7":"product_cat-katten","8":"product_cat-snacks","9":"product_cat-kattenvoer","10":"product_cat-merken","11":"pa_aandoening-overig","12":"pa_doeldier-kat","13":"pa_fabricatieland-frankrijk","14":"pa_merkfilter-feliway","15":"pa_merkgroep-ceva","16":"pa_productsoort-voeding","17":"pa_toedieningswijze-snack","18":"pa_unit_pricing_base_measure-1ct","19":"pa_unit_pricing_measure-6ct","20":"pa_werkzamestof-overig","22":"first","23":"instock","24":"taxable","25":"shipping-taxable","26":"purchasable","27":"product-type-simple"},"yoast_head":"<!-- This site is optimized with the Yoast SEO plugin v27.5 - https:\/\/yoast.com\/product\/yoast-seo-wordpress\/ -->\n<title>Happy Snack by Feliway | 6x 15 gram - Pharmacy4pets<\/title>\n<meta name=\"robots\" content=\"index, follow, max-snippet:-1, max-image-preview:large, max-video-preview:-1\" \/>\n<link rel=\"canonical\" href=\"https:\/\/p4p-nl.bootmine.com\/%product-slug%\/happy-snack-by-feliway\" \/>\n<meta property=\"og:locale\" content=\"nl_NL\" \/>\n<meta property=\"og:type\" content=\"article\" \/>\n<meta property=\"og:title\" content=\"Happy Snack by Feliway | 6x 15 gram - Pharmacy4pets\" \/>\n<meta property=\"og:description\" content=\"Happy Snack by Feliway Happy Snack by Feliway is een heerlijke romige vloeibare snack, met ontspannend effect voor alle katten. Deze snack bevat alfa-casozepine, dit is een natuurlijk melkeiwit gekend om zijn ontspannend effect. Bovendien bevat het geen toegevoegde suikers, bewaarmiddelen of kleurstoffen. Deze heerlijke traktatie bevat een kippensmaak en kan eenvoudig gegeven worden, in [&hellip;]\" \/>\n<meta property=\"og:url\" content=\"https:\/\/p4p-nl.bootmine.com\/%product-slug%\/happy-snack-by-feliway\" \/>\n<meta property=\"og:site_name\" content=\"Pharmacy4pets\" \/>\n<meta property=\"article:publisher\" content=\"https:\/\/www.facebook.com\/people\/Pharmacy4petsnl\/100063484989896\/\" \/>\n<meta property=\"article:modified_time\" content=\"2026-05-02T00:49:24+00:00\" \/>\n<meta property=\"og:image\" content=\"https:\/\/p4p-nl.bootmine.com\/wp-content\/uploads\/2024\/04\/26380.jpg\" \/>\n\t<meta property=\"og:image:width\" content=\"700\" \/>\n\t<meta property=\"og:image:height\" content=\"700\" \/>\n\t<meta property=\"og:image:type\" content=\"image\/jpeg\" \/>\n<meta name=\"twitter:card\" content=\"summary_large_image\" \/>\n<script type=\"application\/ld+json\" class=\"yoast-schema-graph\">{\"@context\":\"https:\\\/\\\/schema.org\",\"@graph\":[{\"@type\":\"WebPage\",\"@id\":\"https:\\\/\\\/p4p-nl.bootmine.com\\\/%product-slug%\\\/happy-snack-by-feliway\",\"url\":\"https:\\\/\\\/p4p-nl.bootmine.com\\\/%product-slug%\\\/happy-snack-by-feliway\",\"name\":\"Happy Snack by Feliway | 6x 15 gram - Pharmacy4pets\",\"isPartOf\":{\"@id\":\"http:\\\/\\\/www.pharmacy4pets.nl\\\/#website\"},\"primaryImageOfPage\":{\"@id\":\"https:\\\/\\\/p4p-nl.bootmine.com\\\/%product-slug%\\\/happy-snack-by-feliway#primaryimage\"},\"image\":{\"@id\":\"https:\\\/\\\/p4p-nl.bootmine.com\\\/%product-slug%\\\/happy-snack-by-feliway#primaryimage\"},\"thumbnailUrl\":\"https:\\\/\\\/www.pharmacy4pets.nl\\\/wp-content\\\/uploads\\\/2024\\\/04\\\/26380.jpg\",\"datePublished\":\"2024-04-16T17:11:11+00:00\",\"dateModified\":\"2026-05-02T00:49:24+00:00\",\"breadcrumb\":{\"@id\":\"https:\\\/\\\/p4p-nl.bootmine.com\\\/%product-slug%\\\/happy-snack-by-feliway#breadcrumb\"},\"inLanguage\":\"nl-NL\",\"potentialAction\":[{\"@type\":\"ReadAction\",\"target\":[\"https:\\\/\\\/p4p-nl.bootmine.com\\\/%product-slug%\\\/happy-snack-by-feliway\"]}]},{\"@type\":\"ImageObject\",\"inLanguage\":\"nl-NL\",\"@id\":\"https:\\\/\\\/p4p-nl.bootmine.com\\\/%product-slug%\\\/happy-snack-by-feliway#primaryimage\",\"url\":\"https:\\\/\\\/www.pharmacy4pets.nl\\\/wp-content\\\/uploads\\\/2024\\\/04\\\/26380.jpg\",\"contentUrl\":\"https:\\\/\\\/www.pharmacy4pets.nl\\\/wp-content\\\/uploads\\\/2024\\\/04\\\/26380.jpg\",\"width\":700,\"height\":700,\"caption\":\"Happy Snack by Feliway\"},{\"@type\":\"BreadcrumbList\",\"@id\":\"https:\\\/\\\/p4p-nl.bootmine.com\\\/%product-slug%\\\/happy-snack-by-feliway#breadcrumb\",\"itemListElement\":[{\"@type\":\"ListItem\",\"position\":1,\"name\":\"Home\",\"item\":\"https:\\\/\\\/p4p-nl.bootmine.com\\\/\"},{\"@type\":\"ListItem\",\"position\":2,\"name\":\"Winkel\",\"item\":\"https:\\\/\\\/p4p-nl.bootmine.com\\\/winkel\"},{\"@type\":\"ListItem\",\"position\":3,\"name\":\"Happy Snack by Feliway | 6x 15 gram\"}]},{\"@type\":\"WebSite\",\"@id\":\"http:\\\/\\\/www.pharmacy4pets.nl\\\/#website\",\"url\":\"http:\\\/\\\/www.pharmacy4pets.nl\\\/\",\"name\":\"Pharmacy4pets\",\"description\":\"Pharmacy4pets.nl is d\u00e9 online apotheek waar u terecht kunt voor alle diergeneesmiddelen, verzorgingsproducten en dieetvoeding voor uw huisdier.\",\"publisher\":{\"@id\":\"http:\\\/\\\/www.pharmacy4pets.nl\\\/#organization\"},\"potentialAction\":[{\"@type\":\"SearchAction\",\"target\":{\"@type\":\"EntryPoint\",\"urlTemplate\":\"http:\\\/\\\/www.pharmacy4pets.nl\\\/?s={search_term_string}\"},\"query-input\":{\"@type\":\"PropertyValueSpecification\",\"valueRequired\":true,\"valueName\":\"search_term_string\"}}],\"inLanguage\":\"nl-NL\"},{\"@type\":\"Organization\",\"@id\":\"http:\\\/\\\/www.pharmacy4pets.nl\\\/#organization\",\"name\":\"Pharmacy4pets\",\"url\":\"http:\\\/\\\/www.pharmacy4pets.nl\\\/\",\"logo\":{\"@type\":\"ImageObject\",\"inLanguage\":\"nl-NL\",\"@id\":\"http:\\\/\\\/www.pharmacy4pets.nl\\\/#\\\/schema\\\/logo\\\/image\\\/\",\"url\":\"https:\\\/\\\/p4p-nl.bootmine.com\\\/wp-content\\\/uploads\\\/2026\\\/03\\\/logo-pharmacy4pets.png\",\"contentUrl\":\"https:\\\/\\\/p4p-nl.bootmine.com\\\/wp-content\\\/uploads\\\/2026\\\/03\\\/logo-pharmacy4pets.png\",\"width\":1024,\"height\":135,\"caption\":\"Pharmacy4pets\"},\"image\":{\"@id\":\"http:\\\/\\\/www.pharmacy4pets.nl\\\/#\\\/schema\\\/logo\\\/image\\\/\"},\"sameAs\":[\"https:\\\/\\\/www.facebook.com\\\/people\\\/Pharmacy4petsnl\\\/100063484989896\\\/\",\"https:\\\/\\\/www.youtube.com\\\/channel\\\/UCGPTIgucgli03tP2_kvLkHg\\\/featured\",\"https:\\\/\\\/www.instagram.com\\\/pharmacy4pets.nl\"]}]}<\/script>\n<!-- \/ Yoast SEO plugin. -->","yoast_head_json":{"title":"Happy Snack by Feliway | 6x 15 gram - Pharmacy4pets","robots":{"index":"index","follow":"follow","max-snippet":"max-snippet:-1","max-image-preview":"max-image-preview:large","max-video-preview":"max-video-preview:-1"},"canonical":"https:\/\/p4p-nl.bootmine.com\/%product-slug%\/happy-snack-by-feliway","og_locale":"nl_NL","og_type":"article","og_title":"Happy Snack by Feliway | 6x 15 gram - Pharmacy4pets","og_description":"Happy Snack by Feliway Happy Snack by Feliway is een heerlijke romige vloeibare snack, met ontspannend effect voor alle katten. Deze snack bevat alfa-casozepine, dit is een natuurlijk melkeiwit gekend om zijn ontspannend effect. Bovendien bevat het geen toegevoegde suikers, bewaarmiddelen of kleurstoffen. Deze heerlijke traktatie bevat een kippensmaak en kan eenvoudig gegeven worden, in [&hellip;]","og_url":"https:\/\/p4p-nl.bootmine.com\/%product-slug%\/happy-snack-by-feliway","og_site_name":"Pharmacy4pets","article_publisher":"https:\/\/www.facebook.com\/people\/Pharmacy4petsnl\/100063484989896\/","article_modified_time":"2026-05-02T00:49:24+00:00","og_image":[{"width":700,"height":700,"url":"https:\/\/p4p-nl.bootmine.com\/wp-content\/uploads\/2024\/04\/26380.jpg","type":"image\/jpeg"}],"twitter_card":"summary_large_image","schema":{"@context":"https:\/\/schema.org","@graph":[{"@type":"WebPage","@id":"https:\/\/p4p-nl.bootmine.com\/%product-slug%\/happy-snack-by-feliway","url":"https:\/\/p4p-nl.bootmine.com\/%product-slug%\/happy-snack-by-feliway","name":"Happy Snack by Feliway | 6x 15 gram - Pharmacy4pets","isPartOf":{"@id":"http:\/\/www.pharmacy4pets.nl\/#website"},"primaryImageOfPage":{"@id":"https:\/\/p4p-nl.bootmine.com\/%product-slug%\/happy-snack-by-feliway#primaryimage"},"image":{"@id":"https:\/\/p4p-nl.bootmine.com\/%product-slug%\/happy-snack-by-feliway#primaryimage"},"thumbnailUrl":"https:\/\/www.pharmacy4pets.nl\/wp-content\/uploads\/2024\/04\/26380.jpg","datePublished":"2024-04-16T17:11:11+00:00","dateModified":"2026-05-02T00:49:24+00:00","breadcrumb":{"@id":"https:\/\/p4p-nl.bootmine.com\/%product-slug%\/happy-snack-by-feliway#breadcrumb"},"inLanguage":"nl-NL","potentialAction":[{"@type":"ReadAction","target":["https:\/\/p4p-nl.bootmine.com\/%product-slug%\/happy-snack-by-feliway"]}]},{"@type":"ImageObject","inLanguage":"nl-NL","@id":"https:\/\/p4p-nl.bootmine.com\/%product-slug%\/happy-snack-by-feliway#primaryimage","url":"https:\/\/www.pharmacy4pets.nl\/wp-content\/uploads\/2024\/04\/26380.jpg","contentUrl":"https:\/\/www.pharmacy4pets.nl\/wp-content\/uploads\/2024\/04\/26380.jpg","width":700,"height":700,"caption":"Happy Snack by Feliway"},{"@type":"BreadcrumbList","@id":"https:\/\/p4p-nl.bootmine.com\/%product-slug%\/happy-snack-by-feliway#breadcrumb","itemListElement":[{"@type":"ListItem","position":1,"name":"Home","item":"https:\/\/p4p-nl.bootmine.com\/"},{"@type":"ListItem","position":2,"name":"Winkel","item":"https:\/\/p4p-nl.bootmine.com\/winkel"},{"@type":"ListItem","position":3,"name":"Happy Snack by Feliway | 6x 15 gram"}]},{"@type":"WebSite","@id":"http:\/\/www.pharmacy4pets.nl\/#website","url":"http:\/\/www.pharmacy4pets.nl\/","name":"Pharmacy4pets","description":"Pharmacy4pets.nl is d\u00e9 online apotheek waar u terecht kunt voor alle diergeneesmiddelen, verzorgingsproducten en dieetvoeding voor uw huisdier.","publisher":{"@id":"http:\/\/www.pharmacy4pets.nl\/#organization"},"potentialAction":[{"@type":"SearchAction","target":{"@type":"EntryPoint","urlTemplate":"http:\/\/www.pharmacy4pets.nl\/?s={search_term_string}"},"query-input":{"@type":"PropertyValueSpecification","valueRequired":true,"valueName":"search_term_string"}}],"inLanguage":"nl-NL"},{"@type":"Organization","@id":"http:\/\/www.pharmacy4pets.nl\/#organization","name":"Pharmacy4pets","url":"http:\/\/www.pharmacy4pets.nl\/","logo":{"@type":"ImageObject","inLanguage":"nl-NL","@id":"http:\/\/www.pharmacy4pets.nl\/#\/schema\/logo\/image\/","url":"https:\/\/p4p-nl.bootmine.com\/wp-content\/uploads\/2026\/03\/logo-pharmacy4pets.png","contentUrl":"https:\/\/p4p-nl.bootmine.com\/wp-content\/uploads\/2026\/03\/logo-pharmacy4pets.png","width":1024,"height":135,"caption":"Pharmacy4pets"},"image":{"@id":"http:\/\/www.pharmacy4pets.nl\/#\/schema\/logo\/image\/"},"sameAs":["https:\/\/www.facebook.com\/people\/Pharmacy4petsnl\/100063484989896\/","https:\/\/www.youtube.com\/channel\/UCGPTIgucgli03tP2_kvLkHg\/featured","https:\/\/www.instagram.com\/pharmacy4pets.nl"]}]}},"market_data":{"nl":{"price":0,"sale_price":0,"active":false,"url":null,"parent_url":"","tax_rate":0,"price_inc_tax":0,"sale_price_inc_tax":0},"de":{"price":0,"sale_price":0,"active":false,"url":null,"parent_url":"","tax_rate":0,"price_inc_tax":0,"sale_price_inc_tax":0},"be":{"price":0,"sale_price":0,"active":false,"url":null,"parent_url":"","tax_rate":0,"price_inc_tax":0,"sale_price_inc_tax":0},"fr":{"price":0,"sale_price":0,"active":false,"url":null,"parent_url":"","tax_rate":0,"price_inc_tax":0,"sale_price_inc_tax":0},"ch":{"price":0,"sale_price":0,"active":false,"url":null,"parent_url":"","tax_rate":0,"price_inc_tax":0,"sale_price_inc_tax":0},"at":{"price":0,"sale_price":0,"active":false,"url":null,"parent_url":"","tax_rate":0,"price_inc_tax":0,"sale_price_inc_tax":0},"es":{"price":0,"sale_price":0,"active":false,"url":null,"parent_url":"","tax_rate":0,"price_inc_tax":0,"sale_price_inc_tax":0},"dk":{"price":0,"sale_price":0,"active":false,"url":null,"parent_url":"","tax_rate":0,"price_inc_tax":0,"sale_price_inc_tax":0},"com":{"price":0,"sale_price":0,"active":false,"url":null,"parent_url":"","tax_rate":0,"price_inc_tax":0,"sale_price_inc_tax":0}},"market_nl_price":0,"market_nl_sale_price":0,"market_nl_active":false,"market_nl_url":null,"market_nl_parent_url":"","market_nl_tax_rate":0,"market_nl_price_inc_tax":0,"market_nl_sale_price_inc_tax":0,"market_de_price":0,"market_de_sale_price":0,"market_de_active":false,"market_de_url":null,"market_de_parent_url":"","market_de_tax_rate":0,"market_de_price_inc_tax":0,"market_de_sale_price_inc_tax":0,"market_be_price":0,"market_be_sale_price":0,"market_be_active":false,"market_be_url":null,"market_be_parent_url":"","market_be_tax_rate":0,"market_be_price_inc_tax":0,"market_be_sale_price_inc_tax":0,"market_fr_price":0,"market_fr_sale_price":0,"market_fr_active":false,"market_fr_url":null,"market_fr_parent_url":"","market_fr_tax_rate":0,"market_fr_price_inc_tax":0,"market_fr_sale_price_inc_tax":0,"market_ch_price":0,"market_ch_sale_price":0,"market_ch_active":false,"market_ch_url":null,"market_ch_parent_url":"","market_ch_tax_rate":0,"market_ch_price_inc_tax":0,"market_ch_sale_price_inc_tax":0,"market_at_price":0,"market_at_sale_price":0,"market_at_active":false,"market_at_url":null,"market_at_parent_url":"","market_at_tax_rate":0,"market_at_price_inc_tax":0,"market_at_sale_price_inc_tax":0,"market_es_price":0,"market_es_sale_price":0,"market_es_active":false,"market_es_url":null,"market_es_parent_url":"","market_es_tax_rate":0,"market_es_price_inc_tax":0,"market_es_sale_price_inc_tax":0,"market_dk_price":0,"market_dk_sale_price":0,"market_dk_active":false,"market_dk_url":null,"market_dk_parent_url":"","market_dk_tax_rate":0,"market_dk_price_inc_tax":0,"market_dk_sale_price_inc_tax":0,"market_com_price":0,"market_com_sale_price":0,"market_com_active":false,"market_com_url":null,"market_com_parent_url":"","market_com_tax_rate":0,"market_com_price_inc_tax":0,"market_com_sale_price_inc_tax":0,"acf":[],"_links":{"self":[{"href":"https:\/\/www.pharmacy4pets.nl\/be\/wp-json\/wp\/v2\/product\/120649","targetHints":{"allow":["GET"]}}],"collection":[{"href":"https:\/\/www.pharmacy4pets.nl\/be\/wp-json\/wp\/v2\/product"}],"about":[{"href":"https:\/\/www.pharmacy4pets.nl\/be\/wp-json\/wp\/v2\/types\/product"}],"replies":[{"embeddable":true,"href":"https:\/\/www.pharmacy4pets.nl\/be\/wp-json\/wp\/v2\/comments?post=120649"}],"wp:featuredmedia":[{"embeddable":true,"href":"https:\/\/www.pharmacy4pets.nl\/be\/wp-json\/wp\/v2\/media\/120648"}],"wp:attachment":[{"href":"https:\/\/www.pharmacy4pets.nl\/be\/wp-json\/wp\/v2\/media?parent=120649"}],"wp:term":[{"taxonomy":"product_brand","embeddable":true,"href":"https:\/\/www.pharmacy4pets.nl\/be\/wp-json\/wp\/v2\/product_brand?post=120649"},{"taxonomy":"product_cat","embeddable":true,"href":"https:\/\/www.pharmacy4pets.nl\/be\/wp-json\/wp\/v2\/product_cat?post=120649"},{"taxonomy":"product_tag","embeddable":true,"href":"https:\/\/www.pharmacy4pets.nl\/be\/wp-json\/wp\/v2\/product_tag?post=120649"}],"curies":[{"name":"wp","href":"https:\/\/api.w.org\/{rel}","templated":true}]}}