{"id":120607,"date":"2024-04-11T10:40:14","date_gmt":"2024-04-11T10:40:14","guid":{"rendered":"https:\/\/p4p.test\/optixcare-l-lysine-chews"},"modified":"2026-04-14T08:05:49","modified_gmt":"2026-04-14T08:05:49","slug":"optixcare-l-lysine-chews","status":"publish","type":"product","link":"https:\/\/www.pharmacy4pets.nl\/be\/optixcare-l-lysine-chews","title":{"rendered":"Optixcare L-Lysine Chews 60 stuks"},"content":{"rendered":"<h1><strong>Optixcare L-Lysine Chews<br \/><\/strong><\/h1>\n<p>Optixcare L-Lysine chews zijn heerlijke traktaties die de weerstand van uw kat of kitten kunnen versterken. L-Lysine is een essentieel aminozuur en staat bekend om zijn positieve effecten bij het bestrijden van het feline herpesvirus. Deze supplementen van Optixcare kunnen worden gegeven als een smakelijk tussendoortje en bevatten slechts 6 calorie\u00ebn per stuk.<\/p>\n","protected":false},"excerpt":{"rendered":"<p>Optixcare L-Lysine Chews Optixcare L-Lysine chews zijn heerlijke traktaties die de weerstand van uw kat of kitten kunnen versterken. L-Lysine is een essentieel aminozuur en staat bekend om zijn positieve effecten bij het bestrijden van het feline herpesvirus. Deze supplementen van Optixcare kunnen worden gegeven als een smakelijk tussendoortje en bevatten slechts 6 calorie\u00ebn per [&hellip;]<\/p>\n","protected":false},"featured_media":120606,"comment_status":"open","ping_status":"closed","template":"","meta":{"_acf_changed":false,"_nl_post_content":"<h1><strong>Optixcare L-Lysine Chews<br \/><\/strong><\/h1>\r\n<p>Optixcare L-Lysine chews zijn heerlijke traktaties die de weerstand van uw kat of kitten kunnen versterken. L-Lysine is een essentieel aminozuur en staat bekend om zijn positieve effecten bij het bestrijden van het feline herpesvirus. Deze supplementen van Optixcare kunnen worden gegeven als een smakelijk tussendoortje en bevatten slechts 6 calorie\u00ebn per stuk.<\/p>","_nl_post_name":"optixcare-l-lysine-chews","_nl_post_excerpt":"","_nl_post_title":"Optixcare L-Lysine Chews 60 stuks","_en_post_content":"<h1><strong>Optixcare L-Lysine Chews<\/strong><\/h1>\n<p>Optixcare L-Lysine chews are delicious treats that can boost the immunity of your cat or kitten. L-Lysine is an essential amino acid and is known for its positive effects in combating the feline herpes virus. These Optixcare chews can be given as a tasty snack and contain only 6 calories per piece.<\/p>","_en_post_name":"optixcare-l-lysine-chews","_en_post_excerpt":"","_en_post_title":"Optixcare L-Lysine Chews 60 pieces","_de_post_content":"<h1><strong>Optixcare L-Lysine Chews<br \/><\/strong><\/h1>\n<p>Optixcare L-Lysine Chews sind k\u00f6stliche Leckerlis, die die Widerstandsf\u00e4higkeit Ihrer Katze oder K\u00e4tzchen st\u00e4rken k\u00f6nnen. L-Lysine ist eine essentielle Aminos\u00e4ure und bekannt f\u00fcr ihre positiven Effekte im Kampf gegen das felide Herpesvirus. Diese Kaugummis von Optixcare k\u00f6nnen als schmackhafte Zwischenmahlzeit gegeben werden und enthalten nur 6 Kalorien pro St\u00fcck.<\/p>","_de_post_name":"optixcare-l-lysine-chews","_de_post_excerpt":"","_de_post_title":"Optixcare L-Lysine Chews 60 St\u00fcck","_fr_post_content":"<h1><strong>Optixcare L-Lysine Chews<br \/><\/strong><\/h1>\r\n<p>Les Optixcare L-Lysine Chews sont de d\u00e9licieuses friandises qui peuvent renforcer la r\u00e9sistance de votre chat ou chaton. La L-Lysine est un acide amin\u00e9 essentiel et est connue pour ses effets positifs dans la lutte contre le virus de l'herp\u00e8s f\u00e9lin. Ces bonbons d'Optixcare peuvent \u00eatre donn\u00e9s comme une friandise savoureuse et ne contiennent que 6 calories par pi\u00e8ce.<\/p>\r\n<\/div>","_fr_post_name":"optixcare-l-lysine-chews","_fr_post_excerpt":"","_fr_post_title":"Optixcare L-Lysine Chews 60 pi\u00e8ces","_es_post_content":"<h1><strong>Optixcare L-Lysine Chews<\/strong><\/h1>\r\n<p>Las Optixcare L-Lysine Chews son deliciosas golosinas que pueden fortalecer la resistencia de su gato o gatito. La L-Lisina es un amino\u00e1cido esencial y es conocida por sus efectos positivos en la lucha contra el virus del herpes felino. Estas chuches de Optixcare pueden ser dadas como un sabroso refrigerio y contienen solo 6 calor\u00edas por pieza.<\/p>\r\n<\/div>","_es_post_name":"optixcare-l-lysine-chews","_es_post_excerpt":"","_es_post_title":"Optixcare L-Lysine Chews 60 piezas","edit_language":"nl"},"product_brand":[],"product_cat":[2014,1118,1871,1857,2226],"product_tag":[],"class_list":{"0":"post-120607","1":"product","2":"type-product","3":"status-publish","4":"has-post-thumbnail","6":"product_cat-immuunsysteem-weerstand","7":"product_cat-katten","8":"product_cat-medicijnen-supplementen","9":"product_cat-merken","10":"product_cat-optixcare","11":"pa_aandoening-overig","12":"pa_doeldier-kat","13":"pa_fabricatieland-nederland","14":"pa_merkfilter-optixcare","15":"pa_merkgroep-optixcare","16":"pa_productsoort-voedingssupplement","17":"pa_toedieningswijze-kauwbrokjes","18":"pa_unit_pricing_base_measure-1ct","19":"pa_unit_pricing_measure-60ct","20":"pa_werkzamestof-overig","22":"first","23":"instock","24":"taxable","25":"shipping-taxable","26":"purchasable","27":"product-type-simple"},"yoast_head":"<!-- This site is optimized with the Yoast SEO plugin v27.5 - https:\/\/yoast.com\/product\/yoast-seo-wordpress\/ -->\n<title>Optixcare L-Lysine Chews<\/title>\n<meta name=\"description\" content=\"Optixcare L-Lysine Chews zijn heerlijke traktaties die de weerstand van uw kat of kitten kunnen versterken. L-Lysine is een essentieel aminozuur en staat bekend om zijn positieve effecten bij het bestrijden van het feli\" \/>\n<meta name=\"robots\" content=\"index, follow, max-snippet:-1, max-image-preview:large, max-video-preview:-1\" \/>\n<link rel=\"canonical\" href=\"https:\/\/www.pharmacy4pets.nl\/be\/optixcare-l-lysine-chews\" \/>\n<meta property=\"og:locale\" content=\"nl_NL\" \/>\n<meta property=\"og:type\" content=\"article\" \/>\n<meta property=\"og:title\" content=\"Optixcare L-Lysine Chews\" \/>\n<meta property=\"og:description\" content=\"Optixcare L-Lysine Chews zijn heerlijke traktaties die de weerstand van uw kat of kitten kunnen versterken. L-Lysine is een essentieel aminozuur en staat bekend om zijn positieve effecten bij het bestrijden van het feli\" \/>\n<meta property=\"og:url\" content=\"https:\/\/www.pharmacy4pets.nl\/be\/optixcare-l-lysine-chews\" \/>\n<meta property=\"og:site_name\" content=\"Pharmacy4pets\" \/>\n<meta property=\"article:publisher\" content=\"https:\/\/www.facebook.com\/people\/Pharmacy4petsnl\/100063484989896\/\" \/>\n<meta property=\"article:modified_time\" content=\"2026-04-14T08:05:49+00:00\" \/>\n<meta property=\"og:image\" content=\"https:\/\/www.pharmacy4pets.nl\/wp-content\/uploads\/2024\/04\/optixcare-l-lysine-v2.jpg\" \/>\n\t<meta property=\"og:image:width\" content=\"550\" \/>\n\t<meta property=\"og:image:height\" content=\"550\" \/>\n\t<meta property=\"og:image:type\" content=\"image\/jpeg\" \/>\n<meta name=\"twitter:card\" content=\"summary_large_image\" \/>\n<script type=\"application\/ld+json\" class=\"yoast-schema-graph\">{\"@context\":\"https:\\\/\\\/schema.org\",\"@graph\":[{\"@type\":\"WebPage\",\"@id\":\"https:\\\/\\\/www.pharmacy4pets.nl\\\/be\\\/optixcare-l-lysine-chews\",\"url\":\"https:\\\/\\\/www.pharmacy4pets.nl\\\/be\\\/optixcare-l-lysine-chews\",\"name\":\"Optixcare L-Lysine Chews\",\"isPartOf\":{\"@id\":\"http:\\\/\\\/www.pharmacy4pets.nl\\\/#website\"},\"primaryImageOfPage\":{\"@id\":\"https:\\\/\\\/www.pharmacy4pets.nl\\\/be\\\/optixcare-l-lysine-chews#primaryimage\"},\"image\":{\"@id\":\"https:\\\/\\\/www.pharmacy4pets.nl\\\/be\\\/optixcare-l-lysine-chews#primaryimage\"},\"thumbnailUrl\":\"https:\\\/\\\/www.pharmacy4pets.nl\\\/wp-content\\\/uploads\\\/2024\\\/04\\\/optixcare-l-lysine-v2.jpg\",\"datePublished\":\"2024-04-11T10:40:14+00:00\",\"dateModified\":\"2026-04-14T08:05:49+00:00\",\"description\":\"Optixcare L-Lysine Chews zijn heerlijke traktaties die de weerstand van uw kat of kitten kunnen versterken. L-Lysine is een essentieel aminozuur en staat bekend om zijn positieve effecten bij het bestrijden van het feli\",\"breadcrumb\":{\"@id\":\"https:\\\/\\\/www.pharmacy4pets.nl\\\/be\\\/optixcare-l-lysine-chews#breadcrumb\"},\"inLanguage\":\"nl-NL\",\"potentialAction\":[{\"@type\":\"ReadAction\",\"target\":[\"https:\\\/\\\/www.pharmacy4pets.nl\\\/be\\\/optixcare-l-lysine-chews\"]}]},{\"@type\":\"ImageObject\",\"inLanguage\":\"nl-NL\",\"@id\":\"https:\\\/\\\/www.pharmacy4pets.nl\\\/be\\\/optixcare-l-lysine-chews#primaryimage\",\"url\":\"https:\\\/\\\/www.pharmacy4pets.nl\\\/wp-content\\\/uploads\\\/2024\\\/04\\\/optixcare-l-lysine-v2.jpg\",\"contentUrl\":\"https:\\\/\\\/www.pharmacy4pets.nl\\\/wp-content\\\/uploads\\\/2024\\\/04\\\/optixcare-l-lysine-v2.jpg\",\"width\":550,\"height\":550,\"caption\":\"Optixcare L-Lysine Chews\"},{\"@type\":\"BreadcrumbList\",\"@id\":\"https:\\\/\\\/www.pharmacy4pets.nl\\\/be\\\/optixcare-l-lysine-chews#breadcrumb\",\"itemListElement\":[{\"@type\":\"ListItem\",\"position\":1,\"name\":\"Home\",\"item\":\"https:\\\/\\\/p4p-nl.bootmine.com\\\/\"},{\"@type\":\"ListItem\",\"position\":2,\"name\":\"Winkel\",\"item\":\"https:\\\/\\\/p4p-nl.bootmine.com\\\/winkel\"},{\"@type\":\"ListItem\",\"position\":3,\"name\":\"Optixcare L-Lysine Chews 60 stuks\"}]},{\"@type\":\"WebSite\",\"@id\":\"http:\\\/\\\/www.pharmacy4pets.nl\\\/#website\",\"url\":\"http:\\\/\\\/www.pharmacy4pets.nl\\\/\",\"name\":\"Pharmacy4pets\",\"description\":\"Pharmacy4pets.nl is d\u00e9 online apotheek waar u terecht kunt voor alle diergeneesmiddelen, verzorgingsproducten en dieetvoeding voor uw huisdier.\",\"publisher\":{\"@id\":\"http:\\\/\\\/www.pharmacy4pets.nl\\\/#organization\"},\"potentialAction\":[{\"@type\":\"SearchAction\",\"target\":{\"@type\":\"EntryPoint\",\"urlTemplate\":\"http:\\\/\\\/www.pharmacy4pets.nl\\\/?s={search_term_string}\"},\"query-input\":{\"@type\":\"PropertyValueSpecification\",\"valueRequired\":true,\"valueName\":\"search_term_string\"}}],\"inLanguage\":\"nl-NL\"},{\"@type\":\"Organization\",\"@id\":\"http:\\\/\\\/www.pharmacy4pets.nl\\\/#organization\",\"name\":\"Pharmacy4pets\",\"url\":\"http:\\\/\\\/www.pharmacy4pets.nl\\\/\",\"logo\":{\"@type\":\"ImageObject\",\"inLanguage\":\"nl-NL\",\"@id\":\"http:\\\/\\\/www.pharmacy4pets.nl\\\/#\\\/schema\\\/logo\\\/image\\\/\",\"url\":\"https:\\\/\\\/p4p-nl.bootmine.com\\\/wp-content\\\/uploads\\\/2026\\\/03\\\/logo-pharmacy4pets.png\",\"contentUrl\":\"https:\\\/\\\/p4p-nl.bootmine.com\\\/wp-content\\\/uploads\\\/2026\\\/03\\\/logo-pharmacy4pets.png\",\"width\":1024,\"height\":135,\"caption\":\"Pharmacy4pets\"},\"image\":{\"@id\":\"http:\\\/\\\/www.pharmacy4pets.nl\\\/#\\\/schema\\\/logo\\\/image\\\/\"},\"sameAs\":[\"https:\\\/\\\/www.facebook.com\\\/people\\\/Pharmacy4petsnl\\\/100063484989896\\\/\",\"https:\\\/\\\/www.youtube.com\\\/channel\\\/UCGPTIgucgli03tP2_kvLkHg\\\/featured\",\"https:\\\/\\\/www.instagram.com\\\/pharmacy4pets.nl\"]}]}<\/script>\n<!-- \/ Yoast SEO plugin. -->","yoast_head_json":{"title":"Optixcare L-Lysine Chews","description":"Optixcare L-Lysine Chews zijn heerlijke traktaties die de weerstand van uw kat of kitten kunnen versterken. L-Lysine is een essentieel aminozuur en staat bekend om zijn positieve effecten bij het bestrijden van het feli","robots":{"index":"index","follow":"follow","max-snippet":"max-snippet:-1","max-image-preview":"max-image-preview:large","max-video-preview":"max-video-preview:-1"},"canonical":"https:\/\/www.pharmacy4pets.nl\/be\/optixcare-l-lysine-chews","og_locale":"nl_NL","og_type":"article","og_title":"Optixcare L-Lysine Chews","og_description":"Optixcare L-Lysine Chews zijn heerlijke traktaties die de weerstand van uw kat of kitten kunnen versterken. L-Lysine is een essentieel aminozuur en staat bekend om zijn positieve effecten bij het bestrijden van het feli","og_url":"https:\/\/www.pharmacy4pets.nl\/be\/optixcare-l-lysine-chews","og_site_name":"Pharmacy4pets","article_publisher":"https:\/\/www.facebook.com\/people\/Pharmacy4petsnl\/100063484989896\/","article_modified_time":"2026-04-14T08:05:49+00:00","og_image":[{"width":550,"height":550,"url":"https:\/\/www.pharmacy4pets.nl\/wp-content\/uploads\/2024\/04\/optixcare-l-lysine-v2.jpg","type":"image\/jpeg"}],"twitter_card":"summary_large_image","schema":{"@context":"https:\/\/schema.org","@graph":[{"@type":"WebPage","@id":"https:\/\/www.pharmacy4pets.nl\/be\/optixcare-l-lysine-chews","url":"https:\/\/www.pharmacy4pets.nl\/be\/optixcare-l-lysine-chews","name":"Optixcare L-Lysine Chews","isPartOf":{"@id":"http:\/\/www.pharmacy4pets.nl\/#website"},"primaryImageOfPage":{"@id":"https:\/\/www.pharmacy4pets.nl\/be\/optixcare-l-lysine-chews#primaryimage"},"image":{"@id":"https:\/\/www.pharmacy4pets.nl\/be\/optixcare-l-lysine-chews#primaryimage"},"thumbnailUrl":"https:\/\/www.pharmacy4pets.nl\/wp-content\/uploads\/2024\/04\/optixcare-l-lysine-v2.jpg","datePublished":"2024-04-11T10:40:14+00:00","dateModified":"2026-04-14T08:05:49+00:00","description":"Optixcare L-Lysine Chews zijn heerlijke traktaties die de weerstand van uw kat of kitten kunnen versterken. L-Lysine is een essentieel aminozuur en staat bekend om zijn positieve effecten bij het bestrijden van het feli","breadcrumb":{"@id":"https:\/\/www.pharmacy4pets.nl\/be\/optixcare-l-lysine-chews#breadcrumb"},"inLanguage":"nl-NL","potentialAction":[{"@type":"ReadAction","target":["https:\/\/www.pharmacy4pets.nl\/be\/optixcare-l-lysine-chews"]}]},{"@type":"ImageObject","inLanguage":"nl-NL","@id":"https:\/\/www.pharmacy4pets.nl\/be\/optixcare-l-lysine-chews#primaryimage","url":"https:\/\/www.pharmacy4pets.nl\/wp-content\/uploads\/2024\/04\/optixcare-l-lysine-v2.jpg","contentUrl":"https:\/\/www.pharmacy4pets.nl\/wp-content\/uploads\/2024\/04\/optixcare-l-lysine-v2.jpg","width":550,"height":550,"caption":"Optixcare L-Lysine Chews"},{"@type":"BreadcrumbList","@id":"https:\/\/www.pharmacy4pets.nl\/be\/optixcare-l-lysine-chews#breadcrumb","itemListElement":[{"@type":"ListItem","position":1,"name":"Home","item":"https:\/\/p4p-nl.bootmine.com\/"},{"@type":"ListItem","position":2,"name":"Winkel","item":"https:\/\/p4p-nl.bootmine.com\/winkel"},{"@type":"ListItem","position":3,"name":"Optixcare L-Lysine Chews 60 stuks"}]},{"@type":"WebSite","@id":"http:\/\/www.pharmacy4pets.nl\/#website","url":"http:\/\/www.pharmacy4pets.nl\/","name":"Pharmacy4pets","description":"Pharmacy4pets.nl is d\u00e9 online apotheek waar u terecht kunt voor alle diergeneesmiddelen, verzorgingsproducten en dieetvoeding voor uw huisdier.","publisher":{"@id":"http:\/\/www.pharmacy4pets.nl\/#organization"},"potentialAction":[{"@type":"SearchAction","target":{"@type":"EntryPoint","urlTemplate":"http:\/\/www.pharmacy4pets.nl\/?s={search_term_string}"},"query-input":{"@type":"PropertyValueSpecification","valueRequired":true,"valueName":"search_term_string"}}],"inLanguage":"nl-NL"},{"@type":"Organization","@id":"http:\/\/www.pharmacy4pets.nl\/#organization","name":"Pharmacy4pets","url":"http:\/\/www.pharmacy4pets.nl\/","logo":{"@type":"ImageObject","inLanguage":"nl-NL","@id":"http:\/\/www.pharmacy4pets.nl\/#\/schema\/logo\/image\/","url":"https:\/\/p4p-nl.bootmine.com\/wp-content\/uploads\/2026\/03\/logo-pharmacy4pets.png","contentUrl":"https:\/\/p4p-nl.bootmine.com\/wp-content\/uploads\/2026\/03\/logo-pharmacy4pets.png","width":1024,"height":135,"caption":"Pharmacy4pets"},"image":{"@id":"http:\/\/www.pharmacy4pets.nl\/#\/schema\/logo\/image\/"},"sameAs":["https:\/\/www.facebook.com\/people\/Pharmacy4petsnl\/100063484989896\/","https:\/\/www.youtube.com\/channel\/UCGPTIgucgli03tP2_kvLkHg\/featured","https:\/\/www.instagram.com\/pharmacy4pets.nl"]}]}},"market_data":{"nl":{"price":0,"sale_price":0,"active":false,"url":null,"parent_url":"","tax_rate":0,"price_inc_tax":0,"sale_price_inc_tax":0},"de":{"price":0,"sale_price":0,"active":false,"url":null,"parent_url":"","tax_rate":0,"price_inc_tax":0,"sale_price_inc_tax":0},"be":{"price":0,"sale_price":0,"active":false,"url":null,"parent_url":"","tax_rate":0,"price_inc_tax":0,"sale_price_inc_tax":0},"fr":{"price":0,"sale_price":0,"active":false,"url":null,"parent_url":"","tax_rate":0,"price_inc_tax":0,"sale_price_inc_tax":0},"ch":{"price":0,"sale_price":0,"active":false,"url":null,"parent_url":"","tax_rate":0,"price_inc_tax":0,"sale_price_inc_tax":0},"at":{"price":0,"sale_price":0,"active":false,"url":null,"parent_url":"","tax_rate":0,"price_inc_tax":0,"sale_price_inc_tax":0},"es":{"price":0,"sale_price":0,"active":false,"url":null,"parent_url":"","tax_rate":0,"price_inc_tax":0,"sale_price_inc_tax":0},"dk":{"price":0,"sale_price":0,"active":false,"url":null,"parent_url":"","tax_rate":0,"price_inc_tax":0,"sale_price_inc_tax":0},"com":{"price":0,"sale_price":0,"active":false,"url":null,"parent_url":"","tax_rate":0,"price_inc_tax":0,"sale_price_inc_tax":0}},"market_nl_price":0,"market_nl_sale_price":0,"market_nl_active":false,"market_nl_url":null,"market_nl_parent_url":"","market_nl_tax_rate":0,"market_nl_price_inc_tax":0,"market_nl_sale_price_inc_tax":0,"market_de_price":0,"market_de_sale_price":0,"market_de_active":false,"market_de_url":null,"market_de_parent_url":"","market_de_tax_rate":0,"market_de_price_inc_tax":0,"market_de_sale_price_inc_tax":0,"market_be_price":0,"market_be_sale_price":0,"market_be_active":false,"market_be_url":null,"market_be_parent_url":"","market_be_tax_rate":0,"market_be_price_inc_tax":0,"market_be_sale_price_inc_tax":0,"market_fr_price":0,"market_fr_sale_price":0,"market_fr_active":false,"market_fr_url":null,"market_fr_parent_url":"","market_fr_tax_rate":0,"market_fr_price_inc_tax":0,"market_fr_sale_price_inc_tax":0,"market_ch_price":0,"market_ch_sale_price":0,"market_ch_active":false,"market_ch_url":null,"market_ch_parent_url":"","market_ch_tax_rate":0,"market_ch_price_inc_tax":0,"market_ch_sale_price_inc_tax":0,"market_at_price":0,"market_at_sale_price":0,"market_at_active":false,"market_at_url":null,"market_at_parent_url":"","market_at_tax_rate":0,"market_at_price_inc_tax":0,"market_at_sale_price_inc_tax":0,"market_es_price":0,"market_es_sale_price":0,"market_es_active":false,"market_es_url":null,"market_es_parent_url":"","market_es_tax_rate":0,"market_es_price_inc_tax":0,"market_es_sale_price_inc_tax":0,"market_dk_price":0,"market_dk_sale_price":0,"market_dk_active":false,"market_dk_url":null,"market_dk_parent_url":"","market_dk_tax_rate":0,"market_dk_price_inc_tax":0,"market_dk_sale_price_inc_tax":0,"market_com_price":0,"market_com_sale_price":0,"market_com_active":false,"market_com_url":null,"market_com_parent_url":"","market_com_tax_rate":0,"market_com_price_inc_tax":0,"market_com_sale_price_inc_tax":0,"acf":[],"_links":{"self":[{"href":"https:\/\/www.pharmacy4pets.nl\/be\/wp-json\/wp\/v2\/product\/120607","targetHints":{"allow":["GET"]}}],"collection":[{"href":"https:\/\/www.pharmacy4pets.nl\/be\/wp-json\/wp\/v2\/product"}],"about":[{"href":"https:\/\/www.pharmacy4pets.nl\/be\/wp-json\/wp\/v2\/types\/product"}],"replies":[{"embeddable":true,"href":"https:\/\/www.pharmacy4pets.nl\/be\/wp-json\/wp\/v2\/comments?post=120607"}],"wp:featuredmedia":[{"embeddable":true,"href":"https:\/\/www.pharmacy4pets.nl\/be\/wp-json\/wp\/v2\/media\/120606"}],"wp:attachment":[{"href":"https:\/\/www.pharmacy4pets.nl\/be\/wp-json\/wp\/v2\/media?parent=120607"}],"wp:term":[{"taxonomy":"product_brand","embeddable":true,"href":"https:\/\/www.pharmacy4pets.nl\/be\/wp-json\/wp\/v2\/product_brand?post=120607"},{"taxonomy":"product_cat","embeddable":true,"href":"https:\/\/www.pharmacy4pets.nl\/be\/wp-json\/wp\/v2\/product_cat?post=120607"},{"taxonomy":"product_tag","embeddable":true,"href":"https:\/\/www.pharmacy4pets.nl\/be\/wp-json\/wp\/v2\/product_tag?post=120607"}],"curies":[{"name":"wp","href":"https:\/\/api.w.org\/{rel}","templated":true}]}}