{"id":120605,"date":"2024-04-11T10:09:55","date_gmt":"2024-04-11T10:09:55","guid":{"rendered":"https:\/\/p4p.test\/optixcare-eye-health"},"modified":"2026-04-14T08:05:49","modified_gmt":"2026-04-14T08:05:49","slug":"optixcare-eye-health","status":"publish","type":"product","link":"https:\/\/www.pharmacy4pets.nl\/be\/optixcare-eye-health","title":{"rendered":"Optixcare Eye Health 20 gram"},"content":{"rendered":"<h1><strong>Optixcare Eye Health<\/strong><\/h1>\n<p>Optixcare Eye Health is een steriele ooggel voor honden, katten en paarden, samengesteld met vier essenti\u00eble antioxidanten. Deze gel beschermt de ogen tegen schadelijke UV-straling. Het vertraagt het begin en de progressie van oogaandoeningen, biedt bescherming tegen UV-straling, en geeft goede resultaten bij kortsnuitige rassen. Bovendien voorkomt het achteruitgang van het zicht bij oudere dieren.<\/p>\n","protected":false},"excerpt":{"rendered":"<p>Optixcare Eye Health Optixcare Eye Health is een steriele ooggel voor honden, katten en paarden, samengesteld met vier essenti\u00eble antioxidanten. Deze gel beschermt de ogen tegen schadelijke UV-straling. Het vertraagt het begin en de progressie van oogaandoeningen, biedt bescherming tegen UV-straling, en geeft goede resultaten bij kortsnuitige rassen. Bovendien voorkomt het achteruitgang van het zicht [&hellip;]<\/p>\n","protected":false},"featured_media":120604,"comment_status":"open","ping_status":"closed","template":"","meta":{"_acf_changed":false,"_nl_post_content":"<h1><strong>Optixcare Eye Health<\/strong><\/h1>\r\n<p>Optixcare Eye Health is een steriele ooggel voor honden, katten en paarden, samengesteld met vier essenti\u00eble antioxidanten. Deze gel beschermt de ogen tegen schadelijke UV-straling. Het vertraagt het begin en de progressie van oogaandoeningen, biedt bescherming tegen UV-straling, en geeft goede resultaten bij kortsnuitige rassen. Bovendien voorkomt het achteruitgang van het zicht bij oudere dieren.<\/p>","_nl_post_name":"optixcare-eye-health","_nl_post_excerpt":"","_nl_post_title":"Optixcare Eye Health 20 gram","_en_post_content":"<h1><strong>Optixcare Eye Health<\/strong><\/h1>\r\n<p>Optixcare Eye Health is a sterile eye gel for dogs, cats, and horses, formulated with four essential antioxidants. This gel protects the eyes against harmful UV radiation. It slows down the onset and progression of eye conditions, provides protection against UV radiation, and yields good results in short-nosed breeds. Additionally, it prevents deterioration of vision in older animals.<\/p>\r\n<\/div>","_en_post_name":"optixcare-eye-health","_en_post_excerpt":"","_en_post_title":"Optixcare Eye Health 20 grams","_de_post_content":"<h1>Optixcare Eye Health<\/h1>\n<p>Optixcare Eye Health ist ein steriles Augengel f\u00fcr Hunde, Katzen und Pferde, das aus vier essentiellen Antioxidantien besteht. Dieses Gel sch\u00fctzt die Augen vor sch\u00e4dlicher UV-Strahlung. Es verz\u00f6gert den Beginn und den Fortschritt von Augenerkrankungen, bietet Schutz vor UV-Strahlung und erzielt gute Ergebnisse bei Hunderassen mit kurzer Schnauze. Dar\u00fcber hinaus verhindert es den Sehverlust bei \u00e4lteren Tieren.<\/p>","_de_post_name":"optixcare-eye-health","_de_post_excerpt":"","_de_post_title":"Optixcare Eye Health 20 Gramm","_fr_post_content":"<h1><strong>Optixcare Eye Health<\/strong><\/h1>\r\n<p>Optixcare Eye Health est un gel ophtalmique st\u00e9rile pour chiens, chats et chevaux, compos\u00e9 de quatre antioxydants essentiels. Ce gel prot\u00e8ge les yeux contre les rayons UV nocifs. Il retarde le d\u00e9but et la progression des maladies oculaires, offre une protection contre les rayons UV et donne de bons r\u00e9sultats chez les races \u00e0 museau court. De plus, il pr\u00e9vient la d\u00e9t\u00e9rioration de la vision chez les animaux \u00e2g\u00e9s.<\/p>\r\n<\/div>","_fr_post_name":"optixcare-eye-health","_fr_post_excerpt":"","_fr_post_title":"Optixcare Eye Health 20 grammes","_es_post_content":"<h1><strong>Optixcare Eye Health<\/strong><\/h1>\r\n<p>Optixcare Eye Health es un gel oft\u00e1lmico est\u00e9ril para perros, gatos y caballos, compuesto por cuatro antioxidantes esenciales. Este gel protege los ojos contra la radiaci\u00f3n UV da\u00f1ina. Retarda el inicio y la progresi\u00f3n de las enfermedades oculares, proporciona protecci\u00f3n contra la radiaci\u00f3n UV y ofrece buenos resultados en razas de hocico corto. Adem\u00e1s, previene el deterioro de la visi\u00f3n en animales mayores.<\/p>\r\n<\/div>","_es_post_name":"optixcare-eye-health","_es_post_excerpt":"","_es_post_title":"Optixcare Eye Health 20 gramos","edit_language":"nl"},"product_brand":[],"product_cat":[1117,1118,1871,1839,1811,1857,1881,1850,1816,2226,1809],"product_tag":[],"class_list":{"0":"post-120605","1":"product","2":"type-product","3":"status-publish","4":"has-post-thumbnail","6":"product_cat-honden","7":"product_cat-katten","8":"product_cat-medicijnen-supplementen","11":"product_cat-merken","12":"product_cat-ogen","15":"product_cat-optixcare","16":"product_cat-paarden","17":"pa_aandoening-ogen_oren","18":"pa_doeldier-hond","19":"pa_doeldier-kat","20":"pa_doeldier-paard","21":"pa_fabricatieland-nederland","22":"pa_merkfilter-optixcare","23":"pa_merkgroep-optixcare","24":"pa_productsoort-overig","25":"pa_toedieningswijze-gel","26":"pa_unit_pricing_base_measure-1g","27":"pa_unit_pricing_measure-20g","28":"pa_werkzamestof-overig","30":"first","31":"instock","32":"taxable","33":"shipping-taxable","34":"purchasable","35":"product-type-simple"},"yoast_head":"<!-- This site is optimized with the Yoast SEO plugin v27.5 - https:\/\/yoast.com\/product\/yoast-seo-wordpress\/ -->\n<title>Optixcare Eye Health<\/title>\n<meta name=\"description\" content=\"Optixcare Eye Health is een steriele ooggel voor honden, katten en paarden, samengesteld met vier essenti\u00eble antioxidanten. Deze gel beschermt de ogen tegen schadelijke UV-straling.\u00a0\" \/>\n<meta name=\"robots\" content=\"index, follow, max-snippet:-1, max-image-preview:large, max-video-preview:-1\" \/>\n<link rel=\"canonical\" href=\"https:\/\/www.pharmacy4pets.nl\/optixcare-eye-health\" \/>\n<meta property=\"og:locale\" content=\"nl_NL\" \/>\n<meta property=\"og:type\" content=\"article\" \/>\n<meta property=\"og:title\" content=\"Optixcare Eye Health\" \/>\n<meta property=\"og:description\" content=\"Optixcare Eye Health is een steriele ooggel voor honden, katten en paarden, samengesteld met vier essenti\u00eble antioxidanten. Deze gel beschermt de ogen tegen schadelijke UV-straling.\u00a0\" \/>\n<meta property=\"og:url\" content=\"https:\/\/www.pharmacy4pets.nl\/optixcare-eye-health\" \/>\n<meta property=\"og:site_name\" content=\"Pharmacy4pets\" \/>\n<meta property=\"article:publisher\" content=\"https:\/\/www.facebook.com\/people\/Pharmacy4petsnl\/100063484989896\/\" \/>\n<meta property=\"article:modified_time\" content=\"2026-04-14T08:05:49+00:00\" \/>\n<meta property=\"og:image\" content=\"https:\/\/www.pharmacy4pets.nl\/wp-content\/uploads\/2024\/04\/optixcare-eye-health.jpg\" \/>\n\t<meta property=\"og:image:width\" content=\"1000\" \/>\n\t<meta property=\"og:image:height\" content=\"1000\" \/>\n\t<meta property=\"og:image:type\" content=\"image\/jpeg\" \/>\n<meta name=\"twitter:card\" content=\"summary_large_image\" \/>\n<script type=\"application\/ld+json\" class=\"yoast-schema-graph\">{\"@context\":\"https:\\\/\\\/schema.org\",\"@graph\":[{\"@type\":\"WebPage\",\"@id\":\"https:\\\/\\\/www.pharmacy4pets.nl\\\/optixcare-eye-health\",\"url\":\"https:\\\/\\\/www.pharmacy4pets.nl\\\/optixcare-eye-health\",\"name\":\"Optixcare Eye Health\",\"isPartOf\":{\"@id\":\"http:\\\/\\\/www.pharmacy4pets.nl\\\/#website\"},\"primaryImageOfPage\":{\"@id\":\"https:\\\/\\\/www.pharmacy4pets.nl\\\/optixcare-eye-health#primaryimage\"},\"image\":{\"@id\":\"https:\\\/\\\/www.pharmacy4pets.nl\\\/optixcare-eye-health#primaryimage\"},\"thumbnailUrl\":\"https:\\\/\\\/www.pharmacy4pets.nl\\\/wp-content\\\/uploads\\\/2024\\\/04\\\/optixcare-eye-health.jpg\",\"datePublished\":\"2024-04-11T10:09:55+00:00\",\"dateModified\":\"2026-04-14T08:05:49+00:00\",\"description\":\"Optixcare Eye Health is een steriele ooggel voor honden, katten en paarden, samengesteld met vier essenti\u00eble antioxidanten. Deze gel beschermt de ogen tegen schadelijke UV-straling.\u00a0\",\"breadcrumb\":{\"@id\":\"https:\\\/\\\/www.pharmacy4pets.nl\\\/optixcare-eye-health#breadcrumb\"},\"inLanguage\":\"nl-NL\",\"potentialAction\":[{\"@type\":\"ReadAction\",\"target\":[\"https:\\\/\\\/www.pharmacy4pets.nl\\\/optixcare-eye-health\"]}]},{\"@type\":\"ImageObject\",\"inLanguage\":\"nl-NL\",\"@id\":\"https:\\\/\\\/www.pharmacy4pets.nl\\\/optixcare-eye-health#primaryimage\",\"url\":\"https:\\\/\\\/www.pharmacy4pets.nl\\\/wp-content\\\/uploads\\\/2024\\\/04\\\/optixcare-eye-health.jpg\",\"contentUrl\":\"https:\\\/\\\/www.pharmacy4pets.nl\\\/wp-content\\\/uploads\\\/2024\\\/04\\\/optixcare-eye-health.jpg\",\"width\":1000,\"height\":1000,\"caption\":\"Optixcare Eye Health\"},{\"@type\":\"BreadcrumbList\",\"@id\":\"https:\\\/\\\/www.pharmacy4pets.nl\\\/optixcare-eye-health#breadcrumb\",\"itemListElement\":[{\"@type\":\"ListItem\",\"position\":1,\"name\":\"Home\",\"item\":\"https:\\\/\\\/p4p-nl.bootmine.com\\\/\"},{\"@type\":\"ListItem\",\"position\":2,\"name\":\"Winkel\",\"item\":\"https:\\\/\\\/p4p-nl.bootmine.com\\\/winkel\"},{\"@type\":\"ListItem\",\"position\":3,\"name\":\"Optixcare Eye Health 20 gram\"}]},{\"@type\":\"WebSite\",\"@id\":\"http:\\\/\\\/www.pharmacy4pets.nl\\\/#website\",\"url\":\"http:\\\/\\\/www.pharmacy4pets.nl\\\/\",\"name\":\"Pharmacy4pets\",\"description\":\"Pharmacy4pets.nl is d\u00e9 online apotheek waar u terecht kunt voor alle diergeneesmiddelen, verzorgingsproducten en dieetvoeding voor uw huisdier.\",\"publisher\":{\"@id\":\"http:\\\/\\\/www.pharmacy4pets.nl\\\/#organization\"},\"potentialAction\":[{\"@type\":\"SearchAction\",\"target\":{\"@type\":\"EntryPoint\",\"urlTemplate\":\"http:\\\/\\\/www.pharmacy4pets.nl\\\/?s={search_term_string}\"},\"query-input\":{\"@type\":\"PropertyValueSpecification\",\"valueRequired\":true,\"valueName\":\"search_term_string\"}}],\"inLanguage\":\"nl-NL\"},{\"@type\":\"Organization\",\"@id\":\"http:\\\/\\\/www.pharmacy4pets.nl\\\/#organization\",\"name\":\"Pharmacy4pets\",\"url\":\"http:\\\/\\\/www.pharmacy4pets.nl\\\/\",\"logo\":{\"@type\":\"ImageObject\",\"inLanguage\":\"nl-NL\",\"@id\":\"http:\\\/\\\/www.pharmacy4pets.nl\\\/#\\\/schema\\\/logo\\\/image\\\/\",\"url\":\"https:\\\/\\\/p4p-nl.bootmine.com\\\/wp-content\\\/uploads\\\/2026\\\/03\\\/logo-pharmacy4pets.png\",\"contentUrl\":\"https:\\\/\\\/p4p-nl.bootmine.com\\\/wp-content\\\/uploads\\\/2026\\\/03\\\/logo-pharmacy4pets.png\",\"width\":1024,\"height\":135,\"caption\":\"Pharmacy4pets\"},\"image\":{\"@id\":\"http:\\\/\\\/www.pharmacy4pets.nl\\\/#\\\/schema\\\/logo\\\/image\\\/\"},\"sameAs\":[\"https:\\\/\\\/www.facebook.com\\\/people\\\/Pharmacy4petsnl\\\/100063484989896\\\/\",\"https:\\\/\\\/www.youtube.com\\\/channel\\\/UCGPTIgucgli03tP2_kvLkHg\\\/featured\",\"https:\\\/\\\/www.instagram.com\\\/pharmacy4pets.nl\"]}]}<\/script>\n<!-- \/ Yoast SEO plugin. -->","yoast_head_json":{"title":"Optixcare Eye Health","description":"Optixcare Eye Health is een steriele ooggel voor honden, katten en paarden, samengesteld met vier essenti\u00eble antioxidanten. Deze gel beschermt de ogen tegen schadelijke UV-straling.\u00a0","robots":{"index":"index","follow":"follow","max-snippet":"max-snippet:-1","max-image-preview":"max-image-preview:large","max-video-preview":"max-video-preview:-1"},"canonical":"https:\/\/www.pharmacy4pets.nl\/optixcare-eye-health","og_locale":"nl_NL","og_type":"article","og_title":"Optixcare Eye Health","og_description":"Optixcare Eye Health is een steriele ooggel voor honden, katten en paarden, samengesteld met vier essenti\u00eble antioxidanten. Deze gel beschermt de ogen tegen schadelijke UV-straling.\u00a0","og_url":"https:\/\/www.pharmacy4pets.nl\/optixcare-eye-health","og_site_name":"Pharmacy4pets","article_publisher":"https:\/\/www.facebook.com\/people\/Pharmacy4petsnl\/100063484989896\/","article_modified_time":"2026-04-14T08:05:49+00:00","og_image":[{"width":1000,"height":1000,"url":"https:\/\/www.pharmacy4pets.nl\/wp-content\/uploads\/2024\/04\/optixcare-eye-health.jpg","type":"image\/jpeg"}],"twitter_card":"summary_large_image","schema":{"@context":"https:\/\/schema.org","@graph":[{"@type":"WebPage","@id":"https:\/\/www.pharmacy4pets.nl\/optixcare-eye-health","url":"https:\/\/www.pharmacy4pets.nl\/optixcare-eye-health","name":"Optixcare Eye Health","isPartOf":{"@id":"http:\/\/www.pharmacy4pets.nl\/#website"},"primaryImageOfPage":{"@id":"https:\/\/www.pharmacy4pets.nl\/optixcare-eye-health#primaryimage"},"image":{"@id":"https:\/\/www.pharmacy4pets.nl\/optixcare-eye-health#primaryimage"},"thumbnailUrl":"https:\/\/www.pharmacy4pets.nl\/wp-content\/uploads\/2024\/04\/optixcare-eye-health.jpg","datePublished":"2024-04-11T10:09:55+00:00","dateModified":"2026-04-14T08:05:49+00:00","description":"Optixcare Eye Health is een steriele ooggel voor honden, katten en paarden, samengesteld met vier essenti\u00eble antioxidanten. Deze gel beschermt de ogen tegen schadelijke UV-straling.\u00a0","breadcrumb":{"@id":"https:\/\/www.pharmacy4pets.nl\/optixcare-eye-health#breadcrumb"},"inLanguage":"nl-NL","potentialAction":[{"@type":"ReadAction","target":["https:\/\/www.pharmacy4pets.nl\/optixcare-eye-health"]}]},{"@type":"ImageObject","inLanguage":"nl-NL","@id":"https:\/\/www.pharmacy4pets.nl\/optixcare-eye-health#primaryimage","url":"https:\/\/www.pharmacy4pets.nl\/wp-content\/uploads\/2024\/04\/optixcare-eye-health.jpg","contentUrl":"https:\/\/www.pharmacy4pets.nl\/wp-content\/uploads\/2024\/04\/optixcare-eye-health.jpg","width":1000,"height":1000,"caption":"Optixcare Eye Health"},{"@type":"BreadcrumbList","@id":"https:\/\/www.pharmacy4pets.nl\/optixcare-eye-health#breadcrumb","itemListElement":[{"@type":"ListItem","position":1,"name":"Home","item":"https:\/\/p4p-nl.bootmine.com\/"},{"@type":"ListItem","position":2,"name":"Winkel","item":"https:\/\/p4p-nl.bootmine.com\/winkel"},{"@type":"ListItem","position":3,"name":"Optixcare Eye Health 20 gram"}]},{"@type":"WebSite","@id":"http:\/\/www.pharmacy4pets.nl\/#website","url":"http:\/\/www.pharmacy4pets.nl\/","name":"Pharmacy4pets","description":"Pharmacy4pets.nl is d\u00e9 online apotheek waar u terecht kunt voor alle diergeneesmiddelen, verzorgingsproducten en dieetvoeding voor uw huisdier.","publisher":{"@id":"http:\/\/www.pharmacy4pets.nl\/#organization"},"potentialAction":[{"@type":"SearchAction","target":{"@type":"EntryPoint","urlTemplate":"http:\/\/www.pharmacy4pets.nl\/?s={search_term_string}"},"query-input":{"@type":"PropertyValueSpecification","valueRequired":true,"valueName":"search_term_string"}}],"inLanguage":"nl-NL"},{"@type":"Organization","@id":"http:\/\/www.pharmacy4pets.nl\/#organization","name":"Pharmacy4pets","url":"http:\/\/www.pharmacy4pets.nl\/","logo":{"@type":"ImageObject","inLanguage":"nl-NL","@id":"http:\/\/www.pharmacy4pets.nl\/#\/schema\/logo\/image\/","url":"https:\/\/p4p-nl.bootmine.com\/wp-content\/uploads\/2026\/03\/logo-pharmacy4pets.png","contentUrl":"https:\/\/p4p-nl.bootmine.com\/wp-content\/uploads\/2026\/03\/logo-pharmacy4pets.png","width":1024,"height":135,"caption":"Pharmacy4pets"},"image":{"@id":"http:\/\/www.pharmacy4pets.nl\/#\/schema\/logo\/image\/"},"sameAs":["https:\/\/www.facebook.com\/people\/Pharmacy4petsnl\/100063484989896\/","https:\/\/www.youtube.com\/channel\/UCGPTIgucgli03tP2_kvLkHg\/featured","https:\/\/www.instagram.com\/pharmacy4pets.nl"]}]}},"market_data":{"nl":{"price":0,"sale_price":0,"active":false,"url":null,"parent_url":"","tax_rate":0,"price_inc_tax":0,"sale_price_inc_tax":0},"de":{"price":0,"sale_price":0,"active":false,"url":null,"parent_url":"","tax_rate":0,"price_inc_tax":0,"sale_price_inc_tax":0},"be":{"price":0,"sale_price":0,"active":false,"url":null,"parent_url":"","tax_rate":0,"price_inc_tax":0,"sale_price_inc_tax":0},"fr":{"price":0,"sale_price":0,"active":false,"url":null,"parent_url":"","tax_rate":0,"price_inc_tax":0,"sale_price_inc_tax":0},"ch":{"price":0,"sale_price":0,"active":false,"url":null,"parent_url":"","tax_rate":0,"price_inc_tax":0,"sale_price_inc_tax":0},"at":{"price":0,"sale_price":0,"active":false,"url":null,"parent_url":"","tax_rate":0,"price_inc_tax":0,"sale_price_inc_tax":0},"es":{"price":0,"sale_price":0,"active":false,"url":null,"parent_url":"","tax_rate":0,"price_inc_tax":0,"sale_price_inc_tax":0},"dk":{"price":0,"sale_price":0,"active":false,"url":null,"parent_url":"","tax_rate":0,"price_inc_tax":0,"sale_price_inc_tax":0},"com":{"price":0,"sale_price":0,"active":false,"url":null,"parent_url":"","tax_rate":0,"price_inc_tax":0,"sale_price_inc_tax":0}},"market_nl_price":0,"market_nl_sale_price":0,"market_nl_active":false,"market_nl_url":null,"market_nl_parent_url":"","market_nl_tax_rate":0,"market_nl_price_inc_tax":0,"market_nl_sale_price_inc_tax":0,"market_de_price":0,"market_de_sale_price":0,"market_de_active":false,"market_de_url":null,"market_de_parent_url":"","market_de_tax_rate":0,"market_de_price_inc_tax":0,"market_de_sale_price_inc_tax":0,"market_be_price":0,"market_be_sale_price":0,"market_be_active":false,"market_be_url":null,"market_be_parent_url":"","market_be_tax_rate":0,"market_be_price_inc_tax":0,"market_be_sale_price_inc_tax":0,"market_fr_price":0,"market_fr_sale_price":0,"market_fr_active":false,"market_fr_url":null,"market_fr_parent_url":"","market_fr_tax_rate":0,"market_fr_price_inc_tax":0,"market_fr_sale_price_inc_tax":0,"market_ch_price":0,"market_ch_sale_price":0,"market_ch_active":false,"market_ch_url":null,"market_ch_parent_url":"","market_ch_tax_rate":0,"market_ch_price_inc_tax":0,"market_ch_sale_price_inc_tax":0,"market_at_price":0,"market_at_sale_price":0,"market_at_active":false,"market_at_url":null,"market_at_parent_url":"","market_at_tax_rate":0,"market_at_price_inc_tax":0,"market_at_sale_price_inc_tax":0,"market_es_price":0,"market_es_sale_price":0,"market_es_active":false,"market_es_url":null,"market_es_parent_url":"","market_es_tax_rate":0,"market_es_price_inc_tax":0,"market_es_sale_price_inc_tax":0,"market_dk_price":0,"market_dk_sale_price":0,"market_dk_active":false,"market_dk_url":null,"market_dk_parent_url":"","market_dk_tax_rate":0,"market_dk_price_inc_tax":0,"market_dk_sale_price_inc_tax":0,"market_com_price":0,"market_com_sale_price":0,"market_com_active":false,"market_com_url":null,"market_com_parent_url":"","market_com_tax_rate":0,"market_com_price_inc_tax":0,"market_com_sale_price_inc_tax":0,"acf":[],"_links":{"self":[{"href":"https:\/\/www.pharmacy4pets.nl\/be\/wp-json\/wp\/v2\/product\/120605","targetHints":{"allow":["GET"]}}],"collection":[{"href":"https:\/\/www.pharmacy4pets.nl\/be\/wp-json\/wp\/v2\/product"}],"about":[{"href":"https:\/\/www.pharmacy4pets.nl\/be\/wp-json\/wp\/v2\/types\/product"}],"replies":[{"embeddable":true,"href":"https:\/\/www.pharmacy4pets.nl\/be\/wp-json\/wp\/v2\/comments?post=120605"}],"wp:featuredmedia":[{"embeddable":true,"href":"https:\/\/www.pharmacy4pets.nl\/be\/wp-json\/wp\/v2\/media\/120604"}],"wp:attachment":[{"href":"https:\/\/www.pharmacy4pets.nl\/be\/wp-json\/wp\/v2\/media?parent=120605"}],"wp:term":[{"taxonomy":"product_brand","embeddable":true,"href":"https:\/\/www.pharmacy4pets.nl\/be\/wp-json\/wp\/v2\/product_brand?post=120605"},{"taxonomy":"product_cat","embeddable":true,"href":"https:\/\/www.pharmacy4pets.nl\/be\/wp-json\/wp\/v2\/product_cat?post=120605"},{"taxonomy":"product_tag","embeddable":true,"href":"https:\/\/www.pharmacy4pets.nl\/be\/wp-json\/wp\/v2\/product_tag?post=120605"}],"curies":[{"name":"wp","href":"https:\/\/api.w.org\/{rel}","templated":true}]}}