{"id":120603,"date":"2024-04-11T09:32:57","date_gmt":"2024-04-11T09:32:57","guid":{"rendered":"https:\/\/p4p.test\/optixcare-eye-cleaner-100ml"},"modified":"2026-05-02T03:47:25","modified_gmt":"2026-05-02T01:47:25","slug":"optixcare-eye-cleaner-100ml","status":"publish","type":"product","link":"https:\/\/www.pharmacy4pets.nl\/be\/optixcare-eye-cleaner-100ml","title":{"rendered":"Optixcare Eye Cleaner 100 ml"},"content":{"rendered":"<h1><strong>Optixcare Eye Cleaner<\/strong><\/h1>\n<p>Optixcare Eye Cleaner is een milde oplossing voor het reinigen van de ogen van honden en katten, verrijkt met hyaluron en kamille. Het is vrij van boorzuur, bleekmiddel en antibiotica. Deze oogreiniger is effectief voor het verwijderen van afscheiding, het voorkomen van traanstrepen en het elimineren van vuil, pollen en stof.<\/p>\n","protected":false},"excerpt":{"rendered":"<p>Optixcare Eye Cleaner Optixcare Eye Cleaner is een milde oplossing voor het reinigen van de ogen van honden en katten, verrijkt met hyaluron en kamille. Het is vrij van boorzuur, bleekmiddel en antibiotica. Deze oogreiniger is effectief voor het verwijderen van afscheiding, het voorkomen van traanstrepen en het elimineren van vuil, pollen en stof.<\/p>\n","protected":false},"featured_media":120602,"comment_status":"open","ping_status":"closed","template":"","meta":{"_acf_changed":false,"_nl_post_content":"<h1><strong>Optixcare Eye Cleaner<\/strong><\/h1>\r\n<p>Optixcare Eye Cleaner is een milde oplossing voor het reinigen van de ogen van honden en katten, verrijkt met hyaluron en kamille. Het is vrij van boorzuur, bleekmiddel en antibiotica. Deze oogreiniger is effectief voor het verwijderen van afscheiding, het voorkomen van traanstrepen en het elimineren van vuil, pollen en stof.<\/p>","_nl_post_name":"optixcare-eye-cleaner-100ml","_nl_post_excerpt":"","_nl_post_title":"Optixcare Eye Cleaner 100 ml","_en_post_content":"<h1><strong>Optixcare Eye Cleaner<\/strong><\/h1>\r\n<div class=\"flex flex-grow flex-col max-w-full\">\r\n<div class=\"min-h-[20px] text-message flex flex-col items-start gap-3 whitespace-pre-wrap break-words [.text-message+&amp;]:mt-5 overflow-x-auto\" dir=\"auto\" data-message-author-role=\"assistant\" data-message-id=\"56b8bdf1-372e-4ac3-9a70-b2a597b6b7bd\">\r\n<div class=\"markdown prose w-full break-words dark:prose-invert light\">\r\n<p>Optixcare Eye Cleaner is a gentle solution for cleaning the eyes of dogs and cats, enriched with Hyaluron and Chamomile. It is free from boric acid, bleach, and antibiotics. This eye cleaner is effective for removing discharge, preventing tear stains, and eliminating dirt, pollen, and dust.<\/p>\r\n<\/div>\r\n<\/div>\r\n<\/div>","_en_post_name":"optixcare-eye-cleaner-100ml","_en_post_excerpt":"","_en_post_title":"Optixcare Eye Cleaner 100 ml","_de_post_content":"<h1><strong>Optixcare Eye Cleaner<\/strong><\/h1>\r\n<div class=\"flex flex-grow flex-col max-w-full\">\r\n<div class=\"min-h-[20px] text-message flex flex-col items-start gap-3 whitespace-pre-wrap break-words [.text-message+&amp;]:mt-5 overflow-x-auto\" dir=\"auto\" data-message-author-role=\"assistant\" data-message-id=\"56b8bdf1-372e-4ac3-9a70-b2a597b6b7bd\">\r\n<div class=\"markdown prose w-full break-words dark:prose-invert light\">\r\n<p>Der Augenreiniger von Optixcare ist eine milde L\u00f6sung zur Reinigung der Augen von Hunden und Katzen, angereichert mit Hyaluron und Kamille. Er ist frei von Bors\u00e4ure, Bleichmittel und Antibiotika. Dieser Augenreiniger ist wirksam zur Entfernung von Sekreten, zur Vermeidung von Tr\u00e4nenstreifen und zur Beseitigung von Schmutz, Pollen und Staub.<\/p>\r\n<\/div>\r\n<\/div>\r\n<\/div>","_de_post_name":"optixcare-eye-cleaner-100ml","_de_post_excerpt":"","_de_post_title":"Optixcare Eye Cleaner 100 ml","_fr_post_content":"<h1>Optixcare Eye Cleaner<\/h1>\r\n<p>Le Optixcare Eye Cleaner est une solution douce pour nettoyer les yeux des chiens et des chats, enrichie en acide hyaluronique et en camomille. Il est exempt d'acide borique, de javellisant et d'antibiotiques. Ce nettoyant pour les yeux est efficace pour \u00e9liminer les s\u00e9cr\u00e9tions, pr\u00e9venir les traces de larmes et \u00e9liminer la salet\u00e9, le pollen et la poussi\u00e8re.<\/p>","_fr_post_name":"optixcare-eye-cleaner-100ml","_fr_post_excerpt":"","_fr_post_title":"Optixcare Eye Cleaner 100 ml","_es_post_content":"<h1>Optixcare Eye Cleaner<\/h1>\r\n<p>El Optixcare Eye Cleaner es una soluci\u00f3n suave para limpiar los ojos de perros y gatos, enriquecida con \u00e1cido hialur\u00f3nico y manzanilla. Est\u00e1 libre de \u00e1cido b\u00f3rico, lej\u00eda y antibi\u00f3ticos. Este limpiador de ojos es efectivo para eliminar secreciones, prevenir las manchas de l\u00e1grimas y eliminar la suciedad, el polen y el polvo.<\/p>","_es_post_name":"optixcare-eye-cleaner-100ml","_es_post_excerpt":"","_es_post_title":"Optixcare Eye Cleaner 100 ml","edit_language":"nl"},"product_brand":[],"product_cat":[1117,1118,1839,1871,1857,1850,1881,2226],"product_tag":[],"class_list":{"0":"post-120603","1":"product","2":"type-product","3":"status-publish","4":"has-post-thumbnail","6":"product_cat-honden","7":"product_cat-katten","8":"product_cat-medicijnen-supplementen","10":"product_cat-merken","11":"product_cat-ogen","13":"product_cat-optixcare","14":"pa_aandoening-ogen_oren","15":"pa_doeldier-hond","16":"pa_doeldier-kat","17":"pa_fabricatieland-nederland","18":"pa_merkfilter-optixcare","19":"pa_merkgroep-optixcare","20":"pa_productsoort-overig","21":"pa_toedieningswijze-oogreiniger","22":"pa_unit_pricing_base_measure-10ml","23":"pa_unit_pricing_measure-100ml","24":"pa_werkzamestof-overig","26":"first","27":"outofstock","28":"taxable","29":"shipping-taxable","30":"purchasable","31":"product-type-simple"},"yoast_head":"<!-- This site is optimized with the Yoast SEO plugin v27.5 - https:\/\/yoast.com\/product\/yoast-seo-wordpress\/ -->\n<title>Optixcare Eye Cleaner 100 ml<\/title>\n<meta name=\"description\" content=\"Optixcare Eye Cleaner is een milde oplossing voor het reinigen van de ogen van honden en katten, verrijkt met Hyaluron en Kamille.\" \/>\n<meta name=\"robots\" content=\"index, follow, max-snippet:-1, max-image-preview:large, max-video-preview:-1\" \/>\n<link rel=\"canonical\" href=\"https:\/\/www.pharmacy4pets.nl\/optixcare-eye-cleaner-100ml\" \/>\n<meta property=\"og:locale\" content=\"nl_NL\" \/>\n<meta property=\"og:type\" content=\"article\" \/>\n<meta property=\"og:title\" content=\"Optixcare Eye Cleaner 100 ml\" \/>\n<meta property=\"og:description\" content=\"Optixcare Eye Cleaner is een milde oplossing voor het reinigen van de ogen van honden en katten, verrijkt met Hyaluron en Kamille.\" \/>\n<meta property=\"og:url\" content=\"https:\/\/www.pharmacy4pets.nl\/optixcare-eye-cleaner-100ml\" \/>\n<meta property=\"og:site_name\" content=\"Pharmacy4pets\" \/>\n<meta property=\"article:publisher\" content=\"https:\/\/www.facebook.com\/people\/Pharmacy4petsnl\/100063484989896\/\" \/>\n<meta property=\"article:modified_time\" content=\"2026-05-02T01:47:25+00:00\" \/>\n<meta property=\"og:image\" content=\"https:\/\/www.pharmacy4pets.nl\/wp-content\/uploads\/2024\/04\/optixcare-eye-cleaner.jpg\" \/>\n\t<meta property=\"og:image:width\" content=\"500\" \/>\n\t<meta property=\"og:image:height\" content=\"500\" \/>\n\t<meta property=\"og:image:type\" content=\"image\/jpeg\" \/>\n<meta name=\"twitter:card\" content=\"summary_large_image\" \/>\n<script type=\"application\/ld+json\" class=\"yoast-schema-graph\">{\"@context\":\"https:\\\/\\\/schema.org\",\"@graph\":[{\"@type\":\"WebPage\",\"@id\":\"https:\\\/\\\/www.pharmacy4pets.nl\\\/optixcare-eye-cleaner-100ml\",\"url\":\"https:\\\/\\\/www.pharmacy4pets.nl\\\/optixcare-eye-cleaner-100ml\",\"name\":\"Optixcare Eye Cleaner 100 ml\",\"isPartOf\":{\"@id\":\"http:\\\/\\\/www.pharmacy4pets.nl\\\/#website\"},\"primaryImageOfPage\":{\"@id\":\"https:\\\/\\\/www.pharmacy4pets.nl\\\/optixcare-eye-cleaner-100ml#primaryimage\"},\"image\":{\"@id\":\"https:\\\/\\\/www.pharmacy4pets.nl\\\/optixcare-eye-cleaner-100ml#primaryimage\"},\"thumbnailUrl\":\"https:\\\/\\\/www.pharmacy4pets.nl\\\/wp-content\\\/uploads\\\/2024\\\/04\\\/optixcare-eye-cleaner.jpg\",\"datePublished\":\"2024-04-11T09:32:57+00:00\",\"dateModified\":\"2026-05-02T01:47:25+00:00\",\"description\":\"Optixcare Eye Cleaner is een milde oplossing voor het reinigen van de ogen van honden en katten, verrijkt met Hyaluron en Kamille.\",\"breadcrumb\":{\"@id\":\"https:\\\/\\\/www.pharmacy4pets.nl\\\/optixcare-eye-cleaner-100ml#breadcrumb\"},\"inLanguage\":\"nl-NL\",\"potentialAction\":[{\"@type\":\"ReadAction\",\"target\":[\"https:\\\/\\\/www.pharmacy4pets.nl\\\/optixcare-eye-cleaner-100ml\"]}]},{\"@type\":\"ImageObject\",\"inLanguage\":\"nl-NL\",\"@id\":\"https:\\\/\\\/www.pharmacy4pets.nl\\\/optixcare-eye-cleaner-100ml#primaryimage\",\"url\":\"https:\\\/\\\/www.pharmacy4pets.nl\\\/wp-content\\\/uploads\\\/2024\\\/04\\\/optixcare-eye-cleaner.jpg\",\"contentUrl\":\"https:\\\/\\\/www.pharmacy4pets.nl\\\/wp-content\\\/uploads\\\/2024\\\/04\\\/optixcare-eye-cleaner.jpg\",\"width\":500,\"height\":500,\"caption\":\"Optixcare Eye Cleaner\"},{\"@type\":\"BreadcrumbList\",\"@id\":\"https:\\\/\\\/www.pharmacy4pets.nl\\\/optixcare-eye-cleaner-100ml#breadcrumb\",\"itemListElement\":[{\"@type\":\"ListItem\",\"position\":1,\"name\":\"Home\",\"item\":\"https:\\\/\\\/p4p-nl.bootmine.com\\\/\"},{\"@type\":\"ListItem\",\"position\":2,\"name\":\"Winkel\",\"item\":\"https:\\\/\\\/p4p-nl.bootmine.com\\\/winkel\"},{\"@type\":\"ListItem\",\"position\":3,\"name\":\"Optixcare Eye Cleaner 100 ml\"}]},{\"@type\":\"WebSite\",\"@id\":\"http:\\\/\\\/www.pharmacy4pets.nl\\\/#website\",\"url\":\"http:\\\/\\\/www.pharmacy4pets.nl\\\/\",\"name\":\"Pharmacy4pets\",\"description\":\"Pharmacy4pets.nl is d\u00e9 online apotheek waar u terecht kunt voor alle diergeneesmiddelen, verzorgingsproducten en dieetvoeding voor uw huisdier.\",\"publisher\":{\"@id\":\"http:\\\/\\\/www.pharmacy4pets.nl\\\/#organization\"},\"potentialAction\":[{\"@type\":\"SearchAction\",\"target\":{\"@type\":\"EntryPoint\",\"urlTemplate\":\"http:\\\/\\\/www.pharmacy4pets.nl\\\/?s={search_term_string}\"},\"query-input\":{\"@type\":\"PropertyValueSpecification\",\"valueRequired\":true,\"valueName\":\"search_term_string\"}}],\"inLanguage\":\"nl-NL\"},{\"@type\":\"Organization\",\"@id\":\"http:\\\/\\\/www.pharmacy4pets.nl\\\/#organization\",\"name\":\"Pharmacy4pets\",\"url\":\"http:\\\/\\\/www.pharmacy4pets.nl\\\/\",\"logo\":{\"@type\":\"ImageObject\",\"inLanguage\":\"nl-NL\",\"@id\":\"http:\\\/\\\/www.pharmacy4pets.nl\\\/#\\\/schema\\\/logo\\\/image\\\/\",\"url\":\"https:\\\/\\\/p4p-nl.bootmine.com\\\/wp-content\\\/uploads\\\/2026\\\/03\\\/logo-pharmacy4pets.png\",\"contentUrl\":\"https:\\\/\\\/p4p-nl.bootmine.com\\\/wp-content\\\/uploads\\\/2026\\\/03\\\/logo-pharmacy4pets.png\",\"width\":1024,\"height\":135,\"caption\":\"Pharmacy4pets\"},\"image\":{\"@id\":\"http:\\\/\\\/www.pharmacy4pets.nl\\\/#\\\/schema\\\/logo\\\/image\\\/\"},\"sameAs\":[\"https:\\\/\\\/www.facebook.com\\\/people\\\/Pharmacy4petsnl\\\/100063484989896\\\/\",\"https:\\\/\\\/www.youtube.com\\\/channel\\\/UCGPTIgucgli03tP2_kvLkHg\\\/featured\",\"https:\\\/\\\/www.instagram.com\\\/pharmacy4pets.nl\"]}]}<\/script>\n<!-- \/ Yoast SEO plugin. -->","yoast_head_json":{"title":"Optixcare Eye Cleaner 100 ml","description":"Optixcare Eye Cleaner is een milde oplossing voor het reinigen van de ogen van honden en katten, verrijkt met Hyaluron en Kamille.","robots":{"index":"index","follow":"follow","max-snippet":"max-snippet:-1","max-image-preview":"max-image-preview:large","max-video-preview":"max-video-preview:-1"},"canonical":"https:\/\/www.pharmacy4pets.nl\/optixcare-eye-cleaner-100ml","og_locale":"nl_NL","og_type":"article","og_title":"Optixcare Eye Cleaner 100 ml","og_description":"Optixcare Eye Cleaner is een milde oplossing voor het reinigen van de ogen van honden en katten, verrijkt met Hyaluron en Kamille.","og_url":"https:\/\/www.pharmacy4pets.nl\/optixcare-eye-cleaner-100ml","og_site_name":"Pharmacy4pets","article_publisher":"https:\/\/www.facebook.com\/people\/Pharmacy4petsnl\/100063484989896\/","article_modified_time":"2026-05-02T01:47:25+00:00","og_image":[{"width":500,"height":500,"url":"https:\/\/www.pharmacy4pets.nl\/wp-content\/uploads\/2024\/04\/optixcare-eye-cleaner.jpg","type":"image\/jpeg"}],"twitter_card":"summary_large_image","schema":{"@context":"https:\/\/schema.org","@graph":[{"@type":"WebPage","@id":"https:\/\/www.pharmacy4pets.nl\/optixcare-eye-cleaner-100ml","url":"https:\/\/www.pharmacy4pets.nl\/optixcare-eye-cleaner-100ml","name":"Optixcare Eye Cleaner 100 ml","isPartOf":{"@id":"http:\/\/www.pharmacy4pets.nl\/#website"},"primaryImageOfPage":{"@id":"https:\/\/www.pharmacy4pets.nl\/optixcare-eye-cleaner-100ml#primaryimage"},"image":{"@id":"https:\/\/www.pharmacy4pets.nl\/optixcare-eye-cleaner-100ml#primaryimage"},"thumbnailUrl":"https:\/\/www.pharmacy4pets.nl\/wp-content\/uploads\/2024\/04\/optixcare-eye-cleaner.jpg","datePublished":"2024-04-11T09:32:57+00:00","dateModified":"2026-05-02T01:47:25+00:00","description":"Optixcare Eye Cleaner is een milde oplossing voor het reinigen van de ogen van honden en katten, verrijkt met Hyaluron en Kamille.","breadcrumb":{"@id":"https:\/\/www.pharmacy4pets.nl\/optixcare-eye-cleaner-100ml#breadcrumb"},"inLanguage":"nl-NL","potentialAction":[{"@type":"ReadAction","target":["https:\/\/www.pharmacy4pets.nl\/optixcare-eye-cleaner-100ml"]}]},{"@type":"ImageObject","inLanguage":"nl-NL","@id":"https:\/\/www.pharmacy4pets.nl\/optixcare-eye-cleaner-100ml#primaryimage","url":"https:\/\/www.pharmacy4pets.nl\/wp-content\/uploads\/2024\/04\/optixcare-eye-cleaner.jpg","contentUrl":"https:\/\/www.pharmacy4pets.nl\/wp-content\/uploads\/2024\/04\/optixcare-eye-cleaner.jpg","width":500,"height":500,"caption":"Optixcare Eye Cleaner"},{"@type":"BreadcrumbList","@id":"https:\/\/www.pharmacy4pets.nl\/optixcare-eye-cleaner-100ml#breadcrumb","itemListElement":[{"@type":"ListItem","position":1,"name":"Home","item":"https:\/\/p4p-nl.bootmine.com\/"},{"@type":"ListItem","position":2,"name":"Winkel","item":"https:\/\/p4p-nl.bootmine.com\/winkel"},{"@type":"ListItem","position":3,"name":"Optixcare Eye Cleaner 100 ml"}]},{"@type":"WebSite","@id":"http:\/\/www.pharmacy4pets.nl\/#website","url":"http:\/\/www.pharmacy4pets.nl\/","name":"Pharmacy4pets","description":"Pharmacy4pets.nl is d\u00e9 online apotheek waar u terecht kunt voor alle diergeneesmiddelen, verzorgingsproducten en dieetvoeding voor uw huisdier.","publisher":{"@id":"http:\/\/www.pharmacy4pets.nl\/#organization"},"potentialAction":[{"@type":"SearchAction","target":{"@type":"EntryPoint","urlTemplate":"http:\/\/www.pharmacy4pets.nl\/?s={search_term_string}"},"query-input":{"@type":"PropertyValueSpecification","valueRequired":true,"valueName":"search_term_string"}}],"inLanguage":"nl-NL"},{"@type":"Organization","@id":"http:\/\/www.pharmacy4pets.nl\/#organization","name":"Pharmacy4pets","url":"http:\/\/www.pharmacy4pets.nl\/","logo":{"@type":"ImageObject","inLanguage":"nl-NL","@id":"http:\/\/www.pharmacy4pets.nl\/#\/schema\/logo\/image\/","url":"https:\/\/p4p-nl.bootmine.com\/wp-content\/uploads\/2026\/03\/logo-pharmacy4pets.png","contentUrl":"https:\/\/p4p-nl.bootmine.com\/wp-content\/uploads\/2026\/03\/logo-pharmacy4pets.png","width":1024,"height":135,"caption":"Pharmacy4pets"},"image":{"@id":"http:\/\/www.pharmacy4pets.nl\/#\/schema\/logo\/image\/"},"sameAs":["https:\/\/www.facebook.com\/people\/Pharmacy4petsnl\/100063484989896\/","https:\/\/www.youtube.com\/channel\/UCGPTIgucgli03tP2_kvLkHg\/featured","https:\/\/www.instagram.com\/pharmacy4pets.nl"]}]}},"market_data":{"nl":{"price":0,"sale_price":0,"active":false,"url":null,"parent_url":"","tax_rate":0,"price_inc_tax":0,"sale_price_inc_tax":0},"de":{"price":0,"sale_price":0,"active":false,"url":null,"parent_url":"","tax_rate":0,"price_inc_tax":0,"sale_price_inc_tax":0},"be":{"price":0,"sale_price":0,"active":false,"url":null,"parent_url":"","tax_rate":0,"price_inc_tax":0,"sale_price_inc_tax":0},"fr":{"price":0,"sale_price":0,"active":false,"url":null,"parent_url":"","tax_rate":0,"price_inc_tax":0,"sale_price_inc_tax":0},"ch":{"price":0,"sale_price":0,"active":false,"url":null,"parent_url":"","tax_rate":0,"price_inc_tax":0,"sale_price_inc_tax":0},"at":{"price":0,"sale_price":0,"active":false,"url":null,"parent_url":"","tax_rate":0,"price_inc_tax":0,"sale_price_inc_tax":0},"es":{"price":0,"sale_price":0,"active":false,"url":null,"parent_url":"","tax_rate":0,"price_inc_tax":0,"sale_price_inc_tax":0},"dk":{"price":0,"sale_price":0,"active":false,"url":null,"parent_url":"","tax_rate":0,"price_inc_tax":0,"sale_price_inc_tax":0},"com":{"price":0,"sale_price":0,"active":false,"url":null,"parent_url":"","tax_rate":0,"price_inc_tax":0,"sale_price_inc_tax":0}},"market_nl_price":0,"market_nl_sale_price":0,"market_nl_active":false,"market_nl_url":null,"market_nl_parent_url":"","market_nl_tax_rate":0,"market_nl_price_inc_tax":0,"market_nl_sale_price_inc_tax":0,"market_de_price":0,"market_de_sale_price":0,"market_de_active":false,"market_de_url":null,"market_de_parent_url":"","market_de_tax_rate":0,"market_de_price_inc_tax":0,"market_de_sale_price_inc_tax":0,"market_be_price":0,"market_be_sale_price":0,"market_be_active":false,"market_be_url":null,"market_be_parent_url":"","market_be_tax_rate":0,"market_be_price_inc_tax":0,"market_be_sale_price_inc_tax":0,"market_fr_price":0,"market_fr_sale_price":0,"market_fr_active":false,"market_fr_url":null,"market_fr_parent_url":"","market_fr_tax_rate":0,"market_fr_price_inc_tax":0,"market_fr_sale_price_inc_tax":0,"market_ch_price":0,"market_ch_sale_price":0,"market_ch_active":false,"market_ch_url":null,"market_ch_parent_url":"","market_ch_tax_rate":0,"market_ch_price_inc_tax":0,"market_ch_sale_price_inc_tax":0,"market_at_price":0,"market_at_sale_price":0,"market_at_active":false,"market_at_url":null,"market_at_parent_url":"","market_at_tax_rate":0,"market_at_price_inc_tax":0,"market_at_sale_price_inc_tax":0,"market_es_price":0,"market_es_sale_price":0,"market_es_active":false,"market_es_url":null,"market_es_parent_url":"","market_es_tax_rate":0,"market_es_price_inc_tax":0,"market_es_sale_price_inc_tax":0,"market_dk_price":0,"market_dk_sale_price":0,"market_dk_active":false,"market_dk_url":null,"market_dk_parent_url":"","market_dk_tax_rate":0,"market_dk_price_inc_tax":0,"market_dk_sale_price_inc_tax":0,"market_com_price":0,"market_com_sale_price":0,"market_com_active":false,"market_com_url":null,"market_com_parent_url":"","market_com_tax_rate":0,"market_com_price_inc_tax":0,"market_com_sale_price_inc_tax":0,"acf":[],"_links":{"self":[{"href":"https:\/\/www.pharmacy4pets.nl\/be\/wp-json\/wp\/v2\/product\/120603","targetHints":{"allow":["GET"]}}],"collection":[{"href":"https:\/\/www.pharmacy4pets.nl\/be\/wp-json\/wp\/v2\/product"}],"about":[{"href":"https:\/\/www.pharmacy4pets.nl\/be\/wp-json\/wp\/v2\/types\/product"}],"replies":[{"embeddable":true,"href":"https:\/\/www.pharmacy4pets.nl\/be\/wp-json\/wp\/v2\/comments?post=120603"}],"wp:featuredmedia":[{"embeddable":true,"href":"https:\/\/www.pharmacy4pets.nl\/be\/wp-json\/wp\/v2\/media\/120602"}],"wp:attachment":[{"href":"https:\/\/www.pharmacy4pets.nl\/be\/wp-json\/wp\/v2\/media?parent=120603"}],"wp:term":[{"taxonomy":"product_brand","embeddable":true,"href":"https:\/\/www.pharmacy4pets.nl\/be\/wp-json\/wp\/v2\/product_brand?post=120603"},{"taxonomy":"product_cat","embeddable":true,"href":"https:\/\/www.pharmacy4pets.nl\/be\/wp-json\/wp\/v2\/product_cat?post=120603"},{"taxonomy":"product_tag","embeddable":true,"href":"https:\/\/www.pharmacy4pets.nl\/be\/wp-json\/wp\/v2\/product_tag?post=120603"}],"curies":[{"name":"wp","href":"https:\/\/api.w.org\/{rel}","templated":true}]}}