{"id":120555,"date":"2024-03-04T16:14:41","date_gmt":"2024-03-04T16:14:41","guid":{"rendered":"https:\/\/p4p.test\/poepzakjes-houder-tobys-choice"},"modified":"2026-03-25T12:06:33","modified_gmt":"2026-03-25T12:06:33","slug":"poepzakjes-houder-tobys-choice","status":"publish","type":"product","link":"https:\/\/www.pharmacy4pets.nl\/be\/poepzakjes-houder-tobys-choice","title":{"rendered":"Poepzakjes houder Toby\u2019s Choice incl. 15 hondenpoepzakjes"},"content":{"rendered":"<h1>Poepzakjes houder Toby\u2019s Choice<\/h1>\n<p>Deze poepzakjes houder van Toby&#8217;s Choice bevat 15 hondenpoepzakjes. Door middel van de clip aan de houder kunt u deze eenvoudig aan bijvoorbeeld uw hondenriem bevestigen. Zijn de zakjes op? Geen probleem! Ook zijn er rollen hondenpoepzakjes bij ons verkrijgbaar.<\/p>\n","protected":false},"excerpt":{"rendered":"<p>Poepzakjes houder Toby\u2019s Choice Deze poepzakjes houder van Toby&#8217;s Choice bevat 15 hondenpoepzakjes. Door middel van de clip aan de houder kunt u deze eenvoudig aan bijvoorbeeld uw hondenriem bevestigen. Zijn de zakjes op? Geen probleem! Ook zijn er rollen hondenpoepzakjes bij ons verkrijgbaar.<\/p>\n","protected":false},"featured_media":120554,"comment_status":"open","ping_status":"closed","template":"","meta":{"_acf_changed":false,"_nl_post_content":"<h1>Poepzakjes houder Toby\u2019s Choice<\/h1>\r\n<p>Deze poepzakjes houder van Toby's Choice bevat 15 hondenpoepzakjes. Door middel van de clip aan de houder kunt u deze eenvoudig aan bijvoorbeeld uw hondenriem bevestigen. Zijn de zakjes op? Geen probleem! Ook zijn er rollen hondenpoepzakjes bij ons verkrijgbaar.<\/p>","_nl_post_name":"poepzakjes-houder-tobys-choice","_nl_post_excerpt":"","_nl_post_title":"Poepzakjes houder Toby\u2019s Choice incl. 15 hondenpoepzakjes","_en_post_content":"<h1>Poop bag holder Toby's Choice<\/h1>\n<p>This poop bag holder from Toby's Choice holds 15 dog poop bags. Thanks to the clip on the holder, you can easily attach it to your dog's leash, for example. Run out of bags? No problem! We also have dog waste bag rolls available.<\/p>","_en_post_name":"poop-bag-holder-tobys-choice","_en_post_excerpt":"","_en_post_title":"Poop bag holder Toby's Choice incl. 15 dog poop bags","_de_post_content":"<h1>Hundekotbeutelhalter Toby's Choice<\/h1>\n<p>Dieser Hundekotbeutelhalter von Toby's Choice fasst 15 Hundekotbeutel. Mit dem Clip am Halter k\u00f6nnen Sie ihn ganz einfach z. B. an der Leine Ihres Hundes befestigen. Sind Ihnen die Beutel ausgegangen? Kein Problem! Wir haben auch Hundekotbeutelrollen im Angebot.<\/p>","_de_post_name":"hundekotbeutelhalter-tobys-choice","_de_post_excerpt":"","_de_post_title":"Hundekotbeutelhalter Toby's Choice inkl. 15 Hundekotbeutel","_fr_post_content":"<h1>Toby\u2019s Choice distributeur sac \u00e0 crottes<\/h1>\n<p>Ce porte-sac \u00e0 crottes de Toby's Choice peut contenir 15 sacs \u00e0 crottes pour chien. Gr\u00e2ce au clip situ\u00e9 sur le porte-sac, vous pouvez facilement l'attacher \u00e0 la laisse de votre chien, par exemple. Vous n'avez plus de sacs ? Pas de probl\u00e8me ! Nous proposons \u00e9galement des rouleaux de sacs \u00e0 d\u00e9jections canines.<\/p>","_fr_post_name":"distributeur-sac-a-crottes-tobys-choice","_fr_post_excerpt":"","_fr_post_title":"Toby\u2019s Choice distributeur sac \u00e0 crottes avec 15 sacs \u00e0 crottes de chien","_es_post_content":"<h1>Toby\u2019s Choice porta bolsas de caca<\/h1>\n<p>Este soporte para bolsas de excrementos de Toby's Choice tiene capacidad para 15 bolsas de excrementos de perro. El clip del soporte permite engancharlo f\u00e1cilmente a la correa del perro, por ejemplo. \u00bfSe ha quedado sin bolsas? No hay problema. Tambi\u00e9n disponemos de rollos de bolsas para excrementos de perro.<\/p>","_es_post_name":"porta-bolsas-de-caca-tobys-choice","_es_post_excerpt":"","_es_post_title":"Toby\u2019s Choice porta bolsas de caca incluye 15 bolsas caca perro","edit_language":"nl"},"product_brand":[],"product_cat":[1861,1117,2126,1863],"product_tag":[],"class_list":{"0":"post-120555","1":"product","2":"type-product","3":"status-publish","4":"has-post-thumbnail","6":"product_cat-benodigdheden","7":"product_cat-honden","8":"product_cat-hondenpoepzakjes","9":"product_cat-verzorging","10":"pa_aandoening-overig","11":"pa_doeldier-hond","12":"pa_doeldier-puppy","13":"pa_fabricatieland-nederland","14":"pa_grootverpakking-vanree","15":"pa_merkfilter-overig","16":"pa_merkgroep-petsupplies","17":"pa_productsoort-overig","18":"pa_toedieningswijze-overig","19":"pa_unit_pricing_base_measure-1ct","20":"pa_unit_pricing_measure-1ct","21":"pa_werkzamestof-overig","23":"first","24":"instock","25":"taxable","26":"shipping-taxable","27":"purchasable","28":"product-type-simple"},"yoast_head":"<!-- This site is optimized with the Yoast SEO plugin v27.5 - https:\/\/yoast.com\/product\/yoast-seo-wordpress\/ -->\n<title>Poepzakjes houder Toby\u2019s Choice incl. 15 hondenpoepzakjes - Pharmacy4pets<\/title>\n<meta name=\"robots\" content=\"index, follow, max-snippet:-1, max-image-preview:large, max-video-preview:-1\" \/>\n<link rel=\"canonical\" href=\"https:\/\/www.pharmacy4pets.nl\/be\/poepzakjes-houder-tobys-choice\" \/>\n<meta property=\"og:locale\" content=\"nl_NL\" \/>\n<meta property=\"og:type\" content=\"article\" \/>\n<meta property=\"og:title\" content=\"Poepzakjes houder Toby\u2019s Choice incl. 15 hondenpoepzakjes - Pharmacy4pets\" \/>\n<meta property=\"og:description\" content=\"Poepzakjes houder Toby\u2019s Choice Deze poepzakjes houder van Toby&#8217;s Choice bevat 15 hondenpoepzakjes. Door middel van de clip aan de houder kunt u deze eenvoudig aan bijvoorbeeld uw hondenriem bevestigen. Zijn de zakjes op? Geen probleem! Ook zijn er rollen hondenpoepzakjes bij ons verkrijgbaar.\" \/>\n<meta property=\"og:url\" content=\"https:\/\/www.pharmacy4pets.nl\/be\/poepzakjes-houder-tobys-choice\" \/>\n<meta property=\"og:site_name\" content=\"Pharmacy4pets\" \/>\n<meta property=\"article:publisher\" content=\"https:\/\/www.facebook.com\/people\/Pharmacy4petsnl\/100063484989896\/\" \/>\n<meta property=\"article:modified_time\" content=\"2026-03-25T12:06:33+00:00\" \/>\n<meta property=\"og:image\" content=\"https:\/\/www.pharmacy4pets.nl\/wp-content\/uploads\/2024\/03\/26433.jpg\" \/>\n\t<meta property=\"og:image:width\" content=\"600\" \/>\n\t<meta property=\"og:image:height\" content=\"600\" \/>\n\t<meta property=\"og:image:type\" content=\"image\/jpeg\" \/>\n<meta name=\"twitter:card\" content=\"summary_large_image\" \/>\n<script type=\"application\/ld+json\" class=\"yoast-schema-graph\">{\"@context\":\"https:\\\/\\\/schema.org\",\"@graph\":[{\"@type\":\"WebPage\",\"@id\":\"https:\\\/\\\/www.pharmacy4pets.nl\\\/be\\\/poepzakjes-houder-tobys-choice\",\"url\":\"https:\\\/\\\/www.pharmacy4pets.nl\\\/be\\\/poepzakjes-houder-tobys-choice\",\"name\":\"Poepzakjes houder Toby\u2019s Choice incl. 15 hondenpoepzakjes - Pharmacy4pets\",\"isPartOf\":{\"@id\":\"http:\\\/\\\/www.pharmacy4pets.nl\\\/#website\"},\"primaryImageOfPage\":{\"@id\":\"https:\\\/\\\/www.pharmacy4pets.nl\\\/be\\\/poepzakjes-houder-tobys-choice#primaryimage\"},\"image\":{\"@id\":\"https:\\\/\\\/www.pharmacy4pets.nl\\\/be\\\/poepzakjes-houder-tobys-choice#primaryimage\"},\"thumbnailUrl\":\"https:\\\/\\\/www.pharmacy4pets.nl\\\/wp-content\\\/uploads\\\/2024\\\/03\\\/26433.jpg\",\"datePublished\":\"2024-03-04T16:14:41+00:00\",\"dateModified\":\"2026-03-25T12:06:33+00:00\",\"breadcrumb\":{\"@id\":\"https:\\\/\\\/www.pharmacy4pets.nl\\\/be\\\/poepzakjes-houder-tobys-choice#breadcrumb\"},\"inLanguage\":\"nl-NL\",\"potentialAction\":[{\"@type\":\"ReadAction\",\"target\":[\"https:\\\/\\\/www.pharmacy4pets.nl\\\/be\\\/poepzakjes-houder-tobys-choice\"]}]},{\"@type\":\"ImageObject\",\"inLanguage\":\"nl-NL\",\"@id\":\"https:\\\/\\\/www.pharmacy4pets.nl\\\/be\\\/poepzakjes-houder-tobys-choice#primaryimage\",\"url\":\"https:\\\/\\\/www.pharmacy4pets.nl\\\/wp-content\\\/uploads\\\/2024\\\/03\\\/26433.jpg\",\"contentUrl\":\"https:\\\/\\\/www.pharmacy4pets.nl\\\/wp-content\\\/uploads\\\/2024\\\/03\\\/26433.jpg\",\"width\":600,\"height\":600,\"caption\":\"Toby\u2019s Choice\"},{\"@type\":\"BreadcrumbList\",\"@id\":\"https:\\\/\\\/www.pharmacy4pets.nl\\\/be\\\/poepzakjes-houder-tobys-choice#breadcrumb\",\"itemListElement\":[{\"@type\":\"ListItem\",\"position\":1,\"name\":\"Home\",\"item\":\"https:\\\/\\\/p4p-nl.bootmine.com\\\/\"},{\"@type\":\"ListItem\",\"position\":2,\"name\":\"Winkel\",\"item\":\"https:\\\/\\\/p4p-nl.bootmine.com\\\/winkel\"},{\"@type\":\"ListItem\",\"position\":3,\"name\":\"Poepzakjes houder Toby\u2019s Choice incl. 15 hondenpoepzakjes\"}]},{\"@type\":\"WebSite\",\"@id\":\"http:\\\/\\\/www.pharmacy4pets.nl\\\/#website\",\"url\":\"http:\\\/\\\/www.pharmacy4pets.nl\\\/\",\"name\":\"Pharmacy4pets\",\"description\":\"Pharmacy4pets.nl is d\u00e9 online apotheek waar u terecht kunt voor alle diergeneesmiddelen, verzorgingsproducten en dieetvoeding voor uw huisdier.\",\"publisher\":{\"@id\":\"http:\\\/\\\/www.pharmacy4pets.nl\\\/#organization\"},\"potentialAction\":[{\"@type\":\"SearchAction\",\"target\":{\"@type\":\"EntryPoint\",\"urlTemplate\":\"http:\\\/\\\/www.pharmacy4pets.nl\\\/?s={search_term_string}\"},\"query-input\":{\"@type\":\"PropertyValueSpecification\",\"valueRequired\":true,\"valueName\":\"search_term_string\"}}],\"inLanguage\":\"nl-NL\"},{\"@type\":\"Organization\",\"@id\":\"http:\\\/\\\/www.pharmacy4pets.nl\\\/#organization\",\"name\":\"Pharmacy4pets\",\"url\":\"http:\\\/\\\/www.pharmacy4pets.nl\\\/\",\"logo\":{\"@type\":\"ImageObject\",\"inLanguage\":\"nl-NL\",\"@id\":\"http:\\\/\\\/www.pharmacy4pets.nl\\\/#\\\/schema\\\/logo\\\/image\\\/\",\"url\":\"https:\\\/\\\/p4p-nl.bootmine.com\\\/wp-content\\\/uploads\\\/2026\\\/03\\\/logo-pharmacy4pets.png\",\"contentUrl\":\"https:\\\/\\\/p4p-nl.bootmine.com\\\/wp-content\\\/uploads\\\/2026\\\/03\\\/logo-pharmacy4pets.png\",\"width\":1024,\"height\":135,\"caption\":\"Pharmacy4pets\"},\"image\":{\"@id\":\"http:\\\/\\\/www.pharmacy4pets.nl\\\/#\\\/schema\\\/logo\\\/image\\\/\"},\"sameAs\":[\"https:\\\/\\\/www.facebook.com\\\/people\\\/Pharmacy4petsnl\\\/100063484989896\\\/\",\"https:\\\/\\\/www.youtube.com\\\/channel\\\/UCGPTIgucgli03tP2_kvLkHg\\\/featured\",\"https:\\\/\\\/www.instagram.com\\\/pharmacy4pets.nl\"]}]}<\/script>\n<!-- \/ Yoast SEO plugin. -->","yoast_head_json":{"title":"Poepzakjes houder Toby\u2019s Choice incl. 15 hondenpoepzakjes - Pharmacy4pets","robots":{"index":"index","follow":"follow","max-snippet":"max-snippet:-1","max-image-preview":"max-image-preview:large","max-video-preview":"max-video-preview:-1"},"canonical":"https:\/\/www.pharmacy4pets.nl\/be\/poepzakjes-houder-tobys-choice","og_locale":"nl_NL","og_type":"article","og_title":"Poepzakjes houder Toby\u2019s Choice incl. 15 hondenpoepzakjes - Pharmacy4pets","og_description":"Poepzakjes houder Toby\u2019s Choice Deze poepzakjes houder van Toby&#8217;s Choice bevat 15 hondenpoepzakjes. Door middel van de clip aan de houder kunt u deze eenvoudig aan bijvoorbeeld uw hondenriem bevestigen. Zijn de zakjes op? Geen probleem! Ook zijn er rollen hondenpoepzakjes bij ons verkrijgbaar.","og_url":"https:\/\/www.pharmacy4pets.nl\/be\/poepzakjes-houder-tobys-choice","og_site_name":"Pharmacy4pets","article_publisher":"https:\/\/www.facebook.com\/people\/Pharmacy4petsnl\/100063484989896\/","article_modified_time":"2026-03-25T12:06:33+00:00","og_image":[{"width":600,"height":600,"url":"https:\/\/www.pharmacy4pets.nl\/wp-content\/uploads\/2024\/03\/26433.jpg","type":"image\/jpeg"}],"twitter_card":"summary_large_image","schema":{"@context":"https:\/\/schema.org","@graph":[{"@type":"WebPage","@id":"https:\/\/www.pharmacy4pets.nl\/be\/poepzakjes-houder-tobys-choice","url":"https:\/\/www.pharmacy4pets.nl\/be\/poepzakjes-houder-tobys-choice","name":"Poepzakjes houder Toby\u2019s Choice incl. 15 hondenpoepzakjes - Pharmacy4pets","isPartOf":{"@id":"http:\/\/www.pharmacy4pets.nl\/#website"},"primaryImageOfPage":{"@id":"https:\/\/www.pharmacy4pets.nl\/be\/poepzakjes-houder-tobys-choice#primaryimage"},"image":{"@id":"https:\/\/www.pharmacy4pets.nl\/be\/poepzakjes-houder-tobys-choice#primaryimage"},"thumbnailUrl":"https:\/\/www.pharmacy4pets.nl\/wp-content\/uploads\/2024\/03\/26433.jpg","datePublished":"2024-03-04T16:14:41+00:00","dateModified":"2026-03-25T12:06:33+00:00","breadcrumb":{"@id":"https:\/\/www.pharmacy4pets.nl\/be\/poepzakjes-houder-tobys-choice#breadcrumb"},"inLanguage":"nl-NL","potentialAction":[{"@type":"ReadAction","target":["https:\/\/www.pharmacy4pets.nl\/be\/poepzakjes-houder-tobys-choice"]}]},{"@type":"ImageObject","inLanguage":"nl-NL","@id":"https:\/\/www.pharmacy4pets.nl\/be\/poepzakjes-houder-tobys-choice#primaryimage","url":"https:\/\/www.pharmacy4pets.nl\/wp-content\/uploads\/2024\/03\/26433.jpg","contentUrl":"https:\/\/www.pharmacy4pets.nl\/wp-content\/uploads\/2024\/03\/26433.jpg","width":600,"height":600,"caption":"Toby\u2019s Choice"},{"@type":"BreadcrumbList","@id":"https:\/\/www.pharmacy4pets.nl\/be\/poepzakjes-houder-tobys-choice#breadcrumb","itemListElement":[{"@type":"ListItem","position":1,"name":"Home","item":"https:\/\/p4p-nl.bootmine.com\/"},{"@type":"ListItem","position":2,"name":"Winkel","item":"https:\/\/p4p-nl.bootmine.com\/winkel"},{"@type":"ListItem","position":3,"name":"Poepzakjes houder Toby\u2019s Choice incl. 15 hondenpoepzakjes"}]},{"@type":"WebSite","@id":"http:\/\/www.pharmacy4pets.nl\/#website","url":"http:\/\/www.pharmacy4pets.nl\/","name":"Pharmacy4pets","description":"Pharmacy4pets.nl is d\u00e9 online apotheek waar u terecht kunt voor alle diergeneesmiddelen, verzorgingsproducten en dieetvoeding voor uw huisdier.","publisher":{"@id":"http:\/\/www.pharmacy4pets.nl\/#organization"},"potentialAction":[{"@type":"SearchAction","target":{"@type":"EntryPoint","urlTemplate":"http:\/\/www.pharmacy4pets.nl\/?s={search_term_string}"},"query-input":{"@type":"PropertyValueSpecification","valueRequired":true,"valueName":"search_term_string"}}],"inLanguage":"nl-NL"},{"@type":"Organization","@id":"http:\/\/www.pharmacy4pets.nl\/#organization","name":"Pharmacy4pets","url":"http:\/\/www.pharmacy4pets.nl\/","logo":{"@type":"ImageObject","inLanguage":"nl-NL","@id":"http:\/\/www.pharmacy4pets.nl\/#\/schema\/logo\/image\/","url":"https:\/\/p4p-nl.bootmine.com\/wp-content\/uploads\/2026\/03\/logo-pharmacy4pets.png","contentUrl":"https:\/\/p4p-nl.bootmine.com\/wp-content\/uploads\/2026\/03\/logo-pharmacy4pets.png","width":1024,"height":135,"caption":"Pharmacy4pets"},"image":{"@id":"http:\/\/www.pharmacy4pets.nl\/#\/schema\/logo\/image\/"},"sameAs":["https:\/\/www.facebook.com\/people\/Pharmacy4petsnl\/100063484989896\/","https:\/\/www.youtube.com\/channel\/UCGPTIgucgli03tP2_kvLkHg\/featured","https:\/\/www.instagram.com\/pharmacy4pets.nl"]}]}},"market_data":{"nl":{"price":0,"sale_price":0,"active":false,"url":null,"parent_url":"","tax_rate":0,"price_inc_tax":0,"sale_price_inc_tax":0},"de":{"price":0,"sale_price":0,"active":false,"url":null,"parent_url":"","tax_rate":0,"price_inc_tax":0,"sale_price_inc_tax":0},"be":{"price":0,"sale_price":0,"active":false,"url":null,"parent_url":"","tax_rate":0,"price_inc_tax":0,"sale_price_inc_tax":0},"fr":{"price":0,"sale_price":0,"active":false,"url":null,"parent_url":"","tax_rate":0,"price_inc_tax":0,"sale_price_inc_tax":0},"ch":{"price":0,"sale_price":0,"active":false,"url":null,"parent_url":"","tax_rate":0,"price_inc_tax":0,"sale_price_inc_tax":0},"at":{"price":0,"sale_price":0,"active":false,"url":null,"parent_url":"","tax_rate":0,"price_inc_tax":0,"sale_price_inc_tax":0},"es":{"price":0,"sale_price":0,"active":false,"url":null,"parent_url":"","tax_rate":0,"price_inc_tax":0,"sale_price_inc_tax":0},"dk":{"price":0,"sale_price":0,"active":false,"url":null,"parent_url":"","tax_rate":0,"price_inc_tax":0,"sale_price_inc_tax":0},"com":{"price":0,"sale_price":0,"active":false,"url":null,"parent_url":"","tax_rate":0,"price_inc_tax":0,"sale_price_inc_tax":0}},"market_nl_price":0,"market_nl_sale_price":0,"market_nl_active":false,"market_nl_url":null,"market_nl_parent_url":"","market_nl_tax_rate":0,"market_nl_price_inc_tax":0,"market_nl_sale_price_inc_tax":0,"market_de_price":0,"market_de_sale_price":0,"market_de_active":false,"market_de_url":null,"market_de_parent_url":"","market_de_tax_rate":0,"market_de_price_inc_tax":0,"market_de_sale_price_inc_tax":0,"market_be_price":0,"market_be_sale_price":0,"market_be_active":false,"market_be_url":null,"market_be_parent_url":"","market_be_tax_rate":0,"market_be_price_inc_tax":0,"market_be_sale_price_inc_tax":0,"market_fr_price":0,"market_fr_sale_price":0,"market_fr_active":false,"market_fr_url":null,"market_fr_parent_url":"","market_fr_tax_rate":0,"market_fr_price_inc_tax":0,"market_fr_sale_price_inc_tax":0,"market_ch_price":0,"market_ch_sale_price":0,"market_ch_active":false,"market_ch_url":null,"market_ch_parent_url":"","market_ch_tax_rate":0,"market_ch_price_inc_tax":0,"market_ch_sale_price_inc_tax":0,"market_at_price":0,"market_at_sale_price":0,"market_at_active":false,"market_at_url":null,"market_at_parent_url":"","market_at_tax_rate":0,"market_at_price_inc_tax":0,"market_at_sale_price_inc_tax":0,"market_es_price":0,"market_es_sale_price":0,"market_es_active":false,"market_es_url":null,"market_es_parent_url":"","market_es_tax_rate":0,"market_es_price_inc_tax":0,"market_es_sale_price_inc_tax":0,"market_dk_price":0,"market_dk_sale_price":0,"market_dk_active":false,"market_dk_url":null,"market_dk_parent_url":"","market_dk_tax_rate":0,"market_dk_price_inc_tax":0,"market_dk_sale_price_inc_tax":0,"market_com_price":0,"market_com_sale_price":0,"market_com_active":false,"market_com_url":null,"market_com_parent_url":"","market_com_tax_rate":0,"market_com_price_inc_tax":0,"market_com_sale_price_inc_tax":0,"acf":[],"_links":{"self":[{"href":"https:\/\/www.pharmacy4pets.nl\/be\/wp-json\/wp\/v2\/product\/120555","targetHints":{"allow":["GET"]}}],"collection":[{"href":"https:\/\/www.pharmacy4pets.nl\/be\/wp-json\/wp\/v2\/product"}],"about":[{"href":"https:\/\/www.pharmacy4pets.nl\/be\/wp-json\/wp\/v2\/types\/product"}],"replies":[{"embeddable":true,"href":"https:\/\/www.pharmacy4pets.nl\/be\/wp-json\/wp\/v2\/comments?post=120555"}],"wp:featuredmedia":[{"embeddable":true,"href":"https:\/\/www.pharmacy4pets.nl\/be\/wp-json\/wp\/v2\/media\/120554"}],"wp:attachment":[{"href":"https:\/\/www.pharmacy4pets.nl\/be\/wp-json\/wp\/v2\/media?parent=120555"}],"wp:term":[{"taxonomy":"product_brand","embeddable":true,"href":"https:\/\/www.pharmacy4pets.nl\/be\/wp-json\/wp\/v2\/product_brand?post=120555"},{"taxonomy":"product_cat","embeddable":true,"href":"https:\/\/www.pharmacy4pets.nl\/be\/wp-json\/wp\/v2\/product_cat?post=120555"},{"taxonomy":"product_tag","embeddable":true,"href":"https:\/\/www.pharmacy4pets.nl\/be\/wp-json\/wp\/v2\/product_tag?post=120555"}],"curies":[{"name":"wp","href":"https:\/\/api.w.org\/{rel}","templated":true}]}}