{"id":120549,"date":"2024-02-29T17:04:59","date_gmt":"2024-02-29T17:04:59","guid":{"rendered":"https:\/\/p4p.test\/science-selective-rat-mouse-6-kg"},"modified":"2026-03-25T12:06:32","modified_gmt":"2026-03-25T12:06:32","slug":"science-selective-rat-mouse-6-kg","status":"publish","type":"product","link":"https:\/\/www.pharmacy4pets.nl\/be\/science-selective-rat-mouse-6-kg","title":{"rendered":"Science Selective Rat &#038; Muis | 4x 1,5 kg"},"content":{"rendered":"<p>Science Selective Rat &#038; Mouse is een complete uitgebalanceerde voeding voor ratten en muizen dat ervoor zorgt dat ratten en muizen gezond blijven en zich goed voelen. Het bevat fruit zoals appel en zwarte bessen voor de antioxidanten en hoge vitaminegehaltes voor een optimale gezondheid. Ook is de voeding rijk aan meervoudig onverzadigde vetzuren en arm aan zowel verzadigde vetzuren als cholesterol, wat bijdraagt aan gezonde hart- en bloedvaten. Selective is speciaal ontwikkeld om ook de huid en vacht van uw huisdier in topconditie te houden.<\/p>\n","protected":false},"excerpt":{"rendered":"<p>Science Selective Rat &#038; Mouse is een complete uitgebalanceerde voeding voor ratten en muizen dat ervoor zorgt dat ratten en muizen gezond blijven en zich goed voelen. Het bevat fruit zoals appel en zwarte bessen voor de antioxidanten en hoge vitaminegehaltes voor een optimale gezondheid. Ook is de voeding rijk aan meervoudig onverzadigde vetzuren en [&hellip;]<\/p>\n","protected":false},"featured_media":120548,"comment_status":"open","ping_status":"closed","template":"","meta":{"_acf_changed":false,"_nl_post_content":"Science Selective Rat & Mouse is een complete uitgebalanceerde voeding voor ratten en muizen dat ervoor zorgt dat ratten en muizen gezond blijven en zich goed voelen. Het bevat fruit zoals appel en zwarte bessen voor de antioxidanten en hoge vitaminegehaltes voor een optimale gezondheid. Ook is de voeding rijk aan meervoudig onverzadigde vetzuren en arm aan zowel verzadigde vetzuren als cholesterol, wat bijdraagt aan gezonde hart- en bloedvaten. Selective is speciaal ontwikkeld om ook de huid en vacht van uw huisdier in topconditie te houden.","_nl_post_name":"science-selective-rat-mouse-6-kg","_nl_post_excerpt":"","_nl_post_title":"Science Selective Rat & Muis | 4x 1,5 kg","_en_post_content":"Science Selective Rat & Mouse is a complete balanced diet for rats and mice that ensures rats and mice stay healthy and feel well. It contains fruits such as apple and blackcurrants for antioxidants and high vitamin levels for optimal health. It is also rich in polyunsaturated fatty acids and low in both saturated fatty acids and cholesterol, contributing to healthy cardiovascular health. Selective is specially developed to also keep your pet's skin and coat in top condition.","_en_post_name":"science-selective-rat-mouse-6-kg","_en_post_excerpt":"","_en_post_title":"Science Selective Rat & Mouse | 4x 1,5 kg","_de_post_content":"Science Selective Rat & Mouse ist ein ausgewogenes Alleinfuttermittel f\u00fcr Ratten und M\u00e4use, das daf\u00fcr sorgt, dass Ratten und M\u00e4use gesund bleiben und sich wohl f\u00fchlen. Es enth\u00e4lt Fr\u00fcchte wie \u00c4pfel und schwarze Johannisbeeren f\u00fcr Antioxidantien und einen hohen Vitamingehalt f\u00fcr eine optimale Gesundheit. Au\u00dferdem ist es reich an mehrfach unges\u00e4ttigten Fetts\u00e4uren und enth\u00e4lt wenig ges\u00e4ttigte Fetts\u00e4uren und Cholesterin, was zu einer gesunden Herz-Kreislauf-Gesundheit beitr\u00e4gt. Selective wurde speziell entwickelt, um auch die Haut und das Fell Ihres Haustieres in Topform zu halten.","_de_post_name":"science-selective-rat-mouse-6-kg","_de_post_excerpt":"","_de_post_title":"Science Selective Ratte & Maus | 4x 1,5 kg","_fr_post_content":"Science Selective Rat & Mouse est un r\u00e9gime complet et \u00e9quilibr\u00e9 pour rats et souris qui leur permet de rester en bonne sant\u00e9 et de se sentir bien. Il contient des fruits tels que la pomme et le cassis qui apportent des antioxydants et des niveaux \u00e9lev\u00e9s de vitamines pour une sant\u00e9 optimale. Il est \u00e9galement riche en acides gras polyinsatur\u00e9s et pauvre en acides gras satur\u00e9s et en cholest\u00e9rol, ce qui contribue \u00e0 une bonne sant\u00e9 cardiovasculaire. Selective a \u00e9t\u00e9 sp\u00e9cialement con\u00e7u pour maintenir la peau et le pelage de votre animal en parfait \u00e9tat.","_fr_post_name":"science-selective-rat-mouse-6-kg","_fr_post_excerpt":"","_fr_post_title":"Science Selective Rata & Rat\u00f3n | 4x 1,5 kg","_es_post_content":"Science Selective Rat & Mouse es una dieta completa y equilibrada para ratas y ratones que garantiza que \u00e9stos se mantengan sanos y se sientan bien. Contiene frutas como la manzana y la grosella negra, que aportan antioxidantes y altos niveles de vitaminas para una salud \u00f3ptima. Tambi\u00e9n es rica en \u00e1cidos grasos poliinsaturados y baja en \u00e1cidos grasos saturados y colesterol, lo que contribuye a una salud cardiovascular sana. Selective se ha desarrollado especialmente para mantener la piel y el pelo de su mascota en las mejores condiciones.","_es_post_name":"science-selective-rat-mouse-6-kg","_es_post_excerpt":"","_es_post_title":"Science Selective Rata y Rat\u00f3n | 4x 1,5 kg ","edit_language":"nl"},"product_brand":[],"product_cat":[1857,1824,2093],"product_tag":[],"class_list":{"0":"post-120549","1":"product","2":"type-product","3":"status-publish","4":"has-post-thumbnail","6":"product_cat-merken","7":"product_cat-overig","8":"product_cat-science-selective","9":"pa_aandoening-overig","10":"pa_doeldier-knaagdier","11":"pa_fabricatieland-uk","12":"pa_merkfilter-scienceselective","13":"pa_merkgroep-supreme","14":"pa_productsoort-voeding","15":"pa_toedieningswijze-droogvoer","16":"pa_unit_pricing_base_measure-1kg","17":"pa_unit_pricing_measure-6kg","18":"pa_werkzamestof-overig","20":"first","21":"instock","22":"taxable","23":"shipping-taxable","24":"purchasable","25":"product-type-simple"},"yoast_head":"<!-- This site is optimized with the Yoast SEO plugin v27.5 - https:\/\/yoast.com\/product\/yoast-seo-wordpress\/ -->\n<title>Science Selective Rat &amp; Muis | 4x 1,5 kg - Pharmacy4pets<\/title>\n<meta name=\"robots\" content=\"index, follow, max-snippet:-1, max-image-preview:large, max-video-preview:-1\" \/>\n<link rel=\"canonical\" href=\"https:\/\/p4p-nl.bootmine.com\/%product-slug%\/science-selective-rat-mouse-6-kg\" \/>\n<meta property=\"og:locale\" content=\"nl_NL\" \/>\n<meta property=\"og:type\" content=\"article\" \/>\n<meta property=\"og:title\" content=\"Science Selective Rat &amp; Muis | 4x 1,5 kg - Pharmacy4pets\" \/>\n<meta property=\"og:description\" content=\"Science Selective Rat &#038; Mouse is een complete uitgebalanceerde voeding voor ratten en muizen dat ervoor zorgt dat ratten en muizen gezond blijven en zich goed voelen. Het bevat fruit zoals appel en zwarte bessen voor de antioxidanten en hoge vitaminegehaltes voor een optimale gezondheid. Ook is de voeding rijk aan meervoudig onverzadigde vetzuren en [&hellip;]\" \/>\n<meta property=\"og:url\" content=\"https:\/\/p4p-nl.bootmine.com\/%product-slug%\/science-selective-rat-mouse-6-kg\" \/>\n<meta property=\"og:site_name\" content=\"Pharmacy4pets\" \/>\n<meta property=\"article:publisher\" content=\"https:\/\/www.facebook.com\/people\/Pharmacy4petsnl\/100063484989896\/\" \/>\n<meta property=\"article:modified_time\" content=\"2026-03-25T12:06:32+00:00\" \/>\n<meta property=\"og:image\" content=\"https:\/\/p4p-nl.bootmine.com\/wp-content\/uploads\/2024\/02\/science-selective-rat-mouse_2.jpg\" \/>\n\t<meta property=\"og:image:width\" content=\"600\" \/>\n\t<meta property=\"og:image:height\" content=\"600\" \/>\n\t<meta property=\"og:image:type\" content=\"image\/jpeg\" \/>\n<meta name=\"twitter:card\" content=\"summary_large_image\" \/>\n<script type=\"application\/ld+json\" class=\"yoast-schema-graph\">{\"@context\":\"https:\\\/\\\/schema.org\",\"@graph\":[{\"@type\":\"WebPage\",\"@id\":\"https:\\\/\\\/p4p-nl.bootmine.com\\\/%product-slug%\\\/science-selective-rat-mouse-6-kg\",\"url\":\"https:\\\/\\\/p4p-nl.bootmine.com\\\/%product-slug%\\\/science-selective-rat-mouse-6-kg\",\"name\":\"Science Selective Rat & Muis | 4x 1,5 kg - Pharmacy4pets\",\"isPartOf\":{\"@id\":\"http:\\\/\\\/www.pharmacy4pets.nl\\\/#website\"},\"primaryImageOfPage\":{\"@id\":\"https:\\\/\\\/p4p-nl.bootmine.com\\\/%product-slug%\\\/science-selective-rat-mouse-6-kg#primaryimage\"},\"image\":{\"@id\":\"https:\\\/\\\/p4p-nl.bootmine.com\\\/%product-slug%\\\/science-selective-rat-mouse-6-kg#primaryimage\"},\"thumbnailUrl\":\"https:\\\/\\\/www.pharmacy4pets.nl\\\/wp-content\\\/uploads\\\/2024\\\/02\\\/science-selective-rat-mouse_2.jpg\",\"datePublished\":\"2024-02-29T17:04:59+00:00\",\"dateModified\":\"2026-03-25T12:06:32+00:00\",\"breadcrumb\":{\"@id\":\"https:\\\/\\\/p4p-nl.bootmine.com\\\/%product-slug%\\\/science-selective-rat-mouse-6-kg#breadcrumb\"},\"inLanguage\":\"nl-NL\",\"potentialAction\":[{\"@type\":\"ReadAction\",\"target\":[\"https:\\\/\\\/p4p-nl.bootmine.com\\\/%product-slug%\\\/science-selective-rat-mouse-6-kg\"]}]},{\"@type\":\"ImageObject\",\"inLanguage\":\"nl-NL\",\"@id\":\"https:\\\/\\\/p4p-nl.bootmine.com\\\/%product-slug%\\\/science-selective-rat-mouse-6-kg#primaryimage\",\"url\":\"https:\\\/\\\/www.pharmacy4pets.nl\\\/wp-content\\\/uploads\\\/2024\\\/02\\\/science-selective-rat-mouse_2.jpg\",\"contentUrl\":\"https:\\\/\\\/www.pharmacy4pets.nl\\\/wp-content\\\/uploads\\\/2024\\\/02\\\/science-selective-rat-mouse_2.jpg\",\"width\":600,\"height\":600,\"caption\":\"Science Selective Rat & Mouse\"},{\"@type\":\"BreadcrumbList\",\"@id\":\"https:\\\/\\\/p4p-nl.bootmine.com\\\/%product-slug%\\\/science-selective-rat-mouse-6-kg#breadcrumb\",\"itemListElement\":[{\"@type\":\"ListItem\",\"position\":1,\"name\":\"Home\",\"item\":\"https:\\\/\\\/p4p-nl.bootmine.com\\\/\"},{\"@type\":\"ListItem\",\"position\":2,\"name\":\"Winkel\",\"item\":\"https:\\\/\\\/p4p-nl.bootmine.com\\\/winkel\"},{\"@type\":\"ListItem\",\"position\":3,\"name\":\"Science Selective Rat &#038; Muis | 4x 1,5 kg\"}]},{\"@type\":\"WebSite\",\"@id\":\"http:\\\/\\\/www.pharmacy4pets.nl\\\/#website\",\"url\":\"http:\\\/\\\/www.pharmacy4pets.nl\\\/\",\"name\":\"Pharmacy4pets\",\"description\":\"Pharmacy4pets.nl is d\u00e9 online apotheek waar u terecht kunt voor alle diergeneesmiddelen, verzorgingsproducten en dieetvoeding voor uw huisdier.\",\"publisher\":{\"@id\":\"http:\\\/\\\/www.pharmacy4pets.nl\\\/#organization\"},\"potentialAction\":[{\"@type\":\"SearchAction\",\"target\":{\"@type\":\"EntryPoint\",\"urlTemplate\":\"http:\\\/\\\/www.pharmacy4pets.nl\\\/?s={search_term_string}\"},\"query-input\":{\"@type\":\"PropertyValueSpecification\",\"valueRequired\":true,\"valueName\":\"search_term_string\"}}],\"inLanguage\":\"nl-NL\"},{\"@type\":\"Organization\",\"@id\":\"http:\\\/\\\/www.pharmacy4pets.nl\\\/#organization\",\"name\":\"Pharmacy4pets\",\"url\":\"http:\\\/\\\/www.pharmacy4pets.nl\\\/\",\"logo\":{\"@type\":\"ImageObject\",\"inLanguage\":\"nl-NL\",\"@id\":\"http:\\\/\\\/www.pharmacy4pets.nl\\\/#\\\/schema\\\/logo\\\/image\\\/\",\"url\":\"https:\\\/\\\/p4p-nl.bootmine.com\\\/wp-content\\\/uploads\\\/2026\\\/03\\\/logo-pharmacy4pets.png\",\"contentUrl\":\"https:\\\/\\\/p4p-nl.bootmine.com\\\/wp-content\\\/uploads\\\/2026\\\/03\\\/logo-pharmacy4pets.png\",\"width\":1024,\"height\":135,\"caption\":\"Pharmacy4pets\"},\"image\":{\"@id\":\"http:\\\/\\\/www.pharmacy4pets.nl\\\/#\\\/schema\\\/logo\\\/image\\\/\"},\"sameAs\":[\"https:\\\/\\\/www.facebook.com\\\/people\\\/Pharmacy4petsnl\\\/100063484989896\\\/\",\"https:\\\/\\\/www.youtube.com\\\/channel\\\/UCGPTIgucgli03tP2_kvLkHg\\\/featured\",\"https:\\\/\\\/www.instagram.com\\\/pharmacy4pets.nl\"]}]}<\/script>\n<!-- \/ Yoast SEO plugin. -->","yoast_head_json":{"title":"Science Selective Rat & Muis | 4x 1,5 kg - Pharmacy4pets","robots":{"index":"index","follow":"follow","max-snippet":"max-snippet:-1","max-image-preview":"max-image-preview:large","max-video-preview":"max-video-preview:-1"},"canonical":"https:\/\/p4p-nl.bootmine.com\/%product-slug%\/science-selective-rat-mouse-6-kg","og_locale":"nl_NL","og_type":"article","og_title":"Science Selective Rat & Muis | 4x 1,5 kg - Pharmacy4pets","og_description":"Science Selective Rat &#038; Mouse is een complete uitgebalanceerde voeding voor ratten en muizen dat ervoor zorgt dat ratten en muizen gezond blijven en zich goed voelen. Het bevat fruit zoals appel en zwarte bessen voor de antioxidanten en hoge vitaminegehaltes voor een optimale gezondheid. Ook is de voeding rijk aan meervoudig onverzadigde vetzuren en [&hellip;]","og_url":"https:\/\/p4p-nl.bootmine.com\/%product-slug%\/science-selective-rat-mouse-6-kg","og_site_name":"Pharmacy4pets","article_publisher":"https:\/\/www.facebook.com\/people\/Pharmacy4petsnl\/100063484989896\/","article_modified_time":"2026-03-25T12:06:32+00:00","og_image":[{"width":600,"height":600,"url":"https:\/\/p4p-nl.bootmine.com\/wp-content\/uploads\/2024\/02\/science-selective-rat-mouse_2.jpg","type":"image\/jpeg"}],"twitter_card":"summary_large_image","schema":{"@context":"https:\/\/schema.org","@graph":[{"@type":"WebPage","@id":"https:\/\/p4p-nl.bootmine.com\/%product-slug%\/science-selective-rat-mouse-6-kg","url":"https:\/\/p4p-nl.bootmine.com\/%product-slug%\/science-selective-rat-mouse-6-kg","name":"Science Selective Rat & Muis | 4x 1,5 kg - Pharmacy4pets","isPartOf":{"@id":"http:\/\/www.pharmacy4pets.nl\/#website"},"primaryImageOfPage":{"@id":"https:\/\/p4p-nl.bootmine.com\/%product-slug%\/science-selective-rat-mouse-6-kg#primaryimage"},"image":{"@id":"https:\/\/p4p-nl.bootmine.com\/%product-slug%\/science-selective-rat-mouse-6-kg#primaryimage"},"thumbnailUrl":"https:\/\/www.pharmacy4pets.nl\/wp-content\/uploads\/2024\/02\/science-selective-rat-mouse_2.jpg","datePublished":"2024-02-29T17:04:59+00:00","dateModified":"2026-03-25T12:06:32+00:00","breadcrumb":{"@id":"https:\/\/p4p-nl.bootmine.com\/%product-slug%\/science-selective-rat-mouse-6-kg#breadcrumb"},"inLanguage":"nl-NL","potentialAction":[{"@type":"ReadAction","target":["https:\/\/p4p-nl.bootmine.com\/%product-slug%\/science-selective-rat-mouse-6-kg"]}]},{"@type":"ImageObject","inLanguage":"nl-NL","@id":"https:\/\/p4p-nl.bootmine.com\/%product-slug%\/science-selective-rat-mouse-6-kg#primaryimage","url":"https:\/\/www.pharmacy4pets.nl\/wp-content\/uploads\/2024\/02\/science-selective-rat-mouse_2.jpg","contentUrl":"https:\/\/www.pharmacy4pets.nl\/wp-content\/uploads\/2024\/02\/science-selective-rat-mouse_2.jpg","width":600,"height":600,"caption":"Science Selective Rat & Mouse"},{"@type":"BreadcrumbList","@id":"https:\/\/p4p-nl.bootmine.com\/%product-slug%\/science-selective-rat-mouse-6-kg#breadcrumb","itemListElement":[{"@type":"ListItem","position":1,"name":"Home","item":"https:\/\/p4p-nl.bootmine.com\/"},{"@type":"ListItem","position":2,"name":"Winkel","item":"https:\/\/p4p-nl.bootmine.com\/winkel"},{"@type":"ListItem","position":3,"name":"Science Selective Rat &#038; Muis | 4x 1,5 kg"}]},{"@type":"WebSite","@id":"http:\/\/www.pharmacy4pets.nl\/#website","url":"http:\/\/www.pharmacy4pets.nl\/","name":"Pharmacy4pets","description":"Pharmacy4pets.nl is d\u00e9 online apotheek waar u terecht kunt voor alle diergeneesmiddelen, verzorgingsproducten en dieetvoeding voor uw huisdier.","publisher":{"@id":"http:\/\/www.pharmacy4pets.nl\/#organization"},"potentialAction":[{"@type":"SearchAction","target":{"@type":"EntryPoint","urlTemplate":"http:\/\/www.pharmacy4pets.nl\/?s={search_term_string}"},"query-input":{"@type":"PropertyValueSpecification","valueRequired":true,"valueName":"search_term_string"}}],"inLanguage":"nl-NL"},{"@type":"Organization","@id":"http:\/\/www.pharmacy4pets.nl\/#organization","name":"Pharmacy4pets","url":"http:\/\/www.pharmacy4pets.nl\/","logo":{"@type":"ImageObject","inLanguage":"nl-NL","@id":"http:\/\/www.pharmacy4pets.nl\/#\/schema\/logo\/image\/","url":"https:\/\/p4p-nl.bootmine.com\/wp-content\/uploads\/2026\/03\/logo-pharmacy4pets.png","contentUrl":"https:\/\/p4p-nl.bootmine.com\/wp-content\/uploads\/2026\/03\/logo-pharmacy4pets.png","width":1024,"height":135,"caption":"Pharmacy4pets"},"image":{"@id":"http:\/\/www.pharmacy4pets.nl\/#\/schema\/logo\/image\/"},"sameAs":["https:\/\/www.facebook.com\/people\/Pharmacy4petsnl\/100063484989896\/","https:\/\/www.youtube.com\/channel\/UCGPTIgucgli03tP2_kvLkHg\/featured","https:\/\/www.instagram.com\/pharmacy4pets.nl"]}]}},"market_data":{"nl":{"price":0,"sale_price":0,"active":false,"url":null,"parent_url":"","tax_rate":0,"price_inc_tax":0,"sale_price_inc_tax":0},"de":{"price":0,"sale_price":0,"active":false,"url":null,"parent_url":"","tax_rate":0,"price_inc_tax":0,"sale_price_inc_tax":0},"be":{"price":0,"sale_price":0,"active":false,"url":null,"parent_url":"","tax_rate":0,"price_inc_tax":0,"sale_price_inc_tax":0},"fr":{"price":0,"sale_price":0,"active":false,"url":null,"parent_url":"","tax_rate":0,"price_inc_tax":0,"sale_price_inc_tax":0},"ch":{"price":0,"sale_price":0,"active":false,"url":null,"parent_url":"","tax_rate":0,"price_inc_tax":0,"sale_price_inc_tax":0},"at":{"price":0,"sale_price":0,"active":false,"url":null,"parent_url":"","tax_rate":0,"price_inc_tax":0,"sale_price_inc_tax":0},"es":{"price":0,"sale_price":0,"active":false,"url":null,"parent_url":"","tax_rate":0,"price_inc_tax":0,"sale_price_inc_tax":0},"dk":{"price":0,"sale_price":0,"active":false,"url":null,"parent_url":"","tax_rate":0,"price_inc_tax":0,"sale_price_inc_tax":0},"com":{"price":0,"sale_price":0,"active":false,"url":null,"parent_url":"","tax_rate":0,"price_inc_tax":0,"sale_price_inc_tax":0}},"market_nl_price":0,"market_nl_sale_price":0,"market_nl_active":false,"market_nl_url":null,"market_nl_parent_url":"","market_nl_tax_rate":0,"market_nl_price_inc_tax":0,"market_nl_sale_price_inc_tax":0,"market_de_price":0,"market_de_sale_price":0,"market_de_active":false,"market_de_url":null,"market_de_parent_url":"","market_de_tax_rate":0,"market_de_price_inc_tax":0,"market_de_sale_price_inc_tax":0,"market_be_price":0,"market_be_sale_price":0,"market_be_active":false,"market_be_url":null,"market_be_parent_url":"","market_be_tax_rate":0,"market_be_price_inc_tax":0,"market_be_sale_price_inc_tax":0,"market_fr_price":0,"market_fr_sale_price":0,"market_fr_active":false,"market_fr_url":null,"market_fr_parent_url":"","market_fr_tax_rate":0,"market_fr_price_inc_tax":0,"market_fr_sale_price_inc_tax":0,"market_ch_price":0,"market_ch_sale_price":0,"market_ch_active":false,"market_ch_url":null,"market_ch_parent_url":"","market_ch_tax_rate":0,"market_ch_price_inc_tax":0,"market_ch_sale_price_inc_tax":0,"market_at_price":0,"market_at_sale_price":0,"market_at_active":false,"market_at_url":null,"market_at_parent_url":"","market_at_tax_rate":0,"market_at_price_inc_tax":0,"market_at_sale_price_inc_tax":0,"market_es_price":0,"market_es_sale_price":0,"market_es_active":false,"market_es_url":null,"market_es_parent_url":"","market_es_tax_rate":0,"market_es_price_inc_tax":0,"market_es_sale_price_inc_tax":0,"market_dk_price":0,"market_dk_sale_price":0,"market_dk_active":false,"market_dk_url":null,"market_dk_parent_url":"","market_dk_tax_rate":0,"market_dk_price_inc_tax":0,"market_dk_sale_price_inc_tax":0,"market_com_price":0,"market_com_sale_price":0,"market_com_active":false,"market_com_url":null,"market_com_parent_url":"","market_com_tax_rate":0,"market_com_price_inc_tax":0,"market_com_sale_price_inc_tax":0,"acf":[],"_links":{"self":[{"href":"https:\/\/www.pharmacy4pets.nl\/be\/wp-json\/wp\/v2\/product\/120549","targetHints":{"allow":["GET"]}}],"collection":[{"href":"https:\/\/www.pharmacy4pets.nl\/be\/wp-json\/wp\/v2\/product"}],"about":[{"href":"https:\/\/www.pharmacy4pets.nl\/be\/wp-json\/wp\/v2\/types\/product"}],"replies":[{"embeddable":true,"href":"https:\/\/www.pharmacy4pets.nl\/be\/wp-json\/wp\/v2\/comments?post=120549"}],"wp:featuredmedia":[{"embeddable":true,"href":"https:\/\/www.pharmacy4pets.nl\/be\/wp-json\/wp\/v2\/media\/120548"}],"wp:attachment":[{"href":"https:\/\/www.pharmacy4pets.nl\/be\/wp-json\/wp\/v2\/media?parent=120549"}],"wp:term":[{"taxonomy":"product_brand","embeddable":true,"href":"https:\/\/www.pharmacy4pets.nl\/be\/wp-json\/wp\/v2\/product_brand?post=120549"},{"taxonomy":"product_cat","embeddable":true,"href":"https:\/\/www.pharmacy4pets.nl\/be\/wp-json\/wp\/v2\/product_cat?post=120549"},{"taxonomy":"product_tag","embeddable":true,"href":"https:\/\/www.pharmacy4pets.nl\/be\/wp-json\/wp\/v2\/product_tag?post=120549"}],"curies":[{"name":"wp","href":"https:\/\/api.w.org\/{rel}","templated":true}]}}