{"id":120540,"date":"2024-02-29T15:56:03","date_gmt":"2024-02-29T15:56:03","guid":{"rendered":"https:\/\/p4p.test\/science-selective-four-konijn-3-kg"},"modified":"2026-04-14T08:05:43","modified_gmt":"2026-04-14T08:05:43","slug":"science-selective-four-konijn-3-kg","status":"publish","type":"product","link":"https:\/\/www.pharmacy4pets.nl\/be\/science-selective-four-konijn-3-kg","title":{"rendered":"Science Selective Four+ Konijn | 3 kg"},"content":{"rendered":"<p>Science Selective Four+ konijnenvoer is speciaal ontwikkeld voor konijnen van 4 jaar en ouder, op deze leeftijd hebben konijnen namelijk specifieke voedingsbehoeften. Selective is samengesteld met 22% ruwe vezels en een uitgebalanceerde calcium: fosfor verhouding, zodat u er zeker van kunt zijn dat u uw konijn de beste kwaliteit brokjes geeft die het immuunsysteem ondersteunen en de vitaliteit bevorderen.<\/p>\n","protected":false},"excerpt":{"rendered":"<p>Science Selective Four+ konijnenvoer is speciaal ontwikkeld voor konijnen van 4 jaar en ouder, op deze leeftijd hebben konijnen namelijk specifieke voedingsbehoeften. Selective is samengesteld met 22% ruwe vezels en een uitgebalanceerde calcium: fosfor verhouding, zodat u er zeker van kunt zijn dat u uw konijn de beste kwaliteit brokjes geeft die het immuunsysteem ondersteunen [&hellip;]<\/p>\n","protected":false},"featured_media":120539,"comment_status":"open","ping_status":"closed","template":"","meta":{"_acf_changed":false,"_nl_post_content":"Science Selective Four+ konijnenvoer is speciaal ontwikkeld voor konijnen van 4 jaar en ouder, op deze leeftijd hebben konijnen namelijk specifieke voedingsbehoeften. Selective is samengesteld met 22% ruwe vezels en een uitgebalanceerde calcium: fosfor verhouding, zodat u er zeker van kunt zijn dat u uw konijn de beste kwaliteit brokjes geeft die het immuunsysteem ondersteunen en de vitaliteit bevorderen.","_nl_post_name":"science-selective-four-konijn-3-kg","_nl_post_excerpt":"","_nl_post_title":"Science Selective Four+ Konijn | 3 kg","_en_post_content":"Science Selective Four+ rabbit food is specially formulated for rabbits aged 4 and older, as at this age rabbits have specific nutritional needs. Selective is formulated with 22% crude fibre and a balanced calcium: phosphorus ratio, so you can be sure you are giving your rabbit the best quality kibble that supports the immune system and promotes vitality.","_en_post_name":"science-selective-four-rabbit-3-kg","_en_post_excerpt":"","_en_post_title":"Science Selective Four+ Rabbit | 3 kg","_de_post_content":"Science Selective Four+ Kaninchenfutter wurde speziell f\u00fcr Kaninchen ab 4 Jahren entwickelt, da Kaninchen in diesem Alter besondere Ern\u00e4hrungsbed\u00fcrfnisse haben. Selective enth\u00e4lt 22 % Rohfaser und ein ausgewogenes Kalzium-Phosphor-Verh\u00e4ltnis. So k\u00f6nnen Sie sicher sein, dass Sie Ihrem Kaninchen die beste Qualit\u00e4t geben, die das Immunsystem unterst\u00fctzt und die Vitalit\u00e4t f\u00f6rdert.","_de_post_name":"science-selective-four-kaninchen-3-kg","_de_post_excerpt":"","_de_post_title":"Science Selective Four+ Kaninchen | 3 kg","_fr_post_content":"Les croquettes pour lapins Science Selective Four+ sont sp\u00e9cialement formul\u00e9es pour les lapins \u00e2g\u00e9s de 4 ans et plus, car \u00e0 cet \u00e2ge les lapins ont des besoins nutritionnels sp\u00e9cifiques. Selective contient 22 % de fibres brutes et un rapport calcium\/phosphore \u00e9quilibr\u00e9. Vous pouvez donc \u00eatre s\u00fbr de donner \u00e0 votre lapin des croquettes de la meilleure qualit\u00e9 qui soutiennent le syst\u00e8me immunitaire et favorisent la vitalit\u00e9.","_fr_post_name":"science-selective-four-lapin-3-kg","_fr_post_excerpt":"","_fr_post_title":"Science Selective Four+ Lapin | 3 kg","_es_post_content":"<p>La comida para conejos Science Selective Four+ est\u00e1 especialmente formulada para conejos a partir de 4 a\u00f1os, ya que a esta edad los conejos tienen necesidades nutricionales espec\u00edficas. Selective est\u00e1 formulado con un 22% de fibra bruta y una proporci\u00f3n equilibrada de calcio: f\u00f3sforo, por lo que puede estar seguro de que est\u00e1 dando a su conejo croquetas de la mejor calidad que favorecen el sistema inmunitario y fomentan la vitalidad.<\/p>","_es_post_name":"science-selective-four-conejo-3-kg","_es_post_excerpt":"","_es_post_title":"Science Selective Four+ Conejo | 3 kg","edit_language":"nl"},"product_brand":[],"product_cat":[16],"product_tag":[],"class_list":{"0":"post-120540","1":"product","2":"type-product","3":"status-publish","4":"has-post-thumbnail","6":"product_cat-geen-categorie","7":"pa_aandoening-overig","8":"pa_doeldier-konijn","9":"pa_fabricatieland-uk","10":"pa_grootverpakking-vanree","11":"pa_merkfilter-scienceselective","12":"pa_merkgroep-supreme","13":"pa_productsoort-voeding","14":"pa_toedieningswijze-droogvoer","15":"pa_unit_pricing_base_measure-1kg","16":"pa_unit_pricing_measure-3kg","17":"pa_werkzamestof-overig","19":"first","20":"instock","21":"taxable","22":"shipping-taxable","23":"purchasable","24":"product-type-simple"},"yoast_head":"<!-- This site is optimized with the Yoast SEO plugin v27.5 - https:\/\/yoast.com\/product\/yoast-seo-wordpress\/ -->\n<title>Science Selective Four+ Konijn | 3 kg - Pharmacy4pets<\/title>\n<meta name=\"robots\" content=\"index, follow, max-snippet:-1, max-image-preview:large, max-video-preview:-1\" \/>\n<link rel=\"canonical\" href=\"https:\/\/pharmacy4pets.nl\/science-selective-four-konijn-3-kg\" \/>\n<meta property=\"og:locale\" content=\"nl_NL\" \/>\n<meta property=\"og:type\" content=\"article\" \/>\n<meta property=\"og:title\" content=\"Science Selective Four+ Konijn | 3 kg - Pharmacy4pets\" \/>\n<meta property=\"og:description\" content=\"Science Selective Four+ konijnenvoer is speciaal ontwikkeld voor konijnen van 4 jaar en ouder, op deze leeftijd hebben konijnen namelijk specifieke voedingsbehoeften. Selective is samengesteld met 22% ruwe vezels en een uitgebalanceerde calcium: fosfor verhouding, zodat u er zeker van kunt zijn dat u uw konijn de beste kwaliteit brokjes geeft die het immuunsysteem ondersteunen [&hellip;]\" \/>\n<meta property=\"og:url\" content=\"https:\/\/pharmacy4pets.nl\/science-selective-four-konijn-3-kg\" \/>\n<meta property=\"og:site_name\" content=\"Pharmacy4pets\" \/>\n<meta property=\"article:publisher\" content=\"https:\/\/www.facebook.com\/people\/Pharmacy4petsnl\/100063484989896\/\" \/>\n<meta property=\"article:modified_time\" content=\"2026-04-14T08:05:43+00:00\" \/>\n<meta property=\"og:image\" content=\"https:\/\/pharmacy4pets.nl\/wp-content\/uploads\/2024\/02\/supreme-science-rabbit-four_4.jpg\" \/>\n\t<meta property=\"og:image:width\" content=\"600\" \/>\n\t<meta property=\"og:image:height\" content=\"600\" \/>\n\t<meta property=\"og:image:type\" content=\"image\/jpeg\" \/>\n<meta name=\"twitter:card\" content=\"summary_large_image\" \/>\n<script type=\"application\/ld+json\" class=\"yoast-schema-graph\">{\"@context\":\"https:\\\/\\\/schema.org\",\"@graph\":[{\"@type\":\"WebPage\",\"@id\":\"https:\\\/\\\/pharmacy4pets.nl\\\/science-selective-four-konijn-3-kg\",\"url\":\"https:\\\/\\\/pharmacy4pets.nl\\\/science-selective-four-konijn-3-kg\",\"name\":\"Science Selective Four+ Konijn | 3 kg - Pharmacy4pets\",\"isPartOf\":{\"@id\":\"http:\\\/\\\/www.pharmacy4pets.nl\\\/#website\"},\"primaryImageOfPage\":{\"@id\":\"https:\\\/\\\/pharmacy4pets.nl\\\/science-selective-four-konijn-3-kg#primaryimage\"},\"image\":{\"@id\":\"https:\\\/\\\/pharmacy4pets.nl\\\/science-selective-four-konijn-3-kg#primaryimage\"},\"thumbnailUrl\":\"https:\\\/\\\/www.pharmacy4pets.nl\\\/wp-content\\\/uploads\\\/2024\\\/02\\\/supreme-science-rabbit-four_4.jpg\",\"datePublished\":\"2024-02-29T15:56:03+00:00\",\"dateModified\":\"2026-04-14T08:05:43+00:00\",\"breadcrumb\":{\"@id\":\"https:\\\/\\\/pharmacy4pets.nl\\\/science-selective-four-konijn-3-kg#breadcrumb\"},\"inLanguage\":\"nl-NL\",\"potentialAction\":[{\"@type\":\"ReadAction\",\"target\":[\"https:\\\/\\\/pharmacy4pets.nl\\\/science-selective-four-konijn-3-kg\"]}]},{\"@type\":\"ImageObject\",\"inLanguage\":\"nl-NL\",\"@id\":\"https:\\\/\\\/pharmacy4pets.nl\\\/science-selective-four-konijn-3-kg#primaryimage\",\"url\":\"https:\\\/\\\/www.pharmacy4pets.nl\\\/wp-content\\\/uploads\\\/2024\\\/02\\\/supreme-science-rabbit-four_4.jpg\",\"contentUrl\":\"https:\\\/\\\/www.pharmacy4pets.nl\\\/wp-content\\\/uploads\\\/2024\\\/02\\\/supreme-science-rabbit-four_4.jpg\",\"width\":600,\"height\":600,\"caption\":\"Science Selective Four+\"},{\"@type\":\"BreadcrumbList\",\"@id\":\"https:\\\/\\\/pharmacy4pets.nl\\\/science-selective-four-konijn-3-kg#breadcrumb\",\"itemListElement\":[{\"@type\":\"ListItem\",\"position\":1,\"name\":\"Home\",\"item\":\"https:\\\/\\\/p4p-nl.bootmine.com\\\/\"},{\"@type\":\"ListItem\",\"position\":2,\"name\":\"Winkel\",\"item\":\"https:\\\/\\\/p4p-nl.bootmine.com\\\/winkel\"},{\"@type\":\"ListItem\",\"position\":3,\"name\":\"Science Selective Four+ Konijn | 3 kg\"}]},{\"@type\":\"WebSite\",\"@id\":\"http:\\\/\\\/www.pharmacy4pets.nl\\\/#website\",\"url\":\"http:\\\/\\\/www.pharmacy4pets.nl\\\/\",\"name\":\"Pharmacy4pets\",\"description\":\"Pharmacy4pets.nl is d\u00e9 online apotheek waar u terecht kunt voor alle diergeneesmiddelen, verzorgingsproducten en dieetvoeding voor uw huisdier.\",\"publisher\":{\"@id\":\"http:\\\/\\\/www.pharmacy4pets.nl\\\/#organization\"},\"potentialAction\":[{\"@type\":\"SearchAction\",\"target\":{\"@type\":\"EntryPoint\",\"urlTemplate\":\"http:\\\/\\\/www.pharmacy4pets.nl\\\/?s={search_term_string}\"},\"query-input\":{\"@type\":\"PropertyValueSpecification\",\"valueRequired\":true,\"valueName\":\"search_term_string\"}}],\"inLanguage\":\"nl-NL\"},{\"@type\":\"Organization\",\"@id\":\"http:\\\/\\\/www.pharmacy4pets.nl\\\/#organization\",\"name\":\"Pharmacy4pets\",\"url\":\"http:\\\/\\\/www.pharmacy4pets.nl\\\/\",\"logo\":{\"@type\":\"ImageObject\",\"inLanguage\":\"nl-NL\",\"@id\":\"http:\\\/\\\/www.pharmacy4pets.nl\\\/#\\\/schema\\\/logo\\\/image\\\/\",\"url\":\"https:\\\/\\\/p4p-nl.bootmine.com\\\/wp-content\\\/uploads\\\/2026\\\/03\\\/logo-pharmacy4pets.png\",\"contentUrl\":\"https:\\\/\\\/p4p-nl.bootmine.com\\\/wp-content\\\/uploads\\\/2026\\\/03\\\/logo-pharmacy4pets.png\",\"width\":1024,\"height\":135,\"caption\":\"Pharmacy4pets\"},\"image\":{\"@id\":\"http:\\\/\\\/www.pharmacy4pets.nl\\\/#\\\/schema\\\/logo\\\/image\\\/\"},\"sameAs\":[\"https:\\\/\\\/www.facebook.com\\\/people\\\/Pharmacy4petsnl\\\/100063484989896\\\/\",\"https:\\\/\\\/www.youtube.com\\\/channel\\\/UCGPTIgucgli03tP2_kvLkHg\\\/featured\",\"https:\\\/\\\/www.instagram.com\\\/pharmacy4pets.nl\"]}]}<\/script>\n<!-- \/ Yoast SEO plugin. -->","yoast_head_json":{"title":"Science Selective Four+ Konijn | 3 kg - Pharmacy4pets","robots":{"index":"index","follow":"follow","max-snippet":"max-snippet:-1","max-image-preview":"max-image-preview:large","max-video-preview":"max-video-preview:-1"},"canonical":"https:\/\/pharmacy4pets.nl\/science-selective-four-konijn-3-kg","og_locale":"nl_NL","og_type":"article","og_title":"Science Selective Four+ Konijn | 3 kg - Pharmacy4pets","og_description":"Science Selective Four+ konijnenvoer is speciaal ontwikkeld voor konijnen van 4 jaar en ouder, op deze leeftijd hebben konijnen namelijk specifieke voedingsbehoeften. Selective is samengesteld met 22% ruwe vezels en een uitgebalanceerde calcium: fosfor verhouding, zodat u er zeker van kunt zijn dat u uw konijn de beste kwaliteit brokjes geeft die het immuunsysteem ondersteunen [&hellip;]","og_url":"https:\/\/pharmacy4pets.nl\/science-selective-four-konijn-3-kg","og_site_name":"Pharmacy4pets","article_publisher":"https:\/\/www.facebook.com\/people\/Pharmacy4petsnl\/100063484989896\/","article_modified_time":"2026-04-14T08:05:43+00:00","og_image":[{"width":600,"height":600,"url":"https:\/\/pharmacy4pets.nl\/wp-content\/uploads\/2024\/02\/supreme-science-rabbit-four_4.jpg","type":"image\/jpeg"}],"twitter_card":"summary_large_image","schema":{"@context":"https:\/\/schema.org","@graph":[{"@type":"WebPage","@id":"https:\/\/pharmacy4pets.nl\/science-selective-four-konijn-3-kg","url":"https:\/\/pharmacy4pets.nl\/science-selective-four-konijn-3-kg","name":"Science Selective Four+ Konijn | 3 kg - Pharmacy4pets","isPartOf":{"@id":"http:\/\/www.pharmacy4pets.nl\/#website"},"primaryImageOfPage":{"@id":"https:\/\/pharmacy4pets.nl\/science-selective-four-konijn-3-kg#primaryimage"},"image":{"@id":"https:\/\/pharmacy4pets.nl\/science-selective-four-konijn-3-kg#primaryimage"},"thumbnailUrl":"https:\/\/www.pharmacy4pets.nl\/wp-content\/uploads\/2024\/02\/supreme-science-rabbit-four_4.jpg","datePublished":"2024-02-29T15:56:03+00:00","dateModified":"2026-04-14T08:05:43+00:00","breadcrumb":{"@id":"https:\/\/pharmacy4pets.nl\/science-selective-four-konijn-3-kg#breadcrumb"},"inLanguage":"nl-NL","potentialAction":[{"@type":"ReadAction","target":["https:\/\/pharmacy4pets.nl\/science-selective-four-konijn-3-kg"]}]},{"@type":"ImageObject","inLanguage":"nl-NL","@id":"https:\/\/pharmacy4pets.nl\/science-selective-four-konijn-3-kg#primaryimage","url":"https:\/\/www.pharmacy4pets.nl\/wp-content\/uploads\/2024\/02\/supreme-science-rabbit-four_4.jpg","contentUrl":"https:\/\/www.pharmacy4pets.nl\/wp-content\/uploads\/2024\/02\/supreme-science-rabbit-four_4.jpg","width":600,"height":600,"caption":"Science Selective Four+"},{"@type":"BreadcrumbList","@id":"https:\/\/pharmacy4pets.nl\/science-selective-four-konijn-3-kg#breadcrumb","itemListElement":[{"@type":"ListItem","position":1,"name":"Home","item":"https:\/\/p4p-nl.bootmine.com\/"},{"@type":"ListItem","position":2,"name":"Winkel","item":"https:\/\/p4p-nl.bootmine.com\/winkel"},{"@type":"ListItem","position":3,"name":"Science Selective Four+ Konijn | 3 kg"}]},{"@type":"WebSite","@id":"http:\/\/www.pharmacy4pets.nl\/#website","url":"http:\/\/www.pharmacy4pets.nl\/","name":"Pharmacy4pets","description":"Pharmacy4pets.nl is d\u00e9 online apotheek waar u terecht kunt voor alle diergeneesmiddelen, verzorgingsproducten en dieetvoeding voor uw huisdier.","publisher":{"@id":"http:\/\/www.pharmacy4pets.nl\/#organization"},"potentialAction":[{"@type":"SearchAction","target":{"@type":"EntryPoint","urlTemplate":"http:\/\/www.pharmacy4pets.nl\/?s={search_term_string}"},"query-input":{"@type":"PropertyValueSpecification","valueRequired":true,"valueName":"search_term_string"}}],"inLanguage":"nl-NL"},{"@type":"Organization","@id":"http:\/\/www.pharmacy4pets.nl\/#organization","name":"Pharmacy4pets","url":"http:\/\/www.pharmacy4pets.nl\/","logo":{"@type":"ImageObject","inLanguage":"nl-NL","@id":"http:\/\/www.pharmacy4pets.nl\/#\/schema\/logo\/image\/","url":"https:\/\/p4p-nl.bootmine.com\/wp-content\/uploads\/2026\/03\/logo-pharmacy4pets.png","contentUrl":"https:\/\/p4p-nl.bootmine.com\/wp-content\/uploads\/2026\/03\/logo-pharmacy4pets.png","width":1024,"height":135,"caption":"Pharmacy4pets"},"image":{"@id":"http:\/\/www.pharmacy4pets.nl\/#\/schema\/logo\/image\/"},"sameAs":["https:\/\/www.facebook.com\/people\/Pharmacy4petsnl\/100063484989896\/","https:\/\/www.youtube.com\/channel\/UCGPTIgucgli03tP2_kvLkHg\/featured","https:\/\/www.instagram.com\/pharmacy4pets.nl"]}]}},"market_data":{"nl":{"price":0,"sale_price":0,"active":false,"url":null,"parent_url":"","tax_rate":0,"price_inc_tax":0,"sale_price_inc_tax":0},"de":{"price":0,"sale_price":0,"active":false,"url":null,"parent_url":"","tax_rate":0,"price_inc_tax":0,"sale_price_inc_tax":0},"be":{"price":0,"sale_price":0,"active":false,"url":null,"parent_url":"","tax_rate":0,"price_inc_tax":0,"sale_price_inc_tax":0},"fr":{"price":0,"sale_price":0,"active":false,"url":null,"parent_url":"","tax_rate":0,"price_inc_tax":0,"sale_price_inc_tax":0},"ch":{"price":0,"sale_price":0,"active":false,"url":null,"parent_url":"","tax_rate":0,"price_inc_tax":0,"sale_price_inc_tax":0},"at":{"price":0,"sale_price":0,"active":false,"url":null,"parent_url":"","tax_rate":0,"price_inc_tax":0,"sale_price_inc_tax":0},"es":{"price":0,"sale_price":0,"active":false,"url":null,"parent_url":"","tax_rate":0,"price_inc_tax":0,"sale_price_inc_tax":0},"dk":{"price":0,"sale_price":0,"active":false,"url":null,"parent_url":"","tax_rate":0,"price_inc_tax":0,"sale_price_inc_tax":0},"com":{"price":0,"sale_price":0,"active":false,"url":null,"parent_url":"","tax_rate":0,"price_inc_tax":0,"sale_price_inc_tax":0}},"market_nl_price":0,"market_nl_sale_price":0,"market_nl_active":false,"market_nl_url":null,"market_nl_parent_url":"","market_nl_tax_rate":0,"market_nl_price_inc_tax":0,"market_nl_sale_price_inc_tax":0,"market_de_price":0,"market_de_sale_price":0,"market_de_active":false,"market_de_url":null,"market_de_parent_url":"","market_de_tax_rate":0,"market_de_price_inc_tax":0,"market_de_sale_price_inc_tax":0,"market_be_price":0,"market_be_sale_price":0,"market_be_active":false,"market_be_url":null,"market_be_parent_url":"","market_be_tax_rate":0,"market_be_price_inc_tax":0,"market_be_sale_price_inc_tax":0,"market_fr_price":0,"market_fr_sale_price":0,"market_fr_active":false,"market_fr_url":null,"market_fr_parent_url":"","market_fr_tax_rate":0,"market_fr_price_inc_tax":0,"market_fr_sale_price_inc_tax":0,"market_ch_price":0,"market_ch_sale_price":0,"market_ch_active":false,"market_ch_url":null,"market_ch_parent_url":"","market_ch_tax_rate":0,"market_ch_price_inc_tax":0,"market_ch_sale_price_inc_tax":0,"market_at_price":0,"market_at_sale_price":0,"market_at_active":false,"market_at_url":null,"market_at_parent_url":"","market_at_tax_rate":0,"market_at_price_inc_tax":0,"market_at_sale_price_inc_tax":0,"market_es_price":0,"market_es_sale_price":0,"market_es_active":false,"market_es_url":null,"market_es_parent_url":"","market_es_tax_rate":0,"market_es_price_inc_tax":0,"market_es_sale_price_inc_tax":0,"market_dk_price":0,"market_dk_sale_price":0,"market_dk_active":false,"market_dk_url":null,"market_dk_parent_url":"","market_dk_tax_rate":0,"market_dk_price_inc_tax":0,"market_dk_sale_price_inc_tax":0,"market_com_price":0,"market_com_sale_price":0,"market_com_active":false,"market_com_url":null,"market_com_parent_url":"","market_com_tax_rate":0,"market_com_price_inc_tax":0,"market_com_sale_price_inc_tax":0,"acf":[],"_links":{"self":[{"href":"https:\/\/www.pharmacy4pets.nl\/be\/wp-json\/wp\/v2\/product\/120540","targetHints":{"allow":["GET"]}}],"collection":[{"href":"https:\/\/www.pharmacy4pets.nl\/be\/wp-json\/wp\/v2\/product"}],"about":[{"href":"https:\/\/www.pharmacy4pets.nl\/be\/wp-json\/wp\/v2\/types\/product"}],"replies":[{"embeddable":true,"href":"https:\/\/www.pharmacy4pets.nl\/be\/wp-json\/wp\/v2\/comments?post=120540"}],"wp:featuredmedia":[{"embeddable":true,"href":"https:\/\/www.pharmacy4pets.nl\/be\/wp-json\/wp\/v2\/media\/120539"}],"wp:attachment":[{"href":"https:\/\/www.pharmacy4pets.nl\/be\/wp-json\/wp\/v2\/media?parent=120540"}],"wp:term":[{"taxonomy":"product_brand","embeddable":true,"href":"https:\/\/www.pharmacy4pets.nl\/be\/wp-json\/wp\/v2\/product_brand?post=120540"},{"taxonomy":"product_cat","embeddable":true,"href":"https:\/\/www.pharmacy4pets.nl\/be\/wp-json\/wp\/v2\/product_cat?post=120540"},{"taxonomy":"product_tag","embeddable":true,"href":"https:\/\/www.pharmacy4pets.nl\/be\/wp-json\/wp\/v2\/product_tag?post=120540"}],"curies":[{"name":"wp","href":"https:\/\/api.w.org\/{rel}","templated":true}]}}