{"id":120534,"date":"2024-02-28T16:48:02","date_gmt":"2024-02-28T16:48:02","guid":{"rendered":"https:\/\/p4p.test\/kong-senior"},"modified":"2026-03-25T12:06:26","modified_gmt":"2026-03-25T12:06:26","slug":"kong-senior","status":"publish","type":"product","link":"https:\/\/www.pharmacy4pets.nl\/be\/kong-senior","title":{"rendered":"Kong Senior | Paars"},"content":{"rendered":"<p>Het Kong Senior hondenspeeltje is gemaakt voor het kauwen en spelen van de ouder wordende hond. De unieke, volledig natuurlijke Kong Senior-rubberformule is ontworpen voor tanden en tandvlees die al jarenlang kauwen. Ontworpen om een zachte en comfortabele kauwoplossing te bieden, terwijl het verrijking biedt en voldoet aan de instinctieve speelbehoefte van een oudere hond. Het stuitereffect maakt het perfect voor honden die nog steeds willen spelen terwijl ze ouder worden. Voor langer speelplezier, zorg ervoor dat u het speeltje vult met brokjes en een klodder pindakaas.<\/p>\n","protected":false},"excerpt":{"rendered":"<p>Het Kong Senior hondenspeeltje is gemaakt voor het kauwen en spelen van de ouder wordende hond. De unieke, volledig natuurlijke Kong Senior-rubberformule is ontworpen voor tanden en tandvlees die al jarenlang kauwen. Ontworpen om een zachte en comfortabele kauwoplossing te bieden, terwijl het verrijking biedt en voldoet aan de instinctieve speelbehoefte van een oudere hond. [&hellip;]<\/p>\n","protected":false},"featured_media":120532,"comment_status":"open","ping_status":"closed","template":"","meta":{"_acf_changed":false,"_nl_post_content":"Het Kong Senior hondenspeeltje is gemaakt voor het kauwen en spelen van de ouder wordende hond. De unieke, volledig natuurlijke Kong Senior-rubberformule is ontworpen voor tanden en tandvlees die al jarenlang kauwen. Ontworpen om een zachte en comfortabele kauwoplossing te bieden, terwijl het verrijking biedt en voldoet aan de instinctieve speelbehoefte van een oudere hond. Het stuitereffect maakt het perfect voor honden die nog steeds willen spelen terwijl ze ouder worden. Voor langer speelplezier, zorg ervoor dat u het speeltje vult met brokjes en een klodder pindakaas.","_nl_post_name":"kong-senior","_nl_post_excerpt":"","_nl_post_title":"Kong Senior | Paars","_en_post_content":"The Kong Senior dog toy is made for chewing and playing for the ageing dog. The unique, all-natural Kong Senior rubber formula is designed for teeth and gums that have been chewing for years. Designed to provide a soft and comfortable chewing solution, while providing enrichment and meeting an older dog's instinctive play needs. The bounce effect makes it perfect for dogs who still want to play as they age. For longer playtime fun, make sure to fill the toy with kibble and a blob of peanut butter.","_en_post_name":"kong-senior","_en_post_excerpt":"","_en_post_title":"Kong Senior | Purple","_de_post_content":"Das Kong Senior Hundespielzeug ist zum Kauen und Spielen f\u00fcr den alternden Hund gemacht. Die einzigartige, ganz nat\u00fcrliche Kong Senior Gummiformel ist f\u00fcr Z\u00e4hne und Zahnfleisch gedacht, die schon seit Jahren kauen. Es wurde entwickelt, um eine weiche und bequeme Kaul\u00f6sung zu bieten und gleichzeitig die instinktiven Spielbed\u00fcrfnisse eines \u00e4lteren Hundes zu befriedigen. Der H\u00fcpfeffekt macht ihn perfekt f\u00fcr Hunde, die auch im Alter noch spielen wollen. F\u00fcr ein l\u00e4ngeres Spielvergn\u00fcgen k\u00f6nnen Sie das Spielzeug mit Leckerlis und einem Klecks Erdnussbutter f\u00fcllen.","_de_post_name":"kong-senior","_de_post_excerpt":"","_de_post_title":"Kong Senior | Lila","_fr_post_content":"Le jouet pour chien Kong Senior est con\u00e7u pour \u00eatre m\u00e2ch\u00e9 et jou\u00e9 par les chiens \u00e2g\u00e9s. La formule unique et enti\u00e8rement naturelle du caoutchouc Kong Senior est con\u00e7ue pour les dents et les gencives qui m\u00e2chent depuis des ann\u00e9es. Con\u00e7u pour offrir une solution de mastication douce et confortable, tout en fournissant un enrichissement et en r\u00e9pondant aux besoins de jeu instinctifs d'un chien \u00e2g\u00e9. L'effet de rebond est parfait pour les chiens qui veulent continuer \u00e0 jouer en vieillissant. Pour prolonger le plaisir du jeu, n'oubliez pas de remplir le jouet de croquettes et d'une noisette de beurre de cacahu\u00e8te.","_fr_post_name":"kong-senior","_fr_post_excerpt":"","_fr_post_title":"Kong Senior | Mauve","_es_post_content":"El juguete para perros Kong Senior est\u00e1 hecho para masticar y jugar para el perro que envejece. La f\u00f3rmula \u00fanica y totalmente natural de la goma Kong Senior est\u00e1 dise\u00f1ada para dientes y enc\u00edas que llevan a\u00f1os masticando. Dise\u00f1ado para proporcionar una soluci\u00f3n de masticaci\u00f3n suave y c\u00f3moda, a la vez que proporciona enriquecimiento y satisface las necesidades instintivas de juego de un perro mayor. El efecto rebote lo hace perfecto para perros que siguen queriendo jugar a medida que envejecen. Para divertirse durante m\u00e1s tiempo, aseg\u00farese de rellenar el juguete con croquetas y una gota de mantequilla de cacahuete.","_es_post_name":"kong-senior","_es_post_excerpt":"","_es_post_title":"Kong Senior | Morado","edit_language":"nl"},"product_brand":[],"product_cat":[2012,1861,1117,1865,2172,1857,1866],"product_tag":[],"class_list":{"0":"post-120534","1":"product","2":"type-product","3":"status-publish","4":"has-post-thumbnail","6":"product_cat-acties","7":"product_cat-benodigdheden","8":"product_cat-honden","9":"product_cat-hondenspeelgoed","10":"product_cat-kong","11":"product_cat-merken","12":"product_cat-voerbak","13":"pa_aandoening-overig","14":"pa_doeldier-hond","15":"pa_fabricatieland-usa","16":"pa_grootverpakking-vanree","17":"pa_merkfilter-kong","18":"pa_merkgroep-kong","19":"pa_productsoort-overig","20":"pa_toedieningswijze-speelgoed","21":"pa_werkzamestof-overig","23":"first","24":"instock","25":"sale","26":"taxable","27":"shipping-taxable","28":"product-type-grouped"},"yoast_head":"<!-- This site is optimized with the Yoast SEO plugin v27.5 - https:\/\/yoast.com\/product\/yoast-seo-wordpress\/ -->\n<title>Kong Senior | Paars - Pharmacy4pets<\/title>\n<meta name=\"robots\" content=\"index, follow, max-snippet:-1, max-image-preview:large, max-video-preview:-1\" \/>\n<link rel=\"canonical\" href=\"https:\/\/www.pharmacy4pets.nl\/be\/kong-senior\" \/>\n<meta property=\"og:locale\" content=\"nl_NL\" \/>\n<meta property=\"og:type\" content=\"article\" \/>\n<meta property=\"og:title\" content=\"Kong Senior | Paars - Pharmacy4pets\" \/>\n<meta property=\"og:description\" content=\"Het Kong Senior hondenspeeltje is gemaakt voor het kauwen en spelen van de ouder wordende hond. De unieke, volledig natuurlijke Kong Senior-rubberformule is ontworpen voor tanden en tandvlees die al jarenlang kauwen. Ontworpen om een zachte en comfortabele kauwoplossing te bieden, terwijl het verrijking biedt en voldoet aan de instinctieve speelbehoefte van een oudere hond. [&hellip;]\" \/>\n<meta property=\"og:url\" content=\"https:\/\/www.pharmacy4pets.nl\/be\/kong-senior\" \/>\n<meta property=\"og:site_name\" content=\"Pharmacy4pets\" \/>\n<meta property=\"article:publisher\" content=\"https:\/\/www.facebook.com\/people\/Pharmacy4petsnl\/100063484989896\/\" \/>\n<meta property=\"article:modified_time\" content=\"2026-03-25T12:06:26+00:00\" \/>\n<meta property=\"og:image\" content=\"https:\/\/www.pharmacy4pets.nl\/wp-content\/uploads\/2024\/02\/KN3_OFF_PK_3.jpg\" \/>\n\t<meta property=\"og:image:width\" content=\"1000\" \/>\n\t<meta property=\"og:image:height\" content=\"1000\" \/>\n\t<meta property=\"og:image:type\" content=\"image\/jpeg\" \/>\n<meta name=\"twitter:card\" content=\"summary_large_image\" \/>\n<script type=\"application\/ld+json\" class=\"yoast-schema-graph\">{\"@context\":\"https:\\\/\\\/schema.org\",\"@graph\":[{\"@type\":\"WebPage\",\"@id\":\"https:\\\/\\\/www.pharmacy4pets.nl\\\/be\\\/kong-senior\",\"url\":\"https:\\\/\\\/www.pharmacy4pets.nl\\\/be\\\/kong-senior\",\"name\":\"Kong Senior | Paars - Pharmacy4pets\",\"isPartOf\":{\"@id\":\"http:\\\/\\\/www.pharmacy4pets.nl\\\/#website\"},\"primaryImageOfPage\":{\"@id\":\"https:\\\/\\\/www.pharmacy4pets.nl\\\/be\\\/kong-senior#primaryimage\"},\"image\":{\"@id\":\"https:\\\/\\\/www.pharmacy4pets.nl\\\/be\\\/kong-senior#primaryimage\"},\"thumbnailUrl\":\"https:\\\/\\\/www.pharmacy4pets.nl\\\/wp-content\\\/uploads\\\/2024\\\/02\\\/KN3_OFF_PK_3.jpg\",\"datePublished\":\"2024-02-28T16:48:02+00:00\",\"dateModified\":\"2026-03-25T12:06:26+00:00\",\"breadcrumb\":{\"@id\":\"https:\\\/\\\/www.pharmacy4pets.nl\\\/be\\\/kong-senior#breadcrumb\"},\"inLanguage\":\"nl-NL\",\"potentialAction\":[{\"@type\":\"ReadAction\",\"target\":[\"https:\\\/\\\/www.pharmacy4pets.nl\\\/be\\\/kong-senior\"]}]},{\"@type\":\"ImageObject\",\"inLanguage\":\"nl-NL\",\"@id\":\"https:\\\/\\\/www.pharmacy4pets.nl\\\/be\\\/kong-senior#primaryimage\",\"url\":\"https:\\\/\\\/www.pharmacy4pets.nl\\\/wp-content\\\/uploads\\\/2024\\\/02\\\/KN3_OFF_PK_3.jpg\",\"contentUrl\":\"https:\\\/\\\/www.pharmacy4pets.nl\\\/wp-content\\\/uploads\\\/2024\\\/02\\\/KN3_OFF_PK_3.jpg\",\"width\":1000,\"height\":1000,\"caption\":\"Kong Senior | Paars-0\"},{\"@type\":\"BreadcrumbList\",\"@id\":\"https:\\\/\\\/www.pharmacy4pets.nl\\\/be\\\/kong-senior#breadcrumb\",\"itemListElement\":[{\"@type\":\"ListItem\",\"position\":1,\"name\":\"Home\",\"item\":\"https:\\\/\\\/p4p-nl.bootmine.com\\\/\"},{\"@type\":\"ListItem\",\"position\":2,\"name\":\"Winkel\",\"item\":\"https:\\\/\\\/p4p-nl.bootmine.com\\\/winkel\"},{\"@type\":\"ListItem\",\"position\":3,\"name\":\"Kong Senior | Paars\"}]},{\"@type\":\"WebSite\",\"@id\":\"http:\\\/\\\/www.pharmacy4pets.nl\\\/#website\",\"url\":\"http:\\\/\\\/www.pharmacy4pets.nl\\\/\",\"name\":\"Pharmacy4pets\",\"description\":\"Pharmacy4pets.nl is d\u00e9 online apotheek waar u terecht kunt voor alle diergeneesmiddelen, verzorgingsproducten en dieetvoeding voor uw huisdier.\",\"publisher\":{\"@id\":\"http:\\\/\\\/www.pharmacy4pets.nl\\\/#organization\"},\"potentialAction\":[{\"@type\":\"SearchAction\",\"target\":{\"@type\":\"EntryPoint\",\"urlTemplate\":\"http:\\\/\\\/www.pharmacy4pets.nl\\\/?s={search_term_string}\"},\"query-input\":{\"@type\":\"PropertyValueSpecification\",\"valueRequired\":true,\"valueName\":\"search_term_string\"}}],\"inLanguage\":\"nl-NL\"},{\"@type\":\"Organization\",\"@id\":\"http:\\\/\\\/www.pharmacy4pets.nl\\\/#organization\",\"name\":\"Pharmacy4pets\",\"url\":\"http:\\\/\\\/www.pharmacy4pets.nl\\\/\",\"logo\":{\"@type\":\"ImageObject\",\"inLanguage\":\"nl-NL\",\"@id\":\"http:\\\/\\\/www.pharmacy4pets.nl\\\/#\\\/schema\\\/logo\\\/image\\\/\",\"url\":\"https:\\\/\\\/p4p-nl.bootmine.com\\\/wp-content\\\/uploads\\\/2026\\\/03\\\/logo-pharmacy4pets.png\",\"contentUrl\":\"https:\\\/\\\/p4p-nl.bootmine.com\\\/wp-content\\\/uploads\\\/2026\\\/03\\\/logo-pharmacy4pets.png\",\"width\":1024,\"height\":135,\"caption\":\"Pharmacy4pets\"},\"image\":{\"@id\":\"http:\\\/\\\/www.pharmacy4pets.nl\\\/#\\\/schema\\\/logo\\\/image\\\/\"},\"sameAs\":[\"https:\\\/\\\/www.facebook.com\\\/people\\\/Pharmacy4petsnl\\\/100063484989896\\\/\",\"https:\\\/\\\/www.youtube.com\\\/channel\\\/UCGPTIgucgli03tP2_kvLkHg\\\/featured\",\"https:\\\/\\\/www.instagram.com\\\/pharmacy4pets.nl\"]}]}<\/script>\n<!-- \/ Yoast SEO plugin. -->","yoast_head_json":{"title":"Kong Senior | Paars - Pharmacy4pets","robots":{"index":"index","follow":"follow","max-snippet":"max-snippet:-1","max-image-preview":"max-image-preview:large","max-video-preview":"max-video-preview:-1"},"canonical":"https:\/\/www.pharmacy4pets.nl\/be\/kong-senior","og_locale":"nl_NL","og_type":"article","og_title":"Kong Senior | Paars - Pharmacy4pets","og_description":"Het Kong Senior hondenspeeltje is gemaakt voor het kauwen en spelen van de ouder wordende hond. De unieke, volledig natuurlijke Kong Senior-rubberformule is ontworpen voor tanden en tandvlees die al jarenlang kauwen. Ontworpen om een zachte en comfortabele kauwoplossing te bieden, terwijl het verrijking biedt en voldoet aan de instinctieve speelbehoefte van een oudere hond. [&hellip;]","og_url":"https:\/\/www.pharmacy4pets.nl\/be\/kong-senior","og_site_name":"Pharmacy4pets","article_publisher":"https:\/\/www.facebook.com\/people\/Pharmacy4petsnl\/100063484989896\/","article_modified_time":"2026-03-25T12:06:26+00:00","og_image":[{"width":1000,"height":1000,"url":"https:\/\/www.pharmacy4pets.nl\/wp-content\/uploads\/2024\/02\/KN3_OFF_PK_3.jpg","type":"image\/jpeg"}],"twitter_card":"summary_large_image","schema":{"@context":"https:\/\/schema.org","@graph":[{"@type":"WebPage","@id":"https:\/\/www.pharmacy4pets.nl\/be\/kong-senior","url":"https:\/\/www.pharmacy4pets.nl\/be\/kong-senior","name":"Kong Senior | Paars - Pharmacy4pets","isPartOf":{"@id":"http:\/\/www.pharmacy4pets.nl\/#website"},"primaryImageOfPage":{"@id":"https:\/\/www.pharmacy4pets.nl\/be\/kong-senior#primaryimage"},"image":{"@id":"https:\/\/www.pharmacy4pets.nl\/be\/kong-senior#primaryimage"},"thumbnailUrl":"https:\/\/www.pharmacy4pets.nl\/wp-content\/uploads\/2024\/02\/KN3_OFF_PK_3.jpg","datePublished":"2024-02-28T16:48:02+00:00","dateModified":"2026-03-25T12:06:26+00:00","breadcrumb":{"@id":"https:\/\/www.pharmacy4pets.nl\/be\/kong-senior#breadcrumb"},"inLanguage":"nl-NL","potentialAction":[{"@type":"ReadAction","target":["https:\/\/www.pharmacy4pets.nl\/be\/kong-senior"]}]},{"@type":"ImageObject","inLanguage":"nl-NL","@id":"https:\/\/www.pharmacy4pets.nl\/be\/kong-senior#primaryimage","url":"https:\/\/www.pharmacy4pets.nl\/wp-content\/uploads\/2024\/02\/KN3_OFF_PK_3.jpg","contentUrl":"https:\/\/www.pharmacy4pets.nl\/wp-content\/uploads\/2024\/02\/KN3_OFF_PK_3.jpg","width":1000,"height":1000,"caption":"Kong Senior | Paars-0"},{"@type":"BreadcrumbList","@id":"https:\/\/www.pharmacy4pets.nl\/be\/kong-senior#breadcrumb","itemListElement":[{"@type":"ListItem","position":1,"name":"Home","item":"https:\/\/p4p-nl.bootmine.com\/"},{"@type":"ListItem","position":2,"name":"Winkel","item":"https:\/\/p4p-nl.bootmine.com\/winkel"},{"@type":"ListItem","position":3,"name":"Kong Senior | Paars"}]},{"@type":"WebSite","@id":"http:\/\/www.pharmacy4pets.nl\/#website","url":"http:\/\/www.pharmacy4pets.nl\/","name":"Pharmacy4pets","description":"Pharmacy4pets.nl is d\u00e9 online apotheek waar u terecht kunt voor alle diergeneesmiddelen, verzorgingsproducten en dieetvoeding voor uw huisdier.","publisher":{"@id":"http:\/\/www.pharmacy4pets.nl\/#organization"},"potentialAction":[{"@type":"SearchAction","target":{"@type":"EntryPoint","urlTemplate":"http:\/\/www.pharmacy4pets.nl\/?s={search_term_string}"},"query-input":{"@type":"PropertyValueSpecification","valueRequired":true,"valueName":"search_term_string"}}],"inLanguage":"nl-NL"},{"@type":"Organization","@id":"http:\/\/www.pharmacy4pets.nl\/#organization","name":"Pharmacy4pets","url":"http:\/\/www.pharmacy4pets.nl\/","logo":{"@type":"ImageObject","inLanguage":"nl-NL","@id":"http:\/\/www.pharmacy4pets.nl\/#\/schema\/logo\/image\/","url":"https:\/\/p4p-nl.bootmine.com\/wp-content\/uploads\/2026\/03\/logo-pharmacy4pets.png","contentUrl":"https:\/\/p4p-nl.bootmine.com\/wp-content\/uploads\/2026\/03\/logo-pharmacy4pets.png","width":1024,"height":135,"caption":"Pharmacy4pets"},"image":{"@id":"http:\/\/www.pharmacy4pets.nl\/#\/schema\/logo\/image\/"},"sameAs":["https:\/\/www.facebook.com\/people\/Pharmacy4petsnl\/100063484989896\/","https:\/\/www.youtube.com\/channel\/UCGPTIgucgli03tP2_kvLkHg\/featured","https:\/\/www.instagram.com\/pharmacy4pets.nl"]}]}},"market_data":{"nl":{"price":0,"sale_price":0,"active":false,"url":null,"parent_url":"","tax_rate":0,"price_inc_tax":0,"sale_price_inc_tax":0},"de":{"price":0,"sale_price":0,"active":false,"url":null,"parent_url":"","tax_rate":0,"price_inc_tax":0,"sale_price_inc_tax":0},"be":{"price":0,"sale_price":0,"active":false,"url":null,"parent_url":"","tax_rate":0,"price_inc_tax":0,"sale_price_inc_tax":0},"fr":{"price":0,"sale_price":0,"active":false,"url":null,"parent_url":"","tax_rate":0,"price_inc_tax":0,"sale_price_inc_tax":0},"ch":{"price":0,"sale_price":0,"active":false,"url":null,"parent_url":"","tax_rate":0,"price_inc_tax":0,"sale_price_inc_tax":0},"at":{"price":0,"sale_price":0,"active":false,"url":null,"parent_url":"","tax_rate":0,"price_inc_tax":0,"sale_price_inc_tax":0},"es":{"price":0,"sale_price":0,"active":false,"url":null,"parent_url":"","tax_rate":0,"price_inc_tax":0,"sale_price_inc_tax":0},"dk":{"price":0,"sale_price":0,"active":false,"url":null,"parent_url":"","tax_rate":0,"price_inc_tax":0,"sale_price_inc_tax":0},"com":{"price":0,"sale_price":0,"active":false,"url":null,"parent_url":"","tax_rate":0,"price_inc_tax":0,"sale_price_inc_tax":0}},"market_nl_price":0,"market_nl_sale_price":0,"market_nl_active":false,"market_nl_url":null,"market_nl_parent_url":"","market_nl_tax_rate":0,"market_nl_price_inc_tax":0,"market_nl_sale_price_inc_tax":0,"market_de_price":0,"market_de_sale_price":0,"market_de_active":false,"market_de_url":null,"market_de_parent_url":"","market_de_tax_rate":0,"market_de_price_inc_tax":0,"market_de_sale_price_inc_tax":0,"market_be_price":0,"market_be_sale_price":0,"market_be_active":false,"market_be_url":null,"market_be_parent_url":"","market_be_tax_rate":0,"market_be_price_inc_tax":0,"market_be_sale_price_inc_tax":0,"market_fr_price":0,"market_fr_sale_price":0,"market_fr_active":false,"market_fr_url":null,"market_fr_parent_url":"","market_fr_tax_rate":0,"market_fr_price_inc_tax":0,"market_fr_sale_price_inc_tax":0,"market_ch_price":0,"market_ch_sale_price":0,"market_ch_active":false,"market_ch_url":null,"market_ch_parent_url":"","market_ch_tax_rate":0,"market_ch_price_inc_tax":0,"market_ch_sale_price_inc_tax":0,"market_at_price":0,"market_at_sale_price":0,"market_at_active":false,"market_at_url":null,"market_at_parent_url":"","market_at_tax_rate":0,"market_at_price_inc_tax":0,"market_at_sale_price_inc_tax":0,"market_es_price":0,"market_es_sale_price":0,"market_es_active":false,"market_es_url":null,"market_es_parent_url":"","market_es_tax_rate":0,"market_es_price_inc_tax":0,"market_es_sale_price_inc_tax":0,"market_dk_price":0,"market_dk_sale_price":0,"market_dk_active":false,"market_dk_url":null,"market_dk_parent_url":"","market_dk_tax_rate":0,"market_dk_price_inc_tax":0,"market_dk_sale_price_inc_tax":0,"market_com_price":0,"market_com_sale_price":0,"market_com_active":false,"market_com_url":null,"market_com_parent_url":"","market_com_tax_rate":0,"market_com_price_inc_tax":0,"market_com_sale_price_inc_tax":0,"acf":[],"_links":{"self":[{"href":"https:\/\/www.pharmacy4pets.nl\/be\/wp-json\/wp\/v2\/product\/120534","targetHints":{"allow":["GET"]}}],"collection":[{"href":"https:\/\/www.pharmacy4pets.nl\/be\/wp-json\/wp\/v2\/product"}],"about":[{"href":"https:\/\/www.pharmacy4pets.nl\/be\/wp-json\/wp\/v2\/types\/product"}],"replies":[{"embeddable":true,"href":"https:\/\/www.pharmacy4pets.nl\/be\/wp-json\/wp\/v2\/comments?post=120534"}],"wp:featuredmedia":[{"embeddable":true,"href":"https:\/\/www.pharmacy4pets.nl\/be\/wp-json\/wp\/v2\/media\/120532"}],"wp:attachment":[{"href":"https:\/\/www.pharmacy4pets.nl\/be\/wp-json\/wp\/v2\/media?parent=120534"}],"wp:term":[{"taxonomy":"product_brand","embeddable":true,"href":"https:\/\/www.pharmacy4pets.nl\/be\/wp-json\/wp\/v2\/product_brand?post=120534"},{"taxonomy":"product_cat","embeddable":true,"href":"https:\/\/www.pharmacy4pets.nl\/be\/wp-json\/wp\/v2\/product_cat?post=120534"},{"taxonomy":"product_tag","embeddable":true,"href":"https:\/\/www.pharmacy4pets.nl\/be\/wp-json\/wp\/v2\/product_tag?post=120534"}],"curies":[{"name":"wp","href":"https:\/\/api.w.org\/{rel}","templated":true}]}}