{"id":120525,"date":"2024-02-27T17:20:49","date_gmt":"2024-02-27T17:20:49","guid":{"rendered":"https:\/\/p4p.test\/kong-classic-m"},"modified":"2026-04-14T08:05:43","modified_gmt":"2026-04-14T08:05:43","slug":"kong-classic-m","status":"publish","type":"product","link":"https:\/\/www.pharmacy4pets.nl\/be\/kong-classic-m","title":{"rendered":"Kong Classic | Rood | Maat M (7-16 kg) &#8211; 8 cm"},"content":{"rendered":"<p>Het Kong Classic hondenspeeltje is al meer dan veertig jaar de favoriet van honden over de hele wereld. De unieke en volledig natuurlijke rode rubberformule voldoet aan de instinctieve behoeften van honden en is ultra-duurzaam met een levendige veerkracht die ideaal is voor honden die graag kauwen, terwijl ze ook voldoen aan de speelbehoefte van een hond. Wilt u het speelplezier verlengen? Zorg ervoor dat u het vult met verleidelijke brokjes en een scheutje pindakaas.<\/p>\n","protected":false},"excerpt":{"rendered":"<p>Het Kong Classic hondenspeeltje is al meer dan veertig jaar de favoriet van honden over de hele wereld. De unieke en volledig natuurlijke rode rubberformule voldoet aan de instinctieve behoeften van honden en is ultra-duurzaam met een levendige veerkracht die ideaal is voor honden die graag kauwen, terwijl ze ook voldoen aan de speelbehoefte van [&hellip;]<\/p>\n","protected":false},"featured_media":120523,"comment_status":"open","ping_status":"closed","template":"","meta":{"_acf_changed":false,"_nl_post_content":"<p>Het Kong Classic hondenspeeltje is al meer dan veertig jaar de favoriet van honden over de hele wereld. De unieke en volledig natuurlijke rode rubberformule voldoet aan de instinctieve behoeften van honden en is ultra-duurzaam met een levendige veerkracht die ideaal is voor honden die graag kauwen, terwijl ze ook voldoen aan de speelbehoefte van een hond. Wilt u het speelplezier verlengen? Zorg ervoor dat u het vult met verleidelijke brokjes en een scheutje pindakaas.<\/p>","_nl_post_name":"kong-classic-m","_nl_post_excerpt":"","_nl_post_title":"Kong Classic | Rood | Maat M (7-16 kg) - 8 cm","_en_post_content":"<p>The Kong Classic dog toy has been the favourite of dogs around the world for over forty years. The unique and all-natural red rubber formula satisfies dogs' instinctive needs and is ultra-durable with a lively resilience that is ideal for dogs that like to chew, while also satisfying a dog's play needs. Want to prolong playtime fun? Make sure you fill it with tempting kibble and a dash of peanut butter.<\/p>","_en_post_name":"kong-classic-m","_en_post_excerpt":"","_en_post_title":"Kong Classic | Red | Size M (7-16 kg) - 8 cm","_de_post_content":"<p>Das Kong Classic Hundespielzeug ist seit \u00fcber vierzig Jahren der Liebling von Hunden auf der ganzen Welt. Die einzigartige und nat\u00fcrliche Rezeptur aus rotem Gummi befriedigt die instinktiven Bed\u00fcrfnisse von Hunden und ist extrem langlebig mit einer lebendigen Elastizit\u00e4t, die ideal f\u00fcr Hunde ist, die gerne kauen, w\u00e4hrend sie gleichzeitig die Spielbed\u00fcrfnisse des Hundes befriedigt. M\u00f6chten Sie den Spielspa\u00df verl\u00e4ngern? Dann f\u00fcllen Sie ihn mit verlockenden Leckerlis und einem Klecks Erdnussbutter.<\/p>","_de_post_name":"kong-classic-m","_de_post_excerpt":"","_de_post_title":"Kong Classic | Rot | Gr\u00f6\u00dfe M (7-16 kg) - 8 cm","_fr_post_content":"<p>Le jouet Kong Classic est le pr\u00e9f\u00e9r\u00e9 des chiens du monde entier depuis plus de quarante ans. La formule unique et enti\u00e8rement naturelle en caoutchouc rouge r\u00e9pond aux besoins instinctifs des chiens et est ultra-durable avec une r\u00e9silience vivante qui est id\u00e9ale pour les chiens qui aiment m\u00e2cher, tout en satisfaisant les besoins de jeu des chiens. Vous voulez prolonger le plaisir du jeu ? Remplissez-le de croquettes all\u00e9chantes et d'un soup\u00e7on de beurre de cacahu\u00e8te.<\/p>","_fr_post_name":"kong-classic-m","_fr_post_excerpt":"","_fr_post_title":"Kong Classic | Rouge | Taille M (7-16 kg) - 8 cm","_es_post_content":"El juguete para perros Kong Classic es el favorito de los perros de todo el mundo desde hace m\u00e1s de cuarenta a\u00f1os. Su f\u00f3rmula \u00fanica y totalmente natural de caucho rojo satisface las necesidades instintivas de los perros y es ultraduradero, con una viva resistencia que resulta ideal para los perros a los que les gusta masticar, al tiempo que satisface las necesidades de juego del perro. \u00bfQuiere prolongar la diversi\u00f3n del juego? Aseg\u00farese de rellenarlo con tentadoras croquetas y una pizca de mantequilla de cacahuete.","_es_post_name":"kong-classic-m","_es_post_excerpt":"","_es_post_title":"Kong Classic | Rojo | Talla M (7-16 kg) - 8 cm","edit_language":"nl"},"product_brand":[],"product_cat":[2012,1861,1117,1865,2172,1857],"product_tag":[],"class_list":{"0":"post-120525","1":"product","2":"type-product","3":"status-publish","4":"has-post-thumbnail","6":"product_cat-acties","7":"product_cat-benodigdheden","8":"product_cat-honden","9":"product_cat-hondenspeelgoed","10":"product_cat-kong","11":"product_cat-merken","12":"pa_aandoening-overig","13":"pa_doeldier-hond","14":"pa_fabricatieland-usa","15":"pa_grootverpakking-vanree","16":"pa_merkfilter-kong","17":"pa_merkgroep-kong","18":"pa_productsoort-overig","19":"pa_toedieningswijze-speelgoed","20":"pa_unit_pricing_base_measure-1ct","21":"pa_unit_pricing_measure-1ct","22":"pa_werkzamestof-overig","24":"first","25":"instock","26":"sale","27":"taxable","28":"shipping-taxable","29":"purchasable","30":"product-type-simple"},"yoast_head":"<!-- This site is optimized with the Yoast SEO plugin v27.5 - https:\/\/yoast.com\/product\/yoast-seo-wordpress\/ -->\n<title>Kong Classic | Rood | Maat M (7-16 kg) - 8 cm - Pharmacy4pets<\/title>\n<meta name=\"robots\" content=\"index, follow, max-snippet:-1, max-image-preview:large, max-video-preview:-1\" \/>\n<link rel=\"canonical\" href=\"https:\/\/www.pharmacy4pets.nl\/kong-classic-m\" \/>\n<meta property=\"og:locale\" content=\"nl_NL\" \/>\n<meta property=\"og:type\" content=\"article\" \/>\n<meta property=\"og:title\" content=\"Kong Classic | Rood | Maat M (7-16 kg) - 8 cm - Pharmacy4pets\" \/>\n<meta property=\"og:description\" content=\"Het Kong Classic hondenspeeltje is al meer dan veertig jaar de favoriet van honden over de hele wereld. De unieke en volledig natuurlijke rode rubberformule voldoet aan de instinctieve behoeften van honden en is ultra-duurzaam met een levendige veerkracht die ideaal is voor honden die graag kauwen, terwijl ze ook voldoen aan de speelbehoefte van [&hellip;]\" \/>\n<meta property=\"og:url\" content=\"https:\/\/www.pharmacy4pets.nl\/kong-classic-m\" \/>\n<meta property=\"og:site_name\" content=\"Pharmacy4pets\" \/>\n<meta property=\"article:publisher\" content=\"https:\/\/www.facebook.com\/people\/Pharmacy4petsnl\/100063484989896\/\" \/>\n<meta property=\"article:modified_time\" content=\"2026-04-14T08:05:43+00:00\" \/>\n<meta property=\"og:image\" content=\"https:\/\/www.pharmacy4pets.nl\/wp-content\/uploads\/2024\/02\/kong_classic_6.jpg\" \/>\n\t<meta property=\"og:image:width\" content=\"1000\" \/>\n\t<meta property=\"og:image:height\" content=\"1000\" \/>\n\t<meta property=\"og:image:type\" content=\"image\/jpeg\" \/>\n<meta name=\"twitter:card\" content=\"summary_large_image\" \/>\n<script type=\"application\/ld+json\" class=\"yoast-schema-graph\">{\"@context\":\"https:\\\/\\\/schema.org\",\"@graph\":[{\"@type\":\"WebPage\",\"@id\":\"https:\\\/\\\/www.pharmacy4pets.nl\\\/kong-classic-m\",\"url\":\"https:\\\/\\\/www.pharmacy4pets.nl\\\/kong-classic-m\",\"name\":\"Kong Classic | Rood | Maat M (7-16 kg) - 8 cm - Pharmacy4pets\",\"isPartOf\":{\"@id\":\"http:\\\/\\\/www.pharmacy4pets.nl\\\/#website\"},\"primaryImageOfPage\":{\"@id\":\"https:\\\/\\\/www.pharmacy4pets.nl\\\/kong-classic-m#primaryimage\"},\"image\":{\"@id\":\"https:\\\/\\\/www.pharmacy4pets.nl\\\/kong-classic-m#primaryimage\"},\"thumbnailUrl\":\"https:\\\/\\\/www.pharmacy4pets.nl\\\/wp-content\\\/uploads\\\/2024\\\/02\\\/kong_classic_6.jpg\",\"datePublished\":\"2024-02-27T17:20:49+00:00\",\"dateModified\":\"2026-04-14T08:05:43+00:00\",\"breadcrumb\":{\"@id\":\"https:\\\/\\\/www.pharmacy4pets.nl\\\/kong-classic-m#breadcrumb\"},\"inLanguage\":\"nl-NL\",\"potentialAction\":[{\"@type\":\"ReadAction\",\"target\":[\"https:\\\/\\\/www.pharmacy4pets.nl\\\/kong-classic-m\"]}]},{\"@type\":\"ImageObject\",\"inLanguage\":\"nl-NL\",\"@id\":\"https:\\\/\\\/www.pharmacy4pets.nl\\\/kong-classic-m#primaryimage\",\"url\":\"https:\\\/\\\/www.pharmacy4pets.nl\\\/wp-content\\\/uploads\\\/2024\\\/02\\\/kong_classic_6.jpg\",\"contentUrl\":\"https:\\\/\\\/www.pharmacy4pets.nl\\\/wp-content\\\/uploads\\\/2024\\\/02\\\/kong_classic_6.jpg\",\"width\":1000,\"height\":1000,\"caption\":\"Kong Classic\"},{\"@type\":\"BreadcrumbList\",\"@id\":\"https:\\\/\\\/www.pharmacy4pets.nl\\\/kong-classic-m#breadcrumb\",\"itemListElement\":[{\"@type\":\"ListItem\",\"position\":1,\"name\":\"Home\",\"item\":\"https:\\\/\\\/p4p-nl.bootmine.com\\\/\"},{\"@type\":\"ListItem\",\"position\":2,\"name\":\"Winkel\",\"item\":\"https:\\\/\\\/p4p-nl.bootmine.com\\\/winkel\"},{\"@type\":\"ListItem\",\"position\":3,\"name\":\"Kong Classic | Rood | Maat M (7-16 kg) &#8211; 8 cm\"}]},{\"@type\":\"WebSite\",\"@id\":\"http:\\\/\\\/www.pharmacy4pets.nl\\\/#website\",\"url\":\"http:\\\/\\\/www.pharmacy4pets.nl\\\/\",\"name\":\"Pharmacy4pets\",\"description\":\"Pharmacy4pets.nl is d\u00e9 online apotheek waar u terecht kunt voor alle diergeneesmiddelen, verzorgingsproducten en dieetvoeding voor uw huisdier.\",\"publisher\":{\"@id\":\"http:\\\/\\\/www.pharmacy4pets.nl\\\/#organization\"},\"potentialAction\":[{\"@type\":\"SearchAction\",\"target\":{\"@type\":\"EntryPoint\",\"urlTemplate\":\"http:\\\/\\\/www.pharmacy4pets.nl\\\/?s={search_term_string}\"},\"query-input\":{\"@type\":\"PropertyValueSpecification\",\"valueRequired\":true,\"valueName\":\"search_term_string\"}}],\"inLanguage\":\"nl-NL\"},{\"@type\":\"Organization\",\"@id\":\"http:\\\/\\\/www.pharmacy4pets.nl\\\/#organization\",\"name\":\"Pharmacy4pets\",\"url\":\"http:\\\/\\\/www.pharmacy4pets.nl\\\/\",\"logo\":{\"@type\":\"ImageObject\",\"inLanguage\":\"nl-NL\",\"@id\":\"http:\\\/\\\/www.pharmacy4pets.nl\\\/#\\\/schema\\\/logo\\\/image\\\/\",\"url\":\"https:\\\/\\\/p4p-nl.bootmine.com\\\/wp-content\\\/uploads\\\/2026\\\/03\\\/logo-pharmacy4pets.png\",\"contentUrl\":\"https:\\\/\\\/p4p-nl.bootmine.com\\\/wp-content\\\/uploads\\\/2026\\\/03\\\/logo-pharmacy4pets.png\",\"width\":1024,\"height\":135,\"caption\":\"Pharmacy4pets\"},\"image\":{\"@id\":\"http:\\\/\\\/www.pharmacy4pets.nl\\\/#\\\/schema\\\/logo\\\/image\\\/\"},\"sameAs\":[\"https:\\\/\\\/www.facebook.com\\\/people\\\/Pharmacy4petsnl\\\/100063484989896\\\/\",\"https:\\\/\\\/www.youtube.com\\\/channel\\\/UCGPTIgucgli03tP2_kvLkHg\\\/featured\",\"https:\\\/\\\/www.instagram.com\\\/pharmacy4pets.nl\"]}]}<\/script>\n<!-- \/ Yoast SEO plugin. -->","yoast_head_json":{"title":"Kong Classic | Rood | Maat M (7-16 kg) - 8 cm - Pharmacy4pets","robots":{"index":"index","follow":"follow","max-snippet":"max-snippet:-1","max-image-preview":"max-image-preview:large","max-video-preview":"max-video-preview:-1"},"canonical":"https:\/\/www.pharmacy4pets.nl\/kong-classic-m","og_locale":"nl_NL","og_type":"article","og_title":"Kong Classic | Rood | Maat M (7-16 kg) - 8 cm - Pharmacy4pets","og_description":"Het Kong Classic hondenspeeltje is al meer dan veertig jaar de favoriet van honden over de hele wereld. De unieke en volledig natuurlijke rode rubberformule voldoet aan de instinctieve behoeften van honden en is ultra-duurzaam met een levendige veerkracht die ideaal is voor honden die graag kauwen, terwijl ze ook voldoen aan de speelbehoefte van [&hellip;]","og_url":"https:\/\/www.pharmacy4pets.nl\/kong-classic-m","og_site_name":"Pharmacy4pets","article_publisher":"https:\/\/www.facebook.com\/people\/Pharmacy4petsnl\/100063484989896\/","article_modified_time":"2026-04-14T08:05:43+00:00","og_image":[{"width":1000,"height":1000,"url":"https:\/\/www.pharmacy4pets.nl\/wp-content\/uploads\/2024\/02\/kong_classic_6.jpg","type":"image\/jpeg"}],"twitter_card":"summary_large_image","schema":{"@context":"https:\/\/schema.org","@graph":[{"@type":"WebPage","@id":"https:\/\/www.pharmacy4pets.nl\/kong-classic-m","url":"https:\/\/www.pharmacy4pets.nl\/kong-classic-m","name":"Kong Classic | Rood | Maat M (7-16 kg) - 8 cm - Pharmacy4pets","isPartOf":{"@id":"http:\/\/www.pharmacy4pets.nl\/#website"},"primaryImageOfPage":{"@id":"https:\/\/www.pharmacy4pets.nl\/kong-classic-m#primaryimage"},"image":{"@id":"https:\/\/www.pharmacy4pets.nl\/kong-classic-m#primaryimage"},"thumbnailUrl":"https:\/\/www.pharmacy4pets.nl\/wp-content\/uploads\/2024\/02\/kong_classic_6.jpg","datePublished":"2024-02-27T17:20:49+00:00","dateModified":"2026-04-14T08:05:43+00:00","breadcrumb":{"@id":"https:\/\/www.pharmacy4pets.nl\/kong-classic-m#breadcrumb"},"inLanguage":"nl-NL","potentialAction":[{"@type":"ReadAction","target":["https:\/\/www.pharmacy4pets.nl\/kong-classic-m"]}]},{"@type":"ImageObject","inLanguage":"nl-NL","@id":"https:\/\/www.pharmacy4pets.nl\/kong-classic-m#primaryimage","url":"https:\/\/www.pharmacy4pets.nl\/wp-content\/uploads\/2024\/02\/kong_classic_6.jpg","contentUrl":"https:\/\/www.pharmacy4pets.nl\/wp-content\/uploads\/2024\/02\/kong_classic_6.jpg","width":1000,"height":1000,"caption":"Kong Classic"},{"@type":"BreadcrumbList","@id":"https:\/\/www.pharmacy4pets.nl\/kong-classic-m#breadcrumb","itemListElement":[{"@type":"ListItem","position":1,"name":"Home","item":"https:\/\/p4p-nl.bootmine.com\/"},{"@type":"ListItem","position":2,"name":"Winkel","item":"https:\/\/p4p-nl.bootmine.com\/winkel"},{"@type":"ListItem","position":3,"name":"Kong Classic | Rood | Maat M (7-16 kg) &#8211; 8 cm"}]},{"@type":"WebSite","@id":"http:\/\/www.pharmacy4pets.nl\/#website","url":"http:\/\/www.pharmacy4pets.nl\/","name":"Pharmacy4pets","description":"Pharmacy4pets.nl is d\u00e9 online apotheek waar u terecht kunt voor alle diergeneesmiddelen, verzorgingsproducten en dieetvoeding voor uw huisdier.","publisher":{"@id":"http:\/\/www.pharmacy4pets.nl\/#organization"},"potentialAction":[{"@type":"SearchAction","target":{"@type":"EntryPoint","urlTemplate":"http:\/\/www.pharmacy4pets.nl\/?s={search_term_string}"},"query-input":{"@type":"PropertyValueSpecification","valueRequired":true,"valueName":"search_term_string"}}],"inLanguage":"nl-NL"},{"@type":"Organization","@id":"http:\/\/www.pharmacy4pets.nl\/#organization","name":"Pharmacy4pets","url":"http:\/\/www.pharmacy4pets.nl\/","logo":{"@type":"ImageObject","inLanguage":"nl-NL","@id":"http:\/\/www.pharmacy4pets.nl\/#\/schema\/logo\/image\/","url":"https:\/\/p4p-nl.bootmine.com\/wp-content\/uploads\/2026\/03\/logo-pharmacy4pets.png","contentUrl":"https:\/\/p4p-nl.bootmine.com\/wp-content\/uploads\/2026\/03\/logo-pharmacy4pets.png","width":1024,"height":135,"caption":"Pharmacy4pets"},"image":{"@id":"http:\/\/www.pharmacy4pets.nl\/#\/schema\/logo\/image\/"},"sameAs":["https:\/\/www.facebook.com\/people\/Pharmacy4petsnl\/100063484989896\/","https:\/\/www.youtube.com\/channel\/UCGPTIgucgli03tP2_kvLkHg\/featured","https:\/\/www.instagram.com\/pharmacy4pets.nl"]}]}},"market_data":{"nl":{"price":0,"sale_price":0,"active":false,"url":null,"parent_url":"","tax_rate":0,"price_inc_tax":0,"sale_price_inc_tax":0},"de":{"price":0,"sale_price":0,"active":false,"url":null,"parent_url":"","tax_rate":0,"price_inc_tax":0,"sale_price_inc_tax":0},"be":{"price":0,"sale_price":0,"active":false,"url":null,"parent_url":"","tax_rate":0,"price_inc_tax":0,"sale_price_inc_tax":0},"fr":{"price":0,"sale_price":0,"active":false,"url":null,"parent_url":"","tax_rate":0,"price_inc_tax":0,"sale_price_inc_tax":0},"ch":{"price":0,"sale_price":0,"active":false,"url":null,"parent_url":"","tax_rate":0,"price_inc_tax":0,"sale_price_inc_tax":0},"at":{"price":0,"sale_price":0,"active":false,"url":null,"parent_url":"","tax_rate":0,"price_inc_tax":0,"sale_price_inc_tax":0},"es":{"price":0,"sale_price":0,"active":false,"url":null,"parent_url":"","tax_rate":0,"price_inc_tax":0,"sale_price_inc_tax":0},"dk":{"price":0,"sale_price":0,"active":false,"url":null,"parent_url":"","tax_rate":0,"price_inc_tax":0,"sale_price_inc_tax":0},"com":{"price":0,"sale_price":0,"active":false,"url":null,"parent_url":"","tax_rate":0,"price_inc_tax":0,"sale_price_inc_tax":0}},"market_nl_price":0,"market_nl_sale_price":0,"market_nl_active":false,"market_nl_url":null,"market_nl_parent_url":"","market_nl_tax_rate":0,"market_nl_price_inc_tax":0,"market_nl_sale_price_inc_tax":0,"market_de_price":0,"market_de_sale_price":0,"market_de_active":false,"market_de_url":null,"market_de_parent_url":"","market_de_tax_rate":0,"market_de_price_inc_tax":0,"market_de_sale_price_inc_tax":0,"market_be_price":0,"market_be_sale_price":0,"market_be_active":false,"market_be_url":null,"market_be_parent_url":"","market_be_tax_rate":0,"market_be_price_inc_tax":0,"market_be_sale_price_inc_tax":0,"market_fr_price":0,"market_fr_sale_price":0,"market_fr_active":false,"market_fr_url":null,"market_fr_parent_url":"","market_fr_tax_rate":0,"market_fr_price_inc_tax":0,"market_fr_sale_price_inc_tax":0,"market_ch_price":0,"market_ch_sale_price":0,"market_ch_active":false,"market_ch_url":null,"market_ch_parent_url":"","market_ch_tax_rate":0,"market_ch_price_inc_tax":0,"market_ch_sale_price_inc_tax":0,"market_at_price":0,"market_at_sale_price":0,"market_at_active":false,"market_at_url":null,"market_at_parent_url":"","market_at_tax_rate":0,"market_at_price_inc_tax":0,"market_at_sale_price_inc_tax":0,"market_es_price":0,"market_es_sale_price":0,"market_es_active":false,"market_es_url":null,"market_es_parent_url":"","market_es_tax_rate":0,"market_es_price_inc_tax":0,"market_es_sale_price_inc_tax":0,"market_dk_price":0,"market_dk_sale_price":0,"market_dk_active":false,"market_dk_url":null,"market_dk_parent_url":"","market_dk_tax_rate":0,"market_dk_price_inc_tax":0,"market_dk_sale_price_inc_tax":0,"market_com_price":0,"market_com_sale_price":0,"market_com_active":false,"market_com_url":null,"market_com_parent_url":"","market_com_tax_rate":0,"market_com_price_inc_tax":0,"market_com_sale_price_inc_tax":0,"acf":[],"_links":{"self":[{"href":"https:\/\/www.pharmacy4pets.nl\/be\/wp-json\/wp\/v2\/product\/120525","targetHints":{"allow":["GET"]}}],"collection":[{"href":"https:\/\/www.pharmacy4pets.nl\/be\/wp-json\/wp\/v2\/product"}],"about":[{"href":"https:\/\/www.pharmacy4pets.nl\/be\/wp-json\/wp\/v2\/types\/product"}],"replies":[{"embeddable":true,"href":"https:\/\/www.pharmacy4pets.nl\/be\/wp-json\/wp\/v2\/comments?post=120525"}],"wp:featuredmedia":[{"embeddable":true,"href":"https:\/\/www.pharmacy4pets.nl\/be\/wp-json\/wp\/v2\/media\/120523"}],"wp:attachment":[{"href":"https:\/\/www.pharmacy4pets.nl\/be\/wp-json\/wp\/v2\/media?parent=120525"}],"wp:term":[{"taxonomy":"product_brand","embeddable":true,"href":"https:\/\/www.pharmacy4pets.nl\/be\/wp-json\/wp\/v2\/product_brand?post=120525"},{"taxonomy":"product_cat","embeddable":true,"href":"https:\/\/www.pharmacy4pets.nl\/be\/wp-json\/wp\/v2\/product_cat?post=120525"},{"taxonomy":"product_tag","embeddable":true,"href":"https:\/\/www.pharmacy4pets.nl\/be\/wp-json\/wp\/v2\/product_tag?post=120525"}],"curies":[{"name":"wp","href":"https:\/\/api.w.org\/{rel}","templated":true}]}}