{"id":120490,"date":"2024-02-20T16:04:47","date_gmt":"2024-02-20T16:04:47","guid":{"rendered":"https:\/\/p4p.test\/optixcare-eye-lube"},"modified":"2026-03-25T12:06:16","modified_gmt":"2026-03-25T12:06:16","slug":"optixcare-eye-lube","status":"publish","type":"product","link":"https:\/\/www.pharmacy4pets.nl\/be\/optixcare-eye-lube","title":{"rendered":"Optixcare Eye Lube"},"content":{"rendered":"<h1>Optixcare Eye Lube (Plus)<\/h1>\n<p>De Optixcare Eye Lube is een ooggel op waterbasis die ondersteuning biedt bij droge ogen van uw hond, kat of paard. Het kalmeert, reinigt en beschermt de ogen en zorgt voor het beter doorlaten van zuurstof in het oog.<\/p>\n<p>De Optixcare Eye Lube Plus kan daarnaast ook worden ingezet ter ondersteuning van droge ogen bij KCS (Kerato Conjunctivitis Sicca).<\/p>\n<p>Dosering:<br \/>2 tot 3x per dag 1 tot 2 druppels in beide ogen.<\/p>\n<p>Bij tekenen van irritatie, stop het gebruik en neem contact op met uw dierenarts.<\/p>\n","protected":false},"excerpt":{"rendered":"<p>Optixcare Eye Lube (Plus) De Optixcare Eye Lube is een ooggel op waterbasis die ondersteuning biedt bij droge ogen van uw hond, kat of paard. Het kalmeert, reinigt en beschermt de ogen en zorgt voor het beter doorlaten van zuurstof in het oog. De Optixcare Eye Lube Plus kan daarnaast ook worden ingezet ter ondersteuning [&hellip;]<\/p>\n","protected":false},"featured_media":120487,"comment_status":"open","ping_status":"closed","template":"","meta":{"_acf_changed":false,"_nl_post_content":"<h1>Optixcare Eye Lube (Plus)<\/h1>\r\n<p>De Optixcare Eye Lube is een ooggel op waterbasis die ondersteuning biedt bij droge ogen van uw hond, kat of paard. Het kalmeert, reinigt en beschermt de ogen en zorgt voor het beter doorlaten van zuurstof in het oog.<\/p>\r\n<p>De Optixcare Eye Lube Plus kan daarnaast ook worden ingezet ter ondersteuning van droge ogen bij KCS (Kerato Conjunctivitis Sicca).<\/p>\r\n<p>Dosering:<br \/>2 tot 3x per dag 1 tot 2 druppels in beide ogen.<\/p>\r\n<p>Bij tekenen van irritatie, stop het gebruik en neem contact op met uw dierenarts.<\/p>","_nl_post_name":"optixcare-eye-lube","_nl_post_excerpt":"","_nl_post_title":"Optixcare Eye Lube","_en_post_content":"<h1>Optixcare Eye Lube (Plus)<\/h1>\r\n<p>The Optixcare Eye Lube Plus is a water-based eye gel that provides support for dry eyes of your dog, cat or horse. It soothes, cleanses and protects the eyes and improves the passage of oxygen into the eye.<\/p>\r\n<p>In addition, Optixcare Eye Lube Plus can also be used to support dry eyes in KCS (Kerato Conjunctivitis Sicca).<\/p>\r\n<p>Dosage:<br \/>2 to 3 times daily 1 to 2 drops in both eyes.<\/p>\r\n<p>At signs of irritation, discontinue use and contact your veterinarian.<\/p>","_en_post_name":"optixcare-eye-lube","_en_post_excerpt":"","_en_post_title":"Optixcare Eye Lube","_de_post_content":"<h1>Optixcare Eye Lube (Plus)<\/h1>\r\n<p>Optixcare Eye Lube ist ein Augengel auf Wasserbasis, das trockene Augen von Hund, Katze oder Pferd unterst\u00fctzt. Es beruhigt, reinigt und sch\u00fctzt die Augen und verbessert die Sauerstoffdurchl\u00e4ssigkeit des Auges.<\/p>\r\n<p>Dar\u00fcber hinaus kann Optixcare Eye Lube Plus auch zur Unterst\u00fctzung trockener Augen bei KCS (Kerato Conjunctivitis Sicca) verwendet werden.<\/p>\r\n<p>Dosierung:<br \/>2 bis 3 Mal t\u00e4glich 1 bis 2 Tropfen in beide Augen.<\/p>\r\n<p>Bei Anzeichen einer Reizung die Anwendung abbrechen und den Tierarzt kontaktieren.<\/p>","_de_post_name":"optixcare-eye-lube","_de_post_excerpt":"","_de_post_title":"Optixcare Eye Lube","_fr_post_content":"<h1>Optixcare Eye Lube (Plus)<\/h1>\r\n<p>Optixcare Eye Lube Plus est un gel oculaire \u00e0 base d'eau qui apporte un soutien aux yeux secs de votre chien, chat ou cheval. Il apaise, nettoie et prot\u00e8ge les yeux et am\u00e9liore le passage de l'oxyg\u00e8ne dans l'\u0153il.<\/p>\r\n<p>Optixcare Eye Lube Plus peut \u00e9galement \u00eatre utilis\u00e9 pour lutter contre la s\u00e9cheresse oculaire en cas de KCS (Kerato Conjunctivitis Sicca).<\/p>\r\n<p>Dosage :<br \/>2 \u00e0 3 fois par jour, 1 \u00e0 2 gouttes dans les deux yeux.<\/p>\r\n<p>En cas de signes d'irritation, arr\u00eatez l'utilisation et contactez votre v\u00e9t\u00e9rinaire.<\/p>","_fr_post_name":"optixcare-eye-lube","_fr_post_excerpt":"","_fr_post_title":"Optixcare Eye Lube","_es_post_content":"<h1>Optixcare Eye Lube (Plus)<\/h1>\r\n<p>Optixcare Eye Lube Plus es un gel oft\u00e1lmico a base de agua que proporciona ayuda para los ojos secos de su perro, gato o caballo. Calma, limpia y protege los ojos y mejora el paso de ox\u00edgeno al ojo.<\/p>\r\n<p>Adem\u00e1s, Optixcare Lubricante Ocular Plus tambi\u00e9n puede utilizarse para el tratamiento de la sequedad ocular en la Querato Conjuntivitis Sicca (KCS).<\/p>\r\n<p>Posolog\u00eda:<br \/>2 \u00f3 3 veces al d\u00eda 1 \u00f3 2 gotas en ambos ojos.<\/p>\r\n<p>En caso de irritaci\u00f3n, interrumpa su uso y p\u00f3ngase en contacto con su veterinario.<\/p>","_es_post_name":"optixcare-eye-lube","_es_post_excerpt":"","_es_post_title":"Optixcare Eye Lube","edit_language":"nl"},"product_brand":[],"product_cat":[1117,1118,1871,1839,1857,1881,1850,2226],"product_tag":[],"class_list":{"0":"post-120490","1":"product","2":"type-product","3":"status-publish","4":"has-post-thumbnail","6":"product_cat-honden","7":"product_cat-katten","8":"product_cat-medicijnen-supplementen","10":"product_cat-merken","11":"product_cat-ogen","13":"product_cat-optixcare","14":"pa_aandoening-ogen_oren","15":"pa_doeldier-hond","16":"pa_doeldier-kat","17":"pa_fabricatieland-nederland","18":"pa_merkfilter-optixcare","19":"pa_merkgroep-optixcare","20":"pa_productsoort-overig","21":"pa_toedieningswijze-gel","22":"pa_werkzamestof-overig","24":"first","25":"instock","26":"taxable","27":"shipping-taxable","28":"product-type-grouped"},"yoast_head":"<!-- This site is optimized with the Yoast SEO plugin v27.5 - https:\/\/yoast.com\/product\/yoast-seo-wordpress\/ -->\n<title>Optixcare Eye Lube<\/title>\n<meta name=\"description\" content=\"Optixcare Eye Lube\" \/>\n<meta name=\"robots\" content=\"index, follow, max-snippet:-1, max-image-preview:large, max-video-preview:-1\" \/>\n<link rel=\"canonical\" href=\"https:\/\/www.pharmacy4pets.nl\/optixcare-eye-lube\" \/>\n<meta property=\"og:locale\" content=\"nl_NL\" \/>\n<meta property=\"og:type\" content=\"article\" \/>\n<meta property=\"og:title\" content=\"Optixcare Eye Lube\" \/>\n<meta property=\"og:description\" content=\"Optixcare Eye Lube\" \/>\n<meta property=\"og:url\" content=\"https:\/\/www.pharmacy4pets.nl\/optixcare-eye-lube\" \/>\n<meta property=\"og:site_name\" content=\"Pharmacy4pets\" \/>\n<meta property=\"article:publisher\" content=\"https:\/\/www.facebook.com\/people\/Pharmacy4petsnl\/100063484989896\/\" \/>\n<meta property=\"article:modified_time\" content=\"2026-03-25T12:06:16+00:00\" \/>\n<meta property=\"og:image\" content=\"https:\/\/www.pharmacy4pets.nl\/wp-content\/uploads\/2024\/02\/optixcare-eye-lube.jpg\" \/>\n\t<meta property=\"og:image:width\" content=\"1000\" \/>\n\t<meta property=\"og:image:height\" content=\"1000\" \/>\n\t<meta property=\"og:image:type\" content=\"image\/jpeg\" \/>\n<meta name=\"twitter:card\" content=\"summary_large_image\" \/>\n<script type=\"application\/ld+json\" class=\"yoast-schema-graph\">{\"@context\":\"https:\\\/\\\/schema.org\",\"@graph\":[{\"@type\":\"WebPage\",\"@id\":\"https:\\\/\\\/www.pharmacy4pets.nl\\\/optixcare-eye-lube\",\"url\":\"https:\\\/\\\/www.pharmacy4pets.nl\\\/optixcare-eye-lube\",\"name\":\"Optixcare Eye Lube\",\"isPartOf\":{\"@id\":\"http:\\\/\\\/www.pharmacy4pets.nl\\\/#website\"},\"primaryImageOfPage\":{\"@id\":\"https:\\\/\\\/www.pharmacy4pets.nl\\\/optixcare-eye-lube#primaryimage\"},\"image\":{\"@id\":\"https:\\\/\\\/www.pharmacy4pets.nl\\\/optixcare-eye-lube#primaryimage\"},\"thumbnailUrl\":\"https:\\\/\\\/www.pharmacy4pets.nl\\\/wp-content\\\/uploads\\\/2024\\\/02\\\/optixcare-eye-lube.jpg\",\"datePublished\":\"2024-02-20T16:04:47+00:00\",\"dateModified\":\"2026-03-25T12:06:16+00:00\",\"description\":\"Optixcare Eye Lube\",\"breadcrumb\":{\"@id\":\"https:\\\/\\\/www.pharmacy4pets.nl\\\/optixcare-eye-lube#breadcrumb\"},\"inLanguage\":\"nl-NL\",\"potentialAction\":[{\"@type\":\"ReadAction\",\"target\":[\"https:\\\/\\\/www.pharmacy4pets.nl\\\/optixcare-eye-lube\"]}]},{\"@type\":\"ImageObject\",\"inLanguage\":\"nl-NL\",\"@id\":\"https:\\\/\\\/www.pharmacy4pets.nl\\\/optixcare-eye-lube#primaryimage\",\"url\":\"https:\\\/\\\/www.pharmacy4pets.nl\\\/wp-content\\\/uploads\\\/2024\\\/02\\\/optixcare-eye-lube.jpg\",\"contentUrl\":\"https:\\\/\\\/www.pharmacy4pets.nl\\\/wp-content\\\/uploads\\\/2024\\\/02\\\/optixcare-eye-lube.jpg\",\"width\":1000,\"height\":1000,\"caption\":\"Optixcare Eye Lube\"},{\"@type\":\"BreadcrumbList\",\"@id\":\"https:\\\/\\\/www.pharmacy4pets.nl\\\/optixcare-eye-lube#breadcrumb\",\"itemListElement\":[{\"@type\":\"ListItem\",\"position\":1,\"name\":\"Home\",\"item\":\"https:\\\/\\\/p4p-nl.bootmine.com\\\/\"},{\"@type\":\"ListItem\",\"position\":2,\"name\":\"Winkel\",\"item\":\"https:\\\/\\\/p4p-nl.bootmine.com\\\/winkel\"},{\"@type\":\"ListItem\",\"position\":3,\"name\":\"Optixcare Eye Lube\"}]},{\"@type\":\"WebSite\",\"@id\":\"http:\\\/\\\/www.pharmacy4pets.nl\\\/#website\",\"url\":\"http:\\\/\\\/www.pharmacy4pets.nl\\\/\",\"name\":\"Pharmacy4pets\",\"description\":\"Pharmacy4pets.nl is d\u00e9 online apotheek waar u terecht kunt voor alle diergeneesmiddelen, verzorgingsproducten en dieetvoeding voor uw huisdier.\",\"publisher\":{\"@id\":\"http:\\\/\\\/www.pharmacy4pets.nl\\\/#organization\"},\"potentialAction\":[{\"@type\":\"SearchAction\",\"target\":{\"@type\":\"EntryPoint\",\"urlTemplate\":\"http:\\\/\\\/www.pharmacy4pets.nl\\\/?s={search_term_string}\"},\"query-input\":{\"@type\":\"PropertyValueSpecification\",\"valueRequired\":true,\"valueName\":\"search_term_string\"}}],\"inLanguage\":\"nl-NL\"},{\"@type\":\"Organization\",\"@id\":\"http:\\\/\\\/www.pharmacy4pets.nl\\\/#organization\",\"name\":\"Pharmacy4pets\",\"url\":\"http:\\\/\\\/www.pharmacy4pets.nl\\\/\",\"logo\":{\"@type\":\"ImageObject\",\"inLanguage\":\"nl-NL\",\"@id\":\"http:\\\/\\\/www.pharmacy4pets.nl\\\/#\\\/schema\\\/logo\\\/image\\\/\",\"url\":\"https:\\\/\\\/p4p-nl.bootmine.com\\\/wp-content\\\/uploads\\\/2026\\\/03\\\/logo-pharmacy4pets.png\",\"contentUrl\":\"https:\\\/\\\/p4p-nl.bootmine.com\\\/wp-content\\\/uploads\\\/2026\\\/03\\\/logo-pharmacy4pets.png\",\"width\":1024,\"height\":135,\"caption\":\"Pharmacy4pets\"},\"image\":{\"@id\":\"http:\\\/\\\/www.pharmacy4pets.nl\\\/#\\\/schema\\\/logo\\\/image\\\/\"},\"sameAs\":[\"https:\\\/\\\/www.facebook.com\\\/people\\\/Pharmacy4petsnl\\\/100063484989896\\\/\",\"https:\\\/\\\/www.youtube.com\\\/channel\\\/UCGPTIgucgli03tP2_kvLkHg\\\/featured\",\"https:\\\/\\\/www.instagram.com\\\/pharmacy4pets.nl\"]}]}<\/script>\n<!-- \/ Yoast SEO plugin. -->","yoast_head_json":{"title":"Optixcare Eye Lube","description":"Optixcare Eye Lube","robots":{"index":"index","follow":"follow","max-snippet":"max-snippet:-1","max-image-preview":"max-image-preview:large","max-video-preview":"max-video-preview:-1"},"canonical":"https:\/\/www.pharmacy4pets.nl\/optixcare-eye-lube","og_locale":"nl_NL","og_type":"article","og_title":"Optixcare Eye Lube","og_description":"Optixcare Eye Lube","og_url":"https:\/\/www.pharmacy4pets.nl\/optixcare-eye-lube","og_site_name":"Pharmacy4pets","article_publisher":"https:\/\/www.facebook.com\/people\/Pharmacy4petsnl\/100063484989896\/","article_modified_time":"2026-03-25T12:06:16+00:00","og_image":[{"width":1000,"height":1000,"url":"https:\/\/www.pharmacy4pets.nl\/wp-content\/uploads\/2024\/02\/optixcare-eye-lube.jpg","type":"image\/jpeg"}],"twitter_card":"summary_large_image","schema":{"@context":"https:\/\/schema.org","@graph":[{"@type":"WebPage","@id":"https:\/\/www.pharmacy4pets.nl\/optixcare-eye-lube","url":"https:\/\/www.pharmacy4pets.nl\/optixcare-eye-lube","name":"Optixcare Eye Lube","isPartOf":{"@id":"http:\/\/www.pharmacy4pets.nl\/#website"},"primaryImageOfPage":{"@id":"https:\/\/www.pharmacy4pets.nl\/optixcare-eye-lube#primaryimage"},"image":{"@id":"https:\/\/www.pharmacy4pets.nl\/optixcare-eye-lube#primaryimage"},"thumbnailUrl":"https:\/\/www.pharmacy4pets.nl\/wp-content\/uploads\/2024\/02\/optixcare-eye-lube.jpg","datePublished":"2024-02-20T16:04:47+00:00","dateModified":"2026-03-25T12:06:16+00:00","description":"Optixcare Eye Lube","breadcrumb":{"@id":"https:\/\/www.pharmacy4pets.nl\/optixcare-eye-lube#breadcrumb"},"inLanguage":"nl-NL","potentialAction":[{"@type":"ReadAction","target":["https:\/\/www.pharmacy4pets.nl\/optixcare-eye-lube"]}]},{"@type":"ImageObject","inLanguage":"nl-NL","@id":"https:\/\/www.pharmacy4pets.nl\/optixcare-eye-lube#primaryimage","url":"https:\/\/www.pharmacy4pets.nl\/wp-content\/uploads\/2024\/02\/optixcare-eye-lube.jpg","contentUrl":"https:\/\/www.pharmacy4pets.nl\/wp-content\/uploads\/2024\/02\/optixcare-eye-lube.jpg","width":1000,"height":1000,"caption":"Optixcare Eye Lube"},{"@type":"BreadcrumbList","@id":"https:\/\/www.pharmacy4pets.nl\/optixcare-eye-lube#breadcrumb","itemListElement":[{"@type":"ListItem","position":1,"name":"Home","item":"https:\/\/p4p-nl.bootmine.com\/"},{"@type":"ListItem","position":2,"name":"Winkel","item":"https:\/\/p4p-nl.bootmine.com\/winkel"},{"@type":"ListItem","position":3,"name":"Optixcare Eye Lube"}]},{"@type":"WebSite","@id":"http:\/\/www.pharmacy4pets.nl\/#website","url":"http:\/\/www.pharmacy4pets.nl\/","name":"Pharmacy4pets","description":"Pharmacy4pets.nl is d\u00e9 online apotheek waar u terecht kunt voor alle diergeneesmiddelen, verzorgingsproducten en dieetvoeding voor uw huisdier.","publisher":{"@id":"http:\/\/www.pharmacy4pets.nl\/#organization"},"potentialAction":[{"@type":"SearchAction","target":{"@type":"EntryPoint","urlTemplate":"http:\/\/www.pharmacy4pets.nl\/?s={search_term_string}"},"query-input":{"@type":"PropertyValueSpecification","valueRequired":true,"valueName":"search_term_string"}}],"inLanguage":"nl-NL"},{"@type":"Organization","@id":"http:\/\/www.pharmacy4pets.nl\/#organization","name":"Pharmacy4pets","url":"http:\/\/www.pharmacy4pets.nl\/","logo":{"@type":"ImageObject","inLanguage":"nl-NL","@id":"http:\/\/www.pharmacy4pets.nl\/#\/schema\/logo\/image\/","url":"https:\/\/p4p-nl.bootmine.com\/wp-content\/uploads\/2026\/03\/logo-pharmacy4pets.png","contentUrl":"https:\/\/p4p-nl.bootmine.com\/wp-content\/uploads\/2026\/03\/logo-pharmacy4pets.png","width":1024,"height":135,"caption":"Pharmacy4pets"},"image":{"@id":"http:\/\/www.pharmacy4pets.nl\/#\/schema\/logo\/image\/"},"sameAs":["https:\/\/www.facebook.com\/people\/Pharmacy4petsnl\/100063484989896\/","https:\/\/www.youtube.com\/channel\/UCGPTIgucgli03tP2_kvLkHg\/featured","https:\/\/www.instagram.com\/pharmacy4pets.nl"]}]}},"market_data":{"nl":{"price":0,"sale_price":0,"active":false,"url":null,"parent_url":"","tax_rate":0,"price_inc_tax":0,"sale_price_inc_tax":0},"de":{"price":0,"sale_price":0,"active":false,"url":null,"parent_url":"","tax_rate":0,"price_inc_tax":0,"sale_price_inc_tax":0},"be":{"price":0,"sale_price":0,"active":false,"url":null,"parent_url":"","tax_rate":0,"price_inc_tax":0,"sale_price_inc_tax":0},"fr":{"price":0,"sale_price":0,"active":false,"url":null,"parent_url":"","tax_rate":0,"price_inc_tax":0,"sale_price_inc_tax":0},"ch":{"price":0,"sale_price":0,"active":false,"url":null,"parent_url":"","tax_rate":0,"price_inc_tax":0,"sale_price_inc_tax":0},"at":{"price":0,"sale_price":0,"active":false,"url":null,"parent_url":"","tax_rate":0,"price_inc_tax":0,"sale_price_inc_tax":0},"es":{"price":0,"sale_price":0,"active":false,"url":null,"parent_url":"","tax_rate":0,"price_inc_tax":0,"sale_price_inc_tax":0},"dk":{"price":0,"sale_price":0,"active":false,"url":null,"parent_url":"","tax_rate":0,"price_inc_tax":0,"sale_price_inc_tax":0},"com":{"price":0,"sale_price":0,"active":false,"url":null,"parent_url":"","tax_rate":0,"price_inc_tax":0,"sale_price_inc_tax":0}},"market_nl_price":0,"market_nl_sale_price":0,"market_nl_active":false,"market_nl_url":null,"market_nl_parent_url":"","market_nl_tax_rate":0,"market_nl_price_inc_tax":0,"market_nl_sale_price_inc_tax":0,"market_de_price":0,"market_de_sale_price":0,"market_de_active":false,"market_de_url":null,"market_de_parent_url":"","market_de_tax_rate":0,"market_de_price_inc_tax":0,"market_de_sale_price_inc_tax":0,"market_be_price":0,"market_be_sale_price":0,"market_be_active":false,"market_be_url":null,"market_be_parent_url":"","market_be_tax_rate":0,"market_be_price_inc_tax":0,"market_be_sale_price_inc_tax":0,"market_fr_price":0,"market_fr_sale_price":0,"market_fr_active":false,"market_fr_url":null,"market_fr_parent_url":"","market_fr_tax_rate":0,"market_fr_price_inc_tax":0,"market_fr_sale_price_inc_tax":0,"market_ch_price":0,"market_ch_sale_price":0,"market_ch_active":false,"market_ch_url":null,"market_ch_parent_url":"","market_ch_tax_rate":0,"market_ch_price_inc_tax":0,"market_ch_sale_price_inc_tax":0,"market_at_price":0,"market_at_sale_price":0,"market_at_active":false,"market_at_url":null,"market_at_parent_url":"","market_at_tax_rate":0,"market_at_price_inc_tax":0,"market_at_sale_price_inc_tax":0,"market_es_price":0,"market_es_sale_price":0,"market_es_active":false,"market_es_url":null,"market_es_parent_url":"","market_es_tax_rate":0,"market_es_price_inc_tax":0,"market_es_sale_price_inc_tax":0,"market_dk_price":0,"market_dk_sale_price":0,"market_dk_active":false,"market_dk_url":null,"market_dk_parent_url":"","market_dk_tax_rate":0,"market_dk_price_inc_tax":0,"market_dk_sale_price_inc_tax":0,"market_com_price":0,"market_com_sale_price":0,"market_com_active":false,"market_com_url":null,"market_com_parent_url":"","market_com_tax_rate":0,"market_com_price_inc_tax":0,"market_com_sale_price_inc_tax":0,"acf":[],"_links":{"self":[{"href":"https:\/\/www.pharmacy4pets.nl\/be\/wp-json\/wp\/v2\/product\/120490","targetHints":{"allow":["GET"]}}],"collection":[{"href":"https:\/\/www.pharmacy4pets.nl\/be\/wp-json\/wp\/v2\/product"}],"about":[{"href":"https:\/\/www.pharmacy4pets.nl\/be\/wp-json\/wp\/v2\/types\/product"}],"replies":[{"embeddable":true,"href":"https:\/\/www.pharmacy4pets.nl\/be\/wp-json\/wp\/v2\/comments?post=120490"}],"wp:featuredmedia":[{"embeddable":true,"href":"https:\/\/www.pharmacy4pets.nl\/be\/wp-json\/wp\/v2\/media\/120487"}],"wp:attachment":[{"href":"https:\/\/www.pharmacy4pets.nl\/be\/wp-json\/wp\/v2\/media?parent=120490"}],"wp:term":[{"taxonomy":"product_brand","embeddable":true,"href":"https:\/\/www.pharmacy4pets.nl\/be\/wp-json\/wp\/v2\/product_brand?post=120490"},{"taxonomy":"product_cat","embeddable":true,"href":"https:\/\/www.pharmacy4pets.nl\/be\/wp-json\/wp\/v2\/product_cat?post=120490"},{"taxonomy":"product_tag","embeddable":true,"href":"https:\/\/www.pharmacy4pets.nl\/be\/wp-json\/wp\/v2\/product_tag?post=120490"}],"curies":[{"name":"wp","href":"https:\/\/api.w.org\/{rel}","templated":true}]}}