{"id":120482,"date":"2024-02-20T13:29:29","date_gmt":"2024-02-20T13:29:29","guid":{"rendered":"https:\/\/p4p.test\/optixcare-eye-lube-20-gram"},"modified":"2026-04-14T08:05:42","modified_gmt":"2026-04-14T08:05:42","slug":"optixcare-eye-lube-20-gram","status":"publish","type":"product","link":"https:\/\/www.pharmacy4pets.nl\/be\/optixcare-eye-lube-20-gram","title":{"rendered":"Optixcare Eye Lube 20 gram"},"content":{"rendered":"<h1>Optixcare Eye Lube 20 gram<\/h1>\n<p>De Optixcare Eye Lube is een ooggel op waterbasis die ondersteuning biedt bij droge ogen van uw hond, kat of paard. Het kalmeert, reinigt en beschermt de ogen en zorgt voor het beter doorlaten van zuurstof in het oog.<\/p>\n<p>Dosering:<br \/>2 tot 3x per dag 1 tot 2 druppels in beide ogen.<\/p>\n<p>Bij tekenen van irritatie, stop het gebruik en neem contact op met uw dierenarts.<\/p>\n","protected":false},"excerpt":{"rendered":"<p>Optixcare Eye Lube 20 gram De Optixcare Eye Lube is een ooggel op waterbasis die ondersteuning biedt bij droge ogen van uw hond, kat of paard. Het kalmeert, reinigt en beschermt de ogen en zorgt voor het beter doorlaten van zuurstof in het oog. Dosering:2 tot 3x per dag 1 tot 2 druppels in beide [&hellip;]<\/p>\n","protected":false},"featured_media":120481,"comment_status":"open","ping_status":"closed","template":"","meta":{"_acf_changed":false,"_nl_post_content":"<h1>Optixcare Eye Lube 20 gram<\/h1>\r\n<p>De Optixcare Eye Lube is een ooggel op waterbasis die ondersteuning biedt bij droge ogen van uw hond, kat of paard. Het kalmeert, reinigt en beschermt de ogen en zorgt voor het beter doorlaten van zuurstof in het oog.<\/p>\r\n<p>Dosering:<br \/>2 tot 3x per dag 1 tot 2 druppels in beide ogen.<\/p>\r\n<p>Bij tekenen van irritatie, stop het gebruik en neem contact op met uw dierenarts.<\/p>","_nl_post_name":"optixcare-eye-lube-20-gram","_nl_post_excerpt":"","_nl_post_title":"Optixcare Eye Lube 20 gram","_en_post_content":"<h1>Optixcare Eye Lube 20 grams<\/h1>\n<p>The Optixcare Eye Lube is a water-based eye gel that provides support for dry eyes of your dog, cat or horse. It soothes, cleanses and protects the eyes and improves the passage of oxygen into the eye.<\/p>\n<p>Dosage:<br \/>2 to 3 times daily 1 to 2 drops in both eyes.<\/p>\n<p>At signs of irritation, discontinue use and contact your veterinarian.<\/p>","_en_post_name":"optixcare-eye-lube-20-grams","_en_post_excerpt":"","_en_post_title":"Optixcare Eye Lube 20 grams","_de_post_content":"<h1>Optixcare Eye Lube 20 Gramm<\/h1>\n<p>Optixcare Eye Lube ist ein Augengel auf Wasserbasis, das trockene Augen von Hund, Katze oder Pferd unterst\u00fctzt. Es beruhigt, reinigt und sch\u00fctzt die Augen und verbessert die Sauerstoffdurchl\u00e4ssigkeit des Auges.<\/p>\n<p>Dosierung:<br \/>2 bis 3 Mal t\u00e4glich 1 bis 2 Tropfen in beide Augen.<\/p>\n<p>Bei Anzeichen einer Reizung die Anwendung einstellen und den Tierarzt kontaktieren.<\/p>","_de_post_name":"optixcare-eye-lube-20-gramm","_de_post_excerpt":"","_de_post_title":"Optixcare Eye Lube 20 Gramm","_fr_post_content":"<h1>Optixcare Eye Lube 20 grammes<\/h1>\n<p>Optixcare Eye Lube est un gel oculaire \u00e0 base d'eau qui apporte un soutien aux yeux secs de votre chien, chat ou cheval. Il apaise, nettoie et prot\u00e8ge les yeux et am\u00e9liore le passage de l'oxyg\u00e8ne dans l'\u0153il.<\/p>\n<p>Dosage :<br \/>2 \u00e0 3 fois par jour, 1 \u00e0 2 gouttes dans les deux yeux.<\/p>\n<p>En cas de signes d'irritation, arr\u00eatez l'utilisation et contactez votre v\u00e9t\u00e9rinaire.<\/p>","_fr_post_name":"optixcare-eye-lube-20-grammes","_fr_post_excerpt":"","_fr_post_title":"Optixcare Eye Lube 20 grammes","_es_post_content":"<h1>Optixcare Eye Lube 20 gramos<\/h1>\n<p>Optixcare Eye Lube es un gel ocular a base de agua que proporciona ayuda para los ojos secos de su perro, gato o caballo. Calma, limpia y protege los ojos y mejora el paso de ox\u00edgeno al ojo.<\/p>\n<p>Posolog\u00eda:<br \/>2 a 3 veces al d\u00eda 1 a 2 gotas en ambos ojos.<\/p>\n<p>En caso de irritaci\u00f3n, interrumpa su uso y p\u00f3ngase en contacto con su veterinario.<\/p>","_es_post_name":"optixcare-eye-lube-20-gramos","_es_post_excerpt":"","_es_post_title":"Optixcare Eye Lube 20 gramos","edit_language":"nl"},"product_brand":[],"product_cat":[1117,1118,1871,1839,1857,1881,1850,2226],"product_tag":[],"class_list":{"0":"post-120482","1":"product","2":"type-product","3":"status-publish","4":"has-post-thumbnail","6":"product_cat-honden","7":"product_cat-katten","8":"product_cat-medicijnen-supplementen","10":"product_cat-merken","11":"product_cat-ogen","13":"product_cat-optixcare","14":"pa_aandoening-ogen_oren","15":"pa_doeldier-hond","16":"pa_doeldier-kat","17":"pa_fabricatieland-nederland","18":"pa_merkfilter-optixcare","19":"pa_merkgroep-optixcare","20":"pa_productsoort-overig","21":"pa_toedieningswijze-gel","22":"pa_unit_pricing_base_measure-10g","23":"pa_unit_pricing_measure-20g","24":"pa_werkzamestof-overig","26":"first","27":"instock","28":"taxable","29":"shipping-taxable","30":"purchasable","31":"product-type-simple"},"yoast_head":"<!-- This site is optimized with the Yoast SEO plugin v27.5 - https:\/\/yoast.com\/product\/yoast-seo-wordpress\/ -->\n<title>Optixcare Eye Lube 20 gram<\/title>\n<meta name=\"description\" content=\"Optixcare Eye Lube 20 gram De Optixcare Eye Lube is een ooggel op waterbasis die ondersteuning biedt bij droge ogen van uw hond, kat of paard. Het kalmeert, reinigt en beschermt de ogen en zorgt voor het beter doorlaten van zuurstof in het oog. Dosering:\" \/>\n<meta name=\"robots\" content=\"index, follow, max-snippet:-1, max-image-preview:large, max-video-preview:-1\" \/>\n<link rel=\"canonical\" href=\"https:\/\/p4p-nl.bootmine.com\/%product-slug%\/optixcare-eye-lube-20-gram\" \/>\n<meta property=\"og:locale\" content=\"nl_NL\" \/>\n<meta property=\"og:type\" content=\"article\" \/>\n<meta property=\"og:title\" content=\"Optixcare Eye Lube 20 gram\" \/>\n<meta property=\"og:description\" content=\"Optixcare Eye Lube 20 gram De Optixcare Eye Lube is een ooggel op waterbasis die ondersteuning biedt bij droge ogen van uw hond, kat of paard. Het kalmeert, reinigt en beschermt de ogen en zorgt voor het beter doorlaten van zuurstof in het oog. Dosering:\" \/>\n<meta property=\"og:url\" content=\"https:\/\/p4p-nl.bootmine.com\/%product-slug%\/optixcare-eye-lube-20-gram\" \/>\n<meta property=\"og:site_name\" content=\"Pharmacy4pets\" \/>\n<meta property=\"article:publisher\" content=\"https:\/\/www.facebook.com\/people\/Pharmacy4petsnl\/100063484989896\/\" \/>\n<meta property=\"article:modified_time\" content=\"2026-04-14T08:05:42+00:00\" \/>\n<meta property=\"og:image\" content=\"https:\/\/p4p-nl.bootmine.com\/wp-content\/uploads\/2024\/02\/optixcare-eye-lube-20.jpg\" \/>\n\t<meta property=\"og:image:width\" content=\"1000\" \/>\n\t<meta property=\"og:image:height\" content=\"1000\" \/>\n\t<meta property=\"og:image:type\" content=\"image\/jpeg\" \/>\n<meta name=\"twitter:card\" content=\"summary_large_image\" \/>\n<script type=\"application\/ld+json\" class=\"yoast-schema-graph\">{\"@context\":\"https:\\\/\\\/schema.org\",\"@graph\":[{\"@type\":\"WebPage\",\"@id\":\"https:\\\/\\\/p4p-nl.bootmine.com\\\/%product-slug%\\\/optixcare-eye-lube-20-gram\",\"url\":\"https:\\\/\\\/p4p-nl.bootmine.com\\\/%product-slug%\\\/optixcare-eye-lube-20-gram\",\"name\":\"Optixcare Eye Lube 20 gram\",\"isPartOf\":{\"@id\":\"http:\\\/\\\/www.pharmacy4pets.nl\\\/#website\"},\"primaryImageOfPage\":{\"@id\":\"https:\\\/\\\/p4p-nl.bootmine.com\\\/%product-slug%\\\/optixcare-eye-lube-20-gram#primaryimage\"},\"image\":{\"@id\":\"https:\\\/\\\/p4p-nl.bootmine.com\\\/%product-slug%\\\/optixcare-eye-lube-20-gram#primaryimage\"},\"thumbnailUrl\":\"https:\\\/\\\/www.pharmacy4pets.nl\\\/wp-content\\\/uploads\\\/2024\\\/02\\\/optixcare-eye-lube-20.jpg\",\"datePublished\":\"2024-02-20T13:29:29+00:00\",\"dateModified\":\"2026-04-14T08:05:42+00:00\",\"description\":\"Optixcare Eye Lube 20 gram De Optixcare Eye Lube is een ooggel op waterbasis die ondersteuning biedt bij droge ogen van uw hond, kat of paard. Het kalmeert, reinigt en beschermt de ogen en zorgt voor het beter doorlaten van zuurstof in het oog. Dosering:\",\"breadcrumb\":{\"@id\":\"https:\\\/\\\/p4p-nl.bootmine.com\\\/%product-slug%\\\/optixcare-eye-lube-20-gram#breadcrumb\"},\"inLanguage\":\"nl-NL\",\"potentialAction\":[{\"@type\":\"ReadAction\",\"target\":[\"https:\\\/\\\/p4p-nl.bootmine.com\\\/%product-slug%\\\/optixcare-eye-lube-20-gram\"]}]},{\"@type\":\"ImageObject\",\"inLanguage\":\"nl-NL\",\"@id\":\"https:\\\/\\\/p4p-nl.bootmine.com\\\/%product-slug%\\\/optixcare-eye-lube-20-gram#primaryimage\",\"url\":\"https:\\\/\\\/www.pharmacy4pets.nl\\\/wp-content\\\/uploads\\\/2024\\\/02\\\/optixcare-eye-lube-20.jpg\",\"contentUrl\":\"https:\\\/\\\/www.pharmacy4pets.nl\\\/wp-content\\\/uploads\\\/2024\\\/02\\\/optixcare-eye-lube-20.jpg\",\"width\":1000,\"height\":1000,\"caption\":\"Optixcare Eye Lube\"},{\"@type\":\"BreadcrumbList\",\"@id\":\"https:\\\/\\\/p4p-nl.bootmine.com\\\/%product-slug%\\\/optixcare-eye-lube-20-gram#breadcrumb\",\"itemListElement\":[{\"@type\":\"ListItem\",\"position\":1,\"name\":\"Home\",\"item\":\"https:\\\/\\\/p4p-nl.bootmine.com\\\/\"},{\"@type\":\"ListItem\",\"position\":2,\"name\":\"Winkel\",\"item\":\"https:\\\/\\\/p4p-nl.bootmine.com\\\/winkel\"},{\"@type\":\"ListItem\",\"position\":3,\"name\":\"Optixcare Eye Lube 20 gram\"}]},{\"@type\":\"WebSite\",\"@id\":\"http:\\\/\\\/www.pharmacy4pets.nl\\\/#website\",\"url\":\"http:\\\/\\\/www.pharmacy4pets.nl\\\/\",\"name\":\"Pharmacy4pets\",\"description\":\"Pharmacy4pets.nl is d\u00e9 online apotheek waar u terecht kunt voor alle diergeneesmiddelen, verzorgingsproducten en dieetvoeding voor uw huisdier.\",\"publisher\":{\"@id\":\"http:\\\/\\\/www.pharmacy4pets.nl\\\/#organization\"},\"potentialAction\":[{\"@type\":\"SearchAction\",\"target\":{\"@type\":\"EntryPoint\",\"urlTemplate\":\"http:\\\/\\\/www.pharmacy4pets.nl\\\/?s={search_term_string}\"},\"query-input\":{\"@type\":\"PropertyValueSpecification\",\"valueRequired\":true,\"valueName\":\"search_term_string\"}}],\"inLanguage\":\"nl-NL\"},{\"@type\":\"Organization\",\"@id\":\"http:\\\/\\\/www.pharmacy4pets.nl\\\/#organization\",\"name\":\"Pharmacy4pets\",\"url\":\"http:\\\/\\\/www.pharmacy4pets.nl\\\/\",\"logo\":{\"@type\":\"ImageObject\",\"inLanguage\":\"nl-NL\",\"@id\":\"http:\\\/\\\/www.pharmacy4pets.nl\\\/#\\\/schema\\\/logo\\\/image\\\/\",\"url\":\"https:\\\/\\\/p4p-nl.bootmine.com\\\/wp-content\\\/uploads\\\/2026\\\/03\\\/logo-pharmacy4pets.png\",\"contentUrl\":\"https:\\\/\\\/p4p-nl.bootmine.com\\\/wp-content\\\/uploads\\\/2026\\\/03\\\/logo-pharmacy4pets.png\",\"width\":1024,\"height\":135,\"caption\":\"Pharmacy4pets\"},\"image\":{\"@id\":\"http:\\\/\\\/www.pharmacy4pets.nl\\\/#\\\/schema\\\/logo\\\/image\\\/\"},\"sameAs\":[\"https:\\\/\\\/www.facebook.com\\\/people\\\/Pharmacy4petsnl\\\/100063484989896\\\/\",\"https:\\\/\\\/www.youtube.com\\\/channel\\\/UCGPTIgucgli03tP2_kvLkHg\\\/featured\",\"https:\\\/\\\/www.instagram.com\\\/pharmacy4pets.nl\"]}]}<\/script>\n<!-- \/ Yoast SEO plugin. -->","yoast_head_json":{"title":"Optixcare Eye Lube 20 gram","description":"Optixcare Eye Lube 20 gram De Optixcare Eye Lube is een ooggel op waterbasis die ondersteuning biedt bij droge ogen van uw hond, kat of paard. Het kalmeert, reinigt en beschermt de ogen en zorgt voor het beter doorlaten van zuurstof in het oog. Dosering:","robots":{"index":"index","follow":"follow","max-snippet":"max-snippet:-1","max-image-preview":"max-image-preview:large","max-video-preview":"max-video-preview:-1"},"canonical":"https:\/\/p4p-nl.bootmine.com\/%product-slug%\/optixcare-eye-lube-20-gram","og_locale":"nl_NL","og_type":"article","og_title":"Optixcare Eye Lube 20 gram","og_description":"Optixcare Eye Lube 20 gram De Optixcare Eye Lube is een ooggel op waterbasis die ondersteuning biedt bij droge ogen van uw hond, kat of paard. Het kalmeert, reinigt en beschermt de ogen en zorgt voor het beter doorlaten van zuurstof in het oog. Dosering:","og_url":"https:\/\/p4p-nl.bootmine.com\/%product-slug%\/optixcare-eye-lube-20-gram","og_site_name":"Pharmacy4pets","article_publisher":"https:\/\/www.facebook.com\/people\/Pharmacy4petsnl\/100063484989896\/","article_modified_time":"2026-04-14T08:05:42+00:00","og_image":[{"width":1000,"height":1000,"url":"https:\/\/p4p-nl.bootmine.com\/wp-content\/uploads\/2024\/02\/optixcare-eye-lube-20.jpg","type":"image\/jpeg"}],"twitter_card":"summary_large_image","schema":{"@context":"https:\/\/schema.org","@graph":[{"@type":"WebPage","@id":"https:\/\/p4p-nl.bootmine.com\/%product-slug%\/optixcare-eye-lube-20-gram","url":"https:\/\/p4p-nl.bootmine.com\/%product-slug%\/optixcare-eye-lube-20-gram","name":"Optixcare Eye Lube 20 gram","isPartOf":{"@id":"http:\/\/www.pharmacy4pets.nl\/#website"},"primaryImageOfPage":{"@id":"https:\/\/p4p-nl.bootmine.com\/%product-slug%\/optixcare-eye-lube-20-gram#primaryimage"},"image":{"@id":"https:\/\/p4p-nl.bootmine.com\/%product-slug%\/optixcare-eye-lube-20-gram#primaryimage"},"thumbnailUrl":"https:\/\/www.pharmacy4pets.nl\/wp-content\/uploads\/2024\/02\/optixcare-eye-lube-20.jpg","datePublished":"2024-02-20T13:29:29+00:00","dateModified":"2026-04-14T08:05:42+00:00","description":"Optixcare Eye Lube 20 gram De Optixcare Eye Lube is een ooggel op waterbasis die ondersteuning biedt bij droge ogen van uw hond, kat of paard. Het kalmeert, reinigt en beschermt de ogen en zorgt voor het beter doorlaten van zuurstof in het oog. Dosering:","breadcrumb":{"@id":"https:\/\/p4p-nl.bootmine.com\/%product-slug%\/optixcare-eye-lube-20-gram#breadcrumb"},"inLanguage":"nl-NL","potentialAction":[{"@type":"ReadAction","target":["https:\/\/p4p-nl.bootmine.com\/%product-slug%\/optixcare-eye-lube-20-gram"]}]},{"@type":"ImageObject","inLanguage":"nl-NL","@id":"https:\/\/p4p-nl.bootmine.com\/%product-slug%\/optixcare-eye-lube-20-gram#primaryimage","url":"https:\/\/www.pharmacy4pets.nl\/wp-content\/uploads\/2024\/02\/optixcare-eye-lube-20.jpg","contentUrl":"https:\/\/www.pharmacy4pets.nl\/wp-content\/uploads\/2024\/02\/optixcare-eye-lube-20.jpg","width":1000,"height":1000,"caption":"Optixcare Eye Lube"},{"@type":"BreadcrumbList","@id":"https:\/\/p4p-nl.bootmine.com\/%product-slug%\/optixcare-eye-lube-20-gram#breadcrumb","itemListElement":[{"@type":"ListItem","position":1,"name":"Home","item":"https:\/\/p4p-nl.bootmine.com\/"},{"@type":"ListItem","position":2,"name":"Winkel","item":"https:\/\/p4p-nl.bootmine.com\/winkel"},{"@type":"ListItem","position":3,"name":"Optixcare Eye Lube 20 gram"}]},{"@type":"WebSite","@id":"http:\/\/www.pharmacy4pets.nl\/#website","url":"http:\/\/www.pharmacy4pets.nl\/","name":"Pharmacy4pets","description":"Pharmacy4pets.nl is d\u00e9 online apotheek waar u terecht kunt voor alle diergeneesmiddelen, verzorgingsproducten en dieetvoeding voor uw huisdier.","publisher":{"@id":"http:\/\/www.pharmacy4pets.nl\/#organization"},"potentialAction":[{"@type":"SearchAction","target":{"@type":"EntryPoint","urlTemplate":"http:\/\/www.pharmacy4pets.nl\/?s={search_term_string}"},"query-input":{"@type":"PropertyValueSpecification","valueRequired":true,"valueName":"search_term_string"}}],"inLanguage":"nl-NL"},{"@type":"Organization","@id":"http:\/\/www.pharmacy4pets.nl\/#organization","name":"Pharmacy4pets","url":"http:\/\/www.pharmacy4pets.nl\/","logo":{"@type":"ImageObject","inLanguage":"nl-NL","@id":"http:\/\/www.pharmacy4pets.nl\/#\/schema\/logo\/image\/","url":"https:\/\/p4p-nl.bootmine.com\/wp-content\/uploads\/2026\/03\/logo-pharmacy4pets.png","contentUrl":"https:\/\/p4p-nl.bootmine.com\/wp-content\/uploads\/2026\/03\/logo-pharmacy4pets.png","width":1024,"height":135,"caption":"Pharmacy4pets"},"image":{"@id":"http:\/\/www.pharmacy4pets.nl\/#\/schema\/logo\/image\/"},"sameAs":["https:\/\/www.facebook.com\/people\/Pharmacy4petsnl\/100063484989896\/","https:\/\/www.youtube.com\/channel\/UCGPTIgucgli03tP2_kvLkHg\/featured","https:\/\/www.instagram.com\/pharmacy4pets.nl"]}]}},"market_data":{"nl":{"price":0,"sale_price":0,"active":false,"url":null,"parent_url":"","tax_rate":0,"price_inc_tax":0,"sale_price_inc_tax":0},"de":{"price":0,"sale_price":0,"active":false,"url":null,"parent_url":"","tax_rate":0,"price_inc_tax":0,"sale_price_inc_tax":0},"be":{"price":0,"sale_price":0,"active":false,"url":null,"parent_url":"","tax_rate":0,"price_inc_tax":0,"sale_price_inc_tax":0},"fr":{"price":0,"sale_price":0,"active":false,"url":null,"parent_url":"","tax_rate":0,"price_inc_tax":0,"sale_price_inc_tax":0},"ch":{"price":0,"sale_price":0,"active":false,"url":null,"parent_url":"","tax_rate":0,"price_inc_tax":0,"sale_price_inc_tax":0},"at":{"price":0,"sale_price":0,"active":false,"url":null,"parent_url":"","tax_rate":0,"price_inc_tax":0,"sale_price_inc_tax":0},"es":{"price":0,"sale_price":0,"active":false,"url":null,"parent_url":"","tax_rate":0,"price_inc_tax":0,"sale_price_inc_tax":0},"dk":{"price":0,"sale_price":0,"active":false,"url":null,"parent_url":"","tax_rate":0,"price_inc_tax":0,"sale_price_inc_tax":0},"com":{"price":0,"sale_price":0,"active":false,"url":null,"parent_url":"","tax_rate":0,"price_inc_tax":0,"sale_price_inc_tax":0}},"market_nl_price":0,"market_nl_sale_price":0,"market_nl_active":false,"market_nl_url":null,"market_nl_parent_url":"","market_nl_tax_rate":0,"market_nl_price_inc_tax":0,"market_nl_sale_price_inc_tax":0,"market_de_price":0,"market_de_sale_price":0,"market_de_active":false,"market_de_url":null,"market_de_parent_url":"","market_de_tax_rate":0,"market_de_price_inc_tax":0,"market_de_sale_price_inc_tax":0,"market_be_price":0,"market_be_sale_price":0,"market_be_active":false,"market_be_url":null,"market_be_parent_url":"","market_be_tax_rate":0,"market_be_price_inc_tax":0,"market_be_sale_price_inc_tax":0,"market_fr_price":0,"market_fr_sale_price":0,"market_fr_active":false,"market_fr_url":null,"market_fr_parent_url":"","market_fr_tax_rate":0,"market_fr_price_inc_tax":0,"market_fr_sale_price_inc_tax":0,"market_ch_price":0,"market_ch_sale_price":0,"market_ch_active":false,"market_ch_url":null,"market_ch_parent_url":"","market_ch_tax_rate":0,"market_ch_price_inc_tax":0,"market_ch_sale_price_inc_tax":0,"market_at_price":0,"market_at_sale_price":0,"market_at_active":false,"market_at_url":null,"market_at_parent_url":"","market_at_tax_rate":0,"market_at_price_inc_tax":0,"market_at_sale_price_inc_tax":0,"market_es_price":0,"market_es_sale_price":0,"market_es_active":false,"market_es_url":null,"market_es_parent_url":"","market_es_tax_rate":0,"market_es_price_inc_tax":0,"market_es_sale_price_inc_tax":0,"market_dk_price":0,"market_dk_sale_price":0,"market_dk_active":false,"market_dk_url":null,"market_dk_parent_url":"","market_dk_tax_rate":0,"market_dk_price_inc_tax":0,"market_dk_sale_price_inc_tax":0,"market_com_price":0,"market_com_sale_price":0,"market_com_active":false,"market_com_url":null,"market_com_parent_url":"","market_com_tax_rate":0,"market_com_price_inc_tax":0,"market_com_sale_price_inc_tax":0,"acf":[],"_links":{"self":[{"href":"https:\/\/www.pharmacy4pets.nl\/be\/wp-json\/wp\/v2\/product\/120482","targetHints":{"allow":["GET"]}}],"collection":[{"href":"https:\/\/www.pharmacy4pets.nl\/be\/wp-json\/wp\/v2\/product"}],"about":[{"href":"https:\/\/www.pharmacy4pets.nl\/be\/wp-json\/wp\/v2\/types\/product"}],"replies":[{"embeddable":true,"href":"https:\/\/www.pharmacy4pets.nl\/be\/wp-json\/wp\/v2\/comments?post=120482"}],"wp:featuredmedia":[{"embeddable":true,"href":"https:\/\/www.pharmacy4pets.nl\/be\/wp-json\/wp\/v2\/media\/120481"}],"wp:attachment":[{"href":"https:\/\/www.pharmacy4pets.nl\/be\/wp-json\/wp\/v2\/media?parent=120482"}],"wp:term":[{"taxonomy":"product_brand","embeddable":true,"href":"https:\/\/www.pharmacy4pets.nl\/be\/wp-json\/wp\/v2\/product_brand?post=120482"},{"taxonomy":"product_cat","embeddable":true,"href":"https:\/\/www.pharmacy4pets.nl\/be\/wp-json\/wp\/v2\/product_cat?post=120482"},{"taxonomy":"product_tag","embeddable":true,"href":"https:\/\/www.pharmacy4pets.nl\/be\/wp-json\/wp\/v2\/product_tag?post=120482"}],"curies":[{"name":"wp","href":"https:\/\/api.w.org\/{rel}","templated":true}]}}