{"id":120480,"date":"2024-02-15T16:16:33","date_gmt":"2024-02-15T16:16:33","guid":{"rendered":"https:\/\/p4p.test\/optixcare-eye-cleaning-wipes"},"modified":"2026-04-14T08:05:41","modified_gmt":"2026-04-14T08:05:41","slug":"optixcare-eye-cleaning-wipes","status":"publish","type":"product","link":"https:\/\/www.pharmacy4pets.nl\/be\/optixcare-eye-cleaning-wipes","title":{"rendered":"Optixcare Eye Cleaning Wipes | 50 stuks"},"content":{"rendered":"<h1>Optixcare Eye Cleaning Wipes<\/h1>\n<p>Optixcare Eye Cleaning Wipes zijn vochtige doekjes met een mild reinigingsmiddel waarmee u gemakkelijk de omgeving rond de ogen van uw huisdier kunt reinigen. De doekjes zijn zacht en ideaal om traanstrepen en vuil te verwijderen. Ook zijn de doekjes pH-neutraal en bevatten ze geen boorzuur, peroxide of bleekmiddel.<\/p>\n","protected":false},"excerpt":{"rendered":"<p>Optixcare Eye Cleaning Wipes Optixcare Eye Cleaning Wipes zijn vochtige doekjes met een mild reinigingsmiddel waarmee u gemakkelijk de omgeving rond de ogen van uw huisdier kunt reinigen. De doekjes zijn zacht en ideaal om traanstrepen en vuil te verwijderen. Ook zijn de doekjes pH-neutraal en bevatten ze geen boorzuur, peroxide of bleekmiddel.<\/p>\n","protected":false},"featured_media":120479,"comment_status":"open","ping_status":"closed","template":"","meta":{"_acf_changed":false,"_nl_post_content":"<h1>Optixcare Eye Cleaning Wipes<\/h1>\r\n<p>Optixcare Eye Cleaning Wipes zijn vochtige doekjes met een mild reinigingsmiddel waarmee u gemakkelijk de omgeving rond de ogen van uw huisdier kunt reinigen. De doekjes zijn zacht en ideaal om traanstrepen en vuil te verwijderen. Ook zijn de doekjes pH-neutraal en bevatten ze geen boorzuur, peroxide of bleekmiddel.<\/p>","_nl_post_name":"optixcare-eye-cleaning-wipes","_nl_post_excerpt":"","_nl_post_title":"Optixcare Eye Cleaning Wipes | 50 stuks","_en_post_content":"<h1>Optixcare Eye Cleaning Wipes<\/h1>\r\n<p>Optixcare Eye Cleaning Wipes are moist wipes with a mild detergent that allow you to easily clean the area around your pet's eyes. The wipes are gentle and ideal for removing tear streaks and dirt. Also, the wipes are pH neutral and do not contain boric acid, peroxide or bleach.<\/p>","_en_post_name":"optixcare-eye-cleaning-wipes","_en_post_excerpt":"","_en_post_title":"Optixcare Eye Cleaning Wipes | 50 pieces","_de_post_content":"<h1>Optixcare Eye Cleaning Wipes<\/h1>\r\n<p>Optixcare Eye Cleaning Wipes sind feuchte T\u00fccher mit einem milden Reinigungsmittel, mit denen Sie die Augenpartie Ihres Haustieres leicht reinigen k\u00f6nnen. Die T\u00fccher sind sanft und ideal zum Entfernen von Tr\u00e4nenstreifen und Schmutz. Au\u00dferdem sind die T\u00fccher pH-neutral und enthalten weder Bors\u00e4ure noch Peroxid oder Bleichmittel.<\/p>","_de_post_name":"optixcare-eye-cleaning-wipes","_de_post_excerpt":"","_de_post_title":"Optixcare Eye Cleaning Wipes | 50 St\u00fcck","_fr_post_content":"<h1>Optixcare Eye Cleaning Wipes<\/h1>\r\n<p>Optixcare Eye Cleaning Wipes sont des lingettes humides contenant un d\u00e9tergent doux qui vous permettent de nettoyer facilement le contour des yeux de votre animal. Ces lingettes sont douces et id\u00e9ales pour \u00e9liminer les traces de larmes et la salet\u00e9. Elles ont un pH neutre et ne contiennent pas d'acide borique, de peroxyde ou d'eau de Javel.<\/p>","_fr_post_name":"optixcare-eye-cleaning-wipes","_fr_post_excerpt":"","_fr_post_title":"Optixcare Eye Cleaning Wipes | 50 pi\u00e8ces","_es_post_content":"<h1>Optixcare Eye Cleaning Wipes<\/h1>\r\n<p>Optixcare Eye Cleaning Wipes son toallitas h\u00famedas con un detergente suave que permiten limpiar f\u00e1cilmente la zona alrededor de los ojos de su mascota. Las toallitas son suaves e ideales para eliminar los restos de l\u00e1grimas y la suciedad. Adem\u00e1s, las toallitas tienen un pH neutro y no contienen \u00e1cido b\u00f3rico, per\u00f3xido ni lej\u00eda.<\/p>","_es_post_name":"optixcare-eye-cleaning-wipes","_es_post_excerpt":"","_es_post_title":"Optixcare Eye Cleaning Wipes | 50 piezas","edit_language":"nl"},"product_brand":[],"product_cat":[1891,1861,1117,1118,1871,1839,1857,1881,1850,2226,1863,1893],"product_tag":[],"class_list":{"0":"post-120480","1":"product","2":"type-product","3":"status-publish","4":"has-post-thumbnail","6":"product_cat-benodigdheden","8":"product_cat-honden","9":"product_cat-katten","10":"product_cat-medicijnen-supplementen","12":"product_cat-merken","13":"product_cat-ogen","15":"product_cat-optixcare","16":"product_cat-verzorging","18":"pa_aandoening-ogen_oren","19":"pa_doeldier-hond","20":"pa_doeldier-kat","21":"pa_fabricatieland-nederland","22":"pa_merkfilter-optixcare","23":"pa_merkgroep-optixcare","24":"pa_productsoort-overig","25":"pa_toedieningswijze-doekjes","26":"pa_unit_pricing_base_measure-1ct","27":"pa_unit_pricing_measure-50ct","28":"pa_werkzamestof-overig","30":"first","31":"instock","32":"taxable","33":"shipping-taxable","34":"purchasable","35":"product-type-simple"},"yoast_head":"<!-- This site is optimized with the Yoast SEO plugin v27.5 - https:\/\/yoast.com\/product\/yoast-seo-wordpress\/ -->\n<title>Optixcare Eye Cleaning Wipes<\/title>\n<meta name=\"robots\" content=\"index, follow, max-snippet:-1, max-image-preview:large, max-video-preview:-1\" \/>\n<link rel=\"canonical\" href=\"https:\/\/p4p-nl.bootmine.com\/%product-slug%\/optixcare-eye-cleaning-wipes\" \/>\n<meta property=\"og:locale\" content=\"nl_NL\" \/>\n<meta property=\"og:type\" content=\"article\" \/>\n<meta property=\"og:title\" content=\"Optixcare Eye Cleaning Wipes\" \/>\n<meta property=\"og:description\" content=\"Optixcare Eye Cleaning Wipes Optixcare Eye Cleaning Wipes zijn vochtige doekjes met een mild reinigingsmiddel waarmee u gemakkelijk de omgeving rond de ogen van uw huisdier kunt reinigen. De doekjes zijn zacht en ideaal om traanstrepen en vuil te verwijderen. Ook zijn de doekjes pH-neutraal en bevatten ze geen boorzuur, peroxide of bleekmiddel.\" \/>\n<meta property=\"og:url\" content=\"https:\/\/p4p-nl.bootmine.com\/%product-slug%\/optixcare-eye-cleaning-wipes\" \/>\n<meta property=\"og:site_name\" content=\"Pharmacy4pets\" \/>\n<meta property=\"article:publisher\" content=\"https:\/\/www.facebook.com\/people\/Pharmacy4petsnl\/100063484989896\/\" \/>\n<meta property=\"article:modified_time\" content=\"2026-04-14T08:05:41+00:00\" \/>\n<meta property=\"og:image\" content=\"https:\/\/p4p-nl.bootmine.com\/wp-content\/uploads\/2024\/02\/optixcare_eye_cleaning_wipes_2.jpg\" \/>\n\t<meta property=\"og:image:width\" content=\"450\" \/>\n\t<meta property=\"og:image:height\" content=\"450\" \/>\n\t<meta property=\"og:image:type\" content=\"image\/jpeg\" \/>\n<meta name=\"twitter:card\" content=\"summary_large_image\" \/>\n<script type=\"application\/ld+json\" class=\"yoast-schema-graph\">{\"@context\":\"https:\\\/\\\/schema.org\",\"@graph\":[{\"@type\":\"WebPage\",\"@id\":\"https:\\\/\\\/p4p-nl.bootmine.com\\\/%product-slug%\\\/optixcare-eye-cleaning-wipes\",\"url\":\"https:\\\/\\\/p4p-nl.bootmine.com\\\/%product-slug%\\\/optixcare-eye-cleaning-wipes\",\"name\":\"Optixcare Eye Cleaning Wipes\",\"isPartOf\":{\"@id\":\"http:\\\/\\\/www.pharmacy4pets.nl\\\/#website\"},\"primaryImageOfPage\":{\"@id\":\"https:\\\/\\\/p4p-nl.bootmine.com\\\/%product-slug%\\\/optixcare-eye-cleaning-wipes#primaryimage\"},\"image\":{\"@id\":\"https:\\\/\\\/p4p-nl.bootmine.com\\\/%product-slug%\\\/optixcare-eye-cleaning-wipes#primaryimage\"},\"thumbnailUrl\":\"https:\\\/\\\/www.pharmacy4pets.nl\\\/wp-content\\\/uploads\\\/2024\\\/02\\\/optixcare_eye_cleaning_wipes_2.jpg\",\"datePublished\":\"2024-02-15T16:16:33+00:00\",\"dateModified\":\"2026-04-14T08:05:41+00:00\",\"breadcrumb\":{\"@id\":\"https:\\\/\\\/p4p-nl.bootmine.com\\\/%product-slug%\\\/optixcare-eye-cleaning-wipes#breadcrumb\"},\"inLanguage\":\"nl-NL\",\"potentialAction\":[{\"@type\":\"ReadAction\",\"target\":[\"https:\\\/\\\/p4p-nl.bootmine.com\\\/%product-slug%\\\/optixcare-eye-cleaning-wipes\"]}]},{\"@type\":\"ImageObject\",\"inLanguage\":\"nl-NL\",\"@id\":\"https:\\\/\\\/p4p-nl.bootmine.com\\\/%product-slug%\\\/optixcare-eye-cleaning-wipes#primaryimage\",\"url\":\"https:\\\/\\\/www.pharmacy4pets.nl\\\/wp-content\\\/uploads\\\/2024\\\/02\\\/optixcare_eye_cleaning_wipes_2.jpg\",\"contentUrl\":\"https:\\\/\\\/www.pharmacy4pets.nl\\\/wp-content\\\/uploads\\\/2024\\\/02\\\/optixcare_eye_cleaning_wipes_2.jpg\",\"width\":450,\"height\":450,\"caption\":\"Optixcare Eye Cleaning Wipes\"},{\"@type\":\"BreadcrumbList\",\"@id\":\"https:\\\/\\\/p4p-nl.bootmine.com\\\/%product-slug%\\\/optixcare-eye-cleaning-wipes#breadcrumb\",\"itemListElement\":[{\"@type\":\"ListItem\",\"position\":1,\"name\":\"Home\",\"item\":\"https:\\\/\\\/p4p-nl.bootmine.com\\\/\"},{\"@type\":\"ListItem\",\"position\":2,\"name\":\"Winkel\",\"item\":\"https:\\\/\\\/p4p-nl.bootmine.com\\\/winkel\"},{\"@type\":\"ListItem\",\"position\":3,\"name\":\"Optixcare Eye Cleaning Wipes | 50 stuks\"}]},{\"@type\":\"WebSite\",\"@id\":\"http:\\\/\\\/www.pharmacy4pets.nl\\\/#website\",\"url\":\"http:\\\/\\\/www.pharmacy4pets.nl\\\/\",\"name\":\"Pharmacy4pets\",\"description\":\"Pharmacy4pets.nl is d\u00e9 online apotheek waar u terecht kunt voor alle diergeneesmiddelen, verzorgingsproducten en dieetvoeding voor uw huisdier.\",\"publisher\":{\"@id\":\"http:\\\/\\\/www.pharmacy4pets.nl\\\/#organization\"},\"potentialAction\":[{\"@type\":\"SearchAction\",\"target\":{\"@type\":\"EntryPoint\",\"urlTemplate\":\"http:\\\/\\\/www.pharmacy4pets.nl\\\/?s={search_term_string}\"},\"query-input\":{\"@type\":\"PropertyValueSpecification\",\"valueRequired\":true,\"valueName\":\"search_term_string\"}}],\"inLanguage\":\"nl-NL\"},{\"@type\":\"Organization\",\"@id\":\"http:\\\/\\\/www.pharmacy4pets.nl\\\/#organization\",\"name\":\"Pharmacy4pets\",\"url\":\"http:\\\/\\\/www.pharmacy4pets.nl\\\/\",\"logo\":{\"@type\":\"ImageObject\",\"inLanguage\":\"nl-NL\",\"@id\":\"http:\\\/\\\/www.pharmacy4pets.nl\\\/#\\\/schema\\\/logo\\\/image\\\/\",\"url\":\"https:\\\/\\\/p4p-nl.bootmine.com\\\/wp-content\\\/uploads\\\/2026\\\/03\\\/logo-pharmacy4pets.png\",\"contentUrl\":\"https:\\\/\\\/p4p-nl.bootmine.com\\\/wp-content\\\/uploads\\\/2026\\\/03\\\/logo-pharmacy4pets.png\",\"width\":1024,\"height\":135,\"caption\":\"Pharmacy4pets\"},\"image\":{\"@id\":\"http:\\\/\\\/www.pharmacy4pets.nl\\\/#\\\/schema\\\/logo\\\/image\\\/\"},\"sameAs\":[\"https:\\\/\\\/www.facebook.com\\\/people\\\/Pharmacy4petsnl\\\/100063484989896\\\/\",\"https:\\\/\\\/www.youtube.com\\\/channel\\\/UCGPTIgucgli03tP2_kvLkHg\\\/featured\",\"https:\\\/\\\/www.instagram.com\\\/pharmacy4pets.nl\"]}]}<\/script>\n<!-- \/ Yoast SEO plugin. -->","yoast_head_json":{"title":"Optixcare Eye Cleaning Wipes","robots":{"index":"index","follow":"follow","max-snippet":"max-snippet:-1","max-image-preview":"max-image-preview:large","max-video-preview":"max-video-preview:-1"},"canonical":"https:\/\/p4p-nl.bootmine.com\/%product-slug%\/optixcare-eye-cleaning-wipes","og_locale":"nl_NL","og_type":"article","og_title":"Optixcare Eye Cleaning Wipes","og_description":"Optixcare Eye Cleaning Wipes Optixcare Eye Cleaning Wipes zijn vochtige doekjes met een mild reinigingsmiddel waarmee u gemakkelijk de omgeving rond de ogen van uw huisdier kunt reinigen. De doekjes zijn zacht en ideaal om traanstrepen en vuil te verwijderen. Ook zijn de doekjes pH-neutraal en bevatten ze geen boorzuur, peroxide of bleekmiddel.","og_url":"https:\/\/p4p-nl.bootmine.com\/%product-slug%\/optixcare-eye-cleaning-wipes","og_site_name":"Pharmacy4pets","article_publisher":"https:\/\/www.facebook.com\/people\/Pharmacy4petsnl\/100063484989896\/","article_modified_time":"2026-04-14T08:05:41+00:00","og_image":[{"width":450,"height":450,"url":"https:\/\/p4p-nl.bootmine.com\/wp-content\/uploads\/2024\/02\/optixcare_eye_cleaning_wipes_2.jpg","type":"image\/jpeg"}],"twitter_card":"summary_large_image","schema":{"@context":"https:\/\/schema.org","@graph":[{"@type":"WebPage","@id":"https:\/\/p4p-nl.bootmine.com\/%product-slug%\/optixcare-eye-cleaning-wipes","url":"https:\/\/p4p-nl.bootmine.com\/%product-slug%\/optixcare-eye-cleaning-wipes","name":"Optixcare Eye Cleaning Wipes","isPartOf":{"@id":"http:\/\/www.pharmacy4pets.nl\/#website"},"primaryImageOfPage":{"@id":"https:\/\/p4p-nl.bootmine.com\/%product-slug%\/optixcare-eye-cleaning-wipes#primaryimage"},"image":{"@id":"https:\/\/p4p-nl.bootmine.com\/%product-slug%\/optixcare-eye-cleaning-wipes#primaryimage"},"thumbnailUrl":"https:\/\/www.pharmacy4pets.nl\/wp-content\/uploads\/2024\/02\/optixcare_eye_cleaning_wipes_2.jpg","datePublished":"2024-02-15T16:16:33+00:00","dateModified":"2026-04-14T08:05:41+00:00","breadcrumb":{"@id":"https:\/\/p4p-nl.bootmine.com\/%product-slug%\/optixcare-eye-cleaning-wipes#breadcrumb"},"inLanguage":"nl-NL","potentialAction":[{"@type":"ReadAction","target":["https:\/\/p4p-nl.bootmine.com\/%product-slug%\/optixcare-eye-cleaning-wipes"]}]},{"@type":"ImageObject","inLanguage":"nl-NL","@id":"https:\/\/p4p-nl.bootmine.com\/%product-slug%\/optixcare-eye-cleaning-wipes#primaryimage","url":"https:\/\/www.pharmacy4pets.nl\/wp-content\/uploads\/2024\/02\/optixcare_eye_cleaning_wipes_2.jpg","contentUrl":"https:\/\/www.pharmacy4pets.nl\/wp-content\/uploads\/2024\/02\/optixcare_eye_cleaning_wipes_2.jpg","width":450,"height":450,"caption":"Optixcare Eye Cleaning Wipes"},{"@type":"BreadcrumbList","@id":"https:\/\/p4p-nl.bootmine.com\/%product-slug%\/optixcare-eye-cleaning-wipes#breadcrumb","itemListElement":[{"@type":"ListItem","position":1,"name":"Home","item":"https:\/\/p4p-nl.bootmine.com\/"},{"@type":"ListItem","position":2,"name":"Winkel","item":"https:\/\/p4p-nl.bootmine.com\/winkel"},{"@type":"ListItem","position":3,"name":"Optixcare Eye Cleaning Wipes | 50 stuks"}]},{"@type":"WebSite","@id":"http:\/\/www.pharmacy4pets.nl\/#website","url":"http:\/\/www.pharmacy4pets.nl\/","name":"Pharmacy4pets","description":"Pharmacy4pets.nl is d\u00e9 online apotheek waar u terecht kunt voor alle diergeneesmiddelen, verzorgingsproducten en dieetvoeding voor uw huisdier.","publisher":{"@id":"http:\/\/www.pharmacy4pets.nl\/#organization"},"potentialAction":[{"@type":"SearchAction","target":{"@type":"EntryPoint","urlTemplate":"http:\/\/www.pharmacy4pets.nl\/?s={search_term_string}"},"query-input":{"@type":"PropertyValueSpecification","valueRequired":true,"valueName":"search_term_string"}}],"inLanguage":"nl-NL"},{"@type":"Organization","@id":"http:\/\/www.pharmacy4pets.nl\/#organization","name":"Pharmacy4pets","url":"http:\/\/www.pharmacy4pets.nl\/","logo":{"@type":"ImageObject","inLanguage":"nl-NL","@id":"http:\/\/www.pharmacy4pets.nl\/#\/schema\/logo\/image\/","url":"https:\/\/p4p-nl.bootmine.com\/wp-content\/uploads\/2026\/03\/logo-pharmacy4pets.png","contentUrl":"https:\/\/p4p-nl.bootmine.com\/wp-content\/uploads\/2026\/03\/logo-pharmacy4pets.png","width":1024,"height":135,"caption":"Pharmacy4pets"},"image":{"@id":"http:\/\/www.pharmacy4pets.nl\/#\/schema\/logo\/image\/"},"sameAs":["https:\/\/www.facebook.com\/people\/Pharmacy4petsnl\/100063484989896\/","https:\/\/www.youtube.com\/channel\/UCGPTIgucgli03tP2_kvLkHg\/featured","https:\/\/www.instagram.com\/pharmacy4pets.nl"]}]}},"market_data":{"nl":{"price":0,"sale_price":0,"active":false,"url":null,"parent_url":"","tax_rate":0,"price_inc_tax":0,"sale_price_inc_tax":0},"de":{"price":0,"sale_price":0,"active":false,"url":null,"parent_url":"","tax_rate":0,"price_inc_tax":0,"sale_price_inc_tax":0},"be":{"price":0,"sale_price":0,"active":false,"url":null,"parent_url":"","tax_rate":0,"price_inc_tax":0,"sale_price_inc_tax":0},"fr":{"price":0,"sale_price":0,"active":false,"url":null,"parent_url":"","tax_rate":0,"price_inc_tax":0,"sale_price_inc_tax":0},"ch":{"price":0,"sale_price":0,"active":false,"url":null,"parent_url":"","tax_rate":0,"price_inc_tax":0,"sale_price_inc_tax":0},"at":{"price":0,"sale_price":0,"active":false,"url":null,"parent_url":"","tax_rate":0,"price_inc_tax":0,"sale_price_inc_tax":0},"es":{"price":0,"sale_price":0,"active":false,"url":null,"parent_url":"","tax_rate":0,"price_inc_tax":0,"sale_price_inc_tax":0},"dk":{"price":0,"sale_price":0,"active":false,"url":null,"parent_url":"","tax_rate":0,"price_inc_tax":0,"sale_price_inc_tax":0},"com":{"price":0,"sale_price":0,"active":false,"url":null,"parent_url":"","tax_rate":0,"price_inc_tax":0,"sale_price_inc_tax":0}},"market_nl_price":0,"market_nl_sale_price":0,"market_nl_active":false,"market_nl_url":null,"market_nl_parent_url":"","market_nl_tax_rate":0,"market_nl_price_inc_tax":0,"market_nl_sale_price_inc_tax":0,"market_de_price":0,"market_de_sale_price":0,"market_de_active":false,"market_de_url":null,"market_de_parent_url":"","market_de_tax_rate":0,"market_de_price_inc_tax":0,"market_de_sale_price_inc_tax":0,"market_be_price":0,"market_be_sale_price":0,"market_be_active":false,"market_be_url":null,"market_be_parent_url":"","market_be_tax_rate":0,"market_be_price_inc_tax":0,"market_be_sale_price_inc_tax":0,"market_fr_price":0,"market_fr_sale_price":0,"market_fr_active":false,"market_fr_url":null,"market_fr_parent_url":"","market_fr_tax_rate":0,"market_fr_price_inc_tax":0,"market_fr_sale_price_inc_tax":0,"market_ch_price":0,"market_ch_sale_price":0,"market_ch_active":false,"market_ch_url":null,"market_ch_parent_url":"","market_ch_tax_rate":0,"market_ch_price_inc_tax":0,"market_ch_sale_price_inc_tax":0,"market_at_price":0,"market_at_sale_price":0,"market_at_active":false,"market_at_url":null,"market_at_parent_url":"","market_at_tax_rate":0,"market_at_price_inc_tax":0,"market_at_sale_price_inc_tax":0,"market_es_price":0,"market_es_sale_price":0,"market_es_active":false,"market_es_url":null,"market_es_parent_url":"","market_es_tax_rate":0,"market_es_price_inc_tax":0,"market_es_sale_price_inc_tax":0,"market_dk_price":0,"market_dk_sale_price":0,"market_dk_active":false,"market_dk_url":null,"market_dk_parent_url":"","market_dk_tax_rate":0,"market_dk_price_inc_tax":0,"market_dk_sale_price_inc_tax":0,"market_com_price":0,"market_com_sale_price":0,"market_com_active":false,"market_com_url":null,"market_com_parent_url":"","market_com_tax_rate":0,"market_com_price_inc_tax":0,"market_com_sale_price_inc_tax":0,"acf":[],"_links":{"self":[{"href":"https:\/\/www.pharmacy4pets.nl\/be\/wp-json\/wp\/v2\/product\/120480","targetHints":{"allow":["GET"]}}],"collection":[{"href":"https:\/\/www.pharmacy4pets.nl\/be\/wp-json\/wp\/v2\/product"}],"about":[{"href":"https:\/\/www.pharmacy4pets.nl\/be\/wp-json\/wp\/v2\/types\/product"}],"replies":[{"embeddable":true,"href":"https:\/\/www.pharmacy4pets.nl\/be\/wp-json\/wp\/v2\/comments?post=120480"}],"wp:featuredmedia":[{"embeddable":true,"href":"https:\/\/www.pharmacy4pets.nl\/be\/wp-json\/wp\/v2\/media\/120479"}],"wp:attachment":[{"href":"https:\/\/www.pharmacy4pets.nl\/be\/wp-json\/wp\/v2\/media?parent=120480"}],"wp:term":[{"taxonomy":"product_brand","embeddable":true,"href":"https:\/\/www.pharmacy4pets.nl\/be\/wp-json\/wp\/v2\/product_brand?post=120480"},{"taxonomy":"product_cat","embeddable":true,"href":"https:\/\/www.pharmacy4pets.nl\/be\/wp-json\/wp\/v2\/product_cat?post=120480"},{"taxonomy":"product_tag","embeddable":true,"href":"https:\/\/www.pharmacy4pets.nl\/be\/wp-json\/wp\/v2\/product_tag?post=120480"}],"curies":[{"name":"wp","href":"https:\/\/api.w.org\/{rel}","templated":true}]}}