{"id":120478,"date":"2024-02-15T14:45:51","date_gmt":"2024-02-15T14:45:51","guid":{"rendered":"https:\/\/p4p.test\/anibidiol-nature"},"modified":"2026-03-25T12:06:13","modified_gmt":"2026-03-25T12:06:13","slug":"anibidiol-nature","status":"publish","type":"product","link":"https:\/\/www.pharmacy4pets.nl\/be\/anibidiol-nature","title":{"rendered":"Anibidiol Nature"},"content":{"rendered":"<p>Anibidiol Nature is een voedingssupplement voor honden en katten op basis van hennepbloem. Anibidiol nature capsules bevatten vitamine B6 en werken ter ondersteuning van een evenwichtig gedrag, immuunsysteem, bewegingsstelsel en bevordering van het algemene welzijn van uw hond of kat.<\/p>\n<p>Anibidiol Nature 5 is geschikt voor honden en katten, Anibidiol Nature 25 is geschikt voor honden.<\/p>\n","protected":false},"excerpt":{"rendered":"<p>Anibidiol Nature is een voedingssupplement voor honden en katten op basis van hennepbloem. Anibidiol nature capsules bevatten vitamine B6 en werken ter ondersteuning van een evenwichtig gedrag, immuunsysteem, bewegingsstelsel en bevordering van het algemene welzijn van uw hond of kat. Anibidiol Nature 5 is geschikt voor honden en katten, Anibidiol Nature 25 is geschikt voor [&hellip;]<\/p>\n","protected":false},"featured_media":120476,"comment_status":"open","ping_status":"closed","template":"","meta":{"_acf_changed":false,"_nl_post_content":"<p>Anibidiol Nature is een voedingssupplement voor honden en katten op basis van hennepbloem. Anibidiol nature capsules bevatten vitamine B6 en werken ter ondersteuning van een evenwichtig gedrag, immuunsysteem, bewegingsstelsel en bevordering van het algemene welzijn van uw hond of kat.<\/p>\r\n<p>Anibidiol Nature 5 is geschikt voor honden en katten, Anibidiol Nature 25 is geschikt voor honden.<\/p>","_nl_post_name":"anibidiol-nature","_nl_post_excerpt":"","_nl_post_title":"Anibidiol Nature","_en_post_content":"<p>Anibidiol Nature is a dietary supplement for dogs and cats based on hemp flower. Anibidiol nature capsules contain vitamin B6 and work to support balanced behavior, immune system, exercise system and promote the general well-being of your dog or cat.<\/p>\r\n<p>Anibidiol Nature 5 is suitable for dogs and cats, Anibidiol Nature 25 is suitable for dogs.<\/p>","_en_post_name":"anibidiol-nature","_en_post_excerpt":"","_en_post_title":"Anibidiol Nature","_de_post_content":"<p>Anibidiol Nature ist ein Nahrungserg\u00e4nzungsmittel f\u00fcr Hunde und Katzen auf der Basis von Hanfbl\u00fcten. Anibidiol Nature Kapseln enthalten Vitamin B6 und unterst\u00fctzen ein ausgeglichenes Verhalten, das Immunsystem, den Bewegungsapparat und f\u00f6rdern das allgemeine Wohlbefinden Ihres Hundes oder Ihrer Katze.<\/p>\r\n<p>Anibidiol Nature 5 ist f\u00fcr Hunde und Katzen geeignet, Anibidiol Nature 25 ist f\u00fcr Hunde geeignet.<\/p>","_de_post_name":"anibidiol-nature","_de_post_excerpt":"","_de_post_title":"Anibidiol Nature","_fr_post_content":"<p>Anibidiol Nature est un compl\u00e9ment alimentaire pour chiens et chats \u00e0 base de fleur de chanvre. Les g\u00e9lules Anibidiol nature contiennent de la vitamine B6 et contribuent \u00e0 l'\u00e9quilibre du comportement, du syst\u00e8me immunitaire, de l'appareil locomoteur et au bien-\u00eatre g\u00e9n\u00e9ral de votre chien ou de votre chat.<\/p>\r\n<p>Anibidiol Nature 5 convient aux chiens et aux chats, Anibidiol Nature 25 convient aux chiens.<\/p>","_fr_post_name":"anibidiol-nature","_fr_post_excerpt":"","_fr_post_title":"Anibidiol Nature","_es_post_content":"<p>Anibidiol Nature es un complemento alimenticio para perros y gatos a base de flor de c\u00e1\u00f1amo. Las c\u00e1psulas de Anibidiol nature contienen vitamina B6 y contribuyen a equilibrar el comportamiento, el sistema inmunitario, el aparato locomotor y favorecen el bienestar general de su perro o gato.<\/p>\r\n<p>Anibidiol Nature 5 es adecuado para perros y gatos, Anibidiol Nature 25 es adecuado para perros.<\/p>","_es_post_name":"anibidiol-nature","_es_post_excerpt":"","_es_post_title":"Anibidiol Nature","edit_language":"nl"},"product_brand":[],"product_cat":[2022,1117,1118,1839,1871,1857,1854,1885],"product_tag":[],"class_list":{"0":"post-120478","1":"product","2":"type-product","3":"status-publish","4":"has-post-thumbnail","6":"product_cat-anibidiol-virbac","7":"product_cat-honden","8":"product_cat-katten","9":"product_cat-medicijnen-supplementen","11":"product_cat-merken","12":"product_cat-zenuwstelsel","14":"pa_aandoening-overig","15":"pa_doeldier-hond","16":"pa_doeldier-kat","17":"pa_fabricatieland-frankrijk","18":"pa_merkfilter-anibidiol","19":"pa_merkgroep-virbac","20":"pa_productsoort-voedingssupplement","21":"pa_seo_canonical_store_id-not_found_value","22":"pa_seo_category-not_found_value","23":"pa_seo_meta_robots-not_found_value","24":"pa_toedieningswijze-capsules","25":"pa_werkzamestof-overig","27":"first","28":"instock","29":"taxable","30":"shipping-taxable","31":"product-type-grouped"},"yoast_head":"<!-- This site is optimized with the Yoast SEO plugin v27.5 - https:\/\/yoast.com\/product\/yoast-seo-wordpress\/ -->\n<title>Anibidiol Nature<\/title>\n<meta name=\"robots\" content=\"index, follow, max-snippet:-1, max-image-preview:large, max-video-preview:-1\" \/>\n<link rel=\"canonical\" href=\"https:\/\/p4p-nl.bootmine.com\/%product-slug%\/anibidiol-nature\" \/>\n<meta property=\"og:locale\" content=\"nl_NL\" \/>\n<meta property=\"og:type\" content=\"article\" \/>\n<meta property=\"og:title\" content=\"Anibidiol Nature\" \/>\n<meta property=\"og:description\" content=\"Anibidiol Nature is een voedingssupplement voor honden en katten op basis van hennepbloem. Anibidiol nature capsules bevatten vitamine B6 en werken ter ondersteuning van een evenwichtig gedrag, immuunsysteem, bewegingsstelsel en bevordering van het algemene welzijn van uw hond of kat. Anibidiol Nature 5 is geschikt voor honden en katten, Anibidiol Nature 25 is geschikt voor [&hellip;]\" \/>\n<meta property=\"og:url\" content=\"https:\/\/p4p-nl.bootmine.com\/%product-slug%\/anibidiol-nature\" \/>\n<meta property=\"og:site_name\" content=\"Pharmacy4pets\" \/>\n<meta property=\"article:publisher\" content=\"https:\/\/www.facebook.com\/people\/Pharmacy4petsnl\/100063484989896\/\" \/>\n<meta property=\"article:modified_time\" content=\"2026-03-25T12:06:13+00:00\" \/>\n<meta property=\"og:image\" content=\"https:\/\/p4p-nl.bootmine.com\/wp-content\/uploads\/2024\/02\/anibidiol-nature-5_12_1.jpg\" \/>\n\t<meta property=\"og:image:width\" content=\"363\" \/>\n\t<meta property=\"og:image:height\" content=\"363\" \/>\n\t<meta property=\"og:image:type\" content=\"image\/jpeg\" \/>\n<meta name=\"twitter:card\" content=\"summary_large_image\" \/>\n<script type=\"application\/ld+json\" class=\"yoast-schema-graph\">{\"@context\":\"https:\\\/\\\/schema.org\",\"@graph\":[{\"@type\":\"WebPage\",\"@id\":\"https:\\\/\\\/p4p-nl.bootmine.com\\\/%product-slug%\\\/anibidiol-nature\",\"url\":\"https:\\\/\\\/p4p-nl.bootmine.com\\\/%product-slug%\\\/anibidiol-nature\",\"name\":\"Anibidiol Nature\",\"isPartOf\":{\"@id\":\"http:\\\/\\\/www.pharmacy4pets.nl\\\/#website\"},\"primaryImageOfPage\":{\"@id\":\"https:\\\/\\\/p4p-nl.bootmine.com\\\/%product-slug%\\\/anibidiol-nature#primaryimage\"},\"image\":{\"@id\":\"https:\\\/\\\/p4p-nl.bootmine.com\\\/%product-slug%\\\/anibidiol-nature#primaryimage\"},\"thumbnailUrl\":\"https:\\\/\\\/www.pharmacy4pets.nl\\\/wp-content\\\/uploads\\\/2024\\\/02\\\/anibidiol-nature-5_12_1.jpg\",\"datePublished\":\"2024-02-15T14:45:51+00:00\",\"dateModified\":\"2026-03-25T12:06:13+00:00\",\"breadcrumb\":{\"@id\":\"https:\\\/\\\/p4p-nl.bootmine.com\\\/%product-slug%\\\/anibidiol-nature#breadcrumb\"},\"inLanguage\":\"nl-NL\",\"potentialAction\":[{\"@type\":\"ReadAction\",\"target\":[\"https:\\\/\\\/p4p-nl.bootmine.com\\\/%product-slug%\\\/anibidiol-nature\"]}]},{\"@type\":\"ImageObject\",\"inLanguage\":\"nl-NL\",\"@id\":\"https:\\\/\\\/p4p-nl.bootmine.com\\\/%product-slug%\\\/anibidiol-nature#primaryimage\",\"url\":\"https:\\\/\\\/www.pharmacy4pets.nl\\\/wp-content\\\/uploads\\\/2024\\\/02\\\/anibidiol-nature-5_12_1.jpg\",\"contentUrl\":\"https:\\\/\\\/www.pharmacy4pets.nl\\\/wp-content\\\/uploads\\\/2024\\\/02\\\/anibidiol-nature-5_12_1.jpg\",\"width\":363,\"height\":363,\"caption\":\"Anibidiol Nature\"},{\"@type\":\"BreadcrumbList\",\"@id\":\"https:\\\/\\\/p4p-nl.bootmine.com\\\/%product-slug%\\\/anibidiol-nature#breadcrumb\",\"itemListElement\":[{\"@type\":\"ListItem\",\"position\":1,\"name\":\"Home\",\"item\":\"https:\\\/\\\/p4p-nl.bootmine.com\\\/\"},{\"@type\":\"ListItem\",\"position\":2,\"name\":\"Winkel\",\"item\":\"https:\\\/\\\/p4p-nl.bootmine.com\\\/winkel\"},{\"@type\":\"ListItem\",\"position\":3,\"name\":\"Anibidiol Nature\"}]},{\"@type\":\"WebSite\",\"@id\":\"http:\\\/\\\/www.pharmacy4pets.nl\\\/#website\",\"url\":\"http:\\\/\\\/www.pharmacy4pets.nl\\\/\",\"name\":\"Pharmacy4pets\",\"description\":\"Pharmacy4pets.nl is d\u00e9 online apotheek waar u terecht kunt voor alle diergeneesmiddelen, verzorgingsproducten en dieetvoeding voor uw huisdier.\",\"publisher\":{\"@id\":\"http:\\\/\\\/www.pharmacy4pets.nl\\\/#organization\"},\"potentialAction\":[{\"@type\":\"SearchAction\",\"target\":{\"@type\":\"EntryPoint\",\"urlTemplate\":\"http:\\\/\\\/www.pharmacy4pets.nl\\\/?s={search_term_string}\"},\"query-input\":{\"@type\":\"PropertyValueSpecification\",\"valueRequired\":true,\"valueName\":\"search_term_string\"}}],\"inLanguage\":\"nl-NL\"},{\"@type\":\"Organization\",\"@id\":\"http:\\\/\\\/www.pharmacy4pets.nl\\\/#organization\",\"name\":\"Pharmacy4pets\",\"url\":\"http:\\\/\\\/www.pharmacy4pets.nl\\\/\",\"logo\":{\"@type\":\"ImageObject\",\"inLanguage\":\"nl-NL\",\"@id\":\"http:\\\/\\\/www.pharmacy4pets.nl\\\/#\\\/schema\\\/logo\\\/image\\\/\",\"url\":\"https:\\\/\\\/p4p-nl.bootmine.com\\\/wp-content\\\/uploads\\\/2026\\\/03\\\/logo-pharmacy4pets.png\",\"contentUrl\":\"https:\\\/\\\/p4p-nl.bootmine.com\\\/wp-content\\\/uploads\\\/2026\\\/03\\\/logo-pharmacy4pets.png\",\"width\":1024,\"height\":135,\"caption\":\"Pharmacy4pets\"},\"image\":{\"@id\":\"http:\\\/\\\/www.pharmacy4pets.nl\\\/#\\\/schema\\\/logo\\\/image\\\/\"},\"sameAs\":[\"https:\\\/\\\/www.facebook.com\\\/people\\\/Pharmacy4petsnl\\\/100063484989896\\\/\",\"https:\\\/\\\/www.youtube.com\\\/channel\\\/UCGPTIgucgli03tP2_kvLkHg\\\/featured\",\"https:\\\/\\\/www.instagram.com\\\/pharmacy4pets.nl\"]}]}<\/script>\n<!-- \/ Yoast SEO plugin. -->","yoast_head_json":{"title":"Anibidiol Nature","robots":{"index":"index","follow":"follow","max-snippet":"max-snippet:-1","max-image-preview":"max-image-preview:large","max-video-preview":"max-video-preview:-1"},"canonical":"https:\/\/p4p-nl.bootmine.com\/%product-slug%\/anibidiol-nature","og_locale":"nl_NL","og_type":"article","og_title":"Anibidiol Nature","og_description":"Anibidiol Nature is een voedingssupplement voor honden en katten op basis van hennepbloem. Anibidiol nature capsules bevatten vitamine B6 en werken ter ondersteuning van een evenwichtig gedrag, immuunsysteem, bewegingsstelsel en bevordering van het algemene welzijn van uw hond of kat. Anibidiol Nature 5 is geschikt voor honden en katten, Anibidiol Nature 25 is geschikt voor [&hellip;]","og_url":"https:\/\/p4p-nl.bootmine.com\/%product-slug%\/anibidiol-nature","og_site_name":"Pharmacy4pets","article_publisher":"https:\/\/www.facebook.com\/people\/Pharmacy4petsnl\/100063484989896\/","article_modified_time":"2026-03-25T12:06:13+00:00","og_image":[{"width":363,"height":363,"url":"https:\/\/p4p-nl.bootmine.com\/wp-content\/uploads\/2024\/02\/anibidiol-nature-5_12_1.jpg","type":"image\/jpeg"}],"twitter_card":"summary_large_image","schema":{"@context":"https:\/\/schema.org","@graph":[{"@type":"WebPage","@id":"https:\/\/p4p-nl.bootmine.com\/%product-slug%\/anibidiol-nature","url":"https:\/\/p4p-nl.bootmine.com\/%product-slug%\/anibidiol-nature","name":"Anibidiol Nature","isPartOf":{"@id":"http:\/\/www.pharmacy4pets.nl\/#website"},"primaryImageOfPage":{"@id":"https:\/\/p4p-nl.bootmine.com\/%product-slug%\/anibidiol-nature#primaryimage"},"image":{"@id":"https:\/\/p4p-nl.bootmine.com\/%product-slug%\/anibidiol-nature#primaryimage"},"thumbnailUrl":"https:\/\/www.pharmacy4pets.nl\/wp-content\/uploads\/2024\/02\/anibidiol-nature-5_12_1.jpg","datePublished":"2024-02-15T14:45:51+00:00","dateModified":"2026-03-25T12:06:13+00:00","breadcrumb":{"@id":"https:\/\/p4p-nl.bootmine.com\/%product-slug%\/anibidiol-nature#breadcrumb"},"inLanguage":"nl-NL","potentialAction":[{"@type":"ReadAction","target":["https:\/\/p4p-nl.bootmine.com\/%product-slug%\/anibidiol-nature"]}]},{"@type":"ImageObject","inLanguage":"nl-NL","@id":"https:\/\/p4p-nl.bootmine.com\/%product-slug%\/anibidiol-nature#primaryimage","url":"https:\/\/www.pharmacy4pets.nl\/wp-content\/uploads\/2024\/02\/anibidiol-nature-5_12_1.jpg","contentUrl":"https:\/\/www.pharmacy4pets.nl\/wp-content\/uploads\/2024\/02\/anibidiol-nature-5_12_1.jpg","width":363,"height":363,"caption":"Anibidiol Nature"},{"@type":"BreadcrumbList","@id":"https:\/\/p4p-nl.bootmine.com\/%product-slug%\/anibidiol-nature#breadcrumb","itemListElement":[{"@type":"ListItem","position":1,"name":"Home","item":"https:\/\/p4p-nl.bootmine.com\/"},{"@type":"ListItem","position":2,"name":"Winkel","item":"https:\/\/p4p-nl.bootmine.com\/winkel"},{"@type":"ListItem","position":3,"name":"Anibidiol Nature"}]},{"@type":"WebSite","@id":"http:\/\/www.pharmacy4pets.nl\/#website","url":"http:\/\/www.pharmacy4pets.nl\/","name":"Pharmacy4pets","description":"Pharmacy4pets.nl is d\u00e9 online apotheek waar u terecht kunt voor alle diergeneesmiddelen, verzorgingsproducten en dieetvoeding voor uw huisdier.","publisher":{"@id":"http:\/\/www.pharmacy4pets.nl\/#organization"},"potentialAction":[{"@type":"SearchAction","target":{"@type":"EntryPoint","urlTemplate":"http:\/\/www.pharmacy4pets.nl\/?s={search_term_string}"},"query-input":{"@type":"PropertyValueSpecification","valueRequired":true,"valueName":"search_term_string"}}],"inLanguage":"nl-NL"},{"@type":"Organization","@id":"http:\/\/www.pharmacy4pets.nl\/#organization","name":"Pharmacy4pets","url":"http:\/\/www.pharmacy4pets.nl\/","logo":{"@type":"ImageObject","inLanguage":"nl-NL","@id":"http:\/\/www.pharmacy4pets.nl\/#\/schema\/logo\/image\/","url":"https:\/\/p4p-nl.bootmine.com\/wp-content\/uploads\/2026\/03\/logo-pharmacy4pets.png","contentUrl":"https:\/\/p4p-nl.bootmine.com\/wp-content\/uploads\/2026\/03\/logo-pharmacy4pets.png","width":1024,"height":135,"caption":"Pharmacy4pets"},"image":{"@id":"http:\/\/www.pharmacy4pets.nl\/#\/schema\/logo\/image\/"},"sameAs":["https:\/\/www.facebook.com\/people\/Pharmacy4petsnl\/100063484989896\/","https:\/\/www.youtube.com\/channel\/UCGPTIgucgli03tP2_kvLkHg\/featured","https:\/\/www.instagram.com\/pharmacy4pets.nl"]}]}},"market_data":{"nl":{"price":0,"sale_price":0,"active":false,"url":null,"parent_url":"","tax_rate":0,"price_inc_tax":0,"sale_price_inc_tax":0},"de":{"price":0,"sale_price":0,"active":false,"url":null,"parent_url":"","tax_rate":0,"price_inc_tax":0,"sale_price_inc_tax":0},"be":{"price":0,"sale_price":0,"active":false,"url":null,"parent_url":"","tax_rate":0,"price_inc_tax":0,"sale_price_inc_tax":0},"fr":{"price":0,"sale_price":0,"active":false,"url":null,"parent_url":"","tax_rate":0,"price_inc_tax":0,"sale_price_inc_tax":0},"ch":{"price":0,"sale_price":0,"active":false,"url":null,"parent_url":"","tax_rate":0,"price_inc_tax":0,"sale_price_inc_tax":0},"at":{"price":0,"sale_price":0,"active":false,"url":null,"parent_url":"","tax_rate":0,"price_inc_tax":0,"sale_price_inc_tax":0},"es":{"price":0,"sale_price":0,"active":false,"url":null,"parent_url":"","tax_rate":0,"price_inc_tax":0,"sale_price_inc_tax":0},"dk":{"price":0,"sale_price":0,"active":false,"url":null,"parent_url":"","tax_rate":0,"price_inc_tax":0,"sale_price_inc_tax":0},"com":{"price":0,"sale_price":0,"active":false,"url":null,"parent_url":"","tax_rate":0,"price_inc_tax":0,"sale_price_inc_tax":0}},"market_nl_price":0,"market_nl_sale_price":0,"market_nl_active":false,"market_nl_url":null,"market_nl_parent_url":"","market_nl_tax_rate":0,"market_nl_price_inc_tax":0,"market_nl_sale_price_inc_tax":0,"market_de_price":0,"market_de_sale_price":0,"market_de_active":false,"market_de_url":null,"market_de_parent_url":"","market_de_tax_rate":0,"market_de_price_inc_tax":0,"market_de_sale_price_inc_tax":0,"market_be_price":0,"market_be_sale_price":0,"market_be_active":false,"market_be_url":null,"market_be_parent_url":"","market_be_tax_rate":0,"market_be_price_inc_tax":0,"market_be_sale_price_inc_tax":0,"market_fr_price":0,"market_fr_sale_price":0,"market_fr_active":false,"market_fr_url":null,"market_fr_parent_url":"","market_fr_tax_rate":0,"market_fr_price_inc_tax":0,"market_fr_sale_price_inc_tax":0,"market_ch_price":0,"market_ch_sale_price":0,"market_ch_active":false,"market_ch_url":null,"market_ch_parent_url":"","market_ch_tax_rate":0,"market_ch_price_inc_tax":0,"market_ch_sale_price_inc_tax":0,"market_at_price":0,"market_at_sale_price":0,"market_at_active":false,"market_at_url":null,"market_at_parent_url":"","market_at_tax_rate":0,"market_at_price_inc_tax":0,"market_at_sale_price_inc_tax":0,"market_es_price":0,"market_es_sale_price":0,"market_es_active":false,"market_es_url":null,"market_es_parent_url":"","market_es_tax_rate":0,"market_es_price_inc_tax":0,"market_es_sale_price_inc_tax":0,"market_dk_price":0,"market_dk_sale_price":0,"market_dk_active":false,"market_dk_url":null,"market_dk_parent_url":"","market_dk_tax_rate":0,"market_dk_price_inc_tax":0,"market_dk_sale_price_inc_tax":0,"market_com_price":0,"market_com_sale_price":0,"market_com_active":false,"market_com_url":null,"market_com_parent_url":"","market_com_tax_rate":0,"market_com_price_inc_tax":0,"market_com_sale_price_inc_tax":0,"acf":[],"_links":{"self":[{"href":"https:\/\/www.pharmacy4pets.nl\/be\/wp-json\/wp\/v2\/product\/120478","targetHints":{"allow":["GET"]}}],"collection":[{"href":"https:\/\/www.pharmacy4pets.nl\/be\/wp-json\/wp\/v2\/product"}],"about":[{"href":"https:\/\/www.pharmacy4pets.nl\/be\/wp-json\/wp\/v2\/types\/product"}],"replies":[{"embeddable":true,"href":"https:\/\/www.pharmacy4pets.nl\/be\/wp-json\/wp\/v2\/comments?post=120478"}],"wp:featuredmedia":[{"embeddable":true,"href":"https:\/\/www.pharmacy4pets.nl\/be\/wp-json\/wp\/v2\/media\/120476"}],"wp:attachment":[{"href":"https:\/\/www.pharmacy4pets.nl\/be\/wp-json\/wp\/v2\/media?parent=120478"}],"wp:term":[{"taxonomy":"product_brand","embeddable":true,"href":"https:\/\/www.pharmacy4pets.nl\/be\/wp-json\/wp\/v2\/product_brand?post=120478"},{"taxonomy":"product_cat","embeddable":true,"href":"https:\/\/www.pharmacy4pets.nl\/be\/wp-json\/wp\/v2\/product_cat?post=120478"},{"taxonomy":"product_tag","embeddable":true,"href":"https:\/\/www.pharmacy4pets.nl\/be\/wp-json\/wp\/v2\/product_tag?post=120478"}],"curies":[{"name":"wp","href":"https:\/\/api.w.org\/{rel}","templated":true}]}}