{"id":120472,"date":"2024-02-15T13:29:37","date_gmt":"2024-02-15T13:29:37","guid":{"rendered":"https:\/\/p4p.test\/add-one"},"modified":"2026-03-25T12:06:11","modified_gmt":"2026-03-25T12:06:11","slug":"add-one","status":"publish","type":"product","link":"https:\/\/www.pharmacy4pets.nl\/be\/add-one","title":{"rendered":"Add One"},"content":{"rendered":"<p>Add One is een romige saus snack voor katten die rijk is aan vocht en Omega-3 vetzuren.<\/p>\n<p>Add One is niet alleen een heerlijke snack voor je kat, maar kan ook worden gebruikt voor het toedienen van Porus One, dat ondersteuning biedt voor de nieren. De snack bevat minder dan 10kcal per stick, is graanvrij en bevat geen soja, toegevoegde suiker, kleur\/smaakstoffen en conserveermiddelen.<\/p>\n","protected":false},"excerpt":{"rendered":"<p>Add One is een romige saus snack voor katten die rijk is aan vocht en Omega-3 vetzuren. Add One is niet alleen een heerlijke snack voor je kat, maar kan ook worden gebruikt voor het toedienen van Porus One, dat ondersteuning biedt voor de nieren. De snack bevat minder dan 10kcal per stick, is graanvrij [&hellip;]<\/p>\n","protected":false},"featured_media":120469,"comment_status":"open","ping_status":"closed","template":"","meta":{"_acf_changed":false,"_nl_post_content":"<p>Add One is een romige saus snack voor katten die rijk is aan vocht en Omega-3 vetzuren.<\/p>\n<p>Add One is niet alleen een heerlijke snack voor je kat, maar kan ook worden gebruikt voor het toedienen van Porus One, dat ondersteuning biedt voor de nieren. De snack bevat minder dan 10kcal per stick, is graanvrij en bevat geen soja, toegevoegde suiker, kleur\/smaakstoffen en conserveermiddelen.<\/p>","_nl_post_name":"add-one","_nl_post_excerpt":"","_nl_post_title":"Add One","_en_post_content":"<p>Add One is a creamy sauce snack for cats that is rich in moisture and Omega-3 fatty acids.<\/p>\n<p>Add One is not only a delicious snack for your cat, but can also be used to administer Porus One, which provides kidney support. The snack contains less than 10kcal per stick, is grain-free and contains no soy, added sugar, color\/flavoring and preservatives.<\/p>","_en_post_name":"add-one","_en_post_excerpt":"","_en_post_title":"Add One","_de_post_content":"<p>Add One ist ein cremiger So\u00dfen-Snack f\u00fcr Katzen, der reich an Feuchtigkeit und Omega-3-Fetts\u00e4uren ist.<\/p>\r\n<p>Add One ist nicht nur ein leckerer Snack f\u00fcr Ihre Katze, sondern kann auch zur Verabreichung von Porus One verwendet werden, das die Nieren unterst\u00fctzt. Der Snack enth\u00e4lt weniger als 10 kcal pro Stange, ist getreidefrei und enth\u00e4lt kein Soja, keinen Zuckerzusatz, keine Farb-\/Geschmacksstoffe und keine Konservierungsmittel.<\/p>","_de_post_name":"add-one","_de_post_excerpt":"","_de_post_title":"Add One","_fr_post_content":"<p>Add One est un en-cas en sauce cr\u00e9meuse pour chats, riche en humidit\u00e9 et en acides gras om\u00e9ga-3.<\/p>\n<p>Add One n'est pas seulement un d\u00e9licieux en-cas pour votre chat, il peut \u00e9galement \u00eatre utilis\u00e9 pour administrer Porus One, qui apporte un soutien aux reins. Le snack contient moins de 10kcal par b\u00e2tonnet, est sans c\u00e9r\u00e9ales et ne contient pas de soja, de sucre ajout\u00e9, de colorants\/ar\u00f4mes et de conservateurs.<\/p>","_fr_post_name":"add-one","_fr_post_excerpt":"","_fr_post_title":"Add One","_es_post_content":"<p>Add One es un snack cremoso para gatos rico en humedad y \u00e1cidos grasos Omega-3. Add One no s\u00f3lo es un delicioso snack para su gato, sino que tambi\u00e9n puede utilizarse para administrar Porus One.<\/p>\n<p>Add One no es s\u00f3lo un delicioso snack para su gato, sino que tambi\u00e9n puede utilizarse para administrar Porus One, que proporciona apoyo renal. El snack contiene menos de 10 kcal por barrita, no contiene cereales ni soja, az\u00facares a\u00f1adidos, colorantes\/saborizantes ni conservantes.<\/p>","_es_post_name":"add-one","_es_post_excerpt":"","_es_post_title":"Add One","edit_language":"nl"},"product_brand":[],"product_cat":[2176,1917,1118,1889,1887,1871,1857,1880,1998,2146],"product_tag":[],"class_list":{"0":"post-120472","1":"product","2":"type-product","3":"status-publish","4":"has-post-thumbnail","6":"product_cat-add-one","7":"product_cat-easypill","8":"product_cat-katten","9":"product_cat-snacks","10":"product_cat-kattenvoer","11":"product_cat-medicijnen-supplementen","12":"product_cat-merken","13":"product_cat-nieren-blaas-urinewegen","14":"product_cat-nierfalen","15":"product_cat-porus-one","16":"pa_aandoening-overig","17":"pa_doeldier-kat","18":"pa_fabricatieland-duitsland","19":"pa_merkfilter-addone","20":"pa_merkgroep-dechra","21":"pa_productsoort-voedingssupplement","22":"pa_toedieningswijze-snack","23":"pa_werkzamestof-overig","25":"first","26":"instock","27":"taxable","28":"shipping-taxable","29":"product-type-grouped"},"yoast_head":"<!-- This site is optimized with the Yoast SEO plugin v27.5 - https:\/\/yoast.com\/product\/yoast-seo-wordpress\/ -->\n<title>Add One<\/title>\n<meta name=\"robots\" content=\"index, follow, max-snippet:-1, max-image-preview:large, max-video-preview:-1\" \/>\n<link rel=\"canonical\" href=\"https:\/\/www.pharmacy4pets.nl\/add-one\" \/>\n<meta property=\"og:locale\" content=\"nl_NL\" \/>\n<meta property=\"og:type\" content=\"article\" \/>\n<meta property=\"og:title\" content=\"Add One\" \/>\n<meta property=\"og:description\" content=\"Add One is een romige saus snack voor katten die rijk is aan vocht en Omega-3 vetzuren. Add One is niet alleen een heerlijke snack voor je kat, maar kan ook worden gebruikt voor het toedienen van Porus One, dat ondersteuning biedt voor de nieren. De snack bevat minder dan 10kcal per stick, is graanvrij [&hellip;]\" \/>\n<meta property=\"og:url\" content=\"https:\/\/www.pharmacy4pets.nl\/add-one\" \/>\n<meta property=\"og:site_name\" content=\"Pharmacy4pets\" \/>\n<meta property=\"article:publisher\" content=\"https:\/\/www.facebook.com\/people\/Pharmacy4petsnl\/100063484989896\/\" \/>\n<meta property=\"article:modified_time\" content=\"2026-03-25T12:06:11+00:00\" \/>\n<meta property=\"og:image\" content=\"https:\/\/www.pharmacy4pets.nl\/wp-content\/uploads\/2024\/02\/Add_One.jpg\" \/>\n\t<meta property=\"og:image:width\" content=\"1000\" \/>\n\t<meta property=\"og:image:height\" content=\"1000\" \/>\n\t<meta property=\"og:image:type\" content=\"image\/jpeg\" \/>\n<meta name=\"twitter:card\" content=\"summary_large_image\" \/>\n<script type=\"application\/ld+json\" class=\"yoast-schema-graph\">{\"@context\":\"https:\\\/\\\/schema.org\",\"@graph\":[{\"@type\":\"WebPage\",\"@id\":\"https:\\\/\\\/www.pharmacy4pets.nl\\\/add-one\",\"url\":\"https:\\\/\\\/www.pharmacy4pets.nl\\\/add-one\",\"name\":\"Add One\",\"isPartOf\":{\"@id\":\"http:\\\/\\\/www.pharmacy4pets.nl\\\/#website\"},\"primaryImageOfPage\":{\"@id\":\"https:\\\/\\\/www.pharmacy4pets.nl\\\/add-one#primaryimage\"},\"image\":{\"@id\":\"https:\\\/\\\/www.pharmacy4pets.nl\\\/add-one#primaryimage\"},\"thumbnailUrl\":\"https:\\\/\\\/www.pharmacy4pets.nl\\\/wp-content\\\/uploads\\\/2024\\\/02\\\/Add_One.jpg\",\"datePublished\":\"2024-02-15T13:29:37+00:00\",\"dateModified\":\"2026-03-25T12:06:11+00:00\",\"breadcrumb\":{\"@id\":\"https:\\\/\\\/www.pharmacy4pets.nl\\\/add-one#breadcrumb\"},\"inLanguage\":\"nl-NL\",\"potentialAction\":[{\"@type\":\"ReadAction\",\"target\":[\"https:\\\/\\\/www.pharmacy4pets.nl\\\/add-one\"]}]},{\"@type\":\"ImageObject\",\"inLanguage\":\"nl-NL\",\"@id\":\"https:\\\/\\\/www.pharmacy4pets.nl\\\/add-one#primaryimage\",\"url\":\"https:\\\/\\\/www.pharmacy4pets.nl\\\/wp-content\\\/uploads\\\/2024\\\/02\\\/Add_One.jpg\",\"contentUrl\":\"https:\\\/\\\/www.pharmacy4pets.nl\\\/wp-content\\\/uploads\\\/2024\\\/02\\\/Add_One.jpg\",\"width\":1000,\"height\":1000,\"caption\":\"Add One\"},{\"@type\":\"BreadcrumbList\",\"@id\":\"https:\\\/\\\/www.pharmacy4pets.nl\\\/add-one#breadcrumb\",\"itemListElement\":[{\"@type\":\"ListItem\",\"position\":1,\"name\":\"Home\",\"item\":\"https:\\\/\\\/p4p-nl.bootmine.com\\\/\"},{\"@type\":\"ListItem\",\"position\":2,\"name\":\"Winkel\",\"item\":\"https:\\\/\\\/p4p-nl.bootmine.com\\\/winkel\"},{\"@type\":\"ListItem\",\"position\":3,\"name\":\"Add One\"}]},{\"@type\":\"WebSite\",\"@id\":\"http:\\\/\\\/www.pharmacy4pets.nl\\\/#website\",\"url\":\"http:\\\/\\\/www.pharmacy4pets.nl\\\/\",\"name\":\"Pharmacy4pets\",\"description\":\"Pharmacy4pets.nl is d\u00e9 online apotheek waar u terecht kunt voor alle diergeneesmiddelen, verzorgingsproducten en dieetvoeding voor uw huisdier.\",\"publisher\":{\"@id\":\"http:\\\/\\\/www.pharmacy4pets.nl\\\/#organization\"},\"potentialAction\":[{\"@type\":\"SearchAction\",\"target\":{\"@type\":\"EntryPoint\",\"urlTemplate\":\"http:\\\/\\\/www.pharmacy4pets.nl\\\/?s={search_term_string}\"},\"query-input\":{\"@type\":\"PropertyValueSpecification\",\"valueRequired\":true,\"valueName\":\"search_term_string\"}}],\"inLanguage\":\"nl-NL\"},{\"@type\":\"Organization\",\"@id\":\"http:\\\/\\\/www.pharmacy4pets.nl\\\/#organization\",\"name\":\"Pharmacy4pets\",\"url\":\"http:\\\/\\\/www.pharmacy4pets.nl\\\/\",\"logo\":{\"@type\":\"ImageObject\",\"inLanguage\":\"nl-NL\",\"@id\":\"http:\\\/\\\/www.pharmacy4pets.nl\\\/#\\\/schema\\\/logo\\\/image\\\/\",\"url\":\"https:\\\/\\\/p4p-nl.bootmine.com\\\/wp-content\\\/uploads\\\/2026\\\/03\\\/logo-pharmacy4pets.png\",\"contentUrl\":\"https:\\\/\\\/p4p-nl.bootmine.com\\\/wp-content\\\/uploads\\\/2026\\\/03\\\/logo-pharmacy4pets.png\",\"width\":1024,\"height\":135,\"caption\":\"Pharmacy4pets\"},\"image\":{\"@id\":\"http:\\\/\\\/www.pharmacy4pets.nl\\\/#\\\/schema\\\/logo\\\/image\\\/\"},\"sameAs\":[\"https:\\\/\\\/www.facebook.com\\\/people\\\/Pharmacy4petsnl\\\/100063484989896\\\/\",\"https:\\\/\\\/www.youtube.com\\\/channel\\\/UCGPTIgucgli03tP2_kvLkHg\\\/featured\",\"https:\\\/\\\/www.instagram.com\\\/pharmacy4pets.nl\"]}]}<\/script>\n<!-- \/ Yoast SEO plugin. -->","yoast_head_json":{"title":"Add One","robots":{"index":"index","follow":"follow","max-snippet":"max-snippet:-1","max-image-preview":"max-image-preview:large","max-video-preview":"max-video-preview:-1"},"canonical":"https:\/\/www.pharmacy4pets.nl\/add-one","og_locale":"nl_NL","og_type":"article","og_title":"Add One","og_description":"Add One is een romige saus snack voor katten die rijk is aan vocht en Omega-3 vetzuren. Add One is niet alleen een heerlijke snack voor je kat, maar kan ook worden gebruikt voor het toedienen van Porus One, dat ondersteuning biedt voor de nieren. De snack bevat minder dan 10kcal per stick, is graanvrij [&hellip;]","og_url":"https:\/\/www.pharmacy4pets.nl\/add-one","og_site_name":"Pharmacy4pets","article_publisher":"https:\/\/www.facebook.com\/people\/Pharmacy4petsnl\/100063484989896\/","article_modified_time":"2026-03-25T12:06:11+00:00","og_image":[{"width":1000,"height":1000,"url":"https:\/\/www.pharmacy4pets.nl\/wp-content\/uploads\/2024\/02\/Add_One.jpg","type":"image\/jpeg"}],"twitter_card":"summary_large_image","schema":{"@context":"https:\/\/schema.org","@graph":[{"@type":"WebPage","@id":"https:\/\/www.pharmacy4pets.nl\/add-one","url":"https:\/\/www.pharmacy4pets.nl\/add-one","name":"Add One","isPartOf":{"@id":"http:\/\/www.pharmacy4pets.nl\/#website"},"primaryImageOfPage":{"@id":"https:\/\/www.pharmacy4pets.nl\/add-one#primaryimage"},"image":{"@id":"https:\/\/www.pharmacy4pets.nl\/add-one#primaryimage"},"thumbnailUrl":"https:\/\/www.pharmacy4pets.nl\/wp-content\/uploads\/2024\/02\/Add_One.jpg","datePublished":"2024-02-15T13:29:37+00:00","dateModified":"2026-03-25T12:06:11+00:00","breadcrumb":{"@id":"https:\/\/www.pharmacy4pets.nl\/add-one#breadcrumb"},"inLanguage":"nl-NL","potentialAction":[{"@type":"ReadAction","target":["https:\/\/www.pharmacy4pets.nl\/add-one"]}]},{"@type":"ImageObject","inLanguage":"nl-NL","@id":"https:\/\/www.pharmacy4pets.nl\/add-one#primaryimage","url":"https:\/\/www.pharmacy4pets.nl\/wp-content\/uploads\/2024\/02\/Add_One.jpg","contentUrl":"https:\/\/www.pharmacy4pets.nl\/wp-content\/uploads\/2024\/02\/Add_One.jpg","width":1000,"height":1000,"caption":"Add One"},{"@type":"BreadcrumbList","@id":"https:\/\/www.pharmacy4pets.nl\/add-one#breadcrumb","itemListElement":[{"@type":"ListItem","position":1,"name":"Home","item":"https:\/\/p4p-nl.bootmine.com\/"},{"@type":"ListItem","position":2,"name":"Winkel","item":"https:\/\/p4p-nl.bootmine.com\/winkel"},{"@type":"ListItem","position":3,"name":"Add One"}]},{"@type":"WebSite","@id":"http:\/\/www.pharmacy4pets.nl\/#website","url":"http:\/\/www.pharmacy4pets.nl\/","name":"Pharmacy4pets","description":"Pharmacy4pets.nl is d\u00e9 online apotheek waar u terecht kunt voor alle diergeneesmiddelen, verzorgingsproducten en dieetvoeding voor uw huisdier.","publisher":{"@id":"http:\/\/www.pharmacy4pets.nl\/#organization"},"potentialAction":[{"@type":"SearchAction","target":{"@type":"EntryPoint","urlTemplate":"http:\/\/www.pharmacy4pets.nl\/?s={search_term_string}"},"query-input":{"@type":"PropertyValueSpecification","valueRequired":true,"valueName":"search_term_string"}}],"inLanguage":"nl-NL"},{"@type":"Organization","@id":"http:\/\/www.pharmacy4pets.nl\/#organization","name":"Pharmacy4pets","url":"http:\/\/www.pharmacy4pets.nl\/","logo":{"@type":"ImageObject","inLanguage":"nl-NL","@id":"http:\/\/www.pharmacy4pets.nl\/#\/schema\/logo\/image\/","url":"https:\/\/p4p-nl.bootmine.com\/wp-content\/uploads\/2026\/03\/logo-pharmacy4pets.png","contentUrl":"https:\/\/p4p-nl.bootmine.com\/wp-content\/uploads\/2026\/03\/logo-pharmacy4pets.png","width":1024,"height":135,"caption":"Pharmacy4pets"},"image":{"@id":"http:\/\/www.pharmacy4pets.nl\/#\/schema\/logo\/image\/"},"sameAs":["https:\/\/www.facebook.com\/people\/Pharmacy4petsnl\/100063484989896\/","https:\/\/www.youtube.com\/channel\/UCGPTIgucgli03tP2_kvLkHg\/featured","https:\/\/www.instagram.com\/pharmacy4pets.nl"]}]}},"market_data":{"nl":{"price":0,"sale_price":0,"active":false,"url":null,"parent_url":"","tax_rate":0,"price_inc_tax":0,"sale_price_inc_tax":0},"de":{"price":0,"sale_price":0,"active":false,"url":null,"parent_url":"","tax_rate":0,"price_inc_tax":0,"sale_price_inc_tax":0},"be":{"price":0,"sale_price":0,"active":false,"url":null,"parent_url":"","tax_rate":0,"price_inc_tax":0,"sale_price_inc_tax":0},"fr":{"price":0,"sale_price":0,"active":false,"url":null,"parent_url":"","tax_rate":0,"price_inc_tax":0,"sale_price_inc_tax":0},"ch":{"price":0,"sale_price":0,"active":false,"url":null,"parent_url":"","tax_rate":0,"price_inc_tax":0,"sale_price_inc_tax":0},"at":{"price":0,"sale_price":0,"active":false,"url":null,"parent_url":"","tax_rate":0,"price_inc_tax":0,"sale_price_inc_tax":0},"es":{"price":0,"sale_price":0,"active":false,"url":null,"parent_url":"","tax_rate":0,"price_inc_tax":0,"sale_price_inc_tax":0},"dk":{"price":0,"sale_price":0,"active":false,"url":null,"parent_url":"","tax_rate":0,"price_inc_tax":0,"sale_price_inc_tax":0},"com":{"price":0,"sale_price":0,"active":false,"url":null,"parent_url":"","tax_rate":0,"price_inc_tax":0,"sale_price_inc_tax":0}},"market_nl_price":0,"market_nl_sale_price":0,"market_nl_active":false,"market_nl_url":null,"market_nl_parent_url":"","market_nl_tax_rate":0,"market_nl_price_inc_tax":0,"market_nl_sale_price_inc_tax":0,"market_de_price":0,"market_de_sale_price":0,"market_de_active":false,"market_de_url":null,"market_de_parent_url":"","market_de_tax_rate":0,"market_de_price_inc_tax":0,"market_de_sale_price_inc_tax":0,"market_be_price":0,"market_be_sale_price":0,"market_be_active":false,"market_be_url":null,"market_be_parent_url":"","market_be_tax_rate":0,"market_be_price_inc_tax":0,"market_be_sale_price_inc_tax":0,"market_fr_price":0,"market_fr_sale_price":0,"market_fr_active":false,"market_fr_url":null,"market_fr_parent_url":"","market_fr_tax_rate":0,"market_fr_price_inc_tax":0,"market_fr_sale_price_inc_tax":0,"market_ch_price":0,"market_ch_sale_price":0,"market_ch_active":false,"market_ch_url":null,"market_ch_parent_url":"","market_ch_tax_rate":0,"market_ch_price_inc_tax":0,"market_ch_sale_price_inc_tax":0,"market_at_price":0,"market_at_sale_price":0,"market_at_active":false,"market_at_url":null,"market_at_parent_url":"","market_at_tax_rate":0,"market_at_price_inc_tax":0,"market_at_sale_price_inc_tax":0,"market_es_price":0,"market_es_sale_price":0,"market_es_active":false,"market_es_url":null,"market_es_parent_url":"","market_es_tax_rate":0,"market_es_price_inc_tax":0,"market_es_sale_price_inc_tax":0,"market_dk_price":0,"market_dk_sale_price":0,"market_dk_active":false,"market_dk_url":null,"market_dk_parent_url":"","market_dk_tax_rate":0,"market_dk_price_inc_tax":0,"market_dk_sale_price_inc_tax":0,"market_com_price":0,"market_com_sale_price":0,"market_com_active":false,"market_com_url":null,"market_com_parent_url":"","market_com_tax_rate":0,"market_com_price_inc_tax":0,"market_com_sale_price_inc_tax":0,"acf":[],"_links":{"self":[{"href":"https:\/\/www.pharmacy4pets.nl\/be\/wp-json\/wp\/v2\/product\/120472","targetHints":{"allow":["GET"]}}],"collection":[{"href":"https:\/\/www.pharmacy4pets.nl\/be\/wp-json\/wp\/v2\/product"}],"about":[{"href":"https:\/\/www.pharmacy4pets.nl\/be\/wp-json\/wp\/v2\/types\/product"}],"replies":[{"embeddable":true,"href":"https:\/\/www.pharmacy4pets.nl\/be\/wp-json\/wp\/v2\/comments?post=120472"}],"wp:featuredmedia":[{"embeddable":true,"href":"https:\/\/www.pharmacy4pets.nl\/be\/wp-json\/wp\/v2\/media\/120469"}],"wp:attachment":[{"href":"https:\/\/www.pharmacy4pets.nl\/be\/wp-json\/wp\/v2\/media?parent=120472"}],"wp:term":[{"taxonomy":"product_brand","embeddable":true,"href":"https:\/\/www.pharmacy4pets.nl\/be\/wp-json\/wp\/v2\/product_brand?post=120472"},{"taxonomy":"product_cat","embeddable":true,"href":"https:\/\/www.pharmacy4pets.nl\/be\/wp-json\/wp\/v2\/product_cat?post=120472"},{"taxonomy":"product_tag","embeddable":true,"href":"https:\/\/www.pharmacy4pets.nl\/be\/wp-json\/wp\/v2\/product_tag?post=120472"}],"curies":[{"name":"wp","href":"https:\/\/api.w.org\/{rel}","templated":true}]}}