{"id":120468,"date":"2024-02-14T15:50:24","date_gmt":"2024-02-14T15:50:24","guid":{"rendered":"https:\/\/p4p.test\/trixie-bubble-stream"},"modified":"2026-03-25T12:06:11","modified_gmt":"2026-03-25T12:06:11","slug":"trixie-bubble-stream","status":"publish","type":"product","link":"https:\/\/www.pharmacy4pets.nl\/be\/trixie-bubble-stream","title":{"rendered":"Trixie Bubble Stream drinkfontein"},"content":{"rendered":"<p>De Trixie kunststof drinkfontein Bubble Stream 3 liter zorgt voor vers, stromend en zuurstofrijk water. Dit stimuleert uw hond om vaker te drinken. De Trixie Bubble Stream absorbeert geen geuren en zorgt voor een betere smaak van het drinkwater. Door de watercirculatie vindt er een natuurlijke koeling van het water plaats. Het actieve koolfilter in de Trixie Bubble Stream drinkfontein zorgt voor een betere kwaliteit van het water en het transparante reservoir voor een betere controle van de inhoud van het water. Verder heeft de Trixie Bubble Stream een geluidsarme pomp en is het laag in verbruik van energie.<\/p>\n","protected":false},"excerpt":{"rendered":"<p>De Trixie kunststof drinkfontein Bubble Stream 3 liter zorgt voor vers, stromend en zuurstofrijk water. Dit stimuleert uw hond om vaker te drinken. De Trixie Bubble Stream absorbeert geen geuren en zorgt voor een betere smaak van het drinkwater. Door de watercirculatie vindt er een natuurlijke koeling van het water plaats. Het actieve koolfilter in [&hellip;]<\/p>\n","protected":false},"featured_media":120464,"comment_status":"open","ping_status":"closed","template":"","meta":{"_acf_changed":false,"_nl_post_content":"<p>De Trixie kunststof drinkfontein Bubble Stream 3 liter zorgt voor vers, stromend en zuurstofrijk water. Dit stimuleert uw hond om vaker te drinken. De Trixie Bubble Stream absorbeert geen geuren en zorgt voor een betere smaak van het drinkwater. Door de watercirculatie vindt er een natuurlijke koeling van het water plaats. Het actieve koolfilter in de Trixie Bubble Stream drinkfontein zorgt voor een betere kwaliteit van het water en het transparante reservoir voor een betere controle van de inhoud van het water. Verder heeft de Trixie Bubble Stream een geluidsarme pomp en is het laag in verbruik van energie.<\/p>","_nl_post_name":"trixie-bubble-stream","_nl_post_excerpt":"","_nl_post_title":"Trixie Bubble Stream drinkfontein","_en_post_content":"The Trixie automated water dispenser Bubble Stream 3 liters provides fresh, flowing water enriched with oxygen. This stimulates your dog or cat to drink more often. The Trixie Bubble Stream reduces bad smells and provides optimal taste of the drinking water. The water circulation ensures a natural cooling of the water. The activated carbon filter in the Trixie Bubble Stream automated water dispenser ensures better water quality and the transparent reservoir provides better control of the water content. Furthermore, the Trixie Bubble Stream has a quiet pump and is low in energy consumption.","_en_post_name":"trixie-bubble-stream","_en_post_excerpt":"","_en_post_title":"Trixie Bubble Stream automated water dispenser","_de_post_content":"Der Trixie Wasserautomat Bubble Stream 3 Liter liefert frisches, flie\u00dfendes und sauerstoffreiches Wasser. Dies wird Ihren Hund oder Ihre Katze ermutigen, \u00f6fter zu trinken. Der Trixie Bubble Stream nimmt keine Ger\u00fcche auf und sorgt f\u00fcr einen besseren Geschmack des Trinkwassers. Der Wasserzirkulation sorgt f\u00fcr eine nat\u00fcrliche K\u00fchlung des Wassers. Der Aktivkohlefilter im Wasserautomat Trixie Bubble Stream sorgt f\u00fcr eine bessere Wasserqualit\u00e4t und der transparente Beh\u00e4lter f\u00fcr eine bessere Kontrolle des Wassergehalts. Dar\u00fcber hinaus verf\u00fcgt der Trixie Bubble Stream \u00fcber eine ger\u00e4uscharme Pumpe und ist energiesparend.","_de_post_name":"trixie-bubble-stream","_de_post_excerpt":"","_de_post_title":"Trixie Bubble Stream Wasserautomat","_fr_post_content":"<p>La fontaine \u00e0 boire en plastique Trixie Bubble Stream de 3 litres fournit une eau fra\u00eeche, fluide et oxyg\u00e9n\u00e9e. Cela encourage votre chien \u00e0 boire plus souvent. Le Trixie Bubble Stream n'absorbe pas les odeurs et am\u00e9liore le go\u00fbt de l'eau potable. La circulation de l'eau entra\u00eene un refroidissement naturel de l'eau. Le filtre \u00e0 charbon actif de la fontaine \u00e0 boire Trixie Bubble Stream assure une meilleure qualit\u00e9 de l'eau et le r\u00e9servoir transparent permet de mieux contr\u00f4ler le contenu de l'eau. De plus, le Trixie Bubble Stream est \u00e9quip\u00e9 d'une pompe silencieuse et consomme peu d'\u00e9nergie.<\/p>","_fr_post_name":"trixie-bubble-stream","_fr_post_excerpt":"","_fr_post_title":"Trixie fontaine \u00e0 boire Bubble Stream","_es_post_content":"<p>El bebedero para perros Trixie Bubble Stream 3 litros proporciona agua fresca, fluida y oxigenada. Esto anima a su perro a beber m\u00e1s a menudo. El Bubble Stream de Trixie no absorbe olores y mejora el sabor del agua potable. Debido a la circulaci\u00f3n del agua, se produce un enfriamiento natural del agua. El filtro de carb\u00f3n activado del bebedero para perros Bubble Stream mejora la calidad del agua y el dep\u00f3sito transparente permite un mejor control del contenido de agua. Adem\u00e1s, el Bubble Stream de Trixie tiene una bomba silenciosa y tiene un bajo consumo de energ\u00eda.<\/p>","_es_post_name":"trixie-bubble-stream","_es_post_excerpt":"","_es_post_title":"Trixie Bebedero perros Bubble Stream","edit_language":"nl"},"product_brand":[],"product_cat":[1861,1891,1117,1118,1857,1959,1866,1896],"product_tag":[],"class_list":{"0":"post-120468","1":"product","2":"type-product","3":"status-publish","4":"has-post-thumbnail","6":"product_cat-benodigdheden","8":"product_cat-honden","9":"product_cat-katten","10":"product_cat-merken","11":"product_cat-trixie","12":"product_cat-voerbak","14":"pa_aandoening-overig","15":"pa_doeldier-hond","16":"pa_doeldier-kat","17":"pa_fabricatieland-duitsland","18":"pa_merkfilter-trixie","19":"pa_merkgroep-trixie","20":"pa_productsoort-overig","21":"pa_seo_canonical_store_id-not_found_value","22":"pa_seo_category-not_found_value","23":"pa_seo_meta_robots-not_found_value","24":"pa_toedieningswijze-drinkfontein","25":"pa_werkzamestof-overig","27":"first","28":"instock","29":"sale","30":"taxable","31":"shipping-taxable","32":"product-type-grouped"},"yoast_head":"<!-- This site is optimized with the Yoast SEO plugin v27.5 - https:\/\/yoast.com\/product\/yoast-seo-wordpress\/ -->\n<title>Trixie Bubble Stream drinkfontein - Pharmacy4pets<\/title>\n<meta name=\"robots\" content=\"index, follow, max-snippet:-1, max-image-preview:large, max-video-preview:-1\" \/>\n<link rel=\"canonical\" href=\"https:\/\/www.pharmacy4pets.nl\/be\/trixie-bubble-stream\" \/>\n<meta property=\"og:locale\" content=\"nl_NL\" \/>\n<meta property=\"og:type\" content=\"article\" \/>\n<meta property=\"og:title\" content=\"Trixie Bubble Stream drinkfontein - Pharmacy4pets\" \/>\n<meta property=\"og:description\" content=\"De Trixie kunststof drinkfontein Bubble Stream 3 liter zorgt voor vers, stromend en zuurstofrijk water. Dit stimuleert uw hond om vaker te drinken. De Trixie Bubble Stream absorbeert geen geuren en zorgt voor een betere smaak van het drinkwater. Door de watercirculatie vindt er een natuurlijke koeling van het water plaats. Het actieve koolfilter in [&hellip;]\" \/>\n<meta property=\"og:url\" content=\"https:\/\/www.pharmacy4pets.nl\/be\/trixie-bubble-stream\" \/>\n<meta property=\"og:site_name\" content=\"Pharmacy4pets\" \/>\n<meta property=\"article:publisher\" content=\"https:\/\/www.facebook.com\/people\/Pharmacy4petsnl\/100063484989896\/\" \/>\n<meta property=\"article:modified_time\" content=\"2026-03-25T12:06:11+00:00\" \/>\n<meta property=\"og:image\" content=\"https:\/\/www.pharmacy4pets.nl\/wp-content\/uploads\/2024\/02\/Trixie_Bubble_Stream_4.jpg\" \/>\n\t<meta property=\"og:image:width\" content=\"1000\" \/>\n\t<meta property=\"og:image:height\" content=\"1000\" \/>\n\t<meta property=\"og:image:type\" content=\"image\/jpeg\" \/>\n<meta name=\"twitter:card\" content=\"summary_large_image\" \/>\n<script type=\"application\/ld+json\" class=\"yoast-schema-graph\">{\"@context\":\"https:\\\/\\\/schema.org\",\"@graph\":[{\"@type\":\"WebPage\",\"@id\":\"https:\\\/\\\/www.pharmacy4pets.nl\\\/be\\\/trixie-bubble-stream\",\"url\":\"https:\\\/\\\/www.pharmacy4pets.nl\\\/be\\\/trixie-bubble-stream\",\"name\":\"Trixie Bubble Stream drinkfontein - Pharmacy4pets\",\"isPartOf\":{\"@id\":\"http:\\\/\\\/www.pharmacy4pets.nl\\\/#website\"},\"primaryImageOfPage\":{\"@id\":\"https:\\\/\\\/www.pharmacy4pets.nl\\\/be\\\/trixie-bubble-stream#primaryimage\"},\"image\":{\"@id\":\"https:\\\/\\\/www.pharmacy4pets.nl\\\/be\\\/trixie-bubble-stream#primaryimage\"},\"thumbnailUrl\":\"https:\\\/\\\/www.pharmacy4pets.nl\\\/wp-content\\\/uploads\\\/2024\\\/02\\\/Trixie_Bubble_Stream_4.jpg\",\"datePublished\":\"2024-02-14T15:50:24+00:00\",\"dateModified\":\"2026-03-25T12:06:11+00:00\",\"breadcrumb\":{\"@id\":\"https:\\\/\\\/www.pharmacy4pets.nl\\\/be\\\/trixie-bubble-stream#breadcrumb\"},\"inLanguage\":\"nl-NL\",\"potentialAction\":[{\"@type\":\"ReadAction\",\"target\":[\"https:\\\/\\\/www.pharmacy4pets.nl\\\/be\\\/trixie-bubble-stream\"]}]},{\"@type\":\"ImageObject\",\"inLanguage\":\"nl-NL\",\"@id\":\"https:\\\/\\\/www.pharmacy4pets.nl\\\/be\\\/trixie-bubble-stream#primaryimage\",\"url\":\"https:\\\/\\\/www.pharmacy4pets.nl\\\/wp-content\\\/uploads\\\/2024\\\/02\\\/Trixie_Bubble_Stream_4.jpg\",\"contentUrl\":\"https:\\\/\\\/www.pharmacy4pets.nl\\\/wp-content\\\/uploads\\\/2024\\\/02\\\/Trixie_Bubble_Stream_4.jpg\",\"width\":1000,\"height\":1000,\"caption\":\"Trixie Bubble Stream drinkfontein-0\"},{\"@type\":\"BreadcrumbList\",\"@id\":\"https:\\\/\\\/www.pharmacy4pets.nl\\\/be\\\/trixie-bubble-stream#breadcrumb\",\"itemListElement\":[{\"@type\":\"ListItem\",\"position\":1,\"name\":\"Home\",\"item\":\"https:\\\/\\\/p4p-nl.bootmine.com\\\/\"},{\"@type\":\"ListItem\",\"position\":2,\"name\":\"Winkel\",\"item\":\"https:\\\/\\\/p4p-nl.bootmine.com\\\/winkel\"},{\"@type\":\"ListItem\",\"position\":3,\"name\":\"Trixie Bubble Stream drinkfontein\"}]},{\"@type\":\"WebSite\",\"@id\":\"http:\\\/\\\/www.pharmacy4pets.nl\\\/#website\",\"url\":\"http:\\\/\\\/www.pharmacy4pets.nl\\\/\",\"name\":\"Pharmacy4pets\",\"description\":\"Pharmacy4pets.nl is d\u00e9 online apotheek waar u terecht kunt voor alle diergeneesmiddelen, verzorgingsproducten en dieetvoeding voor uw huisdier.\",\"publisher\":{\"@id\":\"http:\\\/\\\/www.pharmacy4pets.nl\\\/#organization\"},\"potentialAction\":[{\"@type\":\"SearchAction\",\"target\":{\"@type\":\"EntryPoint\",\"urlTemplate\":\"http:\\\/\\\/www.pharmacy4pets.nl\\\/?s={search_term_string}\"},\"query-input\":{\"@type\":\"PropertyValueSpecification\",\"valueRequired\":true,\"valueName\":\"search_term_string\"}}],\"inLanguage\":\"nl-NL\"},{\"@type\":\"Organization\",\"@id\":\"http:\\\/\\\/www.pharmacy4pets.nl\\\/#organization\",\"name\":\"Pharmacy4pets\",\"url\":\"http:\\\/\\\/www.pharmacy4pets.nl\\\/\",\"logo\":{\"@type\":\"ImageObject\",\"inLanguage\":\"nl-NL\",\"@id\":\"http:\\\/\\\/www.pharmacy4pets.nl\\\/#\\\/schema\\\/logo\\\/image\\\/\",\"url\":\"https:\\\/\\\/p4p-nl.bootmine.com\\\/wp-content\\\/uploads\\\/2026\\\/03\\\/logo-pharmacy4pets.png\",\"contentUrl\":\"https:\\\/\\\/p4p-nl.bootmine.com\\\/wp-content\\\/uploads\\\/2026\\\/03\\\/logo-pharmacy4pets.png\",\"width\":1024,\"height\":135,\"caption\":\"Pharmacy4pets\"},\"image\":{\"@id\":\"http:\\\/\\\/www.pharmacy4pets.nl\\\/#\\\/schema\\\/logo\\\/image\\\/\"},\"sameAs\":[\"https:\\\/\\\/www.facebook.com\\\/people\\\/Pharmacy4petsnl\\\/100063484989896\\\/\",\"https:\\\/\\\/www.youtube.com\\\/channel\\\/UCGPTIgucgli03tP2_kvLkHg\\\/featured\",\"https:\\\/\\\/www.instagram.com\\\/pharmacy4pets.nl\"]}]}<\/script>\n<!-- \/ Yoast SEO plugin. -->","yoast_head_json":{"title":"Trixie Bubble Stream drinkfontein - Pharmacy4pets","robots":{"index":"index","follow":"follow","max-snippet":"max-snippet:-1","max-image-preview":"max-image-preview:large","max-video-preview":"max-video-preview:-1"},"canonical":"https:\/\/www.pharmacy4pets.nl\/be\/trixie-bubble-stream","og_locale":"nl_NL","og_type":"article","og_title":"Trixie Bubble Stream drinkfontein - Pharmacy4pets","og_description":"De Trixie kunststof drinkfontein Bubble Stream 3 liter zorgt voor vers, stromend en zuurstofrijk water. Dit stimuleert uw hond om vaker te drinken. De Trixie Bubble Stream absorbeert geen geuren en zorgt voor een betere smaak van het drinkwater. Door de watercirculatie vindt er een natuurlijke koeling van het water plaats. Het actieve koolfilter in [&hellip;]","og_url":"https:\/\/www.pharmacy4pets.nl\/be\/trixie-bubble-stream","og_site_name":"Pharmacy4pets","article_publisher":"https:\/\/www.facebook.com\/people\/Pharmacy4petsnl\/100063484989896\/","article_modified_time":"2026-03-25T12:06:11+00:00","og_image":[{"width":1000,"height":1000,"url":"https:\/\/www.pharmacy4pets.nl\/wp-content\/uploads\/2024\/02\/Trixie_Bubble_Stream_4.jpg","type":"image\/jpeg"}],"twitter_card":"summary_large_image","schema":{"@context":"https:\/\/schema.org","@graph":[{"@type":"WebPage","@id":"https:\/\/www.pharmacy4pets.nl\/be\/trixie-bubble-stream","url":"https:\/\/www.pharmacy4pets.nl\/be\/trixie-bubble-stream","name":"Trixie Bubble Stream drinkfontein - Pharmacy4pets","isPartOf":{"@id":"http:\/\/www.pharmacy4pets.nl\/#website"},"primaryImageOfPage":{"@id":"https:\/\/www.pharmacy4pets.nl\/be\/trixie-bubble-stream#primaryimage"},"image":{"@id":"https:\/\/www.pharmacy4pets.nl\/be\/trixie-bubble-stream#primaryimage"},"thumbnailUrl":"https:\/\/www.pharmacy4pets.nl\/wp-content\/uploads\/2024\/02\/Trixie_Bubble_Stream_4.jpg","datePublished":"2024-02-14T15:50:24+00:00","dateModified":"2026-03-25T12:06:11+00:00","breadcrumb":{"@id":"https:\/\/www.pharmacy4pets.nl\/be\/trixie-bubble-stream#breadcrumb"},"inLanguage":"nl-NL","potentialAction":[{"@type":"ReadAction","target":["https:\/\/www.pharmacy4pets.nl\/be\/trixie-bubble-stream"]}]},{"@type":"ImageObject","inLanguage":"nl-NL","@id":"https:\/\/www.pharmacy4pets.nl\/be\/trixie-bubble-stream#primaryimage","url":"https:\/\/www.pharmacy4pets.nl\/wp-content\/uploads\/2024\/02\/Trixie_Bubble_Stream_4.jpg","contentUrl":"https:\/\/www.pharmacy4pets.nl\/wp-content\/uploads\/2024\/02\/Trixie_Bubble_Stream_4.jpg","width":1000,"height":1000,"caption":"Trixie Bubble Stream drinkfontein-0"},{"@type":"BreadcrumbList","@id":"https:\/\/www.pharmacy4pets.nl\/be\/trixie-bubble-stream#breadcrumb","itemListElement":[{"@type":"ListItem","position":1,"name":"Home","item":"https:\/\/p4p-nl.bootmine.com\/"},{"@type":"ListItem","position":2,"name":"Winkel","item":"https:\/\/p4p-nl.bootmine.com\/winkel"},{"@type":"ListItem","position":3,"name":"Trixie Bubble Stream drinkfontein"}]},{"@type":"WebSite","@id":"http:\/\/www.pharmacy4pets.nl\/#website","url":"http:\/\/www.pharmacy4pets.nl\/","name":"Pharmacy4pets","description":"Pharmacy4pets.nl is d\u00e9 online apotheek waar u terecht kunt voor alle diergeneesmiddelen, verzorgingsproducten en dieetvoeding voor uw huisdier.","publisher":{"@id":"http:\/\/www.pharmacy4pets.nl\/#organization"},"potentialAction":[{"@type":"SearchAction","target":{"@type":"EntryPoint","urlTemplate":"http:\/\/www.pharmacy4pets.nl\/?s={search_term_string}"},"query-input":{"@type":"PropertyValueSpecification","valueRequired":true,"valueName":"search_term_string"}}],"inLanguage":"nl-NL"},{"@type":"Organization","@id":"http:\/\/www.pharmacy4pets.nl\/#organization","name":"Pharmacy4pets","url":"http:\/\/www.pharmacy4pets.nl\/","logo":{"@type":"ImageObject","inLanguage":"nl-NL","@id":"http:\/\/www.pharmacy4pets.nl\/#\/schema\/logo\/image\/","url":"https:\/\/p4p-nl.bootmine.com\/wp-content\/uploads\/2026\/03\/logo-pharmacy4pets.png","contentUrl":"https:\/\/p4p-nl.bootmine.com\/wp-content\/uploads\/2026\/03\/logo-pharmacy4pets.png","width":1024,"height":135,"caption":"Pharmacy4pets"},"image":{"@id":"http:\/\/www.pharmacy4pets.nl\/#\/schema\/logo\/image\/"},"sameAs":["https:\/\/www.facebook.com\/people\/Pharmacy4petsnl\/100063484989896\/","https:\/\/www.youtube.com\/channel\/UCGPTIgucgli03tP2_kvLkHg\/featured","https:\/\/www.instagram.com\/pharmacy4pets.nl"]}]}},"market_data":{"nl":{"price":0,"sale_price":0,"active":false,"url":null,"parent_url":"","tax_rate":0,"price_inc_tax":0,"sale_price_inc_tax":0},"de":{"price":0,"sale_price":0,"active":false,"url":null,"parent_url":"","tax_rate":0,"price_inc_tax":0,"sale_price_inc_tax":0},"be":{"price":0,"sale_price":0,"active":false,"url":null,"parent_url":"","tax_rate":0,"price_inc_tax":0,"sale_price_inc_tax":0},"fr":{"price":0,"sale_price":0,"active":false,"url":null,"parent_url":"","tax_rate":0,"price_inc_tax":0,"sale_price_inc_tax":0},"ch":{"price":0,"sale_price":0,"active":false,"url":null,"parent_url":"","tax_rate":0,"price_inc_tax":0,"sale_price_inc_tax":0},"at":{"price":0,"sale_price":0,"active":false,"url":null,"parent_url":"","tax_rate":0,"price_inc_tax":0,"sale_price_inc_tax":0},"es":{"price":0,"sale_price":0,"active":false,"url":null,"parent_url":"","tax_rate":0,"price_inc_tax":0,"sale_price_inc_tax":0},"dk":{"price":0,"sale_price":0,"active":false,"url":null,"parent_url":"","tax_rate":0,"price_inc_tax":0,"sale_price_inc_tax":0},"com":{"price":0,"sale_price":0,"active":false,"url":null,"parent_url":"","tax_rate":0,"price_inc_tax":0,"sale_price_inc_tax":0}},"market_nl_price":0,"market_nl_sale_price":0,"market_nl_active":false,"market_nl_url":null,"market_nl_parent_url":"","market_nl_tax_rate":0,"market_nl_price_inc_tax":0,"market_nl_sale_price_inc_tax":0,"market_de_price":0,"market_de_sale_price":0,"market_de_active":false,"market_de_url":null,"market_de_parent_url":"","market_de_tax_rate":0,"market_de_price_inc_tax":0,"market_de_sale_price_inc_tax":0,"market_be_price":0,"market_be_sale_price":0,"market_be_active":false,"market_be_url":null,"market_be_parent_url":"","market_be_tax_rate":0,"market_be_price_inc_tax":0,"market_be_sale_price_inc_tax":0,"market_fr_price":0,"market_fr_sale_price":0,"market_fr_active":false,"market_fr_url":null,"market_fr_parent_url":"","market_fr_tax_rate":0,"market_fr_price_inc_tax":0,"market_fr_sale_price_inc_tax":0,"market_ch_price":0,"market_ch_sale_price":0,"market_ch_active":false,"market_ch_url":null,"market_ch_parent_url":"","market_ch_tax_rate":0,"market_ch_price_inc_tax":0,"market_ch_sale_price_inc_tax":0,"market_at_price":0,"market_at_sale_price":0,"market_at_active":false,"market_at_url":null,"market_at_parent_url":"","market_at_tax_rate":0,"market_at_price_inc_tax":0,"market_at_sale_price_inc_tax":0,"market_es_price":0,"market_es_sale_price":0,"market_es_active":false,"market_es_url":null,"market_es_parent_url":"","market_es_tax_rate":0,"market_es_price_inc_tax":0,"market_es_sale_price_inc_tax":0,"market_dk_price":0,"market_dk_sale_price":0,"market_dk_active":false,"market_dk_url":null,"market_dk_parent_url":"","market_dk_tax_rate":0,"market_dk_price_inc_tax":0,"market_dk_sale_price_inc_tax":0,"market_com_price":0,"market_com_sale_price":0,"market_com_active":false,"market_com_url":null,"market_com_parent_url":"","market_com_tax_rate":0,"market_com_price_inc_tax":0,"market_com_sale_price_inc_tax":0,"acf":[],"_links":{"self":[{"href":"https:\/\/www.pharmacy4pets.nl\/be\/wp-json\/wp\/v2\/product\/120468","targetHints":{"allow":["GET"]}}],"collection":[{"href":"https:\/\/www.pharmacy4pets.nl\/be\/wp-json\/wp\/v2\/product"}],"about":[{"href":"https:\/\/www.pharmacy4pets.nl\/be\/wp-json\/wp\/v2\/types\/product"}],"replies":[{"embeddable":true,"href":"https:\/\/www.pharmacy4pets.nl\/be\/wp-json\/wp\/v2\/comments?post=120468"}],"wp:featuredmedia":[{"embeddable":true,"href":"https:\/\/www.pharmacy4pets.nl\/be\/wp-json\/wp\/v2\/media\/120464"}],"wp:attachment":[{"href":"https:\/\/www.pharmacy4pets.nl\/be\/wp-json\/wp\/v2\/media?parent=120468"}],"wp:term":[{"taxonomy":"product_brand","embeddable":true,"href":"https:\/\/www.pharmacy4pets.nl\/be\/wp-json\/wp\/v2\/product_brand?post=120468"},{"taxonomy":"product_cat","embeddable":true,"href":"https:\/\/www.pharmacy4pets.nl\/be\/wp-json\/wp\/v2\/product_cat?post=120468"},{"taxonomy":"product_tag","embeddable":true,"href":"https:\/\/www.pharmacy4pets.nl\/be\/wp-json\/wp\/v2\/product_tag?post=120468"}],"curies":[{"name":"wp","href":"https:\/\/api.w.org\/{rel}","templated":true}]}}