{"id":120457,"date":"2024-02-01T11:21:35","date_gmt":"2024-02-01T11:21:35","guid":{"rendered":"https:\/\/p4p.test\/zymosan-pancreaspoeder-120-gram"},"modified":"2026-04-14T08:05:39","modified_gmt":"2026-04-14T08:05:39","slug":"zymosan-pancreaspoeder-120-gram","status":"publish","type":"product","link":"https:\/\/www.pharmacy4pets.nl\/be\/zymosan-pancreaspoeder-120-gram","title":{"rendered":"Zymosan pancreaspoeder | 120 gram"},"content":{"rendered":"<p>Zymosan pancreaspoeder is een voedingssupplement voor honden en katten dat bijdraagt aan de vertering van eiwitten, koolhydraten en vetten. Zymosan pancreaspoeder bevat verteringsenzymen en ondersteunt uw hond of kat met alvleesklieraandoeningen.<\/p>\n<p>Aanbevolen dosering:<\/p>\n<p>Honden: 1 doseerlepel per maaltijd<br \/>Katten: 0.25 \/ 0.75 doseerlepel per maaltijd<\/p>\n","protected":false},"excerpt":{"rendered":"<p>Zymosan pancreaspoeder is een voedingssupplement voor honden en katten dat bijdraagt aan de vertering van eiwitten, koolhydraten en vetten. Zymosan pancreaspoeder bevat verteringsenzymen en ondersteunt uw hond of kat met alvleesklieraandoeningen. Aanbevolen dosering: Honden: 1 doseerlepel per maaltijdKatten: 0.25 \/ 0.75 doseerlepel per maaltijd<\/p>\n","protected":false},"featured_media":120456,"comment_status":"open","ping_status":"closed","template":"","meta":{"_acf_changed":false,"_nl_post_content":"<p>Zymosan pancreaspoeder is een voedingssupplement voor honden en katten dat bijdraagt aan de vertering van eiwitten, koolhydraten en vetten. Zymosan pancreaspoeder bevat verteringsenzymen en ondersteunt uw hond of kat met alvleesklieraandoeningen.<\/p>\n<p>Aanbevolen dosering:<br \/><br \/>Honden: 1 doseerlepel per maaltijd<br \/>Katten: 0.25 \/ 0.75 doseerlepel per maaltijd<\/p>","_nl_post_name":"zymosan-pancreaspoeder-120-gram","_nl_post_excerpt":"","_nl_post_title":"Zymosan pancreaspoeder | 120 gram","_en_post_content":"<p>Zymosan pancreatic powder is a dietary supplement for dogs and cats that contributes to the digestion of proteins, carbohydrates and fats. Zymosan pancreatic powder contains digestive enzymes and supports your dog or cat with pancreatic disorders.<\/p>\r\n<p>Recommended dosage:<\/p>\r\n<p>Dogs: 1 measuring spoon per meal<br \/>Cats: 0.25 \/ 0.75 tablespoon per meal<\/p>","_en_post_name":"zymosan-pancreatic-powder-120-grams","_en_post_excerpt":"","_en_post_title":"Zymosan pancreatic powder | 120 grams","_de_post_content":"<p>Zymosan <span class=\"text\" lang=\"de\">Bauchspeicheldr\u00fcse\u00a0<\/span>Pulver ist ein Nahrungserg\u00e4nzungsmittel f\u00fcr Hunde und Katzen, das die Verdauung von Proteinen, Kohlenhydraten und Fetten unterst\u00fctzt. Zymosan <span class=\"text\" lang=\"de\">Bauchspeicheldr\u00fcse\u00a0<\/span>Pulver enth\u00e4lt Verdauungsenzyme und unterst\u00fctzt Ihren Hund oder Ihre Katze bei Erkrankungen der Bauchspeicheldr\u00fcse.<\/p>\r\n<p>Empfohlene Dosierung:<\/p>\r\n<p>Hunde: 1 Messl\u00f6ffel pro Mahlzeit<br \/>Katzen: 0,25 \/ 0,75 Messl\u00f6ffel pro Mahlzeit<\/p>","_de_post_name":"zymosan-bauchspeicheldruse-pulver-120-gramm","_de_post_excerpt":"","_de_post_title":"Zymosan Bauchspeicheldr\u00fcse Pulver | 120 Gramm","_fr_post_content":"<p>Zymosan poudre pancr\u00e9atique est un compl\u00e9ment alimentaire pour chiens et chats qui contribue \u00e0 la digestion des prot\u00e9ines, des hydrates de carbone et des graisses. La poudre pancr\u00e9atique Zymosan contient des enzymes digestives et soutient votre chien ou votre chat en cas de troubles pancr\u00e9atiques.<\/p>\r\n<p>Dosage recommand\u00e9 :<\/p>\r\n<p>Chiens : 1 cuill\u00e8re de dosage par repas<br \/>Chats : 0,25 \/ 0,75 cuill\u00e8re \u00e0 soupe par repas<\/p>","_fr_post_name":"zymosan-poudre-pancreatique-120-grammes","_fr_post_excerpt":"","_fr_post_title":"Zymosan poudre pancr\u00e9atique | 120 grammes","_es_post_content":"<p>Zymosan polvo pancre\u00e1tico es un suplemento diet\u00e9tico para perros y gatos que contribuye a la digesti\u00f3n de prote\u00ednas, carbohidratos y grasas. Zymosan polvo pancre\u00e1tico contiene enzimas digestivas y ayuda a su perro o gato con trastornos pancre\u00e1ticos.<\/p>\r\n<p>Dosis recomendada:<\/p>\r\n<p>Perros: 1 cuchara dosificadora por comida<br \/>Gatos: 0,25 \/ 0,75 cucharada sopera por comida<\/p>","_es_post_name":"zymosan-polvo-pancreatico-120-gramos","_es_post_excerpt":"","_es_post_title":"Zymosan polvo pancre\u00e1tico | 120 gramos","edit_language":"nl"},"product_brand":[],"product_cat":[1872,1840,1117,1118,1871,1839,1857,2175],"product_tag":[],"class_list":{"0":"post-120457","1":"product","2":"type-product","3":"status-publish","4":"has-post-thumbnail","6":"product_cat-alvleesklier","8":"product_cat-honden","9":"product_cat-katten","10":"product_cat-medicijnen-supplementen","12":"product_cat-merken","13":"product_cat-zymosan","14":"pa_aandoening-overig","15":"pa_doeldier-hond","16":"pa_doeldier-kat","17":"pa_fabricatieland-nederland","18":"pa_merkfilter-zymosan","19":"pa_merkgroep-alfasan","20":"pa_productsoort-voedingssupplement","21":"pa_toedieningswijze-poeder","22":"pa_unit_pricing_base_measure-10g","23":"pa_unit_pricing_measure-120g","24":"pa_werkzamestof-overig","26":"first","27":"instock","28":"taxable","29":"shipping-taxable","30":"purchasable","31":"product-type-simple"},"yoast_head":"<!-- This site is optimized with the Yoast SEO plugin v27.5 - https:\/\/yoast.com\/product\/yoast-seo-wordpress\/ -->\n<title>Zymosan pancreaspoeder | 120 gram<\/title>\n<meta name=\"description\" content=\"Zymosan pancreaspoeder | 120 gram\" \/>\n<meta name=\"robots\" content=\"index, follow, max-snippet:-1, max-image-preview:large, max-video-preview:-1\" \/>\n<link rel=\"canonical\" href=\"https:\/\/p4p-nl.bootmine.com\/%product-slug%\/zymosan-pancreaspoeder-120-gram\" \/>\n<meta property=\"og:locale\" content=\"nl_NL\" \/>\n<meta property=\"og:type\" content=\"article\" \/>\n<meta property=\"og:title\" content=\"Zymosan pancreaspoeder | 120 gram\" \/>\n<meta property=\"og:description\" content=\"Zymosan pancreaspoeder | 120 gram\" \/>\n<meta property=\"og:url\" content=\"https:\/\/p4p-nl.bootmine.com\/%product-slug%\/zymosan-pancreaspoeder-120-gram\" \/>\n<meta property=\"og:site_name\" content=\"Pharmacy4pets\" \/>\n<meta property=\"article:publisher\" content=\"https:\/\/www.facebook.com\/people\/Pharmacy4petsnl\/100063484989896\/\" \/>\n<meta property=\"article:modified_time\" content=\"2026-04-14T08:05:39+00:00\" \/>\n<meta property=\"og:image\" content=\"https:\/\/p4p-nl.bootmine.com\/wp-content\/uploads\/2024\/02\/zymosan-120.jpg\" \/>\n\t<meta property=\"og:image:width\" content=\"425\" \/>\n\t<meta property=\"og:image:height\" content=\"425\" \/>\n\t<meta property=\"og:image:type\" content=\"image\/jpeg\" \/>\n<meta name=\"twitter:card\" content=\"summary_large_image\" \/>\n<script type=\"application\/ld+json\" class=\"yoast-schema-graph\">{\"@context\":\"https:\\\/\\\/schema.org\",\"@graph\":[{\"@type\":\"WebPage\",\"@id\":\"https:\\\/\\\/p4p-nl.bootmine.com\\\/%product-slug%\\\/zymosan-pancreaspoeder-120-gram\",\"url\":\"https:\\\/\\\/p4p-nl.bootmine.com\\\/%product-slug%\\\/zymosan-pancreaspoeder-120-gram\",\"name\":\"Zymosan pancreaspoeder | 120 gram\",\"isPartOf\":{\"@id\":\"http:\\\/\\\/www.pharmacy4pets.nl\\\/#website\"},\"primaryImageOfPage\":{\"@id\":\"https:\\\/\\\/p4p-nl.bootmine.com\\\/%product-slug%\\\/zymosan-pancreaspoeder-120-gram#primaryimage\"},\"image\":{\"@id\":\"https:\\\/\\\/p4p-nl.bootmine.com\\\/%product-slug%\\\/zymosan-pancreaspoeder-120-gram#primaryimage\"},\"thumbnailUrl\":\"https:\\\/\\\/www.pharmacy4pets.nl\\\/wp-content\\\/uploads\\\/2024\\\/02\\\/zymosan-120.jpg\",\"datePublished\":\"2024-02-01T11:21:35+00:00\",\"dateModified\":\"2026-04-14T08:05:39+00:00\",\"description\":\"Zymosan pancreaspoeder | 120 gram\",\"breadcrumb\":{\"@id\":\"https:\\\/\\\/p4p-nl.bootmine.com\\\/%product-slug%\\\/zymosan-pancreaspoeder-120-gram#breadcrumb\"},\"inLanguage\":\"nl-NL\",\"potentialAction\":[{\"@type\":\"ReadAction\",\"target\":[\"https:\\\/\\\/p4p-nl.bootmine.com\\\/%product-slug%\\\/zymosan-pancreaspoeder-120-gram\"]}]},{\"@type\":\"ImageObject\",\"inLanguage\":\"nl-NL\",\"@id\":\"https:\\\/\\\/p4p-nl.bootmine.com\\\/%product-slug%\\\/zymosan-pancreaspoeder-120-gram#primaryimage\",\"url\":\"https:\\\/\\\/www.pharmacy4pets.nl\\\/wp-content\\\/uploads\\\/2024\\\/02\\\/zymosan-120.jpg\",\"contentUrl\":\"https:\\\/\\\/www.pharmacy4pets.nl\\\/wp-content\\\/uploads\\\/2024\\\/02\\\/zymosan-120.jpg\",\"width\":425,\"height\":425,\"caption\":\"Zymosan\"},{\"@type\":\"BreadcrumbList\",\"@id\":\"https:\\\/\\\/p4p-nl.bootmine.com\\\/%product-slug%\\\/zymosan-pancreaspoeder-120-gram#breadcrumb\",\"itemListElement\":[{\"@type\":\"ListItem\",\"position\":1,\"name\":\"Home\",\"item\":\"https:\\\/\\\/p4p-nl.bootmine.com\\\/\"},{\"@type\":\"ListItem\",\"position\":2,\"name\":\"Winkel\",\"item\":\"https:\\\/\\\/p4p-nl.bootmine.com\\\/winkel\"},{\"@type\":\"ListItem\",\"position\":3,\"name\":\"Zymosan pancreaspoeder | 120 gram\"}]},{\"@type\":\"WebSite\",\"@id\":\"http:\\\/\\\/www.pharmacy4pets.nl\\\/#website\",\"url\":\"http:\\\/\\\/www.pharmacy4pets.nl\\\/\",\"name\":\"Pharmacy4pets\",\"description\":\"Pharmacy4pets.nl is d\u00e9 online apotheek waar u terecht kunt voor alle diergeneesmiddelen, verzorgingsproducten en dieetvoeding voor uw huisdier.\",\"publisher\":{\"@id\":\"http:\\\/\\\/www.pharmacy4pets.nl\\\/#organization\"},\"potentialAction\":[{\"@type\":\"SearchAction\",\"target\":{\"@type\":\"EntryPoint\",\"urlTemplate\":\"http:\\\/\\\/www.pharmacy4pets.nl\\\/?s={search_term_string}\"},\"query-input\":{\"@type\":\"PropertyValueSpecification\",\"valueRequired\":true,\"valueName\":\"search_term_string\"}}],\"inLanguage\":\"nl-NL\"},{\"@type\":\"Organization\",\"@id\":\"http:\\\/\\\/www.pharmacy4pets.nl\\\/#organization\",\"name\":\"Pharmacy4pets\",\"url\":\"http:\\\/\\\/www.pharmacy4pets.nl\\\/\",\"logo\":{\"@type\":\"ImageObject\",\"inLanguage\":\"nl-NL\",\"@id\":\"http:\\\/\\\/www.pharmacy4pets.nl\\\/#\\\/schema\\\/logo\\\/image\\\/\",\"url\":\"https:\\\/\\\/p4p-nl.bootmine.com\\\/wp-content\\\/uploads\\\/2026\\\/03\\\/logo-pharmacy4pets.png\",\"contentUrl\":\"https:\\\/\\\/p4p-nl.bootmine.com\\\/wp-content\\\/uploads\\\/2026\\\/03\\\/logo-pharmacy4pets.png\",\"width\":1024,\"height\":135,\"caption\":\"Pharmacy4pets\"},\"image\":{\"@id\":\"http:\\\/\\\/www.pharmacy4pets.nl\\\/#\\\/schema\\\/logo\\\/image\\\/\"},\"sameAs\":[\"https:\\\/\\\/www.facebook.com\\\/people\\\/Pharmacy4petsnl\\\/100063484989896\\\/\",\"https:\\\/\\\/www.youtube.com\\\/channel\\\/UCGPTIgucgli03tP2_kvLkHg\\\/featured\",\"https:\\\/\\\/www.instagram.com\\\/pharmacy4pets.nl\"]}]}<\/script>\n<!-- \/ Yoast SEO plugin. -->","yoast_head_json":{"title":"Zymosan pancreaspoeder | 120 gram","description":"Zymosan pancreaspoeder | 120 gram","robots":{"index":"index","follow":"follow","max-snippet":"max-snippet:-1","max-image-preview":"max-image-preview:large","max-video-preview":"max-video-preview:-1"},"canonical":"https:\/\/p4p-nl.bootmine.com\/%product-slug%\/zymosan-pancreaspoeder-120-gram","og_locale":"nl_NL","og_type":"article","og_title":"Zymosan pancreaspoeder | 120 gram","og_description":"Zymosan pancreaspoeder | 120 gram","og_url":"https:\/\/p4p-nl.bootmine.com\/%product-slug%\/zymosan-pancreaspoeder-120-gram","og_site_name":"Pharmacy4pets","article_publisher":"https:\/\/www.facebook.com\/people\/Pharmacy4petsnl\/100063484989896\/","article_modified_time":"2026-04-14T08:05:39+00:00","og_image":[{"width":425,"height":425,"url":"https:\/\/p4p-nl.bootmine.com\/wp-content\/uploads\/2024\/02\/zymosan-120.jpg","type":"image\/jpeg"}],"twitter_card":"summary_large_image","schema":{"@context":"https:\/\/schema.org","@graph":[{"@type":"WebPage","@id":"https:\/\/p4p-nl.bootmine.com\/%product-slug%\/zymosan-pancreaspoeder-120-gram","url":"https:\/\/p4p-nl.bootmine.com\/%product-slug%\/zymosan-pancreaspoeder-120-gram","name":"Zymosan pancreaspoeder | 120 gram","isPartOf":{"@id":"http:\/\/www.pharmacy4pets.nl\/#website"},"primaryImageOfPage":{"@id":"https:\/\/p4p-nl.bootmine.com\/%product-slug%\/zymosan-pancreaspoeder-120-gram#primaryimage"},"image":{"@id":"https:\/\/p4p-nl.bootmine.com\/%product-slug%\/zymosan-pancreaspoeder-120-gram#primaryimage"},"thumbnailUrl":"https:\/\/www.pharmacy4pets.nl\/wp-content\/uploads\/2024\/02\/zymosan-120.jpg","datePublished":"2024-02-01T11:21:35+00:00","dateModified":"2026-04-14T08:05:39+00:00","description":"Zymosan pancreaspoeder | 120 gram","breadcrumb":{"@id":"https:\/\/p4p-nl.bootmine.com\/%product-slug%\/zymosan-pancreaspoeder-120-gram#breadcrumb"},"inLanguage":"nl-NL","potentialAction":[{"@type":"ReadAction","target":["https:\/\/p4p-nl.bootmine.com\/%product-slug%\/zymosan-pancreaspoeder-120-gram"]}]},{"@type":"ImageObject","inLanguage":"nl-NL","@id":"https:\/\/p4p-nl.bootmine.com\/%product-slug%\/zymosan-pancreaspoeder-120-gram#primaryimage","url":"https:\/\/www.pharmacy4pets.nl\/wp-content\/uploads\/2024\/02\/zymosan-120.jpg","contentUrl":"https:\/\/www.pharmacy4pets.nl\/wp-content\/uploads\/2024\/02\/zymosan-120.jpg","width":425,"height":425,"caption":"Zymosan"},{"@type":"BreadcrumbList","@id":"https:\/\/p4p-nl.bootmine.com\/%product-slug%\/zymosan-pancreaspoeder-120-gram#breadcrumb","itemListElement":[{"@type":"ListItem","position":1,"name":"Home","item":"https:\/\/p4p-nl.bootmine.com\/"},{"@type":"ListItem","position":2,"name":"Winkel","item":"https:\/\/p4p-nl.bootmine.com\/winkel"},{"@type":"ListItem","position":3,"name":"Zymosan pancreaspoeder | 120 gram"}]},{"@type":"WebSite","@id":"http:\/\/www.pharmacy4pets.nl\/#website","url":"http:\/\/www.pharmacy4pets.nl\/","name":"Pharmacy4pets","description":"Pharmacy4pets.nl is d\u00e9 online apotheek waar u terecht kunt voor alle diergeneesmiddelen, verzorgingsproducten en dieetvoeding voor uw huisdier.","publisher":{"@id":"http:\/\/www.pharmacy4pets.nl\/#organization"},"potentialAction":[{"@type":"SearchAction","target":{"@type":"EntryPoint","urlTemplate":"http:\/\/www.pharmacy4pets.nl\/?s={search_term_string}"},"query-input":{"@type":"PropertyValueSpecification","valueRequired":true,"valueName":"search_term_string"}}],"inLanguage":"nl-NL"},{"@type":"Organization","@id":"http:\/\/www.pharmacy4pets.nl\/#organization","name":"Pharmacy4pets","url":"http:\/\/www.pharmacy4pets.nl\/","logo":{"@type":"ImageObject","inLanguage":"nl-NL","@id":"http:\/\/www.pharmacy4pets.nl\/#\/schema\/logo\/image\/","url":"https:\/\/p4p-nl.bootmine.com\/wp-content\/uploads\/2026\/03\/logo-pharmacy4pets.png","contentUrl":"https:\/\/p4p-nl.bootmine.com\/wp-content\/uploads\/2026\/03\/logo-pharmacy4pets.png","width":1024,"height":135,"caption":"Pharmacy4pets"},"image":{"@id":"http:\/\/www.pharmacy4pets.nl\/#\/schema\/logo\/image\/"},"sameAs":["https:\/\/www.facebook.com\/people\/Pharmacy4petsnl\/100063484989896\/","https:\/\/www.youtube.com\/channel\/UCGPTIgucgli03tP2_kvLkHg\/featured","https:\/\/www.instagram.com\/pharmacy4pets.nl"]}]}},"market_data":{"nl":{"price":0,"sale_price":0,"active":false,"url":null,"parent_url":"","tax_rate":0,"price_inc_tax":0,"sale_price_inc_tax":0},"de":{"price":0,"sale_price":0,"active":false,"url":null,"parent_url":"","tax_rate":0,"price_inc_tax":0,"sale_price_inc_tax":0},"be":{"price":0,"sale_price":0,"active":false,"url":null,"parent_url":"","tax_rate":0,"price_inc_tax":0,"sale_price_inc_tax":0},"fr":{"price":0,"sale_price":0,"active":false,"url":null,"parent_url":"","tax_rate":0,"price_inc_tax":0,"sale_price_inc_tax":0},"ch":{"price":0,"sale_price":0,"active":false,"url":null,"parent_url":"","tax_rate":0,"price_inc_tax":0,"sale_price_inc_tax":0},"at":{"price":0,"sale_price":0,"active":false,"url":null,"parent_url":"","tax_rate":0,"price_inc_tax":0,"sale_price_inc_tax":0},"es":{"price":0,"sale_price":0,"active":false,"url":null,"parent_url":"","tax_rate":0,"price_inc_tax":0,"sale_price_inc_tax":0},"dk":{"price":0,"sale_price":0,"active":false,"url":null,"parent_url":"","tax_rate":0,"price_inc_tax":0,"sale_price_inc_tax":0},"com":{"price":0,"sale_price":0,"active":false,"url":null,"parent_url":"","tax_rate":0,"price_inc_tax":0,"sale_price_inc_tax":0}},"market_nl_price":0,"market_nl_sale_price":0,"market_nl_active":false,"market_nl_url":null,"market_nl_parent_url":"","market_nl_tax_rate":0,"market_nl_price_inc_tax":0,"market_nl_sale_price_inc_tax":0,"market_de_price":0,"market_de_sale_price":0,"market_de_active":false,"market_de_url":null,"market_de_parent_url":"","market_de_tax_rate":0,"market_de_price_inc_tax":0,"market_de_sale_price_inc_tax":0,"market_be_price":0,"market_be_sale_price":0,"market_be_active":false,"market_be_url":null,"market_be_parent_url":"","market_be_tax_rate":0,"market_be_price_inc_tax":0,"market_be_sale_price_inc_tax":0,"market_fr_price":0,"market_fr_sale_price":0,"market_fr_active":false,"market_fr_url":null,"market_fr_parent_url":"","market_fr_tax_rate":0,"market_fr_price_inc_tax":0,"market_fr_sale_price_inc_tax":0,"market_ch_price":0,"market_ch_sale_price":0,"market_ch_active":false,"market_ch_url":null,"market_ch_parent_url":"","market_ch_tax_rate":0,"market_ch_price_inc_tax":0,"market_ch_sale_price_inc_tax":0,"market_at_price":0,"market_at_sale_price":0,"market_at_active":false,"market_at_url":null,"market_at_parent_url":"","market_at_tax_rate":0,"market_at_price_inc_tax":0,"market_at_sale_price_inc_tax":0,"market_es_price":0,"market_es_sale_price":0,"market_es_active":false,"market_es_url":null,"market_es_parent_url":"","market_es_tax_rate":0,"market_es_price_inc_tax":0,"market_es_sale_price_inc_tax":0,"market_dk_price":0,"market_dk_sale_price":0,"market_dk_active":false,"market_dk_url":null,"market_dk_parent_url":"","market_dk_tax_rate":0,"market_dk_price_inc_tax":0,"market_dk_sale_price_inc_tax":0,"market_com_price":0,"market_com_sale_price":0,"market_com_active":false,"market_com_url":null,"market_com_parent_url":"","market_com_tax_rate":0,"market_com_price_inc_tax":0,"market_com_sale_price_inc_tax":0,"acf":[],"_links":{"self":[{"href":"https:\/\/www.pharmacy4pets.nl\/be\/wp-json\/wp\/v2\/product\/120457","targetHints":{"allow":["GET"]}}],"collection":[{"href":"https:\/\/www.pharmacy4pets.nl\/be\/wp-json\/wp\/v2\/product"}],"about":[{"href":"https:\/\/www.pharmacy4pets.nl\/be\/wp-json\/wp\/v2\/types\/product"}],"replies":[{"embeddable":true,"href":"https:\/\/www.pharmacy4pets.nl\/be\/wp-json\/wp\/v2\/comments?post=120457"}],"wp:featuredmedia":[{"embeddable":true,"href":"https:\/\/www.pharmacy4pets.nl\/be\/wp-json\/wp\/v2\/media\/120456"}],"wp:attachment":[{"href":"https:\/\/www.pharmacy4pets.nl\/be\/wp-json\/wp\/v2\/media?parent=120457"}],"wp:term":[{"taxonomy":"product_brand","embeddable":true,"href":"https:\/\/www.pharmacy4pets.nl\/be\/wp-json\/wp\/v2\/product_brand?post=120457"},{"taxonomy":"product_cat","embeddable":true,"href":"https:\/\/www.pharmacy4pets.nl\/be\/wp-json\/wp\/v2\/product_cat?post=120457"},{"taxonomy":"product_tag","embeddable":true,"href":"https:\/\/www.pharmacy4pets.nl\/be\/wp-json\/wp\/v2\/product_tag?post=120457"}],"curies":[{"name":"wp","href":"https:\/\/api.w.org\/{rel}","templated":true}]}}