{"id":120455,"date":"2024-02-01T10:36:52","date_gmt":"2024-02-01T10:36:52","guid":{"rendered":"https:\/\/p4p.test\/anibidiol-nature-5-60-capsules"},"modified":"2026-04-14T08:05:39","modified_gmt":"2026-04-14T08:05:39","slug":"anibidiol-nature-5-60-capsules","status":"publish","type":"product","link":"https:\/\/www.pharmacy4pets.nl\/be\/anibidiol-nature-5-60-capsules","title":{"rendered":"Anibidiol Nature 5 | 60 capsules"},"content":{"rendered":"<p>Anibidiol nature 5 is een voedingssupplement voor honden en katten op basis van hennepbloem. <br \/>Anibidiol nature 5 werkt ter ondersteuning van een evenwichtig gedrag, immuunsysteem, bewegingsstelsel en bevordering van het algemene welzijn van je hond of kat.<\/p>\n<p>Voor honden boven de 25 kg is er Anibidiol nature 25 beschikbaar.<\/p>\n<p>Doseringstabel:<\/p>\n<table style=\"width: 380px;\" border=\"1\" cellspacing=\"0\" cellpadding=\"0\">\n<tbody>\n<tr>\n<td style=\"width: 123px;\">\n<p><strong>Lichaamsgewicht<\/strong><\/p>\n<\/td>\n<td style=\"width: 101px;\">\n<p><strong>\u00a0 Per dag<\/strong><\/p>\n<\/td>\n<\/tr>\n<tr>\n<td style=\"width: 123px;\">\n<p>\u00a0 5 kg<\/p>\n<\/td>\n<td style=\"width: 101px;\">\n<p>\u00a0 1 &#8211; 4 capsules<\/p>\n<\/td>\n<\/tr>\n<tr>\n<td style=\"width: 123px;\">\n<p>\u00a0 10 kg<\/p>\n<\/td>\n<td style=\"width: 101px;\">\n<p>\u00a0 1 &#8211; 8 capsules<\/p>\n<\/td>\n<\/tr>\n<tr>\n<td style=\"width: 123px;\">\n<p>\u00a0 15 kg<\/p>\n<\/td>\n<td style=\"width: 101px;\">\n<p>\u00a0 1 &#8211; 12\u00a0capsules<\/p>\n<\/td>\n<\/tr>\n<tr>\n<td style=\"width: 123px;\">\n<p>\u00a0 20\u00a0kg<\/p>\n<\/td>\n<td style=\"width: 101px;\">\n<p>\u00a0 2\u00a0&#8211; 16\u00a0capsules<\/p>\n<\/td>\n<\/tr>\n<\/tbody>\n<\/table>\n","protected":false},"excerpt":{"rendered":"<p>Anibidiol nature 5 is een voedingssupplement voor honden en katten op basis van hennepbloem. Anibidiol nature 5 werkt ter ondersteuning van een evenwichtig gedrag, immuunsysteem, bewegingsstelsel en bevordering van het algemene welzijn van je hond of kat. Voor honden boven de 25 kg is er Anibidiol nature 25 beschikbaar. Doseringstabel: Lichaamsgewicht \u00a0 Per dag \u00a0 [&hellip;]<\/p>\n","protected":false},"featured_media":120454,"comment_status":"open","ping_status":"closed","template":"","meta":{"_acf_changed":false,"_nl_post_content":"<p>Anibidiol nature 5 is een voedingssupplement voor honden en katten op basis van hennepbloem. <br \/>Anibidiol nature 5 werkt ter ondersteuning van een evenwichtig gedrag, immuunsysteem, bewegingsstelsel en bevordering van het algemene welzijn van je hond of kat.<br \/><br \/>Voor honden boven de 25 kg is er Anibidiol nature 25 beschikbaar.<\/p>\r\n<p>Doseringstabel:<\/p>\r\n<table style=\"width: 380px;\" border=\"1\" cellspacing=\"0\" cellpadding=\"0\">\r\n<tbody>\r\n<tr>\r\n<td style=\"width: 123px;\">\r\n<p><strong>Lichaamsgewicht<\/strong><\/p>\r\n<\/td>\r\n<td style=\"width: 101px;\">\r\n<p><strong>\u00a0 Per dag<\/strong><\/p>\r\n<\/td>\r\n<\/tr>\r\n<tr>\r\n<td style=\"width: 123px;\">\r\n<p>\u00a0 5 kg<\/p>\r\n<\/td>\r\n<td style=\"width: 101px;\">\r\n<p>\u00a0 1 - 4 capsules<\/p>\r\n<\/td>\r\n<\/tr>\r\n<tr>\r\n<td style=\"width: 123px;\">\r\n<p>\u00a0 10 kg<\/p>\r\n<\/td>\r\n<td style=\"width: 101px;\">\r\n<p>\u00a0 1 - 8 capsules<\/p>\r\n<\/td>\r\n<\/tr>\r\n<tr>\r\n<td style=\"width: 123px;\">\r\n<p>\u00a0 15 kg<\/p>\r\n<\/td>\r\n<td style=\"width: 101px;\">\r\n<p>\u00a0 1 - 12\u00a0capsules<\/p>\r\n<\/td>\r\n<\/tr>\r\n<tr>\r\n<td style=\"width: 123px;\">\r\n<p>\u00a0 20\u00a0kg<\/p>\r\n<\/td>\r\n<td style=\"width: 101px;\">\r\n<p>\u00a0 2\u00a0- 16\u00a0capsules<\/p>\r\n<\/td>\r\n<\/tr>\r\n<\/tbody>\r\n<\/table>","_nl_post_name":"anibidiol-nature-5-60-capsules","_nl_post_excerpt":"","_nl_post_title":"Anibidiol Nature 5 | 60 capsules","_en_post_content":"<p>Anibidiol nature 5 is a dietary supplement for dogs and cats based on hemp flower.<br \/>Anibidiol nature 5 works to support balanced behavior, immune system, exercise system and promote the general well-being of your dog or cat.<\/p>\r\n<p>For dogs over 25 kg, Anibidiol nature 25 is available.<\/p>\r\n<p>Dosage chart:<\/p>\r\n<table style=\"width: 380px;\" border=\"1\" cellspacing=\"0\" cellpadding=\"0\">\r\n<tbody>\r\n<tr>\r\n<td style=\"width: 123px;\">\r\n<p><strong>Body Weight<br \/><\/strong><\/p>\r\n<\/td>\r\n<td style=\"width: 101px;\">\r\n<p><strong>\u00a0 Per day<\/strong><\/p>\r\n<\/td>\r\n<\/tr>\r\n<tr>\r\n<td style=\"width: 123px;\">\r\n<p>\u00a0 5 kg<\/p>\r\n<\/td>\r\n<td style=\"width: 101px;\">\r\n<p>\u00a0 1 - 4 capsules<\/p>\r\n<\/td>\r\n<\/tr>\r\n<tr>\r\n<td style=\"width: 123px;\">\r\n<p>\u00a0 10 kg<\/p>\r\n<\/td>\r\n<td style=\"width: 101px;\">\r\n<p>\u00a0 1 - 8 capsules<\/p>\r\n<\/td>\r\n<\/tr>\r\n<tr>\r\n<td style=\"width: 123px;\">\r\n<p>\u00a0 15 kg<\/p>\r\n<\/td>\r\n<td style=\"width: 101px;\">\r\n<p>\u00a0 1 - 12\u00a0capsules<\/p>\r\n<\/td>\r\n<\/tr>\r\n<tr>\r\n<td style=\"width: 123px;\">\r\n<p>\u00a0 20\u00a0kg<\/p>\r\n<\/td>\r\n<td style=\"width: 101px;\">\r\n<p>\u00a0 2\u00a0- 16\u00a0capsules<\/p>\r\n<\/td>\r\n<\/tr>\r\n<\/tbody>\r\n<\/table>","_en_post_name":"anibidiol-nature-5-60-capsules","_en_post_excerpt":"","_en_post_title":"Anibidiol Nature 5 | 60 capsules","_de_post_content":"<p>Anibidiol nature 5 ist ein Nahrungserg\u00e4nzungsmittel f\u00fcr Hunde und Katzen auf der Basis von Hanfbl\u00fcten.<br \/>Anibidiol nature 5 unterst\u00fctzt ein ausgeglichenes Verhalten, das Immunsystem, den Bewegungsapparat und das allgemeine Wohlbefinden Ihres Hundes oder Ihrer Katze.<\/p>\r\n<p>F\u00fcr Hunde \u00fcber 25 kg ist Anibidiol nature 25 erh\u00e4ltlich.<\/p>\r\n<p>Dosierungstabelle:<\/p>\r\n<table style=\"width: 380px;\" border=\"1\" cellspacing=\"0\" cellpadding=\"0\">\r\n<tbody>\r\n<tr>\r\n<td style=\"width: 123px;\">\r\n<p>K\u00f6rpergewicht<\/p>\r\n<\/td>\r\n<td style=\"width: 101px;\">\r\n<p><strong>\u00a0 Pro Tag<br \/><\/strong><\/p>\r\n<\/td>\r\n<\/tr>\r\n<tr>\r\n<td style=\"width: 123px;\">\r\n<p>\u00a0 5 kg<\/p>\r\n<\/td>\r\n<td style=\"width: 101px;\">\r\n<p>\u00a0 1 - 4 Kapseln<\/p>\r\n<\/td>\r\n<\/tr>\r\n<tr>\r\n<td style=\"width: 123px;\">\r\n<p>\u00a0 10 kg<\/p>\r\n<\/td>\r\n<td style=\"width: 101px;\">\r\n<p>\u00a0 1 - 8 Kapseln<\/p>\r\n<\/td>\r\n<\/tr>\r\n<tr>\r\n<td style=\"width: 123px;\">\r\n<p>\u00a0 15 kg<\/p>\r\n<\/td>\r\n<td style=\"width: 101px;\">\r\n<p>\u00a0 1 - 12 Kapseln<\/p>\r\n<\/td>\r\n<\/tr>\r\n<tr>\r\n<td style=\"width: 123px;\">\r\n<p>\u00a0 20\u00a0kg<\/p>\r\n<\/td>\r\n<td style=\"width: 101px;\">\r\n<p>\u00a0 2 - 16 Kapseln<\/p>\r\n<\/td>\r\n<\/tr>\r\n<\/tbody>\r\n<\/table>","_de_post_name":"anibidiol-nature-5-60-kapseln","_de_post_excerpt":"","_de_post_title":"Anibidiol Nature 5 | 60 Kapseln","_fr_post_content":"<p>Anibidiol nature 5 est un compl\u00e9ment alimentaire pour chiens et chats \u00e0 base de fleur de chanvre.<\/p>\r\n<p>Anibidiol nature 5 contribue \u00e0 l'\u00e9quilibre du comportement, du syst\u00e8me immunitaire, du syst\u00e8me d'exercice et au bien-\u00eatre g\u00e9n\u00e9ral de votre chien ou de votre chat.<\/p>\r\n<p>Pour les chiens de plus de 25 kg, Anibidiol nature 25 est \u00e9galement disponible.<\/p>\r\n<p>Tableau de dosage :<\/p>\r\n<p>\u00a0<\/p>\r\n<table style=\"width: 380px;\" border=\"1\" cellspacing=\"0\" cellpadding=\"0\">\r\n<tbody>\r\n<tr>\r\n<td style=\"width: 123px;\">\r\n<p>Poids corporel<\/p>\r\n<\/td>\r\n<td style=\"width: 101px;\">Par jour<\/td>\r\n<\/tr>\r\n<tr>\r\n<td style=\"width: 123px;\">\r\n<p>\u00a0 5 kg<\/p>\r\n<\/td>\r\n<td style=\"width: 101px;\">\r\n<p>\u00a0 1 - 4 capsules<\/p>\r\n<\/td>\r\n<\/tr>\r\n<tr>\r\n<td style=\"width: 123px;\">\r\n<p>\u00a0 10 kg<\/p>\r\n<\/td>\r\n<td style=\"width: 101px;\">\r\n<p>\u00a0 1 - 8 capsules<\/p>\r\n<\/td>\r\n<\/tr>\r\n<tr>\r\n<td style=\"width: 123px;\">\r\n<p>\u00a0 15 kg<\/p>\r\n<\/td>\r\n<td style=\"width: 101px;\">\r\n<p>\u00a0 1 - 12\u00a0capsules<\/p>\r\n<\/td>\r\n<\/tr>\r\n<tr>\r\n<td style=\"width: 123px;\">\r\n<p>\u00a0 20\u00a0kg<\/p>\r\n<\/td>\r\n<td style=\"width: 101px;\">\r\n<p>\u00a0 2\u00a0- 16\u00a0capsules<\/p>\r\n<\/td>\r\n<\/tr>\r\n<\/tbody>\r\n<\/table>","_fr_post_name":"anibidiol-nature-5-60-gelules","_fr_post_excerpt":"","_fr_post_title":"Anibidiol Nature 5 | 60 g\u00e9lules","_es_post_content":"<p>Anibidiol nature 5 es un suplemento diet\u00e9tico para perros y gatos a base de flor de c\u00e1\u00f1amo.<\/p>\r\n<p>Anibidiol nature 5 favorece un comportamiento equilibrado, el sistema inmunitario, el sistema de ejercicio y el bienestar general de su perro o gato.<\/p>\r\n<p>Para perros de m\u00e1s de 25 kg, Anibidiol nature 25 est\u00e1 disponible.<\/p>\r\n<p>Tabla de dosificaci\u00f3n:<\/p>\r\n<table style=\"width: 380px;\" border=\"1\" cellspacing=\"0\" cellpadding=\"0\">\r\n<tbody>\r\n<tr>\r\n<td style=\"width: 123px;\">\r\n<p>Peso corporal<\/p>\r\n<\/td>\r\n<td style=\"width: 101px;\">\r\n<p>\u00a0<\/p>\r\n<p><strong>\u00a0Por d\u00eda<br \/><br \/><\/strong><\/p>\r\n<\/td>\r\n<\/tr>\r\n<tr>\r\n<td style=\"width: 123px;\">\r\n<p>\u00a0 5 kg<\/p>\r\n<\/td>\r\n<td style=\"width: 101px;\">\r\n<p>\u00a0 1 - 4 c\u00e1psulas<\/p>\r\n<\/td>\r\n<\/tr>\r\n<tr>\r\n<td style=\"width: 123px;\">\r\n<p>\u00a0 10 kg<\/p>\r\n<\/td>\r\n<td style=\"width: 101px;\">\r\n<p>\u00a0 1 - 8 c\u00e1psulas<\/p>\r\n<\/td>\r\n<\/tr>\r\n<tr>\r\n<td style=\"width: 123px;\">\r\n<p>\u00a0 15 kg<\/p>\r\n<\/td>\r\n<td style=\"width: 101px;\">\r\n<p>\u00a0 1 - 12 c\u00e1psulas<\/p>\r\n<\/td>\r\n<\/tr>\r\n<tr>\r\n<td style=\"width: 123px;\">\r\n<p>\u00a0 20\u00a0kg<\/p>\r\n<\/td>\r\n<td style=\"width: 101px;\">\r\n<p>\u00a0 2 - 16 c\u00e1psulas<\/p>\r\n<\/td>\r\n<\/tr>\r\n<\/tbody>\r\n<\/table>","_es_post_name":"anibidiol-nature-5-60-capsulas","_es_post_excerpt":"","_es_post_title":"Anibidiol Nature 5 | 60 capsulas","edit_language":"nl"},"product_brand":[],"product_cat":[2022,1117,1118,1839,1871,1857,1854,1885],"product_tag":[],"class_list":{"0":"post-120455","1":"product","2":"type-product","3":"status-publish","4":"has-post-thumbnail","6":"product_cat-anibidiol-virbac","7":"product_cat-honden","8":"product_cat-katten","9":"product_cat-medicijnen-supplementen","11":"product_cat-merken","12":"product_cat-zenuwstelsel","14":"pa_aandoening-overig","15":"pa_doeldier-hond","16":"pa_doeldier-kat","17":"pa_fabricatieland-frankrijk","18":"pa_merkfilter-anibidiol","19":"pa_merkgroep-virbac","20":"pa_productsoort-voedingssupplement","21":"pa_toedieningswijze-capsules","22":"pa_unit_pricing_base_measure-1ct","23":"pa_unit_pricing_measure-60ct","24":"pa_werkzamestof-overig","26":"first","27":"instock","28":"taxable","29":"shipping-taxable","30":"purchasable","31":"product-type-simple"},"yoast_head":"<!-- This site is optimized with the Yoast SEO plugin v27.5 - https:\/\/yoast.com\/product\/yoast-seo-wordpress\/ -->\n<title>Anibidiol nature 5 | 60 capsules<\/title>\n<meta name=\"description\" content=\"Anibidiol nature 5 | 60 capsules\" \/>\n<meta name=\"robots\" content=\"index, follow, max-snippet:-1, max-image-preview:large, max-video-preview:-1\" \/>\n<link rel=\"canonical\" href=\"https:\/\/p4p-nl.bootmine.com\/%product-slug%\/anibidiol-nature-5-60-capsules\" \/>\n<meta property=\"og:locale\" content=\"nl_NL\" \/>\n<meta property=\"og:type\" content=\"article\" \/>\n<meta property=\"og:title\" content=\"Anibidiol nature 5 | 60 capsules\" \/>\n<meta property=\"og:description\" content=\"Anibidiol nature 5 | 60 capsules\" \/>\n<meta property=\"og:url\" content=\"https:\/\/p4p-nl.bootmine.com\/%product-slug%\/anibidiol-nature-5-60-capsules\" \/>\n<meta property=\"og:site_name\" content=\"Pharmacy4pets\" \/>\n<meta property=\"article:publisher\" content=\"https:\/\/www.facebook.com\/people\/Pharmacy4petsnl\/100063484989896\/\" \/>\n<meta property=\"article:modified_time\" content=\"2026-04-14T08:05:39+00:00\" \/>\n<meta property=\"og:image\" content=\"https:\/\/p4p-nl.bootmine.com\/wp-content\/uploads\/2024\/02\/anibidiol-nature-5_12.jpg\" \/>\n\t<meta property=\"og:image:width\" content=\"363\" \/>\n\t<meta property=\"og:image:height\" content=\"363\" \/>\n\t<meta property=\"og:image:type\" content=\"image\/jpeg\" \/>\n<meta name=\"twitter:card\" content=\"summary_large_image\" \/>\n<script type=\"application\/ld+json\" class=\"yoast-schema-graph\">{\"@context\":\"https:\\\/\\\/schema.org\",\"@graph\":[{\"@type\":\"WebPage\",\"@id\":\"https:\\\/\\\/p4p-nl.bootmine.com\\\/%product-slug%\\\/anibidiol-nature-5-60-capsules\",\"url\":\"https:\\\/\\\/p4p-nl.bootmine.com\\\/%product-slug%\\\/anibidiol-nature-5-60-capsules\",\"name\":\"Anibidiol nature 5 | 60 capsules\",\"isPartOf\":{\"@id\":\"http:\\\/\\\/www.pharmacy4pets.nl\\\/#website\"},\"primaryImageOfPage\":{\"@id\":\"https:\\\/\\\/p4p-nl.bootmine.com\\\/%product-slug%\\\/anibidiol-nature-5-60-capsules#primaryimage\"},\"image\":{\"@id\":\"https:\\\/\\\/p4p-nl.bootmine.com\\\/%product-slug%\\\/anibidiol-nature-5-60-capsules#primaryimage\"},\"thumbnailUrl\":\"https:\\\/\\\/www.pharmacy4pets.nl\\\/wp-content\\\/uploads\\\/2024\\\/02\\\/anibidiol-nature-5_12.jpg\",\"datePublished\":\"2024-02-01T10:36:52+00:00\",\"dateModified\":\"2026-04-14T08:05:39+00:00\",\"description\":\"Anibidiol nature 5 | 60 capsules\",\"breadcrumb\":{\"@id\":\"https:\\\/\\\/p4p-nl.bootmine.com\\\/%product-slug%\\\/anibidiol-nature-5-60-capsules#breadcrumb\"},\"inLanguage\":\"nl-NL\",\"potentialAction\":[{\"@type\":\"ReadAction\",\"target\":[\"https:\\\/\\\/p4p-nl.bootmine.com\\\/%product-slug%\\\/anibidiol-nature-5-60-capsules\"]}]},{\"@type\":\"ImageObject\",\"inLanguage\":\"nl-NL\",\"@id\":\"https:\\\/\\\/p4p-nl.bootmine.com\\\/%product-slug%\\\/anibidiol-nature-5-60-capsules#primaryimage\",\"url\":\"https:\\\/\\\/www.pharmacy4pets.nl\\\/wp-content\\\/uploads\\\/2024\\\/02\\\/anibidiol-nature-5_12.jpg\",\"contentUrl\":\"https:\\\/\\\/www.pharmacy4pets.nl\\\/wp-content\\\/uploads\\\/2024\\\/02\\\/anibidiol-nature-5_12.jpg\",\"width\":363,\"height\":363,\"caption\":\"Anibidiol Nature 5\"},{\"@type\":\"BreadcrumbList\",\"@id\":\"https:\\\/\\\/p4p-nl.bootmine.com\\\/%product-slug%\\\/anibidiol-nature-5-60-capsules#breadcrumb\",\"itemListElement\":[{\"@type\":\"ListItem\",\"position\":1,\"name\":\"Home\",\"item\":\"https:\\\/\\\/p4p-nl.bootmine.com\\\/\"},{\"@type\":\"ListItem\",\"position\":2,\"name\":\"Winkel\",\"item\":\"https:\\\/\\\/p4p-nl.bootmine.com\\\/winkel\"},{\"@type\":\"ListItem\",\"position\":3,\"name\":\"Anibidiol Nature 5 | 60 capsules\"}]},{\"@type\":\"WebSite\",\"@id\":\"http:\\\/\\\/www.pharmacy4pets.nl\\\/#website\",\"url\":\"http:\\\/\\\/www.pharmacy4pets.nl\\\/\",\"name\":\"Pharmacy4pets\",\"description\":\"Pharmacy4pets.nl is d\u00e9 online apotheek waar u terecht kunt voor alle diergeneesmiddelen, verzorgingsproducten en dieetvoeding voor uw huisdier.\",\"publisher\":{\"@id\":\"http:\\\/\\\/www.pharmacy4pets.nl\\\/#organization\"},\"potentialAction\":[{\"@type\":\"SearchAction\",\"target\":{\"@type\":\"EntryPoint\",\"urlTemplate\":\"http:\\\/\\\/www.pharmacy4pets.nl\\\/?s={search_term_string}\"},\"query-input\":{\"@type\":\"PropertyValueSpecification\",\"valueRequired\":true,\"valueName\":\"search_term_string\"}}],\"inLanguage\":\"nl-NL\"},{\"@type\":\"Organization\",\"@id\":\"http:\\\/\\\/www.pharmacy4pets.nl\\\/#organization\",\"name\":\"Pharmacy4pets\",\"url\":\"http:\\\/\\\/www.pharmacy4pets.nl\\\/\",\"logo\":{\"@type\":\"ImageObject\",\"inLanguage\":\"nl-NL\",\"@id\":\"http:\\\/\\\/www.pharmacy4pets.nl\\\/#\\\/schema\\\/logo\\\/image\\\/\",\"url\":\"https:\\\/\\\/p4p-nl.bootmine.com\\\/wp-content\\\/uploads\\\/2026\\\/03\\\/logo-pharmacy4pets.png\",\"contentUrl\":\"https:\\\/\\\/p4p-nl.bootmine.com\\\/wp-content\\\/uploads\\\/2026\\\/03\\\/logo-pharmacy4pets.png\",\"width\":1024,\"height\":135,\"caption\":\"Pharmacy4pets\"},\"image\":{\"@id\":\"http:\\\/\\\/www.pharmacy4pets.nl\\\/#\\\/schema\\\/logo\\\/image\\\/\"},\"sameAs\":[\"https:\\\/\\\/www.facebook.com\\\/people\\\/Pharmacy4petsnl\\\/100063484989896\\\/\",\"https:\\\/\\\/www.youtube.com\\\/channel\\\/UCGPTIgucgli03tP2_kvLkHg\\\/featured\",\"https:\\\/\\\/www.instagram.com\\\/pharmacy4pets.nl\"]}]}<\/script>\n<!-- \/ Yoast SEO plugin. -->","yoast_head_json":{"title":"Anibidiol nature 5 | 60 capsules","description":"Anibidiol nature 5 | 60 capsules","robots":{"index":"index","follow":"follow","max-snippet":"max-snippet:-1","max-image-preview":"max-image-preview:large","max-video-preview":"max-video-preview:-1"},"canonical":"https:\/\/p4p-nl.bootmine.com\/%product-slug%\/anibidiol-nature-5-60-capsules","og_locale":"nl_NL","og_type":"article","og_title":"Anibidiol nature 5 | 60 capsules","og_description":"Anibidiol nature 5 | 60 capsules","og_url":"https:\/\/p4p-nl.bootmine.com\/%product-slug%\/anibidiol-nature-5-60-capsules","og_site_name":"Pharmacy4pets","article_publisher":"https:\/\/www.facebook.com\/people\/Pharmacy4petsnl\/100063484989896\/","article_modified_time":"2026-04-14T08:05:39+00:00","og_image":[{"width":363,"height":363,"url":"https:\/\/p4p-nl.bootmine.com\/wp-content\/uploads\/2024\/02\/anibidiol-nature-5_12.jpg","type":"image\/jpeg"}],"twitter_card":"summary_large_image","schema":{"@context":"https:\/\/schema.org","@graph":[{"@type":"WebPage","@id":"https:\/\/p4p-nl.bootmine.com\/%product-slug%\/anibidiol-nature-5-60-capsules","url":"https:\/\/p4p-nl.bootmine.com\/%product-slug%\/anibidiol-nature-5-60-capsules","name":"Anibidiol nature 5 | 60 capsules","isPartOf":{"@id":"http:\/\/www.pharmacy4pets.nl\/#website"},"primaryImageOfPage":{"@id":"https:\/\/p4p-nl.bootmine.com\/%product-slug%\/anibidiol-nature-5-60-capsules#primaryimage"},"image":{"@id":"https:\/\/p4p-nl.bootmine.com\/%product-slug%\/anibidiol-nature-5-60-capsules#primaryimage"},"thumbnailUrl":"https:\/\/www.pharmacy4pets.nl\/wp-content\/uploads\/2024\/02\/anibidiol-nature-5_12.jpg","datePublished":"2024-02-01T10:36:52+00:00","dateModified":"2026-04-14T08:05:39+00:00","description":"Anibidiol nature 5 | 60 capsules","breadcrumb":{"@id":"https:\/\/p4p-nl.bootmine.com\/%product-slug%\/anibidiol-nature-5-60-capsules#breadcrumb"},"inLanguage":"nl-NL","potentialAction":[{"@type":"ReadAction","target":["https:\/\/p4p-nl.bootmine.com\/%product-slug%\/anibidiol-nature-5-60-capsules"]}]},{"@type":"ImageObject","inLanguage":"nl-NL","@id":"https:\/\/p4p-nl.bootmine.com\/%product-slug%\/anibidiol-nature-5-60-capsules#primaryimage","url":"https:\/\/www.pharmacy4pets.nl\/wp-content\/uploads\/2024\/02\/anibidiol-nature-5_12.jpg","contentUrl":"https:\/\/www.pharmacy4pets.nl\/wp-content\/uploads\/2024\/02\/anibidiol-nature-5_12.jpg","width":363,"height":363,"caption":"Anibidiol Nature 5"},{"@type":"BreadcrumbList","@id":"https:\/\/p4p-nl.bootmine.com\/%product-slug%\/anibidiol-nature-5-60-capsules#breadcrumb","itemListElement":[{"@type":"ListItem","position":1,"name":"Home","item":"https:\/\/p4p-nl.bootmine.com\/"},{"@type":"ListItem","position":2,"name":"Winkel","item":"https:\/\/p4p-nl.bootmine.com\/winkel"},{"@type":"ListItem","position":3,"name":"Anibidiol Nature 5 | 60 capsules"}]},{"@type":"WebSite","@id":"http:\/\/www.pharmacy4pets.nl\/#website","url":"http:\/\/www.pharmacy4pets.nl\/","name":"Pharmacy4pets","description":"Pharmacy4pets.nl is d\u00e9 online apotheek waar u terecht kunt voor alle diergeneesmiddelen, verzorgingsproducten en dieetvoeding voor uw huisdier.","publisher":{"@id":"http:\/\/www.pharmacy4pets.nl\/#organization"},"potentialAction":[{"@type":"SearchAction","target":{"@type":"EntryPoint","urlTemplate":"http:\/\/www.pharmacy4pets.nl\/?s={search_term_string}"},"query-input":{"@type":"PropertyValueSpecification","valueRequired":true,"valueName":"search_term_string"}}],"inLanguage":"nl-NL"},{"@type":"Organization","@id":"http:\/\/www.pharmacy4pets.nl\/#organization","name":"Pharmacy4pets","url":"http:\/\/www.pharmacy4pets.nl\/","logo":{"@type":"ImageObject","inLanguage":"nl-NL","@id":"http:\/\/www.pharmacy4pets.nl\/#\/schema\/logo\/image\/","url":"https:\/\/p4p-nl.bootmine.com\/wp-content\/uploads\/2026\/03\/logo-pharmacy4pets.png","contentUrl":"https:\/\/p4p-nl.bootmine.com\/wp-content\/uploads\/2026\/03\/logo-pharmacy4pets.png","width":1024,"height":135,"caption":"Pharmacy4pets"},"image":{"@id":"http:\/\/www.pharmacy4pets.nl\/#\/schema\/logo\/image\/"},"sameAs":["https:\/\/www.facebook.com\/people\/Pharmacy4petsnl\/100063484989896\/","https:\/\/www.youtube.com\/channel\/UCGPTIgucgli03tP2_kvLkHg\/featured","https:\/\/www.instagram.com\/pharmacy4pets.nl"]}]}},"market_data":{"nl":{"price":0,"sale_price":0,"active":false,"url":null,"parent_url":"","tax_rate":0,"price_inc_tax":0,"sale_price_inc_tax":0},"de":{"price":0,"sale_price":0,"active":false,"url":null,"parent_url":"","tax_rate":0,"price_inc_tax":0,"sale_price_inc_tax":0},"be":{"price":0,"sale_price":0,"active":false,"url":null,"parent_url":"","tax_rate":0,"price_inc_tax":0,"sale_price_inc_tax":0},"fr":{"price":0,"sale_price":0,"active":false,"url":null,"parent_url":"","tax_rate":0,"price_inc_tax":0,"sale_price_inc_tax":0},"ch":{"price":0,"sale_price":0,"active":false,"url":null,"parent_url":"","tax_rate":0,"price_inc_tax":0,"sale_price_inc_tax":0},"at":{"price":0,"sale_price":0,"active":false,"url":null,"parent_url":"","tax_rate":0,"price_inc_tax":0,"sale_price_inc_tax":0},"es":{"price":0,"sale_price":0,"active":false,"url":null,"parent_url":"","tax_rate":0,"price_inc_tax":0,"sale_price_inc_tax":0},"dk":{"price":0,"sale_price":0,"active":false,"url":null,"parent_url":"","tax_rate":0,"price_inc_tax":0,"sale_price_inc_tax":0},"com":{"price":0,"sale_price":0,"active":false,"url":null,"parent_url":"","tax_rate":0,"price_inc_tax":0,"sale_price_inc_tax":0}},"market_nl_price":0,"market_nl_sale_price":0,"market_nl_active":false,"market_nl_url":null,"market_nl_parent_url":"","market_nl_tax_rate":0,"market_nl_price_inc_tax":0,"market_nl_sale_price_inc_tax":0,"market_de_price":0,"market_de_sale_price":0,"market_de_active":false,"market_de_url":null,"market_de_parent_url":"","market_de_tax_rate":0,"market_de_price_inc_tax":0,"market_de_sale_price_inc_tax":0,"market_be_price":0,"market_be_sale_price":0,"market_be_active":false,"market_be_url":null,"market_be_parent_url":"","market_be_tax_rate":0,"market_be_price_inc_tax":0,"market_be_sale_price_inc_tax":0,"market_fr_price":0,"market_fr_sale_price":0,"market_fr_active":false,"market_fr_url":null,"market_fr_parent_url":"","market_fr_tax_rate":0,"market_fr_price_inc_tax":0,"market_fr_sale_price_inc_tax":0,"market_ch_price":0,"market_ch_sale_price":0,"market_ch_active":false,"market_ch_url":null,"market_ch_parent_url":"","market_ch_tax_rate":0,"market_ch_price_inc_tax":0,"market_ch_sale_price_inc_tax":0,"market_at_price":0,"market_at_sale_price":0,"market_at_active":false,"market_at_url":null,"market_at_parent_url":"","market_at_tax_rate":0,"market_at_price_inc_tax":0,"market_at_sale_price_inc_tax":0,"market_es_price":0,"market_es_sale_price":0,"market_es_active":false,"market_es_url":null,"market_es_parent_url":"","market_es_tax_rate":0,"market_es_price_inc_tax":0,"market_es_sale_price_inc_tax":0,"market_dk_price":0,"market_dk_sale_price":0,"market_dk_active":false,"market_dk_url":null,"market_dk_parent_url":"","market_dk_tax_rate":0,"market_dk_price_inc_tax":0,"market_dk_sale_price_inc_tax":0,"market_com_price":0,"market_com_sale_price":0,"market_com_active":false,"market_com_url":null,"market_com_parent_url":"","market_com_tax_rate":0,"market_com_price_inc_tax":0,"market_com_sale_price_inc_tax":0,"acf":[],"_links":{"self":[{"href":"https:\/\/www.pharmacy4pets.nl\/be\/wp-json\/wp\/v2\/product\/120455","targetHints":{"allow":["GET"]}}],"collection":[{"href":"https:\/\/www.pharmacy4pets.nl\/be\/wp-json\/wp\/v2\/product"}],"about":[{"href":"https:\/\/www.pharmacy4pets.nl\/be\/wp-json\/wp\/v2\/types\/product"}],"replies":[{"embeddable":true,"href":"https:\/\/www.pharmacy4pets.nl\/be\/wp-json\/wp\/v2\/comments?post=120455"}],"wp:featuredmedia":[{"embeddable":true,"href":"https:\/\/www.pharmacy4pets.nl\/be\/wp-json\/wp\/v2\/media\/120454"}],"wp:attachment":[{"href":"https:\/\/www.pharmacy4pets.nl\/be\/wp-json\/wp\/v2\/media?parent=120455"}],"wp:term":[{"taxonomy":"product_brand","embeddable":true,"href":"https:\/\/www.pharmacy4pets.nl\/be\/wp-json\/wp\/v2\/product_brand?post=120455"},{"taxonomy":"product_cat","embeddable":true,"href":"https:\/\/www.pharmacy4pets.nl\/be\/wp-json\/wp\/v2\/product_cat?post=120455"},{"taxonomy":"product_tag","embeddable":true,"href":"https:\/\/www.pharmacy4pets.nl\/be\/wp-json\/wp\/v2\/product_tag?post=120455"}],"curies":[{"name":"wp","href":"https:\/\/api.w.org\/{rel}","templated":true}]}}