{"id":120453,"date":"2024-02-01T10:16:44","date_gmt":"2024-02-01T10:16:44","guid":{"rendered":"https:\/\/p4p.test\/anibidiol-nature-25-60-capsules"},"modified":"2026-04-14T08:05:39","modified_gmt":"2026-04-14T08:05:39","slug":"anibidiol-nature-25-60-capsules","status":"publish","type":"product","link":"https:\/\/www.pharmacy4pets.nl\/be\/anibidiol-nature-25-60-capsules","title":{"rendered":"Anibidiol Nature 25 | 60 capsules"},"content":{"rendered":"<p>Anibidiol Nature 25 is een voedingssupplement voor honden op basis van hennepbloem. Anibidiol nature capsules bevatten vitamine B6 en werken ter ondersteuning van een evenwichtig gedrag, immuunsysteem, bewegingsstelsel en bevordering van het algemene welzijn van uw hond.<\/p>\n<p>Doseringstabel:<\/p>\n<table width=\"380\">\n<tbody>\n<tr>\n<td width=\"123\">\n<p><strong>\u00a0 Lichaamsgewicht<\/strong><\/p>\n<\/td>\n<td width=\"101\">\n<p><strong>\u00a0 Per dag<\/strong><\/p>\n<\/td>\n<\/tr>\n<tr>\n<td width=\"123\">\n<p>\u00a0 20\u00a0kg<\/p>\n<\/td>\n<td width=\"101\">\n<p>\u00a0 1 &#8211; 3\u00a0capsules<\/p>\n<\/td>\n<\/tr>\n<tr>\n<td width=\"123\">\n<p>\u00a0 25 kg<\/p>\n<\/td>\n<td width=\"101\">\n<p>\u00a0 1 &#8211; 4\u00a0capsules<\/p>\n<\/td>\n<\/tr>\n<tr>\n<td width=\"123\">\n<p>\u00a0 30\u00a0kg<\/p>\n<\/td>\n<td width=\"101\">\n<p>\u00a0 1 &#8211; 5\u00a0capsules<\/p>\n<\/td>\n<\/tr>\n<tr>\n<td width=\"123\">\n<p>\u00a0 40\u00a0kg<\/p>\n<\/td>\n<td width=\"101\">\n<p>\u00a0 1\u00a0&#8211; 6\u00a0capsules<\/p>\n<\/td>\n<\/tr>\n<tr>\n<td width=\"123\">\n<p>\u00a0 50\u00a0kg<\/p>\n<\/td>\n<td width=\"101\">\n<p>\u00a0 1\u00a0&#8211; 8\u00a0capsules<\/p>\n<\/td>\n<\/tr>\n<\/tbody>\n<\/table>\n","protected":false},"excerpt":{"rendered":"<p>Anibidiol Nature 25 is een voedingssupplement voor honden op basis van hennepbloem. Anibidiol nature capsules bevatten vitamine B6 en werken ter ondersteuning van een evenwichtig gedrag, immuunsysteem, bewegingsstelsel en bevordering van het algemene welzijn van uw hond. Doseringstabel: \u00a0 Lichaamsgewicht \u00a0 Per dag \u00a0 20\u00a0kg \u00a0 1 &#8211; 3\u00a0capsules \u00a0 25 kg \u00a0 1 &#8211; [&hellip;]<\/p>\n","protected":false},"featured_media":120452,"comment_status":"open","ping_status":"closed","template":"","meta":{"_acf_changed":false,"_nl_post_content":"<p>Anibidiol Nature 25 is een voedingssupplement voor honden op basis van hennepbloem. Anibidiol nature capsules bevatten vitamine B6 en werken ter ondersteuning van een evenwichtig gedrag, immuunsysteem, bewegingsstelsel en bevordering van het algemene welzijn van uw hond.<br \/><br \/>Doseringstabel:<\/p>\r\n<table width=\"380\">\r\n<tbody>\r\n<tr>\r\n<td width=\"123\">\r\n<p><strong>\u00a0 Lichaamsgewicht<\/strong><\/p>\r\n<\/td>\r\n<td width=\"101\">\r\n<p><strong>\u00a0 Per dag<\/strong><\/p>\r\n<\/td>\r\n<\/tr>\r\n<tr>\r\n<td width=\"123\">\r\n<p>\u00a0 20\u00a0kg<\/p>\r\n<\/td>\r\n<td width=\"101\">\r\n<p>\u00a0 1 - 3\u00a0capsules<\/p>\r\n<\/td>\r\n<\/tr>\r\n<tr>\r\n<td width=\"123\">\r\n<p>\u00a0 25 kg<\/p>\r\n<\/td>\r\n<td width=\"101\">\r\n<p>\u00a0 1 - 4\u00a0capsules<\/p>\r\n<\/td>\r\n<\/tr>\r\n<tr>\r\n<td width=\"123\">\r\n<p>\u00a0 30\u00a0kg<\/p>\r\n<\/td>\r\n<td width=\"101\">\r\n<p>\u00a0 1 - 5\u00a0capsules<\/p>\r\n<\/td>\r\n<\/tr>\r\n<tr>\r\n<td width=\"123\">\r\n<p>\u00a0 40\u00a0kg<\/p>\r\n<\/td>\r\n<td width=\"101\">\r\n<p>\u00a0 1\u00a0- 6\u00a0capsules<\/p>\r\n<\/td>\r\n<\/tr>\r\n<tr>\r\n<td width=\"123\">\r\n<p>\u00a0 50\u00a0kg<\/p>\r\n<\/td>\r\n<td width=\"101\">\r\n<p>\u00a0 1\u00a0- 8\u00a0capsules<\/p>\r\n<\/td>\r\n<\/tr>\r\n<\/tbody>\r\n<\/table>","_nl_post_name":"anibidiol-nature-25-60-capsules","_nl_post_excerpt":"","_nl_post_title":"Anibidiol Nature 25 | 60 capsules","_en_post_content":"<p>Anibidiol Nature 25 is a dietary supplement for dogs based on hemp flower.<\/p>\n<p>Anibidiol Nature capsules contain vitamin B6 and work to support balanced behavior, immune system, exercise system and promote the general well-being of your dog.<\/p>\n<p>Dosage chart:<\/p>\n<table width=\"380\">\n<tbody>\n<tr>\n<td width=\"123\">\n<p><strong>\u00a0 Body weight<br \/><\/strong><\/p>\n<\/td>\n<td width=\"101\">\n<p><strong>\u00a0 Per day<\/strong><\/p>\n<\/td>\n<\/tr>\n<tr>\n<td width=\"123\">\n<p>\u00a0 20\u00a0kg<\/p>\n<\/td>\n<td width=\"101\">\n<p>\u00a0 1 - 3\u00a0capsules<\/p>\n<\/td>\n<\/tr>\n<tr>\n<td width=\"123\">\n<p>\u00a0 25 kg<\/p>\n<\/td>\n<td width=\"101\">\n<p>\u00a0 1 - 4\u00a0capsules<\/p>\n<\/td>\n<\/tr>\n<tr>\n<td width=\"123\">\n<p>\u00a0 30\u00a0kg<\/p>\n<\/td>\n<td width=\"101\">\n<p>\u00a0 1 - 5\u00a0capsules<\/p>\n<\/td>\n<\/tr>\n<tr>\n<td width=\"123\">\n<p>\u00a0 40\u00a0kg<\/p>\n<\/td>\n<td width=\"101\">\n<p>\u00a0 1\u00a0- 6\u00a0capsules<\/p>\n<\/td>\n<\/tr>\n<tr>\n<td width=\"123\">\n<p>\u00a0 50\u00a0kg<\/p>\n<\/td>\n<td width=\"101\">\n<p>\u00a0 1\u00a0- 8\u00a0capsules<\/p>\n<\/td>\n<\/tr>\n<\/tbody>\n<\/table>","_en_post_name":"anibidiol-nature-25-60-capsules","_en_post_excerpt":"","_en_post_title":"Anibidiol Nature 25 | 60 capsules","_de_post_content":"<p>Anibidiol Nature 25 ist ein Nahrungserg\u00e4nzungsmittel f\u00fcr Hunde auf der Basis von Hanfbl\u00fcten.<\/p>\n<p>Anibidiol Nature Kapseln enthalten Vitamin B6 und unterst\u00fctzen ein ausgeglichenes Verhalten, das Immunsystem, den Bewegungsapparat und f\u00f6rdern das allgemeine Wohlbefinden Ihres Hundes.<\/p>\n<table width=\"380\">\n<tbody>\n<tr>\n<td width=\"123\">\n<p><b>K\u00f6rpergewicht<\/b><\/p>\n<\/td>\n<td width=\"101\">\n<p><strong>\u00a0Pro Tag<br \/><\/strong><\/p>\n<\/td>\n<\/tr>\n<tr>\n<td width=\"123\">\n<p>\u00a0 20\u00a0kg<\/p>\n<\/td>\n<td width=\"101\">\n<p>\u00a0 1 - 3 Kapseln<\/p>\n<\/td>\n<\/tr>\n<tr>\n<td width=\"123\">\n<p>\u00a0 25 kg<\/p>\n<\/td>\n<td width=\"101\">\n<p>\u00a0 1 - 4 Kapseln<\/p>\n<\/td>\n<\/tr>\n<tr>\n<td width=\"123\">\n<p>\u00a0 30\u00a0kg<\/p>\n<\/td>\n<td width=\"101\">\n<p>\u00a0 1 - 5 Kapseln<\/p>\n<\/td>\n<\/tr>\n<tr>\n<td width=\"123\">\n<p>\u00a0 40\u00a0kg<\/p>\n<\/td>\n<td width=\"101\">\n<p>\u00a0 1 - 6 Kapseln<\/p>\n<\/td>\n<\/tr>\n<tr>\n<td width=\"123\">\n<p>\u00a0 50\u00a0kg<\/p>\n<\/td>\n<td width=\"101\">\n<p>\u00a0 1 - 8 Kapseln<\/p>\n<\/td>\n<\/tr>\n<\/tbody>\n<\/table>\n<p>\u00a0<\/p>","_de_post_name":"anibidiol-nature-25-60-kapseln","_de_post_excerpt":"","_de_post_title":"Anibidiol Nature 25 | 60 Kapseln","_fr_post_content":"<p>Anibidiol Nature 25 est un compl\u00e9ment alimentaire pour chiens \u00e0 base de fleur de chanvre.<\/p>\n<p>Les g\u00e9lules Anibidiol nature contiennent de la vitamine B6 et agissent en faveur d'un comportement \u00e9quilibr\u00e9, du syst\u00e8me immunitaire, de l'appareil locomoteur et du bien-\u00eatre g\u00e9n\u00e9ral de votre chien.<\/p>\n<p>Tableau de dosage :<\/p>\n<table width=\"380\">\n<tbody>\n<tr>\n<td width=\"123\">\n<p><strong>\u00a0 Poids corporel<br \/><\/strong><\/p>\n<\/td>\n<td width=\"101\">\n<p><strong>\u00a0 Par jour<br \/><\/strong><\/p>\n<\/td>\n<\/tr>\n<tr>\n<td width=\"123\">\n<p>\u00a0 20\u00a0kg<\/p>\n<\/td>\n<td width=\"101\">\n<p>\u00a0 1 - 3 g\u00e9lules<\/p>\n<\/td>\n<\/tr>\n<tr>\n<td width=\"123\">\n<p>\u00a0 25 kg<\/p>\n<\/td>\n<td width=\"101\">\n<p>\u00a0 1 - 4 g\u00e9lules<\/p>\n<\/td>\n<\/tr>\n<tr>\n<td width=\"123\">\n<p>\u00a0 30\u00a0kg<\/p>\n<\/td>\n<td width=\"101\">\n<p>\u00a0 1 - 5 g\u00e9lules<\/p>\n<\/td>\n<\/tr>\n<tr>\n<td width=\"123\">\n<p>\u00a0 40\u00a0kg<\/p>\n<\/td>\n<td width=\"101\">\n<p>\u00a0 1\u00a0- 6 g\u00e9lules<\/p>\n<\/td>\n<\/tr>\n<tr>\n<td width=\"123\">\n<p>\u00a0 50\u00a0kg<\/p>\n<\/td>\n<td width=\"101\">\n<p>\u00a0 1\u00a0- 8 g\u00e9lules<\/p>\n<\/td>\n<\/tr>\n<\/tbody>\n<\/table>","_fr_post_name":"anibidiol-nature-25-60-gelules","_fr_post_excerpt":"","_fr_post_title":"Anibidiol Nature 25 | 60 g\u00e9lules","_es_post_content":"<p>Anibidiol Nature 25 es un complemento alimenticio para perros a base de flor de c\u00e1\u00f1amo.<\/p>\n<p>Las c\u00e1psulas de Anibidiol Nature contienen vitamina B6 y favorecen un comportamiento equilibrado, el sistema inmunitario, el aparato locomotor y el bienestar general de su perro.<\/p>\n<p>Tabla de dosificaci\u00f3n:<\/p>\n<table width=\"380\">\n<tbody>\n<tr>\n<td width=\"123\">\n<p><strong>\u00a0 Peso corporal<\/strong><\/p>\n<\/td>\n<td width=\"101\">\n<p><strong>\u00a0 Por d\u00eda<\/strong><\/p>\n<\/td>\n<\/tr>\n<tr>\n<td width=\"123\">\n<p>\u00a0 20\u00a0kg<\/p>\n<\/td>\n<td width=\"101\">\n<p>\u00a0 1 - 3 c\u00e1psulas<\/p>\n<\/td>\n<\/tr>\n<tr>\n<td width=\"123\">\n<p>\u00a0 25 kg<\/p>\n<\/td>\n<td width=\"101\">\n<p>\u00a0 1 - 4 c\u00e1psulas<\/p>\n<\/td>\n<\/tr>\n<tr>\n<td width=\"123\">\n<p>\u00a0 30\u00a0kg<\/p>\n<\/td>\n<td width=\"101\">\n<p>\u00a0 1 - 5 c\u00e1psulas<\/p>\n<\/td>\n<\/tr>\n<tr>\n<td width=\"123\">\n<p>\u00a0 40\u00a0kg<\/p>\n<\/td>\n<td width=\"101\">\n<p>\u00a0 1 - 6 c\u00e1psulas<\/p>\n<\/td>\n<\/tr>\n<tr>\n<td width=\"123\">\n<p>\u00a0 50\u00a0kg<\/p>\n<\/td>\n<td width=\"101\">\n<p>\u00a0 1 - 8 c\u00e1psulas<\/p>\n<\/td>\n<\/tr>\n<\/tbody>\n<\/table>","_es_post_name":"anibidiol-nature-25-60-capsulas","_es_post_excerpt":"","_es_post_title":"Anibidiol Nature 25 | 60 capsulas","edit_language":"nl"},"product_brand":[],"product_cat":[2022,1117,1839,1857,1854],"product_tag":[],"class_list":{"0":"post-120453","1":"product","2":"type-product","3":"status-publish","4":"has-post-thumbnail","6":"product_cat-anibidiol-virbac","7":"product_cat-honden","8":"product_cat-medicijnen-supplementen","9":"product_cat-merken","10":"product_cat-zenuwstelsel","11":"pa_aandoening-overig","12":"pa_doeldier-hond","13":"pa_fabricatieland-frankrijk","14":"pa_merkfilter-anibidiol","15":"pa_merkgroep-virbac","16":"pa_productsoort-voedingssupplement","17":"pa_seo_canonical_store_id-not_found_value","18":"pa_seo_category-not_found_value","19":"pa_seo_meta_robots-not_found_value","20":"pa_toedieningswijze-capsules","21":"pa_unit_pricing_base_measure-1ct","22":"pa_unit_pricing_measure-60ct","23":"pa_werkzamestof-overig","25":"first","26":"instock","27":"taxable","28":"shipping-taxable","29":"purchasable","30":"product-type-simple"},"yoast_head":"<!-- This site is optimized with the Yoast SEO plugin v27.5 - https:\/\/yoast.com\/product\/yoast-seo-wordpress\/ -->\n<title>Anibidiol Nature 25 | 60 capsules<\/title>\n<meta name=\"description\" content=\"Anibidiol Nature 25 | 60 capsules\" \/>\n<meta name=\"robots\" content=\"index, follow, max-snippet:-1, max-image-preview:large, max-video-preview:-1\" \/>\n<link rel=\"canonical\" href=\"https:\/\/www.pharmacy4pets.nl\/anibidiol-nature-25-60-capsules\" \/>\n<meta property=\"og:locale\" content=\"nl_NL\" \/>\n<meta property=\"og:type\" content=\"article\" \/>\n<meta property=\"og:title\" content=\"Anibidiol Nature 25 | 60 capsules\" \/>\n<meta property=\"og:description\" content=\"Anibidiol Nature 25 | 60 capsules\" \/>\n<meta property=\"og:url\" content=\"https:\/\/www.pharmacy4pets.nl\/anibidiol-nature-25-60-capsules\" \/>\n<meta property=\"og:site_name\" content=\"Pharmacy4pets\" \/>\n<meta property=\"article:publisher\" content=\"https:\/\/www.facebook.com\/people\/Pharmacy4petsnl\/100063484989896\/\" \/>\n<meta property=\"article:modified_time\" content=\"2026-04-14T08:05:39+00:00\" \/>\n<meta property=\"og:image\" content=\"https:\/\/www.pharmacy4pets.nl\/wp-content\/uploads\/2024\/02\/anibidiol-nature-25_1.jpg\" \/>\n\t<meta property=\"og:image:width\" content=\"600\" \/>\n\t<meta property=\"og:image:height\" content=\"600\" \/>\n\t<meta property=\"og:image:type\" content=\"image\/jpeg\" \/>\n<meta name=\"twitter:card\" content=\"summary_large_image\" \/>\n<script type=\"application\/ld+json\" class=\"yoast-schema-graph\">{\"@context\":\"https:\\\/\\\/schema.org\",\"@graph\":[{\"@type\":\"WebPage\",\"@id\":\"https:\\\/\\\/www.pharmacy4pets.nl\\\/anibidiol-nature-25-60-capsules\",\"url\":\"https:\\\/\\\/www.pharmacy4pets.nl\\\/anibidiol-nature-25-60-capsules\",\"name\":\"Anibidiol Nature 25 | 60 capsules\",\"isPartOf\":{\"@id\":\"http:\\\/\\\/www.pharmacy4pets.nl\\\/#website\"},\"primaryImageOfPage\":{\"@id\":\"https:\\\/\\\/www.pharmacy4pets.nl\\\/anibidiol-nature-25-60-capsules#primaryimage\"},\"image\":{\"@id\":\"https:\\\/\\\/www.pharmacy4pets.nl\\\/anibidiol-nature-25-60-capsules#primaryimage\"},\"thumbnailUrl\":\"https:\\\/\\\/www.pharmacy4pets.nl\\\/wp-content\\\/uploads\\\/2024\\\/02\\\/anibidiol-nature-25_1.jpg\",\"datePublished\":\"2024-02-01T10:16:44+00:00\",\"dateModified\":\"2026-04-14T08:05:39+00:00\",\"description\":\"Anibidiol Nature 25 | 60 capsules\",\"breadcrumb\":{\"@id\":\"https:\\\/\\\/www.pharmacy4pets.nl\\\/anibidiol-nature-25-60-capsules#breadcrumb\"},\"inLanguage\":\"nl-NL\",\"potentialAction\":[{\"@type\":\"ReadAction\",\"target\":[\"https:\\\/\\\/www.pharmacy4pets.nl\\\/anibidiol-nature-25-60-capsules\"]}]},{\"@type\":\"ImageObject\",\"inLanguage\":\"nl-NL\",\"@id\":\"https:\\\/\\\/www.pharmacy4pets.nl\\\/anibidiol-nature-25-60-capsules#primaryimage\",\"url\":\"https:\\\/\\\/www.pharmacy4pets.nl\\\/wp-content\\\/uploads\\\/2024\\\/02\\\/anibidiol-nature-25_1.jpg\",\"contentUrl\":\"https:\\\/\\\/www.pharmacy4pets.nl\\\/wp-content\\\/uploads\\\/2024\\\/02\\\/anibidiol-nature-25_1.jpg\",\"width\":600,\"height\":600,\"caption\":\"Anibidiol Nature 25\"},{\"@type\":\"BreadcrumbList\",\"@id\":\"https:\\\/\\\/www.pharmacy4pets.nl\\\/anibidiol-nature-25-60-capsules#breadcrumb\",\"itemListElement\":[{\"@type\":\"ListItem\",\"position\":1,\"name\":\"Home\",\"item\":\"https:\\\/\\\/p4p-nl.bootmine.com\\\/\"},{\"@type\":\"ListItem\",\"position\":2,\"name\":\"Winkel\",\"item\":\"https:\\\/\\\/p4p-nl.bootmine.com\\\/winkel\"},{\"@type\":\"ListItem\",\"position\":3,\"name\":\"Anibidiol Nature 25 | 60 capsules\"}]},{\"@type\":\"WebSite\",\"@id\":\"http:\\\/\\\/www.pharmacy4pets.nl\\\/#website\",\"url\":\"http:\\\/\\\/www.pharmacy4pets.nl\\\/\",\"name\":\"Pharmacy4pets\",\"description\":\"Pharmacy4pets.nl is d\u00e9 online apotheek waar u terecht kunt voor alle diergeneesmiddelen, verzorgingsproducten en dieetvoeding voor uw huisdier.\",\"publisher\":{\"@id\":\"http:\\\/\\\/www.pharmacy4pets.nl\\\/#organization\"},\"potentialAction\":[{\"@type\":\"SearchAction\",\"target\":{\"@type\":\"EntryPoint\",\"urlTemplate\":\"http:\\\/\\\/www.pharmacy4pets.nl\\\/?s={search_term_string}\"},\"query-input\":{\"@type\":\"PropertyValueSpecification\",\"valueRequired\":true,\"valueName\":\"search_term_string\"}}],\"inLanguage\":\"nl-NL\"},{\"@type\":\"Organization\",\"@id\":\"http:\\\/\\\/www.pharmacy4pets.nl\\\/#organization\",\"name\":\"Pharmacy4pets\",\"url\":\"http:\\\/\\\/www.pharmacy4pets.nl\\\/\",\"logo\":{\"@type\":\"ImageObject\",\"inLanguage\":\"nl-NL\",\"@id\":\"http:\\\/\\\/www.pharmacy4pets.nl\\\/#\\\/schema\\\/logo\\\/image\\\/\",\"url\":\"https:\\\/\\\/p4p-nl.bootmine.com\\\/wp-content\\\/uploads\\\/2026\\\/03\\\/logo-pharmacy4pets.png\",\"contentUrl\":\"https:\\\/\\\/p4p-nl.bootmine.com\\\/wp-content\\\/uploads\\\/2026\\\/03\\\/logo-pharmacy4pets.png\",\"width\":1024,\"height\":135,\"caption\":\"Pharmacy4pets\"},\"image\":{\"@id\":\"http:\\\/\\\/www.pharmacy4pets.nl\\\/#\\\/schema\\\/logo\\\/image\\\/\"},\"sameAs\":[\"https:\\\/\\\/www.facebook.com\\\/people\\\/Pharmacy4petsnl\\\/100063484989896\\\/\",\"https:\\\/\\\/www.youtube.com\\\/channel\\\/UCGPTIgucgli03tP2_kvLkHg\\\/featured\",\"https:\\\/\\\/www.instagram.com\\\/pharmacy4pets.nl\"]}]}<\/script>\n<!-- \/ Yoast SEO plugin. -->","yoast_head_json":{"title":"Anibidiol Nature 25 | 60 capsules","description":"Anibidiol Nature 25 | 60 capsules","robots":{"index":"index","follow":"follow","max-snippet":"max-snippet:-1","max-image-preview":"max-image-preview:large","max-video-preview":"max-video-preview:-1"},"canonical":"https:\/\/www.pharmacy4pets.nl\/anibidiol-nature-25-60-capsules","og_locale":"nl_NL","og_type":"article","og_title":"Anibidiol Nature 25 | 60 capsules","og_description":"Anibidiol Nature 25 | 60 capsules","og_url":"https:\/\/www.pharmacy4pets.nl\/anibidiol-nature-25-60-capsules","og_site_name":"Pharmacy4pets","article_publisher":"https:\/\/www.facebook.com\/people\/Pharmacy4petsnl\/100063484989896\/","article_modified_time":"2026-04-14T08:05:39+00:00","og_image":[{"width":600,"height":600,"url":"https:\/\/www.pharmacy4pets.nl\/wp-content\/uploads\/2024\/02\/anibidiol-nature-25_1.jpg","type":"image\/jpeg"}],"twitter_card":"summary_large_image","schema":{"@context":"https:\/\/schema.org","@graph":[{"@type":"WebPage","@id":"https:\/\/www.pharmacy4pets.nl\/anibidiol-nature-25-60-capsules","url":"https:\/\/www.pharmacy4pets.nl\/anibidiol-nature-25-60-capsules","name":"Anibidiol Nature 25 | 60 capsules","isPartOf":{"@id":"http:\/\/www.pharmacy4pets.nl\/#website"},"primaryImageOfPage":{"@id":"https:\/\/www.pharmacy4pets.nl\/anibidiol-nature-25-60-capsules#primaryimage"},"image":{"@id":"https:\/\/www.pharmacy4pets.nl\/anibidiol-nature-25-60-capsules#primaryimage"},"thumbnailUrl":"https:\/\/www.pharmacy4pets.nl\/wp-content\/uploads\/2024\/02\/anibidiol-nature-25_1.jpg","datePublished":"2024-02-01T10:16:44+00:00","dateModified":"2026-04-14T08:05:39+00:00","description":"Anibidiol Nature 25 | 60 capsules","breadcrumb":{"@id":"https:\/\/www.pharmacy4pets.nl\/anibidiol-nature-25-60-capsules#breadcrumb"},"inLanguage":"nl-NL","potentialAction":[{"@type":"ReadAction","target":["https:\/\/www.pharmacy4pets.nl\/anibidiol-nature-25-60-capsules"]}]},{"@type":"ImageObject","inLanguage":"nl-NL","@id":"https:\/\/www.pharmacy4pets.nl\/anibidiol-nature-25-60-capsules#primaryimage","url":"https:\/\/www.pharmacy4pets.nl\/wp-content\/uploads\/2024\/02\/anibidiol-nature-25_1.jpg","contentUrl":"https:\/\/www.pharmacy4pets.nl\/wp-content\/uploads\/2024\/02\/anibidiol-nature-25_1.jpg","width":600,"height":600,"caption":"Anibidiol Nature 25"},{"@type":"BreadcrumbList","@id":"https:\/\/www.pharmacy4pets.nl\/anibidiol-nature-25-60-capsules#breadcrumb","itemListElement":[{"@type":"ListItem","position":1,"name":"Home","item":"https:\/\/p4p-nl.bootmine.com\/"},{"@type":"ListItem","position":2,"name":"Winkel","item":"https:\/\/p4p-nl.bootmine.com\/winkel"},{"@type":"ListItem","position":3,"name":"Anibidiol Nature 25 | 60 capsules"}]},{"@type":"WebSite","@id":"http:\/\/www.pharmacy4pets.nl\/#website","url":"http:\/\/www.pharmacy4pets.nl\/","name":"Pharmacy4pets","description":"Pharmacy4pets.nl is d\u00e9 online apotheek waar u terecht kunt voor alle diergeneesmiddelen, verzorgingsproducten en dieetvoeding voor uw huisdier.","publisher":{"@id":"http:\/\/www.pharmacy4pets.nl\/#organization"},"potentialAction":[{"@type":"SearchAction","target":{"@type":"EntryPoint","urlTemplate":"http:\/\/www.pharmacy4pets.nl\/?s={search_term_string}"},"query-input":{"@type":"PropertyValueSpecification","valueRequired":true,"valueName":"search_term_string"}}],"inLanguage":"nl-NL"},{"@type":"Organization","@id":"http:\/\/www.pharmacy4pets.nl\/#organization","name":"Pharmacy4pets","url":"http:\/\/www.pharmacy4pets.nl\/","logo":{"@type":"ImageObject","inLanguage":"nl-NL","@id":"http:\/\/www.pharmacy4pets.nl\/#\/schema\/logo\/image\/","url":"https:\/\/p4p-nl.bootmine.com\/wp-content\/uploads\/2026\/03\/logo-pharmacy4pets.png","contentUrl":"https:\/\/p4p-nl.bootmine.com\/wp-content\/uploads\/2026\/03\/logo-pharmacy4pets.png","width":1024,"height":135,"caption":"Pharmacy4pets"},"image":{"@id":"http:\/\/www.pharmacy4pets.nl\/#\/schema\/logo\/image\/"},"sameAs":["https:\/\/www.facebook.com\/people\/Pharmacy4petsnl\/100063484989896\/","https:\/\/www.youtube.com\/channel\/UCGPTIgucgli03tP2_kvLkHg\/featured","https:\/\/www.instagram.com\/pharmacy4pets.nl"]}]}},"market_data":{"nl":{"price":0,"sale_price":0,"active":false,"url":null,"parent_url":"","tax_rate":0,"price_inc_tax":0,"sale_price_inc_tax":0},"de":{"price":0,"sale_price":0,"active":false,"url":null,"parent_url":"","tax_rate":0,"price_inc_tax":0,"sale_price_inc_tax":0},"be":{"price":0,"sale_price":0,"active":false,"url":null,"parent_url":"","tax_rate":0,"price_inc_tax":0,"sale_price_inc_tax":0},"fr":{"price":0,"sale_price":0,"active":false,"url":null,"parent_url":"","tax_rate":0,"price_inc_tax":0,"sale_price_inc_tax":0},"ch":{"price":0,"sale_price":0,"active":false,"url":null,"parent_url":"","tax_rate":0,"price_inc_tax":0,"sale_price_inc_tax":0},"at":{"price":0,"sale_price":0,"active":false,"url":null,"parent_url":"","tax_rate":0,"price_inc_tax":0,"sale_price_inc_tax":0},"es":{"price":0,"sale_price":0,"active":false,"url":null,"parent_url":"","tax_rate":0,"price_inc_tax":0,"sale_price_inc_tax":0},"dk":{"price":0,"sale_price":0,"active":false,"url":null,"parent_url":"","tax_rate":0,"price_inc_tax":0,"sale_price_inc_tax":0},"com":{"price":0,"sale_price":0,"active":false,"url":null,"parent_url":"","tax_rate":0,"price_inc_tax":0,"sale_price_inc_tax":0}},"market_nl_price":0,"market_nl_sale_price":0,"market_nl_active":false,"market_nl_url":null,"market_nl_parent_url":"","market_nl_tax_rate":0,"market_nl_price_inc_tax":0,"market_nl_sale_price_inc_tax":0,"market_de_price":0,"market_de_sale_price":0,"market_de_active":false,"market_de_url":null,"market_de_parent_url":"","market_de_tax_rate":0,"market_de_price_inc_tax":0,"market_de_sale_price_inc_tax":0,"market_be_price":0,"market_be_sale_price":0,"market_be_active":false,"market_be_url":null,"market_be_parent_url":"","market_be_tax_rate":0,"market_be_price_inc_tax":0,"market_be_sale_price_inc_tax":0,"market_fr_price":0,"market_fr_sale_price":0,"market_fr_active":false,"market_fr_url":null,"market_fr_parent_url":"","market_fr_tax_rate":0,"market_fr_price_inc_tax":0,"market_fr_sale_price_inc_tax":0,"market_ch_price":0,"market_ch_sale_price":0,"market_ch_active":false,"market_ch_url":null,"market_ch_parent_url":"","market_ch_tax_rate":0,"market_ch_price_inc_tax":0,"market_ch_sale_price_inc_tax":0,"market_at_price":0,"market_at_sale_price":0,"market_at_active":false,"market_at_url":null,"market_at_parent_url":"","market_at_tax_rate":0,"market_at_price_inc_tax":0,"market_at_sale_price_inc_tax":0,"market_es_price":0,"market_es_sale_price":0,"market_es_active":false,"market_es_url":null,"market_es_parent_url":"","market_es_tax_rate":0,"market_es_price_inc_tax":0,"market_es_sale_price_inc_tax":0,"market_dk_price":0,"market_dk_sale_price":0,"market_dk_active":false,"market_dk_url":null,"market_dk_parent_url":"","market_dk_tax_rate":0,"market_dk_price_inc_tax":0,"market_dk_sale_price_inc_tax":0,"market_com_price":0,"market_com_sale_price":0,"market_com_active":false,"market_com_url":null,"market_com_parent_url":"","market_com_tax_rate":0,"market_com_price_inc_tax":0,"market_com_sale_price_inc_tax":0,"acf":[],"_links":{"self":[{"href":"https:\/\/www.pharmacy4pets.nl\/be\/wp-json\/wp\/v2\/product\/120453","targetHints":{"allow":["GET"]}}],"collection":[{"href":"https:\/\/www.pharmacy4pets.nl\/be\/wp-json\/wp\/v2\/product"}],"about":[{"href":"https:\/\/www.pharmacy4pets.nl\/be\/wp-json\/wp\/v2\/types\/product"}],"replies":[{"embeddable":true,"href":"https:\/\/www.pharmacy4pets.nl\/be\/wp-json\/wp\/v2\/comments?post=120453"}],"wp:featuredmedia":[{"embeddable":true,"href":"https:\/\/www.pharmacy4pets.nl\/be\/wp-json\/wp\/v2\/media\/120452"}],"wp:attachment":[{"href":"https:\/\/www.pharmacy4pets.nl\/be\/wp-json\/wp\/v2\/media?parent=120453"}],"wp:term":[{"taxonomy":"product_brand","embeddable":true,"href":"https:\/\/www.pharmacy4pets.nl\/be\/wp-json\/wp\/v2\/product_brand?post=120453"},{"taxonomy":"product_cat","embeddable":true,"href":"https:\/\/www.pharmacy4pets.nl\/be\/wp-json\/wp\/v2\/product_cat?post=120453"},{"taxonomy":"product_tag","embeddable":true,"href":"https:\/\/www.pharmacy4pets.nl\/be\/wp-json\/wp\/v2\/product_tag?post=120453"}],"curies":[{"name":"wp","href":"https:\/\/api.w.org\/{rel}","templated":true}]}}