{"id":120449,"date":"2023-12-21T14:39:14","date_gmt":"2023-12-21T14:39:14","guid":{"rendered":"https:\/\/p4p.test\/rodicare-akut"},"modified":"2026-04-14T08:05:38","modified_gmt":"2026-04-14T08:05:38","slug":"rodicare-akut","status":"publish","type":"product","link":"https:\/\/www.pharmacy4pets.nl\/be\/rodicare-akut","title":{"rendered":"RodiCare akut | 15 ml"},"content":{"rendered":"<p>RodiCare akut is een voedingssupplement voor konijnen, cavia\u2019s en kleine knaagdieren. RodiCare akut bevordert de eetlust en stimuleert de darmwerking.<\/p>\n<p><strong>Samenstelling:<\/strong><\/p>\n<p>Lijnzaadolie, koolzaadolie, zonnebloemolie, sojaolie, biergist, gedroogd pepermuntblad, gedroogde kamillebloem, Chelidonium majus, venkelzaad, gedroogd moerbeiblad, gentiaanwortel en rabarberwortel.<\/p>\n<p><strong>Dosering:<\/strong><\/p>\n<p>Muizen, dwerghamsters:<br \/>3x daags 0,05\u20140,1 ml<\/p>\n<p>Gerbills, ratten, hamsters:<br \/>3x daags 0,15-0,2 ml<\/p>\n<p>Cavia\u2019s, dwergkonijnen:<br \/>3x daags 0,25-0,3 ml<\/p>\n<p>Konijnen:<br \/>3x daags 0,35-0,6 ml<\/p>\n<p><strong>Toediening:<\/strong><\/p>\n<p>RodiCare akut op het voedsel of rechtstreeks in de mond van het dier toedienen. Flacon goed schudden voor gebruik. Gebruik steeds de bijgeleverde doseerspuit. Na gebruik de doseerspuit afspoelen.<\/p>\n<p><strong>Bewaring:<\/strong><\/p>\n<p>Flacon in de doos beschermen tegen licht. Niet bewaren boven 25 graden.<\/p>\n","protected":false},"excerpt":{"rendered":"<p>RodiCare akut is een voedingssupplement voor konijnen, cavia\u2019s en kleine knaagdieren. RodiCare akut bevordert de eetlust en stimuleert de darmwerking. Samenstelling: Lijnzaadolie, koolzaadolie, zonnebloemolie, sojaolie, biergist, gedroogd pepermuntblad, gedroogde kamillebloem, Chelidonium majus, venkelzaad, gedroogd moerbeiblad, gentiaanwortel en rabarberwortel. Dosering: Muizen, dwerghamsters:3x daags 0,05\u20140,1 ml Gerbills, ratten, hamsters:3x daags 0,15-0,2 ml Cavia\u2019s, dwergkonijnen:3x daags 0,25-0,3 ml [&hellip;]<\/p>\n","protected":false},"featured_media":120448,"comment_status":"open","ping_status":"closed","template":"","meta":{"_acf_changed":false,"_nl_post_content":"<p>RodiCare akut is een voedingssupplement voor konijnen, cavia\u2019s en kleine knaagdieren. RodiCare akut bevordert de eetlust en stimuleert de darmwerking.<\/p>\n<p><strong>Samenstelling:<\/strong><\/p>\n<p>Lijnzaadolie, koolzaadolie, zonnebloemolie, sojaolie, biergist, gedroogd pepermuntblad, gedroogde kamillebloem, Chelidonium majus, venkelzaad, gedroogd moerbeiblad, gentiaanwortel en rabarberwortel.<\/p>\n<p><strong>Dosering:<\/strong><\/p>\n<p>Muizen, dwerghamsters:<br \/>3x daags 0,05\u20140,1 ml<\/p>\n<p>Gerbills, ratten, hamsters:<br \/>3x daags 0,15-0,2 ml<\/p>\n<p>Cavia\u2019s, dwergkonijnen:<br \/>3x daags 0,25-0,3 ml<\/p>\n<p>Konijnen:<br \/>3x daags 0,35-0,6 ml<\/p>\n<p><strong>Toediening:<\/strong><\/p>\n<p>RodiCare akut op het voedsel of rechtstreeks in de mond van het dier toedienen. Flacon goed schudden voor gebruik. Gebruik steeds de bijgeleverde doseerspuit. Na gebruik de doseerspuit afspoelen.<\/p>\n<p><strong>Bewaring:<\/strong><\/p>\n<p>Flacon in de doos beschermen tegen licht. Niet bewaren boven 25 graden.<\/p>","_nl_post_name":"rodicare-akut","_nl_post_excerpt":"","_nl_post_title":"RodiCare akut | 15 ml","_en_post_content":"<p>RodiCare akut is a dietary supplement for rabbits, guinea pigs and small rodents. RodiCare akut promotes appetite and stimulates intestinal function.<\/p>\n<p><b>Composition:<\/b><\/p>\n<p>Linseed oil, rapeseed oil, sunflower oil, soybean oil, brewer's yeast, dried peppermint leaf, dried chamomile flower, Chelidonium majus, fennel seed, dried mulberry leaf, gentian root and rhubarb root.<\/p>\n<p><b>Dosage:<\/b><\/p>\n<p>Mice, dwarf hamsters:<br \/>0.05-0.1 ml 3x daily<\/p>\n<p>Gerbills, rats, hamsters:<br \/>3x daily 0.15-0.2 ml<\/p>\n<p>Guinea pigs, dwarf rabbits:<br \/>3x daily 0.25-0.3 ml<\/p>\n<p>Rabbits:<br \/>3x daily 0.35-0.6 ml<\/p>\n<p><b>Administration:<\/b><\/p>\n<p>Administer RodiCare akut on food or directly into the animal's mouth. Shake bottle well before use. Always use the dosing syringe provided. Rinse the dosing syringe after use.<\/p>\n<p><b>Storage:<\/b><\/p>\n<p>Protect vial in the box from light. Do not store above 25 degrees.<\/p>","_en_post_name":"rodicare-akut","_en_post_excerpt":"","_en_post_title":"RodiCare akut | 15 ml","_de_post_content":"<p>RodiCare akut ist ein Nahrungserg\u00e4nzungsmittel f\u00fcr Kaninchen, Meerschweinchen und kleine Nager. RodiCare akut f\u00f6rdert den Appetit und stimuliert die Darmfunktion.<\/p>\n<p><b>Zusammensetzung:<\/b><\/p>\n<p>Lein\u00f6l, Raps\u00f6l, Sonnenblumen\u00f6l, Soja\u00f6l, Bierhefe, getrocknete Pfefferminzbl\u00e4tter, getrocknete Kamillenbl\u00fcten, Chelidonium majus, Fenchelsamen, getrocknete Maulbeerbl\u00e4tter, Enzianwurzel und Rhabarberwurzel.<\/p>\n<p><b>Dosierung:<\/b><\/p>\n<p>M\u00e4use, Zwerghamster:<br \/>0,05-0,1 ml 3x t\u00e4glich<\/p>\n<p>Gerbills, Ratten, Hamster:<br \/>3x t\u00e4glich 0,15-0,2 ml<\/p>\n<p>Meerschweinchen, Zwergkaninchen:<br \/>3x t\u00e4glich 0,25-0,3 ml<\/p>\n<p>Kaninchen:<br \/>3x t\u00e4glich 0,35-0,6 ml<\/p>\n<p><b>Verabreichung:<\/b><\/p>\n<p>RodiCare akut \u00fcber das Futter oder direkt in das Maul des Tieres verabreichen. Flasche vor Gebrauch gut sch\u00fctteln. Verwenden Sie immer die mitgelieferte Dosierspritze. Sp\u00fclen Sie die Dosierspritze nach Gebrauch aus.<\/p>\n<p><b>Aufbewahrung:<\/b><\/p>\n<p>Fl\u00e4schchen in der Schachtel vor Licht sch\u00fctzen. Nicht \u00fcber 25 Grad lagern.<\/p>","_de_post_name":"rodicare-akut","_de_post_excerpt":"","_de_post_title":"RodiCare akut | 15 ml","_fr_post_content":"<p>RodiCare akut est un compl\u00e9ment alimentaire pour lapins, cochons d'Inde et petits rongeurs. RodiCare akut favorise l'app\u00e9tit et stimule la fonction intestinale.<\/p>\n<p><b>Composition :<\/b><\/p>\n<p>Huile de lin, huile de colza, huile de tournesol, huile de soja, levure de bi\u00e8re, feuille de menthe poivr\u00e9e s\u00e9ch\u00e9e, fleur de camomille s\u00e9ch\u00e9e, Chelidonium majus, graines de fenouil, feuille de m\u00fbrier s\u00e9ch\u00e9e, racine de gentiane et racine de rhubarbe.<\/p>\n<p><b>Dosage :<\/b><\/p>\n<p>Souris, hamsters nains :<br \/>0,05-0,1 ml 3 fois par jour<\/p>\n<p>Gerbilles, rats, hamsters :<br \/>3x par jour 0,15-0,2 ml<\/p>\n<p>Cochons d'Inde, lapins nains :<br \/>3x par jour 0,25-0,3 ml<\/p>\n<p>Lapins :<br \/>3x par jour 0,35-0,6 ml<\/p>\n<p><b>Administration :<\/b><\/p>\n<p>Administrer RodiCare akut sur la nourriture ou directement dans la bouche de l'animal. Bien agiter le flacon avant utilisation. Toujours utiliser la seringue de dosage fournie. Rincer la seringue apr\u00e8s usage.<\/p>\n<p><b>Stockage :<\/b><\/p>\n<p>Prot\u00e9ger le flacon dans la bo\u00eete \u00e0 l'abri de la lumi\u00e8re. Ne pas conserver \u00e0 une temp\u00e9rature sup\u00e9rieure \u00e0 25 degr\u00e9s.<\/p>","_fr_post_name":"rodicare-akut","_fr_post_excerpt":"","_fr_post_title":"RodiCare akut | 15 ml","_es_post_content":"<p>RodiCare akut es un suplemento diet\u00e9tico para conejos, cobayas y peque\u00f1os roedores. RodiCare akut promueve el apetito y estimula la funci\u00f3n intestinal.<\/p>\n<p><b>Composici\u00f3n:<\/b><\/p>\n<p>Aceite de linaza, aceite de colza, aceite de girasol, aceite de soja, levadura de cerveza, hoja seca de menta, flor seca de manzanilla, Chelidonium majus, semilla de hinojo, hoja seca de morera, ra\u00edz de genciana y ra\u00edz de ruibarbo.<\/p>\n<p><b>Dosificaci\u00f3n:<\/b><\/p>\n<p>Ratones, h\u00e1msters enanos:<br \/>0,05-0,1 ml 3 veces al d\u00eda<\/p>\n<p>Gerbills, ratas, h\u00e1msters:<br \/>3 veces al d\u00eda 0,15-0,2 ml<\/p>\n<p>Cobayas, conejos enanos:<br \/>3 veces al d\u00eda 0,25-0,3 ml<\/p>\n<p>Conejos<br \/>3 veces al d\u00eda 0,35-0,6 ml<\/p>\n<p><b>Administraci\u00f3n:<\/b><\/p>\n<p>Administrar RodiCare akut sobre la comida o directamente en la boca del animal. Agitar bien el frasco antes de usar. Utilizar siempre la jeringa dosificadora suministrada. Aclarar la jeringa dosificadora despu\u00e9s de su uso.<\/p>\n<p><b>Conservaci\u00f3n:<\/b><\/p>\n<p>Proteger el frasco en la caja de la luz. No almacenar a m\u00e1s de 25 grados.<\/p>","_es_post_name":"rodicare-akut","_es_post_excerpt":"","_es_post_title":"RodiCare akut | 15 ml","edit_language":"nl"},"product_brand":[],"product_cat":[2229,1825,2231,1827,1857,1824,2174],"product_tag":[],"class_list":{"0":"post-120449","1":"product","2":"type-product","3":"status-publish","4":"has-post-thumbnail","6":"product_cat-cavia","7":"product_cat-konijnen","8":"product_cat-medicijnen-supplementen","10":"product_cat-merken","11":"product_cat-overig","12":"product_cat-rodicare","13":"pa_aandoening-maag_darmen","14":"pa_aandoening-spijsvertering","15":"pa_doeldier-knaagdier","16":"pa_doeldier-konijn","17":"pa_doeldier-overig","18":"pa_fabricatieland-belgie","19":"pa_merkfilter-rodicare","20":"pa_merkgroep-fendigo","21":"pa_productsoort-voedingssupplement","22":"pa_toedieningswijze-vloeistof","23":"pa_unit_pricing_base_measure-10ml","24":"pa_unit_pricing_measure-15ml","25":"pa_werkzamestof-overig","27":"first","28":"instock","29":"taxable","30":"shipping-taxable","31":"purchasable","32":"product-type-simple"},"yoast_head":"<!-- This site is optimized with the Yoast SEO plugin v27.5 - https:\/\/yoast.com\/product\/yoast-seo-wordpress\/ -->\n<title>RodiCare akut | 15 ml - Pharmacy4pets<\/title>\n<meta name=\"robots\" content=\"index, follow, max-snippet:-1, max-image-preview:large, max-video-preview:-1\" \/>\n<link rel=\"canonical\" href=\"https:\/\/www.pharmacy4pets.nl\/rodicare-akut\" \/>\n<meta property=\"og:locale\" content=\"nl_NL\" \/>\n<meta property=\"og:type\" content=\"article\" \/>\n<meta property=\"og:title\" content=\"RodiCare akut | 15 ml - Pharmacy4pets\" \/>\n<meta property=\"og:description\" content=\"RodiCare akut is een voedingssupplement voor konijnen, cavia\u2019s en kleine knaagdieren. RodiCare akut bevordert de eetlust en stimuleert de darmwerking. Samenstelling: Lijnzaadolie, koolzaadolie, zonnebloemolie, sojaolie, biergist, gedroogd pepermuntblad, gedroogde kamillebloem, Chelidonium majus, venkelzaad, gedroogd moerbeiblad, gentiaanwortel en rabarberwortel. Dosering: Muizen, dwerghamsters:3x daags 0,05\u20140,1 ml Gerbills, ratten, hamsters:3x daags 0,15-0,2 ml Cavia\u2019s, dwergkonijnen:3x daags 0,25-0,3 ml [&hellip;]\" \/>\n<meta property=\"og:url\" content=\"https:\/\/www.pharmacy4pets.nl\/rodicare-akut\" \/>\n<meta property=\"og:site_name\" content=\"Pharmacy4pets\" \/>\n<meta property=\"article:publisher\" content=\"https:\/\/www.facebook.com\/people\/Pharmacy4petsnl\/100063484989896\/\" \/>\n<meta property=\"article:modified_time\" content=\"2026-04-14T08:05:38+00:00\" \/>\n<meta property=\"og:image\" content=\"https:\/\/www.pharmacy4pets.nl\/wp-content\/uploads\/2023\/12\/28513.jpg\" \/>\n\t<meta property=\"og:image:width\" content=\"600\" \/>\n\t<meta property=\"og:image:height\" content=\"600\" \/>\n\t<meta property=\"og:image:type\" content=\"image\/jpeg\" \/>\n<meta name=\"twitter:card\" content=\"summary_large_image\" \/>\n<meta name=\"twitter:label1\" content=\"Geschatte leestijd\" \/>\n\t<meta name=\"twitter:data1\" content=\"1 minuut\" \/>\n<script type=\"application\/ld+json\" class=\"yoast-schema-graph\">{\"@context\":\"https:\\\/\\\/schema.org\",\"@graph\":[{\"@type\":\"WebPage\",\"@id\":\"https:\\\/\\\/www.pharmacy4pets.nl\\\/rodicare-akut\",\"url\":\"https:\\\/\\\/www.pharmacy4pets.nl\\\/rodicare-akut\",\"name\":\"RodiCare akut | 15 ml - Pharmacy4pets\",\"isPartOf\":{\"@id\":\"http:\\\/\\\/www.pharmacy4pets.nl\\\/#website\"},\"primaryImageOfPage\":{\"@id\":\"https:\\\/\\\/www.pharmacy4pets.nl\\\/rodicare-akut#primaryimage\"},\"image\":{\"@id\":\"https:\\\/\\\/www.pharmacy4pets.nl\\\/rodicare-akut#primaryimage\"},\"thumbnailUrl\":\"https:\\\/\\\/www.pharmacy4pets.nl\\\/wp-content\\\/uploads\\\/2023\\\/12\\\/28513.jpg\",\"datePublished\":\"2023-12-21T14:39:14+00:00\",\"dateModified\":\"2026-04-14T08:05:38+00:00\",\"breadcrumb\":{\"@id\":\"https:\\\/\\\/www.pharmacy4pets.nl\\\/rodicare-akut#breadcrumb\"},\"inLanguage\":\"nl-NL\",\"potentialAction\":[{\"@type\":\"ReadAction\",\"target\":[\"https:\\\/\\\/www.pharmacy4pets.nl\\\/rodicare-akut\"]}]},{\"@type\":\"ImageObject\",\"inLanguage\":\"nl-NL\",\"@id\":\"https:\\\/\\\/www.pharmacy4pets.nl\\\/rodicare-akut#primaryimage\",\"url\":\"https:\\\/\\\/www.pharmacy4pets.nl\\\/wp-content\\\/uploads\\\/2023\\\/12\\\/28513.jpg\",\"contentUrl\":\"https:\\\/\\\/www.pharmacy4pets.nl\\\/wp-content\\\/uploads\\\/2023\\\/12\\\/28513.jpg\",\"width\":600,\"height\":600,\"caption\":\"RodiCare akut | 15 ml-0\"},{\"@type\":\"BreadcrumbList\",\"@id\":\"https:\\\/\\\/www.pharmacy4pets.nl\\\/rodicare-akut#breadcrumb\",\"itemListElement\":[{\"@type\":\"ListItem\",\"position\":1,\"name\":\"Home\",\"item\":\"https:\\\/\\\/p4p-nl.bootmine.com\\\/\"},{\"@type\":\"ListItem\",\"position\":2,\"name\":\"Winkel\",\"item\":\"https:\\\/\\\/p4p-nl.bootmine.com\\\/winkel\"},{\"@type\":\"ListItem\",\"position\":3,\"name\":\"RodiCare akut | 15 ml\"}]},{\"@type\":\"WebSite\",\"@id\":\"http:\\\/\\\/www.pharmacy4pets.nl\\\/#website\",\"url\":\"http:\\\/\\\/www.pharmacy4pets.nl\\\/\",\"name\":\"Pharmacy4pets\",\"description\":\"Pharmacy4pets.nl is d\u00e9 online apotheek waar u terecht kunt voor alle diergeneesmiddelen, verzorgingsproducten en dieetvoeding voor uw huisdier.\",\"publisher\":{\"@id\":\"http:\\\/\\\/www.pharmacy4pets.nl\\\/#organization\"},\"potentialAction\":[{\"@type\":\"SearchAction\",\"target\":{\"@type\":\"EntryPoint\",\"urlTemplate\":\"http:\\\/\\\/www.pharmacy4pets.nl\\\/?s={search_term_string}\"},\"query-input\":{\"@type\":\"PropertyValueSpecification\",\"valueRequired\":true,\"valueName\":\"search_term_string\"}}],\"inLanguage\":\"nl-NL\"},{\"@type\":\"Organization\",\"@id\":\"http:\\\/\\\/www.pharmacy4pets.nl\\\/#organization\",\"name\":\"Pharmacy4pets\",\"url\":\"http:\\\/\\\/www.pharmacy4pets.nl\\\/\",\"logo\":{\"@type\":\"ImageObject\",\"inLanguage\":\"nl-NL\",\"@id\":\"http:\\\/\\\/www.pharmacy4pets.nl\\\/#\\\/schema\\\/logo\\\/image\\\/\",\"url\":\"https:\\\/\\\/p4p-nl.bootmine.com\\\/wp-content\\\/uploads\\\/2026\\\/03\\\/logo-pharmacy4pets.png\",\"contentUrl\":\"https:\\\/\\\/p4p-nl.bootmine.com\\\/wp-content\\\/uploads\\\/2026\\\/03\\\/logo-pharmacy4pets.png\",\"width\":1024,\"height\":135,\"caption\":\"Pharmacy4pets\"},\"image\":{\"@id\":\"http:\\\/\\\/www.pharmacy4pets.nl\\\/#\\\/schema\\\/logo\\\/image\\\/\"},\"sameAs\":[\"https:\\\/\\\/www.facebook.com\\\/people\\\/Pharmacy4petsnl\\\/100063484989896\\\/\",\"https:\\\/\\\/www.youtube.com\\\/channel\\\/UCGPTIgucgli03tP2_kvLkHg\\\/featured\",\"https:\\\/\\\/www.instagram.com\\\/pharmacy4pets.nl\"]}]}<\/script>\n<!-- \/ Yoast SEO plugin. -->","yoast_head_json":{"title":"RodiCare akut | 15 ml - Pharmacy4pets","robots":{"index":"index","follow":"follow","max-snippet":"max-snippet:-1","max-image-preview":"max-image-preview:large","max-video-preview":"max-video-preview:-1"},"canonical":"https:\/\/www.pharmacy4pets.nl\/rodicare-akut","og_locale":"nl_NL","og_type":"article","og_title":"RodiCare akut | 15 ml - Pharmacy4pets","og_description":"RodiCare akut is een voedingssupplement voor konijnen, cavia\u2019s en kleine knaagdieren. RodiCare akut bevordert de eetlust en stimuleert de darmwerking. Samenstelling: Lijnzaadolie, koolzaadolie, zonnebloemolie, sojaolie, biergist, gedroogd pepermuntblad, gedroogde kamillebloem, Chelidonium majus, venkelzaad, gedroogd moerbeiblad, gentiaanwortel en rabarberwortel. Dosering: Muizen, dwerghamsters:3x daags 0,05\u20140,1 ml Gerbills, ratten, hamsters:3x daags 0,15-0,2 ml Cavia\u2019s, dwergkonijnen:3x daags 0,25-0,3 ml [&hellip;]","og_url":"https:\/\/www.pharmacy4pets.nl\/rodicare-akut","og_site_name":"Pharmacy4pets","article_publisher":"https:\/\/www.facebook.com\/people\/Pharmacy4petsnl\/100063484989896\/","article_modified_time":"2026-04-14T08:05:38+00:00","og_image":[{"width":600,"height":600,"url":"https:\/\/www.pharmacy4pets.nl\/wp-content\/uploads\/2023\/12\/28513.jpg","type":"image\/jpeg"}],"twitter_card":"summary_large_image","twitter_misc":{"Geschatte leestijd":"1 minuut"},"schema":{"@context":"https:\/\/schema.org","@graph":[{"@type":"WebPage","@id":"https:\/\/www.pharmacy4pets.nl\/rodicare-akut","url":"https:\/\/www.pharmacy4pets.nl\/rodicare-akut","name":"RodiCare akut | 15 ml - Pharmacy4pets","isPartOf":{"@id":"http:\/\/www.pharmacy4pets.nl\/#website"},"primaryImageOfPage":{"@id":"https:\/\/www.pharmacy4pets.nl\/rodicare-akut#primaryimage"},"image":{"@id":"https:\/\/www.pharmacy4pets.nl\/rodicare-akut#primaryimage"},"thumbnailUrl":"https:\/\/www.pharmacy4pets.nl\/wp-content\/uploads\/2023\/12\/28513.jpg","datePublished":"2023-12-21T14:39:14+00:00","dateModified":"2026-04-14T08:05:38+00:00","breadcrumb":{"@id":"https:\/\/www.pharmacy4pets.nl\/rodicare-akut#breadcrumb"},"inLanguage":"nl-NL","potentialAction":[{"@type":"ReadAction","target":["https:\/\/www.pharmacy4pets.nl\/rodicare-akut"]}]},{"@type":"ImageObject","inLanguage":"nl-NL","@id":"https:\/\/www.pharmacy4pets.nl\/rodicare-akut#primaryimage","url":"https:\/\/www.pharmacy4pets.nl\/wp-content\/uploads\/2023\/12\/28513.jpg","contentUrl":"https:\/\/www.pharmacy4pets.nl\/wp-content\/uploads\/2023\/12\/28513.jpg","width":600,"height":600,"caption":"RodiCare akut | 15 ml-0"},{"@type":"BreadcrumbList","@id":"https:\/\/www.pharmacy4pets.nl\/rodicare-akut#breadcrumb","itemListElement":[{"@type":"ListItem","position":1,"name":"Home","item":"https:\/\/p4p-nl.bootmine.com\/"},{"@type":"ListItem","position":2,"name":"Winkel","item":"https:\/\/p4p-nl.bootmine.com\/winkel"},{"@type":"ListItem","position":3,"name":"RodiCare akut | 15 ml"}]},{"@type":"WebSite","@id":"http:\/\/www.pharmacy4pets.nl\/#website","url":"http:\/\/www.pharmacy4pets.nl\/","name":"Pharmacy4pets","description":"Pharmacy4pets.nl is d\u00e9 online apotheek waar u terecht kunt voor alle diergeneesmiddelen, verzorgingsproducten en dieetvoeding voor uw huisdier.","publisher":{"@id":"http:\/\/www.pharmacy4pets.nl\/#organization"},"potentialAction":[{"@type":"SearchAction","target":{"@type":"EntryPoint","urlTemplate":"http:\/\/www.pharmacy4pets.nl\/?s={search_term_string}"},"query-input":{"@type":"PropertyValueSpecification","valueRequired":true,"valueName":"search_term_string"}}],"inLanguage":"nl-NL"},{"@type":"Organization","@id":"http:\/\/www.pharmacy4pets.nl\/#organization","name":"Pharmacy4pets","url":"http:\/\/www.pharmacy4pets.nl\/","logo":{"@type":"ImageObject","inLanguage":"nl-NL","@id":"http:\/\/www.pharmacy4pets.nl\/#\/schema\/logo\/image\/","url":"https:\/\/p4p-nl.bootmine.com\/wp-content\/uploads\/2026\/03\/logo-pharmacy4pets.png","contentUrl":"https:\/\/p4p-nl.bootmine.com\/wp-content\/uploads\/2026\/03\/logo-pharmacy4pets.png","width":1024,"height":135,"caption":"Pharmacy4pets"},"image":{"@id":"http:\/\/www.pharmacy4pets.nl\/#\/schema\/logo\/image\/"},"sameAs":["https:\/\/www.facebook.com\/people\/Pharmacy4petsnl\/100063484989896\/","https:\/\/www.youtube.com\/channel\/UCGPTIgucgli03tP2_kvLkHg\/featured","https:\/\/www.instagram.com\/pharmacy4pets.nl"]}]}},"market_data":{"nl":{"price":0,"sale_price":0,"active":false,"url":null,"parent_url":"","tax_rate":0,"price_inc_tax":0,"sale_price_inc_tax":0},"de":{"price":0,"sale_price":0,"active":false,"url":null,"parent_url":"","tax_rate":0,"price_inc_tax":0,"sale_price_inc_tax":0},"be":{"price":0,"sale_price":0,"active":false,"url":null,"parent_url":"","tax_rate":0,"price_inc_tax":0,"sale_price_inc_tax":0},"fr":{"price":0,"sale_price":0,"active":false,"url":null,"parent_url":"","tax_rate":0,"price_inc_tax":0,"sale_price_inc_tax":0},"ch":{"price":0,"sale_price":0,"active":false,"url":null,"parent_url":"","tax_rate":0,"price_inc_tax":0,"sale_price_inc_tax":0},"at":{"price":0,"sale_price":0,"active":false,"url":null,"parent_url":"","tax_rate":0,"price_inc_tax":0,"sale_price_inc_tax":0},"es":{"price":0,"sale_price":0,"active":false,"url":null,"parent_url":"","tax_rate":0,"price_inc_tax":0,"sale_price_inc_tax":0},"dk":{"price":0,"sale_price":0,"active":false,"url":null,"parent_url":"","tax_rate":0,"price_inc_tax":0,"sale_price_inc_tax":0},"com":{"price":0,"sale_price":0,"active":false,"url":null,"parent_url":"","tax_rate":0,"price_inc_tax":0,"sale_price_inc_tax":0}},"market_nl_price":0,"market_nl_sale_price":0,"market_nl_active":false,"market_nl_url":null,"market_nl_parent_url":"","market_nl_tax_rate":0,"market_nl_price_inc_tax":0,"market_nl_sale_price_inc_tax":0,"market_de_price":0,"market_de_sale_price":0,"market_de_active":false,"market_de_url":null,"market_de_parent_url":"","market_de_tax_rate":0,"market_de_price_inc_tax":0,"market_de_sale_price_inc_tax":0,"market_be_price":0,"market_be_sale_price":0,"market_be_active":false,"market_be_url":null,"market_be_parent_url":"","market_be_tax_rate":0,"market_be_price_inc_tax":0,"market_be_sale_price_inc_tax":0,"market_fr_price":0,"market_fr_sale_price":0,"market_fr_active":false,"market_fr_url":null,"market_fr_parent_url":"","market_fr_tax_rate":0,"market_fr_price_inc_tax":0,"market_fr_sale_price_inc_tax":0,"market_ch_price":0,"market_ch_sale_price":0,"market_ch_active":false,"market_ch_url":null,"market_ch_parent_url":"","market_ch_tax_rate":0,"market_ch_price_inc_tax":0,"market_ch_sale_price_inc_tax":0,"market_at_price":0,"market_at_sale_price":0,"market_at_active":false,"market_at_url":null,"market_at_parent_url":"","market_at_tax_rate":0,"market_at_price_inc_tax":0,"market_at_sale_price_inc_tax":0,"market_es_price":0,"market_es_sale_price":0,"market_es_active":false,"market_es_url":null,"market_es_parent_url":"","market_es_tax_rate":0,"market_es_price_inc_tax":0,"market_es_sale_price_inc_tax":0,"market_dk_price":0,"market_dk_sale_price":0,"market_dk_active":false,"market_dk_url":null,"market_dk_parent_url":"","market_dk_tax_rate":0,"market_dk_price_inc_tax":0,"market_dk_sale_price_inc_tax":0,"market_com_price":0,"market_com_sale_price":0,"market_com_active":false,"market_com_url":null,"market_com_parent_url":"","market_com_tax_rate":0,"market_com_price_inc_tax":0,"market_com_sale_price_inc_tax":0,"acf":[],"_links":{"self":[{"href":"https:\/\/www.pharmacy4pets.nl\/be\/wp-json\/wp\/v2\/product\/120449","targetHints":{"allow":["GET"]}}],"collection":[{"href":"https:\/\/www.pharmacy4pets.nl\/be\/wp-json\/wp\/v2\/product"}],"about":[{"href":"https:\/\/www.pharmacy4pets.nl\/be\/wp-json\/wp\/v2\/types\/product"}],"replies":[{"embeddable":true,"href":"https:\/\/www.pharmacy4pets.nl\/be\/wp-json\/wp\/v2\/comments?post=120449"}],"wp:featuredmedia":[{"embeddable":true,"href":"https:\/\/www.pharmacy4pets.nl\/be\/wp-json\/wp\/v2\/media\/120448"}],"wp:attachment":[{"href":"https:\/\/www.pharmacy4pets.nl\/be\/wp-json\/wp\/v2\/media?parent=120449"}],"wp:term":[{"taxonomy":"product_brand","embeddable":true,"href":"https:\/\/www.pharmacy4pets.nl\/be\/wp-json\/wp\/v2\/product_brand?post=120449"},{"taxonomy":"product_cat","embeddable":true,"href":"https:\/\/www.pharmacy4pets.nl\/be\/wp-json\/wp\/v2\/product_cat?post=120449"},{"taxonomy":"product_tag","embeddable":true,"href":"https:\/\/www.pharmacy4pets.nl\/be\/wp-json\/wp\/v2\/product_tag?post=120449"}],"curies":[{"name":"wp","href":"https:\/\/api.w.org\/{rel}","templated":true}]}}