{"id":120447,"date":"2023-12-20T15:49:18","date_gmt":"2023-12-20T15:49:18","guid":{"rendered":"https:\/\/p4p.test\/glandex-powder-vegan-salmon"},"modified":"2026-04-14T08:05:37","modified_gmt":"2026-04-14T08:05:37","slug":"glandex-powder-vegan-salmon","status":"publish","type":"product","link":"https:\/\/www.pharmacy4pets.nl\/be\/glandex-powder-vegan-salmon","title":{"rendered":"Glandex Powder | Vegan Salmon | 114 gram"},"content":{"rendered":"<p>Glandex poeder is een vezelsupplement voor honden en katten dat speciaal door dierenartsen is ontwikkeld om een gezonde anaalklierfunctie te bevorderen. De gepatenteerde formule van Glandex bevat een uniek vezelmengsel, omega-vetzuren, probiotica en spijsverteringsenzymen om de spijsvertering, seizoensgebonden allergie\u00ebn te ondersteunen en de immuunrespons te verbeteren.<\/p>\n<p>Dit voedingssupplement is veganistisch en heeft een zalmsmaak. Tevens is het glutenvrij zonder ma\u00efs, soja of tarwe en bevat geen kunstmatige ingredi\u00ebnten of conserveermiddelen.<\/p>\n<p>Voor het beste resultaat geeft u dagelijks de aanbevolen hoeveelheid op basis van het gewicht van uw huisdier.<\/p>\n<p><strong>Instructies voor gebruik<\/strong><\/p>\n<p>Wanneer u Glandex voor de eerste keer gebruikt, geef dan de eerste 5-7 dagen eenmaal daags de helft (\u00bd) van de aanbevolen hoeveelheid, zodat uw huisdier kan wennen aan het hogere vezelgehalte \u00a0en verhoog dan geleidelijk naar de aanbevolen hoeveelheid. Typische resultaten zijn binnen 3-5 weken zichtbaar, maar optimale resultaten kunnen tot 2-3 maanden duren. Als u na de eerste 30 dagen geen verbetering ziet, wordt aanbevolen de dagelijkse hoeveelheid te verdubbelen, omdat sommige honden een hogere hoeveelheid vezels nodig hebben om resultaat te zien.<\/p>\n<p>&lt; 5 kg = 1\/8 theelepel<br \/>5 \u2013 10 kg = 1\/4 theelepel<br \/>11 \u2013 25 kg = 1\/2 theelepel<br \/>26 \u2013 35 kg = 3\/4 theelepel<br \/>&gt; 35 kg = 1 theelepel<\/p>\n","protected":false},"excerpt":{"rendered":"<p>Glandex poeder is een vezelsupplement voor honden en katten dat speciaal door dierenartsen is ontwikkeld om een gezonde anaalklierfunctie te bevorderen. De gepatenteerde formule van Glandex bevat een uniek vezelmengsel, omega-vetzuren, probiotica en spijsverteringsenzymen om de spijsvertering, seizoensgebonden allergie\u00ebn te ondersteunen en de immuunrespons te verbeteren. Dit voedingssupplement is veganistisch en heeft een zalmsmaak. Tevens [&hellip;]<\/p>\n","protected":false},"featured_media":120446,"comment_status":"open","ping_status":"closed","template":"","meta":{"_acf_changed":false,"_nl_post_content":"<p>Glandex poeder is een vezelsupplement voor honden en katten dat speciaal door dierenartsen is ontwikkeld om een gezonde anaalklierfunctie te bevorderen. De gepatenteerde formule van Glandex bevat een uniek vezelmengsel, omega-vetzuren, probiotica en spijsverteringsenzymen om de spijsvertering, seizoensgebonden allergie\u00ebn te ondersteunen en de immuunrespons te verbeteren.<\/p>\r\n<p>Dit voedingssupplement is veganistisch en heeft een zalmsmaak. Tevens is het glutenvrij zonder ma\u00efs, soja of tarwe en bevat geen kunstmatige ingredi\u00ebnten of conserveermiddelen.<\/p>\r\n<p>Voor het beste resultaat geeft u dagelijks de aanbevolen hoeveelheid op basis van het gewicht van uw huisdier.<\/p>\r\n<p><strong>Instructies voor gebruik<\/strong><\/p>\r\n<p>Wanneer u Glandex voor de eerste keer gebruikt, geef dan de eerste 5-7 dagen eenmaal daags de helft (\u00bd) van de aanbevolen hoeveelheid, zodat uw huisdier kan wennen aan het hogere vezelgehalte \u00a0en verhoog dan geleidelijk naar de aanbevolen hoeveelheid. Typische resultaten zijn binnen 3-5 weken zichtbaar, maar optimale resultaten kunnen tot 2-3 maanden duren. Als u na de eerste 30 dagen geen verbetering ziet, wordt aanbevolen de dagelijkse hoeveelheid te verdubbelen, omdat sommige honden een hogere hoeveelheid vezels nodig hebben om resultaat te zien.<\/p>\r\n<p>&lt; 5 kg = 1\/8 theelepel<br \/>5 \u2013 10 kg = 1\/4 theelepel<br \/>11 \u2013 25 kg = 1\/2 theelepel<br \/>26 \u2013 35 kg = 3\/4 theelepel<br \/>&gt; 35 kg = 1 theelepel<\/p>","_nl_post_name":"glandex-powder-vegan-salmon","_nl_post_excerpt":"","_nl_post_title":"Glandex Powder | Vegan Salmon | 114 gram","_en_post_content":"<p>Glandex powder is a fibre supplement for dogs and cats specially developed by veterinarians to promote healthy anal gland function. Glandex's patented formula contains a unique fibre blend, omega fatty acids, probiotics and digestive enzymes to support digestion, seasonal allergies and improve immune response.<\/p>\n<p>This dietary supplement is vegan and has a salmon flavour. It is also gluten-free with no corn, soy or wheat and contains no artificial ingredients or preservatives.<\/p>\n<p>For best results, give the recommended amount daily based on your pet's weight.<\/p>\n<p><b>Instructions for use<\/b><\/p>\n<p>When using Glandex for the first time, give half (\u00bd) the recommended amount once daily for the first 5-7 days to allow your pet to get used to the higher fibre content and then gradually increase to the recommended amount. Typical results are seen within 3-5 weeks, but optimal results can last up to 2-3 months. If you see no improvement after the first 30 days, it is recommended to double the daily amount, as some dogs need a higher amount of fibre to see results.<\/p>\n<p>&lt; 5 kg = 1\/8 teaspoon<br \/>5 - 10 kg = 1\/4 teaspoon<br \/>11 - 25 kg = 1\/2 teaspoon<br \/>26 - 35 kg = 3\/4 teaspoon<br \/>&gt; 35 kg = 1 teaspoon<\/p>","_en_post_name":"glandex-powder-vegan-salmon","_en_post_excerpt":"","_en_post_title":"Glandex Powder | Vegan Salmon | 114 grams","_de_post_content":"<p>Glandex-Pulver ist ein speziell von Tier\u00e4rzten entwickeltes Ballaststoffpr\u00e4parat f\u00fcr Hunde und Katzen zur F\u00f6rderung einer gesunden Analdr\u00fcsenfunktion. Die patentierte Formel von Glandex enth\u00e4lt eine einzigartige Ballaststoffmischung, Omega-Fetts\u00e4uren, Probiotika und Verdauungsenzyme zur Unterst\u00fctzung der Verdauung, bei saisonalen Allergien und zur Verbesserung der Immunabwehr.<\/p>\n<p>Dieses Nahrungserg\u00e4nzungsmittel ist vegan und hat einen Lachsgeschmack. Es ist au\u00dferdem glutenfrei, ohne Mais, Soja oder Weizen und enth\u00e4lt keine k\u00fcnstlichen Zutaten oder Konservierungsstoffe.<\/p>\n<p>Die beste Wirkung erzielen Sie, wenn Sie t\u00e4glich die empfohlene Menge verabreichen, die dem Gewicht Ihres Tieres entspricht.<\/p>\n<p><b>Hinweise zur Anwendung<\/b><\/p>\n<p>Wenn Sie Glandex zum ersten Mal verwenden, geben Sie in den ersten 5-7 Tagen einmal t\u00e4glich die H\u00e4lfte (\u00bd) der empfohlenen Menge, damit sich Ihr Tier an den h\u00f6heren Ballaststoffgehalt gew\u00f6hnen kann, und erh\u00f6hen Sie dann schrittweise auf die empfohlene Menge. Typische Ergebnisse sind innerhalb von 3-5 Wochen zu sehen, aber optimale Ergebnisse k\u00f6nnen bis zu 2-3 Monate dauern. Wenn Sie nach den ersten 30 Tagen keine Verbesserung feststellen, empfiehlt es sich, die t\u00e4gliche Menge zu verdoppeln, da manche Hunde eine h\u00f6here Menge an Ballaststoffen ben\u00f6tigen, um Ergebnisse zu erzielen.<\/p>\n<p>&lt; 5 kg = 1\/8 Teel\u00f6ffel<br \/>5 - 10 kg = 1\/4 Teel\u00f6ffel<br \/>11 - 25 kg = 1\/2 Teel\u00f6ffel<br \/>26 - 35 kg = 3\/4 Teel\u00f6ffel<br \/>&gt; 35 kg = 1 Teel\u00f6ffel<\/p>","_de_post_name":"glandex-powder-vegan-salmon","_de_post_excerpt":"","_de_post_title":"Glandex Powder | Vegan Salmon | 114 Gramm","_fr_post_content":"<p>Glandex en poudre est un suppl\u00e9ment de fibres pour chiens et chats sp\u00e9cialement con\u00e7u par des v\u00e9t\u00e9rinaires pour favoriser le bon fonctionnement des glandes anales. La formule brevet\u00e9e de Glandex contient un m\u00e9lange unique de fibres, des acides gras om\u00e9ga, des probiotiques et des enzymes digestives pour favoriser la digestion, les allergies saisonni\u00e8res et am\u00e9liorer la r\u00e9ponse immunitaire.<\/p>\n<p>Ce compl\u00e9ment alimentaire est v\u00e9g\u00e9talien et a un go\u00fbt de saumon. Il est \u00e9galement exempt de gluten, de ma\u00efs, de soja et de bl\u00e9 et ne contient aucun ingr\u00e9dient artificiel ou conservateur.<\/p>\n<p>Pour de meilleurs r\u00e9sultats, donnez la quantit\u00e9 recommand\u00e9e par jour en fonction du poids de votre animal.<\/p>\n<p><b>Mode d'emploi<\/b><\/p>\n<p>Lorsque vous utilisez Glandex pour la premi\u00e8re fois, donnez la moiti\u00e9 (\u00bd) de la quantit\u00e9 recommand\u00e9e une fois par jour pendant les 5 \u00e0 7 premiers jours pour permettre \u00e0 votre animal de s'habituer \u00e0 la teneur plus \u00e9lev\u00e9e en fibres, puis augmentez progressivement la quantit\u00e9 recommand\u00e9e. Des r\u00e9sultats typiques sont observ\u00e9s au bout de 3 \u00e0 5 semaines, mais les r\u00e9sultats optimaux peuvent durer jusqu'\u00e0 2 \u00e0 3 mois. Si vous ne constatez aucune am\u00e9lioration apr\u00e8s les 30 premiers jours, il est recommand\u00e9 de doubler la quantit\u00e9 quotidienne, car certains chiens ont besoin d'une plus grande quantit\u00e9 de fibres pour obtenir des r\u00e9sultats.<\/p>\n<p>&lt; 5 kg = 1\/8 de cuill\u00e8re \u00e0 caf\u00e9<br \/>5 - 10 kg = 1\/4 de cuill\u00e8re \u00e0 caf\u00e9<br \/>11 - 25 kg = 1\/2 cuill\u00e8re \u00e0 caf\u00e9<br \/>26 - 35 kg = 3\/4 de cuill\u00e8re \u00e0 caf\u00e9<br \/>&gt; 35 kg = 1 cuill\u00e8re \u00e0 caf\u00e9<\/p>","_fr_post_name":"glandex-powder-vegan-salmon","_fr_post_excerpt":"","_fr_post_title":"Glandex Powder | Vegan Salmon | 114 grammes","_es_post_content":"<h1>Glandex Polvo (Glandulex Polvo)<\/h1>\r\n<p>Glandex en polvo es un suplemento de fibra para perros y gatos especialmente desarrollado por veterinarios para favorecer la funci\u00f3n saludable de la gl\u00e1ndula anal. La f\u00f3rmula patentada de Glandex contiene una mezcla \u00fanica de fibras, \u00e1cidos grasos omega, probi\u00f3ticos y enzimas digestivas para favorecer la digesti\u00f3n, las alergias estacionales y mejorar la respuesta inmunitaria.<\/p>\r\n<p>Este suplemento diet\u00e9tico es vegano y tiene sabor a salm\u00f3n. Tampoco contiene gluten, ma\u00edz, soja ni trigo, ni ingredientes artificiales ni conservantes.<\/p>\r\n<p>Para obtener los mejores resultados, administre diariamente la cantidad recomendada en funci\u00f3n del peso de su mascota.<\/p>\r\n<p><b>Modo de empleo<\/b><\/p>\r\n<p>Cuando utilice Glandex por primera vez, administre la mitad (\u00bd) de la cantidad recomendada una vez al d\u00eda durante los primeros 5-7 d\u00edas para que su mascota se acostumbre al mayor contenido de fibra y, a continuaci\u00f3n, aumente gradualmente la cantidad recomendada. Los resultados t\u00edpicos se observan en 3-5 semanas, pero los resultados \u00f3ptimos pueden durar hasta 2-3 meses. Si no observa ninguna mejora despu\u00e9s de los primeros 30 d\u00edas, se recomienda duplicar la cantidad diaria, ya que algunos perros necesitan una mayor cantidad de fibra para ver resultados.<\/p>\r\n<p>&lt; 5 kg = 1\/8 cucharadita<br \/>5 - 10 kg = 1\/4 cucharadita<br \/>11 - 25 kg = 1\/2 cucharadita<br \/>26 - 35 kg = 3\/4 cucharadita<br \/>&gt; 35 kg = 1 cucharadita<\/p>","_es_post_name":"glandex-powder-vegan-salmon","_es_post_excerpt":"","_es_post_title":"Glandex Polvo | Vegan Salmon | 114 gramos","edit_language":"nl"},"product_brand":[],"product_cat":[2347,1993,1975,2173,1117,2014,2013,1118,1848,1879,1839,1871,1857,1978,1994],"product_tag":[],"class_list":{"0":"post-120447","1":"product","2":"type-product","3":"status-publish","4":"has-post-thumbnail","6":"product_cat-anaalklieren","7":"product_cat-diarree","9":"product_cat-glandex","10":"product_cat-honden","11":"product_cat-immuunsysteem-weerstand","13":"product_cat-katten","14":"product_cat-maag-darmen","16":"product_cat-medicijnen-supplementen","18":"product_cat-merken","19":"product_cat-probiotica","21":"pa_aandoening-huid_vacht","22":"pa_aandoening-maag_darmen","23":"pa_aandoening-overig","24":"pa_aandoening-spijsvertering","25":"pa_doeldier-hond","26":"pa_doeldier-kat","27":"pa_fabricatieland-usa","28":"pa_merkfilter-glandex","29":"pa_merkgroep-vetnique","30":"pa_productsoort-voedingssupplement","31":"pa_toedieningswijze-poeder","32":"pa_unit_pricing_base_measure-100g","33":"pa_unit_pricing_measure-114g","34":"pa_werkzamestof-overig","36":"first","37":"instock","38":"taxable","39":"shipping-taxable","40":"purchasable","41":"product-type-simple"},"yoast_head":"<!-- This site is optimized with the Yoast SEO plugin v27.5 - https:\/\/yoast.com\/product\/yoast-seo-wordpress\/ -->\n<title>Glandex Powder | Anaalklieren hond<\/title>\n<meta name=\"robots\" content=\"index, follow, max-snippet:-1, max-image-preview:large, max-video-preview:-1\" \/>\n<link rel=\"canonical\" href=\"https:\/\/p4p-nl.bootmine.com\/glandex-powder-vegan-salmon\" \/>\n<meta property=\"og:locale\" content=\"nl_NL\" \/>\n<meta property=\"og:type\" content=\"article\" \/>\n<meta property=\"og:title\" content=\"Glandex Powder | Anaalklieren hond\" \/>\n<meta property=\"og:description\" content=\"Glandex poeder is een vezelsupplement voor honden en katten dat speciaal door dierenartsen is ontwikkeld om een gezonde anaalklierfunctie te bevorderen. De gepatenteerde formule van Glandex bevat een uniek vezelmengsel, omega-vetzuren, probiotica en spijsverteringsenzymen om de spijsvertering, seizoensgebonden allergie\u00ebn te ondersteunen en de immuunrespons te verbeteren. Dit voedingssupplement is veganistisch en heeft een zalmsmaak. Tevens [&hellip;]\" \/>\n<meta property=\"og:url\" content=\"https:\/\/p4p-nl.bootmine.com\/glandex-powder-vegan-salmon\" \/>\n<meta property=\"og:site_name\" content=\"Pharmacy4pets\" \/>\n<meta property=\"article:publisher\" content=\"https:\/\/www.facebook.com\/people\/Pharmacy4petsnl\/100063484989896\/\" \/>\n<meta property=\"article:modified_time\" content=\"2026-04-14T08:05:37+00:00\" \/>\n<meta property=\"og:image\" content=\"https:\/\/p4p-nl.bootmine.com\/wp-content\/uploads\/2023\/12\/glandex_poeder_nieuw.png\" \/>\n\t<meta property=\"og:image:width\" content=\"600\" \/>\n\t<meta property=\"og:image:height\" content=\"600\" \/>\n\t<meta property=\"og:image:type\" content=\"image\/png\" \/>\n<meta name=\"twitter:card\" content=\"summary_large_image\" \/>\n<meta name=\"twitter:label1\" content=\"Geschatte leestijd\" \/>\n\t<meta name=\"twitter:data1\" content=\"1 minuut\" \/>\n<script type=\"application\/ld+json\" class=\"yoast-schema-graph\">{\"@context\":\"https:\\\/\\\/schema.org\",\"@graph\":[{\"@type\":\"WebPage\",\"@id\":\"https:\\\/\\\/p4p-nl.bootmine.com\\\/glandex-powder-vegan-salmon\",\"url\":\"https:\\\/\\\/p4p-nl.bootmine.com\\\/glandex-powder-vegan-salmon\",\"name\":\"Glandex Powder | Anaalklieren hond\",\"isPartOf\":{\"@id\":\"http:\\\/\\\/www.pharmacy4pets.nl\\\/#website\"},\"primaryImageOfPage\":{\"@id\":\"https:\\\/\\\/p4p-nl.bootmine.com\\\/glandex-powder-vegan-salmon#primaryimage\"},\"image\":{\"@id\":\"https:\\\/\\\/p4p-nl.bootmine.com\\\/glandex-powder-vegan-salmon#primaryimage\"},\"thumbnailUrl\":\"https:\\\/\\\/www.pharmacy4pets.nl\\\/wp-content\\\/uploads\\\/2023\\\/12\\\/glandex_poeder_nieuw.png\",\"datePublished\":\"2023-12-20T15:49:18+00:00\",\"dateModified\":\"2026-04-14T08:05:37+00:00\",\"breadcrumb\":{\"@id\":\"https:\\\/\\\/p4p-nl.bootmine.com\\\/glandex-powder-vegan-salmon#breadcrumb\"},\"inLanguage\":\"nl-NL\",\"potentialAction\":[{\"@type\":\"ReadAction\",\"target\":[\"https:\\\/\\\/p4p-nl.bootmine.com\\\/glandex-powder-vegan-salmon\"]}]},{\"@type\":\"ImageObject\",\"inLanguage\":\"nl-NL\",\"@id\":\"https:\\\/\\\/p4p-nl.bootmine.com\\\/glandex-powder-vegan-salmon#primaryimage\",\"url\":\"https:\\\/\\\/www.pharmacy4pets.nl\\\/wp-content\\\/uploads\\\/2023\\\/12\\\/glandex_poeder_nieuw.png\",\"contentUrl\":\"https:\\\/\\\/www.pharmacy4pets.nl\\\/wp-content\\\/uploads\\\/2023\\\/12\\\/glandex_poeder_nieuw.png\",\"width\":600,\"height\":600,\"caption\":\"Glandex Powder | Vegan Salmon | 114 gram-0\"},{\"@type\":\"BreadcrumbList\",\"@id\":\"https:\\\/\\\/p4p-nl.bootmine.com\\\/glandex-powder-vegan-salmon#breadcrumb\",\"itemListElement\":[{\"@type\":\"ListItem\",\"position\":1,\"name\":\"Home\",\"item\":\"https:\\\/\\\/p4p-nl.bootmine.com\\\/\"},{\"@type\":\"ListItem\",\"position\":2,\"name\":\"Winkel\",\"item\":\"https:\\\/\\\/p4p-nl.bootmine.com\\\/winkel\"},{\"@type\":\"ListItem\",\"position\":3,\"name\":\"Glandex Powder | Vegan Salmon | 114 gram\"}]},{\"@type\":\"WebSite\",\"@id\":\"http:\\\/\\\/www.pharmacy4pets.nl\\\/#website\",\"url\":\"http:\\\/\\\/www.pharmacy4pets.nl\\\/\",\"name\":\"Pharmacy4pets\",\"description\":\"Pharmacy4pets.nl is d\u00e9 online apotheek waar u terecht kunt voor alle diergeneesmiddelen, verzorgingsproducten en dieetvoeding voor uw huisdier.\",\"publisher\":{\"@id\":\"http:\\\/\\\/www.pharmacy4pets.nl\\\/#organization\"},\"potentialAction\":[{\"@type\":\"SearchAction\",\"target\":{\"@type\":\"EntryPoint\",\"urlTemplate\":\"http:\\\/\\\/www.pharmacy4pets.nl\\\/?s={search_term_string}\"},\"query-input\":{\"@type\":\"PropertyValueSpecification\",\"valueRequired\":true,\"valueName\":\"search_term_string\"}}],\"inLanguage\":\"nl-NL\"},{\"@type\":\"Organization\",\"@id\":\"http:\\\/\\\/www.pharmacy4pets.nl\\\/#organization\",\"name\":\"Pharmacy4pets\",\"url\":\"http:\\\/\\\/www.pharmacy4pets.nl\\\/\",\"logo\":{\"@type\":\"ImageObject\",\"inLanguage\":\"nl-NL\",\"@id\":\"http:\\\/\\\/www.pharmacy4pets.nl\\\/#\\\/schema\\\/logo\\\/image\\\/\",\"url\":\"https:\\\/\\\/p4p-nl.bootmine.com\\\/wp-content\\\/uploads\\\/2026\\\/03\\\/logo-pharmacy4pets.png\",\"contentUrl\":\"https:\\\/\\\/p4p-nl.bootmine.com\\\/wp-content\\\/uploads\\\/2026\\\/03\\\/logo-pharmacy4pets.png\",\"width\":1024,\"height\":135,\"caption\":\"Pharmacy4pets\"},\"image\":{\"@id\":\"http:\\\/\\\/www.pharmacy4pets.nl\\\/#\\\/schema\\\/logo\\\/image\\\/\"},\"sameAs\":[\"https:\\\/\\\/www.facebook.com\\\/people\\\/Pharmacy4petsnl\\\/100063484989896\\\/\",\"https:\\\/\\\/www.youtube.com\\\/channel\\\/UCGPTIgucgli03tP2_kvLkHg\\\/featured\",\"https:\\\/\\\/www.instagram.com\\\/pharmacy4pets.nl\"]}]}<\/script>\n<!-- \/ Yoast SEO plugin. -->","yoast_head_json":{"title":"Glandex Powder | Anaalklieren hond","robots":{"index":"index","follow":"follow","max-snippet":"max-snippet:-1","max-image-preview":"max-image-preview:large","max-video-preview":"max-video-preview:-1"},"canonical":"https:\/\/p4p-nl.bootmine.com\/glandex-powder-vegan-salmon","og_locale":"nl_NL","og_type":"article","og_title":"Glandex Powder | Anaalklieren hond","og_description":"Glandex poeder is een vezelsupplement voor honden en katten dat speciaal door dierenartsen is ontwikkeld om een gezonde anaalklierfunctie te bevorderen. De gepatenteerde formule van Glandex bevat een uniek vezelmengsel, omega-vetzuren, probiotica en spijsverteringsenzymen om de spijsvertering, seizoensgebonden allergie\u00ebn te ondersteunen en de immuunrespons te verbeteren. Dit voedingssupplement is veganistisch en heeft een zalmsmaak. Tevens [&hellip;]","og_url":"https:\/\/p4p-nl.bootmine.com\/glandex-powder-vegan-salmon","og_site_name":"Pharmacy4pets","article_publisher":"https:\/\/www.facebook.com\/people\/Pharmacy4petsnl\/100063484989896\/","article_modified_time":"2026-04-14T08:05:37+00:00","og_image":[{"width":600,"height":600,"url":"https:\/\/p4p-nl.bootmine.com\/wp-content\/uploads\/2023\/12\/glandex_poeder_nieuw.png","type":"image\/png"}],"twitter_card":"summary_large_image","twitter_misc":{"Geschatte leestijd":"1 minuut"},"schema":{"@context":"https:\/\/schema.org","@graph":[{"@type":"WebPage","@id":"https:\/\/p4p-nl.bootmine.com\/glandex-powder-vegan-salmon","url":"https:\/\/p4p-nl.bootmine.com\/glandex-powder-vegan-salmon","name":"Glandex Powder | Anaalklieren hond","isPartOf":{"@id":"http:\/\/www.pharmacy4pets.nl\/#website"},"primaryImageOfPage":{"@id":"https:\/\/p4p-nl.bootmine.com\/glandex-powder-vegan-salmon#primaryimage"},"image":{"@id":"https:\/\/p4p-nl.bootmine.com\/glandex-powder-vegan-salmon#primaryimage"},"thumbnailUrl":"https:\/\/www.pharmacy4pets.nl\/wp-content\/uploads\/2023\/12\/glandex_poeder_nieuw.png","datePublished":"2023-12-20T15:49:18+00:00","dateModified":"2026-04-14T08:05:37+00:00","breadcrumb":{"@id":"https:\/\/p4p-nl.bootmine.com\/glandex-powder-vegan-salmon#breadcrumb"},"inLanguage":"nl-NL","potentialAction":[{"@type":"ReadAction","target":["https:\/\/p4p-nl.bootmine.com\/glandex-powder-vegan-salmon"]}]},{"@type":"ImageObject","inLanguage":"nl-NL","@id":"https:\/\/p4p-nl.bootmine.com\/glandex-powder-vegan-salmon#primaryimage","url":"https:\/\/www.pharmacy4pets.nl\/wp-content\/uploads\/2023\/12\/glandex_poeder_nieuw.png","contentUrl":"https:\/\/www.pharmacy4pets.nl\/wp-content\/uploads\/2023\/12\/glandex_poeder_nieuw.png","width":600,"height":600,"caption":"Glandex Powder | Vegan Salmon | 114 gram-0"},{"@type":"BreadcrumbList","@id":"https:\/\/p4p-nl.bootmine.com\/glandex-powder-vegan-salmon#breadcrumb","itemListElement":[{"@type":"ListItem","position":1,"name":"Home","item":"https:\/\/p4p-nl.bootmine.com\/"},{"@type":"ListItem","position":2,"name":"Winkel","item":"https:\/\/p4p-nl.bootmine.com\/winkel"},{"@type":"ListItem","position":3,"name":"Glandex Powder | Vegan Salmon | 114 gram"}]},{"@type":"WebSite","@id":"http:\/\/www.pharmacy4pets.nl\/#website","url":"http:\/\/www.pharmacy4pets.nl\/","name":"Pharmacy4pets","description":"Pharmacy4pets.nl is d\u00e9 online apotheek waar u terecht kunt voor alle diergeneesmiddelen, verzorgingsproducten en dieetvoeding voor uw huisdier.","publisher":{"@id":"http:\/\/www.pharmacy4pets.nl\/#organization"},"potentialAction":[{"@type":"SearchAction","target":{"@type":"EntryPoint","urlTemplate":"http:\/\/www.pharmacy4pets.nl\/?s={search_term_string}"},"query-input":{"@type":"PropertyValueSpecification","valueRequired":true,"valueName":"search_term_string"}}],"inLanguage":"nl-NL"},{"@type":"Organization","@id":"http:\/\/www.pharmacy4pets.nl\/#organization","name":"Pharmacy4pets","url":"http:\/\/www.pharmacy4pets.nl\/","logo":{"@type":"ImageObject","inLanguage":"nl-NL","@id":"http:\/\/www.pharmacy4pets.nl\/#\/schema\/logo\/image\/","url":"https:\/\/p4p-nl.bootmine.com\/wp-content\/uploads\/2026\/03\/logo-pharmacy4pets.png","contentUrl":"https:\/\/p4p-nl.bootmine.com\/wp-content\/uploads\/2026\/03\/logo-pharmacy4pets.png","width":1024,"height":135,"caption":"Pharmacy4pets"},"image":{"@id":"http:\/\/www.pharmacy4pets.nl\/#\/schema\/logo\/image\/"},"sameAs":["https:\/\/www.facebook.com\/people\/Pharmacy4petsnl\/100063484989896\/","https:\/\/www.youtube.com\/channel\/UCGPTIgucgli03tP2_kvLkHg\/featured","https:\/\/www.instagram.com\/pharmacy4pets.nl"]}]}},"market_data":{"nl":{"price":0,"sale_price":0,"active":false,"url":null,"parent_url":"","tax_rate":0,"price_inc_tax":0,"sale_price_inc_tax":0},"de":{"price":0,"sale_price":0,"active":false,"url":null,"parent_url":"","tax_rate":0,"price_inc_tax":0,"sale_price_inc_tax":0},"be":{"price":0,"sale_price":0,"active":false,"url":null,"parent_url":"","tax_rate":0,"price_inc_tax":0,"sale_price_inc_tax":0},"fr":{"price":0,"sale_price":0,"active":false,"url":null,"parent_url":"","tax_rate":0,"price_inc_tax":0,"sale_price_inc_tax":0},"ch":{"price":0,"sale_price":0,"active":false,"url":null,"parent_url":"","tax_rate":0,"price_inc_tax":0,"sale_price_inc_tax":0},"at":{"price":0,"sale_price":0,"active":false,"url":null,"parent_url":"","tax_rate":0,"price_inc_tax":0,"sale_price_inc_tax":0},"es":{"price":0,"sale_price":0,"active":false,"url":null,"parent_url":"","tax_rate":0,"price_inc_tax":0,"sale_price_inc_tax":0},"dk":{"price":0,"sale_price":0,"active":false,"url":null,"parent_url":"","tax_rate":0,"price_inc_tax":0,"sale_price_inc_tax":0},"com":{"price":0,"sale_price":0,"active":false,"url":null,"parent_url":"","tax_rate":0,"price_inc_tax":0,"sale_price_inc_tax":0}},"market_nl_price":0,"market_nl_sale_price":0,"market_nl_active":false,"market_nl_url":null,"market_nl_parent_url":"","market_nl_tax_rate":0,"market_nl_price_inc_tax":0,"market_nl_sale_price_inc_tax":0,"market_de_price":0,"market_de_sale_price":0,"market_de_active":false,"market_de_url":null,"market_de_parent_url":"","market_de_tax_rate":0,"market_de_price_inc_tax":0,"market_de_sale_price_inc_tax":0,"market_be_price":0,"market_be_sale_price":0,"market_be_active":false,"market_be_url":null,"market_be_parent_url":"","market_be_tax_rate":0,"market_be_price_inc_tax":0,"market_be_sale_price_inc_tax":0,"market_fr_price":0,"market_fr_sale_price":0,"market_fr_active":false,"market_fr_url":null,"market_fr_parent_url":"","market_fr_tax_rate":0,"market_fr_price_inc_tax":0,"market_fr_sale_price_inc_tax":0,"market_ch_price":0,"market_ch_sale_price":0,"market_ch_active":false,"market_ch_url":null,"market_ch_parent_url":"","market_ch_tax_rate":0,"market_ch_price_inc_tax":0,"market_ch_sale_price_inc_tax":0,"market_at_price":0,"market_at_sale_price":0,"market_at_active":false,"market_at_url":null,"market_at_parent_url":"","market_at_tax_rate":0,"market_at_price_inc_tax":0,"market_at_sale_price_inc_tax":0,"market_es_price":0,"market_es_sale_price":0,"market_es_active":false,"market_es_url":null,"market_es_parent_url":"","market_es_tax_rate":0,"market_es_price_inc_tax":0,"market_es_sale_price_inc_tax":0,"market_dk_price":0,"market_dk_sale_price":0,"market_dk_active":false,"market_dk_url":null,"market_dk_parent_url":"","market_dk_tax_rate":0,"market_dk_price_inc_tax":0,"market_dk_sale_price_inc_tax":0,"market_com_price":0,"market_com_sale_price":0,"market_com_active":false,"market_com_url":null,"market_com_parent_url":"","market_com_tax_rate":0,"market_com_price_inc_tax":0,"market_com_sale_price_inc_tax":0,"acf":[],"_links":{"self":[{"href":"https:\/\/www.pharmacy4pets.nl\/be\/wp-json\/wp\/v2\/product\/120447","targetHints":{"allow":["GET"]}}],"collection":[{"href":"https:\/\/www.pharmacy4pets.nl\/be\/wp-json\/wp\/v2\/product"}],"about":[{"href":"https:\/\/www.pharmacy4pets.nl\/be\/wp-json\/wp\/v2\/types\/product"}],"replies":[{"embeddable":true,"href":"https:\/\/www.pharmacy4pets.nl\/be\/wp-json\/wp\/v2\/comments?post=120447"}],"wp:featuredmedia":[{"embeddable":true,"href":"https:\/\/www.pharmacy4pets.nl\/be\/wp-json\/wp\/v2\/media\/120446"}],"wp:attachment":[{"href":"https:\/\/www.pharmacy4pets.nl\/be\/wp-json\/wp\/v2\/media?parent=120447"}],"wp:term":[{"taxonomy":"product_brand","embeddable":true,"href":"https:\/\/www.pharmacy4pets.nl\/be\/wp-json\/wp\/v2\/product_brand?post=120447"},{"taxonomy":"product_cat","embeddable":true,"href":"https:\/\/www.pharmacy4pets.nl\/be\/wp-json\/wp\/v2\/product_cat?post=120447"},{"taxonomy":"product_tag","embeddable":true,"href":"https:\/\/www.pharmacy4pets.nl\/be\/wp-json\/wp\/v2\/product_tag?post=120447"}],"curies":[{"name":"wp","href":"https:\/\/api.w.org\/{rel}","templated":true}]}}