{"id":120443,"date":"2023-12-20T14:10:02","date_gmt":"2023-12-20T14:10:02","guid":{"rendered":"https:\/\/p4p.test\/puur-choline-extra-kat"},"modified":"2026-04-14T08:05:36","modified_gmt":"2026-04-14T08:05:36","slug":"puur-choline-extra-kat","status":"publish","type":"product","link":"https:\/\/www.pharmacy4pets.nl\/be\/puur-choline-extra-kat","title":{"rendered":"PUUR Choline Extra | Kat | 50 gram"},"content":{"rendered":"<p>PUUR Choline Extra is een voedingssupplement geschikt voor de oudere kat. Dit aanvullend diervoeder heeft een gunstige invloed op ouderdomsverschijnselen en helpt de geest helder te houden.<\/p>\n<p><strong>Dosering<br \/><\/strong>1 maal daags 1 gram. 1 maatschep van 1 ml bevat ongeveer 1 gram.<\/p>\n<p><strong>Toediening<br \/><\/strong>Mag door het voer gegeven worden. Bevochtig of meng het poeder zodat het niet uit de voerbak wordt geblazen.<\/p>\n<p><i>Dit voedingssupplement kunt u gebruiken als alternatief voor Cholodin. Echter bestaat PUUR Choline Extra uit een poeder in plaats van tabletten.<\/i><\/p>\n","protected":false},"excerpt":{"rendered":"<p>PUUR Choline Extra is een voedingssupplement geschikt voor de oudere kat. Dit aanvullend diervoeder heeft een gunstige invloed op ouderdomsverschijnselen en helpt de geest helder te houden. Dosering1 maal daags 1 gram. 1 maatschep van 1 ml bevat ongeveer 1 gram. ToedieningMag door het voer gegeven worden. Bevochtig of meng het poeder zodat het niet [&hellip;]<\/p>\n","protected":false},"featured_media":120442,"comment_status":"open","ping_status":"closed","template":"","meta":{"_acf_changed":false,"_nl_post_content":"<p>PUUR Choline Extra is een voedingssupplement geschikt voor de oudere kat. Dit aanvullend diervoeder heeft een gunstige invloed op ouderdomsverschijnselen en helpt de geest helder te houden.<\/p>\n<p><strong>Dosering<br \/><\/strong>1 maal daags 1 gram. 1 maatschep van 1 ml bevat ongeveer 1 gram.<\/p>\n<p><strong>Toediening<br \/><\/strong>Mag door het voer gegeven worden. Bevochtig of meng het poeder zodat het niet uit de voerbak wordt geblazen.<\/p>\n<p><i>Dit voedingssupplement kunt u gebruiken als alternatief voor Cholodin. Echter bestaat PUUR Choline Extra uit een poeder in plaats van tabletten.<\/i><\/p>","_nl_post_name":"puur-choline-extra-kat","_nl_post_excerpt":"","_nl_post_title":"PUUR Choline Extra | Kat | 50 gram","_en_post_content":"<p>PUUR Choline Extra is a dietary supplement suitable for older cats. This supplementary feed has a beneficial effect on signs of ageing and helps keep the mind clear.<\/p>\n<p><b>Dosage<\/b><br \/>1 gram once daily. 1 scoop of 1 ml contains approximately 1 gram.<\/p>\n<p><b>Administration<\/b><br \/>May be given through the feed. Moisten or mix the powder so that it is not blown out of the feed bowl.<\/p>\n<p><i>You can use this feed supplement as an alternative to Cholodin. However, PUUR Choline Extra consists of a powder instead of tablets.<\/i><\/p>","_en_post_name":"puur-choline-extra-cat","_en_post_excerpt":"","_en_post_title":"PUUR Choline Extra | Cat | 50 grams","_de_post_content":"<p>PUUR Choline Extra ist ein Nahrungserg\u00e4nzungsmittel, das f\u00fcr \u00e4ltere Katzen geeignet ist. Dieses Erg\u00e4nzungsfuttermittel hat eine positive Wirkung auf die Alterserscheinungen und hilft, den Geist klar zu halten.<\/p>\n<p><b>Dosierung<\/b><br \/>1 Gramm einmal t\u00e4glich. 1 Messl\u00f6ffel von 1 ml enth\u00e4lt ungef\u00e4hr 1 Gramm.<\/p>\n<p><b>Verabreichung<\/b><br \/>Kann \u00fcber das Futter verabreicht werden. Befeuchten oder mischen Sie das Pulver, damit es nicht aus dem Futternapf geblasen wird.<\/p>\n<p><i>Sie k\u00f6nnen dieses Nahrungserg\u00e4nzungsmittel als Alternative zu Cholodin verwenden. PUUR Choline Extra besteht jedoch aus einem Pulver anstelle von Tabletten.<\/i><\/p>","_de_post_name":"puur-choline-extra-katze","_de_post_excerpt":"","_de_post_title":"PUUR Choline Extra | Katze | 50 Gramm","_fr_post_content":"<p>PUUR Choline Extra est un compl\u00e9ment alimentaire adapt\u00e9 aux chats \u00e2g\u00e9s. Cet aliment compl\u00e9mentaire a un effet b\u00e9n\u00e9fique sur les signes de vieillissement et aide \u00e0 garder l'esprit clair.<\/p>\n<p><b>Dosage<\/b><br \/>1 gramme une fois par jour. 1 mesure de 1 ml contient environ 1 gramme.<\/p>\n<p><b>Mode d'administration<\/b><br \/>Peut \u00eatre administr\u00e9 par l'interm\u00e9diaire de la nourriture. Humidifiez ou m\u00e9langez la poudre pour qu'elle ne soit pas expuls\u00e9e de la mangeoire.<\/p>\n<p><i>Vous pouvez utiliser ce compl\u00e9ment alimentaire comme alternative \u00e0 Cholodin. Toutefois, PUUR Choline Extra se pr\u00e9sente sous la forme d'une poudre et non de comprim\u00e9s.<\/i><\/p>","_fr_post_name":"puur-choline-extra-chat","_fr_post_excerpt":"","_fr_post_title":"PUUR Choline Extra | Chat | 50 grammes","_es_post_content":"<p>PUUR Choline Extra es un suplemento diet\u00e9tico adecuado para gatos mayores. Este alimento complementario tiene un efecto beneficioso sobre los signos del envejecimiento y ayuda a mantener la mente despejada.<\/p>\n<p><b>Dosificaci\u00f3n<\/b><br \/>1 gramo una vez al d\u00eda. 1 cacito de 1 ml contiene aproximadamente 1 gramo.<\/p>\n<p><b>Administraci\u00f3n<\/b><br \/>Puede administrarse a trav\u00e9s del pienso. Humedezca o mezcle el polvo para que no se salga del comedero.<\/p>\n<p><i>Puede utilizar este complemento alimenticio como alternativa a Cholodin. Sin embargo, PUUR Coline Extra consiste en un polvo en lugar de comprimidos.<\/i><\/p>","_es_post_name":"puur-choline-extra-gato","_es_post_excerpt":"","_es_post_title":"PUUR Choline Extra | Gato | 50 gramos","edit_language":"nl"},"product_brand":[],"product_cat":[2002,1118,1871,1857,1950,1885],"product_tag":[],"class_list":{"0":"post-120443","1":"product","2":"type-product","3":"status-publish","4":"has-post-thumbnail","6":"product_cat-dementie","7":"product_cat-katten","8":"product_cat-medicijnen-supplementen","9":"product_cat-merken","10":"product_cat-puur","11":"product_cat-zenuwstelsel","12":"pa_aandoening-overig","13":"pa_doeldier-kat","14":"pa_fabricatieland-nederland","15":"pa_merkfilter-puur","16":"pa_merkgroep-nml","17":"pa_productsoort-voedingssupplement","18":"pa_toedieningswijze-poeder","19":"pa_unit_pricing_base_measure-10g","20":"pa_unit_pricing_measure-50g","21":"pa_werkzamestof-overig","23":"first","24":"instock","25":"taxable","26":"shipping-taxable","27":"purchasable","28":"product-type-simple"},"yoast_head":"<!-- This site is optimized with the Yoast SEO plugin v27.5 - https:\/\/yoast.com\/product\/yoast-seo-wordpress\/ -->\n<title>PUUR Choline Extra | Kat | 50 gram - Pharmacy4pets<\/title>\n<meta name=\"robots\" content=\"index, follow, max-snippet:-1, max-image-preview:large, max-video-preview:-1\" \/>\n<link rel=\"canonical\" href=\"https:\/\/www.pharmacy4pets.nl\/puur-choline-extra-kat\" \/>\n<meta property=\"og:locale\" content=\"nl_NL\" \/>\n<meta property=\"og:type\" content=\"article\" \/>\n<meta property=\"og:title\" content=\"PUUR Choline Extra | Kat | 50 gram - Pharmacy4pets\" \/>\n<meta property=\"og:description\" content=\"PUUR Choline Extra is een voedingssupplement geschikt voor de oudere kat. Dit aanvullend diervoeder heeft een gunstige invloed op ouderdomsverschijnselen en helpt de geest helder te houden. Dosering1 maal daags 1 gram. 1 maatschep van 1 ml bevat ongeveer 1 gram. ToedieningMag door het voer gegeven worden. Bevochtig of meng het poeder zodat het niet [&hellip;]\" \/>\n<meta property=\"og:url\" content=\"https:\/\/www.pharmacy4pets.nl\/puur-choline-extra-kat\" \/>\n<meta property=\"og:site_name\" content=\"Pharmacy4pets\" \/>\n<meta property=\"article:publisher\" content=\"https:\/\/www.facebook.com\/people\/Pharmacy4petsnl\/100063484989896\/\" \/>\n<meta property=\"article:modified_time\" content=\"2026-04-14T08:05:36+00:00\" \/>\n<meta property=\"og:image\" content=\"https:\/\/www.pharmacy4pets.nl\/wp-content\/uploads\/2023\/12\/puur-choline-extra-kat.jpg\" \/>\n\t<meta property=\"og:image:width\" content=\"600\" \/>\n\t<meta property=\"og:image:height\" content=\"600\" \/>\n\t<meta property=\"og:image:type\" content=\"image\/jpeg\" \/>\n<meta name=\"twitter:card\" content=\"summary_large_image\" \/>\n<script type=\"application\/ld+json\" class=\"yoast-schema-graph\">{\"@context\":\"https:\\\/\\\/schema.org\",\"@graph\":[{\"@type\":\"WebPage\",\"@id\":\"https:\\\/\\\/www.pharmacy4pets.nl\\\/puur-choline-extra-kat\",\"url\":\"https:\\\/\\\/www.pharmacy4pets.nl\\\/puur-choline-extra-kat\",\"name\":\"PUUR Choline Extra | Kat | 50 gram - Pharmacy4pets\",\"isPartOf\":{\"@id\":\"http:\\\/\\\/www.pharmacy4pets.nl\\\/#website\"},\"primaryImageOfPage\":{\"@id\":\"https:\\\/\\\/www.pharmacy4pets.nl\\\/puur-choline-extra-kat#primaryimage\"},\"image\":{\"@id\":\"https:\\\/\\\/www.pharmacy4pets.nl\\\/puur-choline-extra-kat#primaryimage\"},\"thumbnailUrl\":\"https:\\\/\\\/www.pharmacy4pets.nl\\\/wp-content\\\/uploads\\\/2023\\\/12\\\/puur-choline-extra-kat.jpg\",\"datePublished\":\"2023-12-20T14:10:02+00:00\",\"dateModified\":\"2026-04-14T08:05:36+00:00\",\"breadcrumb\":{\"@id\":\"https:\\\/\\\/www.pharmacy4pets.nl\\\/puur-choline-extra-kat#breadcrumb\"},\"inLanguage\":\"nl-NL\",\"potentialAction\":[{\"@type\":\"ReadAction\",\"target\":[\"https:\\\/\\\/www.pharmacy4pets.nl\\\/puur-choline-extra-kat\"]}]},{\"@type\":\"ImageObject\",\"inLanguage\":\"nl-NL\",\"@id\":\"https:\\\/\\\/www.pharmacy4pets.nl\\\/puur-choline-extra-kat#primaryimage\",\"url\":\"https:\\\/\\\/www.pharmacy4pets.nl\\\/wp-content\\\/uploads\\\/2023\\\/12\\\/puur-choline-extra-kat.jpg\",\"contentUrl\":\"https:\\\/\\\/www.pharmacy4pets.nl\\\/wp-content\\\/uploads\\\/2023\\\/12\\\/puur-choline-extra-kat.jpg\",\"width\":600,\"height\":600,\"caption\":\"PUUR Choline Extra\"},{\"@type\":\"BreadcrumbList\",\"@id\":\"https:\\\/\\\/www.pharmacy4pets.nl\\\/puur-choline-extra-kat#breadcrumb\",\"itemListElement\":[{\"@type\":\"ListItem\",\"position\":1,\"name\":\"Home\",\"item\":\"https:\\\/\\\/p4p-nl.bootmine.com\\\/\"},{\"@type\":\"ListItem\",\"position\":2,\"name\":\"Winkel\",\"item\":\"https:\\\/\\\/p4p-nl.bootmine.com\\\/winkel\"},{\"@type\":\"ListItem\",\"position\":3,\"name\":\"PUUR Choline Extra | Kat | 50 gram\"}]},{\"@type\":\"WebSite\",\"@id\":\"http:\\\/\\\/www.pharmacy4pets.nl\\\/#website\",\"url\":\"http:\\\/\\\/www.pharmacy4pets.nl\\\/\",\"name\":\"Pharmacy4pets\",\"description\":\"Pharmacy4pets.nl is d\u00e9 online apotheek waar u terecht kunt voor alle diergeneesmiddelen, verzorgingsproducten en dieetvoeding voor uw huisdier.\",\"publisher\":{\"@id\":\"http:\\\/\\\/www.pharmacy4pets.nl\\\/#organization\"},\"potentialAction\":[{\"@type\":\"SearchAction\",\"target\":{\"@type\":\"EntryPoint\",\"urlTemplate\":\"http:\\\/\\\/www.pharmacy4pets.nl\\\/?s={search_term_string}\"},\"query-input\":{\"@type\":\"PropertyValueSpecification\",\"valueRequired\":true,\"valueName\":\"search_term_string\"}}],\"inLanguage\":\"nl-NL\"},{\"@type\":\"Organization\",\"@id\":\"http:\\\/\\\/www.pharmacy4pets.nl\\\/#organization\",\"name\":\"Pharmacy4pets\",\"url\":\"http:\\\/\\\/www.pharmacy4pets.nl\\\/\",\"logo\":{\"@type\":\"ImageObject\",\"inLanguage\":\"nl-NL\",\"@id\":\"http:\\\/\\\/www.pharmacy4pets.nl\\\/#\\\/schema\\\/logo\\\/image\\\/\",\"url\":\"https:\\\/\\\/p4p-nl.bootmine.com\\\/wp-content\\\/uploads\\\/2026\\\/03\\\/logo-pharmacy4pets.png\",\"contentUrl\":\"https:\\\/\\\/p4p-nl.bootmine.com\\\/wp-content\\\/uploads\\\/2026\\\/03\\\/logo-pharmacy4pets.png\",\"width\":1024,\"height\":135,\"caption\":\"Pharmacy4pets\"},\"image\":{\"@id\":\"http:\\\/\\\/www.pharmacy4pets.nl\\\/#\\\/schema\\\/logo\\\/image\\\/\"},\"sameAs\":[\"https:\\\/\\\/www.facebook.com\\\/people\\\/Pharmacy4petsnl\\\/100063484989896\\\/\",\"https:\\\/\\\/www.youtube.com\\\/channel\\\/UCGPTIgucgli03tP2_kvLkHg\\\/featured\",\"https:\\\/\\\/www.instagram.com\\\/pharmacy4pets.nl\"]}]}<\/script>\n<!-- \/ Yoast SEO plugin. -->","yoast_head_json":{"title":"PUUR Choline Extra | Kat | 50 gram - Pharmacy4pets","robots":{"index":"index","follow":"follow","max-snippet":"max-snippet:-1","max-image-preview":"max-image-preview:large","max-video-preview":"max-video-preview:-1"},"canonical":"https:\/\/www.pharmacy4pets.nl\/puur-choline-extra-kat","og_locale":"nl_NL","og_type":"article","og_title":"PUUR Choline Extra | Kat | 50 gram - Pharmacy4pets","og_description":"PUUR Choline Extra is een voedingssupplement geschikt voor de oudere kat. Dit aanvullend diervoeder heeft een gunstige invloed op ouderdomsverschijnselen en helpt de geest helder te houden. Dosering1 maal daags 1 gram. 1 maatschep van 1 ml bevat ongeveer 1 gram. ToedieningMag door het voer gegeven worden. Bevochtig of meng het poeder zodat het niet [&hellip;]","og_url":"https:\/\/www.pharmacy4pets.nl\/puur-choline-extra-kat","og_site_name":"Pharmacy4pets","article_publisher":"https:\/\/www.facebook.com\/people\/Pharmacy4petsnl\/100063484989896\/","article_modified_time":"2026-04-14T08:05:36+00:00","og_image":[{"width":600,"height":600,"url":"https:\/\/www.pharmacy4pets.nl\/wp-content\/uploads\/2023\/12\/puur-choline-extra-kat.jpg","type":"image\/jpeg"}],"twitter_card":"summary_large_image","schema":{"@context":"https:\/\/schema.org","@graph":[{"@type":"WebPage","@id":"https:\/\/www.pharmacy4pets.nl\/puur-choline-extra-kat","url":"https:\/\/www.pharmacy4pets.nl\/puur-choline-extra-kat","name":"PUUR Choline Extra | Kat | 50 gram - Pharmacy4pets","isPartOf":{"@id":"http:\/\/www.pharmacy4pets.nl\/#website"},"primaryImageOfPage":{"@id":"https:\/\/www.pharmacy4pets.nl\/puur-choline-extra-kat#primaryimage"},"image":{"@id":"https:\/\/www.pharmacy4pets.nl\/puur-choline-extra-kat#primaryimage"},"thumbnailUrl":"https:\/\/www.pharmacy4pets.nl\/wp-content\/uploads\/2023\/12\/puur-choline-extra-kat.jpg","datePublished":"2023-12-20T14:10:02+00:00","dateModified":"2026-04-14T08:05:36+00:00","breadcrumb":{"@id":"https:\/\/www.pharmacy4pets.nl\/puur-choline-extra-kat#breadcrumb"},"inLanguage":"nl-NL","potentialAction":[{"@type":"ReadAction","target":["https:\/\/www.pharmacy4pets.nl\/puur-choline-extra-kat"]}]},{"@type":"ImageObject","inLanguage":"nl-NL","@id":"https:\/\/www.pharmacy4pets.nl\/puur-choline-extra-kat#primaryimage","url":"https:\/\/www.pharmacy4pets.nl\/wp-content\/uploads\/2023\/12\/puur-choline-extra-kat.jpg","contentUrl":"https:\/\/www.pharmacy4pets.nl\/wp-content\/uploads\/2023\/12\/puur-choline-extra-kat.jpg","width":600,"height":600,"caption":"PUUR Choline Extra"},{"@type":"BreadcrumbList","@id":"https:\/\/www.pharmacy4pets.nl\/puur-choline-extra-kat#breadcrumb","itemListElement":[{"@type":"ListItem","position":1,"name":"Home","item":"https:\/\/p4p-nl.bootmine.com\/"},{"@type":"ListItem","position":2,"name":"Winkel","item":"https:\/\/p4p-nl.bootmine.com\/winkel"},{"@type":"ListItem","position":3,"name":"PUUR Choline Extra | Kat | 50 gram"}]},{"@type":"WebSite","@id":"http:\/\/www.pharmacy4pets.nl\/#website","url":"http:\/\/www.pharmacy4pets.nl\/","name":"Pharmacy4pets","description":"Pharmacy4pets.nl is d\u00e9 online apotheek waar u terecht kunt voor alle diergeneesmiddelen, verzorgingsproducten en dieetvoeding voor uw huisdier.","publisher":{"@id":"http:\/\/www.pharmacy4pets.nl\/#organization"},"potentialAction":[{"@type":"SearchAction","target":{"@type":"EntryPoint","urlTemplate":"http:\/\/www.pharmacy4pets.nl\/?s={search_term_string}"},"query-input":{"@type":"PropertyValueSpecification","valueRequired":true,"valueName":"search_term_string"}}],"inLanguage":"nl-NL"},{"@type":"Organization","@id":"http:\/\/www.pharmacy4pets.nl\/#organization","name":"Pharmacy4pets","url":"http:\/\/www.pharmacy4pets.nl\/","logo":{"@type":"ImageObject","inLanguage":"nl-NL","@id":"http:\/\/www.pharmacy4pets.nl\/#\/schema\/logo\/image\/","url":"https:\/\/p4p-nl.bootmine.com\/wp-content\/uploads\/2026\/03\/logo-pharmacy4pets.png","contentUrl":"https:\/\/p4p-nl.bootmine.com\/wp-content\/uploads\/2026\/03\/logo-pharmacy4pets.png","width":1024,"height":135,"caption":"Pharmacy4pets"},"image":{"@id":"http:\/\/www.pharmacy4pets.nl\/#\/schema\/logo\/image\/"},"sameAs":["https:\/\/www.facebook.com\/people\/Pharmacy4petsnl\/100063484989896\/","https:\/\/www.youtube.com\/channel\/UCGPTIgucgli03tP2_kvLkHg\/featured","https:\/\/www.instagram.com\/pharmacy4pets.nl"]}]}},"market_data":{"nl":{"price":0,"sale_price":0,"active":false,"url":null,"parent_url":"","tax_rate":0,"price_inc_tax":0,"sale_price_inc_tax":0},"de":{"price":0,"sale_price":0,"active":false,"url":null,"parent_url":"","tax_rate":0,"price_inc_tax":0,"sale_price_inc_tax":0},"be":{"price":0,"sale_price":0,"active":false,"url":null,"parent_url":"","tax_rate":0,"price_inc_tax":0,"sale_price_inc_tax":0},"fr":{"price":0,"sale_price":0,"active":false,"url":null,"parent_url":"","tax_rate":0,"price_inc_tax":0,"sale_price_inc_tax":0},"ch":{"price":0,"sale_price":0,"active":false,"url":null,"parent_url":"","tax_rate":0,"price_inc_tax":0,"sale_price_inc_tax":0},"at":{"price":0,"sale_price":0,"active":false,"url":null,"parent_url":"","tax_rate":0,"price_inc_tax":0,"sale_price_inc_tax":0},"es":{"price":0,"sale_price":0,"active":false,"url":null,"parent_url":"","tax_rate":0,"price_inc_tax":0,"sale_price_inc_tax":0},"dk":{"price":0,"sale_price":0,"active":false,"url":null,"parent_url":"","tax_rate":0,"price_inc_tax":0,"sale_price_inc_tax":0},"com":{"price":0,"sale_price":0,"active":false,"url":null,"parent_url":"","tax_rate":0,"price_inc_tax":0,"sale_price_inc_tax":0}},"market_nl_price":0,"market_nl_sale_price":0,"market_nl_active":false,"market_nl_url":null,"market_nl_parent_url":"","market_nl_tax_rate":0,"market_nl_price_inc_tax":0,"market_nl_sale_price_inc_tax":0,"market_de_price":0,"market_de_sale_price":0,"market_de_active":false,"market_de_url":null,"market_de_parent_url":"","market_de_tax_rate":0,"market_de_price_inc_tax":0,"market_de_sale_price_inc_tax":0,"market_be_price":0,"market_be_sale_price":0,"market_be_active":false,"market_be_url":null,"market_be_parent_url":"","market_be_tax_rate":0,"market_be_price_inc_tax":0,"market_be_sale_price_inc_tax":0,"market_fr_price":0,"market_fr_sale_price":0,"market_fr_active":false,"market_fr_url":null,"market_fr_parent_url":"","market_fr_tax_rate":0,"market_fr_price_inc_tax":0,"market_fr_sale_price_inc_tax":0,"market_ch_price":0,"market_ch_sale_price":0,"market_ch_active":false,"market_ch_url":null,"market_ch_parent_url":"","market_ch_tax_rate":0,"market_ch_price_inc_tax":0,"market_ch_sale_price_inc_tax":0,"market_at_price":0,"market_at_sale_price":0,"market_at_active":false,"market_at_url":null,"market_at_parent_url":"","market_at_tax_rate":0,"market_at_price_inc_tax":0,"market_at_sale_price_inc_tax":0,"market_es_price":0,"market_es_sale_price":0,"market_es_active":false,"market_es_url":null,"market_es_parent_url":"","market_es_tax_rate":0,"market_es_price_inc_tax":0,"market_es_sale_price_inc_tax":0,"market_dk_price":0,"market_dk_sale_price":0,"market_dk_active":false,"market_dk_url":null,"market_dk_parent_url":"","market_dk_tax_rate":0,"market_dk_price_inc_tax":0,"market_dk_sale_price_inc_tax":0,"market_com_price":0,"market_com_sale_price":0,"market_com_active":false,"market_com_url":null,"market_com_parent_url":"","market_com_tax_rate":0,"market_com_price_inc_tax":0,"market_com_sale_price_inc_tax":0,"acf":[],"_links":{"self":[{"href":"https:\/\/www.pharmacy4pets.nl\/be\/wp-json\/wp\/v2\/product\/120443","targetHints":{"allow":["GET"]}}],"collection":[{"href":"https:\/\/www.pharmacy4pets.nl\/be\/wp-json\/wp\/v2\/product"}],"about":[{"href":"https:\/\/www.pharmacy4pets.nl\/be\/wp-json\/wp\/v2\/types\/product"}],"replies":[{"embeddable":true,"href":"https:\/\/www.pharmacy4pets.nl\/be\/wp-json\/wp\/v2\/comments?post=120443"}],"wp:featuredmedia":[{"embeddable":true,"href":"https:\/\/www.pharmacy4pets.nl\/be\/wp-json\/wp\/v2\/media\/120442"}],"wp:attachment":[{"href":"https:\/\/www.pharmacy4pets.nl\/be\/wp-json\/wp\/v2\/media?parent=120443"}],"wp:term":[{"taxonomy":"product_brand","embeddable":true,"href":"https:\/\/www.pharmacy4pets.nl\/be\/wp-json\/wp\/v2\/product_brand?post=120443"},{"taxonomy":"product_cat","embeddable":true,"href":"https:\/\/www.pharmacy4pets.nl\/be\/wp-json\/wp\/v2\/product_cat?post=120443"},{"taxonomy":"product_tag","embeddable":true,"href":"https:\/\/www.pharmacy4pets.nl\/be\/wp-json\/wp\/v2\/product_tag?post=120443"}],"curies":[{"name":"wp","href":"https:\/\/api.w.org\/{rel}","templated":true}]}}