{"id":120437,"date":"2023-12-19T16:16:58","date_gmt":"2023-12-19T16:16:58","guid":{"rendered":"https:\/\/p4p.test\/vetoquinol-care-enisyl-f"},"modified":"2026-04-14T08:05:35","modified_gmt":"2026-04-14T08:05:35","slug":"vetoquinol-care-enisyl-f","status":"publish","type":"product","link":"https:\/\/www.pharmacy4pets.nl\/be\/vetoquinol-care-enisyl-f","title":{"rendered":"Vetoquinol Care | Enisyl-F | 100 ml"},"content":{"rendered":"<p>Vetoquinol Care Enisyl-F is een aanvullend diervoeder voor katten in de vorm van een smakelijke pasta. De pasta draagt bij tot een verhoogde weerstand en bevat sorbitol, visolie en sojaolie.<\/p>\n<p>Dankzij de unieke smakelijke formule kan de pasta rechtstreeks in de mond van de kat gegeven worden of op de poot gesmeerd worden waar het dan wordt afgelikt. Het product kan ook toegevoegd worden aan de voeding. Er dient altijd water beschikbaar te zijn.<\/p>\n<p>Aanbevolen hoeveelheid:<\/p>\n<p>Kitten: 2x per dag 1 ml<br \/>Volwassen katten: 2x per dag 1-2 ml<\/p>\n<p>Iedere pompbeweging levert 1 ml pasta.<\/p>\n","protected":false},"excerpt":{"rendered":"<p>Vetoquinol Care Enisyl-F is een aanvullend diervoeder voor katten in de vorm van een smakelijke pasta. De pasta draagt bij tot een verhoogde weerstand en bevat sorbitol, visolie en sojaolie. Dankzij de unieke smakelijke formule kan de pasta rechtstreeks in de mond van de kat gegeven worden of op de poot gesmeerd worden waar het [&hellip;]<\/p>\n","protected":false},"featured_media":120436,"comment_status":"open","ping_status":"closed","template":"","meta":{"_acf_changed":false,"_nl_post_content":"<p>Vetoquinol Care Enisyl-F is een aanvullend diervoeder voor katten in de vorm van een smakelijke pasta. De pasta draagt bij tot een verhoogde weerstand en bevat sorbitol, visolie en sojaolie.<\/p>\r\n<p>Dankzij de unieke smakelijke formule kan de pasta rechtstreeks in de mond van de kat gegeven worden of op de poot gesmeerd worden waar het dan wordt afgelikt. Het product kan ook toegevoegd worden aan de voeding. Er dient altijd water beschikbaar te zijn.<\/p>\r\n<p>Aanbevolen hoeveelheid:<\/p>\r\n<p>Kitten: 2x per dag 1 ml<br \/>Volwassen katten: 2x per dag 1-2 ml<\/p>\r\n<p>Iedere pompbeweging levert 1 ml pasta.<\/p>","_nl_post_name":"vetoquinol-care-enisyl-f","_nl_post_excerpt":"","_nl_post_title":"Vetoquinol Care | Enisyl-F | 100 ml","_en_post_content":"<p>Vetoquinol Care Enisyl-F is a complementary pet food for cats in the form of a palatable paste. The paste contributes to increased resistance and contains sorbitol, fish oil and soybean oil.<\/p>\n<p>Thanks to its unique palatable formula, the paste can be given directly into the cat's mouth or smeared on the paw where it is then licked off. The product can also be added to the diet. Water should always be available.<\/p>\n<p>Recommended amount:<\/p>\n<p>Kitten: 1 ml twice a day<br \/>Adult cats: 1-2 ml twice a day<\/p>\n<p>Each pumping action delivers 1 ml of paste.<\/p>","_en_post_name":"vetoquinol-care-enisyl-f","_en_post_excerpt":"","_en_post_title":"Vetoquinol Care | Enisyl-F | 100 ml","_de_post_content":"<p>Vetoquinol Care Enisyl-F ist ein Erg\u00e4nzungsfuttermittel f\u00fcr Katzen in Form einer schmackhaften Paste. Die Paste tr\u00e4gt zu einer erh\u00f6hten Widerstandskraft bei und enth\u00e4lt Sorbit, Fisch\u00f6l und Soja\u00f6l.<\/p>\n<p>Dank ihrer einzigartigen schmackhaften Formel kann die Paste direkt ins Maul der Katze gegeben oder auf die Pfote gestrichen werden, wo sie dann abgeleckt wird. Das Produkt kann auch dem Futter beigemischt werden. Wasser sollte immer verf\u00fcgbar sein.<\/p>\n<p>Empfohlene Menge:<\/p>\n<p>K\u00e4tzchen: 1 ml zweimal pro Tag<br \/>Erwachsene Katzen: 1-2 ml zweimal t\u00e4glich<\/p>\n<p>Bei jedem Pumpvorgang wird 1 ml der Paste abgegeben.<\/p>","_de_post_name":"vetoquinol-care-enisyl-f","_de_post_excerpt":"","_de_post_title":"Vetoquinol Care | Enisyl-F | 100 ml","_fr_post_content":"<p>Vetoquinol Care Enisyl-F est un aliment compl\u00e9mentaire pour chats sous forme de p\u00e2te app\u00e9tente. La p\u00e2te contribue \u00e0 augmenter la r\u00e9sistance et contient du sorbitol, de l'huile de poisson et de l'huile de soja.<\/p>\n<p>Gr\u00e2ce \u00e0 sa formule app\u00e9tente unique, la p\u00e2te peut \u00eatre administr\u00e9e directement dans la bouche du chat ou \u00e9tal\u00e9e sur la patte o\u00f9 elle est ensuite l\u00e9ch\u00e9e. Le produit peut \u00e9galement \u00eatre ajout\u00e9 \u00e0 l'alimentation. De l'eau doit toujours \u00eatre disponible.<\/p>\n<p>Quantit\u00e9 recommand\u00e9e :<\/p>\n<p>Chaton : 1 ml deux fois par jour<br \/>Chat adulte : 1 \u00e0 2 ml deux fois par jour<\/p>\n<p>Chaque action de pompage d\u00e9livre 1 ml de p\u00e2te.<\/p>","_fr_post_name":"vetoquinol-care-enisyl-f","_fr_post_excerpt":"","_fr_post_title":"Vetoquinol Care | Enisyl-F | 100 ml","_es_post_content":"<p>Vetoquinol Care Enisyl-F es un alimento complementario para gatos en forma de pasta palatable. La pasta contribuye a aumentar la resistencia y contiene sorbitol, aceite de pescado y aceite de soja.<\/p>\n<p>Gracias a su exclusiva f\u00f3rmula palatable, la pasta puede administrarse directamente en la boca del gato o untarse en la pata, donde luego se lame. El producto tambi\u00e9n puede a\u00f1adirse a la dieta. Siempre debe haber agua disponible.<\/p>\n<p>Cantidad recomendada:<\/p>\n<p>Gatitos: 1 ml dos veces al d\u00eda<br \/>Gatos adultos: 1-2 ml dos veces al d\u00eda<\/p>\n<p>Cada bombeo proporciona 1 ml de pasta.<\/p>","_es_post_name":"vetoquinol-care-enisyl-f","_es_post_excerpt":"","_es_post_title":"Vetoquinol Care | Enisyl-F | 100 ml","edit_language":"nl"},"product_brand":[],"product_cat":[2014,1118,1871,1857,1963],"product_tag":[],"class_list":{"0":"post-120437","1":"product","2":"type-product","3":"status-publish","4":"has-post-thumbnail","6":"product_cat-immuunsysteem-weerstand","7":"product_cat-katten","8":"product_cat-medicijnen-supplementen","9":"product_cat-merken","10":"product_cat-vetoquinol-care","11":"pa_aandoening-overig","12":"pa_doeldier-kat","13":"pa_fabricatieland-frankrijk","14":"pa_merkfilter-vetoquinolcare","15":"pa_merkgroep-vetoquinol","16":"pa_productsoort-voedingssupplement","17":"pa_toedieningswijze-pasta","18":"pa_unit_pricing_base_measure-10ml","19":"pa_unit_pricing_measure-100ml","20":"pa_werkzamestof-overig","22":"first","23":"instock","24":"taxable","25":"shipping-taxable","26":"purchasable","27":"product-type-simple"},"yoast_head":"<!-- This site is optimized with the Yoast SEO plugin v27.5 - https:\/\/yoast.com\/product\/yoast-seo-wordpress\/ -->\n<title>Vetoquinol Care | Enisyl-F | 100 ml - Pharmacy4pets<\/title>\n<meta name=\"robots\" content=\"index, follow, max-snippet:-1, max-image-preview:large, max-video-preview:-1\" \/>\n<link rel=\"canonical\" href=\"https:\/\/p4p-nl.bootmine.com\/%product-slug%\/vetoquinol-care-enisyl-f\" \/>\n<meta property=\"og:locale\" content=\"nl_NL\" \/>\n<meta property=\"og:type\" content=\"article\" \/>\n<meta property=\"og:title\" content=\"Vetoquinol Care | Enisyl-F | 100 ml - Pharmacy4pets\" \/>\n<meta property=\"og:description\" content=\"Vetoquinol Care Enisyl-F is een aanvullend diervoeder voor katten in de vorm van een smakelijke pasta. De pasta draagt bij tot een verhoogde weerstand en bevat sorbitol, visolie en sojaolie. Dankzij de unieke smakelijke formule kan de pasta rechtstreeks in de mond van de kat gegeven worden of op de poot gesmeerd worden waar het [&hellip;]\" \/>\n<meta property=\"og:url\" content=\"https:\/\/p4p-nl.bootmine.com\/%product-slug%\/vetoquinol-care-enisyl-f\" \/>\n<meta property=\"og:site_name\" content=\"Pharmacy4pets\" \/>\n<meta property=\"article:publisher\" content=\"https:\/\/www.facebook.com\/people\/Pharmacy4petsnl\/100063484989896\/\" \/>\n<meta property=\"article:modified_time\" content=\"2026-04-14T08:05:35+00:00\" \/>\n<meta property=\"og:image\" content=\"https:\/\/p4p-nl.bootmine.com\/wp-content\/uploads\/2023\/12\/Vetoquinol-care-enisyl-f-.jpg\" \/>\n\t<meta property=\"og:image:width\" content=\"482\" \/>\n\t<meta property=\"og:image:height\" content=\"482\" \/>\n\t<meta property=\"og:image:type\" content=\"image\/jpeg\" \/>\n<meta name=\"twitter:card\" content=\"summary_large_image\" \/>\n<script type=\"application\/ld+json\" class=\"yoast-schema-graph\">{\"@context\":\"https:\\\/\\\/schema.org\",\"@graph\":[{\"@type\":\"WebPage\",\"@id\":\"https:\\\/\\\/p4p-nl.bootmine.com\\\/%product-slug%\\\/vetoquinol-care-enisyl-f\",\"url\":\"https:\\\/\\\/p4p-nl.bootmine.com\\\/%product-slug%\\\/vetoquinol-care-enisyl-f\",\"name\":\"Vetoquinol Care | Enisyl-F | 100 ml - Pharmacy4pets\",\"isPartOf\":{\"@id\":\"http:\\\/\\\/www.pharmacy4pets.nl\\\/#website\"},\"primaryImageOfPage\":{\"@id\":\"https:\\\/\\\/p4p-nl.bootmine.com\\\/%product-slug%\\\/vetoquinol-care-enisyl-f#primaryimage\"},\"image\":{\"@id\":\"https:\\\/\\\/p4p-nl.bootmine.com\\\/%product-slug%\\\/vetoquinol-care-enisyl-f#primaryimage\"},\"thumbnailUrl\":\"https:\\\/\\\/www.pharmacy4pets.nl\\\/wp-content\\\/uploads\\\/2023\\\/12\\\/Vetoquinol-care-enisyl-f-.jpg\",\"datePublished\":\"2023-12-19T16:16:58+00:00\",\"dateModified\":\"2026-04-14T08:05:35+00:00\",\"breadcrumb\":{\"@id\":\"https:\\\/\\\/p4p-nl.bootmine.com\\\/%product-slug%\\\/vetoquinol-care-enisyl-f#breadcrumb\"},\"inLanguage\":\"nl-NL\",\"potentialAction\":[{\"@type\":\"ReadAction\",\"target\":[\"https:\\\/\\\/p4p-nl.bootmine.com\\\/%product-slug%\\\/vetoquinol-care-enisyl-f\"]}]},{\"@type\":\"ImageObject\",\"inLanguage\":\"nl-NL\",\"@id\":\"https:\\\/\\\/p4p-nl.bootmine.com\\\/%product-slug%\\\/vetoquinol-care-enisyl-f#primaryimage\",\"url\":\"https:\\\/\\\/www.pharmacy4pets.nl\\\/wp-content\\\/uploads\\\/2023\\\/12\\\/Vetoquinol-care-enisyl-f-.jpg\",\"contentUrl\":\"https:\\\/\\\/www.pharmacy4pets.nl\\\/wp-content\\\/uploads\\\/2023\\\/12\\\/Vetoquinol-care-enisyl-f-.jpg\",\"width\":482,\"height\":482,\"caption\":\"Vetoquinol Care Enisyl-F\"},{\"@type\":\"BreadcrumbList\",\"@id\":\"https:\\\/\\\/p4p-nl.bootmine.com\\\/%product-slug%\\\/vetoquinol-care-enisyl-f#breadcrumb\",\"itemListElement\":[{\"@type\":\"ListItem\",\"position\":1,\"name\":\"Home\",\"item\":\"https:\\\/\\\/p4p-nl.bootmine.com\\\/\"},{\"@type\":\"ListItem\",\"position\":2,\"name\":\"Winkel\",\"item\":\"https:\\\/\\\/p4p-nl.bootmine.com\\\/winkel\"},{\"@type\":\"ListItem\",\"position\":3,\"name\":\"Vetoquinol Care | Enisyl-F | 100 ml\"}]},{\"@type\":\"WebSite\",\"@id\":\"http:\\\/\\\/www.pharmacy4pets.nl\\\/#website\",\"url\":\"http:\\\/\\\/www.pharmacy4pets.nl\\\/\",\"name\":\"Pharmacy4pets\",\"description\":\"Pharmacy4pets.nl is d\u00e9 online apotheek waar u terecht kunt voor alle diergeneesmiddelen, verzorgingsproducten en dieetvoeding voor uw huisdier.\",\"publisher\":{\"@id\":\"http:\\\/\\\/www.pharmacy4pets.nl\\\/#organization\"},\"potentialAction\":[{\"@type\":\"SearchAction\",\"target\":{\"@type\":\"EntryPoint\",\"urlTemplate\":\"http:\\\/\\\/www.pharmacy4pets.nl\\\/?s={search_term_string}\"},\"query-input\":{\"@type\":\"PropertyValueSpecification\",\"valueRequired\":true,\"valueName\":\"search_term_string\"}}],\"inLanguage\":\"nl-NL\"},{\"@type\":\"Organization\",\"@id\":\"http:\\\/\\\/www.pharmacy4pets.nl\\\/#organization\",\"name\":\"Pharmacy4pets\",\"url\":\"http:\\\/\\\/www.pharmacy4pets.nl\\\/\",\"logo\":{\"@type\":\"ImageObject\",\"inLanguage\":\"nl-NL\",\"@id\":\"http:\\\/\\\/www.pharmacy4pets.nl\\\/#\\\/schema\\\/logo\\\/image\\\/\",\"url\":\"https:\\\/\\\/p4p-nl.bootmine.com\\\/wp-content\\\/uploads\\\/2026\\\/03\\\/logo-pharmacy4pets.png\",\"contentUrl\":\"https:\\\/\\\/p4p-nl.bootmine.com\\\/wp-content\\\/uploads\\\/2026\\\/03\\\/logo-pharmacy4pets.png\",\"width\":1024,\"height\":135,\"caption\":\"Pharmacy4pets\"},\"image\":{\"@id\":\"http:\\\/\\\/www.pharmacy4pets.nl\\\/#\\\/schema\\\/logo\\\/image\\\/\"},\"sameAs\":[\"https:\\\/\\\/www.facebook.com\\\/people\\\/Pharmacy4petsnl\\\/100063484989896\\\/\",\"https:\\\/\\\/www.youtube.com\\\/channel\\\/UCGPTIgucgli03tP2_kvLkHg\\\/featured\",\"https:\\\/\\\/www.instagram.com\\\/pharmacy4pets.nl\"]}]}<\/script>\n<!-- \/ Yoast SEO plugin. -->","yoast_head_json":{"title":"Vetoquinol Care | Enisyl-F | 100 ml - Pharmacy4pets","robots":{"index":"index","follow":"follow","max-snippet":"max-snippet:-1","max-image-preview":"max-image-preview:large","max-video-preview":"max-video-preview:-1"},"canonical":"https:\/\/p4p-nl.bootmine.com\/%product-slug%\/vetoquinol-care-enisyl-f","og_locale":"nl_NL","og_type":"article","og_title":"Vetoquinol Care | Enisyl-F | 100 ml - Pharmacy4pets","og_description":"Vetoquinol Care Enisyl-F is een aanvullend diervoeder voor katten in de vorm van een smakelijke pasta. De pasta draagt bij tot een verhoogde weerstand en bevat sorbitol, visolie en sojaolie. Dankzij de unieke smakelijke formule kan de pasta rechtstreeks in de mond van de kat gegeven worden of op de poot gesmeerd worden waar het [&hellip;]","og_url":"https:\/\/p4p-nl.bootmine.com\/%product-slug%\/vetoquinol-care-enisyl-f","og_site_name":"Pharmacy4pets","article_publisher":"https:\/\/www.facebook.com\/people\/Pharmacy4petsnl\/100063484989896\/","article_modified_time":"2026-04-14T08:05:35+00:00","og_image":[{"width":482,"height":482,"url":"https:\/\/p4p-nl.bootmine.com\/wp-content\/uploads\/2023\/12\/Vetoquinol-care-enisyl-f-.jpg","type":"image\/jpeg"}],"twitter_card":"summary_large_image","schema":{"@context":"https:\/\/schema.org","@graph":[{"@type":"WebPage","@id":"https:\/\/p4p-nl.bootmine.com\/%product-slug%\/vetoquinol-care-enisyl-f","url":"https:\/\/p4p-nl.bootmine.com\/%product-slug%\/vetoquinol-care-enisyl-f","name":"Vetoquinol Care | Enisyl-F | 100 ml - Pharmacy4pets","isPartOf":{"@id":"http:\/\/www.pharmacy4pets.nl\/#website"},"primaryImageOfPage":{"@id":"https:\/\/p4p-nl.bootmine.com\/%product-slug%\/vetoquinol-care-enisyl-f#primaryimage"},"image":{"@id":"https:\/\/p4p-nl.bootmine.com\/%product-slug%\/vetoquinol-care-enisyl-f#primaryimage"},"thumbnailUrl":"https:\/\/www.pharmacy4pets.nl\/wp-content\/uploads\/2023\/12\/Vetoquinol-care-enisyl-f-.jpg","datePublished":"2023-12-19T16:16:58+00:00","dateModified":"2026-04-14T08:05:35+00:00","breadcrumb":{"@id":"https:\/\/p4p-nl.bootmine.com\/%product-slug%\/vetoquinol-care-enisyl-f#breadcrumb"},"inLanguage":"nl-NL","potentialAction":[{"@type":"ReadAction","target":["https:\/\/p4p-nl.bootmine.com\/%product-slug%\/vetoquinol-care-enisyl-f"]}]},{"@type":"ImageObject","inLanguage":"nl-NL","@id":"https:\/\/p4p-nl.bootmine.com\/%product-slug%\/vetoquinol-care-enisyl-f#primaryimage","url":"https:\/\/www.pharmacy4pets.nl\/wp-content\/uploads\/2023\/12\/Vetoquinol-care-enisyl-f-.jpg","contentUrl":"https:\/\/www.pharmacy4pets.nl\/wp-content\/uploads\/2023\/12\/Vetoquinol-care-enisyl-f-.jpg","width":482,"height":482,"caption":"Vetoquinol Care Enisyl-F"},{"@type":"BreadcrumbList","@id":"https:\/\/p4p-nl.bootmine.com\/%product-slug%\/vetoquinol-care-enisyl-f#breadcrumb","itemListElement":[{"@type":"ListItem","position":1,"name":"Home","item":"https:\/\/p4p-nl.bootmine.com\/"},{"@type":"ListItem","position":2,"name":"Winkel","item":"https:\/\/p4p-nl.bootmine.com\/winkel"},{"@type":"ListItem","position":3,"name":"Vetoquinol Care | Enisyl-F | 100 ml"}]},{"@type":"WebSite","@id":"http:\/\/www.pharmacy4pets.nl\/#website","url":"http:\/\/www.pharmacy4pets.nl\/","name":"Pharmacy4pets","description":"Pharmacy4pets.nl is d\u00e9 online apotheek waar u terecht kunt voor alle diergeneesmiddelen, verzorgingsproducten en dieetvoeding voor uw huisdier.","publisher":{"@id":"http:\/\/www.pharmacy4pets.nl\/#organization"},"potentialAction":[{"@type":"SearchAction","target":{"@type":"EntryPoint","urlTemplate":"http:\/\/www.pharmacy4pets.nl\/?s={search_term_string}"},"query-input":{"@type":"PropertyValueSpecification","valueRequired":true,"valueName":"search_term_string"}}],"inLanguage":"nl-NL"},{"@type":"Organization","@id":"http:\/\/www.pharmacy4pets.nl\/#organization","name":"Pharmacy4pets","url":"http:\/\/www.pharmacy4pets.nl\/","logo":{"@type":"ImageObject","inLanguage":"nl-NL","@id":"http:\/\/www.pharmacy4pets.nl\/#\/schema\/logo\/image\/","url":"https:\/\/p4p-nl.bootmine.com\/wp-content\/uploads\/2026\/03\/logo-pharmacy4pets.png","contentUrl":"https:\/\/p4p-nl.bootmine.com\/wp-content\/uploads\/2026\/03\/logo-pharmacy4pets.png","width":1024,"height":135,"caption":"Pharmacy4pets"},"image":{"@id":"http:\/\/www.pharmacy4pets.nl\/#\/schema\/logo\/image\/"},"sameAs":["https:\/\/www.facebook.com\/people\/Pharmacy4petsnl\/100063484989896\/","https:\/\/www.youtube.com\/channel\/UCGPTIgucgli03tP2_kvLkHg\/featured","https:\/\/www.instagram.com\/pharmacy4pets.nl"]}]}},"market_data":{"nl":{"price":0,"sale_price":0,"active":false,"url":null,"parent_url":"","tax_rate":0,"price_inc_tax":0,"sale_price_inc_tax":0},"de":{"price":0,"sale_price":0,"active":false,"url":null,"parent_url":"","tax_rate":0,"price_inc_tax":0,"sale_price_inc_tax":0},"be":{"price":0,"sale_price":0,"active":false,"url":null,"parent_url":"","tax_rate":0,"price_inc_tax":0,"sale_price_inc_tax":0},"fr":{"price":0,"sale_price":0,"active":false,"url":null,"parent_url":"","tax_rate":0,"price_inc_tax":0,"sale_price_inc_tax":0},"ch":{"price":0,"sale_price":0,"active":false,"url":null,"parent_url":"","tax_rate":0,"price_inc_tax":0,"sale_price_inc_tax":0},"at":{"price":0,"sale_price":0,"active":false,"url":null,"parent_url":"","tax_rate":0,"price_inc_tax":0,"sale_price_inc_tax":0},"es":{"price":0,"sale_price":0,"active":false,"url":null,"parent_url":"","tax_rate":0,"price_inc_tax":0,"sale_price_inc_tax":0},"dk":{"price":0,"sale_price":0,"active":false,"url":null,"parent_url":"","tax_rate":0,"price_inc_tax":0,"sale_price_inc_tax":0},"com":{"price":0,"sale_price":0,"active":false,"url":null,"parent_url":"","tax_rate":0,"price_inc_tax":0,"sale_price_inc_tax":0}},"market_nl_price":0,"market_nl_sale_price":0,"market_nl_active":false,"market_nl_url":null,"market_nl_parent_url":"","market_nl_tax_rate":0,"market_nl_price_inc_tax":0,"market_nl_sale_price_inc_tax":0,"market_de_price":0,"market_de_sale_price":0,"market_de_active":false,"market_de_url":null,"market_de_parent_url":"","market_de_tax_rate":0,"market_de_price_inc_tax":0,"market_de_sale_price_inc_tax":0,"market_be_price":0,"market_be_sale_price":0,"market_be_active":false,"market_be_url":null,"market_be_parent_url":"","market_be_tax_rate":0,"market_be_price_inc_tax":0,"market_be_sale_price_inc_tax":0,"market_fr_price":0,"market_fr_sale_price":0,"market_fr_active":false,"market_fr_url":null,"market_fr_parent_url":"","market_fr_tax_rate":0,"market_fr_price_inc_tax":0,"market_fr_sale_price_inc_tax":0,"market_ch_price":0,"market_ch_sale_price":0,"market_ch_active":false,"market_ch_url":null,"market_ch_parent_url":"","market_ch_tax_rate":0,"market_ch_price_inc_tax":0,"market_ch_sale_price_inc_tax":0,"market_at_price":0,"market_at_sale_price":0,"market_at_active":false,"market_at_url":null,"market_at_parent_url":"","market_at_tax_rate":0,"market_at_price_inc_tax":0,"market_at_sale_price_inc_tax":0,"market_es_price":0,"market_es_sale_price":0,"market_es_active":false,"market_es_url":null,"market_es_parent_url":"","market_es_tax_rate":0,"market_es_price_inc_tax":0,"market_es_sale_price_inc_tax":0,"market_dk_price":0,"market_dk_sale_price":0,"market_dk_active":false,"market_dk_url":null,"market_dk_parent_url":"","market_dk_tax_rate":0,"market_dk_price_inc_tax":0,"market_dk_sale_price_inc_tax":0,"market_com_price":0,"market_com_sale_price":0,"market_com_active":false,"market_com_url":null,"market_com_parent_url":"","market_com_tax_rate":0,"market_com_price_inc_tax":0,"market_com_sale_price_inc_tax":0,"acf":[],"_links":{"self":[{"href":"https:\/\/www.pharmacy4pets.nl\/be\/wp-json\/wp\/v2\/product\/120437","targetHints":{"allow":["GET"]}}],"collection":[{"href":"https:\/\/www.pharmacy4pets.nl\/be\/wp-json\/wp\/v2\/product"}],"about":[{"href":"https:\/\/www.pharmacy4pets.nl\/be\/wp-json\/wp\/v2\/types\/product"}],"replies":[{"embeddable":true,"href":"https:\/\/www.pharmacy4pets.nl\/be\/wp-json\/wp\/v2\/comments?post=120437"}],"wp:featuredmedia":[{"embeddable":true,"href":"https:\/\/www.pharmacy4pets.nl\/be\/wp-json\/wp\/v2\/media\/120436"}],"wp:attachment":[{"href":"https:\/\/www.pharmacy4pets.nl\/be\/wp-json\/wp\/v2\/media?parent=120437"}],"wp:term":[{"taxonomy":"product_brand","embeddable":true,"href":"https:\/\/www.pharmacy4pets.nl\/be\/wp-json\/wp\/v2\/product_brand?post=120437"},{"taxonomy":"product_cat","embeddable":true,"href":"https:\/\/www.pharmacy4pets.nl\/be\/wp-json\/wp\/v2\/product_cat?post=120437"},{"taxonomy":"product_tag","embeddable":true,"href":"https:\/\/www.pharmacy4pets.nl\/be\/wp-json\/wp\/v2\/product_tag?post=120437"}],"curies":[{"name":"wp","href":"https:\/\/api.w.org\/{rel}","templated":true}]}}