{"id":120435,"date":"2023-12-19T16:03:56","date_gmt":"2023-12-19T16:03:56","guid":{"rendered":"https:\/\/p4p.test\/sonotix"},"modified":"2026-04-14T08:05:35","modified_gmt":"2026-04-14T08:05:35","slug":"sonotix","status":"publish","type":"product","link":"https:\/\/www.pharmacy4pets.nl\/be\/sonotix","title":{"rendered":"Sonotix | 120 ml"},"content":{"rendered":"<p>Sonotix is een oorreiniger voor honden en katten, voor een snelle en effectieve verwijdering van oorsmeer dankzij de combinatie van ceruminolytische stoffen. Deze oorreiniger zorgt voor het behoud van gezonde oren met glycerine als vochtinbrenger en unieke Capryloyl en Undecylenoyl glycine die bijdragen tot de regulatie van de talgproductie.<\/p>\n<p>Sonotix is zacht voor de oren en aangepast aan de behoeften van alle huisdieren:<\/p>\n<ul>\n<li>Twee opzetstukken beschikbaar<\/li>\n<li>PH-neutraal<\/li>\n<li>Vrij van parabenen<\/li>\n<\/ul>\n","protected":false},"excerpt":{"rendered":"<p>Sonotix is een oorreiniger voor honden en katten, voor een snelle en effectieve verwijdering van oorsmeer dankzij de combinatie van ceruminolytische stoffen. Deze oorreiniger zorgt voor het behoud van gezonde oren met glycerine als vochtinbrenger en unieke Capryloyl en Undecylenoyl glycine die bijdragen tot de regulatie van de talgproductie. Sonotix is zacht voor de oren [&hellip;]<\/p>\n","protected":false},"featured_media":120434,"comment_status":"open","ping_status":"closed","template":"","meta":{"_acf_changed":false,"_nl_post_content":"<p>Sonotix is een oorreiniger voor honden en katten, voor een snelle en effectieve verwijdering van oorsmeer dankzij de combinatie van ceruminolytische stoffen. Deze oorreiniger zorgt voor het behoud van gezonde oren met glycerine als vochtinbrenger en unieke Capryloyl en Undecylenoyl glycine die bijdragen tot de regulatie van de talgproductie.<\/p>\n<p>Sonotix is zacht voor de oren en aangepast aan de behoeften van alle huisdieren:<\/p>\n<ul>\n<li>Twee opzetstukken beschikbaar<\/li>\n<li>PH-neutraal<\/li>\n<li>Vrij van parabenen<\/li>\n<\/ul>","_nl_post_name":"sonotix","_nl_post_excerpt":"","_nl_post_title":"Sonotix | 120 ml","_en_post_content":"<p>Sonotix is an ear cleaner for dogs and cats, for fast and effective earwax removal thanks to the combination of ceruminolytic substances. This ear cleaner maintains healthy ears with glycerin as a moisturiser and unique Capryloyl and Undecylenoyl glycine that help regulate sebum production.<\/p>\n<p>Sonotix is gentle on the ears and adapted to the needs of all pets:<\/p>\n<ul>\n<li>Two attachments available<\/li>\n<li>PH-neutral<\/li>\n<li>Free of parabens<\/li>\n<\/ul>","_en_post_name":"sonotix","_en_post_excerpt":"","_en_post_title":"Sonotix | 120 ml","_de_post_content":"<p>Sonotix ist ein Ohrenreiniger f\u00fcr Hunde und Katzen, der dank der Kombination von ceruminolytischen Substanzen schnell und effektiv Ohrenschmalz entfernt. Dieser Ohrenreiniger sorgt f\u00fcr gesunde Ohren mit Glycerin als Feuchtigkeitsspender und einzigartigem Capryloyl- und Undecylenoylglycin, die die Talgproduktion regulieren.<\/p>\n<p>Sonotix ist sanft zu den Ohren und auf die Bed\u00fcrfnisse aller Haustiere abgestimmt:<\/p>\n<ul>\n<li>Zwei Aufs\u00e4tze erh\u00e4ltlich<\/li>\n<li>PH-neutral<\/li>\n<li>Frei von Parabenen<\/li>\n<\/ul>","_de_post_name":"sonotix","_de_post_excerpt":"","_de_post_title":"Sonotix | 120 ml","_fr_post_content":"<p>Sonotix est un nettoyant auriculaire pour chiens et chats, pour une \u00e9limination rapide et efficace du c\u00e9rumen gr\u00e2ce \u00e0 la combinaison de substances c\u00e9ruminolytiques. Ce nettoyant maintient les oreilles en bonne sant\u00e9 gr\u00e2ce \u00e0 la glyc\u00e9rine, qui les hydrate, et \u00e0 la capryloyl et l'undecylenoyl glycine, qui aident \u00e0 r\u00e9guler la production de s\u00e9bum.<\/p>\n<p>Sonotix est doux pour les oreilles et adapt\u00e9 aux besoins de tous les animaux de compagnie :<\/p>\n<ul>\n<li>Deux accessoires disponibles<\/li>\n<li>PH neutre<\/li>\n<li>Sans parab\u00e8nes<\/li>\n<\/ul>","_fr_post_name":"sonotix","_fr_post_excerpt":"","_fr_post_title":"Sonotix | 120 ml","_es_post_content":"<p>Sonotix es un limpiador de o\u00eddos para perros y gatos, para una eliminaci\u00f3n r\u00e1pida y eficaz del cerumen gracias a la combinaci\u00f3n de sustancias ceruminol\u00edticas. Este limpiador de o\u00eddos mantiene los o\u00eddos sanos gracias a la glicerina como humectante y a las exclusivas Capriloil y Undecilenoil glicina que ayudan a regular la producci\u00f3n de sebo.<\/p>\n<p>Sonotix es suave con los o\u00eddos y se adapta a las necesidades de todas las mascotas:<\/p>\n<ul>\n<li>Dos accesorios disponibles<\/li>\n<li>PH neutro<\/li>\n<li>Sin parabenos<\/li>\n<\/ul>","_es_post_name":"sonotix","_es_post_excerpt":"","_es_post_title":"Sonotix | 120 ml","edit_language":"nl"},"product_brand":[],"product_cat":[1117,1118,1839,1871,1857,1851,1882,2167],"product_tag":[],"class_list":{"0":"post-120435","1":"product","2":"type-product","3":"status-publish","4":"has-post-thumbnail","6":"product_cat-honden","7":"product_cat-katten","8":"product_cat-medicijnen-supplementen","10":"product_cat-merken","11":"product_cat-oren","13":"product_cat-sonotix","14":"pa_aandoening-ogen_oren","15":"pa_doeldier-hond","16":"pa_doeldier-kat","17":"pa_fabricatieland-frankrijk","18":"pa_merkfilter-sonotix","19":"pa_merkgroep-vetoquinol","20":"pa_productsoort-overig","21":"pa_toedieningswijze-oorreiniger","22":"pa_unit_pricing_base_measure-100ml","23":"pa_unit_pricing_measure-120ml","24":"pa_werkzamestof-overig","26":"first","27":"instock","28":"taxable","29":"shipping-taxable","30":"purchasable","31":"product-type-simple"},"yoast_head":"<!-- This site is optimized with the Yoast SEO plugin v27.5 - https:\/\/yoast.com\/product\/yoast-seo-wordpress\/ -->\n<title>Sonotix | 120 ml - Pharmacy4pets<\/title>\n<meta name=\"robots\" content=\"index, follow, max-snippet:-1, max-image-preview:large, max-video-preview:-1\" \/>\n<link rel=\"canonical\" href=\"https:\/\/p4p-nl.bootmine.com\/%product-slug%\/sonotix\" \/>\n<meta property=\"og:locale\" content=\"nl_NL\" \/>\n<meta property=\"og:type\" content=\"article\" \/>\n<meta property=\"og:title\" content=\"Sonotix | 120 ml - Pharmacy4pets\" \/>\n<meta property=\"og:description\" content=\"Sonotix is een oorreiniger voor honden en katten, voor een snelle en effectieve verwijdering van oorsmeer dankzij de combinatie van ceruminolytische stoffen. Deze oorreiniger zorgt voor het behoud van gezonde oren met glycerine als vochtinbrenger en unieke Capryloyl en Undecylenoyl glycine die bijdragen tot de regulatie van de talgproductie. Sonotix is zacht voor de oren [&hellip;]\" \/>\n<meta property=\"og:url\" content=\"https:\/\/p4p-nl.bootmine.com\/%product-slug%\/sonotix\" \/>\n<meta property=\"og:site_name\" content=\"Pharmacy4pets\" \/>\n<meta property=\"article:publisher\" content=\"https:\/\/www.facebook.com\/people\/Pharmacy4petsnl\/100063484989896\/\" \/>\n<meta property=\"article:modified_time\" content=\"2026-04-14T08:05:35+00:00\" \/>\n<meta property=\"og:image\" content=\"https:\/\/p4p-nl.bootmine.com\/wp-content\/uploads\/2023\/12\/Sonotix.jpg\" \/>\n\t<meta property=\"og:image:width\" content=\"600\" \/>\n\t<meta property=\"og:image:height\" content=\"600\" \/>\n\t<meta property=\"og:image:type\" content=\"image\/jpeg\" \/>\n<meta name=\"twitter:card\" content=\"summary_large_image\" \/>\n<script type=\"application\/ld+json\" class=\"yoast-schema-graph\">{\"@context\":\"https:\\\/\\\/schema.org\",\"@graph\":[{\"@type\":\"WebPage\",\"@id\":\"https:\\\/\\\/p4p-nl.bootmine.com\\\/%product-slug%\\\/sonotix\",\"url\":\"https:\\\/\\\/p4p-nl.bootmine.com\\\/%product-slug%\\\/sonotix\",\"name\":\"Sonotix | 120 ml - Pharmacy4pets\",\"isPartOf\":{\"@id\":\"http:\\\/\\\/www.pharmacy4pets.nl\\\/#website\"},\"primaryImageOfPage\":{\"@id\":\"https:\\\/\\\/p4p-nl.bootmine.com\\\/%product-slug%\\\/sonotix#primaryimage\"},\"image\":{\"@id\":\"https:\\\/\\\/p4p-nl.bootmine.com\\\/%product-slug%\\\/sonotix#primaryimage\"},\"thumbnailUrl\":\"https:\\\/\\\/www.pharmacy4pets.nl\\\/wp-content\\\/uploads\\\/2023\\\/12\\\/Sonotix.jpg\",\"datePublished\":\"2023-12-19T16:03:56+00:00\",\"dateModified\":\"2026-04-14T08:05:35+00:00\",\"breadcrumb\":{\"@id\":\"https:\\\/\\\/p4p-nl.bootmine.com\\\/%product-slug%\\\/sonotix#breadcrumb\"},\"inLanguage\":\"nl-NL\",\"potentialAction\":[{\"@type\":\"ReadAction\",\"target\":[\"https:\\\/\\\/p4p-nl.bootmine.com\\\/%product-slug%\\\/sonotix\"]}]},{\"@type\":\"ImageObject\",\"inLanguage\":\"nl-NL\",\"@id\":\"https:\\\/\\\/p4p-nl.bootmine.com\\\/%product-slug%\\\/sonotix#primaryimage\",\"url\":\"https:\\\/\\\/www.pharmacy4pets.nl\\\/wp-content\\\/uploads\\\/2023\\\/12\\\/Sonotix.jpg\",\"contentUrl\":\"https:\\\/\\\/www.pharmacy4pets.nl\\\/wp-content\\\/uploads\\\/2023\\\/12\\\/Sonotix.jpg\",\"width\":600,\"height\":600,\"caption\":\"Sonotix | 120 ml-0\"},{\"@type\":\"BreadcrumbList\",\"@id\":\"https:\\\/\\\/p4p-nl.bootmine.com\\\/%product-slug%\\\/sonotix#breadcrumb\",\"itemListElement\":[{\"@type\":\"ListItem\",\"position\":1,\"name\":\"Home\",\"item\":\"https:\\\/\\\/p4p-nl.bootmine.com\\\/\"},{\"@type\":\"ListItem\",\"position\":2,\"name\":\"Winkel\",\"item\":\"https:\\\/\\\/p4p-nl.bootmine.com\\\/winkel\"},{\"@type\":\"ListItem\",\"position\":3,\"name\":\"Sonotix | 120 ml\"}]},{\"@type\":\"WebSite\",\"@id\":\"http:\\\/\\\/www.pharmacy4pets.nl\\\/#website\",\"url\":\"http:\\\/\\\/www.pharmacy4pets.nl\\\/\",\"name\":\"Pharmacy4pets\",\"description\":\"Pharmacy4pets.nl is d\u00e9 online apotheek waar u terecht kunt voor alle diergeneesmiddelen, verzorgingsproducten en dieetvoeding voor uw huisdier.\",\"publisher\":{\"@id\":\"http:\\\/\\\/www.pharmacy4pets.nl\\\/#organization\"},\"potentialAction\":[{\"@type\":\"SearchAction\",\"target\":{\"@type\":\"EntryPoint\",\"urlTemplate\":\"http:\\\/\\\/www.pharmacy4pets.nl\\\/?s={search_term_string}\"},\"query-input\":{\"@type\":\"PropertyValueSpecification\",\"valueRequired\":true,\"valueName\":\"search_term_string\"}}],\"inLanguage\":\"nl-NL\"},{\"@type\":\"Organization\",\"@id\":\"http:\\\/\\\/www.pharmacy4pets.nl\\\/#organization\",\"name\":\"Pharmacy4pets\",\"url\":\"http:\\\/\\\/www.pharmacy4pets.nl\\\/\",\"logo\":{\"@type\":\"ImageObject\",\"inLanguage\":\"nl-NL\",\"@id\":\"http:\\\/\\\/www.pharmacy4pets.nl\\\/#\\\/schema\\\/logo\\\/image\\\/\",\"url\":\"https:\\\/\\\/p4p-nl.bootmine.com\\\/wp-content\\\/uploads\\\/2026\\\/03\\\/logo-pharmacy4pets.png\",\"contentUrl\":\"https:\\\/\\\/p4p-nl.bootmine.com\\\/wp-content\\\/uploads\\\/2026\\\/03\\\/logo-pharmacy4pets.png\",\"width\":1024,\"height\":135,\"caption\":\"Pharmacy4pets\"},\"image\":{\"@id\":\"http:\\\/\\\/www.pharmacy4pets.nl\\\/#\\\/schema\\\/logo\\\/image\\\/\"},\"sameAs\":[\"https:\\\/\\\/www.facebook.com\\\/people\\\/Pharmacy4petsnl\\\/100063484989896\\\/\",\"https:\\\/\\\/www.youtube.com\\\/channel\\\/UCGPTIgucgli03tP2_kvLkHg\\\/featured\",\"https:\\\/\\\/www.instagram.com\\\/pharmacy4pets.nl\"]}]}<\/script>\n<!-- \/ Yoast SEO plugin. -->","yoast_head_json":{"title":"Sonotix | 120 ml - Pharmacy4pets","robots":{"index":"index","follow":"follow","max-snippet":"max-snippet:-1","max-image-preview":"max-image-preview:large","max-video-preview":"max-video-preview:-1"},"canonical":"https:\/\/p4p-nl.bootmine.com\/%product-slug%\/sonotix","og_locale":"nl_NL","og_type":"article","og_title":"Sonotix | 120 ml - Pharmacy4pets","og_description":"Sonotix is een oorreiniger voor honden en katten, voor een snelle en effectieve verwijdering van oorsmeer dankzij de combinatie van ceruminolytische stoffen. Deze oorreiniger zorgt voor het behoud van gezonde oren met glycerine als vochtinbrenger en unieke Capryloyl en Undecylenoyl glycine die bijdragen tot de regulatie van de talgproductie. Sonotix is zacht voor de oren [&hellip;]","og_url":"https:\/\/p4p-nl.bootmine.com\/%product-slug%\/sonotix","og_site_name":"Pharmacy4pets","article_publisher":"https:\/\/www.facebook.com\/people\/Pharmacy4petsnl\/100063484989896\/","article_modified_time":"2026-04-14T08:05:35+00:00","og_image":[{"width":600,"height":600,"url":"https:\/\/p4p-nl.bootmine.com\/wp-content\/uploads\/2023\/12\/Sonotix.jpg","type":"image\/jpeg"}],"twitter_card":"summary_large_image","schema":{"@context":"https:\/\/schema.org","@graph":[{"@type":"WebPage","@id":"https:\/\/p4p-nl.bootmine.com\/%product-slug%\/sonotix","url":"https:\/\/p4p-nl.bootmine.com\/%product-slug%\/sonotix","name":"Sonotix | 120 ml - Pharmacy4pets","isPartOf":{"@id":"http:\/\/www.pharmacy4pets.nl\/#website"},"primaryImageOfPage":{"@id":"https:\/\/p4p-nl.bootmine.com\/%product-slug%\/sonotix#primaryimage"},"image":{"@id":"https:\/\/p4p-nl.bootmine.com\/%product-slug%\/sonotix#primaryimage"},"thumbnailUrl":"https:\/\/www.pharmacy4pets.nl\/wp-content\/uploads\/2023\/12\/Sonotix.jpg","datePublished":"2023-12-19T16:03:56+00:00","dateModified":"2026-04-14T08:05:35+00:00","breadcrumb":{"@id":"https:\/\/p4p-nl.bootmine.com\/%product-slug%\/sonotix#breadcrumb"},"inLanguage":"nl-NL","potentialAction":[{"@type":"ReadAction","target":["https:\/\/p4p-nl.bootmine.com\/%product-slug%\/sonotix"]}]},{"@type":"ImageObject","inLanguage":"nl-NL","@id":"https:\/\/p4p-nl.bootmine.com\/%product-slug%\/sonotix#primaryimage","url":"https:\/\/www.pharmacy4pets.nl\/wp-content\/uploads\/2023\/12\/Sonotix.jpg","contentUrl":"https:\/\/www.pharmacy4pets.nl\/wp-content\/uploads\/2023\/12\/Sonotix.jpg","width":600,"height":600,"caption":"Sonotix | 120 ml-0"},{"@type":"BreadcrumbList","@id":"https:\/\/p4p-nl.bootmine.com\/%product-slug%\/sonotix#breadcrumb","itemListElement":[{"@type":"ListItem","position":1,"name":"Home","item":"https:\/\/p4p-nl.bootmine.com\/"},{"@type":"ListItem","position":2,"name":"Winkel","item":"https:\/\/p4p-nl.bootmine.com\/winkel"},{"@type":"ListItem","position":3,"name":"Sonotix | 120 ml"}]},{"@type":"WebSite","@id":"http:\/\/www.pharmacy4pets.nl\/#website","url":"http:\/\/www.pharmacy4pets.nl\/","name":"Pharmacy4pets","description":"Pharmacy4pets.nl is d\u00e9 online apotheek waar u terecht kunt voor alle diergeneesmiddelen, verzorgingsproducten en dieetvoeding voor uw huisdier.","publisher":{"@id":"http:\/\/www.pharmacy4pets.nl\/#organization"},"potentialAction":[{"@type":"SearchAction","target":{"@type":"EntryPoint","urlTemplate":"http:\/\/www.pharmacy4pets.nl\/?s={search_term_string}"},"query-input":{"@type":"PropertyValueSpecification","valueRequired":true,"valueName":"search_term_string"}}],"inLanguage":"nl-NL"},{"@type":"Organization","@id":"http:\/\/www.pharmacy4pets.nl\/#organization","name":"Pharmacy4pets","url":"http:\/\/www.pharmacy4pets.nl\/","logo":{"@type":"ImageObject","inLanguage":"nl-NL","@id":"http:\/\/www.pharmacy4pets.nl\/#\/schema\/logo\/image\/","url":"https:\/\/p4p-nl.bootmine.com\/wp-content\/uploads\/2026\/03\/logo-pharmacy4pets.png","contentUrl":"https:\/\/p4p-nl.bootmine.com\/wp-content\/uploads\/2026\/03\/logo-pharmacy4pets.png","width":1024,"height":135,"caption":"Pharmacy4pets"},"image":{"@id":"http:\/\/www.pharmacy4pets.nl\/#\/schema\/logo\/image\/"},"sameAs":["https:\/\/www.facebook.com\/people\/Pharmacy4petsnl\/100063484989896\/","https:\/\/www.youtube.com\/channel\/UCGPTIgucgli03tP2_kvLkHg\/featured","https:\/\/www.instagram.com\/pharmacy4pets.nl"]}]}},"market_data":{"nl":{"price":0,"sale_price":0,"active":false,"url":null,"parent_url":"","tax_rate":0,"price_inc_tax":0,"sale_price_inc_tax":0},"de":{"price":0,"sale_price":0,"active":false,"url":null,"parent_url":"","tax_rate":0,"price_inc_tax":0,"sale_price_inc_tax":0},"be":{"price":0,"sale_price":0,"active":false,"url":null,"parent_url":"","tax_rate":0,"price_inc_tax":0,"sale_price_inc_tax":0},"fr":{"price":0,"sale_price":0,"active":false,"url":null,"parent_url":"","tax_rate":0,"price_inc_tax":0,"sale_price_inc_tax":0},"ch":{"price":0,"sale_price":0,"active":false,"url":null,"parent_url":"","tax_rate":0,"price_inc_tax":0,"sale_price_inc_tax":0},"at":{"price":0,"sale_price":0,"active":false,"url":null,"parent_url":"","tax_rate":0,"price_inc_tax":0,"sale_price_inc_tax":0},"es":{"price":0,"sale_price":0,"active":false,"url":null,"parent_url":"","tax_rate":0,"price_inc_tax":0,"sale_price_inc_tax":0},"dk":{"price":0,"sale_price":0,"active":false,"url":null,"parent_url":"","tax_rate":0,"price_inc_tax":0,"sale_price_inc_tax":0},"com":{"price":0,"sale_price":0,"active":false,"url":null,"parent_url":"","tax_rate":0,"price_inc_tax":0,"sale_price_inc_tax":0}},"market_nl_price":0,"market_nl_sale_price":0,"market_nl_active":false,"market_nl_url":null,"market_nl_parent_url":"","market_nl_tax_rate":0,"market_nl_price_inc_tax":0,"market_nl_sale_price_inc_tax":0,"market_de_price":0,"market_de_sale_price":0,"market_de_active":false,"market_de_url":null,"market_de_parent_url":"","market_de_tax_rate":0,"market_de_price_inc_tax":0,"market_de_sale_price_inc_tax":0,"market_be_price":0,"market_be_sale_price":0,"market_be_active":false,"market_be_url":null,"market_be_parent_url":"","market_be_tax_rate":0,"market_be_price_inc_tax":0,"market_be_sale_price_inc_tax":0,"market_fr_price":0,"market_fr_sale_price":0,"market_fr_active":false,"market_fr_url":null,"market_fr_parent_url":"","market_fr_tax_rate":0,"market_fr_price_inc_tax":0,"market_fr_sale_price_inc_tax":0,"market_ch_price":0,"market_ch_sale_price":0,"market_ch_active":false,"market_ch_url":null,"market_ch_parent_url":"","market_ch_tax_rate":0,"market_ch_price_inc_tax":0,"market_ch_sale_price_inc_tax":0,"market_at_price":0,"market_at_sale_price":0,"market_at_active":false,"market_at_url":null,"market_at_parent_url":"","market_at_tax_rate":0,"market_at_price_inc_tax":0,"market_at_sale_price_inc_tax":0,"market_es_price":0,"market_es_sale_price":0,"market_es_active":false,"market_es_url":null,"market_es_parent_url":"","market_es_tax_rate":0,"market_es_price_inc_tax":0,"market_es_sale_price_inc_tax":0,"market_dk_price":0,"market_dk_sale_price":0,"market_dk_active":false,"market_dk_url":null,"market_dk_parent_url":"","market_dk_tax_rate":0,"market_dk_price_inc_tax":0,"market_dk_sale_price_inc_tax":0,"market_com_price":0,"market_com_sale_price":0,"market_com_active":false,"market_com_url":null,"market_com_parent_url":"","market_com_tax_rate":0,"market_com_price_inc_tax":0,"market_com_sale_price_inc_tax":0,"acf":[],"_links":{"self":[{"href":"https:\/\/www.pharmacy4pets.nl\/be\/wp-json\/wp\/v2\/product\/120435","targetHints":{"allow":["GET"]}}],"collection":[{"href":"https:\/\/www.pharmacy4pets.nl\/be\/wp-json\/wp\/v2\/product"}],"about":[{"href":"https:\/\/www.pharmacy4pets.nl\/be\/wp-json\/wp\/v2\/types\/product"}],"replies":[{"embeddable":true,"href":"https:\/\/www.pharmacy4pets.nl\/be\/wp-json\/wp\/v2\/comments?post=120435"}],"wp:featuredmedia":[{"embeddable":true,"href":"https:\/\/www.pharmacy4pets.nl\/be\/wp-json\/wp\/v2\/media\/120434"}],"wp:attachment":[{"href":"https:\/\/www.pharmacy4pets.nl\/be\/wp-json\/wp\/v2\/media?parent=120435"}],"wp:term":[{"taxonomy":"product_brand","embeddable":true,"href":"https:\/\/www.pharmacy4pets.nl\/be\/wp-json\/wp\/v2\/product_brand?post=120435"},{"taxonomy":"product_cat","embeddable":true,"href":"https:\/\/www.pharmacy4pets.nl\/be\/wp-json\/wp\/v2\/product_cat?post=120435"},{"taxonomy":"product_tag","embeddable":true,"href":"https:\/\/www.pharmacy4pets.nl\/be\/wp-json\/wp\/v2\/product_tag?post=120435"}],"curies":[{"name":"wp","href":"https:\/\/api.w.org\/{rel}","templated":true}]}}