{"id":120433,"date":"2023-12-19T15:01:32","date_gmt":"2023-12-19T15:01:32","guid":{"rendered":"https:\/\/p4p.test\/zoolac-propaste"},"modified":"2026-04-14T08:05:33","modified_gmt":"2026-04-14T08:05:33","slug":"zoolac-propaste","status":"publish","type":"product","link":"https:\/\/www.pharmacy4pets.nl\/be\/zoolac-propaste","title":{"rendered":"ZooLac ProPaste | 32 ml"},"content":{"rendered":"<h1>ZooLac ProPaste<\/h1>\n<p>ZooLac ProPaste is een voedingssupplement voor honden en katten met een hoge concentratie probiotica voor een betere spijsvertering en evenwicht in de bacteri\u00eble darmflora. ZooLac bestaat uit: vet (geraffineerd plantaardig: koolzaad) 75%, dextrose 10%, vinasse 8%, lecithine 3% en toevoegingsmiddelen.<\/p>\n<p>De spuit vooraf instellen op de benodigde hoeveelheid en vervolgens de pasta op de tong van het dier plaatsen. De toediening iedere 6-8 uur herhalen tot het gewenste resultaat bereikt is. Om een snel effect te krijgen wordt aanbevolen om te starten met een dubbele dosering, daarna volgens onderstaande tabel. ZooLac ProPaste kan eventueel ook gemengd worden met het voer.<\/p>\n<p>Aanbevolen hoeveelheid obv lichaamsgewicht:<\/p>\n<p>0 \u2013 10 kg = 1 ml<br \/>10 \u2013 25 kg = 2 ml<br \/>25 \u2013 50 kg = 3 ml<br \/>50 kg+ = 5 ml<\/p>\n","protected":false},"excerpt":{"rendered":"<p>ZooLac ProPaste ZooLac ProPaste is een voedingssupplement voor honden en katten met een hoge concentratie probiotica voor een betere spijsvertering en evenwicht in de bacteri\u00eble darmflora. ZooLac bestaat uit: vet (geraffineerd plantaardig: koolzaad) 75%, dextrose 10%, vinasse 8%, lecithine 3% en toevoegingsmiddelen. De spuit vooraf instellen op de benodigde hoeveelheid en vervolgens de pasta op [&hellip;]<\/p>\n","protected":false},"featured_media":120432,"comment_status":"open","ping_status":"closed","template":"","meta":{"_acf_changed":false,"_nl_post_content":"<h1>ZooLac ProPaste<\/h1>\n<p>ZooLac ProPaste is een voedingssupplement voor honden en katten met een hoge concentratie probiotica voor een betere spijsvertering en evenwicht in de bacteri\u00eble darmflora. ZooLac bestaat uit: vet (geraffineerd plantaardig: koolzaad) 75%, dextrose 10%, vinasse 8%, lecithine 3% en toevoegingsmiddelen.<\/p>\n<p>De spuit vooraf instellen op de benodigde hoeveelheid en vervolgens de pasta op de tong van het dier plaatsen. De toediening iedere 6-8 uur herhalen tot het gewenste resultaat bereikt is. Om een snel effect te krijgen wordt aanbevolen om te starten met een dubbele dosering, daarna volgens onderstaande tabel. ZooLac ProPaste kan eventueel ook gemengd worden met het voer.<\/p>\n<p>Aanbevolen hoeveelheid obv lichaamsgewicht:<\/p>\n<p>0 \u2013 10 kg = 1 ml<br \/>10 \u2013 25 kg = 2 ml<br \/>25 \u2013 50 kg = 3 ml<br \/>50 kg+ = 5 ml<\/p>","_nl_post_name":"zoolac-propaste","_nl_post_excerpt":"","_nl_post_title":"ZooLac ProPaste | 32 ml","_en_post_content":"<p>ZooLac ProPaste is a food supplement for dogs and cats with a high concentration of probiotics for improved digestion and balance in the bacterial intestinal flora. ZooLac consists of: fat (refined vegetable: rapeseed) 75%, dextrose 10%, vinasse 8%, lecithin 3% and additives.<\/p>\n<p>Pre-adjust the syringe to the required amount and then place the paste on the animal's tongue. Repeat the administration every 6-8 hours until the desired result is achieved. To obtain a fast effect, it is recommended to start with a double dose, then according to the table below. ZooLac ProPaste can also be mixed with the feed if required.<\/p>\n<p>Recommended quantity based on body weight<\/p>\n<p>0 - 10 kg = 1 ml<br \/>10 - 25 kg = 2 ml<br \/>25 - 50 kg = 3 ml<br \/>50 kg+ = 5 ml<\/p>","_en_post_name":"zoolac-propaste","_en_post_excerpt":"","_en_post_title":"ZooLac ProPaste | 32 ml","_de_post_content":"<p>ZooLac ProPaste ist ein Nahrungserg\u00e4nzungsmittel f\u00fcr Hunde und Katzen mit einer hohen Konzentration von Probiotika f\u00fcr eine verbesserte Verdauung und ein Gleichgewicht in der bakteriellen Darmflora. ZooLac besteht aus: Fett (raffiniert pflanzlich: Raps) 75%, Dextrose 10%, Vinasse 8%, Lecithin 3% und Zusatzstoffe.<\/p>\n<p>Stellen Sie die Spritze auf die gew\u00fcnschte Menge ein und geben Sie die Paste auf die Zunge des Tieres. Wiederholen Sie die Verabreichung alle 6-8 Stunden, bis das gew\u00fcnschte Ergebnis erreicht ist. Um eine schnelle Wirkung zu erzielen, empfiehlt es sich, mit einer doppelten Dosis zu beginnen, dann entsprechend der unten stehenden Tabelle. ZooLac ProPaste kann bei Bedarf auch unter das Futter gemischt werden.<\/p>\n<p>Empfohlene Menge auf der Grundlage des K\u00f6rpergewichts<\/p>\n<p>0 - 10 kg = 1 ml<br \/>10 - 25 kg = 2 ml<br \/>25 - 50 kg = 3 ml<br \/>50 kg und mehr = 5 ml<\/p>","_de_post_name":"zoolac-propaste","_de_post_excerpt":"","_de_post_title":"ZooLac ProPaste | 32 ml","_fr_post_content":"<p>ZooLac ProPaste est un compl\u00e9ment alimentaire pour chiens et chats avec une forte concentration de probiotiques pour une meilleure digestion et un \u00e9quilibre de la flore intestinale bact\u00e9rienne. ZooLac est compos\u00e9 de : graisse (v\u00e9g\u00e9tale raffin\u00e9e : colza) 75%, dextrose 10%, vinasse 8%, l\u00e9cithine 3% et additifs.<\/p>\n<p>Pr\u00e9ajuster la seringue \u00e0 la quantit\u00e9 requise et placer la p\u00e2te sur la langue de l'animal. R\u00e9p\u00e9ter l'administration toutes les 6 \u00e0 8 heures jusqu'\u00e0 l'obtention du r\u00e9sultat souhait\u00e9. Pour obtenir un effet rapide, il est recommand\u00e9 de commencer par une double dose, puis de suivre le tableau ci-dessous. ZooLac ProPaste peut \u00e9galement \u00eatre m\u00e9lang\u00e9 \u00e0 la nourriture si n\u00e9cessaire.<\/p>\n<p>Quantit\u00e9 recommand\u00e9e en fonction du poids corporel<\/p>\n<p>0 - 10 kg = 1 ml<br \/>10 - 25 kg = 2 ml<br \/>25 - 50 kg = 3 ml<br \/>50 kg+ = 5 ml<\/p>","_fr_post_name":"zoolac-propaste","_fr_post_excerpt":"","_fr_post_title":"ZooLac ProPaste | 32 ml","_es_post_content":"<p>ZooLac ProPaste es un complemento alimenticio para perros y gatos con una alta concentraci\u00f3n de probi\u00f3ticos para mejorar la digesti\u00f3n y equilibrar la flora bacteriana intestinal. ZooLac se compone de: grasa (vegetal refinada: colza) 75%, dextrosa 10%, vinaza 8%, lecitina 3% y aditivos.<\/p>\n<p>Ajustar previamente la jeringa a la cantidad necesaria y colocar la pasta en la lengua del animal. Repetir la administraci\u00f3n cada 6-8 horas hasta obtener el resultado deseado. Para obtener un efecto r\u00e1pido, se recomienda comenzar con una dosis doble y, a continuaci\u00f3n, seg\u00fan la tabla siguiente. ZooLac ProPaste tambi\u00e9n puede mezclarse con el pienso si es necesario.<\/p>\n<p>Cantidad recomendada en funci\u00f3n del peso corporal<\/p>\n<p>0 - 10 kg = 1 ml<br \/>10 - 25 kg = 2 ml<br \/>25 - 50 kg = 3 ml<br \/>50 kg+ = 5 ml<\/p>","_es_post_name":"zoolac-propaste","_es_post_excerpt":"","_es_post_title":"ZooLac ProPaste | 32 ml","edit_language":"nl"},"product_brand":[],"product_cat":[1117,1118,1879,1848,1871,1839,1857,1978,1994,2166],"product_tag":[],"class_list":{"0":"post-120433","1":"product","2":"type-product","3":"status-publish","4":"has-post-thumbnail","6":"product_cat-honden","7":"product_cat-katten","8":"product_cat-maag-darmen","10":"product_cat-medicijnen-supplementen","12":"product_cat-merken","13":"product_cat-probiotica","15":"product_cat-zoolac","16":"pa_aandoening-overig","17":"pa_doeldier-hond","18":"pa_doeldier-kat","19":"pa_fabricatieland-denemarken","20":"pa_merkfilter-zoolac","21":"pa_merkgroep-biosecurity","22":"pa_productsoort-voedingssupplement","23":"pa_toedieningswijze-pasta","24":"pa_unit_pricing_base_measure-10ml","25":"pa_unit_pricing_measure-32ml","26":"pa_werkzamestof-overig","28":"first","29":"instock","30":"taxable","31":"shipping-taxable","32":"purchasable","33":"product-type-simple"},"yoast_head":"<!-- This site is optimized with the Yoast SEO plugin v27.5 - https:\/\/yoast.com\/product\/yoast-seo-wordpress\/ -->\n<title>ZooLac ProPaste<\/title>\n<meta name=\"robots\" content=\"index, follow, max-snippet:-1, max-image-preview:large, max-video-preview:-1\" \/>\n<link rel=\"canonical\" href=\"https:\/\/www.pharmacy4pets.nl\/be\/zoolac-propaste\" \/>\n<meta property=\"og:locale\" content=\"nl_NL\" \/>\n<meta property=\"og:type\" content=\"article\" \/>\n<meta property=\"og:title\" content=\"ZooLac ProPaste\" \/>\n<meta property=\"og:description\" content=\"ZooLac ProPaste ZooLac ProPaste is een voedingssupplement voor honden en katten met een hoge concentratie probiotica voor een betere spijsvertering en evenwicht in de bacteri\u00eble darmflora. ZooLac bestaat uit: vet (geraffineerd plantaardig: koolzaad) 75%, dextrose 10%, vinasse 8%, lecithine 3% en toevoegingsmiddelen. De spuit vooraf instellen op de benodigde hoeveelheid en vervolgens de pasta op [&hellip;]\" \/>\n<meta property=\"og:url\" content=\"https:\/\/www.pharmacy4pets.nl\/be\/zoolac-propaste\" \/>\n<meta property=\"og:site_name\" content=\"Pharmacy4pets\" \/>\n<meta property=\"article:publisher\" content=\"https:\/\/www.facebook.com\/people\/Pharmacy4petsnl\/100063484989896\/\" \/>\n<meta property=\"article:modified_time\" content=\"2026-04-14T08:05:33+00:00\" \/>\n<meta property=\"og:image\" content=\"https:\/\/www.pharmacy4pets.nl\/wp-content\/uploads\/2023\/12\/ZooLac.jpg\" \/>\n\t<meta property=\"og:image:width\" content=\"1000\" \/>\n\t<meta property=\"og:image:height\" content=\"1000\" \/>\n\t<meta property=\"og:image:type\" content=\"image\/jpeg\" \/>\n<meta name=\"twitter:card\" content=\"summary_large_image\" \/>\n<meta name=\"twitter:label1\" content=\"Geschatte leestijd\" \/>\n\t<meta name=\"twitter:data1\" content=\"1 minuut\" \/>\n<script type=\"application\/ld+json\" class=\"yoast-schema-graph\">{\"@context\":\"https:\\\/\\\/schema.org\",\"@graph\":[{\"@type\":\"WebPage\",\"@id\":\"https:\\\/\\\/www.pharmacy4pets.nl\\\/be\\\/zoolac-propaste\",\"url\":\"https:\\\/\\\/www.pharmacy4pets.nl\\\/be\\\/zoolac-propaste\",\"name\":\"ZooLac ProPaste\",\"isPartOf\":{\"@id\":\"http:\\\/\\\/www.pharmacy4pets.nl\\\/#website\"},\"primaryImageOfPage\":{\"@id\":\"https:\\\/\\\/www.pharmacy4pets.nl\\\/be\\\/zoolac-propaste#primaryimage\"},\"image\":{\"@id\":\"https:\\\/\\\/www.pharmacy4pets.nl\\\/be\\\/zoolac-propaste#primaryimage\"},\"thumbnailUrl\":\"https:\\\/\\\/www.pharmacy4pets.nl\\\/wp-content\\\/uploads\\\/2023\\\/12\\\/ZooLac.jpg\",\"datePublished\":\"2023-12-19T15:01:32+00:00\",\"dateModified\":\"2026-04-14T08:05:33+00:00\",\"breadcrumb\":{\"@id\":\"https:\\\/\\\/www.pharmacy4pets.nl\\\/be\\\/zoolac-propaste#breadcrumb\"},\"inLanguage\":\"nl-NL\",\"potentialAction\":[{\"@type\":\"ReadAction\",\"target\":[\"https:\\\/\\\/www.pharmacy4pets.nl\\\/be\\\/zoolac-propaste\"]}]},{\"@type\":\"ImageObject\",\"inLanguage\":\"nl-NL\",\"@id\":\"https:\\\/\\\/www.pharmacy4pets.nl\\\/be\\\/zoolac-propaste#primaryimage\",\"url\":\"https:\\\/\\\/www.pharmacy4pets.nl\\\/wp-content\\\/uploads\\\/2023\\\/12\\\/ZooLac.jpg\",\"contentUrl\":\"https:\\\/\\\/www.pharmacy4pets.nl\\\/wp-content\\\/uploads\\\/2023\\\/12\\\/ZooLac.jpg\",\"width\":1000,\"height\":1000,\"caption\":\"ZooLac ProPaste\"},{\"@type\":\"BreadcrumbList\",\"@id\":\"https:\\\/\\\/www.pharmacy4pets.nl\\\/be\\\/zoolac-propaste#breadcrumb\",\"itemListElement\":[{\"@type\":\"ListItem\",\"position\":1,\"name\":\"Home\",\"item\":\"https:\\\/\\\/p4p-nl.bootmine.com\\\/\"},{\"@type\":\"ListItem\",\"position\":2,\"name\":\"Winkel\",\"item\":\"https:\\\/\\\/p4p-nl.bootmine.com\\\/winkel\"},{\"@type\":\"ListItem\",\"position\":3,\"name\":\"ZooLac ProPaste | 32 ml\"}]},{\"@type\":\"WebSite\",\"@id\":\"http:\\\/\\\/www.pharmacy4pets.nl\\\/#website\",\"url\":\"http:\\\/\\\/www.pharmacy4pets.nl\\\/\",\"name\":\"Pharmacy4pets\",\"description\":\"Pharmacy4pets.nl is d\u00e9 online apotheek waar u terecht kunt voor alle diergeneesmiddelen, verzorgingsproducten en dieetvoeding voor uw huisdier.\",\"publisher\":{\"@id\":\"http:\\\/\\\/www.pharmacy4pets.nl\\\/#organization\"},\"potentialAction\":[{\"@type\":\"SearchAction\",\"target\":{\"@type\":\"EntryPoint\",\"urlTemplate\":\"http:\\\/\\\/www.pharmacy4pets.nl\\\/?s={search_term_string}\"},\"query-input\":{\"@type\":\"PropertyValueSpecification\",\"valueRequired\":true,\"valueName\":\"search_term_string\"}}],\"inLanguage\":\"nl-NL\"},{\"@type\":\"Organization\",\"@id\":\"http:\\\/\\\/www.pharmacy4pets.nl\\\/#organization\",\"name\":\"Pharmacy4pets\",\"url\":\"http:\\\/\\\/www.pharmacy4pets.nl\\\/\",\"logo\":{\"@type\":\"ImageObject\",\"inLanguage\":\"nl-NL\",\"@id\":\"http:\\\/\\\/www.pharmacy4pets.nl\\\/#\\\/schema\\\/logo\\\/image\\\/\",\"url\":\"https:\\\/\\\/p4p-nl.bootmine.com\\\/wp-content\\\/uploads\\\/2026\\\/03\\\/logo-pharmacy4pets.png\",\"contentUrl\":\"https:\\\/\\\/p4p-nl.bootmine.com\\\/wp-content\\\/uploads\\\/2026\\\/03\\\/logo-pharmacy4pets.png\",\"width\":1024,\"height\":135,\"caption\":\"Pharmacy4pets\"},\"image\":{\"@id\":\"http:\\\/\\\/www.pharmacy4pets.nl\\\/#\\\/schema\\\/logo\\\/image\\\/\"},\"sameAs\":[\"https:\\\/\\\/www.facebook.com\\\/people\\\/Pharmacy4petsnl\\\/100063484989896\\\/\",\"https:\\\/\\\/www.youtube.com\\\/channel\\\/UCGPTIgucgli03tP2_kvLkHg\\\/featured\",\"https:\\\/\\\/www.instagram.com\\\/pharmacy4pets.nl\"]}]}<\/script>\n<!-- \/ Yoast SEO plugin. -->","yoast_head_json":{"title":"ZooLac ProPaste","robots":{"index":"index","follow":"follow","max-snippet":"max-snippet:-1","max-image-preview":"max-image-preview:large","max-video-preview":"max-video-preview:-1"},"canonical":"https:\/\/www.pharmacy4pets.nl\/be\/zoolac-propaste","og_locale":"nl_NL","og_type":"article","og_title":"ZooLac ProPaste","og_description":"ZooLac ProPaste ZooLac ProPaste is een voedingssupplement voor honden en katten met een hoge concentratie probiotica voor een betere spijsvertering en evenwicht in de bacteri\u00eble darmflora. ZooLac bestaat uit: vet (geraffineerd plantaardig: koolzaad) 75%, dextrose 10%, vinasse 8%, lecithine 3% en toevoegingsmiddelen. De spuit vooraf instellen op de benodigde hoeveelheid en vervolgens de pasta op [&hellip;]","og_url":"https:\/\/www.pharmacy4pets.nl\/be\/zoolac-propaste","og_site_name":"Pharmacy4pets","article_publisher":"https:\/\/www.facebook.com\/people\/Pharmacy4petsnl\/100063484989896\/","article_modified_time":"2026-04-14T08:05:33+00:00","og_image":[{"width":1000,"height":1000,"url":"https:\/\/www.pharmacy4pets.nl\/wp-content\/uploads\/2023\/12\/ZooLac.jpg","type":"image\/jpeg"}],"twitter_card":"summary_large_image","twitter_misc":{"Geschatte leestijd":"1 minuut"},"schema":{"@context":"https:\/\/schema.org","@graph":[{"@type":"WebPage","@id":"https:\/\/www.pharmacy4pets.nl\/be\/zoolac-propaste","url":"https:\/\/www.pharmacy4pets.nl\/be\/zoolac-propaste","name":"ZooLac ProPaste","isPartOf":{"@id":"http:\/\/www.pharmacy4pets.nl\/#website"},"primaryImageOfPage":{"@id":"https:\/\/www.pharmacy4pets.nl\/be\/zoolac-propaste#primaryimage"},"image":{"@id":"https:\/\/www.pharmacy4pets.nl\/be\/zoolac-propaste#primaryimage"},"thumbnailUrl":"https:\/\/www.pharmacy4pets.nl\/wp-content\/uploads\/2023\/12\/ZooLac.jpg","datePublished":"2023-12-19T15:01:32+00:00","dateModified":"2026-04-14T08:05:33+00:00","breadcrumb":{"@id":"https:\/\/www.pharmacy4pets.nl\/be\/zoolac-propaste#breadcrumb"},"inLanguage":"nl-NL","potentialAction":[{"@type":"ReadAction","target":["https:\/\/www.pharmacy4pets.nl\/be\/zoolac-propaste"]}]},{"@type":"ImageObject","inLanguage":"nl-NL","@id":"https:\/\/www.pharmacy4pets.nl\/be\/zoolac-propaste#primaryimage","url":"https:\/\/www.pharmacy4pets.nl\/wp-content\/uploads\/2023\/12\/ZooLac.jpg","contentUrl":"https:\/\/www.pharmacy4pets.nl\/wp-content\/uploads\/2023\/12\/ZooLac.jpg","width":1000,"height":1000,"caption":"ZooLac ProPaste"},{"@type":"BreadcrumbList","@id":"https:\/\/www.pharmacy4pets.nl\/be\/zoolac-propaste#breadcrumb","itemListElement":[{"@type":"ListItem","position":1,"name":"Home","item":"https:\/\/p4p-nl.bootmine.com\/"},{"@type":"ListItem","position":2,"name":"Winkel","item":"https:\/\/p4p-nl.bootmine.com\/winkel"},{"@type":"ListItem","position":3,"name":"ZooLac ProPaste | 32 ml"}]},{"@type":"WebSite","@id":"http:\/\/www.pharmacy4pets.nl\/#website","url":"http:\/\/www.pharmacy4pets.nl\/","name":"Pharmacy4pets","description":"Pharmacy4pets.nl is d\u00e9 online apotheek waar u terecht kunt voor alle diergeneesmiddelen, verzorgingsproducten en dieetvoeding voor uw huisdier.","publisher":{"@id":"http:\/\/www.pharmacy4pets.nl\/#organization"},"potentialAction":[{"@type":"SearchAction","target":{"@type":"EntryPoint","urlTemplate":"http:\/\/www.pharmacy4pets.nl\/?s={search_term_string}"},"query-input":{"@type":"PropertyValueSpecification","valueRequired":true,"valueName":"search_term_string"}}],"inLanguage":"nl-NL"},{"@type":"Organization","@id":"http:\/\/www.pharmacy4pets.nl\/#organization","name":"Pharmacy4pets","url":"http:\/\/www.pharmacy4pets.nl\/","logo":{"@type":"ImageObject","inLanguage":"nl-NL","@id":"http:\/\/www.pharmacy4pets.nl\/#\/schema\/logo\/image\/","url":"https:\/\/p4p-nl.bootmine.com\/wp-content\/uploads\/2026\/03\/logo-pharmacy4pets.png","contentUrl":"https:\/\/p4p-nl.bootmine.com\/wp-content\/uploads\/2026\/03\/logo-pharmacy4pets.png","width":1024,"height":135,"caption":"Pharmacy4pets"},"image":{"@id":"http:\/\/www.pharmacy4pets.nl\/#\/schema\/logo\/image\/"},"sameAs":["https:\/\/www.facebook.com\/people\/Pharmacy4petsnl\/100063484989896\/","https:\/\/www.youtube.com\/channel\/UCGPTIgucgli03tP2_kvLkHg\/featured","https:\/\/www.instagram.com\/pharmacy4pets.nl"]}]}},"market_data":{"nl":{"price":0,"sale_price":0,"active":false,"url":null,"parent_url":"","tax_rate":0,"price_inc_tax":0,"sale_price_inc_tax":0},"de":{"price":0,"sale_price":0,"active":false,"url":null,"parent_url":"","tax_rate":0,"price_inc_tax":0,"sale_price_inc_tax":0},"be":{"price":0,"sale_price":0,"active":false,"url":null,"parent_url":"","tax_rate":0,"price_inc_tax":0,"sale_price_inc_tax":0},"fr":{"price":0,"sale_price":0,"active":false,"url":null,"parent_url":"","tax_rate":0,"price_inc_tax":0,"sale_price_inc_tax":0},"ch":{"price":0,"sale_price":0,"active":false,"url":null,"parent_url":"","tax_rate":0,"price_inc_tax":0,"sale_price_inc_tax":0},"at":{"price":0,"sale_price":0,"active":false,"url":null,"parent_url":"","tax_rate":0,"price_inc_tax":0,"sale_price_inc_tax":0},"es":{"price":0,"sale_price":0,"active":false,"url":null,"parent_url":"","tax_rate":0,"price_inc_tax":0,"sale_price_inc_tax":0},"dk":{"price":0,"sale_price":0,"active":false,"url":null,"parent_url":"","tax_rate":0,"price_inc_tax":0,"sale_price_inc_tax":0},"com":{"price":0,"sale_price":0,"active":false,"url":null,"parent_url":"","tax_rate":0,"price_inc_tax":0,"sale_price_inc_tax":0}},"market_nl_price":0,"market_nl_sale_price":0,"market_nl_active":false,"market_nl_url":null,"market_nl_parent_url":"","market_nl_tax_rate":0,"market_nl_price_inc_tax":0,"market_nl_sale_price_inc_tax":0,"market_de_price":0,"market_de_sale_price":0,"market_de_active":false,"market_de_url":null,"market_de_parent_url":"","market_de_tax_rate":0,"market_de_price_inc_tax":0,"market_de_sale_price_inc_tax":0,"market_be_price":0,"market_be_sale_price":0,"market_be_active":false,"market_be_url":null,"market_be_parent_url":"","market_be_tax_rate":0,"market_be_price_inc_tax":0,"market_be_sale_price_inc_tax":0,"market_fr_price":0,"market_fr_sale_price":0,"market_fr_active":false,"market_fr_url":null,"market_fr_parent_url":"","market_fr_tax_rate":0,"market_fr_price_inc_tax":0,"market_fr_sale_price_inc_tax":0,"market_ch_price":0,"market_ch_sale_price":0,"market_ch_active":false,"market_ch_url":null,"market_ch_parent_url":"","market_ch_tax_rate":0,"market_ch_price_inc_tax":0,"market_ch_sale_price_inc_tax":0,"market_at_price":0,"market_at_sale_price":0,"market_at_active":false,"market_at_url":null,"market_at_parent_url":"","market_at_tax_rate":0,"market_at_price_inc_tax":0,"market_at_sale_price_inc_tax":0,"market_es_price":0,"market_es_sale_price":0,"market_es_active":false,"market_es_url":null,"market_es_parent_url":"","market_es_tax_rate":0,"market_es_price_inc_tax":0,"market_es_sale_price_inc_tax":0,"market_dk_price":0,"market_dk_sale_price":0,"market_dk_active":false,"market_dk_url":null,"market_dk_parent_url":"","market_dk_tax_rate":0,"market_dk_price_inc_tax":0,"market_dk_sale_price_inc_tax":0,"market_com_price":0,"market_com_sale_price":0,"market_com_active":false,"market_com_url":null,"market_com_parent_url":"","market_com_tax_rate":0,"market_com_price_inc_tax":0,"market_com_sale_price_inc_tax":0,"acf":[],"_links":{"self":[{"href":"https:\/\/www.pharmacy4pets.nl\/be\/wp-json\/wp\/v2\/product\/120433","targetHints":{"allow":["GET"]}}],"collection":[{"href":"https:\/\/www.pharmacy4pets.nl\/be\/wp-json\/wp\/v2\/product"}],"about":[{"href":"https:\/\/www.pharmacy4pets.nl\/be\/wp-json\/wp\/v2\/types\/product"}],"replies":[{"embeddable":true,"href":"https:\/\/www.pharmacy4pets.nl\/be\/wp-json\/wp\/v2\/comments?post=120433"}],"wp:featuredmedia":[{"embeddable":true,"href":"https:\/\/www.pharmacy4pets.nl\/be\/wp-json\/wp\/v2\/media\/120432"}],"wp:attachment":[{"href":"https:\/\/www.pharmacy4pets.nl\/be\/wp-json\/wp\/v2\/media?parent=120433"}],"wp:term":[{"taxonomy":"product_brand","embeddable":true,"href":"https:\/\/www.pharmacy4pets.nl\/be\/wp-json\/wp\/v2\/product_brand?post=120433"},{"taxonomy":"product_cat","embeddable":true,"href":"https:\/\/www.pharmacy4pets.nl\/be\/wp-json\/wp\/v2\/product_cat?post=120433"},{"taxonomy":"product_tag","embeddable":true,"href":"https:\/\/www.pharmacy4pets.nl\/be\/wp-json\/wp\/v2\/product_tag?post=120433"}],"curies":[{"name":"wp","href":"https:\/\/api.w.org\/{rel}","templated":true}]}}