{"id":120431,"date":"2023-12-19T14:23:42","date_gmt":"2023-12-19T14:23:42","guid":{"rendered":"https:\/\/p4p.test\/fendiresp"},"modified":"2026-04-14T08:05:33","modified_gmt":"2026-04-14T08:05:33","slug":"fendiresp","status":"publish","type":"product","link":"https:\/\/www.pharmacy4pets.nl\/be\/fendiresp","title":{"rendered":"Fendiresp | 100 ml"},"content":{"rendered":"<p>Fendiresp is een aanvullend diervoeder voor honden en katten, verzachtend en ondersteunend voor de luchtwegen. Dit voedingssupplement heeft als basis botanische kruiden waaronder IJslands mos, Ifte extract, Heemst tinctuur en Zoethout. IJslands mos heeft een verzachtende, helende en hoeststillende werking. Glycyrrhizinezuur, aanwezig in zoethout, zorgt voor een zoete smaak. Waterkers is een natuurlijke bron van vitamine C en zwavelhoudende stoffen.<\/p>\n<p>Fendiresp kan samen met de voeding of rechtstreeks in de mond worden toegediend. De aanbevolen toedieningsduur is 10 dagen.<\/p>\n<p>Aanbevolen hoeveelheid obv lichaamsgewicht:<\/p>\n<p>Hond 0-10 kg = 2x per dag 2 ml<br \/>Hond &gt;10-20 kg = 2x per dag 3 ml<br \/>Hond 20 kg+ = 2x per dag 4 ml<br \/>Kat = 2x per dag 2 ml<\/p>\n","protected":false},"excerpt":{"rendered":"<p>Fendiresp is een aanvullend diervoeder voor honden en katten, verzachtend en ondersteunend voor de luchtwegen. Dit voedingssupplement heeft als basis botanische kruiden waaronder IJslands mos, Ifte extract, Heemst tinctuur en Zoethout. IJslands mos heeft een verzachtende, helende en hoeststillende werking. Glycyrrhizinezuur, aanwezig in zoethout, zorgt voor een zoete smaak. Waterkers is een natuurlijke bron van [&hellip;]<\/p>\n","protected":false},"featured_media":120430,"comment_status":"open","ping_status":"closed","template":"","meta":{"_acf_changed":false,"_nl_post_content":"<p>Fendiresp is een aanvullend diervoeder voor honden en katten, verzachtend en ondersteunend voor de luchtwegen. Dit voedingssupplement heeft als basis botanische kruiden waaronder IJslands mos, Ifte extract, Heemst tinctuur en Zoethout. IJslands mos heeft een verzachtende, helende en hoeststillende werking. Glycyrrhizinezuur, aanwezig in zoethout, zorgt voor een zoete smaak. Waterkers is een natuurlijke bron van vitamine C en zwavelhoudende stoffen.<\/p>\n<p>Fendiresp kan samen met de voeding of rechtstreeks in de mond worden toegediend. De aanbevolen toedieningsduur is 10 dagen.<\/p>\n<p>Aanbevolen hoeveelheid obv lichaamsgewicht:<\/p>\n<p>Hond 0-10 kg = 2x per dag 2 ml<br \/>Hond &gt;10-20 kg = 2x per dag 3 ml<br \/>Hond 20 kg+ = 2x per dag 4 ml<br \/>Kat = 2x per dag 2 ml<\/p>","_nl_post_name":"fendiresp","_nl_post_excerpt":"","_nl_post_title":"Fendiresp | 100 ml","_en_post_content":"<p>Fendiresp is a complementary pet food for dogs and cats, soothing and supporting the respiratory tract. This dietary supplement has botanical herbs including Icelandic moss, Ifte extract, Holly tincture and Liquorice as its base. Iceland moss has soothing, healing and cough-relieving effects. Glycyrrhizic acid, present in liquorice, provides a sweet taste. Watercress is a natural source of vitamin C and sulphurous substances.<\/p>\n<p>Fendiresp can be administered with food or directly into the mouth. The recommended duration of administration is 10 days.<\/p>\n<p>Recommended quantity obv body weight:<\/p>\n<p>Dog 0-10 kg = 2x per day 2 ml<br \/>Dog &gt;10-20 kg = 3 ml twice a day<br \/>Dog 20 kg+ = 4 ml twice a day<br \/>Cat = 2 ml twice a day<\/p>","_en_post_name":"fendiresp","_en_post_excerpt":"","_en_post_title":"Fendiresp | 100 ml","_de_post_content":"<p>Fendiresp ist ein Erg\u00e4nzungsfuttermittel f\u00fcr Hunde und Katzen zur Beruhigung und Unterst\u00fctzung der Atemwege. Dieses Nahrungserg\u00e4nzungsmittel enth\u00e4lt pflanzliche Kr\u00e4uter wie Isl\u00e4ndisch Moos, Ifte-Extrakt, Stechpalmen-Tinktur und Lakritze als Basis. Isl\u00e4ndisch Moos hat eine beruhigende, heilende und hustenlindernde Wirkung. Die in Lakritze enthaltene Glycyrrhizins\u00e4ure sorgt f\u00fcr einen s\u00fc\u00dfen Geschmack. Brunnenkresse ist eine nat\u00fcrliche Quelle von Vitamin C und schwefelhaltigen Substanzen.<\/p>\n<p>Fendiresp kann mit der Nahrung oder direkt in den Mund verabreicht werden. Die empfohlene Dauer der Verabreichung betr\u00e4gt 10 Tage.<\/p>\n<p>Empfohlene Menge je nach K\u00f6rpergewicht:<\/p>\n<p>Hund 0-10 kg = 2x pro Tag 2 ml<br \/>Hund &gt;10-20 kg = 3 ml zweimal t\u00e4glich<br \/>Hund 20 kg+ = 4 ml zweimal pro Tag<br \/>Katze = 2 ml zweimal t\u00e4glich<\/p>","_de_post_name":"fendiresp","_de_post_excerpt":"","_de_post_title":"Fendiresp | 100 ml","_fr_post_content":"<p>Fendiresp est un aliment compl\u00e9mentaire pour chiens et chats, qui apaise et soutient les voies respiratoires. Ce compl\u00e9ment alimentaire est \u00e0 base d'herbes botaniques dont la mousse d'Islande, l'extrait d'Ifte, la teinture de Houx et la R\u00e9glisse. La mousse d'Islande a des effets apaisants, cicatrisants et antitussifs. L'acide glycyrrhizique, pr\u00e9sent dans la r\u00e9glisse, lui conf\u00e8re un go\u00fbt sucr\u00e9. Le cresson de fontaine est une source naturelle de vitamine C et de substances sulfureuses.<\/p>\n<p>Fendiresp peut \u00eatre administr\u00e9 avec de la nourriture ou directement dans la bouche. La dur\u00e9e d'administration recommand\u00e9e est de 10 jours.<\/p>\n<p>Quantit\u00e9 recommand\u00e9e en fonction du poids corporel :<\/p>\n<p>Chien 0-10 kg = 2 fois par jour 2 ml<br \/>Chien &gt;10-20 kg = 3 ml deux fois par jour<br \/>Chien 20 kg+ = 4 ml deux fois par jour<br \/>Chat = 2 ml deux fois par jour<\/p>","_fr_post_name":"fendiresp","_fr_post_excerpt":"","_fr_post_title":"Fendiresp | 100 ml","_es_post_content":"<p>Fendiresp es un alimento complementario para perros y gatos que alivia y favorece las v\u00edas respiratorias. Este suplemento diet\u00e9tico tiene como base hierbas bot\u00e1nicas como el musgo de Islandia, extracto de Ifte, tintura de acebo y regaliz. El musgo de Islandia tiene efectos calmantes, cicatrizantes y antitus\u00edgenos. El \u00e1cido glicirr\u00edcico, presente en el regaliz, proporciona un sabor dulce. El berro es una fuente natural de vitamina C y sustancias sulfurosas.<\/p>\n<p>Fendiresp puede administrarse con la comida o directamente en la boca. La duraci\u00f3n de administraci\u00f3n recomendada es de 10 d\u00edas.<\/p>\n<p>Cantidad recomendada en funci\u00f3n del peso corporal:<\/p>\n<p>Perro 0-10 kg = 2 veces al d\u00eda 2 ml<br \/>Perro &gt;10-20 kg = 3 ml dos veces al d\u00eda<br \/>Perro 20 kg+ = 4 ml dos veces al d\u00eda<br \/>Gato = 2 ml dos veces al d\u00eda<\/p>","_es_post_name":"fendiresp","_es_post_excerpt":"","_es_post_title":"Fendiresp | 100 ml","edit_language":"nl"},"product_brand":[],"product_cat":[2165,1117,1118,1878,1847,1871,1839,1857],"product_tag":[],"class_list":{"0":"post-120431","1":"product","2":"type-product","3":"status-publish","4":"has-post-thumbnail","6":"product_cat-fendiresp","7":"product_cat-honden","8":"product_cat-katten","9":"product_cat-longen-luchtwegen","11":"product_cat-medicijnen-supplementen","13":"product_cat-merken","14":"pa_aandoening-overig","15":"pa_doeldier-hond","16":"pa_doeldier-kat","17":"pa_fabricatieland-nederland","18":"pa_merkfilter-fendiresp","19":"pa_merkgroep-fendigo","20":"pa_productsoort-voedingssupplement","21":"pa_toedieningswijze-siroop","22":"pa_unit_pricing_base_measure-10ml","23":"pa_unit_pricing_measure-100ml","24":"pa_werkzamestof-overig","26":"first","27":"instock","28":"taxable","29":"shipping-taxable","30":"purchasable","31":"product-type-simple"},"yoast_head":"<!-- This site is optimized with the Yoast SEO plugin v27.5 - https:\/\/yoast.com\/product\/yoast-seo-wordpress\/ -->\n<title>Fendiresp | 100 ml - Pharmacy4pets<\/title>\n<meta name=\"robots\" content=\"index, follow, max-snippet:-1, max-image-preview:large, max-video-preview:-1\" \/>\n<link rel=\"canonical\" href=\"https:\/\/p4p-nl.bootmine.com\/fendiresp\" \/>\n<meta property=\"og:locale\" content=\"nl_NL\" \/>\n<meta property=\"og:type\" content=\"article\" \/>\n<meta property=\"og:title\" content=\"Fendiresp | 100 ml - Pharmacy4pets\" \/>\n<meta property=\"og:description\" content=\"Fendiresp is een aanvullend diervoeder voor honden en katten, verzachtend en ondersteunend voor de luchtwegen. Dit voedingssupplement heeft als basis botanische kruiden waaronder IJslands mos, Ifte extract, Heemst tinctuur en Zoethout. IJslands mos heeft een verzachtende, helende en hoeststillende werking. Glycyrrhizinezuur, aanwezig in zoethout, zorgt voor een zoete smaak. Waterkers is een natuurlijke bron van [&hellip;]\" \/>\n<meta property=\"og:url\" content=\"https:\/\/p4p-nl.bootmine.com\/fendiresp\" \/>\n<meta property=\"og:site_name\" content=\"Pharmacy4pets\" \/>\n<meta property=\"article:publisher\" content=\"https:\/\/www.facebook.com\/people\/Pharmacy4petsnl\/100063484989896\/\" \/>\n<meta property=\"article:modified_time\" content=\"2026-04-14T08:05:33+00:00\" \/>\n<meta property=\"og:image\" content=\"https:\/\/p4p-nl.bootmine.com\/wp-content\/uploads\/2023\/12\/Fendiresp.jpg\" \/>\n\t<meta property=\"og:image:width\" content=\"500\" \/>\n\t<meta property=\"og:image:height\" content=\"500\" \/>\n\t<meta property=\"og:image:type\" content=\"image\/jpeg\" \/>\n<meta name=\"twitter:card\" content=\"summary_large_image\" \/>\n<meta name=\"twitter:label1\" content=\"Geschatte leestijd\" \/>\n\t<meta name=\"twitter:data1\" content=\"1 minuut\" \/>\n<script type=\"application\/ld+json\" class=\"yoast-schema-graph\">{\"@context\":\"https:\\\/\\\/schema.org\",\"@graph\":[{\"@type\":\"WebPage\",\"@id\":\"https:\\\/\\\/p4p-nl.bootmine.com\\\/fendiresp\",\"url\":\"https:\\\/\\\/p4p-nl.bootmine.com\\\/fendiresp\",\"name\":\"Fendiresp | 100 ml - Pharmacy4pets\",\"isPartOf\":{\"@id\":\"http:\\\/\\\/www.pharmacy4pets.nl\\\/#website\"},\"primaryImageOfPage\":{\"@id\":\"https:\\\/\\\/p4p-nl.bootmine.com\\\/fendiresp#primaryimage\"},\"image\":{\"@id\":\"https:\\\/\\\/p4p-nl.bootmine.com\\\/fendiresp#primaryimage\"},\"thumbnailUrl\":\"https:\\\/\\\/www.pharmacy4pets.nl\\\/wp-content\\\/uploads\\\/2023\\\/12\\\/Fendiresp.jpg\",\"datePublished\":\"2023-12-19T14:23:42+00:00\",\"dateModified\":\"2026-04-14T08:05:33+00:00\",\"breadcrumb\":{\"@id\":\"https:\\\/\\\/p4p-nl.bootmine.com\\\/fendiresp#breadcrumb\"},\"inLanguage\":\"nl-NL\",\"potentialAction\":[{\"@type\":\"ReadAction\",\"target\":[\"https:\\\/\\\/p4p-nl.bootmine.com\\\/fendiresp\"]}]},{\"@type\":\"ImageObject\",\"inLanguage\":\"nl-NL\",\"@id\":\"https:\\\/\\\/p4p-nl.bootmine.com\\\/fendiresp#primaryimage\",\"url\":\"https:\\\/\\\/www.pharmacy4pets.nl\\\/wp-content\\\/uploads\\\/2023\\\/12\\\/Fendiresp.jpg\",\"contentUrl\":\"https:\\\/\\\/www.pharmacy4pets.nl\\\/wp-content\\\/uploads\\\/2023\\\/12\\\/Fendiresp.jpg\",\"width\":500,\"height\":500,\"caption\":\"Fendiresp | 100 ml-0\"},{\"@type\":\"BreadcrumbList\",\"@id\":\"https:\\\/\\\/p4p-nl.bootmine.com\\\/fendiresp#breadcrumb\",\"itemListElement\":[{\"@type\":\"ListItem\",\"position\":1,\"name\":\"Home\",\"item\":\"https:\\\/\\\/p4p-nl.bootmine.com\\\/\"},{\"@type\":\"ListItem\",\"position\":2,\"name\":\"Winkel\",\"item\":\"https:\\\/\\\/p4p-nl.bootmine.com\\\/winkel\"},{\"@type\":\"ListItem\",\"position\":3,\"name\":\"Fendiresp | 100 ml\"}]},{\"@type\":\"WebSite\",\"@id\":\"http:\\\/\\\/www.pharmacy4pets.nl\\\/#website\",\"url\":\"http:\\\/\\\/www.pharmacy4pets.nl\\\/\",\"name\":\"Pharmacy4pets\",\"description\":\"Pharmacy4pets.nl is d\u00e9 online apotheek waar u terecht kunt voor alle diergeneesmiddelen, verzorgingsproducten en dieetvoeding voor uw huisdier.\",\"publisher\":{\"@id\":\"http:\\\/\\\/www.pharmacy4pets.nl\\\/#organization\"},\"potentialAction\":[{\"@type\":\"SearchAction\",\"target\":{\"@type\":\"EntryPoint\",\"urlTemplate\":\"http:\\\/\\\/www.pharmacy4pets.nl\\\/?s={search_term_string}\"},\"query-input\":{\"@type\":\"PropertyValueSpecification\",\"valueRequired\":true,\"valueName\":\"search_term_string\"}}],\"inLanguage\":\"nl-NL\"},{\"@type\":\"Organization\",\"@id\":\"http:\\\/\\\/www.pharmacy4pets.nl\\\/#organization\",\"name\":\"Pharmacy4pets\",\"url\":\"http:\\\/\\\/www.pharmacy4pets.nl\\\/\",\"logo\":{\"@type\":\"ImageObject\",\"inLanguage\":\"nl-NL\",\"@id\":\"http:\\\/\\\/www.pharmacy4pets.nl\\\/#\\\/schema\\\/logo\\\/image\\\/\",\"url\":\"https:\\\/\\\/p4p-nl.bootmine.com\\\/wp-content\\\/uploads\\\/2026\\\/03\\\/logo-pharmacy4pets.png\",\"contentUrl\":\"https:\\\/\\\/p4p-nl.bootmine.com\\\/wp-content\\\/uploads\\\/2026\\\/03\\\/logo-pharmacy4pets.png\",\"width\":1024,\"height\":135,\"caption\":\"Pharmacy4pets\"},\"image\":{\"@id\":\"http:\\\/\\\/www.pharmacy4pets.nl\\\/#\\\/schema\\\/logo\\\/image\\\/\"},\"sameAs\":[\"https:\\\/\\\/www.facebook.com\\\/people\\\/Pharmacy4petsnl\\\/100063484989896\\\/\",\"https:\\\/\\\/www.youtube.com\\\/channel\\\/UCGPTIgucgli03tP2_kvLkHg\\\/featured\",\"https:\\\/\\\/www.instagram.com\\\/pharmacy4pets.nl\"]}]}<\/script>\n<!-- \/ Yoast SEO plugin. -->","yoast_head_json":{"title":"Fendiresp | 100 ml - Pharmacy4pets","robots":{"index":"index","follow":"follow","max-snippet":"max-snippet:-1","max-image-preview":"max-image-preview:large","max-video-preview":"max-video-preview:-1"},"canonical":"https:\/\/p4p-nl.bootmine.com\/fendiresp","og_locale":"nl_NL","og_type":"article","og_title":"Fendiresp | 100 ml - Pharmacy4pets","og_description":"Fendiresp is een aanvullend diervoeder voor honden en katten, verzachtend en ondersteunend voor de luchtwegen. Dit voedingssupplement heeft als basis botanische kruiden waaronder IJslands mos, Ifte extract, Heemst tinctuur en Zoethout. IJslands mos heeft een verzachtende, helende en hoeststillende werking. Glycyrrhizinezuur, aanwezig in zoethout, zorgt voor een zoete smaak. Waterkers is een natuurlijke bron van [&hellip;]","og_url":"https:\/\/p4p-nl.bootmine.com\/fendiresp","og_site_name":"Pharmacy4pets","article_publisher":"https:\/\/www.facebook.com\/people\/Pharmacy4petsnl\/100063484989896\/","article_modified_time":"2026-04-14T08:05:33+00:00","og_image":[{"width":500,"height":500,"url":"https:\/\/p4p-nl.bootmine.com\/wp-content\/uploads\/2023\/12\/Fendiresp.jpg","type":"image\/jpeg"}],"twitter_card":"summary_large_image","twitter_misc":{"Geschatte leestijd":"1 minuut"},"schema":{"@context":"https:\/\/schema.org","@graph":[{"@type":"WebPage","@id":"https:\/\/p4p-nl.bootmine.com\/fendiresp","url":"https:\/\/p4p-nl.bootmine.com\/fendiresp","name":"Fendiresp | 100 ml - Pharmacy4pets","isPartOf":{"@id":"http:\/\/www.pharmacy4pets.nl\/#website"},"primaryImageOfPage":{"@id":"https:\/\/p4p-nl.bootmine.com\/fendiresp#primaryimage"},"image":{"@id":"https:\/\/p4p-nl.bootmine.com\/fendiresp#primaryimage"},"thumbnailUrl":"https:\/\/www.pharmacy4pets.nl\/wp-content\/uploads\/2023\/12\/Fendiresp.jpg","datePublished":"2023-12-19T14:23:42+00:00","dateModified":"2026-04-14T08:05:33+00:00","breadcrumb":{"@id":"https:\/\/p4p-nl.bootmine.com\/fendiresp#breadcrumb"},"inLanguage":"nl-NL","potentialAction":[{"@type":"ReadAction","target":["https:\/\/p4p-nl.bootmine.com\/fendiresp"]}]},{"@type":"ImageObject","inLanguage":"nl-NL","@id":"https:\/\/p4p-nl.bootmine.com\/fendiresp#primaryimage","url":"https:\/\/www.pharmacy4pets.nl\/wp-content\/uploads\/2023\/12\/Fendiresp.jpg","contentUrl":"https:\/\/www.pharmacy4pets.nl\/wp-content\/uploads\/2023\/12\/Fendiresp.jpg","width":500,"height":500,"caption":"Fendiresp | 100 ml-0"},{"@type":"BreadcrumbList","@id":"https:\/\/p4p-nl.bootmine.com\/fendiresp#breadcrumb","itemListElement":[{"@type":"ListItem","position":1,"name":"Home","item":"https:\/\/p4p-nl.bootmine.com\/"},{"@type":"ListItem","position":2,"name":"Winkel","item":"https:\/\/p4p-nl.bootmine.com\/winkel"},{"@type":"ListItem","position":3,"name":"Fendiresp | 100 ml"}]},{"@type":"WebSite","@id":"http:\/\/www.pharmacy4pets.nl\/#website","url":"http:\/\/www.pharmacy4pets.nl\/","name":"Pharmacy4pets","description":"Pharmacy4pets.nl is d\u00e9 online apotheek waar u terecht kunt voor alle diergeneesmiddelen, verzorgingsproducten en dieetvoeding voor uw huisdier.","publisher":{"@id":"http:\/\/www.pharmacy4pets.nl\/#organization"},"potentialAction":[{"@type":"SearchAction","target":{"@type":"EntryPoint","urlTemplate":"http:\/\/www.pharmacy4pets.nl\/?s={search_term_string}"},"query-input":{"@type":"PropertyValueSpecification","valueRequired":true,"valueName":"search_term_string"}}],"inLanguage":"nl-NL"},{"@type":"Organization","@id":"http:\/\/www.pharmacy4pets.nl\/#organization","name":"Pharmacy4pets","url":"http:\/\/www.pharmacy4pets.nl\/","logo":{"@type":"ImageObject","inLanguage":"nl-NL","@id":"http:\/\/www.pharmacy4pets.nl\/#\/schema\/logo\/image\/","url":"https:\/\/p4p-nl.bootmine.com\/wp-content\/uploads\/2026\/03\/logo-pharmacy4pets.png","contentUrl":"https:\/\/p4p-nl.bootmine.com\/wp-content\/uploads\/2026\/03\/logo-pharmacy4pets.png","width":1024,"height":135,"caption":"Pharmacy4pets"},"image":{"@id":"http:\/\/www.pharmacy4pets.nl\/#\/schema\/logo\/image\/"},"sameAs":["https:\/\/www.facebook.com\/people\/Pharmacy4petsnl\/100063484989896\/","https:\/\/www.youtube.com\/channel\/UCGPTIgucgli03tP2_kvLkHg\/featured","https:\/\/www.instagram.com\/pharmacy4pets.nl"]}]}},"market_data":{"nl":{"price":0,"sale_price":0,"active":false,"url":null,"parent_url":"","tax_rate":0,"price_inc_tax":0,"sale_price_inc_tax":0},"de":{"price":0,"sale_price":0,"active":false,"url":null,"parent_url":"","tax_rate":0,"price_inc_tax":0,"sale_price_inc_tax":0},"be":{"price":0,"sale_price":0,"active":false,"url":null,"parent_url":"","tax_rate":0,"price_inc_tax":0,"sale_price_inc_tax":0},"fr":{"price":0,"sale_price":0,"active":false,"url":null,"parent_url":"","tax_rate":0,"price_inc_tax":0,"sale_price_inc_tax":0},"ch":{"price":0,"sale_price":0,"active":false,"url":null,"parent_url":"","tax_rate":0,"price_inc_tax":0,"sale_price_inc_tax":0},"at":{"price":0,"sale_price":0,"active":false,"url":null,"parent_url":"","tax_rate":0,"price_inc_tax":0,"sale_price_inc_tax":0},"es":{"price":0,"sale_price":0,"active":false,"url":null,"parent_url":"","tax_rate":0,"price_inc_tax":0,"sale_price_inc_tax":0},"dk":{"price":0,"sale_price":0,"active":false,"url":null,"parent_url":"","tax_rate":0,"price_inc_tax":0,"sale_price_inc_tax":0},"com":{"price":0,"sale_price":0,"active":false,"url":null,"parent_url":"","tax_rate":0,"price_inc_tax":0,"sale_price_inc_tax":0}},"market_nl_price":0,"market_nl_sale_price":0,"market_nl_active":false,"market_nl_url":null,"market_nl_parent_url":"","market_nl_tax_rate":0,"market_nl_price_inc_tax":0,"market_nl_sale_price_inc_tax":0,"market_de_price":0,"market_de_sale_price":0,"market_de_active":false,"market_de_url":null,"market_de_parent_url":"","market_de_tax_rate":0,"market_de_price_inc_tax":0,"market_de_sale_price_inc_tax":0,"market_be_price":0,"market_be_sale_price":0,"market_be_active":false,"market_be_url":null,"market_be_parent_url":"","market_be_tax_rate":0,"market_be_price_inc_tax":0,"market_be_sale_price_inc_tax":0,"market_fr_price":0,"market_fr_sale_price":0,"market_fr_active":false,"market_fr_url":null,"market_fr_parent_url":"","market_fr_tax_rate":0,"market_fr_price_inc_tax":0,"market_fr_sale_price_inc_tax":0,"market_ch_price":0,"market_ch_sale_price":0,"market_ch_active":false,"market_ch_url":null,"market_ch_parent_url":"","market_ch_tax_rate":0,"market_ch_price_inc_tax":0,"market_ch_sale_price_inc_tax":0,"market_at_price":0,"market_at_sale_price":0,"market_at_active":false,"market_at_url":null,"market_at_parent_url":"","market_at_tax_rate":0,"market_at_price_inc_tax":0,"market_at_sale_price_inc_tax":0,"market_es_price":0,"market_es_sale_price":0,"market_es_active":false,"market_es_url":null,"market_es_parent_url":"","market_es_tax_rate":0,"market_es_price_inc_tax":0,"market_es_sale_price_inc_tax":0,"market_dk_price":0,"market_dk_sale_price":0,"market_dk_active":false,"market_dk_url":null,"market_dk_parent_url":"","market_dk_tax_rate":0,"market_dk_price_inc_tax":0,"market_dk_sale_price_inc_tax":0,"market_com_price":0,"market_com_sale_price":0,"market_com_active":false,"market_com_url":null,"market_com_parent_url":"","market_com_tax_rate":0,"market_com_price_inc_tax":0,"market_com_sale_price_inc_tax":0,"acf":[],"_links":{"self":[{"href":"https:\/\/www.pharmacy4pets.nl\/be\/wp-json\/wp\/v2\/product\/120431","targetHints":{"allow":["GET"]}}],"collection":[{"href":"https:\/\/www.pharmacy4pets.nl\/be\/wp-json\/wp\/v2\/product"}],"about":[{"href":"https:\/\/www.pharmacy4pets.nl\/be\/wp-json\/wp\/v2\/types\/product"}],"replies":[{"embeddable":true,"href":"https:\/\/www.pharmacy4pets.nl\/be\/wp-json\/wp\/v2\/comments?post=120431"}],"wp:featuredmedia":[{"embeddable":true,"href":"https:\/\/www.pharmacy4pets.nl\/be\/wp-json\/wp\/v2\/media\/120430"}],"wp:attachment":[{"href":"https:\/\/www.pharmacy4pets.nl\/be\/wp-json\/wp\/v2\/media?parent=120431"}],"wp:term":[{"taxonomy":"product_brand","embeddable":true,"href":"https:\/\/www.pharmacy4pets.nl\/be\/wp-json\/wp\/v2\/product_brand?post=120431"},{"taxonomy":"product_cat","embeddable":true,"href":"https:\/\/www.pharmacy4pets.nl\/be\/wp-json\/wp\/v2\/product_cat?post=120431"},{"taxonomy":"product_tag","embeddable":true,"href":"https:\/\/www.pharmacy4pets.nl\/be\/wp-json\/wp\/v2\/product_tag?post=120431"}],"curies":[{"name":"wp","href":"https:\/\/api.w.org\/{rel}","templated":true}]}}